{"id":5840,"date":"2025-09-27T14:54:20","date_gmt":"2025-09-27T14:54:20","guid":{"rendered":"https:\/\/rentahacker.io\/?page_id=5840"},"modified":"2025-09-27T15:03:46","modified_gmt":"2025-09-27T15:03:46","slug":"hyra-sociala-mediekonto-hacker","status":"publish","type":"page","link":"https:\/\/rentahacker.io\/sv\/hyra-sociala-mediekonto-hacker\/","title":{"rendered":"Hyr Social Media Hacker"},"content":{"rendered":"<div data-elementor-type=\"wp-page\" data-elementor-id=\"5840\" class=\"elementor elementor-5840\">\n\t\t\t\t\t\t<section class=\"elementor-section elementor-top-section elementor-element elementor-element-21ed0537 elementor-section-boxed elementor-section-height-default elementor-section-height-default default-style\" data-id=\"21ed0537\" data-element_type=\"section\" data-settings=\"{&quot;rt_color_sets&quot;:&quot;default-style&quot;}\">\n\t\t\t\t\t\t<div class=\"elementor-container elementor-column-gap-default\">\n\t\t\t\t\t<div class=\"elementor-column elementor-col-100 elementor-top-column elementor-element elementor-element-320524c5\" data-id=\"320524c5\" data-element_type=\"column\">\n\t\t\t<div class=\"elementor-widget-wrap elementor-element-populated\">\n\t\t\t\t\t\t<div class=\"elementor-element elementor-element-15f4f884 elementor-widget elementor-widget-text-editor\" data-id=\"15f4f884\" data-element_type=\"widget\" data-widget_type=\"text-editor.default\">\n\t\t\t\t<div class=\"elementor-widget-container\">\n\t\t\t\t\t\t\t\t\t<h2>Rent Social Media Account Hacker<\/h2>\n<p>Kan du f\u00f6rest\u00e4lla dig vilken kraft det skulle inneb\u00e4ra att f\u00e5 tillg\u00e5ng till n\u00e5gons konton p\u00e5 sociala medier? T\u00e4nk om du kunde h\u00e4mta v\u00e4rdefull information, avsl\u00f6ja dolda hemligheter eller till och med skydda dig mot potentiella hot? I dagens digitala tids\u00e5lder, d\u00e4r sociala medier spelar en avg\u00f6rande roll i v\u00e5ra liv, \u00e4r det viktigt att inse betydelsen av att skydda v\u00e5r online-n\u00e4rvaro. S\u00e5 har du n\u00e5gonsin undrat om det finns ett s\u00e4tt att anst\u00e4lla en hacker f\u00f6r hackning av sociala medier? Tja, du \u00e4r p\u00e5 v\u00e4g att ta reda p\u00e5 det! Hyr en social media konto hacker.<\/p>\n<div>\n<div data-id=\"97ea71a\" data-element_type=\"widget\" data-widget_type=\"text-editor.default\">\n<p>Anlita ett proffs <a href=\"https:\/\/criminalminds.fandom.com\/wiki\/Hacker\" target=\"_blank\" rel=\"noopener\">hackare<\/a> kan ge dig den expertis och de verktyg som kr\u00e4vs f\u00f6r att komma \u00e5t och s\u00e4kra konton p\u00e5 sociala medier. Dessa skickliga individer har kunskapen och erfarenheten att navigera genom de invecklade s\u00e4kerhetssystemen p\u00e5 plattformar som Facebook, Twitter, Instagram och mer. Med deras hj\u00e4lp kan du f\u00e5 tillg\u00e5ng till ett m\u00e5lkonto, \u00e5terst\u00e4lla en komprometterad profil eller till och med h\u00e4mta v\u00e4rdefulla data som kan ha g\u00e5tt f\u00f6rlorade eller raderats. V\u00e4rlden av sociala medier hacking \u00e4r en fascinerande v\u00e4rld, och att anst\u00e4lla en hacker kan l\u00e5sa upp en uppsj\u00f6 av m\u00f6jligheter. Hyr Social Media Account Hacker.<\/p>\n<\/div>\n<div data-id=\"97ea71a\" data-element_type=\"widget\" data-widget_type=\"text-editor.default\">\n<p>Hackning av sociala medier kan f\u00e5 allvarliga konsekvenser f\u00f6r b\u00e5de privatpersoner och f\u00f6retag. Det kan leda till identitetsst\u00f6ld, integritetsintr\u00e5ng, skadat anseende och ekonomiska f\u00f6rluster. Hackare kan missbruka personlig information, publicera skadligt inneh\u00e5ll eller delta i bedr\u00e4gliga aktiviteter, vilket orsakar betydande skada f\u00f6r konto\u00e4garen. Anst\u00e4ll hackare f\u00f6r sociala medier<\/p>\n<\/div>\n<div data-id=\"97ea71a\" data-element_type=\"widget\" data-widget_type=\"text-editor.default\">\n<p>F\u00f6r att skydda dina konton p\u00e5 sociala medier och skydda dig mot potentiella hot kan det vara ett klokt val att anlita en professionell hacker. Dessa experter har de n\u00f6dv\u00e4ndiga f\u00e4rdigheterna och kunskaperna f\u00f6r att identifiera s\u00e5rbarheter, s\u00e4kra dina konton och tillhandah\u00e5lla v\u00e4rdefulla l\u00f6sningar vid eventuella s\u00e4kerhets\u00f6vertr\u00e4delser. Anlita hackare p\u00e5 sociala medier. Hyr kontohackare f\u00f6r sociala medier.<\/p>\n<\/div>\n<div data-id=\"97ea71a\" data-element_type=\"widget\" data-widget_type=\"text-editor.default\">\n<p>Genom att anlita proffs som <a href=\"https:\/\/rentahacker.io\/sv\/\">Hyr en hacker<\/a> f\u00f6r sociala medier hacking tj\u00e4nster, f\u00e5r du m\u00e5nga f\u00f6rdelar. Dessa inkluderar:<\/p>\n<article>\n<div>\n<h3>SOCIALA MEDIER HACKARE ONLINE | HYRA EN SOCIAL MEDIA KONTON HACKER | FACEBOOK L\u00d6SENORD HACK SERVICE | SNAPCHAT L\u00d6SENORD HACKARE | TIKTOK HACKARE ONLINE<\/h3>\n<h3>SOCIALA MEDIER HACKARE F\u00d6R UTHYRNING | DARKWEB HACKARE<\/h3>\n<p>Har du n\u00e5gonsin velat veta vad dina v\u00e4nner pratar om p\u00e5 sociala medieplattformar som Instagram, Facebook, Pinterest., twitter? Med r\u00e4tt verktyg \u00e4r det m\u00f6jligt att g\u00f6ra just det! vi kommer inte bara att diskutera hur man spionerar p\u00e5 n\u00e5gons sociala mediekonton utan ger dig en lista \u00f6ver n\u00e5gra av de b\u00e4sta och mest effektiva hackingprogramvarorna som finns tillg\u00e4ngliga. Konton f\u00f6r sociala medier<\/p>\n<p><strong>Vad \u00e4r spionage p\u00e5 sociala medier?<\/strong><\/p>\n<p>Social Media-spionage \u00e4r handlingen att \u00f6vervaka n\u00e5gons sociala mediekonto. Detta kan g\u00f6ras via en tredjepartsapp som l\u00e5ter dig se vad ditt m\u00e5l publicerar online och genom att anv\u00e4nda deras personliga e-post. En popul\u00e4r webbplats som erbjuder den h\u00e4r tj\u00e4nsten \u00e4r\u00a0<strong>hyra en hacker<\/strong>\u00a0Hackningstj\u00e4nster<\/p>\n<p>Du kan Hacka Facebook, Hacka Instagram ,Twitter,\u00a0<b>TikTok\u00a0<\/b>Telefonhackningstj\u00e4nst och andra konton i sociala medier.<\/p>\n<p><strong>Hur man spionerar p\u00e5 konton i sociala medier<\/strong><\/p>\n<p>Beh\u00f6ver du h\u00e5lla ett \u00f6ga p\u00e5 vad dina konkurrenter g\u00f6r p\u00e5 sociala medier? \u00c4r du nyfiken p\u00e5 vem som pratar om ditt varum\u00e4rke online? Om s\u00e5 \u00e4r fallet kan du beh\u00f6va anlita en hackare f\u00f6r spionage p\u00e5 sociala medier. Hackare kan hj\u00e4lpa dig att f\u00e5 tillg\u00e5ng till all slags information fr\u00e5n sociala mediekonton, inklusive l\u00f6senord, inl\u00e4gg och f\u00f6ljare. S\u00e5 om du \u00e4r redo att f\u00e5 insidan av din konkurrens eller bara vill h\u00e5lla koll p\u00e5 din egen n\u00e4rvaro p\u00e5 sociala medier, se till att anst\u00e4lla en hackare idag. Konton f\u00f6r sociala medier<\/p>\n<h4><strong>Dark Web Hackare f\u00f6r sociala medier att hyra<\/strong><\/h4>\n<p>S\u00e5 du vill hacka ditt ex Facebook-konto? Eller kanske du bara vill veta vad han eller hon h\u00e5ller p\u00e5 med. Hur som helst beh\u00f6ver du n\u00e5gon med f\u00e4rdigheter och kunskap f\u00f6r att hj\u00e4lpa dig. Och det \u00e4r d\u00e4r sociala mediehackare f\u00f6r uthyrning kommer in. Dessa professionella hackare kan hj\u00e4lpa dig att komma in p\u00e5 vilket konto som helst, oavsett hur l\u00e5st det kan vara. De \u00e4r experter p\u00e5 att komma runt s\u00e4kerhets\u00e5tg\u00e4rder, s\u00e5 de kan hj\u00e4lpa dig att f\u00e5 tillg\u00e5ng till vilken information du s\u00f6ker. S\u00e5 om du letar efter lite seri\u00f6st cyberspionage, \u00e4r en hyra en hacker definitivt r\u00e4tt person f\u00f6r jobbet! Konton f\u00f6r sociala medier<\/p>\n<header>\n<h2>Hackning av konton i sociala medier<\/h2>\n<\/header>\n<p>Om n\u00e5gon vill anst\u00e4lla en hacker p\u00e5 sociala medier \u00e4r det i allm\u00e4nhet att f\u00f6redra om de \u00e4r anonyma. Det kommer att hj\u00e4lpa till att h\u00e5lla din identitet dold och se till att ingen vet vem som betalade f\u00f6r sina tj\u00e4nster annat \u00e4n dig sj\u00e4lv, s\u00e5 det finns ingen anledning att vara orolig f\u00f6r att bli fast med n\u00e5got olagligt beteende. Konton f\u00f6r sociala medier<\/p>\n<p>N\u00e4r du kontaktar en hacker ska du se din jobbannons som en chans att ge en grundlig beskrivning av projektets omfattning, kostnad och behov av talang. \u00c4ven om du inte beh\u00f6ver en omfattande arbetsbeskrivning n\u00e4r du anst\u00e4ller en anst\u00e4lld, str\u00e4var du efter att ge tillr\u00e4ckligt med information f\u00f6r att en entrepren\u00f6r ska kunna avg\u00f6ra om de \u00e4r l\u00e4mpliga f\u00f6r tj\u00e4nsten. Konton f\u00f6r sociala medier<\/p>\n<p>Du kan anst\u00e4lla skickliga hackare f\u00f6r en m\u00e4ngd olika hackningstj\u00e4nster, inklusive telefonhackning och hackning av sociala medier. Du kan ocks\u00e5 anst\u00e4lla hackare f\u00f6r tj\u00e4nster som Facebook, TikTok, WhatsApp, e-post, Instagram och mobiltelefonhackning ut\u00f6ver m\u00e5nga andra hackningsaktiviteter. Experthackare \u00e4r k\u00e4nda f\u00f6r att ha \u00e4ventyrat FB-konton, vilket framg\u00e5r av\u00a0<a href=\"https:\/\/www.facebook.com\/help\/1216349518398524\" target=\"_blank\" rel=\"noopener\">Facebooks hj\u00e4lpcenter<\/a>. Hackare som dessa finns tillg\u00e4ngliga f\u00f6r uthyrning med den kunskap och f\u00f6rm\u00e5ga som kr\u00e4vs f\u00f6r dina behov i m\u00e5nga fall. Konton f\u00f6r sociala medier<\/p>\n<p>Vill du fortfarande anlita en hackare f\u00f6r Facebook- eller e-postproblem? Det finns inga l\u00e4nkar p\u00e5 den dolda wikin till n\u00e5gra webbplatser f\u00f6r att hyra hackare f\u00f6r dessa specifika tj\u00e4nster, men du kan g\u00e5 till en webbplats som\u00a0<a href=\"https:\/\/rentahacker.io\/sv\/\" target=\"_blank\" rel=\"noopener noreferrer\">rentahacker.io<\/a> f\u00f6r att hitta r\u00e4tt person. Konton f\u00f6r sociala medier<\/p>\n<p><img decoding=\"async\" data-src=\"https:\/\/beauty-by-world.com\/wp-content\/uploads\/2025\/06\/social-media-accounts-hacker-300x158.jpg\" alt=\"KONTON F\u00d6R SOCIALA MEDIER\" width=\"300\" height=\"158\" src=\"data:image\/svg+xml;base64,PHN2ZyB3aWR0aD0iMSIgaGVpZ2h0PSIxIiB4bWxucz0iaHR0cDovL3d3dy53My5vcmcvMjAwMC9zdmciPjwvc3ZnPg==\" class=\"lazyload\" style=\"--smush-placeholder-width: 300px; --smush-placeholder-aspect-ratio: 300\/158;\" \/>En bra hacker kommer inte att ta ut \u00f6re, och alla billiga kommer att f\u00f6rs\u00f6ka lura dig ur dina livsbesparingar med n\u00e5gon form av bluff. Dessa killar kan om\u00f6jligt tillhandah\u00e5lla vad folk vill ha eftersom deras tj\u00e4nster \u00e4r f\u00f6r dyra i f\u00f6rv\u00e4g n\u00e4r det g\u00e4ller tid \/ pengar etcetera. Konton f\u00f6r sociala medier<\/p>\n<\/div>\n<\/article>\n<\/div>\n<\/div>\t\t\t\t\t\t\t\t<\/div>\n\t\t\t\t<\/div>\n\t\t\t\t\t<\/div>\n\t\t<\/div>\n\t\t\t\t\t<\/div>\n\t\t<\/section>\n\t\t\t\t<section class=\"elementor-section elementor-top-section elementor-element elementor-element-da4e662 elementor-section-boxed elementor-section-height-default elementor-section-height-default default-style\" data-id=\"da4e662\" data-element_type=\"section\" data-settings=\"{&quot;rt_color_sets&quot;:&quot;default-style&quot;}\">\n\t\t\t\t\t\t<div class=\"elementor-container elementor-column-gap-default\">\n\t\t\t\t\t<div class=\"elementor-column elementor-col-50 elementor-top-column elementor-element elementor-element-db924fe\" data-id=\"db924fe\" data-element_type=\"column\">\n\t\t\t<div class=\"elementor-widget-wrap elementor-element-populated\">\n\t\t\t\t\t\t<div class=\"elementor-element elementor-element-0485719 elementor-widget elementor-widget-image\" data-id=\"0485719\" data-element_type=\"widget\" data-widget_type=\"image.default\">\n\t\t\t\t<div class=\"elementor-widget-container\">\n\t\t\t\t\t\t\t\t\t\t\t\t\t\t\t<img fetchpriority=\"high\" decoding=\"async\" width=\"768\" height=\"288\" src=\"https:\/\/rentahacker.io\/wp-content\/uploads\/2022\/11\/Buy-Registered-Documents.jpg\" class=\"attachment-large size-large wp-image-4545\" alt=\"Anst\u00e4ll Dark Web Hackers\" srcset=\"https:\/\/rentahacker.io\/wp-content\/uploads\/2022\/11\/Buy-Registered-Documents.jpg 768w, https:\/\/rentahacker.io\/wp-content\/uploads\/2022\/11\/Buy-Registered-Documents-300x113.jpg 300w, https:\/\/rentahacker.io\/wp-content\/uploads\/2022\/11\/Buy-Registered-Documents-600x225.jpg 600w\" sizes=\"(max-width: 768px) 100vw, 768px\" \/>\t\t\t\t\t\t\t\t\t\t\t\t\t\t\t<\/div>\n\t\t\t\t<\/div>\n\t\t\t\t\t<\/div>\n\t\t<\/div>\n\t\t\t\t<div class=\"elementor-column elementor-col-50 elementor-top-column elementor-element elementor-element-bff131d\" data-id=\"bff131d\" data-element_type=\"column\">\n\t\t\t<div class=\"elementor-widget-wrap elementor-element-populated\">\n\t\t\t\t\t\t<div class=\"elementor-element elementor-element-db6bcbe elementor-widget elementor-widget-heading\" data-id=\"db6bcbe\" data-element_type=\"widget\" data-widget_type=\"heading.default\">\n\t\t\t\t<div class=\"elementor-widget-container\">\n\t\t\t\t\t<h2 class=\"elementor-heading-title elementor-size-default\">Hyr en konto-hackare f\u00f6r sociala medier<\/h2>\t\t\t\t<\/div>\n\t\t\t\t<\/div>\n\t\t\t\t\t<\/div>\n\t\t<\/div>\n\t\t\t\t\t<\/div>\n\t\t<\/section>\n\t\t\t\t<\/div>","protected":false},"excerpt":{"rendered":"<p>Rent Social Media Account Hacker Kan du f\u00f6rest\u00e4lla dig kraften i att f\u00e5 tillg\u00e5ng till n\u00e5gons sociala mediekonton? T\u00e4nk om du kunde h\u00e4mta v\u00e4rdefull information, avsl\u00f6ja dolda hemligheter eller till och med skydda dig mot potentiella hot? I dagens digitala tids\u00e5lder, d\u00e4r sociala medier spelar en avg\u00f6rande roll i v\u00e5ra liv, \u00e4r det viktigt att inse betydelsen av att skydda [...]<\/p>","protected":false},"author":1,"featured_media":5841,"parent":0,"menu_order":0,"comment_status":"closed","ping_status":"open","template":"","meta":{"footnotes":""},"class_list":["post-5840","page","type-page","status-publish","has-post-thumbnail","hentry"],"_links":{"self":[{"href":"https:\/\/rentahacker.io\/sv\/wp-json\/wp\/v2\/pages\/5840","targetHints":{"allow":["GET"]}}],"collection":[{"href":"https:\/\/rentahacker.io\/sv\/wp-json\/wp\/v2\/pages"}],"about":[{"href":"https:\/\/rentahacker.io\/sv\/wp-json\/wp\/v2\/types\/page"}],"author":[{"embeddable":true,"href":"https:\/\/rentahacker.io\/sv\/wp-json\/wp\/v2\/users\/1"}],"replies":[{"embeddable":true,"href":"https:\/\/rentahacker.io\/sv\/wp-json\/wp\/v2\/comments?post=5840"}],"version-history":[{"count":4,"href":"https:\/\/rentahacker.io\/sv\/wp-json\/wp\/v2\/pages\/5840\/revisions"}],"predecessor-version":[{"id":5845,"href":"https:\/\/rentahacker.io\/sv\/wp-json\/wp\/v2\/pages\/5840\/revisions\/5845"}],"wp:featuredmedia":[{"embeddable":true,"href":"https:\/\/rentahacker.io\/sv\/wp-json\/wp\/v2\/media\/5841"}],"wp:attachment":[{"href":"https:\/\/rentahacker.io\/sv\/wp-json\/wp\/v2\/media?parent=5840"}],"curies":[{"name":"wp","href":"https:\/\/api.w.org\/{rel}","templated":true}]}}