{"id":5840,"date":"2025-09-27T14:54:20","date_gmt":"2025-09-27T14:54:20","guid":{"rendered":"https:\/\/rentahacker.io\/?page_id=5840"},"modified":"2025-09-27T15:03:46","modified_gmt":"2025-09-27T15:03:46","slug":"heker-za-najem-racunov-druzbenih-medijev","status":"publish","type":"page","link":"https:\/\/rentahacker.io\/sl\/heker-za-najem-racunov-druzbenih-medijev\/","title":{"rendered":"Najem Social Media Hacker"},"content":{"rendered":"<div data-elementor-type=\"wp-page\" data-elementor-id=\"5840\" class=\"elementor elementor-5840\">\n\t\t\t\t\t\t<section class=\"elementor-section elementor-top-section elementor-element elementor-element-21ed0537 elementor-section-boxed elementor-section-height-default elementor-section-height-default default-style\" data-id=\"21ed0537\" data-element_type=\"section\" data-settings=\"{&quot;rt_color_sets&quot;:&quot;default-style&quot;}\">\n\t\t\t\t\t\t<div class=\"elementor-container elementor-column-gap-default\">\n\t\t\t\t\t<div class=\"elementor-column elementor-col-100 elementor-top-column elementor-element elementor-element-320524c5\" data-id=\"320524c5\" data-element_type=\"column\">\n\t\t\t<div class=\"elementor-widget-wrap elementor-element-populated\">\n\t\t\t\t\t\t<div class=\"elementor-element elementor-element-15f4f884 elementor-widget elementor-widget-text-editor\" data-id=\"15f4f884\" data-element_type=\"widget\" data-widget_type=\"text-editor.default\">\n\t\t\t\t<div class=\"elementor-widget-container\">\n\t\t\t\t\t\t\t\t\t<h2>Najem ra\u010duna za dru\u017ebene medije Hacker<\/h2>\n<p>Si lahko predstavljate, kak\u0161no mo\u010d ima dostop do nekih ra\u010dunov v dru\u017eabnih omre\u017ejih? Kaj \u010de bi lahko pridobili dragocene informacije, odkrili skrite skrivnosti ali se celo za\u0161\u010ditili pred morebitnimi gro\u017enjami? V dana\u0161nji digitalni dobi, v kateri imajo dru\u017ebeni mediji klju\u010dno vlogo v na\u0161ih \u017eivljenjih, se je treba zavedati pomena varovanja na\u0161e spletne prisotnosti. Ste se torej kdaj vpra\u0161ali, ali obstaja na\u010din, kako najeti hekerja za vdiranje v dru\u017ebene medije? No, zdaj boste to izvedeli! Najem hekerja za vdiranje v ra\u010dune dru\u017ebenih medijev.<\/p>\n<div>\n<div data-id=\"97ea71a\" data-element_type=\"widget\" data-widget_type=\"text-editor.default\">\n<p>Najem strokovnjaka <a href=\"https:\/\/criminalminds.fandom.com\/wiki\/Hacker\" target=\"_blank\" rel=\"noopener\">heker<\/a> vam lahko zagotovi strokovno znanje in orodja, potrebna za dostop do ra\u010dunov v dru\u017eabnih medijih in njihovo za\u0161\u010dito. Ti usposobljeni posamezniki imajo znanje in izku\u0161nje, s katerimi lahko krmarijo skozi zapletene varnostne sisteme platform, kot so Facebook, Twitter, Instagram in druge. Z njihovo pomo\u010djo lahko pridobite dostop do ciljnega ra\u010duna, obnovite ogro\u017een profil ali celo pridobite dragocene podatke, ki so bili morda izgubljeni ali izbrisani. Svet vdiranja v dru\u017ebene medije je fascinantno podro\u010dje, najem hekerja pa vam lahko ponudi \u0161tevilne mo\u017enosti. Izposodite si knjigo Social Media Account Hacker.<\/p>\n<\/div>\n<div data-id=\"97ea71a\" data-element_type=\"widget\" data-widget_type=\"text-editor.default\">\n<p>Vdori v dru\u017ebene medije imajo lahko hude posledice tako za posameznike kot za podjetja. Privede lahko do kraje identitete, kr\u0161itve zasebnosti, izgube ugleda in finan\u010dnih izgub. Hekerji lahko zlorabijo osebne podatke, objavijo zlonamerno vsebino ali se vklju\u010dijo v goljufive dejavnosti, s \u010dimer povzro\u010dijo veliko \u0161kodo lastniku ra\u010duna. Najem hekerjev za dru\u017ebene medije<\/p>\n<\/div>\n<div data-id=\"97ea71a\" data-element_type=\"widget\" data-widget_type=\"text-editor.default\">\n<p>\u010ce \u017eelite za\u0161\u010dititi svoje ra\u010dune v dru\u017eabnih medijih in se za\u0161\u010dititi pred morebitnimi gro\u017enjami, je najem profesionalnega hekerja lahko preudarna izbira. Ti strokovnjaki imajo potrebne spretnosti in znanje za prepoznavanje ranljivosti, za\u0161\u010dito va\u0161ih ra\u010dunov in zagotavljanje dragocenih re\u0161itev v primeru kakr\u0161nih koli kr\u0161itev varnosti. Najemite hekerje za dru\u017ebene medije. Najem hekerja za ra\u010dune dru\u017ebenih medijev.<\/p>\n<\/div>\n<div data-id=\"97ea71a\" data-element_type=\"widget\" data-widget_type=\"text-editor.default\">\n<p>Z najemom strokovnjakov, kot je <a href=\"https:\/\/rentahacker.io\/sl\/\">Najem hekerja<\/a> za storitve vdiranja v dru\u017ebene medije, boste pridobili \u0161tevilne prednosti. Te vklju\u010dujejo:<\/p>\n<article>\n<div>\n<h3>DRU\u017dABNIH MEDIJEV HEKERJI NA SPLETU | NAJEM RA\u010cUNE DRU\u017dABNIH MEDIJEV HEKER | FACEBOOK GESLO KRAMP STORITEV | SNAPCHAT GESLO HEKERJI | TIKTOK HEKERJI NA SPLETU<\/h3>\n<h3>HEKERJI DRU\u017dBENIH MEDIJEV ZA NAJEM | DARKWEB HACKERS<\/h3>\n<p>Ste kdaj \u017eeleli vedeti, o \u010dem se pogovarjajo va\u0161i prijatelji na platformah dru\u017ebenih medijev, kot so Instagram, Facebook, Pinterest in Twitter? S pravimi orodji je to mogo\u010de! ne bomo razpravljali le o tem, kako vohuniti za tujimi ra\u010duni dru\u017eabnih medijev, temve\u010d vam bomo podali seznam najbolj\u0161e in naju\u010dinkovitej\u0161e programske opreme za vdiranje, ki je na voljo. Ra\u010duni dru\u017eabnih medijev<\/p>\n<p><strong>Kaj je vohunjenje v dru\u017eabnih medijih?<\/strong><\/p>\n<p>Vohunjenje v dru\u017eabnih medijih je spremljanje uporabnikovega ra\u010duna v dru\u017eabnih medijih. To lahko storite z aplikacijo tretje osebe, ki vam omogo\u010da ogled spletnih objav va\u0161e tar\u010de, in z uporabo njene osebne e-po\u0161te. Priljubljeno spletno mesto, ki ponuja to storitev, je\u00a0<strong>najem hekerja<\/strong>\u00a0hekerske storitve<\/p>\n<p>Lahko Hack Facebook, Hack Instagram ,Twitter,\u00a0<b>TikTok\u00a0<\/b>Storitev vdiranja v telefon in druge ra\u010dune dru\u017eabnih medijev.<\/p>\n<p><strong>Kako vohuniti za ra\u010duni dru\u017eabnih omre\u017eij<\/strong><\/p>\n<p>Ali morate spremljati, kaj va\u0161i tekmeci po\u010dnejo v dru\u017eabnih medijih? Vas zanima, kdo na spletu govori o va\u0161i blagovni znamki? \u010ce je tako, boste morda morali najeti hekerja za vohunjenje za dru\u017ebenimi mediji. Hekerji vam lahko pomagajo pridobiti dostop do vseh vrst informacij iz ra\u010dunov dru\u017ebenih medijev, vklju\u010dno z gesli, objavami in sledilci. \u010ce ste torej pripravljeni pridobiti informacije o svoji konkurenci ali pa \u017eelite imeti pregled nad svojo prisotnostjo v dru\u017eabnih medijih, \u0161e danes najamite hekerja. Ra\u010duni dru\u017ebenih medijev<\/p>\n<h4><strong>Temni splet Socialni mediji hekerji za najem<\/strong><\/h4>\n<p>\u017delite vdreti v ra\u010dun Facebook svojega biv\u0161ega? Ali pa morda \u017eelite le vedeti, kaj po\u010dne. V vsakem primeru potrebujete nekoga, ki ima ve\u0161\u010dine in znanje, da vam pomaga. Tu so na voljo hekerji dru\u017ebenih medijev za najem. Ti profesionalni hekerji vam lahko pomagajo priti do kateregakoli ra\u010duna, ne glede na to, kako zaklenjen je. So strokovnjaki za izogibanje varnostnim ukrepom, zato vam lahko pomagajo pridobiti dostop do vseh informacij, ki jih i\u0161\u010dete. \u010ce si \u017eelite resnega kibernetskega vohunjenja, je najem hekerja zagotovo prava oseba za to delo! Ra\u010duni za dru\u017ebene medije<\/p>\n<header>\n<h2>Vdiranje v ra\u010dune dru\u017eabnih medijev<\/h2>\n<\/header>\n<p>\u010ce nekdo \u017eeli najeti hekerja dru\u017ebenih medijev, je na splo\u0161no bolje, da je anonimen. To bo pomagalo pri skrivanju identitete in zagotovilo, da nih\u010de razen vas ne bo vedel, kdo je pla\u010dal njihove storitve, zato vam ni treba skrbeti, da bi vas ujeli pri kakr\u0161nem koli nezakonitem ravnanju. Ra\u010duni za dru\u017ebene medije<\/p>\n<p>Ko stopite v stik s hekerjem, imejte v mislih, da je va\u0161a objava delovnega mesta prilo\u017enost za natan\u010den opis obsega projekta, stro\u0161kov in potreb po talentih. \u010ceprav pri zaposlovanju delavca ne potrebujete iz\u010drpnega opisa delovnega mesta, si prizadevajte zagotoviti dovolj informacij, da bo izvajalec lahko ugotovil, ali je primeren za to delovno mesto. Ra\u010duni za dru\u017ebene medije<\/p>\n<p>Usposobljene hekerje lahko najamete za razli\u010dne hekerske storitve, vklju\u010dno z vdori v telefon in dru\u017ebene medije. Hekerje lahko poleg \u0161tevilnih drugih hekerskih dejavnosti zaposlite tudi za storitve, kot so vdiranje v Facebook, TikTok, WhatsApp, e-po\u0161to, Instagram in mobilni telefon. Strokovni hekerji so znani po tem, da so ogrozili ra\u010dune FB, kar je jasno razvidno iz\u00a0<a href=\"https:\/\/www.facebook.com\/help\/1216349518398524\" target=\"_blank\" rel=\"noopener\">Facebookovo sredi\u0161\u010de za pomo\u010d<\/a>. Tak\u0161ni hekerji so v \u0161tevilnih primerih na voljo za najem z znanjem in sposobnostmi, potrebnimi za va\u0161e potrebe. Ra\u010duni za dru\u017ebene medije<\/p>\n<p>\u0160e vedno \u017eelite najeti hekerja za te\u017eave s Facebookom ali e-po\u0161to? Na skritem wikiju ni povezav do spletnih mest za najem hekerjev za te posebne storitve, lahko pa obi\u0161\u010dete spletno mesto, kot je\u00a0<a href=\"https:\/\/rentahacker.io\/sl\/\" target=\"_blank\" rel=\"noopener noreferrer\">rentahacker.io<\/a> da bi na\u0161li pravo osebo. Ra\u010duni za dru\u017ebene medije<\/p>\n<p><img decoding=\"async\" data-src=\"https:\/\/beauty-by-world.com\/wp-content\/uploads\/2025\/06\/social-media-accounts-hacker-300x158.jpg\" alt=\"RA\u010cUNI DRU\u017dABNIH MEDIJEV\" width=\"300\" height=\"158\" src=\"data:image\/svg+xml;base64,PHN2ZyB3aWR0aD0iMSIgaGVpZ2h0PSIxIiB4bWxucz0iaHR0cDovL3d3dy53My5vcmcvMjAwMC9zdmciPjwvc3ZnPg==\" class=\"lazyload\" style=\"--smush-placeholder-width: 300px; --smush-placeholder-aspect-ratio: 300\/158;\" \/>Dobri hekerji ne bodo zara\u010dunavali drobi\u017ea, poceni hekerji pa vas bodo sku\u0161ali s kak\u0161no prevaro oropati \u017eivljenjskih prihrankov. Ti fantje ne morejo zagotoviti tistega, kar ljudje \u017eelijo, ker so njihove storitve vnaprej predrage v smislu \u010dasa\/denarja itd. Ra\u010duni za dru\u017ebene medije<\/p>\n<\/div>\n<\/article>\n<\/div>\n<\/div>\t\t\t\t\t\t\t\t<\/div>\n\t\t\t\t<\/div>\n\t\t\t\t\t<\/div>\n\t\t<\/div>\n\t\t\t\t\t<\/div>\n\t\t<\/section>\n\t\t\t\t<section class=\"elementor-section elementor-top-section elementor-element elementor-element-da4e662 elementor-section-boxed elementor-section-height-default elementor-section-height-default default-style\" data-id=\"da4e662\" data-element_type=\"section\" data-settings=\"{&quot;rt_color_sets&quot;:&quot;default-style&quot;}\">\n\t\t\t\t\t\t<div class=\"elementor-container elementor-column-gap-default\">\n\t\t\t\t\t<div class=\"elementor-column elementor-col-50 elementor-top-column elementor-element elementor-element-db924fe\" data-id=\"db924fe\" data-element_type=\"column\">\n\t\t\t<div class=\"elementor-widget-wrap elementor-element-populated\">\n\t\t\t\t\t\t<div class=\"elementor-element elementor-element-0485719 elementor-widget elementor-widget-image\" data-id=\"0485719\" data-element_type=\"widget\" data-widget_type=\"image.default\">\n\t\t\t\t<div class=\"elementor-widget-container\">\n\t\t\t\t\t\t\t\t\t\t\t\t\t\t\t<img fetchpriority=\"high\" decoding=\"async\" width=\"768\" height=\"288\" src=\"https:\/\/rentahacker.io\/wp-content\/uploads\/2022\/11\/Buy-Registered-Documents.jpg\" class=\"attachment-large size-large wp-image-4545\" alt=\"Najem temnih spletnih hekerjev\" srcset=\"https:\/\/rentahacker.io\/wp-content\/uploads\/2022\/11\/Buy-Registered-Documents.jpg 768w, https:\/\/rentahacker.io\/wp-content\/uploads\/2022\/11\/Buy-Registered-Documents-300x113.jpg 300w, https:\/\/rentahacker.io\/wp-content\/uploads\/2022\/11\/Buy-Registered-Documents-600x225.jpg 600w\" sizes=\"(max-width: 768px) 100vw, 768px\" \/>\t\t\t\t\t\t\t\t\t\t\t\t\t\t\t<\/div>\n\t\t\t\t<\/div>\n\t\t\t\t\t<\/div>\n\t\t<\/div>\n\t\t\t\t<div class=\"elementor-column elementor-col-50 elementor-top-column elementor-element elementor-element-bff131d\" data-id=\"bff131d\" data-element_type=\"column\">\n\t\t\t<div class=\"elementor-widget-wrap elementor-element-populated\">\n\t\t\t\t\t\t<div class=\"elementor-element elementor-element-db6bcbe elementor-widget elementor-widget-heading\" data-id=\"db6bcbe\" data-element_type=\"widget\" data-widget_type=\"heading.default\">\n\t\t\t\t<div class=\"elementor-widget-container\">\n\t\t\t\t\t<h2 class=\"elementor-heading-title elementor-size-default\">Najem ra\u010duna dru\u017ebenih medijev Hacker<\/h2>\t\t\t\t<\/div>\n\t\t\t\t<\/div>\n\t\t\t\t\t<\/div>\n\t\t<\/div>\n\t\t\t\t\t<\/div>\n\t\t<\/section>\n\t\t\t\t<\/div>","protected":false},"excerpt":{"rendered":"<p>Rent Social Media Account Hacker Ali si lahko predstavljate mo\u010d dostopa do nekih ra\u010dunov v dru\u017eabnih medijih? Kaj, \u010de bi lahko pridobili dragocene informacije, odkrili skrite skrivnosti ali se celo za\u0161\u010ditili pred morebitnimi gro\u017enjami? V dana\u0161nji digitalni dobi, ko imajo dru\u017ebeni mediji klju\u010dno vlogo v na\u0161ih \u017eivljenjih, se je treba zavedati, kako pomembno je varovanje [...]<\/p>","protected":false},"author":1,"featured_media":5841,"parent":0,"menu_order":0,"comment_status":"closed","ping_status":"open","template":"","meta":{"footnotes":""},"class_list":["post-5840","page","type-page","status-publish","has-post-thumbnail","hentry"],"_links":{"self":[{"href":"https:\/\/rentahacker.io\/sl\/wp-json\/wp\/v2\/pages\/5840","targetHints":{"allow":["GET"]}}],"collection":[{"href":"https:\/\/rentahacker.io\/sl\/wp-json\/wp\/v2\/pages"}],"about":[{"href":"https:\/\/rentahacker.io\/sl\/wp-json\/wp\/v2\/types\/page"}],"author":[{"embeddable":true,"href":"https:\/\/rentahacker.io\/sl\/wp-json\/wp\/v2\/users\/1"}],"replies":[{"embeddable":true,"href":"https:\/\/rentahacker.io\/sl\/wp-json\/wp\/v2\/comments?post=5840"}],"version-history":[{"count":4,"href":"https:\/\/rentahacker.io\/sl\/wp-json\/wp\/v2\/pages\/5840\/revisions"}],"predecessor-version":[{"id":5845,"href":"https:\/\/rentahacker.io\/sl\/wp-json\/wp\/v2\/pages\/5840\/revisions\/5845"}],"wp:featuredmedia":[{"embeddable":true,"href":"https:\/\/rentahacker.io\/sl\/wp-json\/wp\/v2\/media\/5841"}],"wp:attachment":[{"href":"https:\/\/rentahacker.io\/sl\/wp-json\/wp\/v2\/media?parent=5840"}],"curies":[{"name":"wp","href":"https:\/\/api.w.org\/{rel}","templated":true}]}}