{"id":5037,"date":"2023-09-14T10:28:12","date_gmt":"2023-09-14T10:28:12","guid":{"rendered":"https:\/\/hireonlinehackers.com\/?page_id=5037"},"modified":"2025-09-27T06:44:50","modified_gmt":"2025-09-27T06:44:50","slug":"najem-hekerja-za-snapchat","status":"publish","type":"page","link":"https:\/\/rentahacker.io\/sl\/najem-hekerja-za-snapchat\/","title":{"rendered":"Snapchat Hacker"},"content":{"rendered":"<div data-elementor-type=\"wp-page\" data-elementor-id=\"5037\" class=\"elementor elementor-5037\">\n\t\t\t\t\t\t<section class=\"elementor-section elementor-top-section elementor-element elementor-element-21ed0537 elementor-section-boxed elementor-section-height-default elementor-section-height-default default-style\" data-id=\"21ed0537\" data-element_type=\"section\" data-settings=\"{&quot;rt_color_sets&quot;:&quot;default-style&quot;}\">\n\t\t\t\t\t\t<div class=\"elementor-container elementor-column-gap-default\">\n\t\t\t\t\t<div class=\"elementor-column elementor-col-100 elementor-top-column elementor-element elementor-element-320524c5\" data-id=\"320524c5\" data-element_type=\"column\">\n\t\t\t<div class=\"elementor-widget-wrap elementor-element-populated\">\n\t\t\t\t\t\t<div class=\"elementor-element elementor-element-15f4f884 elementor-widget elementor-widget-text-editor\" data-id=\"15f4f884\" data-element_type=\"widget\" data-widget_type=\"text-editor.default\">\n\t\t\t\t<div class=\"elementor-widget-container\">\n\t\t\t\t\t\t\t\t\t<h2>Najem Snapchat Hacker<\/h2>\n<div>\n<p>Ponujamo strokovno Snapchat hekanje storitev, ki vam omogo\u010da, da najamete hekerja za Snapchat. Na\u0161a izku\u0161ena ekipa vam lahko pomaga pri obnovi izgubljenega ali vdrtega ra\u010duna Snapchat. Z na\u0161o zanesljivo in varno storitvijo pla\u010dajte nekomu, da vdre v Snapchat, in ponovno pridobite dostop do svojega ra\u010duna. Smo profesionalni <a href=\"https:\/\/rentahacker.io\/sl\/\">Snapchat hekerji<\/a> za najem, ki zagotavlja strokovno pomo\u010d za vse va\u0161e potrebe v zvezi z vdori v Snapchat. Najemni heker ra\u010duna Snapchat.<\/p>\n<h3><span contenteditable=\"true\">Profesionalni Snapchat hekerji za najem<\/span><\/h3>\n<p>Zavedamo se nujnosti in ob\u010dutljivosti varnosti ra\u010duna Snapchat. S svojimi specializiranimi ve\u0161\u010dinami in znanjem zagotavljamo hitro in u\u010dinkovito re\u0161itev vseh te\u017eav, povezanih s Snapchatom, s katerimi se morda soo\u010date. Zaupajte na\u0161i ekipi profesionalnih hekerjev, da u\u010dinkovito in diskretno pridobi va\u0161 vdrti ali izgubljeni ra\u010dun Snapchat. Na\u0161a varna in zanesljiva storitev zagotavlja va\u0161o zasebnost in zaupnost med celotnim postopkom. Z najemom na\u0161ih izku\u0161enih strokovnjakov za hekanje Snapchata si \u0161e danes povrnite nadzor nad svojim ra\u010dunom Snapchat. Najemite Snapchat Hacker.<\/p>\n<h3>Snapchat Hacker za najem<\/h3>\n<\/div>\n<p><!-- \/wp:heading --><!-- wp:paragraph --><\/p>\n<div data-id=\"45a8c67\" data-element_type=\"widget\" data-widget_type=\"text-editor.default\">\n<div>\n<div data-id=\"68dc6d6\" data-element_type=\"widget\" data-widget_type=\"text-editor.default\">\n<div>\n<div>\n<div>\n<div>\n<div data-id=\"68dc6d6\" data-element_type=\"widget\" data-widget_type=\"text-editor.default\">\n<div>\n<p>Storitev Snapchat hacking je najbolj uporabna, ko posku\u0161ate izvedeti o goljufanju zakonca\/partnerja, da se prepri\u010date, da vas ne goljufajo. Storitev Snapchat hacker for hire je popolnoma diskretna in nih\u010de ne bo izvedel, da imate dostop do ra\u010duna Snapchat. To storitev ponujamo kot samostojno storitev Snapchat hacking in tudi kot paket v okviru storitve hacking telefona<a href=\"https:\/\/duckduckgo.com\/\" target=\"_blank\" rel=\"noopener\">.<\/a>\u00a0Snapchat Hacker za najem.<\/p>\n<h2>Snapchat hacking storitev<\/h2>\n<p>Obstaja veliko na\u010dinov, kako lahko heker vdre v ra\u010dun Snapchat, zato je pomembno, da uporabite vse varnostne mo\u017enosti, vklju\u010dno z dvostopenjskim preverjanjem pristnosti. \u010ce heker po vseh varnostnih ukrepih \u0161e vedno vdre v va\u0161 ra\u010dun Snapchat, vam bomo pomagali na vse mo\u017ene na\u010dine. Heker za najem ra\u010duna Snapchat.<\/p>\n<h4>Najemite profesionalne hekerje za dru\u017ebene medije<\/h4>\n<p>Obstaja veliko razlogov, zakaj se podjetje odlo\u010di najeti hekerja za dru\u017ebene medije. Morda \u017eeli podjetje pove\u010dati \u0161tevilo svojih sledilcev na platformah dru\u017ebenih medijev ali pa potrebuje pomo\u010d pri doseganju ve\u010dje vklju\u010denosti svojih objav. V vsakem primeru je najem hekerja za dru\u017ebene medije lahko odli\u010den na\u010din za pove\u010danje va\u0161e spletne prisotnosti.<\/p>\n<p>Pri najemanju hekerja za dru\u017ebene medije se morate prepri\u010dati, da ste izbrali nekoga z izku\u0161njami in znanjem na tem podro\u010dju.<\/p>\n<div id=\"attachment_5041\" style=\"width: 310px\" class=\"wp-caption alignnone\"><img fetchpriority=\"high\" decoding=\"async\" aria-describedby=\"caption-attachment-5041\" src=\"https:\/\/hireonlinehackers.com\/wp-content\/uploads\/2023\/09\/Professional-Snapchat-Hackers-for-Hire-300x169.jpg\" alt=\"Profesionalni Snapchat hekerji za najem\" width=\"300\" height=\"169\" \/><p id=\"caption-attachment-5041\" class=\"wp-caption-text\">Profesionalni Snapchat hekerji za najem<\/p><\/div>\n<h4>Socialni mediji Ra\u010dun Hacker za najem<\/h4>\n<p>Nekatera podjetja najamejo hekerje, ki napadajo ra\u010dune v dru\u017eabnih medijih njihovih tekmecev, da bi pridobili prednost. To lahko storijo z uporabo zapletenega akademskega \u017eargona, ki ga njihovi tekmeci ne razumejo, kar jim ote\u017euje odziv. Poleg tega lahko heker objavi la\u017ene novice ali ocene, ki lahko \u0161kodijo ugledu konkurenta.<\/p>\n<p>Vas zanima najem hekerja za kakr\u0161no koli varno profesionalno hekersko storitev? Potem ste na pravem mestu. Nudimo vam najbolj\u0161e hekerske storitve po dostopnih cenah glede na zahteve strank.<\/p>\n<h4>Zakaj ste vzeli storitev socialnih medijev ra\u010duna Hacker od nas<\/h4>\n<p>Na\u0161e podjetje ima ekipo profesionalnih in izku\u0161enih strokovnjakov, ki vam lahko pomagajo vdreti v katerikoli spletni medijski ra\u010dun. Imamo dokazano zgodovino dose\u017ekov. Ponosni smo, da vam lahko pomagamo pri doseganju \u017eelenih rezultatov. Zavedamo se, da je va\u0161a zasebnost najpomembnej\u0161a prednostna naloga, zato va\u0161ih podatkov nikoli ne bomo posredovali nobeni drugi osebi. Snapchat ra\u010dun Hacker za najem.<\/p>\n<h4><span contenteditable=\"true\">Najem hekerja za Snapchat<\/span><\/h4>\n<div>\n<h5>Na\u0161e strokovno znanje za strokovno Social Media Hacker<\/h5>\n<p>Smo certificirana skupina nadarjenih hekerjev, ki si prizadeva olaj\u0161ati va\u0161e misli in izbolj\u0161ati varnost va\u0161ega ra\u010dunalnika. \u010ce posku\u0161ate uporabiti moralne kibernetske umetnike, vam lahko pri tem pomagamo. Ko i\u0161\u010dete, preverite, kaj potrebujem za najem eti\u010dnega hekerja.<\/p>\n<p>Razlikujemo se v na\u0161em pristopu k obravnavi uprave v primerjavi z razli\u010dnimi podjetji. Najem Snapchat Hacker.<\/p>\n<h3>Snapchat ra\u010dun Hacker za najem<\/h3>\n<p>Na\u0161e podjetje ima ekipo profesionalnih in izku\u0161enih strokovnjakov, ki vam lahko pomagajo vdreti v katerikoli ra\u010dun dru\u017ebenih medijev. Imamo dokazano uspe\u0161ne rezultate. In cenimo si, da vam lahko pomagamo dose\u010di rezultate, ki jih potrebujete. Zavedamo se, da je va\u0161a zasebnost glavna skrb, zato va\u0161ih osebnih podatkov ne bomo nikoli delili z nikomer drugim. Snapchat Account Hacker za najem.<\/p>\n<h4>Najem hekerja | Zasebne preiskovalne storitve<\/h4>\n<p>\u010ce si na primer prizadevate pridobiti nazaj dostop do zaklenjenih ali vdrtih ra\u010dunov - ne glede na to, ali gre za Gmail, Facebook, Instagram ali celo Snapchat - vam lahko najemni mobilni heker pomaga povrniti, kar vam pripada. Veliko ljudi se odlo\u010di najeti hekerja, da bi ujeli prevaranega zakonca in tako vnesli jasnost v osebne razmere. Najem Snapchat Hackerja.<\/p>\n<\/div>\n<div>\u00a0<\/div>\n<\/div>\n<\/div>\n<\/div>\n<\/div>\n<\/div>\n<\/div>\n<\/div>\n<p><img decoding=\"async\" class=\"alignnone lazyload\" data-src=\"https:\/\/hireonlinehackers.com\/wp-content\/uploads\/2023\/01\/5-star-300x158.jpg\" alt=\"Najem Snapchat Hacker\" width=\"36\" height=\"19\" src=\"data:image\/svg+xml;base64,PHN2ZyB3aWR0aD0iMSIgaGVpZ2h0PSIxIiB4bWxucz0iaHR0cDovL3d3dy53My5vcmcvMjAwMC9zdmciPjwvc3ZnPg==\" style=\"--smush-placeholder-width: 36px; --smush-placeholder-aspect-ratio: 36\/19;\" \/><\/p>\n<\/div>\n<\/div>\n<p><!-- \/wp:paragraph --><!-- wp:heading --><!-- \/wp:paragraph --><\/p>\t\t\t\t\t\t\t\t<\/div>\n\t\t\t\t<\/div>\n\t\t\t\t\t<\/div>\n\t\t<\/div>\n\t\t\t\t\t<\/div>\n\t\t<\/section>\n\t\t\t\t<section class=\"elementor-section elementor-top-section elementor-element elementor-element-da4e662 elementor-section-boxed elementor-section-height-default elementor-section-height-default default-style\" data-id=\"da4e662\" data-element_type=\"section\" data-settings=\"{&quot;rt_color_sets&quot;:&quot;default-style&quot;}\">\n\t\t\t\t\t\t<div class=\"elementor-container elementor-column-gap-default\">\n\t\t\t\t\t<div class=\"elementor-column elementor-col-50 elementor-top-column elementor-element elementor-element-db924fe\" data-id=\"db924fe\" data-element_type=\"column\">\n\t\t\t<div class=\"elementor-widget-wrap elementor-element-populated\">\n\t\t\t\t\t\t<div class=\"elementor-element elementor-element-0485719 elementor-widget elementor-widget-image\" data-id=\"0485719\" data-element_type=\"widget\" data-widget_type=\"image.default\">\n\t\t\t\t<div class=\"elementor-widget-container\">\n\t\t\t\t\t\t\t\t\t\t\t\t\t\t\t<img decoding=\"async\" width=\"768\" height=\"288\" data-src=\"https:\/\/rentahacker.io\/wp-content\/uploads\/2022\/11\/Buy-Registered-Documents.jpg\" class=\"attachment-large size-large wp-image-4545 lazyload\" alt=\"Najem temnih spletnih hekerjev\" data-srcset=\"https:\/\/rentahacker.io\/wp-content\/uploads\/2022\/11\/Buy-Registered-Documents.jpg 768w, https:\/\/rentahacker.io\/wp-content\/uploads\/2022\/11\/Buy-Registered-Documents-300x113.jpg 300w, https:\/\/rentahacker.io\/wp-content\/uploads\/2022\/11\/Buy-Registered-Documents-600x225.jpg 600w\" data-sizes=\"(max-width: 768px) 100vw, 768px\" src=\"data:image\/svg+xml;base64,PHN2ZyB3aWR0aD0iMSIgaGVpZ2h0PSIxIiB4bWxucz0iaHR0cDovL3d3dy53My5vcmcvMjAwMC9zdmciPjwvc3ZnPg==\" style=\"--smush-placeholder-width: 768px; --smush-placeholder-aspect-ratio: 768\/288;\" \/>\t\t\t\t\t\t\t\t\t\t\t\t\t\t\t<\/div>\n\t\t\t\t<\/div>\n\t\t\t\t\t<\/div>\n\t\t<\/div>\n\t\t\t\t<div class=\"elementor-column elementor-col-50 elementor-top-column elementor-element elementor-element-bff131d\" data-id=\"bff131d\" data-element_type=\"column\">\n\t\t\t<div class=\"elementor-widget-wrap elementor-element-populated\">\n\t\t\t\t\t\t<div class=\"elementor-element elementor-element-db6bcbe elementor-widget elementor-widget-heading\" data-id=\"db6bcbe\" data-element_type=\"widget\" data-widget_type=\"heading.default\">\n\t\t\t\t<div class=\"elementor-widget-container\">\n\t\t\t\t\t<h2 class=\"elementor-heading-title elementor-size-default\">Pla\u010dati nekoga, da Hack Snapchat<\/h2>\t\t\t\t<\/div>\n\t\t\t\t<\/div>\n\t\t\t\t\t<\/div>\n\t\t<\/div>\n\t\t\t\t\t<\/div>\n\t\t<\/section>\n\t\t\t\t<\/div>","protected":false},"excerpt":{"rendered":"<p>Najem Snapchat Hacker Ponujamo strokovno Snapchat hekanje storitev, ki vam omogo\u010da, da najamete hekerja za Snapchat. Na\u0161a izku\u0161ena ekipa vam lahko pomaga pri obnovi izgubljenega ali vdrtega ra\u010duna Snapchat. Z na\u0161o zanesljivo in varno storitvijo pla\u010dajte nekomu, da vdre v Snapchat, in ponovno pridobite dostop do svojega ra\u010duna. Smo profesionalni hekerji za Snapchat, ki so [...]<\/p>","protected":false},"author":1,"featured_media":5038,"parent":0,"menu_order":0,"comment_status":"closed","ping_status":"open","template":"","meta":{"footnotes":""},"class_list":["post-5037","page","type-page","status-publish","has-post-thumbnail","hentry"],"_links":{"self":[{"href":"https:\/\/rentahacker.io\/sl\/wp-json\/wp\/v2\/pages\/5037","targetHints":{"allow":["GET"]}}],"collection":[{"href":"https:\/\/rentahacker.io\/sl\/wp-json\/wp\/v2\/pages"}],"about":[{"href":"https:\/\/rentahacker.io\/sl\/wp-json\/wp\/v2\/types\/page"}],"author":[{"embeddable":true,"href":"https:\/\/rentahacker.io\/sl\/wp-json\/wp\/v2\/users\/1"}],"replies":[{"embeddable":true,"href":"https:\/\/rentahacker.io\/sl\/wp-json\/wp\/v2\/comments?post=5037"}],"version-history":[{"count":16,"href":"https:\/\/rentahacker.io\/sl\/wp-json\/wp\/v2\/pages\/5037\/revisions"}],"predecessor-version":[{"id":5811,"href":"https:\/\/rentahacker.io\/sl\/wp-json\/wp\/v2\/pages\/5037\/revisions\/5811"}],"wp:featuredmedia":[{"embeddable":true,"href":"https:\/\/rentahacker.io\/sl\/wp-json\/wp\/v2\/media\/5038"}],"wp:attachment":[{"href":"https:\/\/rentahacker.io\/sl\/wp-json\/wp\/v2\/media?parent=5037"}],"curies":[{"name":"wp","href":"https:\/\/api.w.org\/{rel}","templated":true}]}}