{"id":5026,"date":"2023-09-14T09:39:25","date_gmt":"2023-09-14T09:39:25","guid":{"rendered":"https:\/\/hireonlinehackers.com\/?page_id=5026"},"modified":"2025-09-27T05:50:50","modified_gmt":"2025-09-27T05:50:50","slug":"najem-instagram-hekerja","status":"publish","type":"page","link":"https:\/\/rentahacker.io\/sl\/najem-instagram-hekerja\/","title":{"rendered":"Instagram Hacker"},"content":{"rendered":"<div data-elementor-type=\"wp-page\" data-elementor-id=\"5026\" class=\"elementor elementor-5026\">\n\t\t\t\t\t\t<section class=\"elementor-section elementor-top-section elementor-element elementor-element-21ed0537 elementor-section-boxed elementor-section-height-default elementor-section-height-default default-style\" data-id=\"21ed0537\" data-element_type=\"section\" data-settings=\"{&quot;rt_color_sets&quot;:&quot;default-style&quot;}\">\n\t\t\t\t\t\t<div class=\"elementor-container elementor-column-gap-default\">\n\t\t\t\t\t<div class=\"elementor-column elementor-col-100 elementor-top-column elementor-element elementor-element-320524c5\" data-id=\"320524c5\" data-element_type=\"column\">\n\t\t\t<div class=\"elementor-widget-wrap elementor-element-populated\">\n\t\t\t\t\t\t<div class=\"elementor-element elementor-element-15f4f884 elementor-widget elementor-widget-text-editor\" data-id=\"15f4f884\" data-element_type=\"widget\" data-widget_type=\"text-editor.default\">\n\t\t\t\t<div class=\"elementor-widget-container\">\n\t\t\t\t\t\t\t\t\t<h2>Najem Instagram Hacker<\/h2>\n<p><!-- \/wp:heading --><!-- wp:paragraph --><\/p>\n<div data-id=\"45a8c67\" data-element_type=\"widget\" data-widget_type=\"text-editor.default\">\n<div>\n<div data-id=\"68dc6d6\" data-element_type=\"widget\" data-widget_type=\"text-editor.default\">\n<div>\n<div>\n<div>\n<div>\n<p>Na\u0161a profesionalna hekerska storitev je specializirana za vdiranje v ra\u010dun Instagram in vam ponuja mo\u017enost dostopa do katerega koli spletnega ra\u010duna ter spremljanje razli\u010dnih platform, kot so WhatsApp, Facebook, Discord, Snapchat in druge. Z na\u0161im programskim orodjem, ki je na voljo za osebne ra\u010dunalnike, iPhone in Android, lahko pridobite dostop do funkcij, kot so lokacija GPS v \u017eivo, spremljanje kamere in mikrofona, sporo\u010dil, e-po\u0161te, klicev, zgodovine brskalnika, snemanje zaslona ter obnovitev izbrisanih sporo\u010dil, datotek in medijev.\u00a0<\/p>\n<h3>Instagram Hacker za najem<\/h3>\n<p>\u010ce ste se zna\u0161li v nesre\u010dni situaciji izgubljenega ali vdrtega ra\u010duna Instagram, vam bo na\u0161a ekipa pravih profesionalnih hekerjev pomagala hitro in enostavno obnoviti ra\u010dun. Ne oklevajte in najemite profesionalnega hekerja Instagrama ter si povrnite nadzor nad svojim ra\u010dunom. Najem hekerja ra\u010duna Instagram.<\/p>\n<h3>Najem Hacker storitev za Instagram Hack<\/h3>\n<\/div>\n<\/div>\n<p>\u010ce ste izgubili dostop do ra\u010duna Instagram ali \u017eelite pridobiti dostop do ra\u010duna Instagram iz drugih razlogov, potrebujete to storitev. Lastniku ne po\u0161iljamo nobenih povezav ali sporo\u010dil, zato je ta storitev popolnoma diskretna in anonimna. Varnost na\u0161ih strank je za nas zelo pomembna in to upo\u0161tevamo pri opravljanju vseh opravil. Najemite profesionalne Instagram hekerje na spletu poceni. Heker ra\u010duna Instagram za najem.<\/p>\n<p><img decoding=\"async\" class=\"alignnone lazyload\" data-src=\"https:\/\/hireonlinehackers.com\/wp-content\/uploads\/2023\/09\/Instagram-Hacker-for-Hire-300x168.jpg\" alt=\"Najem Instagram Hacker\" width=\"230\" height=\"128\" src=\"data:image\/svg+xml;base64,PHN2ZyB3aWR0aD0iMSIgaGVpZ2h0PSIxIiB4bWxucz0iaHR0cDovL3d3dy53My5vcmcvMjAwMC9zdmciPjwvc3ZnPg==\" style=\"--smush-placeholder-width: 230px; --smush-placeholder-aspect-ratio: 230\/128;\" \/><\/p>\n<h3><span contenteditable=\"true\">Najem hekerja za Instagram<\/span><\/h3>\n<\/div>\n<\/div>\n<\/div>\n<\/div>\n<\/div>\n<p>Zagotavljamo enostaven postopek za najem <a href=\"https:\/\/rentahacker.io\/sl\/\">heker za Instagram<\/a>, ki je posebej zasnovan za pomo\u010d pri lovljenju prevaranega zakonca ali prevaranta. Na\u0161e storitve ponujajo cenovno ugodne mo\u017enosti za najem hekerja Instagrama. Ker imamo na voljo vrsto hekerskih storitev, vklju\u010dno z vdorom v ra\u010dun na Instagramu, vdorom v ra\u010dunalnik in izogibanjem varnostnim ukrepom, smo zanesljiva izbira za najem hekerjev Instagrama. Ne glede na to, ali ste izgubili dostop do svojega ra\u010duna na Instagramu ali iz upravi\u010denih razlogov potrebujete dostop do ra\u010duna nekoga drugega, lahko na\u0161a diskretna in anonimna storitev izpolni va\u0161e potrebe.<\/p>\n<h3>Pla\u010dajte nekomu za kramp Instagrama<\/h3>\n<p>Na\u0161a ekipa usposobljenih hekerjev je specializirana za vdore v Instagram in vam lahko pomaga pridobiti pomembne informacije ali re\u0161iti te\u017eave, povezane z ra\u010dunom. Ohranjamo najvi\u0161jo raven zaupnosti in zagotavljamo, da bodo va\u0161i osebni podatki med celotnim postopkom varni. Ne pustite, da va\u0161i sumi ali skrbi ostanejo brez odgovora - \u0161e danes najemite hekerja Instagrama in pridobite odgovore, ki jih potrebujete<a href=\"https:\/\/duckduckgo.com\/\" target=\"_blank\" rel=\"noopener\">.<\/a> Prednost dajemo zadovoljstvu strank in zagotavljamo hitre rezultate.<\/p>\n<h3>Najemite profesionalne Instagram hekerje<\/h3>\n<p>\u00a0<\/p>\n<p>Na\u0161i strokovni hekerji imajo dolgoletne izku\u0161nje na tem podro\u010dju in so opremljeni z najnovej\u0161imi orodji in tehnikami za uspe\u0161no vdiranje v Instagram. Bodite prepri\u010dani, da so na\u0161e storitve popolnoma zakonite in eti\u010dne, saj se dr\u017eijo strogih eti\u010dnih standardov. Ne oklevajte ve\u010d - prevzemite nadzor nad svojim ra\u010dunom na Instagramu ali pridobite dostop do informacij, ki jih potrebujete, tako da zdaj najamete na\u0161e zaupanja vredne hekerje za Instagram. Najem hekerja za ra\u010dun Instagram.<\/p>\n<p>Ko pri nas naro\u010dite programerja Instagrama, boste dobili dovoljenje za najbolj idealnega programerja v poslu. Imamo skupino izjemno nadarjenih in izku\u0161enih tehno-umetnikov, ki vam lahko pomagajo pri vseh va\u0161ih hekerskih potrebah.<\/p>\n<h3>Pla\u010dilo za kramp ra\u010dun Instagram<\/h3>\n<p>Na\u0161a uprava ponuja ljudem mo\u017enost, da najamejo programerja Instagrama. Z zaposlitvijo programerja prek na\u0161e uprave lahko stranke pridejo do zapisa katere koli samske osebe, ki jo izberejo, ne glede na to, ali imajo prijavne podatke ali ne.<\/p>\n<h4>Instagram ra\u010dun Hacker za najem<\/h4>\n<p>To strankam omogo\u010da obnovitev izbrisanih fotografij in spreminjanje gesel, od tu naprej pa so mo\u017enosti \u0161e bolj omejene. Uporabljamo zapleten znanstveni jezik, da zagotovimo, da so na\u0161i programerji resni\u010dno neverjetni. V svoje delo vlagamo z vsem srcem in moramo zagotoviti, da so na\u0161e stranke na splo\u0161no zadovoljne z rezultati. Pla\u010dilo za vdor v ra\u010dun Instagram.<\/p>\n<h4>Zakaj izbrati nas za Instagram Hacker za najem?<\/h4>\n<p>Obstaja nekaj razlogov, zakaj najeti Instagram hekerji od nas. Najpomembnej\u0161i razlog je morda ta, da imamo veliko \u0161tevilo usposobljenih in izku\u0161enih hekerjev, ki vam lahko pomagajo pri najrazli\u010dnej\u0161ih hekerskih potrebah. Poleg tega ponujamo konkuren\u010dne cene, 24-urno podporo strankam in jamstvo za zadovoljstvo 100%.<\/p>\n<p><span class=\"kY2IgmnCmOGjharHErah\">Konstruktivno sodelovanje in u\u010denje o podvigih, industrijskih standardih, sivem in belem klobuku hekerjev, novi tehnologiji hekerskih napadov na strojno in programsko opremo, izmenjava idej in predlogov za varnost malih podjetij in osebno varnost. <\/span><\/p>\n<div data-id=\"45a8c67\" data-element_type=\"widget\" data-widget_type=\"text-editor.default\">\n<div>\n<p><img decoding=\"async\" data-src=\"https:\/\/hireonlinehackers.com\/wp-content\/uploads\/2023\/01\/5-star-300x158.jpg\" alt=\"Strokovni heker za najem storitev\" width=\"36\" height=\"19\" src=\"data:image\/svg+xml;base64,PHN2ZyB3aWR0aD0iMSIgaGVpZ2h0PSIxIiB4bWxucz0iaHR0cDovL3d3dy53My5vcmcvMjAwMC9zdmciPjwvc3ZnPg==\" class=\"lazyload\" style=\"--smush-placeholder-width: 36px; --smush-placeholder-aspect-ratio: 36\/19;\" \/><\/p>\n<\/div>\n<\/div>\n<p><!-- \/wp:paragraph --><!-- wp:heading --><!-- \/wp:paragraph --><\/p>\t\t\t\t\t\t\t\t<\/div>\n\t\t\t\t<\/div>\n\t\t\t\t\t<\/div>\n\t\t<\/div>\n\t\t\t\t\t<\/div>\n\t\t<\/section>\n\t\t\t\t<section class=\"elementor-section elementor-top-section elementor-element elementor-element-da4e662 elementor-section-boxed elementor-section-height-default elementor-section-height-default default-style\" data-id=\"da4e662\" data-element_type=\"section\" data-settings=\"{&quot;rt_color_sets&quot;:&quot;default-style&quot;}\">\n\t\t\t\t\t\t<div class=\"elementor-container elementor-column-gap-default\">\n\t\t\t\t\t<div class=\"elementor-column elementor-col-50 elementor-top-column elementor-element elementor-element-db924fe\" data-id=\"db924fe\" data-element_type=\"column\">\n\t\t\t<div class=\"elementor-widget-wrap elementor-element-populated\">\n\t\t\t\t\t\t<div class=\"elementor-element elementor-element-0485719 elementor-widget elementor-widget-image\" data-id=\"0485719\" data-element_type=\"widget\" data-widget_type=\"image.default\">\n\t\t\t\t<div class=\"elementor-widget-container\">\n\t\t\t\t\t\t\t\t\t\t\t\t\t\t\t<img fetchpriority=\"high\" decoding=\"async\" width=\"768\" height=\"288\" src=\"https:\/\/rentahacker.io\/wp-content\/uploads\/2022\/11\/Buy-Registered-Documents.jpg\" class=\"attachment-large size-large wp-image-4545\" alt=\"Najem temnih spletnih hekerjev\" srcset=\"https:\/\/rentahacker.io\/wp-content\/uploads\/2022\/11\/Buy-Registered-Documents.jpg 768w, https:\/\/rentahacker.io\/wp-content\/uploads\/2022\/11\/Buy-Registered-Documents-300x113.jpg 300w, https:\/\/rentahacker.io\/wp-content\/uploads\/2022\/11\/Buy-Registered-Documents-600x225.jpg 600w\" sizes=\"(max-width: 768px) 100vw, 768px\" \/>\t\t\t\t\t\t\t\t\t\t\t\t\t\t\t<\/div>\n\t\t\t\t<\/div>\n\t\t\t\t\t<\/div>\n\t\t<\/div>\n\t\t\t\t<div class=\"elementor-column elementor-col-50 elementor-top-column elementor-element elementor-element-bff131d\" data-id=\"bff131d\" data-element_type=\"column\">\n\t\t\t<div class=\"elementor-widget-wrap elementor-element-populated\">\n\t\t\t\t\t\t<div class=\"elementor-element elementor-element-db6bcbe elementor-widget elementor-widget-heading\" data-id=\"db6bcbe\" data-element_type=\"widget\" data-widget_type=\"heading.default\">\n\t\t\t\t<div class=\"elementor-widget-container\">\n\t\t\t\t\t<h2 class=\"elementor-heading-title elementor-size-default\">Instagram hekerji 15 minut<\/h2>\t\t\t\t<\/div>\n\t\t\t\t<\/div>\n\t\t\t\t\t<\/div>\n\t\t<\/div>\n\t\t\t\t\t<\/div>\n\t\t<\/section>\n\t\t\t\t<\/div>","protected":false},"excerpt":{"rendered":"<p>Najem Instagram Hacker Na\u0161a profesionalna hekerska storitev je specializirana za vdiranje v Instagram ra\u010dun, ki vam ponuja mo\u017enost dostopa do kateregakoli spletnega ra\u010duna in spremljanje razli\u010dnih platform, kot so WhatsApp, Facebook, Discord, Snapchat in druge. Z na\u0161im programskim orodjem, ki je na voljo za PC, iPhone in Android, lahko dostopate do funkcij, kot so lokacija GPS v \u017eivo, kamera in druge funkcije.<\/p>","protected":false},"author":1,"featured_media":5029,"parent":0,"menu_order":0,"comment_status":"closed","ping_status":"open","template":"","meta":{"footnotes":""},"class_list":["post-5026","page","type-page","status-publish","has-post-thumbnail","hentry"],"_links":{"self":[{"href":"https:\/\/rentahacker.io\/sl\/wp-json\/wp\/v2\/pages\/5026","targetHints":{"allow":["GET"]}}],"collection":[{"href":"https:\/\/rentahacker.io\/sl\/wp-json\/wp\/v2\/pages"}],"about":[{"href":"https:\/\/rentahacker.io\/sl\/wp-json\/wp\/v2\/types\/page"}],"author":[{"embeddable":true,"href":"https:\/\/rentahacker.io\/sl\/wp-json\/wp\/v2\/users\/1"}],"replies":[{"embeddable":true,"href":"https:\/\/rentahacker.io\/sl\/wp-json\/wp\/v2\/comments?post=5026"}],"version-history":[{"count":16,"href":"https:\/\/rentahacker.io\/sl\/wp-json\/wp\/v2\/pages\/5026\/revisions"}],"predecessor-version":[{"id":5786,"href":"https:\/\/rentahacker.io\/sl\/wp-json\/wp\/v2\/pages\/5026\/revisions\/5786"}],"wp:featuredmedia":[{"embeddable":true,"href":"https:\/\/rentahacker.io\/sl\/wp-json\/wp\/v2\/media\/5029"}],"wp:attachment":[{"href":"https:\/\/rentahacker.io\/sl\/wp-json\/wp\/v2\/media?parent=5026"}],"curies":[{"name":"wp","href":"https:\/\/api.w.org\/{rel}","templated":true}]}}