{"id":4991,"date":"2023-09-10T16:41:53","date_gmt":"2023-09-10T16:41:53","guid":{"rendered":"https:\/\/hireonlinehackers.com\/?page_id=4991"},"modified":"2025-09-27T06:54:59","modified_gmt":"2025-09-27T06:54:59","slug":"najem-hekerja-za-whatsapp","status":"publish","type":"page","link":"https:\/\/rentahacker.io\/sl\/najem-hekerja-za-whatsapp\/","title":{"rendered":"WhatsApp Hacker"},"content":{"rendered":"<div data-elementor-type=\"wp-page\" data-elementor-id=\"4991\" class=\"elementor elementor-4991\">\n\t\t\t\t\t\t<section class=\"elementor-section elementor-top-section elementor-element elementor-element-21ed0537 elementor-section-boxed elementor-section-height-default elementor-section-height-default default-style\" data-id=\"21ed0537\" data-element_type=\"section\" data-settings=\"{&quot;rt_color_sets&quot;:&quot;default-style&quot;}\">\n\t\t\t\t\t\t<div class=\"elementor-container elementor-column-gap-default\">\n\t\t\t\t\t<div class=\"elementor-column elementor-col-100 elementor-top-column elementor-element elementor-element-320524c5\" data-id=\"320524c5\" data-element_type=\"column\">\n\t\t\t<div class=\"elementor-widget-wrap elementor-element-populated\">\n\t\t\t\t\t\t<div class=\"elementor-element elementor-element-15f4f884 elementor-widget elementor-widget-text-editor\" data-id=\"15f4f884\" data-element_type=\"widget\" data-widget_type=\"text-editor.default\">\n\t\t\t\t<div class=\"elementor-widget-container\">\n\t\t\t\t\t\t\t\t\t<h2>Najem WhatsApp Hacker<\/h2>\n<p><!-- \/wp:heading --><!-- wp:paragraph --><\/p>\n<div data-id=\"45a8c67\" data-element_type=\"widget\" data-widget_type=\"text-editor.default\">\n<div>\n<div data-id=\"68dc6d6\" data-element_type=\"widget\" data-widget_type=\"text-editor.default\">\n<div>\n<p>WhatsApp hacker za najem storitev je na voljo po razumnih cenah kot samostojno WhatsApp kramp storitev, kot tudi del telefona hacking storitev, ki omogo\u010da dostop do WhatsApp, kot tudi. Na\u0161e cene so med najbolj\u0161imi v panogi in lahko ste prepri\u010dani o 100% zaupnosti in tajnosti tako va\u0161e komunikacije z nami kot storitve hekanja WhatsAppa, ki jo zagotavljamo, in ste prepri\u010dani o njeni nepremagljivosti v vseh okoli\u0161\u010dinah.  WhatsApp ra\u010dun Hacker za najem. Najem WhatsApp Hacker.<\/p>\n<p>WhatsApp hacker za najem storitev se lahko zagotovi v 24 urah, \u010de je nujno za vas, ki nosi majhno dopla\u010dilo, ki je vklju\u010dena v ceno. \u010ce ste pripravljeni \u010dakati dlje, lahko zaprosite za popust, ki ga zagotavljamo za neprednostne zahteve za storitev hekerja WhatsApp. <span contenteditable=\"true\">Najemite temne spletne hekerje.<\/span><\/p>\n<h4>Vdiranje v aplikacijo Kaj je<\/h4>\n<p>WhatsApp je \u0161iroko uporabljena storitev, zlasti v Zdru\u017eenem kraljestvu, in kot si lahko predstavljate, ve\u010dina na\u0161ih WhatsApp hacker za najem storitev prihaja iz Zdru\u017eenega kraljestva. Zagotavljamo popoln dostop do ra\u010dunov WhatsApp, vklju\u010dno s poslanimi in prejetimi sporo\u010dili, slikami in videoposnetki ter tudi posnetki glasovnih in video klicev.<br \/>Prosimo, da izpolnite na\u0161 kontaktni obrazec za ve\u010d podrobnosti in zahtevajte storitev WhatsApp hacking.<\/p>\n<div id=\"attachment_5000\" style=\"width: 310px\" class=\"wp-caption alignnone\"><img decoding=\"async\" aria-describedby=\"caption-attachment-5000\" data-src=\"https:\/\/hireonlinehackers.com\/wp-content\/uploads\/2023\/09\/WhatsApp-hacker-300x141.jpg\" alt=\"WhatsApp Hacker za najem\" width=\"300\" height=\"141\" src=\"data:image\/svg+xml;base64,PHN2ZyB3aWR0aD0iMSIgaGVpZ2h0PSIxIiB4bWxucz0iaHR0cDovL3d3dy53My5vcmcvMjAwMC9zdmciPjwvc3ZnPg==\" class=\"lazyload\" style=\"--smush-placeholder-width: 300px; --smush-placeholder-aspect-ratio: 300\/141;\" \/><p id=\"caption-attachment-5000\" class=\"wp-caption-text\">WhatsApp Hacker za najem<\/p><\/div>\n<h1>Najem Hacker za WhatsApp<\/h1>\n<p>Na\u0161a agencija zagotavlja vse vrste storitev hekanja, povezanih z WhatsApp z uspe\u0161nim zapisom in pregledi.<\/p>\n<p>Vse spletne storitve bodo opravljene po ugodni ceni in v dolo\u010denem roku. Zaradi teh posebnosti smo #1 v svetu hekerstva.<\/p>\n<p>Torej, \u010de \u017eelite najeti Hacker - WhatsApp na najem, potem je na\u0161a agencija najbolj\u0161a za vas. Najem WhatsApp Hacker.<\/p>\n<p>Preverite, zakaj so spletne hekerske storitve na\u0161e agencije s certifikatom white hat bolj\u0161e od storitev drugih profesionalno certificiranih eti\u010dnih hekerjev.<\/p>\n<h2>Get WhatsApp Hacking Storitve na \u010das<\/h2>\n<p>Ko<br \/>Na\u0161a stranka izbere na\u010drt v skladu z zahtevami. \u017delijo si nekaj lastnosti tistega \u010dloveka ali agencije, ki ga bodo najeli v najem.<\/p>\n<p>Za nekatere je lahko cena ugodna, saj je za nekatere posameznike denar pomemben. Toda vsakdo \u017eeli, da je njegova naloga opravljena zelo hitro in v najkraj\u0161em mo\u017enem \u010dasu.<\/p>\n<div>\n<div>\n<h3>Kje najeti hekerja za WhatsApp<\/h3>\n<\/div>\n<\/div>\n<p>Ljudje najamejo Hacker za WhatsApp, ker potrebujejo vse podrobnosti za to.<br \/>\u017delijo najti rezultate tako hitro, kot je svetlobna hitrost.<\/p>\n<p>Svetlobna hitrost ni mogo\u010de za nikogar, vendar vam zagotavljamo, da zagotavljajo WhatsApp hekerske storitve pravo\u010dasno, ki je dana za vas.<\/p>\n<div style=\"width: 310px\" class=\"wp-caption alignnone\"><img fetchpriority=\"high\" decoding=\"async\" src=\"https:\/\/hireonlinehackers.com\/wp-content\/uploads\/2023\/09\/Social-Media-Accounts-Hack-300x200.jpg\" alt=\"Najem WhatsApp Hacker\" width=\"300\" height=\"200\" \/><p class=\"wp-caption-text\">Najem WhatsApp Hacker<\/p><\/div>\n<h2>Najem WhatsApp Hacker na poceni ceno<\/h2>\n<p>Ko greste za beli klobuk hekerji za WhatsApp storitve, povezane z vdori,<br \/>lahko zara\u010dunajo pribli\u017eno $500 ali morda ve\u010d. Toda na\u0161a agencija verjame v dolgoro\u010dne odnose. Najem WhatsApp Hacker.<\/p>\n<p>Zato na\u0161a agencija ponuja profesionalni beli klobuk WhatsApp <a title=\"heker v najemu\" href=\"https:\/\/rentahacker.io\/sl\/\">hekerji <\/a><a href=\"https:\/\/allhackerforhire.com\/hire-a-hacker\/\" target=\"_blank\" rel=\"noopener\">na spletni strani . <\/a><a title=\"heker v najemu\" href=\"https:\/\/allhackerforhire.com\/hackers-for-hire\/\" target=\"_blank\" rel=\"noopener\">najem<\/a> po zelo ugodni ceni. Primerjate lahko tudi cene iz drugih virov.<\/p>\n<h4>Obstaja nekaj korakov, preden se odlo\u010dite za WhatsApp hekerske storitve.<\/h4>\n<ul>\n<li>Najprej se odlo\u010dite, kaj \u017eelite.<\/li>\n<li>Nato preverite cene in obi\u0161\u010dite <a href=\"https:\/\/rentahacker.io\/sl\/najemite-hekerja\/\" target=\"_blank\" rel=\"noopener\">. <\/a><a href=\"https:\/\/allhackerforhire.com\/\" target=\"_blank\" rel=\"noopener\">ri\u017e<\/a> stran.<\/li>\n<li>Izberite paket, ki vam ustreza.<\/li>\n<li>Po\u0161ljite nam vsa podrobna vpra\u0161anja.<\/li>\n<li>Po\u0161ljite nam e-po\u0161tno sporo\u010dilo ali klepetajte s podporo.<\/li>\n<li>\u010ce je z ekipo za podporo vse jasno, se odlo\u010dite za to.<\/li>\n<\/ul>\n<div>\n<h4>Profesionalni hekerji se obrnejo na<\/h4>\n<\/div>\n<div>\n<div>\n<p><span data-preserver-spaces=\"true\">Whatsapp je brezpla\u010dna aplikacija za po\u0161iljanje sporo\u010dil za pametne telefone, ki je trenutno v lasti dru\u017ebe Facebook. Je ena najve\u010djih<br \/>spletne platforme dru\u017eabnih medijev. Glavni razlog za to, da je WhatsApp tako<br \/>priljubljenost je posledica mednarodnega bazena uporabnikov. Vmesnik je enostaven<br \/>razumeti, uporabnikov pa je ve\u010d kot 2 milijardi. WhatsApp ra\u010dun Hacker za najem.<\/span><\/p>\n<h3>WhatsApp ra\u010dun Hacker za najem<\/h3>\n<p><span data-preserver-spaces=\"true\">Ne glede na to, ali gre za osebno uporabo ali poslovne namene, se uporabniki po\u010dutijo bolj udobno, \u010de svoje informacije posredujejo prek aplikacije WhatsApp. Zaradi \u0161ifriranega sporo\u010danja od konca do konca je postal bolj priljubljen in uporabnike prepri\u010dal, da ga uporabljajo. Kljub temu so triki za vdiranje v aplikacijo WhatsApp mo\u017eni z dovolj znanja. Z mo\u017enimi hekerskimi triki boste lahko pridobili dostop do uporabnikovega ra\u010duna.  Kje lahko najamete hekerja za WhatsApp.<br \/><\/span><\/p>\n<h4><span data-preserver-spaces=\"true\">Razpravljali bomo o tem, kako kramp<\/span><\/h4>\n<p><span data-preserver-spaces=\"true\">Whatsapp ra\u010duni z eti\u010dno vdiranje v preostalem delu \u010dlanka. Eti\u010dno vdiranje je varen pristop, pri katerem spoznate pomanjkljivosti sistema, da pove\u010date varnost. Razpravljali bomo tudi o tem, kako najeti hekerja za WhatsApp na spletu, da bi nekoga vohunili. \u010ce ste zaskrbljeni star\u0161, ki \u017eeli nadzorovati svoje otroke, ali \u0161ef, ki \u017eeli preveriti zaposlene, potem je poznavanje trikov goljufanja za WhatsApp pomembno. <\/span>Strokovni hekerji se obrnite na.<\/p>\n<h2><strong><span data-preserver-spaces=\"true\">Kako sinhronizirati napravo s spletnim brskalnikom prek kode QR kot WhatsApp Hacking Tricks.<\/span><\/strong><\/h2>\n<p><span data-preserver-spaces=\"true\">Metoda je zelo preprosta in vse, kar potrebujete, je, da pridobite mobilni telefon ciljnega uporabnika. Ko pridobite mobilni telefon \u017ertve, ste pripravljeni na delo. Spletno storitev WhatsApp moramo uporabiti v svojo korist. \u010ce \u017eelite izkoristiti storitev, pojdite na \"<\/span><a href=\"https:\/\/web.whatsapp.com\" target=\"_blank\" rel=\"noopener\"><span data-preserver-spaces=\"true\">https:\/\/web.whatsapp.com<\/span><\/a><span data-preserver-spaces=\"true\">\" v ra\u010dunalniku. \u010ce \u017eelite uporabljati mobilno napravo, morate namestiti<br \/>aplikacijo, imenovano \"Whatsapp Web\". Zdaj je glavni postopek naslednji-<\/span><\/p>\n<ol>\n<li><span data-preserver-spaces=\"true\">Odprite model, v katerem \u017eelite dostopati do sporo\u010dil - uporabite lahko osebni ra\u010dunalnik ali mobilno napravo.<\/span><\/li>\n<li><span data-preserver-spaces=\"true\">\u010ce \u017eelite do njega dostopati iz ra\u010dunalnika, odprite spletne brskalnike tako, da vnesete \"<\/span><a href=\"https:\/\/web.whatsapp.com\" target=\"_blank\" rel=\"noopener\"><span data-preserver-spaces=\"true\">https:\/\/web.whatsapp.com<\/span><\/a><span data-preserver-spaces=\"true\">.\"<br \/>Na spletnem mestu boste morali skenirati navedeno kodo QR. Po skeniranju<br \/>je dokon\u010dana iz \u017ertvinega mobilnega telefona, ozna\u010dite mo\u017enost \"Keep me logged<br \/>v.\"<\/span><\/li>\n<li><span data-preserver-spaces=\"true\">Za mobilne uporabnike odprite spletno aplikacijo WhatsApp.<\/span><\/li>\n<li><span data-preserver-spaces=\"true\">Skenirajte kodo QR iz mobilne aplikacije \u017ertvine naprave po - WhatsApp Menu-&gt;WhatsApp Web.<\/span><\/li>\n<\/ol>\n<p><span data-preserver-spaces=\"true\">Zdaj, ko ste se prijavili, boste imeli dostop do vseh sporo\u010dil in datotek. Vendar pa izbrisani pogovor ali besedilo ne bo prikazano v uporabni\u0161kem vmesniku. Najpomembnej\u0161e opozorilo pri tej metodi je, da morate imeti mobilno napravo ciljnega uporabnika. Metoda ne bo uspe\u0161na, \u010de mobilna naprava \u017ertve ni prisotna pri vas.<\/span><\/p>\n<h2><strong><span data-preserver-spaces=\"true\">Kako kramp WhatsApp Pogovori z uporabo WSP 3.0<\/span><\/strong><\/h2>\n<p><span data-preserver-spaces=\"true\">Pri tej metodi boste videli vse klepete in pogovore ciljnega uporabnika. Uporabiti morate<br \/>WhatsApp Scan Pro (WSP). Prenesete lahko datoteko APK, ki je na voljo na spletu. WSP deluje kot zlonamerna programska oprema. Vsebuje virus, ki je prilo\u017een skupaj s fotografijo, ki jo nameravate poslati ciljnemu uporabniku.<\/span><\/p>\n<p><span data-preserver-spaces=\"true\">\u017drtev se ujame v past, \u010de klikne na poslano fotografijo. Zato je treba poslati fotografijo, ki \u017ertev pritegne, da jo klikne. Ko \u017ertev odpre fotografijo, se virus samodejno za\u017eene v napravo.<\/span><\/p>\n<h4><span data-preserver-spaces=\"true\">Prosti hekerji za najem<br \/><\/span><\/h4>\n<p><span data-preserver-spaces=\"true\">\u00a0WSP pomaga pri blokiranju dejavnosti z zadnjimi vrati v okviru in vzpostavljanju povezave s hekerjem. Ko heker pridobi dostop, se kode QR opti\u010dno preberejo iz ciljnega mobilnega sporo\u010dilnika.<\/span><\/p>\n<p><span data-preserver-spaces=\"true\">Koda se spremeni vsakih 10 sekund. Vendar lahko heker postopek spremlja neprekinjeno. Heker<br \/>takoj po vzpostavitvi povezave pridobi dostop do \u017ertvine seje.<br \/>ustanovljen.\u00a0<\/span><\/p>\n<p><span data-preserver-spaces=\"true\">Upo\u0161tevati je treba, da mora biti internetna povezava stabilna in hitra.<\/span><\/p>\n<h4><strong><span data-preserver-spaces=\"true\">Kako Hack WhatsApp z izvozom zgodovine klepeta\u00a0\u00a0<\/span><\/strong><\/h4>\n<p><span data-preserver-spaces=\"true\">To je najhitrej\u0161i na\u010din za kramp<br \/>WhatsApp ciljnega uporabnika. Ta WhatsApp hacking trik za WhatsApp je precej podoben prvi metodi, omenjeni v \u010dlanku. Postopek je naslednji.<\/span><\/p>\n<ol>\n<li><span data-preserver-spaces=\"true\">Vzemite \u017ertvino mobilno napravo in odprite aplikacijo WhatsApp.<\/span><\/li>\n<li><span data-preserver-spaces=\"true\">Kliknite ikono Meni. Ikona so tri navpi\u010dne pike na zgornji strani vmesnika aplikacije.<\/span><\/li>\n<li><span data-preserver-spaces=\"true\">Zdaj kliknite Nastavitve -&gt;Klepet -&gt; Zgodovina klepeta -&gt; Izvozi klepet ( z ali brez zgodovine medijev, kot \u017eelite )<\/span><\/li>\n<li><span data-preserver-spaces=\"true\">Odprite Gmail in vnesite e-po\u0161tni naslov, ki ga \u017eelite poslati.\u00a0<\/span><\/li>\n<li><span data-preserver-spaces=\"true\">Kliknite na Izvoz\u00a0<\/span><\/li>\n<\/ol>\n<p><span data-preserver-spaces=\"true\">Datoteka (v besedilni obliki), vklju\u010dno z medijsko datoteko (\u010de je izbrana), bo nalo\u017eena po po\u0161ti. Pritisnite \"Po\u0161lji\", da dokon\u010date nalogo. Datoteko lahko prevzamete zdaj ali pozneje iz po\u0161te.\u00a0<\/span><\/p>\n<p>Spoznajte ve\u010d trikov o - Najem eti\u010dni Hacker za Hack WhatsApp ra\u010dun.<\/p>\n<h5><strong><span data-preserver-spaces=\"true\">Kako najeti hekerje za vdiranje v ra\u010dun WhatsApp\u00a0<\/span><\/strong><\/h5>\n<p><span data-preserver-spaces=\"true\">Ni priporo\u010dljivo najeti hekerja, da bi vdrl v ra\u010dun WhatsApp nekoga. Glavni razlog je, da je veliko<br \/>ve\u010dkrat je lahko prevara. Veliko ljudi se je prito\u017eilo, da niso prejeli storitve, \u010deprav so jim zara\u010dunali celoten znesek. Izbira te mo\u017enosti je lahko za vas bli\u017enjica, saj se vam ni treba vklju\u010diti v postopek vdiranja. Vendar so tudi tveganja velika.<\/span><\/p>\n<p><span data-preserver-spaces=\"true\">Nekatera spletna mesta zara\u010dunajo visok znesek, \u010de ni zagotovila, da vas ne bodo prevarali. Vzemite<br \/>storitev ob upo\u0161tevanju vseh mo\u017enih tveganj. Toda zakonito hekanje<br \/>strani lahko opravijo delo za vas brez prevare.<\/span><\/p>\n<p><span data-preserver-spaces=\"true\">\u00a0\u010ce ste prepri\u010dani, da \u017eelite najeti hekerja, sledite tej povezavi in se obrnite na: <\/span><a href=\"https:\/\/rentahacker.io\/sl\/\" target=\"_blank\" rel=\"noopener\">Rentahacker.io<\/a><span data-preserver-spaces=\"true\"> Tu boste dobili \u017eeleno storitev, kot je bilo obljubljeno, \u010deprav pla\u010dilo ne bo poceni.\u00a0<\/span><\/p>\n<h4><span data-preserver-spaces=\"true\">To so naslednje aplikacije WhatsApp<\/span><\/h4>\n<p><span data-preserver-spaces=\"true\">Hacking triki, ki jih lahko preizkusite tudi sami. Priporo\u010dljivo je, da teh metod ne uporabljate za nezakonite dejavnosti. Te informacije raje uporabite kot previdnostni ukrep, ki ga lahko izvedete za pove\u010danje varnosti svojega ra\u010duna. \u010ce pa ste sumni\u010davi glede osebe, ki jo poznate in bi lahko bila vpletena v nezakonita dejanja. Potem uporabite te metode za vohunjenje za njimi in sledenje njihovim dejavnostim.<\/span><\/p>\n<\/div>\n<\/div>\n<\/div>\n<\/div>\n<h3>Whatsapp Hack Online<\/h3>\n<p>I\u0161\u010dete kramp WhatsApp sporo\u010dila, avdio in video posnetke svojega prijatelja ali prijateljice na spletu? \u010ce je tako, potem ste na pravem mestu Tu lahko vdrete v sporo\u010dila WhatsApp vseh sorodnikov ali prijateljev in glavni del tega je, da to lahko storite brezpla\u010dno. Zato bomo zdaj videli, kako lahko vdremo v spletno aplikacijo WhatsApp in kako lahko svoje prijatelje in sorodnike iz\u017evi\u017egamo tako, da jim prika\u017eemo njihova lastna sporo\u010dila. Upo\u0161tevajte, da je to premijsko orodje, vendar je na voljo brezpla\u010dno na na\u0161i spletni strani, zato lahko u\u017eivate v na\u0161i brezpla\u010dni storitvi. Prosti hekerji za najem.<\/p>\n<h4>Koraki Kako lahko kramp WhatsApp na spletu?<\/h4>\n<p>Na vrhu na\u0161ega spletnega mesta so na voljo 3 mo\u017enosti, ki jih je treba izpolniti.<\/p>\n<p>\u00a0\u00a0\u00a0 V prvi stolpec vnesite telefonsko \u0161tevilko, na katero \u017eelite vdreti v telefonsko \u0161tevilko \u017ertve (s kodo dr\u017eave).<br \/>\u00a0\u00a0\u00a0 V drugem stolpcu izberite, kaj \u017eelite kramp Na voljo so 4 mo\u017enosti sporo\u010dila, zvok, videoposnetki in vsi podatki lahko izberete poljubno 1 mo\u017enost od teh \u0161tirih. WhatsApp ra\u010dun Hacker za najem.<\/p>\n<h4><span tabindex=\"0\" role=\"textbox\" contenteditable=\"true\" data-placeholder=\"Example: Rank Math SEO\" aria-placeholder=\"Example: Rank Math SEO\" aria-autocomplete=\"both\" aria-multiline=\"false\">Najem WhatsApp Hacker Online<\/span><\/h4>\n<p>\u00a0\u00a0\u00a0 V tretjem stolpcu izberite, kje \u017eelite videti vdrte podatke Na voljo sta 2 mo\u017enosti, ki sta na voljo na spletu ali preneseni kot zip za prikaz brez povezave. V tem stolpcu lahko izberete katero koli mo\u017enost.<\/p>\n<p>\u00a0\u00a0\u00a0 Po izpolnitvi vseh informacij kliknite na gumb Hack Now in naslednji napredek bo opravil na\u0161 sistem. Ustvaril bo kode hash in preveril bazo podatkov WhatsApp, nato pa vam bo pokazal kramp rezultat.<br \/>\u00a0\u00a0\u00a0 Zadnji korak je, da prenesete ali si ogledate hekirane datoteke v tem koraku kramp dokazati, da ste \u010dlovek, ne robot samo dokazati, da z izpolnitvijo preprosto ponudbo. WhatsApp ra\u010dun Hacker za najem<a href=\"https:\/\/duckduckgo.com\/\" target=\"_blank\" rel=\"noopener\">.<\/a><\/p>\n<h4>Najemite nekoga, da vdre v ra\u010dun WhatsApp<\/h4>\n<p>Wow zdaj imate dostop do vdrtih podatkov Sporo\u010dila, zvo\u010dne posnetke in videoposnetke si lahko brezpla\u010dno ogledate na spletu ali brez povezave. \u0160e eno, prosimo, pomagajte na\u0161i spletni strani z deljenjem na Facebooku Google Plus in drugih spletnih mestih dru\u017ebenih medijev. Opomba - z enega IP-ja lahko vdrete samo v eno \u0161tevilko. Na spodnji sliki si lahko ogledate dokaz o vdoru. ENJOY!! WhatsApp ra\u010dun Hacker za najem.<\/p>\n<p><img decoding=\"async\" data-src=\"https:\/\/hireonlinehackers.com\/wp-content\/uploads\/2023\/01\/5-star-300x158.jpg\" alt=\"Strokovni heker za najem storitev\" width=\"36\" height=\"19\" src=\"data:image\/svg+xml;base64,PHN2ZyB3aWR0aD0iMSIgaGVpZ2h0PSIxIiB4bWxucz0iaHR0cDovL3d3dy53My5vcmcvMjAwMC9zdmciPjwvc3ZnPg==\" class=\"lazyload\" style=\"--smush-placeholder-width: 36px; --smush-placeholder-aspect-ratio: 36\/19;\" \/><\/p>\n<\/div>\n<\/div>\n<p><!-- \/wp:paragraph --><!-- wp:heading --><!-- \/wp:paragraph --><\/p>\t\t\t\t\t\t\t\t<\/div>\n\t\t\t\t<\/div>\n\t\t\t\t\t<\/div>\n\t\t<\/div>\n\t\t\t\t\t<\/div>\n\t\t<\/section>\n\t\t\t\t<section class=\"elementor-section elementor-top-section elementor-element elementor-element-da4e662 elementor-section-boxed elementor-section-height-default elementor-section-height-default default-style\" data-id=\"da4e662\" data-element_type=\"section\" data-settings=\"{&quot;rt_color_sets&quot;:&quot;default-style&quot;}\">\n\t\t\t\t\t\t<div class=\"elementor-container elementor-column-gap-default\">\n\t\t\t\t\t<div class=\"elementor-column elementor-col-50 elementor-top-column elementor-element elementor-element-db924fe\" data-id=\"db924fe\" data-element_type=\"column\">\n\t\t\t<div class=\"elementor-widget-wrap elementor-element-populated\">\n\t\t\t\t\t\t<div class=\"elementor-element elementor-element-0485719 elementor-widget elementor-widget-image\" data-id=\"0485719\" data-element_type=\"widget\" data-widget_type=\"image.default\">\n\t\t\t\t<div class=\"elementor-widget-container\">\n\t\t\t\t\t\t\t\t\t\t\t\t\t\t\t<img decoding=\"async\" width=\"768\" height=\"288\" data-src=\"https:\/\/rentahacker.io\/wp-content\/uploads\/2022\/11\/Buy-Registered-Documents.jpg\" class=\"attachment-large size-large wp-image-4545 lazyload\" alt=\"Najem temnih spletnih hekerjev\" data-srcset=\"https:\/\/rentahacker.io\/wp-content\/uploads\/2022\/11\/Buy-Registered-Documents.jpg 768w, https:\/\/rentahacker.io\/wp-content\/uploads\/2022\/11\/Buy-Registered-Documents-300x113.jpg 300w, https:\/\/rentahacker.io\/wp-content\/uploads\/2022\/11\/Buy-Registered-Documents-600x225.jpg 600w\" data-sizes=\"(max-width: 768px) 100vw, 768px\" src=\"data:image\/svg+xml;base64,PHN2ZyB3aWR0aD0iMSIgaGVpZ2h0PSIxIiB4bWxucz0iaHR0cDovL3d3dy53My5vcmcvMjAwMC9zdmciPjwvc3ZnPg==\" style=\"--smush-placeholder-width: 768px; --smush-placeholder-aspect-ratio: 768\/288;\" \/>\t\t\t\t\t\t\t\t\t\t\t\t\t\t\t<\/div>\n\t\t\t\t<\/div>\n\t\t\t\t\t<\/div>\n\t\t<\/div>\n\t\t\t\t<div class=\"elementor-column elementor-col-50 elementor-top-column elementor-element elementor-element-bff131d\" data-id=\"bff131d\" data-element_type=\"column\">\n\t\t\t<div class=\"elementor-widget-wrap elementor-element-populated\">\n\t\t\t\t\t\t<div class=\"elementor-element elementor-element-db6bcbe elementor-widget elementor-widget-heading\" data-id=\"db6bcbe\" data-element_type=\"widget\" data-widget_type=\"heading.default\">\n\t\t\t\t<div class=\"elementor-widget-container\">\n\t\t\t\t\t<h2 class=\"elementor-heading-title elementor-size-default\"><span class=\"tagify__tag-text\">Najem temnih spletnih hekerjev<\/span><\/h2>\t\t\t\t<\/div>\n\t\t\t\t<\/div>\n\t\t\t\t\t<\/div>\n\t\t<\/div>\n\t\t\t\t\t<\/div>\n\t\t<\/section>\n\t\t\t\t<\/div>","protected":false},"excerpt":{"rendered":"<p>Najem WhatsApp Hacker Whatsapp hacker za najem storitev je na voljo po razumnih cenah kot samostojno WhatsApp kramp storitev, kot tudi del telefona hacking storitev, ki zagotavlja dostop do WhatsApp kot tudi. Na\u0161e cene so med najbolj\u0161imi v panogi in lahko ste prepri\u010dani o zaupnosti 100% in [...]<\/p>","protected":false},"author":1,"featured_media":4986,"parent":0,"menu_order":0,"comment_status":"closed","ping_status":"open","template":"","meta":{"footnotes":""},"class_list":["post-4991","page","type-page","status-publish","has-post-thumbnail","hentry"],"_links":{"self":[{"href":"https:\/\/rentahacker.io\/sl\/wp-json\/wp\/v2\/pages\/4991","targetHints":{"allow":["GET"]}}],"collection":[{"href":"https:\/\/rentahacker.io\/sl\/wp-json\/wp\/v2\/pages"}],"about":[{"href":"https:\/\/rentahacker.io\/sl\/wp-json\/wp\/v2\/types\/page"}],"author":[{"embeddable":true,"href":"https:\/\/rentahacker.io\/sl\/wp-json\/wp\/v2\/users\/1"}],"replies":[{"embeddable":true,"href":"https:\/\/rentahacker.io\/sl\/wp-json\/wp\/v2\/comments?post=4991"}],"version-history":[{"count":19,"href":"https:\/\/rentahacker.io\/sl\/wp-json\/wp\/v2\/pages\/4991\/revisions"}],"predecessor-version":[{"id":5815,"href":"https:\/\/rentahacker.io\/sl\/wp-json\/wp\/v2\/pages\/4991\/revisions\/5815"}],"wp:featuredmedia":[{"embeddable":true,"href":"https:\/\/rentahacker.io\/sl\/wp-json\/wp\/v2\/media\/4986"}],"wp:attachment":[{"href":"https:\/\/rentahacker.io\/sl\/wp-json\/wp\/v2\/media?parent=4991"}],"curies":[{"name":"wp","href":"https:\/\/api.w.org\/{rel}","templated":true}]}}