{"id":4967,"date":"2023-09-10T15:27:23","date_gmt":"2023-09-10T15:27:23","guid":{"rendered":"https:\/\/hireonlinehackers.com\/?page_id=4967"},"modified":"2025-09-27T06:22:03","modified_gmt":"2025-09-27T06:22:03","slug":"najem-telefona-heker","status":"publish","type":"page","link":"https:\/\/rentahacker.io\/sl\/najem-telefona-heker\/","title":{"rendered":"Telefonski hekerji"},"content":{"rendered":"<div data-elementor-type=\"wp-page\" data-elementor-id=\"4967\" class=\"elementor elementor-4967\">\n\t\t\t\t\t\t<section class=\"elementor-section elementor-top-section elementor-element elementor-element-21ed0537 elementor-section-boxed elementor-section-height-default elementor-section-height-default default-style\" data-id=\"21ed0537\" data-element_type=\"section\" data-settings=\"{&quot;rt_color_sets&quot;:&quot;default-style&quot;}\">\n\t\t\t\t\t\t<div class=\"elementor-container elementor-column-gap-default\">\n\t\t\t\t\t<div class=\"elementor-column elementor-col-100 elementor-top-column elementor-element elementor-element-320524c5\" data-id=\"320524c5\" data-element_type=\"column\">\n\t\t\t<div class=\"elementor-widget-wrap elementor-element-populated\">\n\t\t\t\t\t\t<div class=\"elementor-element elementor-element-15f4f884 elementor-widget elementor-widget-text-editor\" data-id=\"15f4f884\" data-element_type=\"widget\" data-widget_type=\"text-editor.default\">\n\t\t\t\t<div class=\"elementor-widget-container\">\n\t\t\t\t\t\t\t\t\t<h2>Najem telefona Hacker<\/h2>\n<p><!-- \/wp:heading --><!-- wp:paragraph --><\/p>\n<div data-id=\"45a8c67\" data-element_type=\"widget\" data-widget_type=\"text-editor.default\">\n<div>\n<div data-id=\"68dc6d6\" data-element_type=\"widget\" data-widget_type=\"text-editor.default\">\n<div>\n<p>Izposoja Telefonski heker. Storitev najem telefonskih hekerjev zagotavlja popolno spremljanje telefona, ki vam omogo\u010da poslu\u0161anje telefonskih klicev, ogled besedilnih sporo\u010dil in sporo\u010dil iMessage, Whatsapp, Instagram, Snapchat ter vseh drugih storitev sporo\u010danja in dru\u017eabnih medijev, ki se uporabljajo iz naprave. <span contenteditable=\"true\">Telefonski hekerji za najem storitev.<\/span><\/p>\n<p>\u00a0Na\u0161o storitev najema telefonskega hekerja lahko zahtevate tako, da izpolnite na\u0161 obrazec za stik z nami, ki je na voljo na dnu te strani. Pri naro\u010dilu na\u0161e storitve za najem telefonskega hekerja vam zagotavljamo zaupnost 100%. Va\u0161a komunikacija z nami je popolnoma varna. S popolnim zaupanjem naro\u010dite storitev hekanja telefona in dobite takoj\u0161nje odgovore od na\u0161e super aktivne podpore strankam.<a href=\"https:\/\/duckduckgo.com\/\" target=\"_blank\" rel=\"noopener\">.<\/a> Najemite hekerja mobilnega telefona.<\/p>\n<h3><span contenteditable=\"true\">Najem hekerja za vdor v mobilni telefon<\/span><\/h3>\n<p>Najem hekerja za mobilni telefon\/mobilni telefon za katero koli va\u0161o zahtevo, od spremljanja dejavnosti va\u0161ega otroka do ugotavljanja domnevnega varanja zakonca\/partnerja ali drugih zahtev za hekanje telefona, odvisno od va\u0161ih okoli\u0161\u010din. <span contenteditable=\"true\">Najemite hekerja, da vdre v mobilni telefon.<\/span><\/p>\n<div data-animation-style=\"fade\" data-animation-repeat=\"\" data-animation-duration=\"1000ms\" data-animation-delay=\"0ms\" data-animation-intensity=\"50%\" data-animation-starting-opacity=\"0%\" data-animation-speed-curve=\"ease-in-out\">\n<div>\n<h1>Oddaljeni mobilni telefonski hekerji za najem na spletu<\/h1>\n<h2>V spletu lahko vdremo v karkoli<\/h2>\n<\/div>\n<\/div>\n<div>\n<div>\n<p>Izposoja Telefonski heker. Skupino Keystroke Group sestavlja 50 certificiranih eti\u010dnih, sivih in \u010drnih klobukov. <a href=\"https:\/\/rentahacker.io\/sl\/\" target=\"_blank\" rel=\"noopener\">Hekerji na spletu<\/a>. Na\u0161a skupina je specializirana za vdore v mobilne telefone in digitalno forenziko. Zdaj lahko dostopate do vseh podatkov iz katerega koli pametnega telefona samo s \u0161tevilko mobilnega telefona.<a href=\"https:\/\/www.bing.com\/\" target=\"_blank\" rel=\"noopener\">.<\/a> Na\u0161e delo zajema tudi dostop do vseh ra\u010dunov v dru\u017eabnih medijih. Ra\u010dun je lahko aktiven, deaktiviran ali celo izbrisan. <span contenteditable=\"true\">Najemite hekerja, da vdre v mobilni telefon.<\/span><\/p>\n<div>\n<h2>Najem Hacker storitev vohun na mobilni telefon<\/h2>\n<p>V zadnjem \u010dasu je bil na splo\u0161no dose\u017een velik tehnolo\u0161ki napredek, zlasti na podro\u010dju tehnologije za spremljanje vohunjenja po mobilnih telefonih. Od razvoja aplikacij za vohunjenje po mobilnih telefonih do strokovnjakov, ki ponujajo svoje tehni\u010dne spretnosti in tehnolo\u0161ko znanje. Enega od njih lahko preprosto najamete\u00a0<a href=\"https:\/\/rentahacker.io\/sl\/\" target=\"_blank\" rel=\"noreferrer noopener\">zakoniti in preverjeni hekerji<\/a>\u00a0za spremljanje mobilnih telefonov in druge hekerske storitve, ki vas morda zanimajo. <span contenteditable=\"true\">Telefonski hekerji za najem storitev.<\/span><\/p>\n<p>Veliko ljudi se iz razli\u010dnih razlogov zanima za vohunjenje za mobilnimi telefoni drugih ljudi. Vendar so tri glavne kategorije ljudi, za katere je tehnologija vohunjenja po mobilnih telefonih \u0161e posebej uporabna glede na njihovo povpra\u0161evanje, naslednje: poro\u010deni pari, ki \u017eelijo vohuniti za svojim zakoncem, da bi se prepri\u010dali, da niso nezvesti, star\u0161i, ki \u017eelijo nadzorovati svoje otroke, in delodajalci, ki \u017eelijo nadzorovati svoje zaposlene. <span contenteditable=\"true\">Najemite hekerja, da vdre v mobilni telefon.<\/span><\/p>\n<h2>Najem Hacker za telefonsko vdiranje<\/h2>\n<p>Pri spremljanju mobilnih telefonov lahko zanesljivo in zanesljivo re\u0161itev najdete najbolje tako, da najamete profesionalno hekersko storitev, ki ji lahko zaupate. Vdiranje v ra\u010dunalnik in vdiranje v pametni telefon imata veliko skupnega, zato lahko za pomo\u010d pri pridobivanju dostopa do mobilne naprave za spremljanje zaupate le profesionalnemu hekerju. <span contenteditable=\"true\">Najemite hekerja, da vdre v mobilni telefon.<\/span><\/p>\n<p>Izposoja Telefonski heker. \u010ce posku\u0161ate na spletu poiskati, kako vohuniti za mobilnim telefonom, boste ve\u010dinoma na\u0161li vohunske aplikacije. Toda resnica je, da so vohunske aplikacije na splo\u0161no znane kot neu\u010dinkovite, in ne glede na ime vohunske aplikacije, vse na splo\u0161no delujejo podobno. Druga pomanjkljivost vohunskih aplikacij je, da morate imeti dostop do ciljne naprave, da jo lahko uporabite. <span contenteditable=\"true\">Telefonski hekerji za najem storitev<\/span><\/p>\n<div style=\"width: 310px\" class=\"wp-caption alignnone\"><img decoding=\"async\" data-src=\"https:\/\/hireonlinehackers.com\/wp-content\/uploads\/2023\/09\/Phone-Hackers-For-Hire-Service-300x158.jpg\" alt=\"Najem telefona Hacker\" width=\"300\" height=\"158\" src=\"data:image\/svg+xml;base64,PHN2ZyB3aWR0aD0iMSIgaGVpZ2h0PSIxIiB4bWxucz0iaHR0cDovL3d3dy53My5vcmcvMjAwMC9zdmciPjwvc3ZnPg==\" class=\"lazyload\" style=\"--smush-placeholder-width: 300px; --smush-placeholder-aspect-ratio: 300\/158;\" \/><p class=\"wp-caption-text\">Najem telefona Hacker<\/p><\/div>\n<h2>Re\u0161itev za storitve hekanja mobilnih telefonov<\/h2>\n<p>Vse Hacker For Hire je napreden mobilni telefon hekanje re\u0161itve, ki vam omogo\u010da vohun na vseh mobilnih telefonih, vklju\u010dno s telefoni iOS in android mobilnih telefonov. All Hacker For Hire vklju\u010duje vse najbolj\u0161e tehnologije za vohunjenje mobilnih telefonov v svojo re\u0161itev za vohunjenje telefonov in je ena redkih re\u0161itev za vohunjenje mobilnih telefonov, ki vam omogo\u010da namestitev in spremljanje ciljnega telefona na daljavo. Najemite telefonskega hekerja.<\/p>\n<h2>Zakaj ljudje najemajo profesionalne hekerje za najem<\/h2>\n<p>Ljudje najamejo profesionalne hekerje za najem, ki jim nudijo razli\u010dne hekerske storitve. V zadnjem poglavju tega \u010dlanka si bomo ogledali nekatere najpomembnej\u0161e storitve, za katere ljudje \u017eelijo najeti hekerja. Med najpogostej\u0161e storitve hekerjev za najem spadajo;<\/p>\n<p><strong>Najemite hekerja, ki bo ujel prevaranega zakonca:<\/strong>\u00a0V zadnjem \u010dasu se je zaradi tehnolo\u0161kega napredka pove\u010dala stopnja nezvestobe. Ljudje se lahko zdaj zlahka prijavijo na spletna mesta za zmenke, da bi iskali in se zapletli v zunajzakonske afere. Tudi mobilni telefoni so ljudem olaj\u0161ali opravljanje nezakonitih poslov. Zato se sumljivi pari obra\u010dajo na hekerje, da bi jim pomagali najti dokaze o zunajzakonskih aferah.<\/p>\n<p><strong>Najemite hekerja za vdor v mobilni telefon:<\/strong>\u00a0Vdiranje v mobilne telefone je \u0161e ena priljubljena storitev, ki jo potrebujejo ljudje, ki \u017eelijo najeti hekerje. Z vohunjenjem za mobilnim telefonom lahko spremljate vse, kar je na telefonu, na primer lokacijo GPS in vso komunikacijo.<\/p>\n<p><strong>Najemite hekerja, ki bo vdrl v ra\u010dune dru\u017ebenih medijev:\u00a0<\/strong>Na svetu je ve\u010d kot 4 milijarde ra\u010dunov v dru\u017eabnih medijih. Zato ni presenetljivo, da je tudi vdiranje v dru\u017ebene medije hekerska storitev, po kateri je veliko povpra\u0161evanje.<\/p>\n<p>Obstajajo tudi druge hekerske storitve, ki so zelo iskane, kot so hekanje spletnih strani, povrnitev izgubljenih, prevaranih ali ukradenih kriptovalut in sredstev, hekanje ali povrnitev vdrtih e-po\u0161tnih ra\u010dunov, hekanje ra\u010dunalni\u0161kih sistemov in drugo.<\/p>\n<p>Ne glede na to, kak\u0161no storitev \u017eelite, da najamete hekerja, lahko vedno zaupate enemu od zakonitih hekerjev, ki ponujajo prave hekerje za <a href=\"https:\/\/rentahacker.io\/sl\/profesionalni-hekerji-za-najem\/\">storitev najema<\/a> za zagotavljanje najbolj\u0161e hekerske storitve v va\u0161e zadovoljstvo.<\/p>\n<p>Storitve vdiranja v telefon<br \/>hekerji dru\u017ebenih medijev<br \/>Hekerji dru\u017ebenih medijev za najem<br \/>Najem hekerja za mobilni telefon<br \/>Hekerji iz temnega spleta za najem<br \/>Eti\u010dni hekerji za najem<br \/>Najemite nekoga, ki bo vdrl v telefon<br \/>Strokovne hekerske storitve<\/p>\n<p>Najem hekerja na spletu<br \/>Profesionalni hekerji za najem<br \/>Najem Facebook hekerja<br \/>Telefonski hekerji za najem<br \/>Najem hekerja poceni<br \/>Najem hekerja<br \/>Najem instagram hacker<br \/>Iphone hekerji za najem<\/p>\n<p>Ra\u010dunalni\u0161ki hekerji za najem<br \/>Kje lahko najamem hekerja<br \/>Kje najeti hekerja<br \/>Najbolj\u0161i telefonski hekerji za najem<br \/>Najemite profesionalnega hekerja za telefon<\/p>\n<p>Pravi hekerji za najem<br \/>Potrebujem hekerja, da mi spremeni ocene<br \/>Najem hekerja za pridobitev gesla<br \/>Najem e-po\u0161tnega hekerja<br \/>Whatsapp hacking storitev<br \/>Najem WhatsApp hacker<\/p>\n<\/div>\n<\/div>\n<\/div>\n<\/div>\n<\/div>\n<p><img decoding=\"async\" data-src=\"https:\/\/hireonlinehackers.com\/wp-content\/uploads\/2023\/01\/5-star-300x158.jpg\" alt=\"Strokovni heker za najem storitev\" width=\"36\" height=\"19\" src=\"data:image\/svg+xml;base64,PHN2ZyB3aWR0aD0iMSIgaGVpZ2h0PSIxIiB4bWxucz0iaHR0cDovL3d3dy53My5vcmcvMjAwMC9zdmciPjwvc3ZnPg==\" class=\"lazyload\" style=\"--smush-placeholder-width: 36px; --smush-placeholder-aspect-ratio: 36\/19;\" \/><\/p>\n<\/div>\n<\/div>\n<p><!-- \/wp:paragraph --><!-- wp:heading --><!-- \/wp:paragraph --><\/p>\t\t\t\t\t\t\t\t<\/div>\n\t\t\t\t<\/div>\n\t\t\t\t\t<\/div>\n\t\t<\/div>\n\t\t\t\t\t<\/div>\n\t\t<\/section>\n\t\t\t\t<section class=\"elementor-section elementor-top-section elementor-element elementor-element-da4e662 elementor-section-boxed elementor-section-height-default elementor-section-height-default default-style\" data-id=\"da4e662\" data-element_type=\"section\" data-settings=\"{&quot;rt_color_sets&quot;:&quot;default-style&quot;}\">\n\t\t\t\t\t\t<div class=\"elementor-container elementor-column-gap-default\">\n\t\t\t\t\t<div class=\"elementor-column elementor-col-50 elementor-top-column elementor-element elementor-element-db924fe\" data-id=\"db924fe\" data-element_type=\"column\">\n\t\t\t<div class=\"elementor-widget-wrap elementor-element-populated\">\n\t\t\t\t\t\t<div class=\"elementor-element elementor-element-0485719 elementor-widget elementor-widget-image\" data-id=\"0485719\" data-element_type=\"widget\" data-widget_type=\"image.default\">\n\t\t\t\t<div class=\"elementor-widget-container\">\n\t\t\t\t\t\t\t\t\t\t\t\t\t\t\t<img fetchpriority=\"high\" decoding=\"async\" width=\"768\" height=\"288\" src=\"https:\/\/rentahacker.io\/wp-content\/uploads\/2022\/11\/Buy-Registered-Documents.jpg\" class=\"attachment-large size-large wp-image-4545\" alt=\"Najem temnih spletnih hekerjev\" srcset=\"https:\/\/rentahacker.io\/wp-content\/uploads\/2022\/11\/Buy-Registered-Documents.jpg 768w, https:\/\/rentahacker.io\/wp-content\/uploads\/2022\/11\/Buy-Registered-Documents-300x113.jpg 300w, https:\/\/rentahacker.io\/wp-content\/uploads\/2022\/11\/Buy-Registered-Documents-600x225.jpg 600w\" sizes=\"(max-width: 768px) 100vw, 768px\" \/>\t\t\t\t\t\t\t\t\t\t\t\t\t\t\t<\/div>\n\t\t\t\t<\/div>\n\t\t\t\t\t<\/div>\n\t\t<\/div>\n\t\t\t\t<div class=\"elementor-column elementor-col-50 elementor-top-column elementor-element elementor-element-bff131d\" data-id=\"bff131d\" data-element_type=\"column\">\n\t\t\t<div class=\"elementor-widget-wrap elementor-element-populated\">\n\t\t\t\t\t\t<div class=\"elementor-element elementor-element-db6bcbe elementor-widget elementor-widget-heading\" data-id=\"db6bcbe\" data-element_type=\"widget\" data-widget_type=\"heading.default\">\n\t\t\t\t<div class=\"elementor-widget-container\">\n\t\t\t\t\t<h2 class=\"elementor-heading-title elementor-size-default\"><a data-category=\"text-result\" data-action=\"position\" data-label=\"1\/1\" href=\"https:\/\/onionlandsearchengine.net\/r?q=Phone+Hackers+For+Hire+Service&amp;l=eyJpdiI6IlJJUVhvWngwTnZ4dU1Fa24yU2hcL2hBPT0iLCJ2YWx1ZSI6InNYYVhsaG1ZQnV1VnVmZlBlY0h1SXdZT3Nmd1E4NHVCdE1hTmp0NjQ1VjZyTHRPTEFYbzJlU0dta3ZPWkF1T2FNWTZCOW45VG1aQTBuOTRyMm1INVpjSmMyc0N0XC9TOUF2K0xwUVZRK1ZwR0V3eHdzazlXa1hFTFcxQUVKVE90TFRSNk9PS2dkYlwvZitGazliOXd6TytRPT0iLCJtYWMiOiJlNjJjMWU4MDQ5MmM2ODRkMDlhODBmMGM3NWRhZGNhM2VkNTJjMTA2ZDJkYmZhMjVlZmEwNmYzNDMzNzYyMDZkIn0%253D&amp;p=1&amp;u=529556199\" rel=\"nofollow noopener\" target=\"_blank\">Najem telefonskega hekerja<\/a><\/h2>\t\t\t\t<\/div>\n\t\t\t\t<\/div>\n\t\t\t\t\t<\/div>\n\t\t<\/div>\n\t\t\t\t\t<\/div>\n\t\t<\/section>\n\t\t\t\t<\/div>","protected":false},"excerpt":{"rendered":"<p>Najem telefonskega hekerja Najem telefonskega hekerja. Storitev najem telefonskih hekerjev omogo\u010da popolno spremljanje telefona, ki vam omogo\u010da poslu\u0161anje telefonskih klicev, ogled besedilnih sporo\u010dil in sporo\u010dil iMessage, Whatsapp, Instagram, Snapchat ter vseh drugih storitev sporo\u010danja in dru\u017eabnih medijev, ki se uporabljajo iz naprave. Telefonski hekerji za najem storitev.  Na\u0161i telefonski hekerji za najem [...]<\/p>","protected":false},"author":1,"featured_media":4968,"parent":0,"menu_order":0,"comment_status":"closed","ping_status":"open","template":"","meta":{"footnotes":""},"class_list":["post-4967","page","type-page","status-publish","has-post-thumbnail","hentry"],"_links":{"self":[{"href":"https:\/\/rentahacker.io\/sl\/wp-json\/wp\/v2\/pages\/4967","targetHints":{"allow":["GET"]}}],"collection":[{"href":"https:\/\/rentahacker.io\/sl\/wp-json\/wp\/v2\/pages"}],"about":[{"href":"https:\/\/rentahacker.io\/sl\/wp-json\/wp\/v2\/types\/page"}],"author":[{"embeddable":true,"href":"https:\/\/rentahacker.io\/sl\/wp-json\/wp\/v2\/users\/1"}],"replies":[{"embeddable":true,"href":"https:\/\/rentahacker.io\/sl\/wp-json\/wp\/v2\/comments?post=4967"}],"version-history":[{"count":25,"href":"https:\/\/rentahacker.io\/sl\/wp-json\/wp\/v2\/pages\/4967\/revisions"}],"predecessor-version":[{"id":5800,"href":"https:\/\/rentahacker.io\/sl\/wp-json\/wp\/v2\/pages\/4967\/revisions\/5800"}],"wp:featuredmedia":[{"embeddable":true,"href":"https:\/\/rentahacker.io\/sl\/wp-json\/wp\/v2\/media\/4968"}],"wp:attachment":[{"href":"https:\/\/rentahacker.io\/sl\/wp-json\/wp\/v2\/media?parent=4967"}],"curies":[{"name":"wp","href":"https:\/\/api.w.org\/{rel}","templated":true}]}}