{"id":40,"date":"2010-08-23T19:14:50","date_gmt":"2010-08-23T19:14:50","guid":{"rendered":"http:\/\/rttheme10.templatemints.com\/?page_id=40"},"modified":"2025-11-16T10:09:26","modified_gmt":"2025-11-16T10:09:26","slug":"najemite-hekerja","status":"publish","type":"page","link":"https:\/\/rentahacker.io\/sl\/najemite-hekerja\/","title":{"rendered":"Pi\u0161ite nam"},"content":{"rendered":"<div data-elementor-type=\"wp-page\" data-elementor-id=\"40\" class=\"elementor elementor-40\">\n\t\t\t\t\t\t<section class=\"elementor-section elementor-top-section elementor-element elementor-element-25622ad9 elementor-section-full_width elementor-section-height-default elementor-section-height-default default-style\" data-id=\"25622ad9\" data-element_type=\"section\" data-settings=\"{&quot;rt_color_sets&quot;:&quot;default-style&quot;}\">\n\t\t\t\t\t\t<div class=\"elementor-container elementor-column-gap-no\">\n\t\t\t\t\t<div class=\"elementor-column elementor-col-100 elementor-top-column elementor-element elementor-element-62d30d34\" data-id=\"62d30d34\" data-element_type=\"column\">\n\t\t\t<div class=\"elementor-widget-wrap elementor-element-populated\">\n\t\t\t\t\t\t<div class=\"elementor-element elementor-element-1d51b45 elementor-widget elementor-widget-wpb-slider\" data-id=\"1d51b45\" data-element_type=\"widget\" data-widget_type=\"wpb-slider.default\">\n\t\t\t\t<div class=\"elementor-widget-container\">\n\t\t\t\t\t            <div class=\"wpbits-slider wpbits-slider-container wpbits-slider-1d51b45 wpbits-slider-navigation-default\" style=\"--content-width:1060px\"                  \n                    data-settings=\"{&quot;layout&quot;:1,&quot;layout_tablet&quot;:1,&quot;layout_mobile&quot;:1,&quot;gap&quot;:0,&quot;gap_tablet&quot;:0,&quot;gap_mobile&quot;:0,&quot;cid&quot;:&quot;1d51b45&quot;,&quot;pagination_numbers&quot;:&quot;true&quot;,&quot;pagination&quot;:&quot;true&quot;,&quot;autoplay&quot;:&quot;&quot;,&quot;autoplay_delay&quot;:11,&quot;autoplay_stop_on_last&quot;:&quot;&quot;,&quot;loop&quot;:&quot;true&quot;,&quot;auto_height&quot;:&quot;true&quot;,&quot;height&quot;:&quot;&quot;,&quot;transition&quot;:&quot;slide&quot;}\" >\n                        \n                <div class=\"swiper-container\">\n                        <div class=\"wpbits-slider-wrapper swiper-wrapper\">\n                            \n                                    <div class=\"wpbits-slider-loop swiper-slide wpbits-afe-slider-skin-1 wpbits-afe-slider-animate-parts wpbits-afe-slider-bg-width-auto elementor-repeater-item-945caf0\" data-skin-nav=\"wpbits-afe-slider-nav-skin-light\">\n                                        <div class=\"wpbits-slider-content-wrapper\">\n                                            <div class=\"wpbits-slider-content\">                                                      \n                                                <h1 class=\"wpbits-slider-heading wpbits-slider-primary-heading\">NAJEMITE HEKERJA<\/h1>\n                                                <h2 class=\"wpbits-slider-heading wpbits-slider-secondary-heading\">Najem Hacker Online | Najem Hacker | Hacker za najem<\/h2>   \n                                                <div class=\"wpbits-slider-description\">Najemite hekerja, ki je po\u0161ten in predan izpolnjevanju dodeljene hekerske storitve. Zagotovljeni rezultati storitve hekanja. Na\u0161i hekerji za najem so po\u0161teni, predani in navdu\u0161eni nad svojim delom, zato lahko prestopijo katero koli raven hekanja in dose\u017eejo uspeh pri hekanju. Takoj\u0161en odziv hekerja Poi\u0161\u010dite hekerja iz temnega spleta, ki se odzove v 30 minutah. Najem hekerja na spletu.<\/div>\n                                                \n                                            <\/div>    \n                                            <div class=\"wpbits-slider-bg-holder\">                                                \n                                                <div class=\"wpbits-slider-bg-layer\"><\/div>\n                                            <\/div>\n                                                                                         \n                                        <\/div>\n                                        <div class=\"wpbits-slider-bg-overlay\"><\/div>\n                                    <\/div>\n                                \n                        <\/div>\n                                       \n\n                        \n                                        <div class=\"wpbits-slider-button-prev wpbits-slider-navigation-button wpbits-slider-button-1d51b45-prev swiper-button-prev\">\n                                            <svg xmlns=\"http:\/\/www.w3.org\/2000\/svg\" viewbox=\"0 0 27 44\"><path d=\"M0 22L22 0l2.1 2.1L4.2 22l19.9 19.9L22 44 0 22z\" fill=\"var(--color)\"\/><\/svg>\n                                        <\/div>\n                                        <div class=\"wpbits-slider-button-next wpbits-slider-navigation-button wpbits-slider-button-1d51b45-next swiper-button-next\">\n                                            <svg xmlns=\"http:\/\/www.w3.org\/2000\/svg\" viewbox=\"0 0 27 44\"><path d=\"M27 22L5 44l-2.1-2.1L22.8 22 2.9 2.1 5 0l22 22z\" fill=\"var(--color)\"\/><\/svg>                            \n                                        <\/div> \n                                    \n                    <\/div>\n                                                    <div class=\"swiper-pagination wpbits-slider-pagination wpbits-slider-pagination-1d51b45 wpbits-slider-pagination-before wpbits-slider-pagination-tablet-before wpbits-slider-pagination-mobile-before wpbits-slider-pagination-overlapped wpbits-slider-pagination-overlapped-tablet wpbits-slider-pagination-overlapped-mobile wpbits-slider-pagination-numbers\"><\/div>\n                        \n\n\n            <\/div>\n\n\n\n\n\n        \t\t\t\t<\/div>\n\t\t\t\t<\/div>\n\t\t\t\t\t<\/div>\n\t\t<\/div>\n\t\t\t\t\t<\/div>\n\t\t<\/section>\n\t\t\t\t<section class=\"elementor-section elementor-top-section elementor-element elementor-element-645f77b0 elementor-section-boxed elementor-section-height-default elementor-section-height-default default-style\" data-id=\"645f77b0\" data-element_type=\"section\" data-settings=\"{&quot;rt_color_sets&quot;:&quot;default-style&quot;}\">\n\t\t\t\t\t\t<div class=\"elementor-container elementor-column-gap-default\">\n\t\t\t\t\t<div class=\"elementor-column elementor-col-50 elementor-top-column elementor-element elementor-element-170b13f8\" data-id=\"170b13f8\" data-element_type=\"column\">\n\t\t\t<div class=\"elementor-widget-wrap elementor-element-populated\">\n\t\t\t\t\t\t<div class=\"elementor-element elementor-element-34bf369d elementor-widget elementor-widget-rt-heading\" data-id=\"34bf369d\" data-element_type=\"widget\" data-widget_type=\"rt-heading.default\">\n\t\t\t\t<div class=\"elementor-widget-container\">\n\t\t\t\t\t<div class=\"title_line\"><h3 class=\"featured_article_title\" data-rt-animate=\"animate\" data-rt-animation-type=\"fade\" data-rt-animation-group=\"single\"><span class=\"heading_icon\"><svg aria-hidden=\"true\" class=\"e-font-icon-svg e-far-envelope\" viewbox=\"0 0 512 512\" xmlns=\"http:\/\/www.w3.org\/2000\/svg\"><path d=\"M464 64H48C21.49 64 0 85.49 0 112v288c0 26.51 21.49 48 48 48h416c26.51 0 48-21.49 48-48V112c0-26.51-21.49-48-48-48zm0 48v40.805c-22.422 18.259-58.168 46.651-134.587 106.49-16.841 13.247-50.201 45.072-73.413 44.701-23.208.375-56.579-31.459-73.413-44.701C106.18 199.465 70.425 171.067 48 152.805V112h416zM48 400V214.398c22.914 18.251 55.409 43.862 104.938 82.646 21.857 17.205 60.134 55.186 103.062 54.955 42.717.231 80.509-37.199 103.053-54.947 49.528-38.783 82.032-64.401 104.947-82.653V400H48z\"><\/path><\/svg><\/span> KONTAKTIRAJTE NAS<\/h3><\/div>\t\t\t\t<\/div>\n\t\t\t\t<\/div>\n\t\t\t\t<div class=\"elementor-element elementor-element-40529245 elementor-widget elementor-widget-wpb-heading\" data-id=\"40529245\" data-element_type=\"widget\" data-widget_type=\"wpb-heading.default\">\n\t\t\t\t<div class=\"elementor-widget-container\">\n\t\t\t\t\t<h3 class=\"wpbits-heading\"><span>Zaupanja vredni hekerji za najem<\/span><\/h3>\t\t\t\t<\/div>\n\t\t\t\t<\/div>\n\t\t\t\t<div class=\"elementor-element elementor-element-3096d0cf elementor-list-item-link-inline elementor-icon-list--layout-traditional elementor-widget elementor-widget-icon-list\" data-id=\"3096d0cf\" data-element_type=\"widget\" data-widget_type=\"icon-list.default\">\n\t\t\t\t<div class=\"elementor-widget-container\">\n\t\t\t\t\t\t\t<ul class=\"elementor-icon-list-items\">\n\t\t\t\t\t\t\t<li class=\"elementor-icon-list-item\">\n\t\t\t\t\t\t\t\t\t\t\t<span class=\"elementor-icon-list-icon\">\n\t\t\t\t\t\t\t<svg aria-hidden=\"true\" class=\"e-font-icon-svg e-far-comment-dots\" viewbox=\"0 0 512 512\" xmlns=\"http:\/\/www.w3.org\/2000\/svg\"><path d=\"M144 208c-17.7 0-32 14.3-32 32s14.3 32 32 32 32-14.3 32-32-14.3-32-32-32zm112 0c-17.7 0-32 14.3-32 32s14.3 32 32 32 32-14.3 32-32-14.3-32-32-32zm112 0c-17.7 0-32 14.3-32 32s14.3 32 32 32 32-14.3 32-32-14.3-32-32-32zM256 32C114.6 32 0 125.1 0 240c0 47.6 19.9 91.2 52.9 126.3C38 405.7 7 439.1 6.5 439.5c-6.6 7-8.4 17.2-4.6 26S14.4 480 24 480c61.5 0 110-25.7 139.1-46.3C192 442.8 223.2 448 256 448c141.4 0 256-93.1 256-208S397.4 32 256 32zm0 368c-26.7 0-53.1-4.1-78.4-12.1l-22.7-7.2-19.5 13.8c-14.3 10.1-33.9 21.4-57.5 29 7.3-12.1 14.4-25.7 19.9-40.2l10.6-28.1-20.6-21.8C69.7 314.1 48 282.2 48 240c0-88.2 93.3-160 208-160s208 71.8 208 160-93.3 160-208 160z\"><\/path><\/svg>\t\t\t\t\t\t<\/span>\n\t\t\t\t\t\t\t\t\t\t<span class=\"elementor-icon-list-text\">Rah65k@pm.me<\/span>\n\t\t\t\t\t\t\t\t\t<\/li>\n\t\t\t\t\t\t\t\t<li class=\"elementor-icon-list-item\">\n\t\t\t\t\t\t\t\t\t\t\t<span class=\"elementor-icon-list-icon\">\n\t\t\t\t\t\t\t<svg aria-hidden=\"true\" class=\"e-font-icon-svg e-fas-check\" viewbox=\"0 0 512 512\" xmlns=\"http:\/\/www.w3.org\/2000\/svg\"><path d=\"M173.898 439.404l-166.4-166.4c-9.997-9.997-9.997-26.206 0-36.204l36.203-36.204c9.997-9.998 26.207-9.998 36.204 0L192 312.69 432.095 72.596c9.997-9.997 26.207-9.997 36.204 0l36.203 36.204c9.997 9.997 9.997 26.206 0 36.204l-294.4 294.401c-9.998 9.997-26.207 9.997-36.204-.001z\"><\/path><\/svg>\t\t\t\t\t\t<\/span>\n\t\t\t\t\t\t\t\t\t\t<span class=\"elementor-icon-list-text\">Pravi hekerji za najem<\/span>\n\t\t\t\t\t\t\t\t\t<\/li>\n\t\t\t\t\t\t<\/ul>\n\t\t\t\t\t\t<\/div>\n\t\t\t\t<\/div>\n\t\t\t\t<div class=\"elementor-element elementor-element-12b221b0 elementor-widget elementor-widget-text-editor\" data-id=\"12b221b0\" data-element_type=\"widget\" data-widget_type=\"text-editor.default\">\n\t\t\t\t<div class=\"elementor-widget-container\">\n\t\t\t\t\t\t\t\t\t<h2><strong>Podzemni ra\u010dunalni\u0161ki hekerji za najem<\/strong><\/h2><div data-id=\"05988a1\" data-element_type=\"widget\" data-widget_type=\"text-editor.default\"><div><p>Najemamo hekerske storitve in ponujamo ekskluzivne zaupanja vredne eti\u010dne kibernetske strokovnjake po vsem svetu. Tukaj lahko najdete \u0161iroko paleto spletnih strokovnjakov, ki so na voljo. 24*7 spletna podpora strankam. Najemite profesionalne kibernetske strokovnjake 24\/7 kadar koli.<\/p><p>Na\u0161i najbolj\u0161i cyber strokovne storitve vam ponujajo, Hacked Phone Rescue, Compromised Social Media Password Recovery, Recovery of funds from Crypto Investment Scam, Bank Transfer Fraud Tracing, Obrekovanje ali Fake Internet Articles, Blog Posts ali Fake Review Reporting and Removal, Recovery of Hacked or Compromised Websites, and many more such services where you are helpless and are able to find no further way to proceed further.<\/p><p>\u010ce niste prepri\u010dani, katero storitev potrebujete, vendar imate pripravljeno te\u017eavo, ki jo \u017eelimo re\u0161iti, boste morali prevzeti pobudo in jo zahtevati:<\/p><ol><li>Vohun in Monitor je top eti\u010dni heker-za-najem organizacije!<\/li><li>Najemite izjemno dobro usposobljene, certificirane in profesionalne hekerje!<\/li><li>Najemite hekerja, ki je sposoben izpolniti obljube!<\/li><li>Na\u0161a edinstvena prodajna to\u010dka je zaupanje in odgovornost!<\/li><\/ol><div>\u00a0<\/div><p>Gradimo zaupanje za vse stranke. Ne oklevajte in stopite v stik z nami. Ne glede na to, kak\u0161no poizvedbo imate, se obrnite na na\u0161e\u00a0<b>Strokovni kibernetski strokovnjaki<\/b>, vas bo na\u0161a strokovna in zelo nadarjena ekipa \u010dim prej vrnila. <span contenteditable=\"true\">Najemite spletnega hekerja.<br \/><\/span><\/p><p>Tu lahko najdete re\u0161itev za vse te\u017eave, kot so nekdo Hacking Facebook, Password Recovery, Instagram Hacker, WhatsApp, Snapchat Hacker, e-po\u0161ta ali ra\u010dunalnik ali sumite, da nekdo spremlja va\u0161 telefon, dobili re\u0161itev za va\u0161 problem od specializiranih kibernetskih strokovnjakov.<\/p><p>Imamo 100+ strokovnih Cyber strokovnjaki in smo prepri\u010dani, da ste 100% varen &amp; varno med najemom hekerja na spletu od nas. Zaupanje je na\u0161e prvo oro\u017eje. Zato ne skrbite! Zagotovili smo na\u0161e storitve \u0161tevilnih strank po vsem svetu. Va\u0161ih osebnih podatkov ne izpostavljamo nikomur.<\/p><p><img decoding=\"async\" data-src=\"https:\/\/hireonlinehackers.com\/wp-content\/uploads\/2023\/01\/5-star-300x158.jpg\" alt=\"Strokovni heker za najem storitev\" width=\"53\" height=\"28\" src=\"data:image\/svg+xml;base64,PHN2ZyB3aWR0aD0iMSIgaGVpZ2h0PSIxIiB4bWxucz0iaHR0cDovL3d3dy53My5vcmcvMjAwMC9zdmciPjwvc3ZnPg==\" class=\"lazyload\" style=\"--smush-placeholder-width: 53px; --smush-placeholder-aspect-ratio: 53\/28;\" \/><\/p><\/div><\/div>\t\t\t\t\t\t\t\t<\/div>\n\t\t\t\t<\/div>\n\t\t\t\t\t<\/div>\n\t\t<\/div>\n\t\t\t\t<div class=\"elementor-column elementor-col-50 elementor-top-column elementor-element elementor-element-5d1c4956\" data-id=\"5d1c4956\" data-element_type=\"column\">\n\t\t\t<div class=\"elementor-widget-wrap elementor-element-populated\">\n\t\t\t\t\t\t<div class=\"elementor-element elementor-element-2c94c598 elementor-widget elementor-widget-rt-heading\" data-id=\"2c94c598\" data-element_type=\"widget\" data-widget_type=\"rt-heading.default\">\n\t\t\t\t<div class=\"elementor-widget-container\">\n\t\t\t\t\t<div class=\"title_line\"><h3 class=\"featured_article_title\" data-rt-animate=\"animate\" data-rt-animation-type=\"fade\" data-rt-animation-group=\"single\"><span class=\"heading_icon\"><svg aria-hidden=\"true\" class=\"e-font-icon-svg e-far-star\" viewbox=\"0 0 576 512\" xmlns=\"http:\/\/www.w3.org\/2000\/svg\"><path d=\"M528.1 171.5L382 150.2 316.7 17.8c-11.7-23.6-45.6-23.9-57.4 0L194 150.2 47.9 171.5c-26.2 3.8-36.7 36.1-17.7 54.6l105.7 103-25 145.5c-4.5 26.3 23.2 46 46.4 33.7L288 439.6l130.7 68.7c23.2 12.2 50.9-7.4 46.4-33.7l-25-145.5 105.7-103c19-18.5 8.5-50.8-17.7-54.6zM388.6 312.3l23.7 138.4L288 385.4l-124.3 65.3 23.7-138.4-100.6-98 139-20.2 62.2-126 62.2 126 139 20.2-100.6 98z\"><\/path><\/svg><\/span> ZADOVOLJSTVO JE ZAGOTOVLJENO.<\/h3><\/div>\t\t\t\t<\/div>\n\t\t\t\t<\/div>\n\t\t\t\t\t<\/div>\n\t\t<\/div>\n\t\t\t\t\t<\/div>\n\t\t<\/section>\n\t\t\t\t<section class=\"elementor-section elementor-top-section elementor-element elementor-element-c4e4e6e elementor-section-boxed elementor-section-height-default elementor-section-height-default default-style\" data-id=\"c4e4e6e\" data-element_type=\"section\" data-settings=\"{&quot;rt_color_sets&quot;:&quot;default-style&quot;}\">\n\t\t\t\t\t\t<div class=\"elementor-container elementor-column-gap-default\">\n\t\t\t\t\t<div class=\"elementor-column elementor-col-50 elementor-top-column elementor-element elementor-element-06028d4\" data-id=\"06028d4\" data-element_type=\"column\">\n\t\t\t<div class=\"elementor-widget-wrap elementor-element-populated\">\n\t\t\t\t\t\t<div class=\"elementor-element elementor-element-9b0d260 elementor-widget elementor-widget-text-editor\" data-id=\"9b0d260\" data-element_type=\"widget\" data-widget_type=\"text-editor.default\">\n\t\t\t\t<div class=\"elementor-widget-container\">\n\t\t\t\t\t\t\t\t\t<div data-id=\"6b0882c\" data-element_type=\"widget\" data-widget_type=\"heading.default\"><div><h2>Profesionalni hekerji za najem<\/h2><\/div><\/div><div data-id=\"7c88b2a\" data-element_type=\"widget\" data-widget_type=\"text-editor.default\"><div><h3>Storitve spremljanja telefona<\/h3><p>Zagotavljamo popolno storitev spremljanja mobilnega telefona za va\u0161o ciljno \u0161tevilko z uporabo najsodobnej\u0161e tehnologije, ki vam bo omogo\u010dila nadzor vseh vidikov naprave. Spremljanje prevarujo\u010dega partnerja je na voljo za va\u0161e storitve! <span contenteditable=\"true\">Heker za najem<\/span>.<\/p><h3>Storitve za obnovitev gesla\u00a0<\/h3><p>Zagotovili vam bomo dostop do celotnega ra\u010duna, tako da boste lahko prebrali vsa dohodna in odhodna sporo\u010dila. V zadnjem \u010dasu boste videli tudi izbrisana sporo\u010dila. <span contenteditable=\"true\">Pravi hekerji za najem<\/span>.<\/p><p><img decoding=\"async\" data-src=\"https:\/\/hireonlinehackers.com\/wp-content\/uploads\/2023\/01\/5-star-300x158.jpg\" alt=\"Strokovni heker za najem storitev\" width=\"66\" height=\"35\" src=\"data:image\/svg+xml;base64,PHN2ZyB3aWR0aD0iMSIgaGVpZ2h0PSIxIiB4bWxucz0iaHR0cDovL3d3dy53My5vcmcvMjAwMC9zdmciPjwvc3ZnPg==\" class=\"lazyload\" style=\"--smush-placeholder-width: 66px; --smush-placeholder-aspect-ratio: 66\/35;\" \/><\/p><h3>Storitve prodiranja v dru\u017ebene medije\u00a0<\/h3><p>Zagotovili vam bomo sprejem v razli\u010dne ra\u010dune dru\u017ebenih medijev, kot so Messenger, Whatsapp, Instagram, Snapchat, Telegram itd. Spremljajte diskretno, ne da bi opozorili svojo tar\u010do. Zdaj lahko pri nas najamete eti\u010dne kibernetske strokovnjake za dru\u017ebene medije. <span contenteditable=\"true\">Najemite hekerja.<\/span><\/p><\/div><\/div><div data-id=\"3fc44a3\" data-element_type=\"widget\" data-widget_type=\"heading.default\"><div><h2><strong>Najbolj\u0161i eti\u010dni kibernetski hekerji<\/strong><\/h2><\/div><\/div><div data-id=\"16f90fb\" data-element_type=\"widget\" data-widget_type=\"text-editor.default\"><div><p>Strokovni kibernetski strokovnjaki so vedno pripravljeni, da vam zagotovijo najbolj\u0161e hekerske storitve. Smo profesionalni ponudniki hekerskih storitev v Zdru\u017eenih dr\u017eavah Amerike. Z lahkoto lahko raziskujete s spletnimi\u00a0<b>hekerji za najem<\/b>. Kot vodilni eti\u010dni heker za podporo Hire na svetu, Spy in Monitor ponuja najbolj\u0161e spletne Cyber strokovnjaki po vsem svetu.<\/p><p>Imamo specializirano 100+ globalno ekipo zelo izku\u0161enih kibernetskih strokovnjakov, v kateri lahko\u00a0<a href=\"https:\/\/rentahacker.io\/sl\/najemite-hekerja\/\">stik hekerji na spletu<\/a>, ki sta strokovnjaka za vrhunske travnike. Na\u0161i najbolj\u0161i hekerji se zaposlijo na spletu z vodenjem \u0161tevilnih testov v \u017eivo; ko se doka\u017eejo, se lahko pridru\u017eijo na\u0161i vrhunski ekipi<a href=\"https:\/\/duckduckgo.com\/\" target=\"_blank\" rel=\"noopener\">.<\/a> <span contenteditable=\"true\">Najemite hekerja za katero koli delo.<br \/><\/span><\/p><p>\u2713 Najemite profesionalne kibernetske strokovnjake za storitve spremljanja telefona<\/p><p>\u2713 Najem eti\u010dnih kibernetskih hekerjev za neeti\u010dno spremljanje partnerja \/ zakonca<\/p><p>\u2713 Najemite hekerje za izterjavo kripto investicijske prevare<\/p><p>\u2713 Najemite eti\u010dne kibernetske strokovnjake za prodor v dru\u017ebene medije<\/p><\/div><\/div><p><img decoding=\"async\" data-src=\"https:\/\/buylegitpassport.com\/wp-content\/uploads\/2022\/11\/5-star-2-300x158.jpg\" alt=\"Najemite hekerja\" width=\"70\" height=\"37\" src=\"data:image\/svg+xml;base64,PHN2ZyB3aWR0aD0iMSIgaGVpZ2h0PSIxIiB4bWxucz0iaHR0cDovL3d3dy53My5vcmcvMjAwMC9zdmciPjwvc3ZnPg==\" class=\"lazyload\" style=\"--smush-placeholder-width: 70px; --smush-placeholder-aspect-ratio: 70\/37;\" \/><\/p>\t\t\t\t\t\t\t\t<\/div>\n\t\t\t\t<\/div>\n\t\t\t\t\t<\/div>\n\t\t<\/div>\n\t\t\t\t<div class=\"elementor-column elementor-col-50 elementor-top-column elementor-element elementor-element-8561710\" data-id=\"8561710\" data-element_type=\"column\">\n\t\t\t<div class=\"elementor-widget-wrap elementor-element-populated\">\n\t\t\t\t\t\t<div class=\"elementor-element elementor-element-fcaf629 elementor-widget elementor-widget-text-editor\" data-id=\"fcaf629\" data-element_type=\"widget\" data-widget_type=\"text-editor.default\">\n\t\t\t\t<div class=\"elementor-widget-container\">\n\t\t\t\t\t\t\t\t\t<div class=\"elementor-element elementor-element-941a8a3 elementor-widget elementor-widget-heading\" data-id=\"941a8a3\" data-element_type=\"widget\" data-widget_type=\"heading.default\"><div class=\"elementor-widget-container\"><section class=\"elementor-section elementor-top-section elementor-element elementor-element-785fc72 elementor-section-boxed elementor-section-height-default elementor-section-height-default\" data-id=\"785fc72\" data-element_type=\"section\" data-settings=\"{&quot;background_background&quot;:&quot;classic&quot;}\"><div class=\"elementor-container elementor-column-gap-default\"><div class=\"elementor-row\"><div class=\"aux-parallax-section elementor-column elementor-col-100 elementor-top-column elementor-element elementor-element-9a5dd96\" data-id=\"9a5dd96\" data-element_type=\"column\"><div class=\"elementor-column-wrap elementor-element-populated\"><div class=\"elementor-widget-wrap\"><div class=\"elementor-element elementor-element-8f0e027 elementor-widget elementor-widget-text-editor\" data-id=\"8f0e027\" data-element_type=\"widget\" data-widget_type=\"text-editor.default\"><div class=\"elementor-widget-container\"><div class=\"elementor-text-editor elementor-clearfix\"><div class=\"elementor-element elementor-element-31fb47b elementor-widget elementor-widget-heading\" data-id=\"31fb47b\" data-element_type=\"widget\" data-widget_type=\"heading.default\"><h2 class=\"elementor-widget-container\"><strong>KDO SMO<\/strong><\/h2><\/div><div class=\"elementor-element elementor-element-00e2d22 elementor-widget elementor-widget-text-editor\" data-id=\"00e2d22\" data-element_type=\"widget\" data-widget_type=\"text-editor.default\"><div class=\"elementor-widget-container\"><p>Na\u0161i hekerji za najem so strokovni, izku\u0161eni, izjemni in izjemno nadarjeni. Ve\u010dina na\u0161ih eti\u010dnih kibernetskih strokovnjakov je ve\u010d kot 15 let delala za razli\u010dne stranke in agencije na podro\u010dju prodora v dru\u017ebene medije, izterjave sredstev s prevarantskih spletnih strani ali podjetij, vlaganja v kriptovalute ali bitcoine in upravljanja podatkov, ve\u010dina, \u010de ne vsi, pa ima znanje o delu za podjetja, ki oblikujejo razli\u010dne varnostne nastavitve za razli\u010dne aplikacije. Delo za tak\u0161na podjetja daje na\u0161im profesionalnim hekerjem prednost in celoten vpogled v to, kako deluje varnost za razli\u010dne aplikacije<\/p><\/div><\/div><div class=\"elementor-element elementor-element-e91462c elementor-widget elementor-widget-heading\" data-id=\"e91462c\" data-element_type=\"widget\" data-widget_type=\"heading.default\"><div class=\"elementor-widget-container\"><h2 class=\"elementor-heading-title elementor-size-default\"><strong>KAJ DELAMO<\/strong><\/h2><\/div><\/div><div class=\"elementor-element elementor-element-b8ebb04 elementor-widget elementor-widget-text-editor\" data-id=\"b8ebb04\" data-element_type=\"widget\" data-widget_type=\"text-editor.default\"><div class=\"elementor-widget-container\"><p>Smo strokovnjaki na vseh podro\u010djih. Smo strokovnjaki za spremljanje telefona in svojim strankam, ki ga redno potrebujejo za svoje otroke ali v situacijah, kot je sum, da jih vara zakonec ali poslovni partnerji itd., zagotavljamo celovite storitve spremljanja telefona. Vendar to ni edino, kar po\u010dnemo, samo izpolnite na\u0161 obrazec za stik z nami in pogovorili se bomo o va\u0161ih zahtevah ter vam ponudili ustrezno re\u0161itev.<\/p><div class=\"d-flex flex-column text-left mb-5\"><h2 class=\"text-primary mb-3\"><strong>HEKER ZA NAJEM<\/strong><\/h2><p>Najemite na\u0161e hekerji, ki so namenjeni odli\u010dnosti. Obstajajo situacije, ko razmi\u0161ljate o zaposlitvi novinca, vendar po\u010dakate, da dobite hekerja. Ne oklevajte, da se obrnete na nas, in morda vam bomo zagotovili posebno storitev najema hekerja. Spodaj je navedenih nekaj najbolj vro\u010dih ponudnikov za najem hekerja. <span class=\"tagify__tag-text\" contenteditable=\"true\">Najemite hekerja<\/span>.<\/p><h3>Koliko stane najem hekerja<\/h3><p>Stro\u0161ki najema hekerja se lahko zelo razlikujejo glede na vrsto potrebnega dela, raven hekerjevega strokovnega znanja in \u010dasa, potrebnega za izvedbo naloge. Najem hekerja lahko stane od nekaj do ve\u010d tiso\u010d dolarjev.<\/p><p>Morda se spra\u0161ujete, ali je najem hekerja nezakonit. Da, pomembno je vedeti, da je najem hekerja v ve\u010dini dr\u017eav nezakonit in ima lahko hude pravne posledice.<\/p><div class=\"elementor-element elementor-element-37d1814 elementor-widget elementor-widget-heading\" data-id=\"37d1814\" data-element_type=\"widget\" data-widget_type=\"heading.default\"><div class=\"elementor-widget-container\"><h2 class=\"elementor-heading-title elementor-size-default\">Na\u0161e hekerske storitve<\/h2><\/div><\/div><div class=\"elementor-element elementor-element-856d723 elementor-widget elementor-widget-text-editor\" data-id=\"856d723\" data-element_type=\"widget\" data-widget_type=\"text-editor.default\"><div class=\"elementor-widget-container\"><ol><li>Storitev spremljanja mobilnega telefona<\/li><li>Socialni mediji Cyber strokovnjaki<\/li><li>Testiranje vdora na spletno stran\u00a0<\/li><li>Preiskava prevarantskega partnerja\/zakonca<\/li><li>Storitve spremljanja ra\u010dunalnikov v oblaku\u00a0<\/li><li>Storniranje ban\u010dnega nakazila\u00a0<\/li><li>Goljufija Bitcoin Izterjava investicijskih sredstev\u00a0<\/li><\/ol><\/div><\/div><\/div><\/div><\/div><\/div><\/div><\/div><\/div><\/div><\/div><\/div><\/div><\/section><\/div><\/div>\t\t\t\t\t\t\t\t<\/div>\n\t\t\t\t<\/div>\n\t\t\t\t\t<\/div>\n\t\t<\/div>\n\t\t\t\t\t<\/div>\n\t\t<\/section>\n\t\t\t\t<\/div>","protected":false},"excerpt":{"rendered":"<p>NAJEM HACKERJA Najem Hackerja na spletu | Rent A Hacker | Hacker For Hire Najem Hackerja, ki je po\u0161ten in predan izpolnjevanju dodeljene storitve hekanja. Zagotovljeni rezultati storitve hekanja. Na\u0161i hekerji za najem so po\u0161teni, predani in navdu\u0161eni nad svojim delom, zato lahko prestopijo vse ravni hekanja in dose\u017eejo uspeh [...]<\/p>","protected":false},"author":1,"featured_media":0,"parent":0,"menu_order":0,"comment_status":"open","ping_status":"closed","template":"builder-ready.php","meta":{"footnotes":""},"class_list":["post-40","page","type-page","status-publish","hentry"],"_links":{"self":[{"href":"https:\/\/rentahacker.io\/sl\/wp-json\/wp\/v2\/pages\/40","targetHints":{"allow":["GET"]}}],"collection":[{"href":"https:\/\/rentahacker.io\/sl\/wp-json\/wp\/v2\/pages"}],"about":[{"href":"https:\/\/rentahacker.io\/sl\/wp-json\/wp\/v2\/types\/page"}],"author":[{"embeddable":true,"href":"https:\/\/rentahacker.io\/sl\/wp-json\/wp\/v2\/users\/1"}],"replies":[{"embeddable":true,"href":"https:\/\/rentahacker.io\/sl\/wp-json\/wp\/v2\/comments?post=40"}],"version-history":[{"count":114,"href":"https:\/\/rentahacker.io\/sl\/wp-json\/wp\/v2\/pages\/40\/revisions"}],"predecessor-version":[{"id":5942,"href":"https:\/\/rentahacker.io\/sl\/wp-json\/wp\/v2\/pages\/40\/revisions\/5942"}],"wp:attachment":[{"href":"https:\/\/rentahacker.io\/sl\/wp-json\/wp\/v2\/media?parent=40"}],"curies":[{"name":"wp","href":"https:\/\/api.w.org\/{rel}","templated":true}]}}