{"id":3,"date":"2022-09-30T13:36:44","date_gmt":"2022-09-30T13:36:44","guid":{"rendered":"https:\/\/buylegitpassport.com\/?page_id=3"},"modified":"2025-09-27T06:29:37","modified_gmt":"2025-09-27T06:29:37","slug":"profesionalni-hekerji-za-najem","status":"publish","type":"page","link":"https:\/\/rentahacker.io\/sl\/profesionalni-hekerji-za-najem\/","title":{"rendered":"Pravilnik o zasebnosti"},"content":{"rendered":"<div data-elementor-type=\"wp-page\" data-elementor-id=\"3\" class=\"elementor elementor-3\">\n\t\t\t\t\t\t<section class=\"elementor-section elementor-top-section elementor-element elementor-element-21ed0537 elementor-section-boxed elementor-section-height-default elementor-section-height-default default-style\" data-id=\"21ed0537\" data-element_type=\"section\" data-settings=\"{&quot;rt_color_sets&quot;:&quot;default-style&quot;}\">\n\t\t\t\t\t\t<div class=\"elementor-container elementor-column-gap-default\">\n\t\t\t\t\t<div class=\"elementor-column elementor-col-100 elementor-top-column elementor-element elementor-element-320524c5\" data-id=\"320524c5\" data-element_type=\"column\">\n\t\t\t<div class=\"elementor-widget-wrap elementor-element-populated\">\n\t\t\t\t\t\t<div class=\"elementor-element elementor-element-15f4f884 elementor-widget elementor-widget-text-editor\" data-id=\"15f4f884\" data-element_type=\"widget\" data-widget_type=\"text-editor.default\">\n\t\t\t\t<div class=\"elementor-widget-container\">\n\t\t\t\t\t\t\t\t\t<h2>Profesionalni hekerji za najem<\/h2>\n<p><!-- \/wp:heading --><!-- wp:paragraph --><\/p>\n<div data-id=\"45a8c67\" data-element_type=\"widget\" data-widget_type=\"text-editor.default\">\n<div>\n<div data-id=\"68dc6d6\" data-element_type=\"widget\" data-widget_type=\"text-editor.default\">\n<div>\n<div>\n<div>\n<p>\u00a9 <strong>Najem hekerja<\/strong>\u00a0storitve vas bodo vodile in nadzorovale celoten postopek iskanja, najemanja, pojasnjevanja, pogajanj in pla\u010devanja hekerjev iz temnega spleta. Profesionalni hekerji za najem.<br \/>Ker smo mi posrednik, s hekerjem nikoli ne sodelujete neposredno, niti upravno niti finan\u010dno; ni nobene povezave, ki bi vodila do vas. Certificirani eti\u010dni hekerji<a href=\"https:\/\/duckduckgo.com\/\" target=\"_blank\" rel=\"noopener\">.<\/a> <span contenteditable=\"true\">Profesionalni hekerji za najem.<\/span><\/p>\n<h3><span contenteditable=\"true\">Poi\u0161\u010dite profesionalne hekerje<\/span><\/h3>\n<p>To vam zagotavlja raven za\u0161\u010dite, ki vas \u0161\u010diti pred organi kazenskega pregona, ciljnimi osebami in celo hekerji iz temnega spleta, ki nikoli ne poznajo identitete prvotne stranke. Delo prek posrednika je danes najvarnej\u0161i na\u010din najemanja dela v senci. Najemite eti\u010dnega hekerja. Najemite hekerja.<\/p>\n<p>Bodite prepri\u010dani, da boste kot na\u0161a stranka vedno popolnoma varni in anonimni. Zagotavljamo vam, da bo delo opravljeno pravo\u010dasno in pravilno, da bodo sredstva nemoteno nakazana in da bo vse izvedeno tako, kot je bilo prvotno dogovorjeno. Kako najeti <a href=\"https:\/\/rentahacker.io\/sl\/\">eti\u010dni heker<\/a> na spletu. Izposodite si knjigo A Hacker.<\/p>\n<h3>Posvetovanje v zvezi s terjatvami in izterjavo premo\u017eenja<\/h3>\n<p>Na\u0161i strokovnjaki za gospodarske spore lahko pomagajo posameznikom in podjetjem, ki menijo, da so bili \u017ertve goljufije, pri izterjavi premo\u017eenja, izgubljenega zaradi goljufije, tako doma kot v tujini. Zastopamo tudi stranke, ki so obto\u017eene goljufije, in zagotavljamo, da so njihovo premo\u017eenje in pravice med pravnim sporom za\u0161\u010diteni. Obrnite se na nas za pomo\u010d pri katerem koli elementu izterjave premo\u017eenja. Najbolj\u0161i hekerji za najem v ZDA.<\/p>\n<h4>Na\u0161a filozofija<\/h4>\n<p>Za\u0161\u010dita pred kibernetskimi goljufijami in denarnimi izgubami. Na\u0161i strokovnjaki za gospodarske spore lahko posameznikom in podjetjem, ki menijo, da so bili \u017ertve goljufije, pomagajo pri izterjavi sredstev, izgubljenih zaradi goljufije, tako doma kot v tujini. <span contenteditable=\"true\">Najemite profesionalnega hekerja. P<\/span><span contenteditable=\"true\">rofesionalni hekerji za najem.<\/span><\/p>\n<div id=\"attachment_5018\" style=\"width: 310px\" class=\"wp-caption aligncenter\"><img fetchpriority=\"high\" decoding=\"async\" aria-describedby=\"caption-attachment-5018\" src=\"https:\/\/hireonlinehackers.com\/wp-content\/uploads\/2023\/09\/traxer-No9sjMu5zpA-unsplash-1-300x200.jpg\" alt=\"Profesionalni hekerji za najem\" width=\"300\" height=\"200\" \/><p id=\"caption-attachment-5018\" class=\"wp-caption-text\">Profesionalni hekerji za najem<\/p><\/div>\n<h4>Na\u0161 cilj?<\/h4>\n<p>Najem hekerja. Na\u0161 cilj je preprost: sodelovali bomo z vami, da \u010dim prej dobimo nazaj va\u0161 denar, pri \u010demer bomo uporabili napredne algoritme in strate\u0161ke na\u010dine, ki nam bodo pomagali izterjati va\u0161e izgube. Razmislite o tem, da bi se \u0161e danes obrnili na nas in se pogovorili o va\u0161em zahtevku. <span contenteditable=\"true\">Profesionalni hekerji za najem.<\/span><\/p>\n<p>\u00a0<\/p>\n<h3>Profesionalni hekerji, ki sodelujejo, da bi na\u0161im strankam zagotovili najbolj\u0161e mo\u017ene storitve.<\/h3>\n<p>Na\u0161a ekipa strokovnih hekerjev uporablja najsodobnej\u0161o tehnologijo, da bi vam zagotovila najbolj\u0161e in neprekosljive hekerske storitve. Kot profesionalna organizacija za najem hekerjev svojim strankam zagotavljamo najbolj\u0161e certificirane eti\u010dne hekerje, ki so na voljo, ter spretnosti in najve\u010djo stopnjo tajnosti in zaupnosti.<br \/>Prizadevamo si razumeti va\u0161e potrebe in razviti re\u0161itve, ki jih izpolnjujejo. Da bi razvili nove na\u010dine vdora v podatkovne zbirke in omre\u017eja, redno izbolj\u0161ujemo orodja, strategije in pristope za napade.<\/p>\n<p><img decoding=\"async\" data-src=\"https:\/\/hireonlinehackers.com\/wp-content\/uploads\/2023\/01\/5-star-300x158.jpg\" alt=\"Strokovni heker za najem storitev\" width=\"66\" height=\"35\" src=\"data:image\/svg+xml;base64,PHN2ZyB3aWR0aD0iMSIgaGVpZ2h0PSIxIiB4bWxucz0iaHR0cDovL3d3dy53My5vcmcvMjAwMC9zdmciPjwvc3ZnPg==\" class=\"lazyload\" style=\"--smush-placeholder-width: 66px; --smush-placeholder-aspect-ratio: 66\/35;\" \/><\/p>\n<h3>Najemite profesionalnega hekerja<\/h3>\n<p>Najeti heker s kibernetskim vohunom Hacking Services, ki je najbolj\u0161a re\u0161itev za mobilne vohunske storitve in internetno varnost. Va\u0161 dostop bo varen in anonimen z najemom hekerske storitve. Najem hekerja.<\/p>\n<p>Z najbolj\u0161imi profesionalnimi hekerji zagotavljamo najbolj\u0161o storitev vohunjenja po telefonu. Na\u0161i profesionalni hekerji so usposobljeni z visoko strokovnimi starej\u0161imi hekerji, ki imajo zelo visoko stopnjo etike.<\/p>\n<p>Vsi telefonski hekerji so strokovnjaki in imajo bogate prakti\u010dne izku\u0161nje z naprednimi te\u010daji usposabljanja.<br \/>Lahko najamete hekerja. <span contenteditable=\"true\">P<\/span><span contenteditable=\"true\">rofesionalni hekerji za najem.<\/span><\/p>\n<p>Ve\u010d kot milijon star\u0161ev in ljudi najame hekerje za za\u0161\u010dito svojih odnosov. Spremljate lahko lokacije, klice, sporo\u010dila, dnevnike, keylogger, dru\u017ebene medije in \u0161e veliko ve\u010d. Temelji na spletu ter je 100% varen in zanesljiv. Vdiranje je nezakonito. Vendar je eti\u010dno hekanje sprejeto. Danes sta potrebna varnost in za\u0161\u010dita pred kibernetskimi napadi, zato smo tukaj na voljo za re\u0161evanje va\u0161ih te\u017eav s pravimi hekerji.<\/p>\n<h4>Najem Hacker za telefon Spy Services<\/h4>\n<p>Smo ekipa najbolj profesionalnih eti\u010dnih hekerjev, ki vam nudijo najbolj\u0161e storitve hekanja telefonov. Ena najte\u017ejih situacij v \u017eivljenju je, ko nekdo omajuje zaupanje.  Kadar zakonec v obdobju razmerja vara, je te\u017eko nadaljevati razmerje. Najbolj\u0161i hekerji za najem na internetu. <span contenteditable=\"true\">P<\/span><span contenteditable=\"true\">rofesionalni hekerji za najem.<\/span><\/p>\n<h4>Najem profesionalnega hekerja<\/h4>\n<p>Tukaj smo z na\u0161o telefonsko vohunsko storitvijo. Enostavno lahko najamete hekerja in spremljate dejavnosti svojega partnerja. S tem lahko zberete dovolj dokazov, da lahko tak\u0161no situacijo za spremembo prijavite prijateljem, dru\u017einskim \u010dlanom ali sodi\u0161\u010du. Vedno verjamemo v preglednost, zato so vse na\u0161e storitve opremljene z varnostjo vra\u010dila denarja. \u010ce storitve ne boste dobili, vam bomo kadar koli vrnili celotno pla\u010dilo. S tem gradimo na\u0161 dolgotrajen odnos.<\/p>\n<h3>Strokovni heker za najem storitev<\/h3>\n<div><a href=\"https:\/\/rentahacker.io\/sl\/\">Najem hekerja<\/a> je vodilna organizacija za najem eti\u010dnih hekerjev z vrhunskimi strokovnimi hekerji. Smo dobro usposobljeni, certificirani in izurjeni hekerji! Primerni smo, da izpolnimo svoja zagotovila in zagotovimo najbolj\u0161e storitve najema hekerjev! <br \/>Ponujamo najbolj\u0161e strokovno Hacker najem. To je enostavno za eti\u010dne hekerske storitve.  Ne pozabite, da pri zahtevi za najem hekerjev ni nobene zlorabe! \u010ce \u017eelite nekaj dose\u010di, se morate za to potruditi in zaprositi...<\/div>\n<div>\n<h3>\u00a0<\/h3>\n<\/div>\n<div>\n<h3>Najbolj\u0161i hekerji za najem<\/h3>\n<p>Tihi infiltratorji so profesionalni hekerji, ki so stalno pripravljeni, da vam slu\u017eijo kadar koli. Smo najbolj zaupanja vreden telefonski vohun za najem, ki ponuja strokovne storitve najema hekerjev. Kot glavne organizacije Ethical Hacker for Hire po vsem svetu zagotavljamo odli\u010dno sposobnost pridobivanja kakr\u0161nih koli informacij na internetu. Storitev penetracijskega testiranja in spremljanja za storitev eti\u010dnega hekanja. <span contenteditable=\"true\">P<\/span><span contenteditable=\"true\">rofesionalni hekerji za najem.<\/span><\/p>\n<p>Imamo strokovno svetovno skupino certificiranih hekerjev, ki so strokovnjaki na izjemnih podro\u010djih hekanja. Nedvomno lahko eti\u010dno hekanje na spletu opravite tako, da stopite v stik z nami, in strokovni heker iz na\u0161e usposobljene in izurjene hekerske ekipe bo dodeljen, da v kratkem \u010dasu opravi va\u0161e delo.<\/p>\n<p>Vrhunske zmogljivosti za vdor v vse ra\u010dunalnike, kramp univerzitetne ocene. <span contenteditable=\"true\">Najemite profesionalnega hekerja.<\/span><\/p>\n<h4>Kako najeti hekerja iz temnega spleta?<\/h4>\n<p>Na\u0161 strokovnjak za kibernetsko varnost vam lahko ponudi eti\u010dno hekanje, storitve temnega spleta<a href=\"https:\/\/www.bing.com\/\" target=\"_blank\" rel=\"noopener\">,<\/a> in sivih hekerjev, ki jih lahko preprosto najamete. <span contenteditable=\"true\">P<\/span><span contenteditable=\"true\">rofesionalni hekerji za najem.<\/span><\/p>\n<p>\u010ce \u017eelite najeti strokovnjaka za hekerske napade v sivem klobuku. lahko najdete zanesljivega za svoje hekerske potrebe, se morate najprej zavedati, kje iskati in najti certificiranega eti\u010dnega hekerja.<\/p>\n<p>Obstajajo \u0161tevilne hekerske organizacije, ki ne vlagajo dodatne energije, ki bi jo morale vlo\u017eiti v najem hekerja v moji bli\u017eini, da bi izpolnile pri\u010dakovanja strank. <span contenteditable=\"true\">Najemite profesionalnega hekerja.<\/span><\/p>\n<p>Nekateri posamezniki menijo, da lahko najamejo hekerja v svoji bli\u017eini za ni\u010d, \u010de se obrnejo na zasebnega zastopnika. To ni priporo\u010dljivo, saj so stro\u0161ki galakti\u010dni in jih je mogo\u010de preusmeriti, \u010de to stori briljanten posameznik.<\/p>\n<\/div>\n<\/div>\n<\/div>\n<\/div>\n<\/div>\n<p><img decoding=\"async\" data-src=\"https:\/\/hireonlinehackers.com\/wp-content\/uploads\/2023\/01\/5-star-300x158.jpg\" alt=\"Strokovni heker za najem storitev\" width=\"36\" height=\"19\" src=\"data:image\/svg+xml;base64,PHN2ZyB3aWR0aD0iMSIgaGVpZ2h0PSIxIiB4bWxucz0iaHR0cDovL3d3dy53My5vcmcvMjAwMC9zdmciPjwvc3ZnPg==\" class=\"lazyload\" style=\"--smush-placeholder-width: 36px; --smush-placeholder-aspect-ratio: 36\/19;\" \/><\/p>\n<\/div>\n<\/div>\n<p><!-- \/wp:paragraph --><!-- wp:heading --><!-- \/wp:paragraph --><\/p>\t\t\t\t\t\t\t\t<\/div>\n\t\t\t\t<\/div>\n\t\t\t\t\t<\/div>\n\t\t<\/div>\n\t\t\t\t\t<\/div>\n\t\t<\/section>\n\t\t\t\t<section class=\"elementor-section elementor-top-section elementor-element elementor-element-da4e662 elementor-section-boxed elementor-section-height-default elementor-section-height-default default-style\" data-id=\"da4e662\" data-element_type=\"section\" data-settings=\"{&quot;rt_color_sets&quot;:&quot;default-style&quot;}\">\n\t\t\t\t\t\t<div class=\"elementor-container elementor-column-gap-default\">\n\t\t\t\t\t<div class=\"elementor-column elementor-col-50 elementor-top-column elementor-element elementor-element-db924fe\" data-id=\"db924fe\" data-element_type=\"column\">\n\t\t\t<div class=\"elementor-widget-wrap elementor-element-populated\">\n\t\t\t\t\t\t<div class=\"elementor-element elementor-element-0485719 elementor-widget elementor-widget-image\" data-id=\"0485719\" data-element_type=\"widget\" data-widget_type=\"image.default\">\n\t\t\t\t<div class=\"elementor-widget-container\">\n\t\t\t\t\t\t\t\t\t\t\t\t\t\t\t<img decoding=\"async\" width=\"768\" height=\"288\" data-src=\"https:\/\/rentahacker.io\/wp-content\/uploads\/2022\/11\/Buy-Registered-Documents.jpg\" class=\"attachment-large size-large wp-image-4545 lazyload\" alt=\"Najem temnih spletnih hekerjev\" data-srcset=\"https:\/\/rentahacker.io\/wp-content\/uploads\/2022\/11\/Buy-Registered-Documents.jpg 768w, https:\/\/rentahacker.io\/wp-content\/uploads\/2022\/11\/Buy-Registered-Documents-300x113.jpg 300w, https:\/\/rentahacker.io\/wp-content\/uploads\/2022\/11\/Buy-Registered-Documents-600x225.jpg 600w\" data-sizes=\"(max-width: 768px) 100vw, 768px\" src=\"data:image\/svg+xml;base64,PHN2ZyB3aWR0aD0iMSIgaGVpZ2h0PSIxIiB4bWxucz0iaHR0cDovL3d3dy53My5vcmcvMjAwMC9zdmciPjwvc3ZnPg==\" style=\"--smush-placeholder-width: 768px; --smush-placeholder-aspect-ratio: 768\/288;\" \/>\t\t\t\t\t\t\t\t\t\t\t\t\t\t\t<\/div>\n\t\t\t\t<\/div>\n\t\t\t\t\t<\/div>\n\t\t<\/div>\n\t\t\t\t<div class=\"elementor-column elementor-col-50 elementor-top-column elementor-element elementor-element-bff131d\" data-id=\"bff131d\" data-element_type=\"column\">\n\t\t\t<div class=\"elementor-widget-wrap elementor-element-populated\">\n\t\t\t\t\t\t<div class=\"elementor-element elementor-element-db6bcbe elementor-widget elementor-widget-heading\" data-id=\"db6bcbe\" data-element_type=\"widget\" data-widget_type=\"heading.default\">\n\t\t\t\t<div class=\"elementor-widget-container\">\n\t\t\t\t\t<h2 class=\"elementor-heading-title elementor-size-default\"><span class=\"tagify__tag-text\">Najem temnih spletnih hekerjev<\/span><\/h2>\t\t\t\t<\/div>\n\t\t\t\t<\/div>\n\t\t\t\t\t<\/div>\n\t\t<\/div>\n\t\t\t\t\t<\/div>\n\t\t<\/section>\n\t\t\t\t<\/div>","protected":false},"excerpt":{"rendered":"<p>Professional Hackers For Hire \u00a9 Rent A Hacker services vas bo popeljal skozi celoten postopek iskanja, najema, pojasnjevanja, pogajanj in pla\u010devanja hekerjev iz temnega spleta ter ga nadzoroval. Ker smo mi posrednik, s hekerjem nikoli ne sodelujete neposredno, niti administrativno niti finan\u010dno; ni nobene povezave, ki bi vodila do vas. Certificirani [...]<\/p>","protected":false},"author":1,"featured_media":4993,"parent":0,"menu_order":0,"comment_status":"closed","ping_status":"open","template":"","meta":{"footnotes":""},"class_list":["post-3","page","type-page","status-publish","has-post-thumbnail","hentry"],"_links":{"self":[{"href":"https:\/\/rentahacker.io\/sl\/wp-json\/wp\/v2\/pages\/3","targetHints":{"allow":["GET"]}}],"collection":[{"href":"https:\/\/rentahacker.io\/sl\/wp-json\/wp\/v2\/pages"}],"about":[{"href":"https:\/\/rentahacker.io\/sl\/wp-json\/wp\/v2\/types\/page"}],"author":[{"embeddable":true,"href":"https:\/\/rentahacker.io\/sl\/wp-json\/wp\/v2\/users\/1"}],"replies":[{"embeddable":true,"href":"https:\/\/rentahacker.io\/sl\/wp-json\/wp\/v2\/comments?post=3"}],"version-history":[{"count":61,"href":"https:\/\/rentahacker.io\/sl\/wp-json\/wp\/v2\/pages\/3\/revisions"}],"predecessor-version":[{"id":5807,"href":"https:\/\/rentahacker.io\/sl\/wp-json\/wp\/v2\/pages\/3\/revisions\/5807"}],"wp:featuredmedia":[{"embeddable":true,"href":"https:\/\/rentahacker.io\/sl\/wp-json\/wp\/v2\/media\/4993"}],"wp:attachment":[{"href":"https:\/\/rentahacker.io\/sl\/wp-json\/wp\/v2\/media?parent=3"}],"curies":[{"name":"wp","href":"https:\/\/api.w.org\/{rel}","templated":true}]}}