{"id":5840,"date":"2025-09-27T14:54:20","date_gmt":"2025-09-27T14:54:20","guid":{"rendered":"https:\/\/rentahacker.io\/?page_id=5840"},"modified":"2025-09-27T15:03:46","modified_gmt":"2025-09-27T15:03:46","slug":"rent-hacker-cont-social-media","status":"publish","type":"page","link":"https:\/\/rentahacker.io\/ro\/rent-hacker-cont-social-media\/","title":{"rendered":"Chirie Social Media Hacker"},"content":{"rendered":"<div data-elementor-type=\"wp-page\" data-elementor-id=\"5840\" class=\"elementor elementor-5840\">\n\t\t\t\t\t\t<section class=\"elementor-section elementor-top-section elementor-element elementor-element-21ed0537 elementor-section-boxed elementor-section-height-default elementor-section-height-default default-style\" data-id=\"21ed0537\" data-element_type=\"section\" data-settings=\"{&quot;rt_color_sets&quot;:&quot;default-style&quot;}\">\n\t\t\t\t\t\t<div class=\"elementor-container elementor-column-gap-default\">\n\t\t\t\t\t<div class=\"elementor-column elementor-col-100 elementor-top-column elementor-element elementor-element-320524c5\" data-id=\"320524c5\" data-element_type=\"column\">\n\t\t\t<div class=\"elementor-widget-wrap elementor-element-populated\">\n\t\t\t\t\t\t<div class=\"elementor-element elementor-element-15f4f884 elementor-widget elementor-widget-text-editor\" data-id=\"15f4f884\" data-element_type=\"widget\" data-widget_type=\"text-editor.default\">\n\t\t\t\t<div class=\"elementor-widget-container\">\n\t\t\t\t\t\t\t\t\t<h2>Rent Social Media Account Hacker<\/h2>\n<p>V\u0103 pute\u021bi imagina puterea de a accesa conturile de social media ale cuiva? Dac\u0103 a\u021bi putea ob\u021bine informa\u021bii valoroase, s\u0103 descoperi\u021bi secrete ascunse sau chiar s\u0103 v\u0103 proteja\u021bi de poten\u021biale amenin\u021b\u0103ri? \u00cen era digital\u0103 de ast\u0103zi, \u00een care social media joac\u0103 un rol esen\u021bial \u00een via\u021ba noastr\u0103, este esen\u021bial s\u0103 recunoa\u0219tem importan\u021ba protej\u0103rii prezen\u021bei noastre online. Deci, v-a\u021bi \u00eentrebat vreodat\u0103 dac\u0103 exist\u0103 o modalitate de a angaja un hacker pentru hackingul social media? Ei bine, sunte\u021bi pe cale s\u0103 afla\u021bi! \u00cenchiria\u021bi un hacker de cont social media.<\/p>\n<div>\n<div data-id=\"97ea71a\" data-element_type=\"widget\" data-widget_type=\"text-editor.default\">\n<p>Angajarea unui profesionist <a href=\"https:\/\/criminalminds.fandom.com\/wiki\/Hacker\" target=\"_blank\" rel=\"noopener\">hacker<\/a> v\u0103 pot oferi expertiza \u0219i instrumentele necesare pentru a accesa \u0219i securiza conturile de social media. Aceste persoane calificate de\u021bin cuno\u0219tin\u021bele \u0219i experien\u021ba necesare pentru a naviga prin sistemele complexe de securitate ale unor platforme precum Facebook, Twitter, Instagram \u0219i altele. Cu ajutorul lor, pute\u021bi ob\u021bine acces la un cont \u021bint\u0103, pute\u021bi recupera un profil compromis sau chiar pute\u021bi recupera date valoroase care este posibil s\u0103 fi fost pierdute sau \u0219terse. Lumea hacking-ului social media este un t\u0103r\u00e2m fascinant, iar angajarea unui hacker poate debloca o multitudine de posibilit\u0103\u021bi. Rent Social Media Account Hacker.<\/p>\n<\/div>\n<div data-id=\"97ea71a\" data-element_type=\"widget\" data-widget_type=\"text-editor.default\">\n<p>Piratarea re\u021belelor sociale poate avea consecin\u021be grave at\u00e2t pentru persoane fizice, c\u00e2t \u0219i pentru \u00eentreprinderi. Aceasta poate duce la furt de identitate, \u00eenc\u0103lc\u0103ri ale vie\u021bii private, daune reputa\u021bionale \u0219i pierderi financiare. Hackerii pot utiliza \u00een mod abuziv informa\u021biile personale, pot posta con\u021binut r\u0103u inten\u021bionat sau se pot angaja \u00een activit\u0103\u021bi frauduloase, cauz\u00e2nd prejudicii semnificative proprietarului contului. Angaja\u021bi hackeri pentru social media<\/p>\n<\/div>\n<div data-id=\"97ea71a\" data-element_type=\"widget\" data-widget_type=\"text-editor.default\">\n<p>Pentru a v\u0103 proteja conturile de social media \u0219i pentru a v\u0103 proteja de poten\u021biale amenin\u021b\u0103ri, angajarea unui hacker profesionist poate fi o alegere prudent\u0103. Ace\u0219ti exper\u021bi posed\u0103 abilit\u0103\u021bile \u0219i cuno\u0219tin\u021bele necesare pentru a identifica vulnerabilit\u0103\u021bile, pentru a v\u0103 securiza conturile \u0219i pentru a oferi solu\u021bii valoroase \u00een cazul oric\u0103ror bre\u0219e de securitate. Angaja\u021bi hackeri pentru social media. \u00cenchiria\u021bi Social Media Account Hacker.<\/p>\n<\/div>\n<div data-id=\"97ea71a\" data-element_type=\"widget\" data-widget_type=\"text-editor.default\">\n<p>Prin angajarea unor profesioni\u0219ti precum <a href=\"https:\/\/rentahacker.io\/ro\/\">\u00cenchiria\u021bi un hacker<\/a> pentru serviciile de hacking social media, ob\u021bine\u021bi numeroase avantaje. Acestea includ:<\/p>\n<article>\n<div>\n<h3>HACKERI SOCIAL MEDIA ONLINE | ANGAJA UN HACKER DE CONTURI SOCIAL MEDIA | SERVICIU DE HACK PAROL\u0102 FACEBOOK | HACKERI PAROL\u0102 SNAPCHAT | HACKERI TIKTOK ONLINE<\/h3>\n<h3>HACKERI SOCIAL MEDIA PENTRU \u00ceNCHIRIERE | DARKWEB HACKERS<\/h3>\n<p>A\u021bi vrut vreodat\u0103 s\u0103 \u0219ti\u021bi despre ce vorbesc prietenii dvs. pe platformele de social media, cum ar fi Instagram, Facebook, Pinterest, Twitter? Cu instrumentele potrivite, este posibil s\u0103 face\u021bi exact asta! nu numai c\u0103 vom discuta despre cum s\u0103 spiona\u021bi conturile de social media ale cuiva, dar v\u0103 vom oferi \u0219i o list\u0103 cu unele dintre cele mai bune \u0219i mai eficiente programe de hacking disponibile. Conturi social media<\/p>\n<p><strong>Ce este spionajul social media?<\/strong><\/p>\n<p>Spionarea re\u021belelor sociale este ac\u021biunea de monitorizare a contului de social media al cuiva. Acest lucru se poate face prin intermediul unei aplica\u021bii ter\u021be care v\u0103 permite s\u0103 vede\u021bi ce posteaz\u0103 \u021binta dvs. online \u0219i prin utilizarea e-mailului personal al acesteia. Un site popular care ofer\u0103 acest serviciu este\u00a0<strong>\u00eenchiria\u021bi un hacker<\/strong>\u00a0servicii de hacking<\/p>\n<p>Pute\u021bi Hack Facebook, Hack Instagram ,Twitter,\u00a0<b>TikTok\u00a0<\/b>Serviciul de hacking telefonic \u0219i alte conturi de social media.<\/p>\n<p><strong>Cum s\u0103 spiona\u021bi conturile de social media<\/strong><\/p>\n<p>Trebuie s\u0103 fi\u021bi cu ochii pe ceea ce fac concuren\u021bii dvs. pe social media? Sunte\u021bi curios s\u0103 afla\u021bi cine vorbe\u0219te despre brandul dvs. online? Dac\u0103 da, este posibil s\u0103 ave\u021bi nevoie s\u0103 angaja\u021bi un hacker pentru spionarea re\u021belelor sociale. Hackerii v\u0103 pot ajuta s\u0103 ob\u021bine\u021bi acces la tot felul de informa\u021bii din conturile de social media, inclusiv parole, post\u0103ri \u0219i urm\u0103ritori. Prin urmare, dac\u0103 sunte\u021bi gata s\u0103 ob\u021bine\u021bi informa\u021bii confiden\u021biale despre concuren\u021ba dvs. sau dac\u0103 dori\u021bi doar s\u0103 v\u0103 supraveghea\u021bi propria prezen\u021b\u0103 pe re\u021belele sociale, asigura\u021bi-v\u0103 c\u0103 angaja\u021bi un hacker ast\u0103zi. Conturi social media<\/p>\n<h4><strong>Dark Web Hackeri social media de \u00eenchiriat<\/strong><\/h4>\n<p>Deci vrei s\u0103 spargi contul de Facebook al fostului t\u0103u iubit? Sau poate vrei doar s\u0103 \u0219tii ce pune el sau ea la cale. Oricum ar fi, ai nevoie de cineva cu abilit\u0103\u021bi \u0219i cuno\u0219tin\u021be care s\u0103 te ajute. \u0218i aici intervin hackerii de social media de \u00eenchiriat. Ace\u0219ti hackeri profesioni\u0219ti v\u0103 pot ajuta s\u0103 intra\u021bi \u00een orice cont, indiferent c\u00e2t de blocat ar fi acesta. Sunt exper\u021bi \u00een eludarea m\u0103surilor de securitate, astfel \u00eenc\u00e2t v\u0103 pot ajuta s\u0103 ob\u021bine\u021bi acces la orice informa\u021bii c\u0103uta\u021bi. Prin urmare, dac\u0103 sunte\u021bi \u00een c\u0103utarea unui spionaj cibernetic serios, atunci un hacker de \u00eenchiriat este cu siguran\u021b\u0103 persoana potrivit\u0103 pentru aceast\u0103 sarcin\u0103! Conturi social media<\/p>\n<header>\n<h2>Piratarea conturilor de social media<\/h2>\n<\/header>\n<p>Dac\u0103 cineva dore\u0219te s\u0103 angajeze un hacker social media, \u00een general este de preferat ca acesta s\u0103 fie unul anonim. Acesta va ajuta la p\u0103strarea identit\u0103\u021bii ascunse \u0219i se va asigura c\u0103 nimeni nu \u0219tie cine a pl\u0103tit pentru serviciile lor \u00een afar\u0103 de dumneavoastr\u0103, astfel \u00eenc\u00e2t nu este nevoie s\u0103 v\u0103 face\u021bi griji c\u0103 ve\u021bi fi prin\u0219i cu vreun comportament ilegal. Conturi de social media<\/p>\n<p>Atunci c\u00e2nd contacta\u021bi un hacker, g\u00e2ndi\u021bi-v\u0103 la anun\u021bul dvs. de angajare ca la o \u0219ans\u0103 de a oferi o descriere am\u0103nun\u021bit\u0103 a domeniului de aplicare al proiectului, a costurilor \u0219i a nevoii de talente. De\u0219i nu ave\u021bi nevoie de o descriere complet\u0103 a postului atunci c\u00e2nd angaja\u021bi un angajat, \u00eencerca\u021bi s\u0103 oferi\u021bi suficiente informa\u021bii pentru ca un contractant s\u0103 poat\u0103 determina dac\u0103 este potrivit pentru post. Conturi social media<\/p>\n<p>Pute\u021bi angaja hackeri califica\u021bi pentru o varietate de servicii de hacking, inclusiv hacking telefonic \u0219i hacking social media. De asemenea, pute\u021bi angaja hackeri pentru servicii precum Facebook, TikTok, WhatsApp, e-mail, Instagram \u0219i hacking pentru telefoane mobile, pe l\u00e2ng\u0103 multe alte activit\u0103\u021bi de hacking. Hackerii exper\u021bi sunt cunoscu\u021bi pentru compromiterea conturilor FB, dup\u0103 cum reiese clar din\u00a0<a href=\"https:\/\/www.facebook.com\/help\/1216349518398524\" target=\"_blank\" rel=\"noopener\">Centrul de ajutor al Facebook<\/a>. Hackeri ca ace\u0219tia sunt disponibili pentru \u00eenchiriere, av\u00e2nd cuno\u0219tin\u021bele \u0219i abilit\u0103\u021bile necesare pentru nevoile dvs. \u00een multe cazuri. Conturi social media<\/p>\n<p>Mai dori\u021bi s\u0103 angaja\u021bi un hacker pentru probleme legate de Facebook sau e-mail? Nu exist\u0103 niciun link pe wiki-ul ascuns c\u0103tre site-uri de hackeri de \u00eenchiriat pentru aceste servicii specifice, dar pute\u021bi accesa un site precum\u00a0<a href=\"https:\/\/rentahacker.io\/ro\/\" target=\"_blank\" rel=\"noopener noreferrer\">rentahacker.io<\/a> pentru a g\u0103si persoana potrivit\u0103. Conturi social media<\/p>\n<p><img decoding=\"async\" data-src=\"https:\/\/beauty-by-world.com\/wp-content\/uploads\/2025\/06\/social-media-accounts-hacker-300x158.jpg\" alt=\"CONTURI DE SOCIAL MEDIA\" width=\"300\" height=\"158\" src=\"data:image\/svg+xml;base64,PHN2ZyB3aWR0aD0iMSIgaGVpZ2h0PSIxIiB4bWxucz0iaHR0cDovL3d3dy53My5vcmcvMjAwMC9zdmciPjwvc3ZnPg==\" class=\"lazyload\" style=\"--smush-placeholder-width: 300px; --smush-placeholder-aspect-ratio: 300\/158;\" \/>Un hacker bun nu va cere niciun ban, iar cei cu costuri reduse vor \u00eencerca s\u0103 v\u0103 fure economiile de-o via\u021b\u0103 cu un fel de escrocherie. Ace\u0219ti tipi nu pot oferi ceea ce doresc oamenii, deoarece serviciile lor sunt prea costisitoare \u00een termeni de timp\/bani etc. Conturi de social media<\/p>\n<\/div>\n<\/article>\n<\/div>\n<\/div>\t\t\t\t\t\t\t\t<\/div>\n\t\t\t\t<\/div>\n\t\t\t\t\t<\/div>\n\t\t<\/div>\n\t\t\t\t\t<\/div>\n\t\t<\/section>\n\t\t\t\t<section class=\"elementor-section elementor-top-section elementor-element elementor-element-da4e662 elementor-section-boxed elementor-section-height-default elementor-section-height-default default-style\" data-id=\"da4e662\" data-element_type=\"section\" data-settings=\"{&quot;rt_color_sets&quot;:&quot;default-style&quot;}\">\n\t\t\t\t\t\t<div class=\"elementor-container elementor-column-gap-default\">\n\t\t\t\t\t<div class=\"elementor-column elementor-col-50 elementor-top-column elementor-element elementor-element-db924fe\" data-id=\"db924fe\" data-element_type=\"column\">\n\t\t\t<div class=\"elementor-widget-wrap elementor-element-populated\">\n\t\t\t\t\t\t<div class=\"elementor-element elementor-element-0485719 elementor-widget elementor-widget-image\" data-id=\"0485719\" data-element_type=\"widget\" data-widget_type=\"image.default\">\n\t\t\t\t<div class=\"elementor-widget-container\">\n\t\t\t\t\t\t\t\t\t\t\t\t\t\t\t<img fetchpriority=\"high\" decoding=\"async\" width=\"768\" height=\"288\" src=\"https:\/\/rentahacker.io\/wp-content\/uploads\/2022\/11\/Buy-Registered-Documents.jpg\" class=\"attachment-large size-large wp-image-4545\" alt=\"Angaja\u021bi hackeri Dark Web\" srcset=\"https:\/\/rentahacker.io\/wp-content\/uploads\/2022\/11\/Buy-Registered-Documents.jpg 768w, https:\/\/rentahacker.io\/wp-content\/uploads\/2022\/11\/Buy-Registered-Documents-300x113.jpg 300w, https:\/\/rentahacker.io\/wp-content\/uploads\/2022\/11\/Buy-Registered-Documents-600x225.jpg 600w\" sizes=\"(max-width: 768px) 100vw, 768px\" \/>\t\t\t\t\t\t\t\t\t\t\t\t\t\t\t<\/div>\n\t\t\t\t<\/div>\n\t\t\t\t\t<\/div>\n\t\t<\/div>\n\t\t\t\t<div class=\"elementor-column elementor-col-50 elementor-top-column elementor-element elementor-element-bff131d\" data-id=\"bff131d\" data-element_type=\"column\">\n\t\t\t<div class=\"elementor-widget-wrap elementor-element-populated\">\n\t\t\t\t\t\t<div class=\"elementor-element elementor-element-db6bcbe elementor-widget elementor-widget-heading\" data-id=\"db6bcbe\" data-element_type=\"widget\" data-widget_type=\"heading.default\">\n\t\t\t\t<div class=\"elementor-widget-container\">\n\t\t\t\t\t<h2 class=\"elementor-heading-title elementor-size-default\">Rent A Social Media Account Hacker<\/h2>\t\t\t\t<\/div>\n\t\t\t\t<\/div>\n\t\t\t\t\t<\/div>\n\t\t<\/div>\n\t\t\t\t\t<\/div>\n\t\t<\/section>\n\t\t\t\t<\/div>","protected":false},"excerpt":{"rendered":"<p>Rent Social Media Account Hacker V\u0103 pute\u021bi imagina puterea de a accesa conturile de social media ale cuiva? Dac\u0103 a\u021bi putea ob\u021bine informa\u021bii valoroase, s\u0103 descoperi\u021bi secrete ascunse sau chiar s\u0103 v\u0103 proteja\u021bi de poten\u021biale amenin\u021b\u0103ri? \u00cen era digital\u0103 de ast\u0103zi, \u00een care social media joac\u0103 un rol esen\u021bial \u00een via\u021ba noastr\u0103, este esen\u021bial s\u0103 recunoa\u0219tem importan\u021ba protej\u0103rii [...]<\/p>","protected":false},"author":1,"featured_media":5841,"parent":0,"menu_order":0,"comment_status":"closed","ping_status":"open","template":"","meta":{"footnotes":""},"class_list":["post-5840","page","type-page","status-publish","has-post-thumbnail","hentry"],"_links":{"self":[{"href":"https:\/\/rentahacker.io\/ro\/wp-json\/wp\/v2\/pages\/5840","targetHints":{"allow":["GET"]}}],"collection":[{"href":"https:\/\/rentahacker.io\/ro\/wp-json\/wp\/v2\/pages"}],"about":[{"href":"https:\/\/rentahacker.io\/ro\/wp-json\/wp\/v2\/types\/page"}],"author":[{"embeddable":true,"href":"https:\/\/rentahacker.io\/ro\/wp-json\/wp\/v2\/users\/1"}],"replies":[{"embeddable":true,"href":"https:\/\/rentahacker.io\/ro\/wp-json\/wp\/v2\/comments?post=5840"}],"version-history":[{"count":4,"href":"https:\/\/rentahacker.io\/ro\/wp-json\/wp\/v2\/pages\/5840\/revisions"}],"predecessor-version":[{"id":5845,"href":"https:\/\/rentahacker.io\/ro\/wp-json\/wp\/v2\/pages\/5840\/revisions\/5845"}],"wp:featuredmedia":[{"embeddable":true,"href":"https:\/\/rentahacker.io\/ro\/wp-json\/wp\/v2\/media\/5841"}],"wp:attachment":[{"href":"https:\/\/rentahacker.io\/ro\/wp-json\/wp\/v2\/media?parent=5840"}],"curies":[{"name":"wp","href":"https:\/\/api.w.org\/{rel}","templated":true}]}}