{"id":5840,"date":"2025-09-27T14:54:20","date_gmt":"2025-09-27T14:54:20","guid":{"rendered":"https:\/\/rentahacker.io\/?page_id=5840"},"modified":"2025-09-27T15:03:46","modified_gmt":"2025-09-27T15:03:46","slug":"alugar-hacker-de-conta-de-redes-sociais","status":"publish","type":"page","link":"https:\/\/rentahacker.io\/pt\/alugar-hacker-de-conta-de-redes-sociais\/","title":{"rendered":"Alugar um hacker de redes sociais"},"content":{"rendered":"<div data-elementor-type=\"wp-page\" data-elementor-id=\"5840\" class=\"elementor elementor-5840\">\n\t\t\t\t\t\t<section class=\"elementor-section elementor-top-section elementor-element elementor-element-21ed0537 elementor-section-boxed elementor-section-height-default elementor-section-height-default default-style\" data-id=\"21ed0537\" data-element_type=\"section\" data-settings=\"{&quot;rt_color_sets&quot;:&quot;default-style&quot;}\">\n\t\t\t\t\t\t<div class=\"elementor-container elementor-column-gap-default\">\n\t\t\t\t\t<div class=\"elementor-column elementor-col-100 elementor-top-column elementor-element elementor-element-320524c5\" data-id=\"320524c5\" data-element_type=\"column\">\n\t\t\t<div class=\"elementor-widget-wrap elementor-element-populated\">\n\t\t\t\t\t\t<div class=\"elementor-element elementor-element-15f4f884 elementor-widget elementor-widget-text-editor\" data-id=\"15f4f884\" data-element_type=\"widget\" data-widget_type=\"text-editor.default\">\n\t\t\t\t<div class=\"elementor-widget-container\">\n\t\t\t\t\t\t\t\t\t<h2>Aluguer de contas de redes sociais Hacker<\/h2>\n<p>Consegue imaginar o poder de aceder \u00e0s contas das redes sociais de algu\u00e9m? E se pudesse recuperar informa\u00e7\u00f5es valiosas, descobrir segredos ocultos ou mesmo proteger-se de potenciais amea\u00e7as? Na era digital atual, em que as redes sociais desempenham um papel fundamental nas nossas vidas, \u00e9 essencial reconhecer a import\u00e2ncia de proteger a nossa presen\u00e7a online. Ent\u00e3o, j\u00e1 se perguntou se existe uma forma de contratar um hacker para invadir as redes sociais? Bem, est\u00e1 prestes a descobrir! Alugar um hacker de contas de redes sociais.<\/p>\n<div>\n<div data-id=\"97ea71a\" data-element_type=\"widget\" data-widget_type=\"text-editor.default\">\n<p>Contrata\u00e7\u00e3o de um profissional <a href=\"https:\/\/criminalminds.fandom.com\/wiki\/Hacker\" target=\"_blank\" rel=\"noopener\">pirata inform\u00e1tico<\/a> pode fornecer-lhe os conhecimentos e as ferramentas necess\u00e1rias para aceder e proteger contas de redes sociais. Estes indiv\u00edduos qualificados possuem o conhecimento e a experi\u00eancia necess\u00e1rios para navegar pelos intrincados sistemas de seguran\u00e7a de plataformas como o Facebook, Twitter, Instagram e outras. Com a sua ajuda, pode obter acesso a uma conta-alvo, recuperar um perfil comprometido ou mesmo recuperar dados valiosos que possam ter sido perdidos ou eliminados. O mundo do hacking nas redes sociais \u00e9 um dom\u00ednio fascinante e contratar um hacker pode desbloquear uma infinidade de possibilidades. Alugue Social Media Account Hacker.<\/p>\n<\/div>\n<div data-id=\"97ea71a\" data-element_type=\"widget\" data-widget_type=\"text-editor.default\">\n<p>A pirataria inform\u00e1tica nas redes sociais pode ter consequ\u00eancias graves tanto para os indiv\u00edduos como para as empresas. Pode conduzir a roubo de identidade, viola\u00e7\u00f5es de privacidade, danos \u00e0 reputa\u00e7\u00e3o e perdas financeiras. Os hackers podem utilizar indevidamente informa\u00e7\u00f5es pessoais, publicar conte\u00fados maliciosos ou envolver-se em actividades fraudulentas, causando danos significativos ao propriet\u00e1rio da conta. Contratar hackers para as redes sociais<\/p>\n<\/div>\n<div data-id=\"97ea71a\" data-element_type=\"widget\" data-widget_type=\"text-editor.default\">\n<p>Para salvaguardar as suas contas nas redes sociais e proteger-se de potenciais amea\u00e7as, contratar um hacker profissional pode ser uma escolha prudente. Estes especialistas possuem as compet\u00eancias e os conhecimentos necess\u00e1rios para identificar vulnerabilidades, proteger as suas contas e fornecer solu\u00e7\u00f5es valiosas em caso de viola\u00e7\u00f5es de seguran\u00e7a. Contrate hackers para as redes sociais. Alugue um hacker de contas de redes sociais.<\/p>\n<\/div>\n<div data-id=\"97ea71a\" data-element_type=\"widget\" data-widget_type=\"text-editor.default\">\n<p>Ao contratar profissionais como <a href=\"https:\/\/rentahacker.io\/pt\/\">Alugar um Hacker<\/a> para servi\u00e7os de hacking nas redes sociais, obt\u00e9m in\u00fameras vantagens. Estas incluem:<\/p>\n<article>\n<div>\n<h3>HACKERS DE REDES SOCIAIS ONLINE | CONTRATAR UM HACKER DE CONTAS DE REDES SOCIAIS | SERVI\u00c7O DE HACKING DE SENHAS DO FACEBOOK | HACKERS DE SENHAS DO SNAPCHAT | HACKERS DO TIKTOK ONLINE<\/h3>\n<h3>HACKERS DE REDES SOCIAIS PARA ALUGUER | DARKWEB HACKERS<\/h3>\n<p>J\u00e1 alguma vez quis saber o que os seus amigos andam a dizer nas plataformas das redes sociais, como o Instagram, o Facebook, o Pinterest e o Twitter? Com as ferramentas certas, \u00e9 poss\u00edvel fazer isso mesmo! N\u00e3o s\u00f3 discutiremos como espiar as contas de redes sociais de algu\u00e9m, como tamb\u00e9m lhe daremos uma lista de alguns dos melhores e mais eficazes softwares de hacking dispon\u00edveis. Contas de redes sociais<\/p>\n<p><strong>O que \u00e9 a espionagem nas redes sociais?<\/strong><\/p>\n<p>A espionagem de redes sociais \u00e9 o ato de monitorizar a conta de uma pessoa nas redes sociais. Isto pode ser feito atrav\u00e9s de uma aplica\u00e7\u00e3o de terceiros que lhe permite ver o que o seu alvo publica online e utilizando o seu correio eletr\u00f3nico pessoal. Um s\u00edtio popular que oferece este servi\u00e7o \u00e9 o\u00a0<strong>alugar um hacker<\/strong>\u00a0servi\u00e7os de pirataria inform\u00e1tica<\/p>\n<p>Voc\u00ea pode hackear o Facebook, Hack Instagram, Twitter,\u00a0<b>TikTok\u00a0<\/b>Servi\u00e7o de pirataria telef\u00f3nica e outras contas de redes sociais.<\/p>\n<p><strong>Como espiar as contas das redes sociais<\/strong><\/p>\n<p>Precisa de estar atento ao que os seus concorrentes est\u00e3o a fazer nas redes sociais? Tem curiosidade em saber quem est\u00e1 a falar da sua marca online? Se for esse o caso, talvez seja necess\u00e1rio contratar um hacker para espiar as redes sociais. Os hackers podem ajud\u00e1-lo a obter acesso a todo o tipo de informa\u00e7\u00f5es de contas de redes sociais, incluindo palavras-passe, publica\u00e7\u00f5es e seguidores. Por isso, se est\u00e1 pronto para obter informa\u00e7\u00f5es privilegiadas sobre a sua concorr\u00eancia ou apenas quer manter o controlo sobre a sua pr\u00f3pria presen\u00e7a nas redes sociais, n\u00e3o deixe de contratar um hacker hoje mesmo. Contas de redes sociais<\/p>\n<h4><strong>Dark Web Hackers das redes sociais para aluguer<\/strong><\/h4>\n<p>Quer piratear a conta do Facebook do seu ex? Ou talvez apenas queira saber o que ele ou ela anda a fazer. Seja como for, precisa de algu\u00e9m com as compet\u00eancias e os conhecimentos necess\u00e1rios para o ajudar. E \u00e9 a\u00ed que entram os hackers de redes sociais para aluguer. Estes hackers profissionais podem ajud\u00e1-lo a entrar em qualquer conta, por mais bloqueada que esteja. S\u00e3o especialistas em contornar as medidas de seguran\u00e7a, pelo que podem ajud\u00e1-lo a aceder a qualquer informa\u00e7\u00e3o que pretenda. Por isso, se est\u00e1 \u00e0 procura de uma espionagem cibern\u00e9tica s\u00e9ria, ent\u00e3o um hacker de aluguer \u00e9 definitivamente a pessoa certa para o trabalho! Contas de redes sociais<\/p>\n<header>\n<h2>Hackear contas de redes sociais<\/h2>\n<\/header>\n<p>Se algu\u00e9m quiser contratar um hacker das redes sociais, \u00e9 geralmente prefer\u00edvel que seja um hacker an\u00f3nimo. Isso ajudar\u00e1 a manter a sua identidade oculta e garantir\u00e1 que ningu\u00e9m saiba quem pagou pelos seus servi\u00e7os, para al\u00e9m de si pr\u00f3prio, pelo que n\u00e3o h\u00e1 necessidade de se preocupar em ser apanhado com qualquer comportamento ilegal. Contas de redes sociais<\/p>\n<p>Quando contactar um hacker, pense na sua oferta de emprego como uma oportunidade para oferecer uma descri\u00e7\u00e3o completa do \u00e2mbito do projeto, do custo e da necessidade de talento. Embora n\u00e3o seja necess\u00e1ria uma descri\u00e7\u00e3o completa do trabalho para contratar um funcion\u00e1rio, tente fornecer informa\u00e7\u00f5es suficientes para que um contratante possa determinar se \u00e9 adequado para o cargo. Contas de redes sociais<\/p>\n<p>Pode contratar hackers qualificados para uma variedade de servi\u00e7os de hacking, incluindo hacking telef\u00f3nico e hacking de redes sociais. Tamb\u00e9m pode contratar hackers para servi\u00e7os como o Facebook, TikTok, WhatsApp, e-mail, Instagram e hacking de telem\u00f3veis, para al\u00e9m de muitas outras actividades de hacking. Os hackers especializados s\u00e3o conhecidos por terem comprometido contas do FB, como o demonstra\u00a0<a href=\"https:\/\/www.facebook.com\/help\/1216349518398524\" target=\"_blank\" rel=\"noopener\">Centro de ajuda do Facebook<\/a>. Hackers como estes est\u00e3o dispon\u00edveis para aluguer com os conhecimentos e capacidades necess\u00e1rios para as suas necessidades em muitos casos. Contas de redes sociais<\/p>\n<p>Ainda quer contratar um hacker para problemas com o Facebook ou o correio eletr\u00f3nico? N\u00e3o existem liga\u00e7\u00f5es na wiki oculta para quaisquer sites de aluguer de hackers para estes servi\u00e7os espec\u00edficos, mas pode ir a um site como\u00a0<a href=\"https:\/\/rentahacker.io\/pt\/\" target=\"_blank\" rel=\"noopener noreferrer\">rentahacker.io<\/a> para encontrar a pessoa certa. Contas de redes sociais<\/p>\n<p><img decoding=\"async\" data-src=\"https:\/\/beauty-by-world.com\/wp-content\/uploads\/2025\/06\/social-media-accounts-hacker-300x158.jpg\" alt=\"CONTAS NAS REDES SOCIAIS\" width=\"300\" height=\"158\" src=\"data:image\/svg+xml;base64,PHN2ZyB3aWR0aD0iMSIgaGVpZ2h0PSIxIiB4bWxucz0iaHR0cDovL3d3dy53My5vcmcvMjAwMC9zdmciPjwvc3ZnPg==\" class=\"lazyload\" style=\"--smush-placeholder-width: 300px; --smush-placeholder-aspect-ratio: 300\/158;\" \/>Um bom hacker n\u00e3o cobra um c\u00eantimo e qualquer hacker de baixo custo tentar\u00e1 roubar-lhe as poupan\u00e7as de uma vida inteira com algum tipo de esquema. Estes tipos n\u00e3o podem fornecer o que as pessoas querem porque os seus servi\u00e7os s\u00e3o demasiado caros em termos de tempo\/dinheiro, etc. Contas de redes sociais<\/p>\n<\/div>\n<\/article>\n<\/div>\n<\/div>\t\t\t\t\t\t\t\t<\/div>\n\t\t\t\t<\/div>\n\t\t\t\t\t<\/div>\n\t\t<\/div>\n\t\t\t\t\t<\/div>\n\t\t<\/section>\n\t\t\t\t<section class=\"elementor-section elementor-top-section elementor-element elementor-element-da4e662 elementor-section-boxed elementor-section-height-default elementor-section-height-default default-style\" data-id=\"da4e662\" data-element_type=\"section\" data-settings=\"{&quot;rt_color_sets&quot;:&quot;default-style&quot;}\">\n\t\t\t\t\t\t<div class=\"elementor-container elementor-column-gap-default\">\n\t\t\t\t\t<div class=\"elementor-column elementor-col-50 elementor-top-column elementor-element elementor-element-db924fe\" data-id=\"db924fe\" data-element_type=\"column\">\n\t\t\t<div class=\"elementor-widget-wrap elementor-element-populated\">\n\t\t\t\t\t\t<div class=\"elementor-element elementor-element-0485719 elementor-widget elementor-widget-image\" data-id=\"0485719\" data-element_type=\"widget\" data-widget_type=\"image.default\">\n\t\t\t\t<div class=\"elementor-widget-container\">\n\t\t\t\t\t\t\t\t\t\t\t\t\t\t\t<img fetchpriority=\"high\" decoding=\"async\" width=\"768\" height=\"288\" src=\"https:\/\/rentahacker.io\/wp-content\/uploads\/2022\/11\/Buy-Registered-Documents.jpg\" class=\"attachment-large size-large wp-image-4545\" alt=\"Contratar Hackers da Dark Web\" srcset=\"https:\/\/rentahacker.io\/wp-content\/uploads\/2022\/11\/Buy-Registered-Documents.jpg 768w, https:\/\/rentahacker.io\/wp-content\/uploads\/2022\/11\/Buy-Registered-Documents-300x113.jpg 300w, https:\/\/rentahacker.io\/wp-content\/uploads\/2022\/11\/Buy-Registered-Documents-600x225.jpg 600w\" sizes=\"(max-width: 768px) 100vw, 768px\" \/>\t\t\t\t\t\t\t\t\t\t\t\t\t\t\t<\/div>\n\t\t\t\t<\/div>\n\t\t\t\t\t<\/div>\n\t\t<\/div>\n\t\t\t\t<div class=\"elementor-column elementor-col-50 elementor-top-column elementor-element elementor-element-bff131d\" data-id=\"bff131d\" data-element_type=\"column\">\n\t\t\t<div class=\"elementor-widget-wrap elementor-element-populated\">\n\t\t\t\t\t\t<div class=\"elementor-element elementor-element-db6bcbe elementor-widget elementor-widget-heading\" data-id=\"db6bcbe\" data-element_type=\"widget\" data-widget_type=\"heading.default\">\n\t\t\t\t<div class=\"elementor-widget-container\">\n\t\t\t\t\t<h2 class=\"elementor-heading-title elementor-size-default\">Alugar um hacker de contas de redes sociais<\/h2>\t\t\t\t<\/div>\n\t\t\t\t<\/div>\n\t\t\t\t\t<\/div>\n\t\t<\/div>\n\t\t\t\t\t<\/div>\n\t\t<\/section>\n\t\t\t\t<\/div>","protected":false},"excerpt":{"rendered":"<p>Rent Social Media Account Hacker Consegue imaginar o poder de aceder \u00e0s contas das redes sociais de algu\u00e9m? E se pudesse recuperar informa\u00e7\u00f5es valiosas, descobrir segredos ocultos ou at\u00e9 mesmo proteger-se de potenciais amea\u00e7as? Na era digital atual, em que as redes sociais desempenham um papel fundamental nas nossas vidas, \u00e9 essencial reconhecer a import\u00e2ncia de salvaguardar [...]<\/p>","protected":false},"author":1,"featured_media":5841,"parent":0,"menu_order":0,"comment_status":"closed","ping_status":"open","template":"","meta":{"footnotes":""},"class_list":["post-5840","page","type-page","status-publish","has-post-thumbnail","hentry"],"_links":{"self":[{"href":"https:\/\/rentahacker.io\/pt\/wp-json\/wp\/v2\/pages\/5840","targetHints":{"allow":["GET"]}}],"collection":[{"href":"https:\/\/rentahacker.io\/pt\/wp-json\/wp\/v2\/pages"}],"about":[{"href":"https:\/\/rentahacker.io\/pt\/wp-json\/wp\/v2\/types\/page"}],"author":[{"embeddable":true,"href":"https:\/\/rentahacker.io\/pt\/wp-json\/wp\/v2\/users\/1"}],"replies":[{"embeddable":true,"href":"https:\/\/rentahacker.io\/pt\/wp-json\/wp\/v2\/comments?post=5840"}],"version-history":[{"count":4,"href":"https:\/\/rentahacker.io\/pt\/wp-json\/wp\/v2\/pages\/5840\/revisions"}],"predecessor-version":[{"id":5845,"href":"https:\/\/rentahacker.io\/pt\/wp-json\/wp\/v2\/pages\/5840\/revisions\/5845"}],"wp:featuredmedia":[{"embeddable":true,"href":"https:\/\/rentahacker.io\/pt\/wp-json\/wp\/v2\/media\/5841"}],"wp:attachment":[{"href":"https:\/\/rentahacker.io\/pt\/wp-json\/wp\/v2\/media?parent=5840"}],"curies":[{"name":"wp","href":"https:\/\/api.w.org\/{rel}","templated":true}]}}