{"id":4967,"date":"2023-09-10T15:27:23","date_gmt":"2023-09-10T15:27:23","guid":{"rendered":"https:\/\/hireonlinehackers.com\/?page_id=4967"},"modified":"2025-09-27T06:22:03","modified_gmt":"2025-09-27T06:22:03","slug":"alugar-hacker-de-telefone","status":"publish","type":"page","link":"https:\/\/rentahacker.io\/pt\/alugar-hacker-de-telefone\/","title":{"rendered":"Hackers de telem\u00f3veis"},"content":{"rendered":"<div data-elementor-type=\"wp-page\" data-elementor-id=\"4967\" class=\"elementor elementor-4967\">\n\t\t\t\t\t\t<section class=\"elementor-section elementor-top-section elementor-element elementor-element-21ed0537 elementor-section-boxed elementor-section-height-default elementor-section-height-default default-style\" data-id=\"21ed0537\" data-element_type=\"section\" data-settings=\"{&quot;rt_color_sets&quot;:&quot;default-style&quot;}\">\n\t\t\t\t\t\t<div class=\"elementor-container elementor-column-gap-default\">\n\t\t\t\t\t<div class=\"elementor-column elementor-col-100 elementor-top-column elementor-element elementor-element-320524c5\" data-id=\"320524c5\" data-element_type=\"column\">\n\t\t\t<div class=\"elementor-widget-wrap elementor-element-populated\">\n\t\t\t\t\t\t<div class=\"elementor-element elementor-element-15f4f884 elementor-widget elementor-widget-text-editor\" data-id=\"15f4f884\" data-element_type=\"widget\" data-widget_type=\"text-editor.default\">\n\t\t\t\t<div class=\"elementor-widget-container\">\n\t\t\t\t\t\t\t\t\t<h2>Alugar um telem\u00f3vel<\/h2>\n<p><!-- \/wp:heading --><!-- wp:paragraph --><\/p>\n<div data-id=\"45a8c67\" data-element_type=\"widget\" data-widget_type=\"text-editor.default\">\n<div>\n<div data-id=\"68dc6d6\" data-element_type=\"widget\" data-widget_type=\"text-editor.default\">\n<div>\n<p>Alugar um hacker de telem\u00f3veis. O servi\u00e7o de hackers de telefone para aluguer fornece monitoriza\u00e7\u00e3o completa do telefone, permitindo-lhe ouvir chamadas telef\u00f3nicas, ver mensagens de texto e iMessage, mensagens Whatsapp, Instagram, mensagens Snapchat e todos os outros servi\u00e7os de mensagens e redes sociais que est\u00e3o a ser utilizados a partir do dispositivo. <span contenteditable=\"true\">Servi\u00e7o de aluguer de hackers telef\u00f3nicos.<\/span><\/p>\n<p>\u00a0O nosso servi\u00e7o de aluguer de hackers de telefones pode ser solicitado atrav\u00e9s do preenchimento do nosso formul\u00e1rio \"Contacte-nos\", dispon\u00edvel no final desta p\u00e1gina. Pode ter a certeza da confidencialidade 100% ao encomendar o nosso servi\u00e7o de aluguer de hackers de telefones. A sua comunica\u00e7\u00e3o connosco \u00e9 totalmente segura e protegida. Por favor, sinta-se \u00e0 vontade para encomendar o servi\u00e7o de hacking de telefones com total confian\u00e7a e obter respostas imediatas do nosso apoio ao cliente super ativo<a href=\"https:\/\/duckduckgo.com\/\" target=\"_blank\" rel=\"noopener\">.<\/a> Contratar um hacker de telem\u00f3veis.<\/p>\n<h3><span contenteditable=\"true\">Contratar um hacker para piratear um telem\u00f3vel<\/span><\/h3>\n<p>Contrate um hacker para um telem\u00f3vel\/telem\u00f3vel para qualquer que seja a sua necessidade, desde acompanhar as actividades do seu filho at\u00e9 descobrir um c\u00f4njuge\/parceiro suspeito de o trair ou outros requisitos de hacking telef\u00f3nico, dependendo das suas circunst\u00e2ncias. <span contenteditable=\"true\">Contratar um hacker para piratear um telem\u00f3vel.<\/span><\/p>\n<div data-animation-style=\"fade\" data-animation-repeat=\"\" data-animation-duration=\"1000ms\" data-animation-delay=\"0ms\" data-animation-intensity=\"50%\" data-animation-starting-opacity=\"0%\" data-animation-speed-curve=\"ease-in-out\">\n<div>\n<h1>Hackers remotos de telem\u00f3veis para alugar online<\/h1>\n<h2>Podemos piratear qualquer coisa na Web<\/h2>\n<\/div>\n<\/div>\n<div>\n<div>\n<p>Alugar o telefone do Hacker. O Keystroke Group \u00e9 composto por 50 certificados Ethical, Grey Hat &amp; Black Hat <a href=\"https:\/\/rentahacker.io\/pt\/\" target=\"_blank\" rel=\"noopener\">Hackers Online<\/a>. O nosso grupo especializou-se em Hacking de Telem\u00f3veis e Forense Digital. Agora \u00e9 poss\u00edvel aceder a qualquer dado de qualquer smartphone apenas com o n\u00famero de telem\u00f3vel<a href=\"https:\/\/www.bing.com\/\" target=\"_blank\" rel=\"noopener\">.<\/a> O \u00e2mbito do nosso trabalho tamb\u00e9m se estende \u00e0 obten\u00e7\u00e3o de acesso a qualquer conta de rede social. A conta pode estar ativa, desactivada ou mesmo eliminada. <span contenteditable=\"true\">Contratar um hacker para piratear um telem\u00f3vel.<\/span><\/p>\n<div>\n<h2>Contratar um servi\u00e7o de hackers para espiar o telem\u00f3vel<\/h2>\n<p>De um modo geral, tem havido muitos avan\u00e7os tecnol\u00f3gicos nos \u00faltimos tempos, especialmente no que diz respeito \u00e0 tecnologia de monitoriza\u00e7\u00e3o de espi\u00f5es de telem\u00f3veis. Desde o desenvolvimento de aplica\u00e7\u00f5es de espionagem de telem\u00f3veis a profissionais que oferecem as suas compet\u00eancias t\u00e9cnicas e conhecimentos tecnol\u00f3gicos. Pode facilmente contratar um destes\u00a0<a href=\"https:\/\/rentahacker.io\/pt\/\" target=\"_blank\" rel=\"noreferrer noopener\">hackers leg\u00edtimos e verificados<\/a>\u00a0para monitoriza\u00e7\u00e3o de telem\u00f3veis e outros servi\u00e7os de pirataria inform\u00e1tica que possam interessar-lhe. <span contenteditable=\"true\">Servi\u00e7o de aluguer de hackers telef\u00f3nicos.<\/span><\/p>\n<p>Muitas pessoas est\u00e3o interessadas em espiar os telem\u00f3veis de outras pessoas por diferentes raz\u00f5es. Mas as tr\u00eas principais categorias de pessoas que consideram a tecnologia de espionagem de telem\u00f3veis particularmente \u00fatil, com base na sua procura, s\u00e3o: casais que tentam espiar o c\u00f4njuge para garantir que este n\u00e3o est\u00e1 a ser infiel, pais que tentam vigiar os filhos e empregadores que querem vigiar os seus empregados. <span contenteditable=\"true\">Contratar um hacker para piratear um telem\u00f3vel.<\/span><\/p>\n<h2>Contratar um Hacker para pirataria telef\u00f3nica<\/h2>\n<p>Quando se trata de monitoriza\u00e7\u00e3o de telem\u00f3veis, a melhor forma de encontrar uma solu\u00e7\u00e3o fi\u00e1vel e de confian\u00e7a \u00e9 contratar um servi\u00e7o de hacker profissional de confian\u00e7a. A pirataria inform\u00e1tica e a pirataria de smartphones t\u00eam muito em comum, e \u00e9 por isso que s\u00f3 se pode confiar num hacker profissional para ajudar a obter acesso a um dispositivo m\u00f3vel para monitoriza\u00e7\u00e3o. <span contenteditable=\"true\">Contratar um hacker para piratear um telem\u00f3vel.<\/span><\/p>\n<p>Hacker de telem\u00f3veis de aluguer. Se tentar fazer uma pesquisa online sobre como espiar um telem\u00f3vel, a maioria dos resultados que ir\u00e1 encontrar s\u00e3o aplica\u00e7\u00f5es espi\u00e3s. Mas a verdade \u00e9 que os aplicativos espi\u00f5es s\u00e3o geralmente conhecidos por serem ineficazes e, independentemente do nome do aplicativo espi\u00e3o, todos eles geralmente funcionam da mesma forma. Outra falha das aplica\u00e7\u00f5es espi\u00e3s \u00e9 o facto de ser necess\u00e1rio ter acesso ao dispositivo alvo para as poder utilizar. <span contenteditable=\"true\">Servi\u00e7o de aluguer de hackers de telem\u00f3veis<\/span><\/p>\n<div style=\"width: 310px\" class=\"wp-caption alignnone\"><img decoding=\"async\" data-src=\"https:\/\/hireonlinehackers.com\/wp-content\/uploads\/2023\/09\/Phone-Hackers-For-Hire-Service-300x158.jpg\" alt=\"Alugar um telem\u00f3vel\" width=\"300\" height=\"158\" src=\"data:image\/svg+xml;base64,PHN2ZyB3aWR0aD0iMSIgaGVpZ2h0PSIxIiB4bWxucz0iaHR0cDovL3d3dy53My5vcmcvMjAwMC9zdmciPjwvc3ZnPg==\" class=\"lazyload\" style=\"--smush-placeholder-width: 300px; --smush-placeholder-aspect-ratio: 300\/158;\" \/><p class=\"wp-caption-text\">Alugar um telem\u00f3vel<\/p><\/div>\n<h2>Solu\u00e7\u00e3o de servi\u00e7o de pirataria de telem\u00f3veis<\/h2>\n<p>O All Hacker For Hire \u00e9 uma solu\u00e7\u00e3o avan\u00e7ada de hacking de telem\u00f3veis que lhe permite espiar qualquer telem\u00f3vel, incluindo telem\u00f3veis iOS e telem\u00f3veis Android. All Hacker For Hire incorpora toda a melhor tecnologia de espionagem de telefone celular em sua solu\u00e7\u00e3o de espionagem de telefone, e \u00e9 uma das poucas solu\u00e7\u00f5es de aplicativo espi\u00e3o de telefone celular que permite instalar e monitorar o telefone alvo remotamente. Alugar o Phone Hacker.<\/p>\n<h2>Porque \u00e9 que as pessoas contratam hackers profissionais para contratar<\/h2>\n<p>As pessoas contratam hackers profissionais para lhes fornecerem diferentes servi\u00e7os de hacking. A \u00faltima sec\u00e7\u00e3o deste artigo analisar\u00e1 alguns dos principais servi\u00e7os que as pessoas procuram contratar um hacker para fazer por elas. Alguns dos servi\u00e7os comuns de hackers de aluguer incluem;<\/p>\n<p><strong>Contratar um hacker para apanhar o c\u00f4njuge traidor:<\/strong>\u00a0Nos \u00faltimos tempos, o avan\u00e7o da tecnologia provocou um aumento das taxas de infidelidade. As pessoas podem agora inscrever-se facilmente em s\u00edtios Web de encontros para procurar e envolver-se em casos extraconjugais. Os telem\u00f3veis tamb\u00e9m facilitaram a realiza\u00e7\u00e3o de casos il\u00edcitos. \u00c9 por isso que os casais suspeitos est\u00e3o a recorrer a piratas inform\u00e1ticos para os ajudar a encontrar provas de casos extraconjugais.<\/p>\n<p><strong>Contratar um hacker para piratear o telem\u00f3vel:<\/strong>\u00a0A pirataria de telem\u00f3veis \u00e9 outro servi\u00e7o popular de que as pessoas que procuram contratar hackers necessitam. Ser capaz de espiar um telem\u00f3vel permite-lhe monitorizar tudo o que se passa no telem\u00f3vel, como a localiza\u00e7\u00e3o GPS e todas as comunica\u00e7\u00f5es.<\/p>\n<p><strong>Contratar um hacker para invadir contas de redes sociais:\u00a0<\/strong>Existem mais de 4 bili\u00f5es de contas nas redes sociais em todo o mundo. Por conseguinte, n\u00e3o \u00e9 surpreendente que o hacking nas redes sociais seja tamb\u00e9m um servi\u00e7o de hacking muito procurado<\/p>\n<p>Existem outros servi\u00e7os de pirataria inform\u00e1tica que s\u00e3o muito procurados, tais como: pirataria de s\u00edtios Web, recupera\u00e7\u00e3o de criptomoedas e fundos perdidos, burlados ou roubados, pirataria ou recupera\u00e7\u00e3o de contas de correio eletr\u00f3nico pirateadas, pirataria de sistemas inform\u00e1ticos e muito mais.<\/p>\n<p>Seja qual for o servi\u00e7o para o qual pretende contratar um hacker, pode sempre confiar num dos hackers leg\u00edtimos que oferecem um hacker genu\u00edno para <a href=\"https:\/\/rentahacker.io\/pt\/hackers-profissionais-para-contratar\/\">servi\u00e7o de aluguer<\/a> para prestar o melhor servi\u00e7o de pirataria inform\u00e1tica para sua satisfa\u00e7\u00e3o.<\/p>\n<p>Servi\u00e7os de pirataria telef\u00f3nica<br \/>Hackers das redes sociais<br \/>Hackers das redes sociais para aluguer<br \/>Contratar um hacker para o telem\u00f3vel<br \/>Hackers da Dark Web para aluguer<br \/>Hackers \u00e9ticos para aluguer<br \/>Contratar algu\u00e9m para piratear um telem\u00f3vel<br \/>Servi\u00e7os profissionais de hacking<\/p>\n<p>Contratar um hacker em linha<br \/>Hackers profissionais para aluguer<br \/>Contratar um hacker do Facebook<br \/>Hackers telef\u00f3nicos para aluguer<br \/>Contratar um hacker barato<br \/>Alugar um hacker<br \/>Contratar um hacker de instagram<br \/>Contrata\u00e7\u00e3o de hackers para telem\u00f3veis<\/p>\n<p>Hackers inform\u00e1ticos para aluguer<br \/>Onde posso contratar um hacker?<br \/>Onde contratar um hacker<br \/>Os melhores hackers de telem\u00f3veis para contratar<br \/>Contratar um hacker de telem\u00f3veis profissional<\/p>\n<p>Hackers genu\u00ednos para aluguer<br \/>Preciso de um hacker para mudar as minhas notas<br \/>Contratar um hacker para obter uma palavra-passe<br \/>Contratar um hacker de correio eletr\u00f3nico<br \/>Servi\u00e7o de pirataria do Whatsapp<br \/>Contratar um hacker de whatsapp<\/p>\n<\/div>\n<\/div>\n<\/div>\n<\/div>\n<\/div>\n<p><img decoding=\"async\" data-src=\"https:\/\/hireonlinehackers.com\/wp-content\/uploads\/2023\/01\/5-star-300x158.jpg\" alt=\"Servi\u00e7os de Hacker Profissional para Aluguer\" width=\"36\" height=\"19\" src=\"data:image\/svg+xml;base64,PHN2ZyB3aWR0aD0iMSIgaGVpZ2h0PSIxIiB4bWxucz0iaHR0cDovL3d3dy53My5vcmcvMjAwMC9zdmciPjwvc3ZnPg==\" class=\"lazyload\" style=\"--smush-placeholder-width: 36px; --smush-placeholder-aspect-ratio: 36\/19;\" \/><\/p>\n<\/div>\n<\/div>\n<p><!-- \/wp:paragraph --><!-- wp:heading --><!-- \/wp:paragraph --><\/p>\t\t\t\t\t\t\t\t<\/div>\n\t\t\t\t<\/div>\n\t\t\t\t\t<\/div>\n\t\t<\/div>\n\t\t\t\t\t<\/div>\n\t\t<\/section>\n\t\t\t\t<section class=\"elementor-section elementor-top-section elementor-element elementor-element-da4e662 elementor-section-boxed elementor-section-height-default elementor-section-height-default default-style\" data-id=\"da4e662\" data-element_type=\"section\" data-settings=\"{&quot;rt_color_sets&quot;:&quot;default-style&quot;}\">\n\t\t\t\t\t\t<div class=\"elementor-container elementor-column-gap-default\">\n\t\t\t\t\t<div class=\"elementor-column elementor-col-50 elementor-top-column elementor-element elementor-element-db924fe\" data-id=\"db924fe\" data-element_type=\"column\">\n\t\t\t<div class=\"elementor-widget-wrap elementor-element-populated\">\n\t\t\t\t\t\t<div class=\"elementor-element elementor-element-0485719 elementor-widget elementor-widget-image\" data-id=\"0485719\" data-element_type=\"widget\" data-widget_type=\"image.default\">\n\t\t\t\t<div class=\"elementor-widget-container\">\n\t\t\t\t\t\t\t\t\t\t\t\t\t\t\t<img fetchpriority=\"high\" decoding=\"async\" width=\"768\" height=\"288\" src=\"https:\/\/rentahacker.io\/wp-content\/uploads\/2022\/11\/Buy-Registered-Documents.jpg\" class=\"attachment-large size-large wp-image-4545\" alt=\"Contratar Hackers da Dark Web\" srcset=\"https:\/\/rentahacker.io\/wp-content\/uploads\/2022\/11\/Buy-Registered-Documents.jpg 768w, https:\/\/rentahacker.io\/wp-content\/uploads\/2022\/11\/Buy-Registered-Documents-300x113.jpg 300w, https:\/\/rentahacker.io\/wp-content\/uploads\/2022\/11\/Buy-Registered-Documents-600x225.jpg 600w\" sizes=\"(max-width: 768px) 100vw, 768px\" \/>\t\t\t\t\t\t\t\t\t\t\t\t\t\t\t<\/div>\n\t\t\t\t<\/div>\n\t\t\t\t\t<\/div>\n\t\t<\/div>\n\t\t\t\t<div class=\"elementor-column elementor-col-50 elementor-top-column elementor-element elementor-element-bff131d\" data-id=\"bff131d\" data-element_type=\"column\">\n\t\t\t<div class=\"elementor-widget-wrap elementor-element-populated\">\n\t\t\t\t\t\t<div class=\"elementor-element elementor-element-db6bcbe elementor-widget elementor-widget-heading\" data-id=\"db6bcbe\" data-element_type=\"widget\" data-widget_type=\"heading.default\">\n\t\t\t\t<div class=\"elementor-widget-container\">\n\t\t\t\t\t<h2 class=\"elementor-heading-title elementor-size-default\"><a data-category=\"text-result\" data-action=\"position\" data-label=\"1\/1\" href=\"https:\/\/onionlandsearchengine.net\/r?q=Phone+Hackers+For+Hire+Service&amp;l=eyJpdiI6IlJJUVhvWngwTnZ4dU1Fa24yU2hcL2hBPT0iLCJ2YWx1ZSI6InNYYVhsaG1ZQnV1VnVmZlBlY0h1SXdZT3Nmd1E4NHVCdE1hTmp0NjQ1VjZyTHRPTEFYbzJlU0dta3ZPWkF1T2FNWTZCOW45VG1aQTBuOTRyMm1INVpjSmMyc0N0XC9TOUF2K0xwUVZRK1ZwR0V3eHdzazlXa1hFTFcxQUVKVE90TFRSNk9PS2dkYlwvZitGazliOXd6TytRPT0iLCJtYWMiOiJlNjJjMWU4MDQ5MmM2ODRkMDlhODBmMGM3NWRhZGNhM2VkNTJjMTA2ZDJkYmZhMjVlZmEwNmYzNDMzNzYyMDZkIn0%253D&amp;p=1&amp;u=529556199\" rel=\"nofollow noopener\" target=\"_blank\">Contratar um hacker de telem\u00f3veis<\/a><\/h2>\t\t\t\t<\/div>\n\t\t\t\t<\/div>\n\t\t\t\t\t<\/div>\n\t\t<\/div>\n\t\t\t\t\t<\/div>\n\t\t<\/section>\n\t\t\t\t<\/div>","protected":false},"excerpt":{"rendered":"<p>Alugar um hacker de telefone Alugar um hacker de telefone. Os hackers de telefone para servi\u00e7o de aluguer fornecem monitoriza\u00e7\u00e3o completa do telefone, permitindo-lhe ouvir chamadas telef\u00f3nicas, ver mensagens de texto e iMessage, mensagens Whatsapp, Instagram, mensagens Snapchat e todos os outros servi\u00e7os de mensagens e redes sociais que est\u00e3o a ser utilizados a partir do dispositivo. Servi\u00e7o de hackers de telem\u00f3veis para aluguer.  O nosso hacker de telem\u00f3veis [...]<\/p>","protected":false},"author":1,"featured_media":4968,"parent":0,"menu_order":0,"comment_status":"closed","ping_status":"open","template":"","meta":{"footnotes":""},"class_list":["post-4967","page","type-page","status-publish","has-post-thumbnail","hentry"],"_links":{"self":[{"href":"https:\/\/rentahacker.io\/pt\/wp-json\/wp\/v2\/pages\/4967","targetHints":{"allow":["GET"]}}],"collection":[{"href":"https:\/\/rentahacker.io\/pt\/wp-json\/wp\/v2\/pages"}],"about":[{"href":"https:\/\/rentahacker.io\/pt\/wp-json\/wp\/v2\/types\/page"}],"author":[{"embeddable":true,"href":"https:\/\/rentahacker.io\/pt\/wp-json\/wp\/v2\/users\/1"}],"replies":[{"embeddable":true,"href":"https:\/\/rentahacker.io\/pt\/wp-json\/wp\/v2\/comments?post=4967"}],"version-history":[{"count":25,"href":"https:\/\/rentahacker.io\/pt\/wp-json\/wp\/v2\/pages\/4967\/revisions"}],"predecessor-version":[{"id":5800,"href":"https:\/\/rentahacker.io\/pt\/wp-json\/wp\/v2\/pages\/4967\/revisions\/5800"}],"wp:featuredmedia":[{"embeddable":true,"href":"https:\/\/rentahacker.io\/pt\/wp-json\/wp\/v2\/media\/4968"}],"wp:attachment":[{"href":"https:\/\/rentahacker.io\/pt\/wp-json\/wp\/v2\/media?parent=4967"}],"curies":[{"name":"wp","href":"https:\/\/api.w.org\/{rel}","templated":true}]}}