{"id":5840,"date":"2025-09-27T14:54:20","date_gmt":"2025-09-27T14:54:20","guid":{"rendered":"https:\/\/rentahacker.io\/?page_id=5840"},"modified":"2025-09-27T15:03:46","modified_gmt":"2025-09-27T15:03:46","slug":"wynajmij-hakera-do-konta-w-mediach-spolecznosciowych","status":"publish","type":"page","link":"https:\/\/rentahacker.io\/pl\/wynajmij-hakera-do-konta-w-mediach-spolecznosciowych\/","title":{"rendered":"Wynajem Social Media Hacker"},"content":{"rendered":"<div data-elementor-type=\"wp-page\" data-elementor-id=\"5840\" class=\"elementor elementor-5840\">\n\t\t\t\t\t\t<section class=\"elementor-section elementor-top-section elementor-element elementor-element-21ed0537 elementor-section-boxed elementor-section-height-default elementor-section-height-default default-style\" data-id=\"21ed0537\" data-element_type=\"section\" data-settings=\"{&quot;rt_color_sets&quot;:&quot;default-style&quot;}\">\n\t\t\t\t\t\t<div class=\"elementor-container elementor-column-gap-default\">\n\t\t\t\t\t<div class=\"elementor-column elementor-col-100 elementor-top-column elementor-element elementor-element-320524c5\" data-id=\"320524c5\" data-element_type=\"column\">\n\t\t\t<div class=\"elementor-widget-wrap elementor-element-populated\">\n\t\t\t\t\t\t<div class=\"elementor-element elementor-element-15f4f884 elementor-widget elementor-widget-text-editor\" data-id=\"15f4f884\" data-element_type=\"widget\" data-widget_type=\"text-editor.default\">\n\t\t\t\t<div class=\"elementor-widget-container\">\n\t\t\t\t\t\t\t\t\t<h2>Rent Social Media Account Hacker<\/h2>\n<p>Czy mo\u017cesz sobie wyobrazi\u0107 moc dost\u0119pu do czyich\u015b kont w mediach spo\u0142eczno\u015bciowych? Co by by\u0142o, gdyby\u015b m\u00f3g\u0142 odzyska\u0107 cenne informacje, odkry\u0107 ukryte sekrety, a nawet uchroni\u0107 si\u0119 przed potencjalnymi zagro\u017ceniami? W dzisiejszej erze cyfrowej, w kt\u00f3rej media spo\u0142eczno\u015bciowe odgrywaj\u0105 kluczow\u0105 rol\u0119 w naszym \u017cyciu, wa\u017cne jest, aby zdawa\u0107 sobie spraw\u0119 ze znaczenia ochrony naszej obecno\u015bci w Internecie. Czy kiedykolwiek zastanawia\u0142e\u015b si\u0119, czy istnieje spos\u00f3b na zatrudnienie hakera do hakowania medi\u00f3w spo\u0142eczno\u015bciowych? C\u00f3\u017c, zaraz si\u0119 dowiesz! Wynajem hakera kont w mediach spo\u0142eczno\u015bciowych.<\/p>\n<div>\n<div data-id=\"97ea71a\" data-element_type=\"widget\" data-widget_type=\"text-editor.default\">\n<p>Zatrudnienie profesjonalisty <a href=\"https:\/\/criminalminds.fandom.com\/wiki\/Hacker\" target=\"_blank\" rel=\"noopener\">haker<\/a> mo\u017ce zapewni\u0107 ci wiedz\u0119 i narz\u0119dzia wymagane do uzyskania dost\u0119pu i zabezpieczenia kont w mediach spo\u0142eczno\u015bciowych. Te wykwalifikowane osoby posiadaj\u0105 wiedz\u0119 i do\u015bwiadczenie w poruszaniu si\u0119 po skomplikowanych systemach bezpiecze\u0144stwa platform takich jak Facebook, Twitter, Instagram i innych. Z ich pomoc\u0105 mo\u017cna uzyska\u0107 dost\u0119p do konta docelowego, odzyska\u0107 zagro\u017cony profil, a nawet odzyska\u0107 cenne dane, kt\u00f3re mog\u0142y zosta\u0107 utracone lub usuni\u0119te. \u015awiat hakowania medi\u00f3w spo\u0142eczno\u015bciowych jest fascynuj\u0105cy, a zatrudnienie hakera mo\u017ce odblokowa\u0107 mn\u00f3stwo mo\u017cliwo\u015bci. Wypo\u017cycz Social Media Account Hacker.<\/p>\n<\/div>\n<div data-id=\"97ea71a\" data-element_type=\"widget\" data-widget_type=\"text-editor.default\">\n<p>W\u0142amania do medi\u00f3w spo\u0142eczno\u015bciowych mog\u0105 mie\u0107 powa\u017cne konsekwencje zar\u00f3wno dla os\u00f3b fizycznych, jak i firm. Mog\u0105 prowadzi\u0107 do kradzie\u017cy to\u017csamo\u015bci, naruszenia prywatno\u015bci, utraty reputacji i strat finansowych. Hakerzy mog\u0105 nadu\u017cywa\u0107 danych osobowych, publikowa\u0107 z\u0142o\u015bliwe tre\u015bci lub anga\u017cowa\u0107 si\u0119 w oszuka\u0144cze dzia\u0142ania, powoduj\u0105c znaczne szkody dla w\u0142a\u015bciciela konta. Wynajem haker\u00f3w medi\u00f3w spo\u0142eczno\u015bciowych<\/p>\n<\/div>\n<div data-id=\"97ea71a\" data-element_type=\"widget\" data-widget_type=\"text-editor.default\">\n<p>Aby zabezpieczy\u0107 swoje konta w mediach spo\u0142eczno\u015bciowych i chroni\u0107 si\u0119 przed potencjalnymi zagro\u017ceniami, zatrudnienie profesjonalnego hakera mo\u017ce by\u0107 rozs\u0105dnym wyborem. Eksperci ci posiadaj\u0105 niezb\u0119dne umiej\u0119tno\u015bci i wiedz\u0119, aby zidentyfikowa\u0107 luki w zabezpieczeniach, zabezpieczy\u0107 konta i zapewni\u0107 cenne rozwi\u0105zania w przypadku jakichkolwiek narusze\u0144 bezpiecze\u0144stwa. Wynajem haker\u00f3w medi\u00f3w spo\u0142eczno\u015bciowych. Wynajem haker\u00f3w kont medi\u00f3w spo\u0142eczno\u015bciowych.<\/p>\n<\/div>\n<div data-id=\"97ea71a\" data-element_type=\"widget\" data-widget_type=\"text-editor.default\">\n<p>Zatrudniaj\u0105c profesjonalist\u00f3w takich jak <a href=\"https:\/\/rentahacker.io\/pl\/\">Wynajem hakera<\/a> us\u0142ugi hakowania medi\u00f3w spo\u0142eczno\u015bciowych, zyskujesz wiele korzy\u015bci. Obejmuj\u0105 one:<\/p>\n<article>\n<div>\n<h3>HAKERZY MEDI\u00d3W SPO\u0141ECZNO\u015aCIOWYCH ONLINE | WYNAJEM HAKER\u00d3W KONT MEDI\u00d3W SPO\u0141ECZNO\u015aCIOWYCH | HAKERZY HASE\u0141 FACEBOOK | HAKERZY HASE\u0141 SNAPCHAT | HAKERZY TIKTOK ONLINE<\/h3>\n<h3>HAKERZY MEDI\u00d3W SPO\u0141ECZNO\u015aCIOWYCH DO WYNAJ\u0118CIA | HAKERZY DARKWEB<\/h3>\n<p>Czy kiedykolwiek chcia\u0142e\u015b wiedzie\u0107, o czym rozmawiaj\u0105 Twoi znajomi na platformach spo\u0142eczno\u015bciowych, takich jak Instagram, Facebook, Pinterest, Twitter? Dzi\u0119ki odpowiednim narz\u0119dziom jest to mo\u017cliwe! Om\u00f3wimy nie tylko, jak szpiegowa\u0107 czyje\u015b konta w mediach spo\u0142eczno\u015bciowych, ale tak\u017ce podamy list\u0119 najlepszych i najskuteczniejszych dost\u0119pnych program\u00f3w hakerskich. Konta w mediach spo\u0142eczno\u015bciowych<\/p>\n<p><strong>Czym jest szpiegowanie w mediach spo\u0142eczno\u015bciowych?<\/strong><\/p>\n<p>Szpiegowanie w mediach spo\u0142eczno\u015bciowych polega na monitorowaniu czyjego\u015b konta w mediach spo\u0142eczno\u015bciowych. Mo\u017cna to zrobi\u0107 za pomoc\u0105 aplikacji innej firmy, kt\u00f3ra pozwala zobaczy\u0107, co cel publikuje online, a tak\u017ce za pomoc\u0105 osobistego adresu e-mail. Jedn\u0105 z popularnych witryn oferuj\u0105cych t\u0119 us\u0142ug\u0119 jest\u00a0<strong>wynaj\u0105\u0107 hakera<\/strong>\u00a0us\u0142ugi hakerskie<\/p>\n<p>Mo\u017cesz zhakowa\u0107 Facebooka, Instagrama i Twittera,\u00a0<b>TikTok\u00a0<\/b>Us\u0142uga hakowania telefon\u00f3w i innych kont w mediach spo\u0142eczno\u015bciowych.<\/p>\n<p><strong>Jak szpiegowa\u0107 konta w mediach spo\u0142eczno\u015bciowych<\/strong><\/p>\n<p>Czy musisz mie\u0107 oko na to, co robi Twoja konkurencja w mediach spo\u0142eczno\u015bciowych? Czy jeste\u015b ciekawy, kto m\u00f3wi o Twojej marce online? Je\u015bli tak, by\u0107 mo\u017ce b\u0119dziesz musia\u0142 zatrudni\u0107 hakera do szpiegowania w mediach spo\u0142eczno\u015bciowych. Hakerzy mog\u0105 pom\u00f3c ci uzyska\u0107 dost\u0119p do wszelkiego rodzaju informacji z kont w mediach spo\u0142eczno\u015bciowych, w tym hase\u0142, post\u00f3w i obserwuj\u0105cych. Je\u015bli wi\u0119c jeste\u015b gotowy, aby uzyska\u0107 wewn\u0119trzne informacje na temat swojej konkurencji lub po prostu chcesz mie\u0107 oko na swoj\u0105 obecno\u015b\u0107 w mediach spo\u0142eczno\u015bciowych, koniecznie zatrudnij hakera ju\u017c dzi\u015b. Konta w mediach spo\u0142eczno\u015bciowych<\/p>\n<h4><strong>Dark Web Hakerzy medi\u00f3w spo\u0142eczno\u015bciowych do wynaj\u0119cia<\/strong><\/h4>\n<p>Chcesz w\u0142ama\u0107 si\u0119 na konto swojego by\u0142ego na Facebooku? A mo\u017ce po prostu chcesz wiedzie\u0107, co on lub ona robi. Tak czy inaczej, potrzebujesz kogo\u015b z umiej\u0119tno\u015bciami i wiedz\u0105, aby ci pom\u00f3c. I tu w\u0142a\u015bnie wkraczaj\u0105 hakerzy medi\u00f3w spo\u0142eczno\u015bciowych do wynaj\u0119cia. Ci profesjonalni hakerzy mog\u0105 pom\u00f3c ci dosta\u0107 si\u0119 na dowolne konto, bez wzgl\u0119du na to, jak bardzo jest ono zablokowane. S\u0105 ekspertami w obchodzeniu \u015brodk\u00f3w bezpiecze\u0144stwa, wi\u0119c mog\u0105 pom\u00f3c ci uzyska\u0107 dost\u0119p do wszelkich informacji, kt\u00f3rych szukasz. Je\u015bli wi\u0119c szukasz powa\u017cnego cyberszpiegostwa, to wynaj\u0119cie hakera jest zdecydowanie odpowiedni\u0105 osob\u0105 do tego zadania! Konta w mediach spo\u0142eczno\u015bciowych<\/p>\n<header>\n<h2>Hakowanie kont w mediach spo\u0142eczno\u015bciowych<\/h2>\n<\/header>\n<p>Je\u015bli kto\u015b chce zatrudni\u0107 hakera w mediach spo\u0142eczno\u015bciowych, generalnie lepiej jest, je\u015bli jest on anonimowy. Pomo\u017ce to w ukryciu to\u017csamo\u015bci i zapewni, \u017ce nikt nie b\u0119dzie wiedzia\u0142, kto zap\u0142aci\u0142 za ich us\u0142ugi, wi\u0119c nie ma potrzeby martwi\u0107 si\u0119 o przy\u0142apanie na jakimkolwiek nielegalnym zachowaniu. Konta w mediach spo\u0142eczno\u015bciowych<\/p>\n<p>Kiedy kontaktujesz si\u0119 z hakerem, pomy\u015bl o swoim og\u0142oszeniu o prac\u0119 jako o szansie na zaoferowanie dok\u0142adnego opisu zakresu projektu, koszt\u00f3w i zapotrzebowania na talenty. Chocia\u017c przy zatrudnianiu pracownika nie potrzebujesz wyczerpuj\u0105cego opisu stanowiska, staraj si\u0119 zapewni\u0107 wystarczaj\u0105c\u0105 ilo\u015b\u0107 informacji, aby wykonawca m\u00f3g\u0142 okre\u015bli\u0107, czy nadaje si\u0119 na to stanowisko. Konta w mediach spo\u0142eczno\u015bciowych<\/p>\n<p>Mo\u017cesz zatrudni\u0107 wykwalifikowanych haker\u00f3w do r\u00f3\u017cnych us\u0142ug hakerskich, w tym hakowania telefon\u00f3w i hakowania medi\u00f3w spo\u0142eczno\u015bciowych. Mo\u017cesz r\u00f3wnie\u017c zatrudni\u0107 haker\u00f3w do us\u0142ug takich jak Facebook, TikTok, WhatsApp, e-mail, Instagram i hakowanie telefon\u00f3w kom\u00f3rkowych, a tak\u017ce do wielu innych dzia\u0142a\u0144 hakerskich. Hakerzy-eksperci s\u0105 znani z tego, \u017ce w\u0142amuj\u0105 si\u0119 na konta FB, o czym \u015bwiadczy fakt, \u017ce\u00a0<a href=\"https:\/\/www.facebook.com\/help\/1216349518398524\" target=\"_blank\" rel=\"noopener\">Centrum pomocy Facebooka<\/a>. Hakerzy tacy jak ci s\u0105 dost\u0119pni do wynaj\u0119cia z wiedz\u0105 i umiej\u0119tno\u015bciami wymaganymi dla twoich potrzeb w wielu przypadkach. Konta w mediach spo\u0142eczno\u015bciowych<\/p>\n<p>Nadal chcesz wynaj\u0105\u0107 hakera do problem\u00f3w z Facebookiem lub poczt\u0105 e-mail? Na ukrytej wiki nie ma link\u00f3w do \u017cadnych stron z hakerami do wynaj\u0119cia dla tych konkretnych us\u0142ug, ale mo\u017cesz przej\u015b\u0107 do strony takiej jak\u00a0<a href=\"https:\/\/rentahacker.io\/pl\/\" target=\"_blank\" rel=\"noopener noreferrer\">rentahacker.io<\/a> aby znale\u017a\u0107 odpowiedni\u0105 osob\u0119. Konta w mediach spo\u0142eczno\u015bciowych<\/p>\n<p><img decoding=\"async\" data-src=\"https:\/\/beauty-by-world.com\/wp-content\/uploads\/2025\/06\/social-media-accounts-hacker-300x158.jpg\" alt=\"KONTA W MEDIACH SPO\u0141ECZNO\u015aCIOWYCH\" width=\"300\" height=\"158\" src=\"data:image\/svg+xml;base64,PHN2ZyB3aWR0aD0iMSIgaGVpZ2h0PSIxIiB4bWxucz0iaHR0cDovL3d3dy53My5vcmcvMjAwMC9zdmciPjwvc3ZnPg==\" class=\"lazyload\" style=\"--smush-placeholder-width: 300px; --smush-placeholder-aspect-ratio: 300\/158;\" \/>Dobry haker nie b\u0119dzie pobiera\u0142 groszy, a ka\u017cdy tani b\u0119dzie pr\u00f3bowa\u0142 wy\u0142udzi\u0107 od ciebie oszcz\u0119dno\u015bci \u017cycia za pomoc\u0105 jakiego\u015b oszustwa. Ci faceci nie mog\u0105 zapewni\u0107 tego, czego ludzie chc\u0105, poniewa\u017c ich us\u0142ugi s\u0105 zbyt drogie z g\u00f3ry pod wzgl\u0119dem czasu \/ pieni\u0119dzy itp. Konta w mediach spo\u0142eczno\u015bciowych<\/p>\n<\/div>\n<\/article>\n<\/div>\n<\/div>\t\t\t\t\t\t\t\t<\/div>\n\t\t\t\t<\/div>\n\t\t\t\t\t<\/div>\n\t\t<\/div>\n\t\t\t\t\t<\/div>\n\t\t<\/section>\n\t\t\t\t<section class=\"elementor-section elementor-top-section elementor-element elementor-element-da4e662 elementor-section-boxed elementor-section-height-default elementor-section-height-default default-style\" data-id=\"da4e662\" data-element_type=\"section\" data-settings=\"{&quot;rt_color_sets&quot;:&quot;default-style&quot;}\">\n\t\t\t\t\t\t<div class=\"elementor-container elementor-column-gap-default\">\n\t\t\t\t\t<div class=\"elementor-column elementor-col-50 elementor-top-column elementor-element elementor-element-db924fe\" data-id=\"db924fe\" data-element_type=\"column\">\n\t\t\t<div class=\"elementor-widget-wrap elementor-element-populated\">\n\t\t\t\t\t\t<div class=\"elementor-element elementor-element-0485719 elementor-widget elementor-widget-image\" data-id=\"0485719\" data-element_type=\"widget\" data-widget_type=\"image.default\">\n\t\t\t\t<div class=\"elementor-widget-container\">\n\t\t\t\t\t\t\t\t\t\t\t\t\t\t\t<img fetchpriority=\"high\" decoding=\"async\" width=\"768\" height=\"288\" src=\"https:\/\/rentahacker.io\/wp-content\/uploads\/2022\/11\/Buy-Registered-Documents.jpg\" class=\"attachment-large size-large wp-image-4545\" alt=\"Wynajem haker\u00f3w Dark Web\" srcset=\"https:\/\/rentahacker.io\/wp-content\/uploads\/2022\/11\/Buy-Registered-Documents.jpg 768w, https:\/\/rentahacker.io\/wp-content\/uploads\/2022\/11\/Buy-Registered-Documents-300x113.jpg 300w, https:\/\/rentahacker.io\/wp-content\/uploads\/2022\/11\/Buy-Registered-Documents-600x225.jpg 600w\" sizes=\"(max-width: 768px) 100vw, 768px\" \/>\t\t\t\t\t\t\t\t\t\t\t\t\t\t\t<\/div>\n\t\t\t\t<\/div>\n\t\t\t\t\t<\/div>\n\t\t<\/div>\n\t\t\t\t<div class=\"elementor-column elementor-col-50 elementor-top-column elementor-element elementor-element-bff131d\" data-id=\"bff131d\" data-element_type=\"column\">\n\t\t\t<div class=\"elementor-widget-wrap elementor-element-populated\">\n\t\t\t\t\t\t<div class=\"elementor-element elementor-element-db6bcbe elementor-widget elementor-widget-heading\" data-id=\"db6bcbe\" data-element_type=\"widget\" data-widget_type=\"heading.default\">\n\t\t\t\t<div class=\"elementor-widget-container\">\n\t\t\t\t\t<h2 class=\"elementor-heading-title elementor-size-default\">Wynajem hakera konta w mediach spo\u0142eczno\u015bciowych<\/h2>\t\t\t\t<\/div>\n\t\t\t\t<\/div>\n\t\t\t\t\t<\/div>\n\t\t<\/div>\n\t\t\t\t\t<\/div>\n\t\t<\/section>\n\t\t\t\t<\/div>","protected":false},"excerpt":{"rendered":"<p>Rent Social Media Account Hacker Czy mo\u017cesz sobie wyobrazi\u0107 moc dost\u0119pu do czyich\u015b kont w mediach spo\u0142eczno\u015bciowych? Co by by\u0142o, gdyby\u015b m\u00f3g\u0142 odzyska\u0107 cenne informacje, odkry\u0107 ukryte sekrety, a nawet uchroni\u0107 si\u0119 przed potencjalnymi zagro\u017ceniami? W dzisiejszej erze cyfrowej, w kt\u00f3rej media spo\u0142eczno\u015bciowe odgrywaj\u0105 kluczow\u0105 rol\u0119 w naszym \u017cyciu, wa\u017cne jest, aby zdawa\u0107 sobie spraw\u0119 ze znaczenia ochrony [...]<\/p>","protected":false},"author":1,"featured_media":5841,"parent":0,"menu_order":0,"comment_status":"closed","ping_status":"open","template":"","meta":{"footnotes":""},"class_list":["post-5840","page","type-page","status-publish","has-post-thumbnail","hentry"],"_links":{"self":[{"href":"https:\/\/rentahacker.io\/pl\/wp-json\/wp\/v2\/pages\/5840","targetHints":{"allow":["GET"]}}],"collection":[{"href":"https:\/\/rentahacker.io\/pl\/wp-json\/wp\/v2\/pages"}],"about":[{"href":"https:\/\/rentahacker.io\/pl\/wp-json\/wp\/v2\/types\/page"}],"author":[{"embeddable":true,"href":"https:\/\/rentahacker.io\/pl\/wp-json\/wp\/v2\/users\/1"}],"replies":[{"embeddable":true,"href":"https:\/\/rentahacker.io\/pl\/wp-json\/wp\/v2\/comments?post=5840"}],"version-history":[{"count":4,"href":"https:\/\/rentahacker.io\/pl\/wp-json\/wp\/v2\/pages\/5840\/revisions"}],"predecessor-version":[{"id":5845,"href":"https:\/\/rentahacker.io\/pl\/wp-json\/wp\/v2\/pages\/5840\/revisions\/5845"}],"wp:featuredmedia":[{"embeddable":true,"href":"https:\/\/rentahacker.io\/pl\/wp-json\/wp\/v2\/media\/5841"}],"wp:attachment":[{"href":"https:\/\/rentahacker.io\/pl\/wp-json\/wp\/v2\/media?parent=5840"}],"curies":[{"name":"wp","href":"https:\/\/api.w.org\/{rel}","templated":true}]}}