{"id":5840,"date":"2025-09-27T14:54:20","date_gmt":"2025-09-27T14:54:20","guid":{"rendered":"https:\/\/rentahacker.io\/?page_id=5840"},"modified":"2025-09-27T15:03:46","modified_gmt":"2025-09-27T15:03:46","slug":"iret-socialo-mediju-kontu-hakeru","status":"publish","type":"page","link":"https:\/\/rentahacker.io\/lv\/iret-socialo-mediju-kontu-hakeru\/","title":{"rendered":"Soci\u0101lo mediju hakeru noma"},"content":{"rendered":"<div data-elementor-type=\"wp-page\" data-elementor-id=\"5840\" class=\"elementor elementor-5840\">\n\t\t\t\t\t\t<section class=\"elementor-section elementor-top-section elementor-element elementor-element-21ed0537 elementor-section-boxed elementor-section-height-default elementor-section-height-default default-style\" data-id=\"21ed0537\" data-element_type=\"section\" data-settings=\"{&quot;rt_color_sets&quot;:&quot;default-style&quot;}\">\n\t\t\t\t\t\t<div class=\"elementor-container elementor-column-gap-default\">\n\t\t\t\t\t<div class=\"elementor-column elementor-col-100 elementor-top-column elementor-element elementor-element-320524c5\" data-id=\"320524c5\" data-element_type=\"column\">\n\t\t\t<div class=\"elementor-widget-wrap elementor-element-populated\">\n\t\t\t\t\t\t<div class=\"elementor-element elementor-element-15f4f884 elementor-widget elementor-widget-text-editor\" data-id=\"15f4f884\" data-element_type=\"widget\" data-widget_type=\"text-editor.default\">\n\t\t\t\t<div class=\"elementor-widget-container\">\n\t\t\t\t\t\t\t\t\t<h2>Soci\u0101lo mediju kontu hakeris noma<\/h2>\n<p>Vai varat iedom\u0101ties, cik liela vara ir piek\u013c\u016bt k\u0101da cilv\u0113ka soci\u0101lo mediju kontiem? Ko j\u016bs var\u0113tu ieg\u016bt v\u0113rt\u012bgu inform\u0101ciju, atkl\u0101t sl\u0113ptus nosl\u0113pumus vai pat pasarg\u0101t sevi no potenci\u0101liem draudiem? M\u016bsdienu digit\u0101laj\u0101 laikmet\u0101, kad soci\u0101lajiem pla\u0161sazi\u0146as l\u012bdzek\u013ciem m\u016bsu dz\u012bv\u0113 ir iz\u0161\u0137iro\u0161a noz\u012bme, ir svar\u012bgi apzin\u0101ties, cik svar\u012bgi ir aizsarg\u0101t savu kl\u0101tb\u016btni tie\u0161saist\u0113. T\u0101tad, vai esat k\u0101dreiz aizdom\u0101ju\u0161ies, vai ir veids, k\u0101 nol\u012bgt hakeri soci\u0101lo mediju uzlau\u0161anai? Nu, j\u016bs to uzzin\u0101siet! Soci\u0101lo mediju kontu hakeru noma.<\/p>\n<div>\n<div data-id=\"97ea71a\" data-element_type=\"widget\" data-widget_type=\"text-editor.default\">\n<p>Profesion\u0101la darbinieka nol\u012bg\u0161ana <a href=\"https:\/\/criminalminds.fandom.com\/wiki\/Hacker\" target=\"_blank\" rel=\"noopener\">hakeris<\/a> var nodro\u0161in\u0101t jums nepiecie\u0161am\u0101s zin\u0101\u0161anas un r\u012bkus, lai piek\u013c\u016btu soci\u0101lo mediju kontiem un nodro\u0161in\u0101tu to dro\u0161\u012bbu. \u0160iem kvalific\u0113tiem speci\u0101listiem ir zin\u0101\u0161anas un pieredze, lai p\u0101rvar\u0113tu sare\u017e\u0123\u012bt\u0101s dro\u0161\u012bbas sist\u0113mas t\u0101d\u0101s platform\u0101s k\u0101 Facebook, Twitter, Instagram un cit\u0101s. Ar vi\u0146u pal\u012bdz\u012bbu j\u016bs varat ieg\u016bt piek\u013cuvi m\u0113r\u0137kontam, atg\u016bt apdraud\u0113tu profilu vai pat atg\u016bt v\u0113rt\u012bgus datus, kas, iesp\u0113jams, ir pazaud\u0113ti vai dz\u0113sti. Soci\u0101lo pla\u0161sazi\u0146as l\u012bdzek\u013cu hakeru pasaule ir aizraujo\u0161a joma, un hakeru nol\u012bg\u0161ana var pav\u0113rt pla\u0161as iesp\u0113jas. Iz\u012br\u0113jiet soci\u0101lo mediju kontu hakeris.<\/p>\n<\/div>\n<div data-id=\"97ea71a\" data-element_type=\"widget\" data-widget_type=\"text-editor.default\">\n<p>Soci\u0101lo pla\u0161sazi\u0146as l\u012bdzek\u013cu uzlau\u0161ana var rad\u012bt smagas sekas gan priv\u0101tperson\u0101m, gan uz\u0146\u0113mumiem. Tas var novest pie identit\u0101tes z\u0101dz\u012bbas, priv\u0101tuma p\u0101rk\u0101pumiem, kait\u0113juma reput\u0101cijai un finansi\u0101liem zaud\u0113jumiem. Hakeri var \u013caunpr\u0101t\u012bgi izmantot personas inform\u0101ciju, public\u0113t \u013caunpr\u0101t\u012bgu saturu vai iesaist\u012bties kr\u0101pniecisk\u0101s darb\u012bb\u0101s, nodarot b\u016btisku kait\u0113jumu konta \u012bpa\u0161niekam. Soci\u0101lo pla\u0161sazi\u0146as l\u012bdzek\u013cu hakeru nol\u012bg\u0161ana<\/p>\n<\/div>\n<div data-id=\"97ea71a\" data-element_type=\"widget\" data-widget_type=\"text-editor.default\">\n<p>Lai aizsarg\u0101tu savus soci\u0101lo t\u012bklu kontus un pasarg\u0101tu sevi no iesp\u0113jamiem apdraud\u0113jumiem, sapr\u0101t\u012bga izv\u0113le var b\u016bt profesion\u0101la hakera nol\u012bg\u0161ana. \u0160iem ekspertiem ir nepiecie\u0161am\u0101s prasmes un zin\u0101\u0161anas, lai identific\u0113tu ievainojam\u012bbas, aizsarg\u0101tu j\u016bsu kontus un sniegtu v\u0113rt\u012bgus risin\u0101jumus dro\u0161\u012bbas p\u0101rk\u0101pumu gad\u012bjum\u0101. Soci\u0101lo pla\u0161sazi\u0146as l\u012bdzek\u013cu hakeru nol\u012bg\u0161ana. Soci\u0101lo mediju kontu hakeri.<\/p>\n<\/div>\n<div data-id=\"97ea71a\" data-element_type=\"widget\" data-widget_type=\"text-editor.default\">\n<p>Iznom\u0101jot t\u0101dus profesion\u0101\u013cus k\u0101 <a href=\"https:\/\/rentahacker.io\/lv\/\">Hakeru noma<\/a> soci\u0101lo mediju hakeru pakalpojumiem, j\u016bs g\u016bsiet vair\u0101kas priek\u0161roc\u012bbas. Tie ietver:<\/p>\n<article>\n<div>\n<h3>SOCI\u0100LO MEDIJU HAKERI TIE\u0160SAIST\u0112 | NOL\u012aGT SOCI\u0100LO MEDIJU KONTUS HACKER | FACEBOOK PAROLE BANALIZ\u0112T PAKALPOJUMU | SNAPCHAT PAROLE HAKERI | TIKTOK HAKERI TIE\u0160SAIST\u0112<\/h3>\n<h3>SOCI\u0100LO MEDIJU HAKERI IZNOM\u0100\u0160ANAI | DARKWEB HACKERS<\/h3>\n<p>Vai esat k\u0101dreiz v\u0113l\u0113jies uzzin\u0101t, par ko j\u016bsu draugi run\u0101 soci\u0101lajos t\u012bklos, piem\u0113ram, Instagram, Facebook, Pinterest, Twitter? Ar pareizajiem r\u012bkiem to ir iesp\u0113jams izdar\u012bt! m\u0113s ne tikai apspried\u012bsim, k\u0101 izspiegot k\u0101da soci\u0101lo mediju kontus, bet ar\u012b sniegsim jums sarakstu ar da\u017e\u0101m lab\u0101kaj\u0101m un efekt\u012bv\u0101kaj\u0101m pieejamaj\u0101m hakeru programmat\u016br\u0101m. Soci\u0101lo mediju konti<\/p>\n<p><strong>Kas ir soci\u0101lo mediju spiego\u0161ana?<\/strong><\/p>\n<p>Soci\u0101lo mediju spiego\u0161ana ir k\u0101da soci\u0101l\u0101 medija konta uzraudz\u012b\u0161ana. To var izdar\u012bt, izmantojot tre\u0161\u0101s puses lietotni, kas \u013cauj apskat\u012bt, ko j\u016bsu m\u0113r\u0137is public\u0113 tie\u0161saist\u0113, un izmantojot vi\u0146a person\u012bgo e-pastu. Viena no popul\u0101r\u0101kaj\u0101m vietn\u0113m, kas pied\u0101v\u0101 \u0161o pakalpojumu, ir\u00a0<strong>iznom\u0101t hakeru<\/strong>\u00a0hakeru pakalpojumi<\/p>\n<p>J\u016bs varat Hack Facebook, Hack Instagram ,Twitter,\u00a0<b>TikTok\u00a0<\/b>T\u0101lru\u0146a hakeru pakalpojums un citu soci\u0101lo mediju konts.<\/p>\n<p><strong>K\u0101 izspiegot soci\u0101lo mediju kontus<\/strong><\/p>\n<p>Vai jums j\u0101seko l\u012bdzi tam, ko j\u016bsu konkurenti dara soci\u0101lajos t\u012bklos? Vai j\u016bs interes\u0113, kas tie\u0161saist\u0113 run\u0101 par j\u016bsu z\u012bmolu? Ja t\u0101, iesp\u0113jams, jums b\u016bs nepiecie\u0161ams nol\u012bgt hakeru soci\u0101lo mediju izspiego\u0161anai. Hakeri var pal\u012bdz\u0113t jums ieg\u016bt piek\u013cuvi visda\u017e\u0101d\u0101ka veida inform\u0101cijai no soci\u0101lo pla\u0161sazi\u0146as l\u012bdzek\u013cu kontiem, tostarp parol\u0113m, zi\u0146\u0101m un sekot\u0101jiem. T\u0101p\u0113c, ja esat gatavs ieg\u016bt inform\u0101ciju par konkurentiem vai vienk\u0101r\u0161i v\u0113laties sekot l\u012bdzi savai kl\u0101tb\u016btnei soci\u0101lajos pla\u0161sazi\u0146as l\u012bdzek\u013cos, noteikti jau \u0161odien nol\u012bgiet hakeru. Soci\u0101lo pla\u0161sazi\u0146as l\u012bdzek\u013cu konti<\/p>\n<h4><strong>Tum\u0161ais t\u012bmeklis Soci\u0101lo mediju hakeri \u012brei<\/strong><\/h4>\n<p>T\u0101tad j\u016bs v\u0113laties uzlauzt biju\u0161\u0101 lietot\u0101ja Facebook kontu? Vai varb\u016bt j\u016bs vienk\u0101r\u0161i v\u0113laties uzzin\u0101t, ko vi\u0146\u0161 vai vi\u0146a dara. Jebkur\u0101 gad\u012bjum\u0101 jums ir nepiecie\u0161ams k\u0101ds, kam ir prasmes un zin\u0101\u0161anas, lai jums pal\u012bdz\u0113tu. Un tie\u0161i \u0161eit n\u0101k talk\u0101 soci\u0101lo mediju hakeri. \u0160ie profesion\u0101lie hakeri var pal\u012bdz\u0113t jums piek\u013c\u016bt jebkuram kontam, lai cik blo\u0137\u0113ts tas ar\u012b neb\u016btu. Vi\u0146i ir eksperti dro\u0161\u012bbas pas\u0101kumu apie\u0161an\u0101, t\u0101p\u0113c vi\u0146i var pal\u012bdz\u0113t jums piek\u013c\u016bt jebkurai inform\u0101cijai, ko mekl\u0113jat. T\u0101tad, ja v\u0113laties veikt nopietnu kiberspiego\u0161anu, tad hakeru noma noteikti ir \u012bstais cilv\u0113ks \u0161im darbam! Soci\u0101lo pla\u0161sazi\u0146as l\u012bdzek\u013cu konti<\/p>\n<header>\n<h2>Soci\u0101lo mediju kontu uzlau\u0161ana<\/h2>\n<\/header>\n<p>Ja k\u0101ds v\u0113las nol\u012bgt soci\u0101lo mediju hakeru, parasti ir v\u0113lams, lai tas b\u016btu anon\u012bms. Tas pal\u012bdz\u0113s nosl\u0113pt savu identit\u0101ti un nodro\u0161in\u0101s, ka neviens, iz\u0146emot j\u016bs, nezin\u0101s, kas ir samaks\u0101jis par vi\u0146u pakalpojumiem, t\u0101p\u0113c nav j\u0101uztraucas par to, ka j\u016bs var\u0113tu tikt pie\u0137erts ar k\u0101du nelikum\u012bgu r\u012bc\u012bbu. Soci\u0101lo pla\u0161sazi\u0146as l\u012bdzek\u013cu konti<\/p>\n<p>Sazinoties ar hakeri, uzskatiet savu darba sludin\u0101jumu par iesp\u0113ju pied\u0101v\u0101t izsme\u013co\u0161u aprakstu par projekta apjomu, izmaks\u0101m un vajadz\u012bgajiem talantiem. Lai gan, pie\u0146emot darb\u0101 darbinieku, jums nav nepiecie\u0161ams izsme\u013co\u0161s darba apraksts, centieties sniegt pietiekami daudz inform\u0101cijas, lai darbuz\u0146\u0113m\u0113js var\u0113tu noteikt, vai vi\u0146\u0161 ir piem\u0113rots \u0161im amatam. Soci\u0101lo pla\u0161sazi\u0146as l\u012bdzek\u013cu konti<\/p>\n<p>J\u016bs varat nol\u012bgt kvalific\u0113tus hakerus da\u017e\u0101du hakeru pakalpojumu snieg\u0161anai, tostarp t\u0101lru\u0146a hakeru un soci\u0101lo mediju hakeru pakalpojumu snieg\u0161anai. J\u016bs varat algot hakerus ar\u012b t\u0101diem pakalpojumiem k\u0101 Facebook, TikTok, WhatsApp, e-pasta, Instagram un mobil\u0101 t\u0101lru\u0146a uzlau\u0161ana, k\u0101 ar\u012b daudz\u0101m cit\u0101m hakeru darb\u012bb\u0101m. Ir zin\u0101ms, ka eksperti hakeri ir kompromit\u0113ju\u0161i FB kontus, k\u0101 to skaidri par\u0101da\u00a0<a href=\"https:\/\/www.facebook.com\/help\/1216349518398524\" target=\"_blank\" rel=\"noopener\">Facebook pal\u012bdz\u012bbas centrs<\/a>. \u0160\u0101di hakeri ir pieejami \u012br\u0113\u0161anai, un daudzos gad\u012bjumos tiem ir j\u016bsu vajadz\u012bb\u0101m nepiecie\u0161am\u0101s zin\u0101\u0161anas un sp\u0113jas. Soci\u0101lo pla\u0161sazi\u0146as l\u012bdzek\u013cu konti<\/p>\n<p>Vai joproj\u0101m v\u0113laties nol\u012bgt hakeru, lai risin\u0101tu ar Facebook vai e-pastu saist\u012btas probl\u0113mas? Sl\u0113ptaj\u0101 wiki nav nek\u0101du sai\u0161u uz hakeru algo\u0161anas vietn\u0113m, kur\u0101s var\u0113tu sa\u0146emt \u0161os \u012bpa\u0161os pakalpojumus, bet j\u016bs varat doties uz vietni, piem\u0113ram, uz \u0161\u0101du vietni.\u00a0<a href=\"https:\/\/rentahacker.io\/lv\/\" target=\"_blank\" rel=\"noopener noreferrer\">rentahacker.io<\/a> lai atrastu \u012bsto cilv\u0113ku. Soci\u0101lo mediju konti<\/p>\n<p><img decoding=\"async\" data-src=\"https:\/\/beauty-by-world.com\/wp-content\/uploads\/2025\/06\/social-media-accounts-hacker-300x158.jpg\" alt=\"SOCI\u0100LO PLA\u0160SAZI\u0145AS L\u012aDZEK\u013bU KONTI\" width=\"300\" height=\"158\" src=\"data:image\/svg+xml;base64,PHN2ZyB3aWR0aD0iMSIgaGVpZ2h0PSIxIiB4bWxucz0iaHR0cDovL3d3dy53My5vcmcvMjAwMC9zdmciPjwvc3ZnPg==\" class=\"lazyload\" style=\"--smush-placeholder-width: 300px; --smush-placeholder-aspect-ratio: 300\/158;\" \/>Labs hakeris nepras\u012bs naudu, bet l\u0113ti hakeri m\u0113\u0123in\u0101s j\u016bs izvilin\u0101t no j\u016bsu m\u016b\u017ea uzkr\u0101jumiem, izmantojot sava veida kr\u0101p\u0161anu. \u0160ie pui\u0161i, iesp\u0113jams, nevar nodro\u0161in\u0101t to, ko cilv\u0113ki v\u0113las, jo vi\u0146u pakalpojumi ir p\u0101r\u0101k d\u0101rgi laika\/naudas utt. zi\u0146\u0101. Soci\u0101lo pla\u0161sazi\u0146as l\u012bdzek\u013cu konti<\/p>\n<\/div>\n<\/article>\n<\/div>\n<\/div>\t\t\t\t\t\t\t\t<\/div>\n\t\t\t\t<\/div>\n\t\t\t\t\t<\/div>\n\t\t<\/div>\n\t\t\t\t\t<\/div>\n\t\t<\/section>\n\t\t\t\t<section class=\"elementor-section elementor-top-section elementor-element elementor-element-da4e662 elementor-section-boxed elementor-section-height-default elementor-section-height-default default-style\" data-id=\"da4e662\" data-element_type=\"section\" data-settings=\"{&quot;rt_color_sets&quot;:&quot;default-style&quot;}\">\n\t\t\t\t\t\t<div class=\"elementor-container elementor-column-gap-default\">\n\t\t\t\t\t<div class=\"elementor-column elementor-col-50 elementor-top-column elementor-element elementor-element-db924fe\" data-id=\"db924fe\" data-element_type=\"column\">\n\t\t\t<div class=\"elementor-widget-wrap elementor-element-populated\">\n\t\t\t\t\t\t<div class=\"elementor-element elementor-element-0485719 elementor-widget elementor-widget-image\" data-id=\"0485719\" data-element_type=\"widget\" data-widget_type=\"image.default\">\n\t\t\t\t<div class=\"elementor-widget-container\">\n\t\t\t\t\t\t\t\t\t\t\t\t\t\t\t<img fetchpriority=\"high\" decoding=\"async\" width=\"768\" height=\"288\" src=\"https:\/\/rentahacker.io\/wp-content\/uploads\/2022\/11\/Buy-Registered-Documents.jpg\" class=\"attachment-large size-large wp-image-4545\" alt=\"Noma Dark Web hakeri\" srcset=\"https:\/\/rentahacker.io\/wp-content\/uploads\/2022\/11\/Buy-Registered-Documents.jpg 768w, https:\/\/rentahacker.io\/wp-content\/uploads\/2022\/11\/Buy-Registered-Documents-300x113.jpg 300w, https:\/\/rentahacker.io\/wp-content\/uploads\/2022\/11\/Buy-Registered-Documents-600x225.jpg 600w\" sizes=\"(max-width: 768px) 100vw, 768px\" \/>\t\t\t\t\t\t\t\t\t\t\t\t\t\t\t<\/div>\n\t\t\t\t<\/div>\n\t\t\t\t\t<\/div>\n\t\t<\/div>\n\t\t\t\t<div class=\"elementor-column elementor-col-50 elementor-top-column elementor-element elementor-element-bff131d\" data-id=\"bff131d\" data-element_type=\"column\">\n\t\t\t<div class=\"elementor-widget-wrap elementor-element-populated\">\n\t\t\t\t\t\t<div class=\"elementor-element elementor-element-db6bcbe elementor-widget elementor-widget-heading\" data-id=\"db6bcbe\" data-element_type=\"widget\" data-widget_type=\"heading.default\">\n\t\t\t\t<div class=\"elementor-widget-container\">\n\t\t\t\t\t<h2 class=\"elementor-heading-title elementor-size-default\">Soci\u0101lo mediju kontu hakeru noma<\/h2>\t\t\t\t<\/div>\n\t\t\t\t<\/div>\n\t\t\t\t\t<\/div>\n\t\t<\/div>\n\t\t\t\t\t<\/div>\n\t\t<\/section>\n\t\t\t\t<\/div>","protected":false},"excerpt":{"rendered":"<p>Iznom\u0101t soci\u0101lo mediju kontu hakeris Vai varat iedom\u0101ties, k\u0101da ir iesp\u0113ja piek\u013c\u016bt k\u0101da soci\u0101lo mediju kontiem? Ko, ja j\u016bs var\u0113tu ieg\u016bt v\u0113rt\u012bgu inform\u0101ciju, atkl\u0101t sl\u0113ptus nosl\u0113pumus vai pat pasarg\u0101t sevi no potenci\u0101liem draudiem? M\u016bsdienu digit\u0101laj\u0101 laikmet\u0101, kad soci\u0101lajiem pla\u0161sazi\u0146as l\u012bdzek\u013ciem ir b\u016btiska noz\u012bme m\u016bsu dz\u012bv\u0113, ir svar\u012bgi apzin\u0101ties, cik svar\u012bgi ir aizsarg\u0101t [...]<\/p>","protected":false},"author":1,"featured_media":5841,"parent":0,"menu_order":0,"comment_status":"closed","ping_status":"open","template":"","meta":{"footnotes":""},"class_list":["post-5840","page","type-page","status-publish","has-post-thumbnail","hentry"],"_links":{"self":[{"href":"https:\/\/rentahacker.io\/lv\/wp-json\/wp\/v2\/pages\/5840","targetHints":{"allow":["GET"]}}],"collection":[{"href":"https:\/\/rentahacker.io\/lv\/wp-json\/wp\/v2\/pages"}],"about":[{"href":"https:\/\/rentahacker.io\/lv\/wp-json\/wp\/v2\/types\/page"}],"author":[{"embeddable":true,"href":"https:\/\/rentahacker.io\/lv\/wp-json\/wp\/v2\/users\/1"}],"replies":[{"embeddable":true,"href":"https:\/\/rentahacker.io\/lv\/wp-json\/wp\/v2\/comments?post=5840"}],"version-history":[{"count":4,"href":"https:\/\/rentahacker.io\/lv\/wp-json\/wp\/v2\/pages\/5840\/revisions"}],"predecessor-version":[{"id":5845,"href":"https:\/\/rentahacker.io\/lv\/wp-json\/wp\/v2\/pages\/5840\/revisions\/5845"}],"wp:featuredmedia":[{"embeddable":true,"href":"https:\/\/rentahacker.io\/lv\/wp-json\/wp\/v2\/media\/5841"}],"wp:attachment":[{"href":"https:\/\/rentahacker.io\/lv\/wp-json\/wp\/v2\/media?parent=5840"}],"curies":[{"name":"wp","href":"https:\/\/api.w.org\/{rel}","templated":true}]}}