{"id":5037,"date":"2023-09-14T10:28:12","date_gmt":"2023-09-14T10:28:12","guid":{"rendered":"https:\/\/hireonlinehackers.com\/?page_id=5037"},"modified":"2025-09-27T06:44:50","modified_gmt":"2025-09-27T06:44:50","slug":"iret-snapchat-hakeru","status":"publish","type":"page","link":"https:\/\/rentahacker.io\/lv\/iret-snapchat-hakeru\/","title":{"rendered":"Snapchat Hacker"},"content":{"rendered":"<div data-elementor-type=\"wp-page\" data-elementor-id=\"5037\" class=\"elementor elementor-5037\">\n\t\t\t\t\t\t<section class=\"elementor-section elementor-top-section elementor-element elementor-element-21ed0537 elementor-section-boxed elementor-section-height-default elementor-section-height-default default-style\" data-id=\"21ed0537\" data-element_type=\"section\" data-settings=\"{&quot;rt_color_sets&quot;:&quot;default-style&quot;}\">\n\t\t\t\t\t\t<div class=\"elementor-container elementor-column-gap-default\">\n\t\t\t\t\t<div class=\"elementor-column elementor-col-100 elementor-top-column elementor-element elementor-element-320524c5\" data-id=\"320524c5\" data-element_type=\"column\">\n\t\t\t<div class=\"elementor-widget-wrap elementor-element-populated\">\n\t\t\t\t\t\t<div class=\"elementor-element elementor-element-15f4f884 elementor-widget elementor-widget-text-editor\" data-id=\"15f4f884\" data-element_type=\"widget\" data-widget_type=\"text-editor.default\">\n\t\t\t\t<div class=\"elementor-widget-container\">\n\t\t\t\t\t\t\t\t\t<h2>Iznom\u0101t Snapchat Hacker<\/h2>\n<div>\n<p>M\u0113s pied\u0101v\u0101jam profesion\u0101lu Snapchat hakeru pakalpojumu, kas \u013cauj jums nol\u012bgt Snapchat hakeru. M\u016bsu pieredz\u0113jus\u012b komanda var pal\u012bdz\u0113t jums atg\u016bt pazaud\u0113tu vai uzlauztu Snapchat kontu. Samaks\u0101jiet k\u0101dam, lai uzlauztu Snapchat, un atg\u016bstiet piek\u013cuvi savam kontam, izmantojot m\u016bsu uzticamo un dro\u0161o pakalpojumu. M\u0113s esam profesion\u0101li <a href=\"https:\/\/rentahacker.io\/lv\/\">Snapchat hakeri<\/a> noma, sniedzot ekspertu pal\u012bdz\u012bbu vis\u0101m j\u016bsu Snapchat hakeru vajadz\u012bb\u0101m. Snapchat konta hakeris iznom\u0101\u0161anai.<\/p>\n<h3><span contenteditable=\"true\">Profesion\u0101li Snapchat hakeri iznom\u0101\u0161anai<\/span><\/h3>\n<p>M\u0113s saprotam Snapchat konta dro\u0161\u012bbas steidzam\u012bbu un jut\u012bgumu. Izmantojot m\u016bsu specializ\u0113t\u0101s prasmes un zin\u0101\u0161anas, m\u0113s nodro\u0161in\u0101m \u0101tru un efekt\u012bvu ar Snapchat saist\u012btu probl\u0113mu risin\u0101\u0161anu. Uzticieties m\u016bsu profesion\u0101lu hakeru komandai, lai efekt\u012bvi un diskr\u0113ti atg\u016btu j\u016bsu uzlauzto vai pazaud\u0113to Snapchat kontu. M\u016bsu dro\u0161ais un uzticamais pakalpojums garant\u0113 j\u016bsu priv\u0101tumu un konfidencialit\u0101ti vis\u0101 procesa gait\u0101. Atg\u016bstiet kontroli p\u0101r savu Snapchat kontu jau \u0161odien, nol\u012bgstot m\u016bsu pieredz\u0113ju\u0161os Snapchat uzlau\u0161anas ekspertus. Iznom\u0101jiet Snapchat Hacker.<\/p>\n<h3>Snapchat Hacker for Hire<\/h3>\n<\/div>\n<p><!-- \/wp:heading --><!-- wp:paragraph --><\/p>\n<div data-id=\"45a8c67\" data-element_type=\"widget\" data-widget_type=\"text-editor.default\">\n<div>\n<div data-id=\"68dc6d6\" data-element_type=\"widget\" data-widget_type=\"text-editor.default\">\n<div>\n<div>\n<div>\n<div>\n<div data-id=\"68dc6d6\" data-element_type=\"widget\" data-widget_type=\"text-editor.default\">\n<div>\n<p>Snapchat hakeru pakalpojums ir visnoder\u012bg\u0101kais, ja m\u0113\u0123in\u0101t uzzin\u0101t par kr\u0101p\u0161anos laul\u0101to \/ partneri, lai p\u0101rliecin\u0101tos, ka j\u016bs netiekat apkr\u0101pts. Snapchat hakeru nomas pakalpojums ir piln\u012bgi diskr\u0113ts, un neviens nekad neuzzin\u0101s, ka jums ir piek\u013cuve Snapchat kontam. M\u0113s sniedzam \u0161o pakalpojumu k\u0101 atsevi\u0161\u0137u Snapchat uzlau\u0161anas pakalpojumu, k\u0101 ar\u012b k\u0101 paketi telefona uzlau\u0161anas pakalpojuma ietvaros.<a href=\"https:\/\/duckduckgo.com\/\" target=\"_blank\" rel=\"noopener\">.<\/a>\u00a0Snapchat Hacker for Hire.<\/p>\n<h2>Snapchat hakeru pakalpojums<\/h2>\n<p>Ir daudz veidu, k\u0101 hakeris var uzlauzt Snapchat kontu, t\u0101p\u0113c ir svar\u012bgi izmantot visas dro\u0161\u012bbas iesp\u0113jas, tostarp divpak\u0101pju autentifik\u0101ciju. Ja p\u0113c visiem dro\u0161\u012bbas pas\u0101kumiem j\u016bsu Snapchat kontu tom\u0113r uzlau\u017e hakeris, m\u0113s esam gatavi pal\u012bdz\u0113t visos iesp\u0113jamos veidos. Snapchat konta hakeru noma.<\/p>\n<h4>Iznom\u0101t profesion\u0101lus soci\u0101lo mediju hakerus<\/h4>\n<p>Ir daudzi iemesli, k\u0101p\u0113c uz\u0146\u0113mums var izv\u0113l\u0113ties algot hakeru soci\u0101lo pla\u0161sazi\u0146as l\u012bdzek\u013cu jom\u0101. Iesp\u0113jams, uz\u0146\u0113mums v\u0113las palielin\u0101t savu sekot\u0101ju skaitu soci\u0101lo mediju platform\u0101s, vai varb\u016bt tam ir nepiecie\u0161ama pal\u012bdz\u012bba, lai pan\u0101ktu liel\u0101ku publik\u0101ciju iesaisti. Jebkur\u0101 gad\u012bjum\u0101 hakeru algo\u0161ana soci\u0101lajiem pla\u0161sazi\u0146as l\u012bdzek\u013ciem var b\u016bt lielisks veids, k\u0101 palielin\u0101t savu kl\u0101tb\u016btni tie\u0161saist\u0113.<\/p>\n<p>Nomainot hakeri soci\u0101lo mediju jom\u0101, ir svar\u012bgi p\u0101rliecin\u0101ties, ka esat izv\u0113l\u0113jies k\u0101du pieredz\u0113ju\u0161u un \u0161aj\u0101 jom\u0101 zino\u0161u cilv\u0113ku.<\/p>\n<div id=\"attachment_5041\" style=\"width: 310px\" class=\"wp-caption alignnone\"><img fetchpriority=\"high\" decoding=\"async\" aria-describedby=\"caption-attachment-5041\" src=\"https:\/\/hireonlinehackers.com\/wp-content\/uploads\/2023\/09\/Professional-Snapchat-Hackers-for-Hire-300x169.jpg\" alt=\"Profesion\u0101li Snapchat hakeri iznom\u0101\u0161anai\" width=\"300\" height=\"169\" \/><p id=\"caption-attachment-5041\" class=\"wp-caption-text\">Profesion\u0101li Snapchat hakeri iznom\u0101\u0161anai<\/p><\/div>\n<h4>Soci\u0101lo mediju kontu hakeris iznom\u0101\u0161anai<\/h4>\n<p>Da\u017ei uz\u0146\u0113mumi algo hakerus, lai tie uzbruktu konkurentu soci\u0101lo mediju kontiem, t\u0101d\u0113j\u0101di g\u016bstot priek\u0161roc\u012bbas. Vi\u0146i to var dar\u012bt, izmantojot sare\u017e\u0123\u012btu akad\u0113misku \u017eargonu, ko konkurenti var nesaprast, t\u0101d\u0113j\u0101di apgr\u016btinot vi\u0146u reakciju. Turkl\u0101t hakeris var public\u0113t viltus zi\u0146as vai atsauksmes, kas var kait\u0113t konkurenta reput\u0101cijai.<\/p>\n<p>Vai j\u016bs interes\u0113 nol\u012bgt hakeru jebk\u0101da veida dro\u0161u profesion\u0101lu hakeru pakalpojumu? Tad j\u016bs esat \u012bstaj\u0101 viet\u0101. M\u0113s pied\u0101v\u0101jam jums lab\u0101kos hakeru pakalpojumus par pie\u0146emam\u0101m cen\u0101m atbilsto\u0161i klienta pras\u012bb\u0101m.<\/p>\n<h4>K\u0101p\u0113c j\u016bs veikt pakalpojumu soci\u0101lo mediju kontu Hacker no mums<\/h4>\n<p>M\u016bsu uz\u0146\u0113mum\u0101 ir profesion\u0101lu un pieredz\u0113ju\u0161u speci\u0101listu komanda, kas var pal\u012bdz\u0113t jums uzlauzt jebkuru t\u012bmek\u013ca mediju kontu. Mums ir pier\u0101d\u012bta sasniegumu v\u0113sture. Un m\u0113s lepojamies ar to, ka sp\u0113jam jums pal\u012bdz\u0113t sasniegt v\u0113lamos rezult\u0101tus. M\u0113s saprotam, ka j\u016bsu priv\u0101tums ir galven\u0101 priorit\u0101te, un nekad nenodosim j\u016bsu datus nevienai citai personai. Snapchat konta hakeris iznom\u0101\u0161anai.<\/p>\n<h4><span contenteditable=\"true\">Hakeru noma Snapchat<\/span><\/h4>\n<div>\n<h5>M\u016bsu ekspert\u012bze profesion\u0101lam soci\u0101lo mediju hakerim<\/h5>\n<p>M\u0113s esam sertific\u0113ta talant\u012bgu hakeru grupa, kas ir ap\u0146\u0113musies atvieglot j\u016bsu domas un uzlabot j\u016bsu datora dro\u0161\u012bbu. L\u012bdz ar to, ja j\u016bs m\u0113\u0123in\u0101t izmantot mor\u0101lus kiberm\u0101ksliniekus, m\u0113s varam jums pal\u012bdz\u0113t ar j\u016bsu ba\u017e\u0101m. Kad mekl\u0113jat, p\u0101rbaudiet, kas man nepiecie\u0161ams, lai nol\u012bgtu \u0113tisku hakeri.<\/p>\n<p>M\u0113s at\u0161\u0137iramies sav\u0101 pieej\u0101 administr\u0113\u0161anai sal\u012bdzin\u0101jum\u0101 ar citiem uz\u0146\u0113mumiem. Iznom\u0101t Snapchat Hacker.<\/p>\n<h3>Snapchat kontu Hacker par noma<\/h3>\n<p>M\u016bsu uz\u0146\u0113mum\u0101 ir profesion\u0101lu un pieredz\u0113ju\u0161u ekspertu komanda, kas var pal\u012bdz\u0113t jums uzlauzt jebkuru soci\u0101lo mediju kontu. Mums ir pier\u0101d\u012bta pieredze un sasniegumi. Un m\u0113s nov\u0113rt\u0113jam to, ka sp\u0113jam jums pal\u012bdz\u0113t sasniegt vajadz\u012bgos rezult\u0101tus. M\u0113s saprotam, ka j\u016bsu priv\u0101tums ir galven\u0101 probl\u0113ma, un m\u0113s nekad nevienam citam nedosim j\u016bsu personisko inform\u0101ciju. Snapchat kontu hakeris iznom\u0101\u0161anai.<\/p>\n<h4>Hakeru noma | Priv\u0101t\u0101s izmekl\u0113\u0161anas pakalpojumi<\/h4>\n<p>Piem\u0113ram, ja cen\u0161aties atg\u016bt piek\u013cuvi blo\u0137\u0113tiem vai uzlauztiem kontiem - neatkar\u012bgi no t\u0101, vai tas ir j\u016bsu Gmail, Facebook, Instagram vai pat Snapchat -, nol\u012bgts mobilais hakeris var pal\u012bdz\u0113t jums atg\u016bt to, kas jums pieder. Daudzi cilv\u0113ki izv\u0113las nol\u012bgt hakeru, lai pie\u0137ertu kr\u0101pjo\u0161u laul\u0101to, ievie\u0161ot skaidr\u012bbu person\u012bg\u0101s situ\u0101cij\u0101s. Snapchat Hacker noma.<\/p>\n<\/div>\n<div>\u00a0<\/div>\n<\/div>\n<\/div>\n<\/div>\n<\/div>\n<\/div>\n<\/div>\n<\/div>\n<p><img decoding=\"async\" class=\"alignnone lazyload\" data-src=\"https:\/\/hireonlinehackers.com\/wp-content\/uploads\/2023\/01\/5-star-300x158.jpg\" alt=\"Iznom\u0101t Snapchat Hacker\" width=\"36\" height=\"19\" src=\"data:image\/svg+xml;base64,PHN2ZyB3aWR0aD0iMSIgaGVpZ2h0PSIxIiB4bWxucz0iaHR0cDovL3d3dy53My5vcmcvMjAwMC9zdmciPjwvc3ZnPg==\" style=\"--smush-placeholder-width: 36px; --smush-placeholder-aspect-ratio: 36\/19;\" \/><\/p>\n<\/div>\n<\/div>\n<p><!-- \/wp:paragraph --><!-- wp:heading --><!-- \/wp:paragraph --><\/p>\t\t\t\t\t\t\t\t<\/div>\n\t\t\t\t<\/div>\n\t\t\t\t\t<\/div>\n\t\t<\/div>\n\t\t\t\t\t<\/div>\n\t\t<\/section>\n\t\t\t\t<section class=\"elementor-section elementor-top-section elementor-element elementor-element-da4e662 elementor-section-boxed elementor-section-height-default elementor-section-height-default default-style\" data-id=\"da4e662\" data-element_type=\"section\" data-settings=\"{&quot;rt_color_sets&quot;:&quot;default-style&quot;}\">\n\t\t\t\t\t\t<div class=\"elementor-container elementor-column-gap-default\">\n\t\t\t\t\t<div class=\"elementor-column elementor-col-50 elementor-top-column elementor-element elementor-element-db924fe\" data-id=\"db924fe\" data-element_type=\"column\">\n\t\t\t<div class=\"elementor-widget-wrap elementor-element-populated\">\n\t\t\t\t\t\t<div class=\"elementor-element elementor-element-0485719 elementor-widget elementor-widget-image\" data-id=\"0485719\" data-element_type=\"widget\" data-widget_type=\"image.default\">\n\t\t\t\t<div class=\"elementor-widget-container\">\n\t\t\t\t\t\t\t\t\t\t\t\t\t\t\t<img decoding=\"async\" width=\"768\" height=\"288\" data-src=\"https:\/\/rentahacker.io\/wp-content\/uploads\/2022\/11\/Buy-Registered-Documents.jpg\" class=\"attachment-large size-large wp-image-4545 lazyload\" alt=\"Noma Dark Web hakeri\" data-srcset=\"https:\/\/rentahacker.io\/wp-content\/uploads\/2022\/11\/Buy-Registered-Documents.jpg 768w, https:\/\/rentahacker.io\/wp-content\/uploads\/2022\/11\/Buy-Registered-Documents-300x113.jpg 300w, https:\/\/rentahacker.io\/wp-content\/uploads\/2022\/11\/Buy-Registered-Documents-600x225.jpg 600w\" data-sizes=\"(max-width: 768px) 100vw, 768px\" src=\"data:image\/svg+xml;base64,PHN2ZyB3aWR0aD0iMSIgaGVpZ2h0PSIxIiB4bWxucz0iaHR0cDovL3d3dy53My5vcmcvMjAwMC9zdmciPjwvc3ZnPg==\" style=\"--smush-placeholder-width: 768px; --smush-placeholder-aspect-ratio: 768\/288;\" \/>\t\t\t\t\t\t\t\t\t\t\t\t\t\t\t<\/div>\n\t\t\t\t<\/div>\n\t\t\t\t\t<\/div>\n\t\t<\/div>\n\t\t\t\t<div class=\"elementor-column elementor-col-50 elementor-top-column elementor-element elementor-element-bff131d\" data-id=\"bff131d\" data-element_type=\"column\">\n\t\t\t<div class=\"elementor-widget-wrap elementor-element-populated\">\n\t\t\t\t\t\t<div class=\"elementor-element elementor-element-db6bcbe elementor-widget elementor-widget-heading\" data-id=\"db6bcbe\" data-element_type=\"widget\" data-widget_type=\"heading.default\">\n\t\t\t\t<div class=\"elementor-widget-container\">\n\t\t\t\t\t<h2 class=\"elementor-heading-title elementor-size-default\">Maks\u0101t k\u0101dam, lai Hack Snapchat<\/h2>\t\t\t\t<\/div>\n\t\t\t\t<\/div>\n\t\t\t\t\t<\/div>\n\t\t<\/div>\n\t\t\t\t\t<\/div>\n\t\t<\/section>\n\t\t\t\t<\/div>","protected":false},"excerpt":{"rendered":"<p>Iznom\u0101t Snapchat Hacker M\u0113s pied\u0101v\u0101jam profesion\u0101lu Snapchat hakeru pakalpojumu, kas \u013cauj jums nol\u012bgt hakeris Snapchat. M\u016bsu pieredz\u0113jus\u012b komanda var pal\u012bdz\u0113t jums atg\u016bt pazaud\u0113tu vai uzlauztu Snapchat kontu. Samaks\u0101jiet k\u0101dam par Snapchat uzlau\u0161anu un atg\u016bstiet piek\u013cuvi savam kontam, izmantojot m\u016bsu uzticamo un dro\u0161o pakalpojumu. M\u0113s esam profesion\u0101li Snapchat hakeri [...]<\/p>","protected":false},"author":1,"featured_media":5038,"parent":0,"menu_order":0,"comment_status":"closed","ping_status":"open","template":"","meta":{"footnotes":""},"class_list":["post-5037","page","type-page","status-publish","has-post-thumbnail","hentry"],"_links":{"self":[{"href":"https:\/\/rentahacker.io\/lv\/wp-json\/wp\/v2\/pages\/5037","targetHints":{"allow":["GET"]}}],"collection":[{"href":"https:\/\/rentahacker.io\/lv\/wp-json\/wp\/v2\/pages"}],"about":[{"href":"https:\/\/rentahacker.io\/lv\/wp-json\/wp\/v2\/types\/page"}],"author":[{"embeddable":true,"href":"https:\/\/rentahacker.io\/lv\/wp-json\/wp\/v2\/users\/1"}],"replies":[{"embeddable":true,"href":"https:\/\/rentahacker.io\/lv\/wp-json\/wp\/v2\/comments?post=5037"}],"version-history":[{"count":16,"href":"https:\/\/rentahacker.io\/lv\/wp-json\/wp\/v2\/pages\/5037\/revisions"}],"predecessor-version":[{"id":5811,"href":"https:\/\/rentahacker.io\/lv\/wp-json\/wp\/v2\/pages\/5037\/revisions\/5811"}],"wp:featuredmedia":[{"embeddable":true,"href":"https:\/\/rentahacker.io\/lv\/wp-json\/wp\/v2\/media\/5038"}],"wp:attachment":[{"href":"https:\/\/rentahacker.io\/lv\/wp-json\/wp\/v2\/media?parent=5037"}],"curies":[{"name":"wp","href":"https:\/\/api.w.org\/{rel}","templated":true}]}}