{"id":5026,"date":"2023-09-14T09:39:25","date_gmt":"2023-09-14T09:39:25","guid":{"rendered":"https:\/\/hireonlinehackers.com\/?page_id=5026"},"modified":"2025-09-27T05:50:50","modified_gmt":"2025-09-27T05:50:50","slug":"noma-instagram-hacker","status":"publish","type":"page","link":"https:\/\/rentahacker.io\/lv\/noma-instagram-hacker\/","title":{"rendered":"Instagram hakeris"},"content":{"rendered":"<div data-elementor-type=\"wp-page\" data-elementor-id=\"5026\" class=\"elementor elementor-5026\">\n\t\t\t\t\t\t<section class=\"elementor-section elementor-top-section elementor-element elementor-element-21ed0537 elementor-section-boxed elementor-section-height-default elementor-section-height-default default-style\" data-id=\"21ed0537\" data-element_type=\"section\" data-settings=\"{&quot;rt_color_sets&quot;:&quot;default-style&quot;}\">\n\t\t\t\t\t\t<div class=\"elementor-container elementor-column-gap-default\">\n\t\t\t\t\t<div class=\"elementor-column elementor-col-100 elementor-top-column elementor-element elementor-element-320524c5\" data-id=\"320524c5\" data-element_type=\"column\">\n\t\t\t<div class=\"elementor-widget-wrap elementor-element-populated\">\n\t\t\t\t\t\t<div class=\"elementor-element elementor-element-15f4f884 elementor-widget elementor-widget-text-editor\" data-id=\"15f4f884\" data-element_type=\"widget\" data-widget_type=\"text-editor.default\">\n\t\t\t\t<div class=\"elementor-widget-container\">\n\t\t\t\t\t\t\t\t\t<h2>Iznom\u0101t Instagram Hacker<\/h2>\n<p><!-- \/wp:heading --><!-- wp:paragraph --><\/p>\n<div data-id=\"45a8c67\" data-element_type=\"widget\" data-widget_type=\"text-editor.default\">\n<div>\n<div data-id=\"68dc6d6\" data-element_type=\"widget\" data-widget_type=\"text-editor.default\">\n<div>\n<div>\n<div>\n<div>\n<p>M\u016bsu profesion\u0101lais hakeru pakalpojums specializ\u0113jas Instagram kontu uzlau\u0161an\u0101, pied\u0101v\u0101jot jums iesp\u0113ju piek\u013c\u016bt jebkuram tie\u0161saistes kontam un uzraudz\u012bt da\u017e\u0101das platformas, piem\u0113ram, WhatsApp, Facebook, Discord, Snapchat un citas. Izmantojot m\u016bsu programmat\u016bras r\u012bku, kas pieejams datoram, iPhone un Android, varat piek\u013c\u016bt t\u0101d\u0101m funkcij\u0101m k\u0101 GPS atra\u0161an\u0101s vietas noteik\u0161ana tie\u0161raid\u0113, kameras un mikrofona uzraudz\u012bba, zi\u0146as, e-pasti, zvani, p\u0101rl\u016bka v\u0113sture, ekr\u0101na ierakst\u012b\u0161ana un dz\u0113sto zi\u0146ojumu, failu un multivides atg\u016b\u0161ana.\u00a0<\/p>\n<h3>Instagram hakeris iznom\u0101\u0161anai<\/h3>\n<p>Ja esat non\u0101cis neveiksm\u012bg\u0101 situ\u0101cij\u0101, kad esat pazaud\u0113jis vai uzlauzis Instagram kontu, m\u016bsu \u012bstu profesion\u0101lu hakeru komanda ir \u0161eit, lai pal\u012bdz\u0113tu jums to \u0101tri un viegli atg\u016bt. Nevilcinieties nol\u012bgt profesion\u0101lu Instagram hakeru un atg\u016bstiet kontroli p\u0101r savu kontu. Instagram konta hakeru noma.<\/p>\n<h3>Noma Hacker pakalpojums Instagram Hack<\/h3>\n<\/div>\n<\/div>\n<p>Ja esat pazaud\u0113jis piek\u013cuvi savam Instagram kontam vai citu iemeslu d\u0113\u013c v\u0113laties ieg\u016bt piek\u013cuvi Instagram kontam, \u0161is pakalpojums jums ir nepiecie\u0161ams. M\u0113s nes\u016bt\u0101m \u012bpa\u0161niekam nek\u0101das saites vai zi\u0146ojumus, un \u0161is pakalpojums ir piln\u012bgi diskr\u0113ts un anon\u012bms. M\u016bsu klientu dro\u0161\u012bba mums ir \u013coti svar\u012bga, un m\u0113s to paturam pr\u0101t\u0101, veicot visus darbus. Iznom\u0101jiet profesion\u0101lus Instagram hakerus tie\u0161saist\u0113 l\u0113ti. Instagram kontu hakeri iznom\u0101\u0161anai.<\/p>\n<p><img decoding=\"async\" class=\"alignnone lazyload\" data-src=\"https:\/\/hireonlinehackers.com\/wp-content\/uploads\/2023\/09\/Instagram-Hacker-for-Hire-300x168.jpg\" alt=\"Iznom\u0101t Instagram Hacker\" width=\"230\" height=\"128\" src=\"data:image\/svg+xml;base64,PHN2ZyB3aWR0aD0iMSIgaGVpZ2h0PSIxIiB4bWxucz0iaHR0cDovL3d3dy53My5vcmcvMjAwMC9zdmciPjwvc3ZnPg==\" style=\"--smush-placeholder-width: 230px; --smush-placeholder-aspect-ratio: 230\/128;\" \/><\/p>\n<h3><span contenteditable=\"true\">Hakeru nol\u012bg\u0161ana pakalpojumam Instagram<\/span><\/h3>\n<\/div>\n<\/div>\n<\/div>\n<\/div>\n<\/div>\n<p>M\u0113s pied\u0101v\u0101jam vienk\u0101r\u0161u procesu, k\u0101 nol\u012bgt <a href=\"https:\/\/rentahacker.io\/lv\/\">hakeris par Instagram<\/a>, kas \u012bpa\u0161i izstr\u0101d\u0101ts, lai pal\u012bdz\u0113tu jums notvert kr\u0101pjo\u0161u laul\u0101to vai kr\u0101pnieku. M\u016bsu pakalpojumi pied\u0101v\u0101 pieejamu iesp\u0113ju nol\u012bgt Instagram hakeru. M\u0113s pied\u0101v\u0101jam da\u017e\u0101dus hakeru pakalpojumus, tostarp Instagram kontu uzlau\u0161anu, datoru uzlau\u0161anu un dro\u0161\u012bbas pas\u0101kumu apie\u0161anu, t\u0101p\u0113c esam uzticama izv\u0113le Instagram hakeru nol\u012bg\u0161anai. Neatkar\u012bgi no t\u0101, vai esat zaud\u0113jis piek\u013cuvi savam Instagram kontam vai likum\u012bgu iemeslu d\u0113\u013c nepiecie\u0161ama piek\u013cuve k\u0101da cita lietot\u0101ja kontam, m\u016bsu diskr\u0113tie un anon\u012bmie pakalpojumi var apmierin\u0101t j\u016bsu vajadz\u012bbas.<\/p>\n<h3>Maks\u0101jiet k\u0101dam, lai uzlauztu Instagram<\/h3>\n<p>M\u016bsu kvalific\u0113tu hakeru komanda specializ\u0113jas Instagram uzlau\u0161anas jom\u0101 un var pal\u012bdz\u0113t jums atg\u016bt svar\u012bgu inform\u0101ciju vai atrisin\u0101t ar kontu saist\u012btas probl\u0113mas. M\u0113s saglab\u0101jam visaugst\u0101ko konfidencialit\u0101tes l\u012bmeni un nodro\u0161in\u0101m, ka j\u016bsu personisk\u0101 inform\u0101cija vis\u0101 procesa gait\u0101 ir dro\u0161a. Ne\u013caujiet sav\u0101m aizdom\u0101m vai ba\u017e\u0101m palikt bez atbildes - nol\u012bgiet Instagram hakerus jau \u0161odien un sa\u0146emiet nepiecie\u0161am\u0101s atbildes.<a href=\"https:\/\/duckduckgo.com\/\" target=\"_blank\" rel=\"noopener\">.<\/a> M\u0113s pie\u0161\u0137iram priorit\u0101ti klientu apmierin\u0101t\u012bbai un garant\u0113jam \u0101trus rezult\u0101tus.<\/p>\n<h3>Iznom\u0101t profesion\u0101lu Instagram hakeri<\/h3>\n<p>\u00a0<\/p>\n<p>M\u016bsu ekspertiem hakeriem ir ilggad\u0113ja pieredze \u0161aj\u0101 jom\u0101, un vi\u0146i ir apr\u012bkoti ar jaun\u0101kajiem r\u012bkiem un metod\u0113m, lai nodro\u0161in\u0101tu veiksm\u012bgu Instagram uzlau\u0161anu. Esiet dro\u0161i, ka m\u016bsu pakalpojumi ir piln\u012bgi likum\u012bgi un \u0113tiski, iev\u0113rojot stingrus \u0113tikas standartus. Nevilcinieties vairs - p\u0101r\u0146emiet kontroli p\u0101r savu Instagram kontu vai ieg\u016bstiet piek\u013cuvi nepiecie\u0161amajai inform\u0101cijai, jau tagad nol\u012bgstot m\u016bsu uzticamos Instagram hakerus. Instagram kontu hakeri iznom\u0101\u0161anai.<\/p>\n<p>Taj\u0101 br\u012bd\u012b, kad j\u016bs no mums izv\u0113laties Instagram programm\u0113t\u0101ju, j\u016bs sa\u0146emat piek\u013cuvi ide\u0101l\u0101kajam programm\u0113t\u0101jam \u0161aj\u0101 nozar\u0113. Mums ir dzi\u013ci talant\u012bgu un pieredz\u0113ju\u0161u tehni\u0137u grupa, kas var jums pal\u012bdz\u0113t ar jebk\u0101d\u0101m hakeru vajadz\u012bb\u0101m.<\/p>\n<h3>Maks\u0101t Hack Instagram kontu<\/h3>\n<p>M\u016bsu administr\u0101cija pied\u0101v\u0101 cilv\u0113kiem iesp\u0113ju piesaist\u012bt Instagram programm\u0113t\u0101ju. Izmantojot programm\u0113t\u0101ju ar m\u016bsu administr\u0101cijas starpniec\u012bbu, klienti var piek\u013c\u016bt jebkuras personas ierakstam, kuru vi\u0146i izv\u0113las, neatkar\u012bgi no t\u0101, vai vi\u0146iem ir vai nav pieteik\u0161an\u0101s dati.<\/p>\n<h4>Instagram konta hakeris iznom\u0101\u0161anai<\/h4>\n<p>Tas \u013cauj klientiem atg\u016bt izdz\u0113st\u0101s fotogr\u0101fijas un main\u012bt paroles, un no turienes paveras pla\u0161\u0101kas iesp\u0113jas. M\u0113s izmantojam sare\u017e\u0123\u012btu zin\u0101tnisko valodu, lai garant\u0113tu, ka m\u016bsu programm\u0113t\u0101ji ir patiesi neticami. M\u0113s no visas sirds ieguld\u0101m sav\u0101 darb\u0101 un v\u0113lamies, lai m\u016bsu klienti kopum\u0101 b\u016btu apmierin\u0101ti ar rezult\u0101tiem. Maks\u0101t, lai uzlauztu Instagram kontu.<\/p>\n<h4>K\u0101p\u0113c izv\u0113l\u0113ties mums Instagram Hacker For Hire?<\/h4>\n<p>Ir vair\u0101ki iemesli, k\u0101p\u0113c no mums nol\u012bgt Instagram hakerus. Iesp\u0113jams, vissvar\u012bg\u0101kais iemesls ir tas, ka mums ir liels kvalific\u0113tu un pieredz\u0113ju\u0161u hakeru pulks, kuri var pal\u012bdz\u0113t ar visda\u017e\u0101d\u0101kaj\u0101m hakeru vajadz\u012bb\u0101m. Turkl\u0101t m\u0113s pied\u0101v\u0101jam konkur\u0113tsp\u0113j\u012bgas cenas, 24\/7 klientu atbalstu un 100% apmierin\u0101t\u012bbas garantiju.<\/p>\n<p><span class=\"kY2IgmnCmOGjharHErah\">Konstrukt\u012bva sadarb\u012bba un m\u0101c\u012b\u0161an\u0101s par varo\u0146darbiem, nozares standartiem, pel\u0113ko un balto cepuru hakeru izmanto\u0161anu, jaun\u0101m datortehnikas un programmat\u016bras hakeru tehnolo\u0123ij\u0101m, dal\u012b\u0161an\u0101s ar idej\u0101m un ieteikumiem par mazo uz\u0146\u0113mumu un person\u012bgo dro\u0161\u012bbu. <\/span><\/p>\n<div data-id=\"45a8c67\" data-element_type=\"widget\" data-widget_type=\"text-editor.default\">\n<div>\n<p><img decoding=\"async\" data-src=\"https:\/\/hireonlinehackers.com\/wp-content\/uploads\/2023\/01\/5-star-300x158.jpg\" alt=\"Profesion\u0101lu hakeru \u012bres pakalpojumi\" width=\"36\" height=\"19\" src=\"data:image\/svg+xml;base64,PHN2ZyB3aWR0aD0iMSIgaGVpZ2h0PSIxIiB4bWxucz0iaHR0cDovL3d3dy53My5vcmcvMjAwMC9zdmciPjwvc3ZnPg==\" class=\"lazyload\" style=\"--smush-placeholder-width: 36px; --smush-placeholder-aspect-ratio: 36\/19;\" \/><\/p>\n<\/div>\n<\/div>\n<p><!-- \/wp:paragraph --><!-- wp:heading --><!-- \/wp:paragraph --><\/p>\t\t\t\t\t\t\t\t<\/div>\n\t\t\t\t<\/div>\n\t\t\t\t\t<\/div>\n\t\t<\/div>\n\t\t\t\t\t<\/div>\n\t\t<\/section>\n\t\t\t\t<section class=\"elementor-section elementor-top-section elementor-element elementor-element-da4e662 elementor-section-boxed elementor-section-height-default elementor-section-height-default default-style\" data-id=\"da4e662\" data-element_type=\"section\" data-settings=\"{&quot;rt_color_sets&quot;:&quot;default-style&quot;}\">\n\t\t\t\t\t\t<div class=\"elementor-container elementor-column-gap-default\">\n\t\t\t\t\t<div class=\"elementor-column elementor-col-50 elementor-top-column elementor-element elementor-element-db924fe\" data-id=\"db924fe\" data-element_type=\"column\">\n\t\t\t<div class=\"elementor-widget-wrap elementor-element-populated\">\n\t\t\t\t\t\t<div class=\"elementor-element elementor-element-0485719 elementor-widget elementor-widget-image\" data-id=\"0485719\" data-element_type=\"widget\" data-widget_type=\"image.default\">\n\t\t\t\t<div class=\"elementor-widget-container\">\n\t\t\t\t\t\t\t\t\t\t\t\t\t\t\t<img fetchpriority=\"high\" decoding=\"async\" width=\"768\" height=\"288\" src=\"https:\/\/rentahacker.io\/wp-content\/uploads\/2022\/11\/Buy-Registered-Documents.jpg\" class=\"attachment-large size-large wp-image-4545\" alt=\"Noma Dark Web hakeri\" srcset=\"https:\/\/rentahacker.io\/wp-content\/uploads\/2022\/11\/Buy-Registered-Documents.jpg 768w, https:\/\/rentahacker.io\/wp-content\/uploads\/2022\/11\/Buy-Registered-Documents-300x113.jpg 300w, https:\/\/rentahacker.io\/wp-content\/uploads\/2022\/11\/Buy-Registered-Documents-600x225.jpg 600w\" sizes=\"(max-width: 768px) 100vw, 768px\" \/>\t\t\t\t\t\t\t\t\t\t\t\t\t\t\t<\/div>\n\t\t\t\t<\/div>\n\t\t\t\t\t<\/div>\n\t\t<\/div>\n\t\t\t\t<div class=\"elementor-column elementor-col-50 elementor-top-column elementor-element elementor-element-bff131d\" data-id=\"bff131d\" data-element_type=\"column\">\n\t\t\t<div class=\"elementor-widget-wrap elementor-element-populated\">\n\t\t\t\t\t\t<div class=\"elementor-element elementor-element-db6bcbe elementor-widget elementor-widget-heading\" data-id=\"db6bcbe\" data-element_type=\"widget\" data-widget_type=\"heading.default\">\n\t\t\t\t<div class=\"elementor-widget-container\">\n\t\t\t\t\t<h2 class=\"elementor-heading-title elementor-size-default\">Instagram hakeri 15 min\u016btes<\/h2>\t\t\t\t<\/div>\n\t\t\t\t<\/div>\n\t\t\t\t\t<\/div>\n\t\t<\/div>\n\t\t\t\t\t<\/div>\n\t\t<\/section>\n\t\t\t\t<\/div>","protected":false},"excerpt":{"rendered":"<p>Iznom\u0101t Instagram Hacker M\u016bsu profesion\u0101lais hakeru pakalpojums specializ\u0113jas Instagram kontu uzlau\u0161ana, pied\u0101v\u0101jot jums iesp\u0113ju piek\u013c\u016bt jebkuram tie\u0161saistes kontu un uzraudz\u012bt da\u017e\u0101das platformas, piem\u0113ram, WhatsApp, Facebook, Discord, Snapchat, un vair\u0101k. Izmantojot m\u016bsu programmat\u016bras r\u012bku, kas pieejams datoram, iPhone un Android, j\u016bs varat piek\u013c\u016bt t\u0101d\u0101m funkcij\u0101m k\u0101 GPS atra\u0161an\u0101s vietas noteik\u0161ana tie\u0161raid\u0113, kameras [...]<\/p>","protected":false},"author":1,"featured_media":5029,"parent":0,"menu_order":0,"comment_status":"closed","ping_status":"open","template":"","meta":{"footnotes":""},"class_list":["post-5026","page","type-page","status-publish","has-post-thumbnail","hentry"],"_links":{"self":[{"href":"https:\/\/rentahacker.io\/lv\/wp-json\/wp\/v2\/pages\/5026","targetHints":{"allow":["GET"]}}],"collection":[{"href":"https:\/\/rentahacker.io\/lv\/wp-json\/wp\/v2\/pages"}],"about":[{"href":"https:\/\/rentahacker.io\/lv\/wp-json\/wp\/v2\/types\/page"}],"author":[{"embeddable":true,"href":"https:\/\/rentahacker.io\/lv\/wp-json\/wp\/v2\/users\/1"}],"replies":[{"embeddable":true,"href":"https:\/\/rentahacker.io\/lv\/wp-json\/wp\/v2\/comments?post=5026"}],"version-history":[{"count":16,"href":"https:\/\/rentahacker.io\/lv\/wp-json\/wp\/v2\/pages\/5026\/revisions"}],"predecessor-version":[{"id":5786,"href":"https:\/\/rentahacker.io\/lv\/wp-json\/wp\/v2\/pages\/5026\/revisions\/5786"}],"wp:featuredmedia":[{"embeddable":true,"href":"https:\/\/rentahacker.io\/lv\/wp-json\/wp\/v2\/media\/5029"}],"wp:attachment":[{"href":"https:\/\/rentahacker.io\/lv\/wp-json\/wp\/v2\/media?parent=5026"}],"curies":[{"name":"wp","href":"https:\/\/api.w.org\/{rel}","templated":true}]}}