{"id":4991,"date":"2023-09-10T16:41:53","date_gmt":"2023-09-10T16:41:53","guid":{"rendered":"https:\/\/hireonlinehackers.com\/?page_id=4991"},"modified":"2025-09-27T06:54:59","modified_gmt":"2025-09-27T06:54:59","slug":"iret-whatsapp-hakeru","status":"publish","type":"page","link":"https:\/\/rentahacker.io\/lv\/iret-whatsapp-hakeru\/","title":{"rendered":"WhatsApp Hacker"},"content":{"rendered":"<div data-elementor-type=\"wp-page\" data-elementor-id=\"4991\" class=\"elementor elementor-4991\">\n\t\t\t\t\t\t<section class=\"elementor-section elementor-top-section elementor-element elementor-element-21ed0537 elementor-section-boxed elementor-section-height-default elementor-section-height-default default-style\" data-id=\"21ed0537\" data-element_type=\"section\" data-settings=\"{&quot;rt_color_sets&quot;:&quot;default-style&quot;}\">\n\t\t\t\t\t\t<div class=\"elementor-container elementor-column-gap-default\">\n\t\t\t\t\t<div class=\"elementor-column elementor-col-100 elementor-top-column elementor-element elementor-element-320524c5\" data-id=\"320524c5\" data-element_type=\"column\">\n\t\t\t<div class=\"elementor-widget-wrap elementor-element-populated\">\n\t\t\t\t\t\t<div class=\"elementor-element elementor-element-15f4f884 elementor-widget elementor-widget-text-editor\" data-id=\"15f4f884\" data-element_type=\"widget\" data-widget_type=\"text-editor.default\">\n\t\t\t\t<div class=\"elementor-widget-container\">\n\t\t\t\t\t\t\t\t\t<h2>Iznom\u0101t WhatsApp Hacker<\/h2>\n<p><!-- \/wp:heading --><!-- wp:paragraph --><\/p>\n<div data-id=\"45a8c67\" data-element_type=\"widget\" data-widget_type=\"text-editor.default\">\n<div>\n<div data-id=\"68dc6d6\" data-element_type=\"widget\" data-widget_type=\"text-editor.default\">\n<div>\n<p>Whatsapp hacker \u012bres pakalpojums ir pieejams par sapr\u0101t\u012bg\u0101m cen\u0101m k\u0101 standalone WhatsApp banaliz\u0113t pakalpojumu, k\u0101 ar\u012b da\u013ca no t\u0101lru\u0146a hakeru pakalpojumu, kas nodro\u0161ina piek\u013cuvi WhatsApp, k\u0101 ar\u012b. M\u016bsu cenas ir vienas no lab\u0101kaj\u0101m nozar\u0113, un j\u016bs varat b\u016bt p\u0101rliecin\u0101ti par 100% konfidencialit\u0101ti un slepen\u012bbu gan par savu sazi\u0146u ar mums, gan par WhatsApp hakeru pakalpojumu, ko m\u0113s sniedzam, un b\u016bt p\u0101rliecin\u0101ti par t\u0101 nesatricin\u0101m\u012bbu jebkuros apst\u0101k\u013cos.  WhatsApp konta hakeru noma. Iznom\u0101t WhatsApp Hacker.<\/p>\n<p>WhatsApp hakeru noma pakalpojumu var sniegt 24 stundu laik\u0101, ja tas ir steidzami jums, kas ir saist\u012bts ar nelielu piemaksu, kas ir iek\u013cauta cen\u0101. Ja esat gatavs gaid\u012bt ilg\u0101k, tad varat l\u016bgt atlaidi, ko m\u0113s pied\u0101v\u0101jam par nenopietniem WhatsApp hakeru pakalpojumu piepras\u012bjumiem. <span contenteditable=\"true\">Noma Dark Web hakeri.<\/span><\/p>\n<h4>Datorur\u0137\u0113\u0161ana WhatsApp lietotn\u0113<\/h4>\n<p>WhatsApp ir pla\u0161i izmantots pakalpojums, jo \u012bpa\u0161i Apvienotaj\u0101 Karalist\u0113, un, k\u0101 j\u016bs varat iedom\u0101ties, liel\u0101k\u0101 da\u013ca no m\u016bsu WhatsApp hacker par nomas pakalpojumu piepras\u012bjumiem n\u0101k no Apvienot\u0101s Karalistes. M\u0113s nodro\u0161in\u0101m piln\u012bgu piek\u013cuvi WhatsApp kontiem, tostarp nos\u016bt\u012btaj\u0101m un sa\u0146emtaj\u0101m zi\u0146\u0101m, att\u0113liem un videoklipiem, k\u0101 ar\u012b balss un video zvanu ierakstiem.<br \/>L\u016bdzu, nekautr\u0113jieties aizpild\u012bt m\u016bsu kontaktformu, lai ieg\u016btu s\u012bk\u0101ku inform\u0101ciju un piepras\u012btu WhatsApp hakeru pakalpojumu.<\/p>\n<div id=\"attachment_5000\" style=\"width: 310px\" class=\"wp-caption alignnone\"><img decoding=\"async\" aria-describedby=\"caption-attachment-5000\" data-src=\"https:\/\/hireonlinehackers.com\/wp-content\/uploads\/2023\/09\/WhatsApp-hacker-300x141.jpg\" alt=\"WhatsApp Hacker for Hire\" width=\"300\" height=\"141\" src=\"data:image\/svg+xml;base64,PHN2ZyB3aWR0aD0iMSIgaGVpZ2h0PSIxIiB4bWxucz0iaHR0cDovL3d3dy53My5vcmcvMjAwMC9zdmciPjwvc3ZnPg==\" class=\"lazyload\" style=\"--smush-placeholder-width: 300px; --smush-placeholder-aspect-ratio: 300\/141;\" \/><p id=\"caption-attachment-5000\" class=\"wp-caption-text\">WhatsApp Hacker for Hire<\/p><\/div>\n<h1>Nom\u0101t hakeris WhatsApp<\/h1>\n<p>M\u016bsu a\u0123ent\u016bra nodro\u0161ina visu veidu hakeru pakalpojumus, kas saist\u012bti ar WhatsApp ar sec\u012bgu ierakstu un atsauksmes.<\/p>\n<p>Visi tie\u0161saistes pakalpojumi tiks sniegti par l\u0113tu cenu un noteiktaj\u0101 termi\u0146\u0101. \u0160\u012bs specialit\u0101tes padara m\u016bs par #1 hakeru pasaul\u0113.<\/p>\n<p>T\u0101tad, ja j\u016bs mekl\u0113jat, lai Noma Hacker - WhatsApp par \u012bri, tad m\u016bsu a\u0123ent\u016bra ir lab\u0101kais jums. Iznom\u0101t WhatsApp Hacker.<\/p>\n<p>P\u0101rbaudiet, k\u0101p\u0113c m\u016bsu a\u0123ent\u016bras sertific\u0113t\u0101s \"balt\u0101s cepures\" tie\u0161saistes hakeru pakalpojumi ir lab\u0101ki nek\u0101 citu profesion\u0101li sertific\u0113tu \u0113tisko hakeru pakalpojumi.<\/p>\n<h2>Ieg\u016bt WhatsApp Datorur\u0137\u0113\u0161ana pakalpojumi laik\u0101<\/h2>\n<p>Kad<br \/>M\u016bsu klients izv\u0113las pl\u0101nu atbilsto\u0161i pras\u012bb\u0101m. Vi\u0146i v\u0113las, lai puisis vai a\u0123ent\u016bra, kuru vi\u0146i gatavojas \u012br\u0113t, b\u016btu ar noteikt\u0101m \u012bpa\u0161\u012bb\u0101m.<\/p>\n<p>Da\u017eiem cilv\u0113kiem t\u0101 var b\u016bt l\u0113ta cena, jo da\u017eiem cilv\u0113kiem nauda ir svar\u012bga. Ta\u010du ikviens v\u0113las, lai vi\u0146a uzdevums tiktu izpild\u012bts \u013coti \u0101tri un p\u0113c iesp\u0113jas \u0101tr\u0101k.<\/p>\n<div>\n<div>\n<h3>Kur nol\u012bgt hakeris par WhatsApp<\/h3>\n<\/div>\n<\/div>\n<p>Cilv\u0113ki nol\u012bgt Hacker par WhatsApp, jo vi\u0146iem ir nepiecie\u0161ama visa inform\u0101cija par to.<br \/>Vi\u0146i v\u0113las atrast rezult\u0101tus tikpat \u0101tri k\u0101 gaismas \u0101trum\u0101.<\/p>\n<p>Gaismas \u0101trums nav iesp\u0113jams ikvienam, bet m\u0113s jums apliecin\u0101m, ka sniegt WhatsApp hakeru pakalpojumus laik\u0101, kas tiek dota jums.<\/p>\n<div style=\"width: 310px\" class=\"wp-caption alignnone\"><img fetchpriority=\"high\" decoding=\"async\" src=\"https:\/\/hireonlinehackers.com\/wp-content\/uploads\/2023\/09\/Social-Media-Accounts-Hack-300x200.jpg\" alt=\"Iznom\u0101t WhatsApp Hacker\" width=\"300\" height=\"200\" \/><p class=\"wp-caption-text\">Iznom\u0101t WhatsApp Hacker<\/p><\/div>\n<h2>Iznom\u0101t WhatsApp Hacker par l\u0113tu cenu<\/h2>\n<p>Kad j\u016bs iet uz balto cepuri hakeri WhatsApp hakeru saist\u012btiem pakalpojumiem,<br \/>vi\u0146i var iekas\u0113t aptuveni $500 vai varb\u016bt vair\u0101k. Bet m\u016bsu a\u0123ent\u016bra tic ilgtermi\u0146a attiec\u012bb\u0101m. Iznom\u0101t WhatsApp Hacker.<\/p>\n<p>T\u0101p\u0113c m\u016bsu a\u0123ent\u016bra pied\u0101v\u0101 profesion\u0101lu balto cepuri WhatsApp <a title=\"hakeris par \u012bri\" href=\"https:\/\/rentahacker.io\/lv\/\">hakeri <\/a><a href=\"https:\/\/allhackerforhire.com\/hire-a-hacker\/\" target=\"_blank\" rel=\"noopener\">vietn\u0113 <\/a><a title=\"hakeris par \u012bri\" href=\"https:\/\/allhackerforhire.com\/hackers-for-hire\/\" target=\"_blank\" rel=\"noopener\">noma<\/a> par \u013coti zemu cenu. J\u016bs varat sal\u012bdzin\u0101t cenas ar\u012b citos resursos.<\/p>\n<h4>Ir da\u017ei so\u013ci, pirms j\u016bs opt-in, lai WhatsApp hakeru pakalpojumiem.<\/h4>\n<ul>\n<li>Vispirms izlemiet, ko v\u0113laties.<\/li>\n<li>P\u0113c tam p\u0101rbaudiet cenas, apmekl\u0113jot <a href=\"https:\/\/rentahacker.io\/lv\/noligt-hakeru\/\" target=\"_blank\" rel=\"noopener\">. <\/a><a href=\"https:\/\/allhackerforhire.com\/\" target=\"_blank\" rel=\"noopener\">r\u012bsi<\/a> lapa.<\/li>\n<li>Izv\u0113lieties sev piem\u0113rotu komplektu.<\/li>\n<li>Nos\u016btiet mums visus savus detaliz\u0113tus jaut\u0101jumus.<\/li>\n<li>Nos\u016btiet mums e-pastu vai t\u0113rz\u0113jiet ar atbalsta dienestu.<\/li>\n<li>Ja viss ir skaidrs ar atbalsta komandu, izmantojiet \u0161o iesp\u0113ju.<\/li>\n<\/ul>\n<div>\n<h4>Profesion\u0101li hakeri sazinieties ar<\/h4>\n<\/div>\n<div>\n<div>\n<p><span data-preserver-spaces=\"true\">Whatsapp ir bezmaksas zi\u0146apmai\u0146as lietotne viedt\u0101lru\u0146iem, kas pa\u0161laik pieder Facebook. T\u0101 ir viena no liel\u0101kaj\u0101m<br \/>tie\u0161saistes soci\u0101lo mediju platformas. Galvenais iemesls, k\u0101p\u0113c WhatsApp ir tik<br \/>popul\u0101rs ir pateicoties starptautiskajam lietot\u0101ju lokam. Saskarne ir vienk\u0101r\u0161a<br \/>saprast, un lietot\u0101ju ir vair\u0101k nek\u0101 2 miljardi. WhatsApp konta Hacker for Hire.<\/span><\/p>\n<h3>WhatsApp konta hakeris noma<\/h3>\n<p><span data-preserver-spaces=\"true\">Neatkar\u012bgi no t\u0101, vai tas ir personiskai lieto\u0161anai vai uz\u0146\u0113m\u0113jdarb\u012bbas vajadz\u012bb\u0101m, lietot\u0101ji j\u016btas \u0113rt\u0101k, nododot inform\u0101ciju, izmantojot WhatsApp. \u0160ifr\u0113t\u0101 zi\u0146ojumapmai\u0146a no gala l\u012bdz galam ir padar\u012bjusi to popul\u0101r\u0101ku un p\u0101rliecin\u0101jusi lietot\u0101jus to izmantot. Tom\u0113r WhatsApp uzlau\u0161anas triki ir iesp\u0113jami ar pietiekam\u0101m zin\u0101\u0161an\u0101m. Iesp\u0113jamie hakeru triki \u013caus jums ieg\u016bt piek\u013cuvi k\u0101da lietot\u0101ja kontam.  Kur nol\u012bgt hakeru WhatsApp.<br \/><\/span><\/p>\n<h4><span data-preserver-spaces=\"true\">M\u0113s apspried\u012bsim, k\u0101 hakeru<\/span><\/h4>\n<p><span data-preserver-spaces=\"true\">Whatsapp kontus, izmantojot \u0113tisko hakeru p\u0101r\u0113j\u0101 rakst\u0101. \u0112tiska hakeru uzlau\u0161ana ir dro\u0161a pieeja, kur j\u016bs uzzin\u0101t sist\u0113mas tr\u016bkumus, lai palielin\u0101tu dro\u0161\u012bbu. M\u0113s ar\u012b apspried\u012bsim, k\u0101 nol\u012bgt hakeru WhatsApp tie\u0161saist\u0113, lai k\u0101du izspiegotu. Ja esat noba\u017e\u012bjies vec\u0101ks, kur\u0161 v\u0113las uzraudz\u012bt savus b\u0113rnus, vai priek\u0161nieks, kur\u0161 v\u0113las p\u0101rbaud\u012bt darbiniekus, tad ir svar\u012bgi zin\u0101t WhatsApp kr\u0101p\u0161anas trikus. <\/span>Profesion\u0101li hakeri sazinieties ar.<\/p>\n<h2><strong><span data-preserver-spaces=\"true\">K\u0101 sinhroniz\u0113t ier\u012bci ar t\u012bmek\u013ca p\u0101rl\u016bkprogrammu, izmantojot QR kodu k\u0101 WhatsApp Datorur\u0137\u0113\u0161ana triki.<\/span><\/strong><\/h2>\n<p><span data-preserver-spaces=\"true\">\u0160\u012b metode ir diezgan vienk\u0101r\u0161a, un viss, kas jums ir nepiecie\u0161ams, ir ieg\u016bt m\u0113r\u0137a lietot\u0101ja mobilo t\u0101lruni. Tikl\u012bdz jums ir upura mobilais t\u0101lrunis, viss ir gatavs darbam. Mums ir j\u0101izmanto \"WhatsApp Web pakalpojums, lai g\u016btu labumu. Ja v\u0113laties izmantot \u0161o pakalpojumu, dodieties uz \"<\/span><a href=\"https:\/\/web.whatsapp.com\" target=\"_blank\" rel=\"noopener\"><span data-preserver-spaces=\"true\">https:\/\/web.whatsapp.com<\/span><\/a><span data-preserver-spaces=\"true\">\" dator\u0101. Ja v\u0113laties izmantot mobilo ier\u012bci, jums ir j\u0101instal\u0113<br \/>lietotni ar nosaukumu \"Whatsapp Web\". Tagad galvenais process ir \u0161\u0101ds-<\/span><\/p>\n<ol>\n<li><span data-preserver-spaces=\"true\">Atveriet modeli, kuram v\u0113laties piek\u013c\u016bt zi\u0146ojumiem - varat izmantot datoru vai mobilo ier\u012bci.<\/span><\/li>\n<li><span data-preserver-spaces=\"true\">Lai tam piek\u013c\u016btu no datora, atveriet t\u012bmek\u013ca p\u0101rl\u016bkprogrammas, ievadot \"<\/span><a href=\"https:\/\/web.whatsapp.com\" target=\"_blank\" rel=\"noopener\"><span data-preserver-spaces=\"true\">https:\/\/web.whatsapp.com<\/span><\/a><span data-preserver-spaces=\"true\">.\"<br \/>Jums tiks l\u016bgts sken\u0113t vietn\u0113 nor\u0101d\u012bto QR kodu. P\u0113c sken\u0113\u0161anas<br \/>no cietu\u0161\u0101 mobil\u0101 t\u0101lru\u0146a, atz\u012bm\u0113jiet opciju \"Saglab\u0101t mani pierakst\u012btu\".<br \/>in.\"<\/span><\/li>\n<li><span data-preserver-spaces=\"true\">Mobilajiem lietot\u0101jiem atveriet \"WhatsApp Web lietotni.<\/span><\/li>\n<li><span data-preserver-spaces=\"true\">Sken\u0113jiet QR kodu no cietu\u0161\u0101 ier\u012bces mobil\u0101s lietotnes p\u0113c - WhatsApp Izv\u0113lne-&gt;WhatsApp Web.<\/span><\/li>\n<\/ol>\n<p><span data-preserver-spaces=\"true\">Tagad, kad esat pieteicies, jums b\u016bs pieejami visi zi\u0146ojumi un faili. Tom\u0113r dz\u0113st\u0101 saruna vai teksts netiks par\u0101d\u012bts lietot\u0101ja saskarn\u0113. Svar\u012bg\u0101k\u0101 piez\u012bme par \u0161o metodi ir t\u0101, lai b\u016btu m\u0113r\u0137a lietot\u0101ja mobil\u0101 ier\u012bce. \u0160\u012b metode neb\u016bs veiksm\u012bga, ja upura mobil\u0101 ier\u012bce neb\u016bs pie jums.<\/span><\/p>\n<h2><strong><span data-preserver-spaces=\"true\">K\u0101 Hack WhatsApp sarunas, izmantojot WSP 3.0<\/span><\/strong><\/h2>\n<p><span data-preserver-spaces=\"true\">Izmantojot \u0161o metodi, j\u016bs redz\u0113siet visas t\u0113rz\u0113\u0161anas un sarunas no m\u0113r\u0137a lietot\u0101ja. Jums ir j\u0101izmanto<br \/>WhatsApp Scan Pro (WSP). J\u016bs varat lejupiel\u0101d\u0113t APK failu, kas ir pieejams tie\u0161saist\u0113. WSP darbojas k\u0101 \u013caunpr\u0101t\u012bga programmat\u016bra. Tas satur v\u012brusu, kas pievienots kop\u0101 ar fotoatt\u0113lu, kuru gatavojaties nos\u016bt\u012bt m\u0113r\u0137lietot\u0101jam.<\/span><\/p>\n<p><span data-preserver-spaces=\"true\">Ja upuris nok\u013c\u016bst lamat\u0101s, vi\u0146\u0161 vai vi\u0146a noklik\u0161\u0137ina uz nos\u016bt\u012bt\u0101s fotogr\u0101fijas. T\u0101p\u0113c ir j\u0101nos\u016bta fotogr\u0101fija, kas intri\u0123\u0113 upuri, lai uzklik\u0161\u0137in\u0101tu uz t\u0101s. Kad cietu\u0161ais atver fotoatt\u0113lu, v\u012bruss autom\u0101tiski iedarbojas ier\u012bc\u0113.<\/span><\/p>\n<h4><span data-preserver-spaces=\"true\">\u0100r\u0161tata hakeri iznom\u0101\u0161anai<br \/><\/span><\/h4>\n<p><span data-preserver-spaces=\"true\">\u00a0WSP pal\u012bdz blo\u0137\u0113t aizmugur\u0113jo durvju darb\u012bbas sist\u0113m\u0101 un izveidot savienojumu ar hakeru. Kad hakeris ieg\u016bst piek\u013cuvi, QR kodi tiek sken\u0113ti no m\u0113r\u0137a mobil\u0101 zi\u0146ot\u0101ja.<\/span><\/p>\n<p><span data-preserver-spaces=\"true\">Kods tiek main\u012bts ik p\u0113c 10 sekund\u0113m. Tom\u0113r hakeris var nep\u0101rtraukti uzraudz\u012bt procesu. Hakeris<br \/>ieg\u016bst piek\u013cuvi upura sesijai uzreiz p\u0113c tam, kad savienojums ir<br \/>izveidots.\u00a0<\/span><\/p>\n<p><span data-preserver-spaces=\"true\">J\u0101atceras, ka interneta savienojumam j\u0101b\u016bt stabilam un \u0101tram.<\/span><\/p>\n<h4><strong><span data-preserver-spaces=\"true\">K\u0101 Hack WhatsApp, eksport\u0113jot t\u0113rz\u0113\u0161anas v\u0113sturi\u00a0\u00a0<\/span><\/strong><\/h4>\n<p><span data-preserver-spaces=\"true\">\u0160is ir \u0101tr\u0101kais veids, k\u0101 uzlauzt<br \/>M\u0113r\u0137a lietot\u0101ja WhatsApp. \u0160is WhatsApp hakeru triks WhatsApp ir diezgan l\u012bdz\u012bgs pirmajai rakst\u0101 min\u0113tajai metodei. Process ir \u0161\u0101ds-<\/span><\/p>\n<ol>\n<li><span data-preserver-spaces=\"true\">Pa\u0146emiet upura mobilo ier\u012bci un atveriet WhatsApp programmu.<\/span><\/li>\n<li><span data-preserver-spaces=\"true\">Noklik\u0161\u0137iniet uz ikonas Izv\u0113lne. \u0160\u012b ikona ir tr\u012bs vertik\u0101li punkti\u0146i lietotnes interfeisa aug\u0161pus\u0113.<\/span><\/li>\n<li><span data-preserver-spaces=\"true\">Tagad noklik\u0161\u0137iniet uz Iestat\u012bjumi -&gt; T\u0113rz\u0113\u0161anas -&gt; T\u0113rz\u0113\u0161anas v\u0113sture -&gt; Eksport\u0113t t\u0113rz\u0113\u0161anu ( ar vai bez multivides v\u0113stures, k\u0101 v\u0113laties).<\/span><\/li>\n<li><span data-preserver-spaces=\"true\">Atveriet Gmail un ievadiet e-pasta adresi, kuru v\u0113laties nos\u016bt\u012bt.\u00a0<\/span><\/li>\n<li><span data-preserver-spaces=\"true\">Noklik\u0161\u0137iniet uz Eksport\u0113t\u00a0<\/span><\/li>\n<\/ol>\n<p><span data-preserver-spaces=\"true\">Faili (teksta form\u0101t\u0101), tostarp multivides fails (ja izv\u0113l\u0113ts), tiks aug\u0161upiel\u0101d\u0113ti pa pastu. Nospiediet \"S\u016bt\u012bt\", lai pabeigtu uzdevumu. Failu varat pa\u0146emt no pasta tagad vai v\u0113l\u0101k.\u00a0<\/span><\/p>\n<p>Uzzin\u0101t vair\u0101k triku par - Iznom\u0101t \u0112tikas Hacker, lai Hack WhatsApp kontu.<\/p>\n<h5><strong><span data-preserver-spaces=\"true\">K\u0101 nol\u012bgt hakeri par Datorur\u0137\u0113\u0161ana WhatsApp kontu\u00a0<\/span><\/strong><\/h5>\n<p><span data-preserver-spaces=\"true\">Nav ieteicams nol\u012bgt hakeru, lai uzlauztu k\u0101da WhatsApp kontu. Galvenais iemesls ir tas, ka daudzi<br \/>reiz\u0113m t\u0101 var b\u016bt kr\u0101p\u0161ana. Daudzi cilv\u0113ki ir s\u016bdz\u0113ju\u0161ies par to, ka nav sa\u0146\u0113mu\u0161i pakalpojumu, lai gan no vi\u0146iem tika iekas\u0113ta pilna summa. Izv\u0113loties \u0161o iesp\u0113ju, j\u016bs varat izmantot \u012bs\u0101ko ce\u013cu, jo jums nav j\u0101iesaist\u0101s hakeru uzlau\u0161anas proces\u0101. Ta\u010du ar\u012b risks ir augsts.<\/span><\/p>\n<p><span data-preserver-spaces=\"true\">Da\u017eas vietnes iekas\u0113 iev\u0113rojamu summu, ja nav garantijas, ka netiksiet apkr\u0101pti. Veikt<br \/>pakalpojumu, \u0146emot v\u0113r\u0101 visus iesp\u0113jamos riskus. Bet legit hakeru<br \/>vietnes var veikt darbu j\u016bsu viet\u0101 bez kr\u0101p\u0161anas.<\/span><\/p>\n<p><span data-preserver-spaces=\"true\">\u00a0Ja esat p\u0101rliecin\u0101ts, ka v\u0113laties nol\u012bgt hakeru, sekojiet \u0161ai saitei un sazinieties ar: <\/span><a href=\"https:\/\/rentahacker.io\/lv\/\" target=\"_blank\" rel=\"noopener\">Rentahacker.io<\/a><span data-preserver-spaces=\"true\"> \u0160eit j\u016bs sa\u0146emsiet v\u0113lamo pakalpojumu, k\u0101 sol\u012bts, lai gan maksa neb\u016bs l\u0113ta.\u00a0<\/span><\/p>\n<h4><span data-preserver-spaces=\"true\">Tie ir \u0161\u0101di WhatsApp<\/span><\/h4>\n<p><span data-preserver-spaces=\"true\">Datorur\u0137\u0113\u0161anas triki, kurus varat izm\u0113\u0123in\u0101t pa\u0161i. Ieteicams \u0161\u012bs metodes neizmantot nek\u0101d\u0101m nelikum\u012bg\u0101m darb\u012bb\u0101m. Dr\u012bz\u0101k izmantojiet \u0161o inform\u0101ciju k\u0101 piesardz\u012bbas pas\u0101kumu, ko varat \u012bstenot, lai palielin\u0101tu sava konta dro\u0161\u012bbu. Ta\u010du, ja jums ir aizdomas par k\u0101du paz\u012bstamu personu, kas var\u0113tu b\u016bt iesaist\u012bta nelikum\u012bg\u0101s darb\u012bb\u0101s. Tad izmantojiet \u0161\u012bs metodes, lai vi\u0146u izspiegotu un izsekotu vi\u0146a darb\u012bbas.<\/span><\/p>\n<\/div>\n<\/div>\n<\/div>\n<\/div>\n<h3>Whatsapp Hack Online<\/h3>\n<p>Vai j\u016bs mekl\u0113jat, lai banaliz\u0113t savu draugu vai draudzenes WhatsApp zi\u0146as, audio, un video tie\u0161saist\u0113? Ja j\u0101, tad j\u016bs esat \u012bstaj\u0101 viet\u0101 J\u016bs varat kap\u0101t jebkuru radinieku vai draugu WhatsApp zi\u0146ojumus \u0161eit, un galven\u0101 da\u013ca no t\u0101 ir, ka j\u016bs varat to dar\u012bt bez maksas. T\u0101tad tagad m\u0113s redz\u0113sim, k\u0101 m\u0113s varam uzlauzt WhatsApp tie\u0161saist\u0113 un k\u0101 m\u0113s varam izsp\u0113l\u0113t m\u016bsu draugus un radiniekus, par\u0101dot vi\u0146iem savus zi\u0146ojumus. \u0145emiet v\u0113r\u0101, ka tas ir premium r\u012bks, bet ir pieejams bez maksas m\u016bsu vietn\u0113, lai j\u016bs var\u0113tu baud\u012bt m\u016bsu bezmaksas pakalpojumu. Freelance hakeri noma.<\/p>\n<h4>So\u013ci K\u0101 m\u0113s varam kap\u0101t WhatsApp tie\u0161saist\u0113?<\/h4>\n<p>M\u016bsu vietnes aug\u0161pus\u0113 ir pieejamas 3 opcijas, kuras ir oblig\u0101ti j\u0101aizpilda.<\/p>\n<p>\u00a0\u00a0\u00a0 Pirmaj\u0101 slej\u0101 ievadiet t\u0101lru\u0146a numuru, uz kura v\u0113laties uzlauzt upura t\u0101lru\u0146a numuru (ar valsts kodu.)<br \/>\u00a0\u00a0\u00a0 Otraj\u0101 slej\u0101 izv\u0113lieties, ko v\u0113laties kap\u0101t Ir pieejamas 4 opcijas zi\u0146ojumi, audio, videoklipi un visi dati, varat izv\u0113l\u0113ties jebkuru 1 opciju no \u0161\u012bm \u010detr\u0101m. WhatsApp konta Hacker par noma.<\/p>\n<h4><span tabindex=\"0\" role=\"textbox\" contenteditable=\"true\" data-placeholder=\"Example: Rank Math SEO\" aria-placeholder=\"Example: Rank Math SEO\" aria-autocomplete=\"both\" aria-multiline=\"false\">Iznom\u0101t WhatsApp Hacker Online<\/span><\/h4>\n<p>\u00a0\u00a0\u00a0 Tre\u0161aj\u0101 slej\u0101 izv\u0113lieties, kur v\u0113laties redz\u0113t uzlauzti dati Ir pieejamas 2 iesp\u0113jas to tie\u0161saist\u0113 vai lejupiel\u0101d\u0113t k\u0101 zip, lai par\u0101d\u012btu bezsaist\u0113. \u0160aj\u0101 slej\u0101 varat izv\u0113l\u0113ties jebkuru no iesp\u0113j\u0101m.<\/p>\n<p>\u00a0\u00a0\u00a0 P\u0113c tam, kad aizpild\u012bt visu inform\u0101ciju, noklik\u0161\u0137iniet uz pogas Hack Tagad un n\u0101kamais progress tiks dar\u012bts ar m\u016bsu sist\u0113mu. Tas rad\u012bs hash kodus un p\u0101rbaud\u012bt WhatsApp datu b\u0101zi, un tad tas par\u0101d\u012bs jums hacked rezult\u0101tu.<br \/>\u00a0\u00a0\u00a0 P\u0113d\u0113jais solis ir lejupiel\u0101d\u0113t vai redz\u0113t hacked failus \u0161aj\u0101 sol\u012b j\u016bs kap\u0101t, lai pier\u0101d\u012btu, ka esat cilv\u0113ks, nevis robots tikai pier\u0101d\u012bt, ka, aizpildot vienk\u0101r\u0161u pied\u0101v\u0101jumu. WhatsApp konta Hacker par \u012bres<a href=\"https:\/\/duckduckgo.com\/\" target=\"_blank\" rel=\"noopener\">.<\/a><\/p>\n<h4>Iznom\u0101t k\u0101du, lai uzlauztu WhatsApp kontu<\/h4>\n<p>Wow tagad jums ir piek\u013cuve j\u016bsu hacked datiem J\u016bs varat redz\u0113t zi\u0146as, audio, un video tie\u0161saist\u0113 vai bezsaist\u0113 bez maksas. V\u0113l viens, l\u016bdzu, pal\u012bdziet m\u016bsu vietnei, daloties Facebook Google Plus un cit\u0101s soci\u0101lo mediju vietn\u0113s. Piez\u012bme - j\u016bs varat uzlauzt tikai vienu numuru no viena IP. Zem\u0101k att\u0113l\u0101 varat redz\u0113t uzlauztu pier\u0101d\u012bjumu. ENJOY!! WhatsApp konta Hacker par nomu.<\/p>\n<p><img decoding=\"async\" data-src=\"https:\/\/hireonlinehackers.com\/wp-content\/uploads\/2023\/01\/5-star-300x158.jpg\" alt=\"Profesion\u0101lu hakeru \u012bres pakalpojumi\" width=\"36\" height=\"19\" src=\"data:image\/svg+xml;base64,PHN2ZyB3aWR0aD0iMSIgaGVpZ2h0PSIxIiB4bWxucz0iaHR0cDovL3d3dy53My5vcmcvMjAwMC9zdmciPjwvc3ZnPg==\" class=\"lazyload\" style=\"--smush-placeholder-width: 36px; --smush-placeholder-aspect-ratio: 36\/19;\" \/><\/p>\n<\/div>\n<\/div>\n<p><!-- \/wp:paragraph --><!-- wp:heading --><!-- \/wp:paragraph --><\/p>\t\t\t\t\t\t\t\t<\/div>\n\t\t\t\t<\/div>\n\t\t\t\t\t<\/div>\n\t\t<\/div>\n\t\t\t\t\t<\/div>\n\t\t<\/section>\n\t\t\t\t<section class=\"elementor-section elementor-top-section elementor-element elementor-element-da4e662 elementor-section-boxed elementor-section-height-default elementor-section-height-default default-style\" data-id=\"da4e662\" data-element_type=\"section\" data-settings=\"{&quot;rt_color_sets&quot;:&quot;default-style&quot;}\">\n\t\t\t\t\t\t<div class=\"elementor-container elementor-column-gap-default\">\n\t\t\t\t\t<div class=\"elementor-column elementor-col-50 elementor-top-column elementor-element elementor-element-db924fe\" data-id=\"db924fe\" data-element_type=\"column\">\n\t\t\t<div class=\"elementor-widget-wrap elementor-element-populated\">\n\t\t\t\t\t\t<div class=\"elementor-element elementor-element-0485719 elementor-widget elementor-widget-image\" data-id=\"0485719\" data-element_type=\"widget\" data-widget_type=\"image.default\">\n\t\t\t\t<div class=\"elementor-widget-container\">\n\t\t\t\t\t\t\t\t\t\t\t\t\t\t\t<img decoding=\"async\" width=\"768\" height=\"288\" data-src=\"https:\/\/rentahacker.io\/wp-content\/uploads\/2022\/11\/Buy-Registered-Documents.jpg\" class=\"attachment-large size-large wp-image-4545 lazyload\" alt=\"Noma Dark Web hakeri\" data-srcset=\"https:\/\/rentahacker.io\/wp-content\/uploads\/2022\/11\/Buy-Registered-Documents.jpg 768w, https:\/\/rentahacker.io\/wp-content\/uploads\/2022\/11\/Buy-Registered-Documents-300x113.jpg 300w, https:\/\/rentahacker.io\/wp-content\/uploads\/2022\/11\/Buy-Registered-Documents-600x225.jpg 600w\" data-sizes=\"(max-width: 768px) 100vw, 768px\" src=\"data:image\/svg+xml;base64,PHN2ZyB3aWR0aD0iMSIgaGVpZ2h0PSIxIiB4bWxucz0iaHR0cDovL3d3dy53My5vcmcvMjAwMC9zdmciPjwvc3ZnPg==\" style=\"--smush-placeholder-width: 768px; --smush-placeholder-aspect-ratio: 768\/288;\" \/>\t\t\t\t\t\t\t\t\t\t\t\t\t\t\t<\/div>\n\t\t\t\t<\/div>\n\t\t\t\t\t<\/div>\n\t\t<\/div>\n\t\t\t\t<div class=\"elementor-column elementor-col-50 elementor-top-column elementor-element elementor-element-bff131d\" data-id=\"bff131d\" data-element_type=\"column\">\n\t\t\t<div class=\"elementor-widget-wrap elementor-element-populated\">\n\t\t\t\t\t\t<div class=\"elementor-element elementor-element-db6bcbe elementor-widget elementor-widget-heading\" data-id=\"db6bcbe\" data-element_type=\"widget\" data-widget_type=\"heading.default\">\n\t\t\t\t<div class=\"elementor-widget-container\">\n\t\t\t\t\t<h2 class=\"elementor-heading-title elementor-size-default\"><span class=\"tagify__tag-text\">Noma Dark Web hakeri<\/span><\/h2>\t\t\t\t<\/div>\n\t\t\t\t<\/div>\n\t\t\t\t\t<\/div>\n\t\t<\/div>\n\t\t\t\t\t<\/div>\n\t\t<\/section>\n\t\t\t\t<\/div>","protected":false},"excerpt":{"rendered":"<p>Iznom\u0101t WhatsApp Hacker Whatsapp hacker \u012bres pakalpojums ir pieejams par sapr\u0101t\u012bg\u0101m cen\u0101m k\u0101 standalone WhatsApp banaliz\u0113t pakalpojumu, k\u0101 ar\u012b da\u013ca no t\u0101lru\u0146a hakeru pakalpojumu, kas nodro\u0161ina piek\u013cuvi WhatsApp, k\u0101 ar\u012b. M\u016bsu cenas ir vienas no lab\u0101kaj\u0101m nozar\u0113, un j\u016bs varat b\u016bt p\u0101rliecin\u0101ti par 100% konfidencialit\u0101ti un [...]<\/p>","protected":false},"author":1,"featured_media":4986,"parent":0,"menu_order":0,"comment_status":"closed","ping_status":"open","template":"","meta":{"footnotes":""},"class_list":["post-4991","page","type-page","status-publish","has-post-thumbnail","hentry"],"_links":{"self":[{"href":"https:\/\/rentahacker.io\/lv\/wp-json\/wp\/v2\/pages\/4991","targetHints":{"allow":["GET"]}}],"collection":[{"href":"https:\/\/rentahacker.io\/lv\/wp-json\/wp\/v2\/pages"}],"about":[{"href":"https:\/\/rentahacker.io\/lv\/wp-json\/wp\/v2\/types\/page"}],"author":[{"embeddable":true,"href":"https:\/\/rentahacker.io\/lv\/wp-json\/wp\/v2\/users\/1"}],"replies":[{"embeddable":true,"href":"https:\/\/rentahacker.io\/lv\/wp-json\/wp\/v2\/comments?post=4991"}],"version-history":[{"count":19,"href":"https:\/\/rentahacker.io\/lv\/wp-json\/wp\/v2\/pages\/4991\/revisions"}],"predecessor-version":[{"id":5815,"href":"https:\/\/rentahacker.io\/lv\/wp-json\/wp\/v2\/pages\/4991\/revisions\/5815"}],"wp:featuredmedia":[{"embeddable":true,"href":"https:\/\/rentahacker.io\/lv\/wp-json\/wp\/v2\/media\/4986"}],"wp:attachment":[{"href":"https:\/\/rentahacker.io\/lv\/wp-json\/wp\/v2\/media?parent=4991"}],"curies":[{"name":"wp","href":"https:\/\/api.w.org\/{rel}","templated":true}]}}