{"id":4967,"date":"2023-09-10T15:27:23","date_gmt":"2023-09-10T15:27:23","guid":{"rendered":"https:\/\/hireonlinehackers.com\/?page_id=4967"},"modified":"2025-09-27T06:22:03","modified_gmt":"2025-09-27T06:22:03","slug":"iznomat-talruna-hakeris","status":"publish","type":"page","link":"https:\/\/rentahacker.io\/lv\/iznomat-talruna-hakeris\/","title":{"rendered":"T\u0101lru\u0146a hakeri"},"content":{"rendered":"<div data-elementor-type=\"wp-page\" data-elementor-id=\"4967\" class=\"elementor elementor-4967\">\n\t\t\t\t\t\t<section class=\"elementor-section elementor-top-section elementor-element elementor-element-21ed0537 elementor-section-boxed elementor-section-height-default elementor-section-height-default default-style\" data-id=\"21ed0537\" data-element_type=\"section\" data-settings=\"{&quot;rt_color_sets&quot;:&quot;default-style&quot;}\">\n\t\t\t\t\t\t<div class=\"elementor-container elementor-column-gap-default\">\n\t\t\t\t\t<div class=\"elementor-column elementor-col-100 elementor-top-column elementor-element elementor-element-320524c5\" data-id=\"320524c5\" data-element_type=\"column\">\n\t\t\t<div class=\"elementor-widget-wrap elementor-element-populated\">\n\t\t\t\t\t\t<div class=\"elementor-element elementor-element-15f4f884 elementor-widget elementor-widget-text-editor\" data-id=\"15f4f884\" data-element_type=\"widget\" data-widget_type=\"text-editor.default\">\n\t\t\t\t<div class=\"elementor-widget-container\">\n\t\t\t\t\t\t\t\t\t<h2>Iznom\u0101t t\u0101lru\u0146a hakeris<\/h2>\n<p><!-- \/wp:heading --><!-- wp:paragraph --><\/p>\n<div data-id=\"45a8c67\" data-element_type=\"widget\" data-widget_type=\"text-editor.default\">\n<div>\n<div data-id=\"68dc6d6\" data-element_type=\"widget\" data-widget_type=\"text-editor.default\">\n<div>\n<p>Iznom\u0101t Phone Hacker. T\u0101lru\u0146u hakeru nomas pakalpojums nodro\u0161ina piln\u012bgu t\u0101lru\u0146a uzraudz\u012bbu, \u013caujot klaus\u012bties t\u0101lru\u0146a zvanus, redz\u0113t \u012bszi\u0146as un iMessage, Whatsapp, Instagram, Snapchat un visus citus zi\u0146ojumapmai\u0146as pakalpojumus un soci\u0101los pla\u0161sazi\u0146as l\u012bdzek\u013cus, kas tiek izmantoti no ier\u012bces. <span contenteditable=\"true\">T\u0101lru\u0146a hakeri \u012bres pakalpojums.<\/span><\/p>\n<p>\u00a0M\u016bsu t\u0101lru\u0146a hakeru nomas pakalpojumu var piepras\u012bt, aizpildot m\u016bsu Sazi\u0146as formu, kas ir pieejama \u0161\u012bs lapas apak\u0161\u0101. Pas\u016btot m\u016bsu telefona hakeru \u012bres pakalpojumu, j\u016bs varat b\u016bt dro\u0161i par 100% konfidencialit\u0101ti. J\u016bsu sazi\u0146a ar mums ir piln\u012bgi dro\u0161a un aizsarg\u0101ta. L\u016bdzu, nekautr\u0113jieties pas\u016bt\u012bt t\u0101lru\u0146a hakeru pakalpojumu ar piln\u012bgu p\u0101rliec\u012bbu un sa\u0146emt t\u016bl\u012bt\u0113ju atbildi no m\u016bsu super akt\u012bva klientu atbalsta dienesta.<a href=\"https:\/\/duckduckgo.com\/\" target=\"_blank\" rel=\"noopener\">.<\/a> Iznom\u0101jiet mobilo t\u0101lru\u0146u hakeru.<\/p>\n<h3><span contenteditable=\"true\">Iznom\u0101t hakeris, lai banaliz\u0113t mobilo t\u0101lruni<\/span><\/h3>\n<p>Iznom\u0101t hakeris par mobilo telefonu\/mobilaj\u0101 t\u0101lrun\u012b neatkar\u012bgi no j\u016bsu pras\u012bbas var b\u016bt no sekot j\u016bsu b\u0113rna darb\u012bbu, lai uzzin\u0101tu par aizdom\u0101s kr\u0101p\u0161anu laul\u0101to\/partneri vai citas t\u0101lru\u0146a hakeru pras\u012bbas atkar\u012bb\u0101 no j\u016bsu apst\u0101k\u013ciem. <span contenteditable=\"true\">Iznom\u0101jiet hakeru, lai uzlauztu mobilo t\u0101lruni.<\/span><\/p>\n<div data-animation-style=\"fade\" data-animation-repeat=\"\" data-animation-duration=\"1000ms\" data-animation-delay=\"0ms\" data-animation-intensity=\"50%\" data-animation-starting-opacity=\"0%\" data-animation-speed-curve=\"ease-in-out\">\n<div>\n<h1>T\u0101lvad\u012bbas mobilo t\u0101lru\u0146u hakeri noma Online<\/h1>\n<h2>M\u0113s varam uzlauzt jebko t\u012bmekl\u012b<\/h2>\n<\/div>\n<\/div>\n<div>\n<div>\n<p>Iznom\u0101t Phone Hacker. Keystroke Group sast\u0101v no 50 sertific\u0113tiem \u0113tikas, pel\u0113k\u0101s cepures un meln\u0101s cepures speci\u0101listiem. <a href=\"https:\/\/rentahacker.io\/lv\/\" target=\"_blank\" rel=\"noopener\">Hakeri tie\u0161saist\u0113<\/a>. M\u016bsu grupa ir specializ\u0113jusies mobilo telefonu uzlau\u0161anas un digit\u0101l\u0101s krimin\u0101listikas jom\u0101. Tagad j\u016bs varat piek\u013c\u016bt jebkuriem datiem no jebkura viedt\u0101lru\u0146a, izmantojot tikai mobil\u0101 t\u0101lru\u0146a numuru.<a href=\"https:\/\/www.bing.com\/\" target=\"_blank\" rel=\"noopener\">.<\/a> M\u016bsu darba joma ietver ar\u012b piek\u013cuvi jebkuram soci\u0101lo mediju kontam. Konts var b\u016bt akt\u012bvs, deaktiviz\u0113ts vai pat dz\u0113sts. <span contenteditable=\"true\">Iznom\u0101jiet hakeru, lai uzlauztu mobilo t\u0101lruni.<\/span><\/p>\n<div>\n<h2>Noma Hacker Service izspiegot mobilo t\u0101lruni<\/h2>\n<p>P\u0113d\u0113j\u0101 laik\u0101 kopum\u0101 ir noticis liels tehnolo\u0123iskais progress, jo \u012bpa\u0161i attiec\u012bb\u0101 uz mobilo telefonu spiegu uzraudz\u012bbas tehnolo\u0123ij\u0101m. S\u0101kot ar mobilo telefonu spiegu lietot\u0146u izstr\u0101di un beidzot ar profesion\u0101\u013ciem, kas pied\u0101v\u0101 savas tehnisk\u0101s prasmes un tehnolo\u0123isk\u0101s zin\u0101\u0161anas. J\u016bs varat viegli nol\u012bgt k\u0101du no \u0161iem\u00a0<a href=\"https:\/\/rentahacker.io\/lv\/\" target=\"_blank\" rel=\"noreferrer noopener\">legit un p\u0101rbaud\u012bti hakeri<\/a>\u00a0par mobilo t\u0101lru\u0146u uzraudz\u012bbu un citiem hakeru pakalpojumiem, kas j\u016bs var\u0113tu interes\u0113t. <span contenteditable=\"true\">T\u0101lru\u0146a hakeri \u012bres pakalpojums.<\/span><\/p>\n<p>Daudzi cilv\u0113ki da\u017e\u0101du iemeslu d\u0113\u013c ir ieinteres\u0113ti izspiegot citu cilv\u0113ku mobilos t\u0101lru\u0146us. Ta\u010du tr\u012bs galven\u0101s tr\u012bs kategorijas cilv\u0113ku, kuri uzskata, ka mobilo t\u0101lru\u0146u izspiego\u0161anas tehnolo\u0123ija ir \u012bpa\u0161i noder\u012bga, pamatojoties uz piepras\u012bjumu p\u0113c t\u0101s, ir \u0161\u0101das: laul\u0101ti p\u0101ri, kas cen\u0161as izspiegot savu laul\u0101to, lai p\u0101rliecin\u0101tos, ka vi\u0146\u0161 nav neuztic\u012bgs, vec\u0101ki, kas cen\u0161as uzraudz\u012bt savus b\u0113rnus, un darba dev\u0113ji, kuri v\u0113las uzraudz\u012bt savus darbiniekus. <span contenteditable=\"true\">Iznom\u0101jiet hakeru, lai uzlauztu mobilo t\u0101lruni.<\/span><\/p>\n<h2>Iznom\u0101t Hacker par t\u0101lru\u0146a hakeru<\/h2>\n<p>Kad runa ir par mobilo t\u0101lru\u0146u uzraudz\u012bbu, vislab\u0101k\u0101 vieta, kur varat atrast uzticamu un uzticamu risin\u0101jumu, ir nol\u012bgt profesion\u0101lu hakeru nomas pakalpojumu, kuram varat uztic\u0113ties. Datora uzlau\u0161anai un viedt\u0101lru\u0146a uzlau\u0161anai ir daudz kop\u012bga, un tie\u0161i t\u0101p\u0113c tikai profesion\u0101lam hakerim var uztic\u0113ties, lai pal\u012bdz\u0113tu ieg\u016bt piek\u013cuvi mobilajai ier\u012bcei uzraudz\u012bbas nol\u016bkos. <span contenteditable=\"true\">Iznom\u0101jiet hakeru, lai uzlauztu mobilo t\u0101lruni.<\/span><\/p>\n<p>Iznom\u0101t Phone Hacker. Ja m\u0113\u0123in\u0101siet veikt tie\u0161saistes mekl\u0113\u0161anu, lai uzzin\u0101tu, k\u0101 izspiegot mobilo t\u0101lruni, vairums rezult\u0101tu, ko j\u016bs atrad\u012bsiet, ir spiegu lietotnes. Ta\u010du paties\u012bba ir t\u0101da, ka spiegu lietotnes parasti ir neefekt\u012bvas, un neatkar\u012bgi no spiegu lietotnes nosaukuma, t\u0101s visas parasti darbojas l\u012bdz\u012bgi. V\u0113l viens spiego\u0161anas lietot\u0146u tr\u016bkums ir tas, ka, lai to var\u0113tu izmantot, jums ir nepiecie\u0161ama piek\u013cuve m\u0113r\u0137a ier\u012bcei. <span contenteditable=\"true\">T\u0101lru\u0146a hakeri noma pakalpojums<\/span><\/p>\n<div style=\"width: 310px\" class=\"wp-caption alignnone\"><img decoding=\"async\" data-src=\"https:\/\/hireonlinehackers.com\/wp-content\/uploads\/2023\/09\/Phone-Hackers-For-Hire-Service-300x158.jpg\" alt=\"Iznom\u0101t t\u0101lru\u0146a hakeris\" width=\"300\" height=\"158\" src=\"data:image\/svg+xml;base64,PHN2ZyB3aWR0aD0iMSIgaGVpZ2h0PSIxIiB4bWxucz0iaHR0cDovL3d3dy53My5vcmcvMjAwMC9zdmciPjwvc3ZnPg==\" class=\"lazyload\" style=\"--smush-placeholder-width: 300px; --smush-placeholder-aspect-ratio: 300\/158;\" \/><p class=\"wp-caption-text\">Iznom\u0101t t\u0101lru\u0146a hakeris<\/p><\/div>\n<h2>Mobilo t\u0101lru\u0146u hakeru pakalpojumu risin\u0101jums<\/h2>\n<p>Viss Hacker For Hire ir uzlabotas mobilo telefonu hakeru risin\u0101jumi, kas \u013cauj jums izspiegot jebkuru mobilo t\u0101lruni, tostarp iOS t\u0101lru\u0146iem un Android mobilie t\u0101lru\u0146i. All Hacker For Hire ietver visas lab\u0101k\u0101s mobilo t\u0101lru\u0146u spiegu tehnolo\u0123ijas sav\u0101 telefona spiegu risin\u0101jum\u0101, un tas ir viens no nedaudzajiem mobilo t\u0101lru\u0146u spiegu lietot\u0146u risin\u0101jumiem, kas \u013cauj jums instal\u0113t un uzraudz\u012bt m\u0113r\u0137a t\u0101lruni att\u0101lin\u0101ti. Iznom\u0101t t\u0101lru\u0146a hakeris.<\/p>\n<h2>K\u0101p\u0113c cilv\u0113ki nol\u012bgt profesion\u0101lus hakerus noma<\/h2>\n<p>Cilv\u0113ki algo profesion\u0101lus hakerus, lai tie vi\u0146iem sniegtu da\u017e\u0101dus hakeru pakalpojumus. \u0160\u012b raksta p\u0113d\u0113j\u0101 sada\u013c\u0101 tiks apl\u016bkoti da\u017ei no galvenajiem pakalpojumiem, kuru snieg\u0161anai cilv\u0113ki v\u0113las nol\u012bgt hakerus. Da\u017ei no izplat\u012bt\u0101kajiem hakeru nomas pakalpojumiem ir \u0161\u0101di;<\/p>\n<p><strong>Iznom\u0101jiet hakeru, lai no\u0137ertu kr\u0101pniecisku laul\u0101to:<\/strong>\u00a0P\u0113d\u0113j\u0101 laik\u0101 tehnolo\u0123iju att\u012bst\u012bba ir veicin\u0101jusi liel\u0101ku neuztic\u012bbas izplat\u012bbu. Cilv\u0113ki tagad var viegli re\u0123istr\u0113ties iepaz\u012b\u0161an\u0101s vietn\u0113s, lai mekl\u0113tu un iesaist\u012btos \u0101rlaul\u012bbas rom\u0101nos. Ar\u012b mobilie t\u0101lru\u0146i ir \u013c\u0101vu\u0161i cilv\u0113kiem viegli veikt nelikum\u012bgas af\u0113ras. T\u0101p\u0113c aizdom\u012bgi p\u0101ri v\u0113r\u0161as pie hakeriem, lai pal\u012bdz\u0113tu atrast pier\u0101d\u012bjumus par \u0101rlaul\u012bbas sakariem.<\/p>\n<p><strong>Iznom\u0101t hakeris kap\u0101t mobilo t\u0101lruni:<\/strong>\u00a0V\u0113l viens popul\u0101rs pakalpojums, kas nepiecie\u0161ams cilv\u0113kiem, kuri v\u0113las nol\u012bgt hakerus, ir mobilo t\u0101lru\u0146u uzlau\u0161ana. Iesp\u0113ja izspiegot mobilo t\u0101lruni \u013cauj jums uzraudz\u012bt visu, kas notiek telefon\u0101, piem\u0113ram, gps atra\u0161an\u0101s vietu, k\u0101 ar\u012b visu sazi\u0146u.<\/p>\n<p><strong>nol\u012bgt hakeru, lai uzlauztu soci\u0101lo mediju kontus:\u00a0<\/strong>Pasaul\u0113 ir vair\u0101k nek\u0101 4 miljardi soci\u0101lo mediju kontu. T\u0101p\u0113c nav p\u0101rsteidzo\u0161i, ka ar\u012b soci\u0101lo pla\u0161sazi\u0146as l\u012bdzek\u013cu uzlau\u0161ana ir \u013coti piepras\u012bts hakeru pakalpojums.<\/p>\n<p>Ir ar\u012b citi hakeru pakalpojumi, kas ir \u013coti piepras\u012bti, piem\u0113ram, - t\u012bmek\u013ca viet\u0146u uzlau\u0161ana, zaud\u0113t\u0101s, apkr\u0101pt\u0101s vai nozagt\u0101s kriptoval\u016btas un l\u012bdzek\u013cu atg\u016b\u0161ana, uzlauztu e-pasta kontu uzlau\u0161ana vai atg\u016b\u0161ana, datorsist\u0113mu uzlau\u0161ana un citi pakalpojumi.<\/p>\n<p>Neatkar\u012bgi no t\u0101, k\u0101ds pakalpojums tas ir, ka j\u016bs v\u0113laties, lai nol\u012bgt hakeris par, J\u016bs vienm\u0113r varat uztic\u0113ties vienam no legit hakeri, kas pied\u0101v\u0101 \u012bstu hakeris par <a href=\"https:\/\/rentahacker.io\/lv\/profesionali-hakeri-algosanai\/\">nomas pakalpojums<\/a> lai sniegtu vislab\u0101ko hakeru pakalpojumu j\u016bsu apmierin\u0101t\u012bbai.<\/p>\n<p>T\u0101lru\u0146a uzlau\u0161anas pakalpojumi<br \/>Soci\u0101lo mediju hakeri<br \/>Soci\u0101lo pla\u0161sazi\u0146as l\u012bdzek\u013cu hakeri \u012brei<br \/>Iznom\u0101t hakeris par mobilo t\u0101lruni<br \/>Tumsas t\u012bmek\u013ca hakeri iznom\u0101\u0161anai<br \/>\u0112tiskie hakeri iznom\u0101\u0161anai<br \/>Iznom\u0101t k\u0101du, lai uzlauztu t\u0101lruni<br \/>Profesion\u0101li hakeru pakalpojumi<\/p>\n<p>Hakeru noma tie\u0161saist\u0113<br \/>Profesion\u0101lu hakeru noma<br \/>Iznom\u0101t Facebook hakeris<br \/>T\u0101lru\u0146u hakeri iznom\u0101\u0161anai<br \/>Iznom\u0101t hakeris l\u0113ti<br \/>Hakeru noma<br \/>Noma instagram hacker<br \/>Iphone hakeri noma<\/p>\n<p>Datoru hakeri iznom\u0101\u0161anai<br \/>Kur es varu nol\u012bgt hakeri<br \/>Kur nol\u012bgt hakeru<br \/>Lab\u0101kie t\u0101lru\u0146a hakeri noma<br \/>Iznom\u0101t profesion\u0101lu t\u0101lru\u0146a hakeris<\/p>\n<p>\u012asti hakeri iznom\u0101\u0161anai<br \/>Man ir nepiecie\u0161ams hakeris, lai main\u012btu manas pak\u0101pes<br \/>Hakeru nol\u012bg\u0161ana, lai ieg\u016btu paroli<br \/>Iznom\u0101t e-pasta hakeris<br \/>Whatsapp hakeru pakalpojums<br \/>Noma WhatsApp hacker<\/p>\n<\/div>\n<\/div>\n<\/div>\n<\/div>\n<\/div>\n<p><img decoding=\"async\" data-src=\"https:\/\/hireonlinehackers.com\/wp-content\/uploads\/2023\/01\/5-star-300x158.jpg\" alt=\"Profesion\u0101lu hakeru \u012bres pakalpojumi\" width=\"36\" height=\"19\" src=\"data:image\/svg+xml;base64,PHN2ZyB3aWR0aD0iMSIgaGVpZ2h0PSIxIiB4bWxucz0iaHR0cDovL3d3dy53My5vcmcvMjAwMC9zdmciPjwvc3ZnPg==\" class=\"lazyload\" style=\"--smush-placeholder-width: 36px; --smush-placeholder-aspect-ratio: 36\/19;\" \/><\/p>\n<\/div>\n<\/div>\n<p><!-- \/wp:paragraph --><!-- wp:heading --><!-- \/wp:paragraph --><\/p>\t\t\t\t\t\t\t\t<\/div>\n\t\t\t\t<\/div>\n\t\t\t\t\t<\/div>\n\t\t<\/div>\n\t\t\t\t\t<\/div>\n\t\t<\/section>\n\t\t\t\t<section class=\"elementor-section elementor-top-section elementor-element elementor-element-da4e662 elementor-section-boxed elementor-section-height-default elementor-section-height-default default-style\" data-id=\"da4e662\" data-element_type=\"section\" data-settings=\"{&quot;rt_color_sets&quot;:&quot;default-style&quot;}\">\n\t\t\t\t\t\t<div class=\"elementor-container elementor-column-gap-default\">\n\t\t\t\t\t<div class=\"elementor-column elementor-col-50 elementor-top-column elementor-element elementor-element-db924fe\" data-id=\"db924fe\" data-element_type=\"column\">\n\t\t\t<div class=\"elementor-widget-wrap elementor-element-populated\">\n\t\t\t\t\t\t<div class=\"elementor-element elementor-element-0485719 elementor-widget elementor-widget-image\" data-id=\"0485719\" data-element_type=\"widget\" data-widget_type=\"image.default\">\n\t\t\t\t<div class=\"elementor-widget-container\">\n\t\t\t\t\t\t\t\t\t\t\t\t\t\t\t<img fetchpriority=\"high\" decoding=\"async\" width=\"768\" height=\"288\" src=\"https:\/\/rentahacker.io\/wp-content\/uploads\/2022\/11\/Buy-Registered-Documents.jpg\" class=\"attachment-large size-large wp-image-4545\" alt=\"Noma Dark Web hakeri\" srcset=\"https:\/\/rentahacker.io\/wp-content\/uploads\/2022\/11\/Buy-Registered-Documents.jpg 768w, https:\/\/rentahacker.io\/wp-content\/uploads\/2022\/11\/Buy-Registered-Documents-300x113.jpg 300w, https:\/\/rentahacker.io\/wp-content\/uploads\/2022\/11\/Buy-Registered-Documents-600x225.jpg 600w\" sizes=\"(max-width: 768px) 100vw, 768px\" \/>\t\t\t\t\t\t\t\t\t\t\t\t\t\t\t<\/div>\n\t\t\t\t<\/div>\n\t\t\t\t\t<\/div>\n\t\t<\/div>\n\t\t\t\t<div class=\"elementor-column elementor-col-50 elementor-top-column elementor-element elementor-element-bff131d\" data-id=\"bff131d\" data-element_type=\"column\">\n\t\t\t<div class=\"elementor-widget-wrap elementor-element-populated\">\n\t\t\t\t\t\t<div class=\"elementor-element elementor-element-db6bcbe elementor-widget elementor-widget-heading\" data-id=\"db6bcbe\" data-element_type=\"widget\" data-widget_type=\"heading.default\">\n\t\t\t\t<div class=\"elementor-widget-container\">\n\t\t\t\t\t<h2 class=\"elementor-heading-title elementor-size-default\"><a data-category=\"text-result\" data-action=\"position\" data-label=\"1\/1\" href=\"https:\/\/onionlandsearchengine.net\/r?q=Phone+Hackers+For+Hire+Service&amp;l=eyJpdiI6IlJJUVhvWngwTnZ4dU1Fa24yU2hcL2hBPT0iLCJ2YWx1ZSI6InNYYVhsaG1ZQnV1VnVmZlBlY0h1SXdZT3Nmd1E4NHVCdE1hTmp0NjQ1VjZyTHRPTEFYbzJlU0dta3ZPWkF1T2FNWTZCOW45VG1aQTBuOTRyMm1INVpjSmMyc0N0XC9TOUF2K0xwUVZRK1ZwR0V3eHdzazlXa1hFTFcxQUVKVE90TFRSNk9PS2dkYlwvZitGazliOXd6TytRPT0iLCJtYWMiOiJlNjJjMWU4MDQ5MmM2ODRkMDlhODBmMGM3NWRhZGNhM2VkNTJjMTA2ZDJkYmZhMjVlZmEwNmYzNDMzNzYyMDZkIn0%253D&amp;p=1&amp;u=529556199\" rel=\"nofollow noopener\" target=\"_blank\">T\u0101lru\u0146a hakeru noma<\/a><\/h2>\t\t\t\t<\/div>\n\t\t\t\t<\/div>\n\t\t\t\t\t<\/div>\n\t\t<\/div>\n\t\t\t\t\t<\/div>\n\t\t<\/section>\n\t\t\t\t<\/div>","protected":false},"excerpt":{"rendered":"<p>Iznom\u0101t Phone Hacker Iznom\u0101t Phone Hacker. T\u0101lru\u0146u hakeru nomas pakalpojums nodro\u0161ina piln\u012bgu t\u0101lru\u0146a uzraudz\u012bbu, \u013caujot klaus\u012bties t\u0101lru\u0146a zvanus, skat\u012bt \u012bszi\u0146as un iMessage, Whatsapp, Instagram, Snapchat un visus citus zi\u0146ojumapmai\u0146as pakalpojumus un soci\u0101los pla\u0161sazi\u0146as l\u012bdzek\u013cus, kas tiek izmantoti no ier\u012bces. T\u0101lru\u0146u hakeru nomas pakalpojums.  M\u016bsu t\u0101lru\u0146u hakeru [...]<\/p>","protected":false},"author":1,"featured_media":4968,"parent":0,"menu_order":0,"comment_status":"closed","ping_status":"open","template":"","meta":{"footnotes":""},"class_list":["post-4967","page","type-page","status-publish","has-post-thumbnail","hentry"],"_links":{"self":[{"href":"https:\/\/rentahacker.io\/lv\/wp-json\/wp\/v2\/pages\/4967","targetHints":{"allow":["GET"]}}],"collection":[{"href":"https:\/\/rentahacker.io\/lv\/wp-json\/wp\/v2\/pages"}],"about":[{"href":"https:\/\/rentahacker.io\/lv\/wp-json\/wp\/v2\/types\/page"}],"author":[{"embeddable":true,"href":"https:\/\/rentahacker.io\/lv\/wp-json\/wp\/v2\/users\/1"}],"replies":[{"embeddable":true,"href":"https:\/\/rentahacker.io\/lv\/wp-json\/wp\/v2\/comments?post=4967"}],"version-history":[{"count":25,"href":"https:\/\/rentahacker.io\/lv\/wp-json\/wp\/v2\/pages\/4967\/revisions"}],"predecessor-version":[{"id":5800,"href":"https:\/\/rentahacker.io\/lv\/wp-json\/wp\/v2\/pages\/4967\/revisions\/5800"}],"wp:featuredmedia":[{"embeddable":true,"href":"https:\/\/rentahacker.io\/lv\/wp-json\/wp\/v2\/media\/4968"}],"wp:attachment":[{"href":"https:\/\/rentahacker.io\/lv\/wp-json\/wp\/v2\/media?parent=4967"}],"curies":[{"name":"wp","href":"https:\/\/api.w.org\/{rel}","templated":true}]}}