{"id":3,"date":"2022-09-30T13:36:44","date_gmt":"2022-09-30T13:36:44","guid":{"rendered":"https:\/\/buylegitpassport.com\/?page_id=3"},"modified":"2025-09-27T06:29:37","modified_gmt":"2025-09-27T06:29:37","slug":"profesionali-hakeri-algosanai","status":"publish","type":"page","link":"https:\/\/rentahacker.io\/lv\/profesionali-hakeri-algosanai\/","title":{"rendered":"Konfidencialit\u0101tes politika"},"content":{"rendered":"<div data-elementor-type=\"wp-page\" data-elementor-id=\"3\" class=\"elementor elementor-3\">\n\t\t\t\t\t\t<section class=\"elementor-section elementor-top-section elementor-element elementor-element-21ed0537 elementor-section-boxed elementor-section-height-default elementor-section-height-default default-style\" data-id=\"21ed0537\" data-element_type=\"section\" data-settings=\"{&quot;rt_color_sets&quot;:&quot;default-style&quot;}\">\n\t\t\t\t\t\t<div class=\"elementor-container elementor-column-gap-default\">\n\t\t\t\t\t<div class=\"elementor-column elementor-col-100 elementor-top-column elementor-element elementor-element-320524c5\" data-id=\"320524c5\" data-element_type=\"column\">\n\t\t\t<div class=\"elementor-widget-wrap elementor-element-populated\">\n\t\t\t\t\t\t<div class=\"elementor-element elementor-element-15f4f884 elementor-widget elementor-widget-text-editor\" data-id=\"15f4f884\" data-element_type=\"widget\" data-widget_type=\"text-editor.default\">\n\t\t\t\t<div class=\"elementor-widget-container\">\n\t\t\t\t\t\t\t\t\t<h2>Profesion\u0101li hakeri iznom\u0101\u0161anai<\/h2>\n<p><!-- \/wp:heading --><!-- wp:paragraph --><\/p>\n<div data-id=\"45a8c67\" data-element_type=\"widget\" data-widget_type=\"text-editor.default\">\n<div>\n<div data-id=\"68dc6d6\" data-element_type=\"widget\" data-widget_type=\"text-editor.default\">\n<div>\n<div>\n<div>\n<p>\u00a9 <strong>Hakeru noma<\/strong>\u00a0pakalpojumi jums pal\u012bdz\u0113s un uzraudz\u012bs visu tum\u0161\u0101 t\u012bmek\u013ca hakeru mekl\u0113\u0161anas, nol\u012bg\u0161anas, paskaidro\u0161anas, p\u0101rrunu veik\u0161anas un samaksas procesu. Profesion\u0101lu hakeru noma.<br \/>T\u0101 k\u0101 m\u0113s esam starpnieks, j\u016bs nekad tie\u0161i nesadarbojaties ar hakeri - ne administrat\u012bvi, ne finansi\u0101li; jums nav nek\u0101du sai\u0161u. Sertific\u0113ti \u0113tiskie hakeri<a href=\"https:\/\/duckduckgo.com\/\" target=\"_blank\" rel=\"noopener\">.<\/a> <span contenteditable=\"true\">Profesion\u0101lu hakeru noma.<\/span><\/p>\n<h3><span contenteditable=\"true\">Atrast profesion\u0101lus hakerus<\/span><\/h3>\n<p>Tas nodro\u0161ina aizsardz\u012bbas l\u012bmeni, kas pasarg\u0101 j\u016bs no ties\u012bbaizsardz\u012bbas iest\u0101d\u0113m, pa\u0161a m\u0113r\u0137a un, j\u0101, pat tum\u0161\u0101 t\u012bmek\u013ca hakeriem, kuri nekad nezina s\u0101kotn\u0113j\u0101 klienta identit\u0101ti. Darbs ar starpniec\u012bbu ir dro\u0161\u0101kais veids, k\u0101 m\u016bsdien\u0101s nol\u012bgt jebkuru \u0113nu darbu. Iznom\u0101jiet \u0113tisku hakeru. Iznom\u0101jiet hakeru.<\/p>\n<p>Esiet dro\u0161i, ka k\u0101 m\u016bsu klients j\u016bs vienm\u0113r b\u016bsiet piln\u012bg\u0101 dro\u0161\u012bb\u0101 un paliksiet anon\u012bms. M\u0113s jums garant\u0113jam, ka darbs tiks pabeigts laik\u0101 un pareizi, l\u012bdzek\u013ci tiks p\u0101rskait\u012bti netrauc\u0113ti un viss tiks izpild\u012bts t\u0101, k\u0101 s\u0101kotn\u0113ji tika norun\u0101ts. K\u0101 nol\u012bgt <a href=\"https:\/\/rentahacker.io\/lv\/\">\u0113tiskais hakeris<\/a> tie\u0161saist\u0113. Iznom\u0101t Hakeris.<\/p>\n<h3>Konsult\u0101cijas par pras\u012bjumiem un akt\u012bvu atg\u016b\u0161anu<\/h3>\n<p>M\u016bsu komercstr\u012bdu eksperti var pal\u012bdz\u0113t priv\u0101tperson\u0101m un uz\u0146\u0113mumiem, kuri uzskata, ka ir k\u013cuvu\u0161i par kr\u0101p\u0161anas upuriem, atg\u016bt kr\u0101p\u0161anas rezult\u0101t\u0101 zaud\u0113tos akt\u012bvus gan iek\u0161zem\u0113, gan \u0101rzem\u0113s. M\u0113s ar\u012b p\u0101rst\u0101vam klientus, kas aps\u016bdz\u0113ti kr\u0101p\u0161an\u0101, nodro\u0161inot, ka vi\u0146u akt\u012bvi un ties\u012bbas tiek aizsarg\u0101tas juridisk\u0101 konflikta laik\u0101. Sazinieties ar mums, lai sa\u0146emtu pal\u012bdz\u012bbu saist\u012bb\u0101 ar jebkuru akt\u012bvu atg\u016b\u0161anas elementu. Lab\u0101kie hakeri iznom\u0101\u0161anai ASV.<\/p>\n<h4>M\u016bsu filozofija<\/h4>\n<p>Aizsardz\u012bba pret kiberkr\u0101p\u0161anu un naudas zaud\u0113jumiem. M\u016bsu komercstr\u012bdu eksperti var pal\u012bdz\u0113t priv\u0101tperson\u0101m un uz\u0146\u0113mumiem, kuri uzskata, ka ir kr\u0101p\u0161anas upuri, atg\u016bt kr\u0101p\u0161anas rezult\u0101t\u0101 zaud\u0113tos l\u012bdzek\u013cus gan iek\u0161zem\u0113, gan \u0101rzem\u0113s. <span contenteditable=\"true\">Iznom\u0101t profesion\u0101lu hakeris. P<\/span><span contenteditable=\"true\">rofesion\u0101li hakeri, kurus var nol\u012bgt.<\/span><\/p>\n<div id=\"attachment_5018\" style=\"width: 310px\" class=\"wp-caption aligncenter\"><img fetchpriority=\"high\" decoding=\"async\" aria-describedby=\"caption-attachment-5018\" src=\"https:\/\/hireonlinehackers.com\/wp-content\/uploads\/2023\/09\/traxer-No9sjMu5zpA-unsplash-1-300x200.jpg\" alt=\"Profesion\u0101lu hakeru noma\" width=\"300\" height=\"200\" \/><p id=\"caption-attachment-5018\" class=\"wp-caption-text\">Profesion\u0101lu hakeru noma<\/p><\/div>\n<h4>M\u016bsu m\u0113r\u0137is?<\/h4>\n<p>Hakeru noma. M\u016bsu m\u0113r\u0137is ir vienk\u0101r\u0161s: m\u0113s str\u0101d\u0101sim kop\u0101 ar jums, lai p\u0113c iesp\u0113jas \u0101tr\u0101k atg\u016btu j\u016bsu naudu, izmantojot progres\u012bvus algoritmus un strat\u0113\u0123iskus veidus, kas pal\u012bdz\u0113s mums atg\u016bt j\u016bsu zaud\u0113jumus. Apsveriet iesp\u0113ju sazin\u0101ties ar mums jau \u0161odien, lai apspriestu savu pras\u012bbu. <span contenteditable=\"true\">Profesion\u0101lu hakeru noma.<\/span><\/p>\n<p>\u00a0<\/p>\n<h3>Profesion\u0101li hakeri, kas str\u0101d\u0101 kop\u0101, lai sniegtu vislab\u0101ko iesp\u0113jamo pakalpojumu m\u016bsu klientiem.<\/h3>\n<p>Lai sniegtu jums lab\u0101kos un nep\u0101rsp\u0113jamus hakeru pakalpojumus, m\u016bsu hakeru ekspertu komanda izmanto vismodern\u0101k\u0101s tehnolo\u0123ijas. K\u0101 profesion\u0101la hakeru nomas organiz\u0101cija m\u0113s saviem klientiem nodro\u0161in\u0101m lab\u0101kos pieejamos sertific\u0113tos \u0113tiskos hakerus, k\u0101 ar\u012b prasmes un visliel\u0101ko slepen\u012bbu un konfidencialit\u0101ti.<br \/>M\u0113s c\u012bt\u012bgi str\u0101d\u0101jam, lai izprastu j\u016bsu vajadz\u012bbas un izstr\u0101d\u0101tu t\u0101m atbilsto\u0161us risin\u0101jumus. Lai izstr\u0101d\u0101tu jaunus veidus, k\u0101 iek\u013c\u016bt datu b\u0101z\u0113s un t\u012bklos, m\u0113s regul\u0101ri pilnveidojam uzbrukumu r\u012bkus, strat\u0113\u0123ijas un pieejas.<\/p>\n<p><img decoding=\"async\" data-src=\"https:\/\/hireonlinehackers.com\/wp-content\/uploads\/2023\/01\/5-star-300x158.jpg\" alt=\"Profesion\u0101lu hakeru \u012bres pakalpojumi\" width=\"66\" height=\"35\" src=\"data:image\/svg+xml;base64,PHN2ZyB3aWR0aD0iMSIgaGVpZ2h0PSIxIiB4bWxucz0iaHR0cDovL3d3dy53My5vcmcvMjAwMC9zdmciPjwvc3ZnPg==\" class=\"lazyload\" style=\"--smush-placeholder-width: 66px; --smush-placeholder-aspect-ratio: 66\/35;\" \/><\/p>\n<h3>Iznom\u0101t profesion\u0101lu hakeris<\/h3>\n<p>Iznom\u0101t hakeris ar kiberspiegu Datorur\u0137\u0113\u0161ana pakalpojumi, kas ir lab\u0101kais risin\u0101jums mobilo spiegu pakalpojumiem un interneta dro\u0161\u012bbu. J\u016bsu piek\u013cuve b\u016bs dro\u0161a un anon\u012bma, izmantojot hakeru pakalpojumus. Hakeru noma.<\/p>\n<p>Ar lab\u0101kajiem profesion\u0101liem hakeriem, m\u0113s pied\u0101v\u0101jam lab\u0101ko t\u0101lru\u0146a spiegu pakalpojumu. M\u016bsu profesion\u0101lie hakeri ir apm\u0101c\u012bti ar augsti profesion\u0101liem vec\u0101kajiem hakeriem, kuriem ir \u013coti augsts \u0113tikas l\u012bmenis.<\/p>\n<p>Visi t\u0101lru\u0146u hakeri ir speci\u0101listi, un vi\u0146iem ir pla\u0161a praktisk\u0101 pieredze, k\u0101 ar\u012b padzi\u013cin\u0101ti apm\u0101c\u012bbas kursi.<br \/>J\u016btieties br\u012bvi iznom\u0101t hakeru. <span contenteditable=\"true\">P<\/span><span contenteditable=\"true\">rofesion\u0101li hakeri, kurus var nol\u012bgt.<\/span><\/p>\n<p>Vair\u0101k nek\u0101 miljons vec\u0101ku un cilv\u0113ku algo hakerus, lai aizsarg\u0101tu savas attiec\u012bbas. J\u016bs varat izsekot atra\u0161an\u0101s vietas, zvanus, zi\u0146ojumus, \u017eurn\u0101lus, tausti\u0146sarakstus, soci\u0101los medijus un daudz ko citu. Tas ir t\u012bmek\u013ca b\u0101z\u0113ts un 100% dro\u0161s un aizsarg\u0101ts. Hakeru uzlau\u0161ana ir nelikum\u012bga. Tom\u0113r \u0113tiska hakeru uzlau\u0161ana ir pie\u0146emama. M\u016bsdien\u0101s ir nepiecie\u0161ama dro\u0161\u012bba un aizsardz\u012bba pret kiberuzbrukumiem, t\u0101p\u0113c \u0161eit m\u0113s esam pieejami, lai atrisin\u0101tu j\u016bsu probl\u0113mas ar \u012bstiem hakeriem.<\/p>\n<h4>Iznom\u0101t Hacker par t\u0101lru\u0146a spiegu pakalpojumiem<\/h4>\n<p>M\u0113s esam visprofesion\u0101l\u0101ko \u0113tisko hakeru komanda, kas sniedz jums vislab\u0101ko t\u0101lru\u0146a hakeru pakalpojumu. Viena no sare\u017e\u0123\u012bt\u0101kaj\u0101m situ\u0101cij\u0101m dz\u012bv\u0113 ir tad, kad k\u0101ds lau\u017e uztic\u012bbu.  Ja laul\u0101tais kr\u0101pj attiec\u012bbu laik\u0101, ir gr\u016bti t\u0101s turpin\u0101t. Lab\u0101kie hakeri \u012brei internet\u0101. <span contenteditable=\"true\">P<\/span><span contenteditable=\"true\">rofesion\u0101li hakeri, kurus var nol\u012bgt.<\/span><\/p>\n<h4>Iznom\u0101t profesion\u0101lu hakeris<\/h4>\n<p>\u0160eit m\u0113s n\u0101kam ar m\u016bsu t\u0101lru\u0146a spiegu pakalpojumu. J\u016bs varat viegli nol\u012bgt hakeru un sekot l\u012bdzi sava partnera darb\u012bb\u0101m. Ar to j\u016bs varat sav\u0101kt pietiekamus pier\u0101d\u012bjumus, lai par \u0161\u0101du situ\u0101ciju zi\u0146otu draugiem, \u0123imenes locek\u013ciem vai tiesai, lai main\u012btu situ\u0101ciju. M\u0113s vienm\u0113r ticam p\u0101rredzam\u012bbai, t\u0101p\u0113c visiem m\u016bsu pakalpojumiem ir nodro\u0161in\u0101ta naudas atmaksas garantija. Jebkur\u0101 laik\u0101, ja j\u016bs nesa\u0146emsiet pakalpojumu, m\u0113s atmaks\u0101sim visu samaksu. Tas veido m\u016bsu ilgsto\u0161as attiec\u012bbas.<\/p>\n<h3>Profesion\u0101lu hakeru \u012bres pakalpojumi<\/h3>\n<div><a href=\"https:\/\/rentahacker.io\/lv\/\">Hakeru noma<\/a> ir vado\u0161\u0101 organiz\u0101cija Hire \u0112tikas Hackers ar top lietprat\u0113ju Hackers. M\u0113s esam labi apm\u0101c\u012bti, sertific\u0113ti un prasm\u012bgi hakeri! M\u0113s esam piem\u0113roti, lai izpild\u012btu savas garantijas un sniegtu lab\u0101kos hakeru nomas pakalpojumus! <br \/>M\u0113s pied\u0101v\u0101jam lab\u0101ko lietprat\u0113ju Hacker noma. Tas ir viegli \u0113tikas hakeru pakalpojumus.  Atcerieties, ka, pieprasot hakeru nomas pakalpojumus, nav nek\u0101du \u013caunpr\u0101t\u012bbu! Ja jums ir nepiecie\u0161ams, lai kaut ko sasniegtu, jums vajadz\u0113tu soli uz aug\u0161u un piepras\u012bt to....<\/div>\n<div>\n<h3>\u00a0<\/h3>\n<\/div>\n<div>\n<h3>Lab\u0101kie hakeri iznom\u0101\u0161anai<\/h3>\n<p>Silent infiltrators ir profesion\u0101li hakeri, kas ir past\u0101v\u012bgi gatavi kalpot jums jebkur\u0101 laik\u0101. M\u0113s esam visvair\u0101k cilv\u0113ku uzticams telefona spiegu noma, kas sniedz prasm\u012bgus hakeru nomas pakalpojumus. K\u0101 galvenie \u0113tiskie hakeri nomas organiz\u0101cij\u0101m vis\u0101 pasaul\u0113, m\u0113s sniedzam lielisku sp\u0113ju ieg\u016bt jebk\u0101du inform\u0101ciju internet\u0101. \u0113tisk\u0101 hakeru pakalpojuma penetr\u0101cijas test\u0113\u0161ana un monitoringa pakalpojumi. <span contenteditable=\"true\">P<\/span><span contenteditable=\"true\">rofesion\u0101li hakeri, kurus var nol\u012bgt.<\/span><\/p>\n<p>Mums ir sertific\u0113tu hakeru ekspertu grupa vis\u0101 pasaul\u0113, kas ir speci\u0101listi \u0101rk\u0101rtas hakeru jom\u0101s. J\u016bs neap\u0161aub\u0101mi varat veikt \u0113tisko hakeru darbu tie\u0161saist\u0113, sazinoties ar mums, un profesion\u0101ls hakeris no m\u016bsu kvalific\u0113tu un apm\u0101c\u012btu hakeru komandas tiks nor\u012bkots, lai \u012bs\u0101 laik\u0101 paveiktu j\u016bsu darbu.<\/p>\n<p>Top iesp\u0113jas ielauzties jebkuros datoros, kap\u0101t universit\u0101tes pak\u0101pes. <span contenteditable=\"true\">Iznom\u0101t profesion\u0101lu hakeris.<\/span><\/p>\n<h4>K\u0101 nol\u012bgt tum\u0161\u0101 t\u012bmek\u013ca hakeri?<\/h4>\n<p>M\u016bsu kiberdro\u0161\u012bbas eksperts var nodro\u0161in\u0101t jums \u0113tisko hakeru pakalpojumus, tum\u0161\u0101 t\u012bmek\u013ca pakalpojumus.<a href=\"https:\/\/www.bing.com\/\" target=\"_blank\" rel=\"noopener\">,<\/a> un pel\u0113k\u0101s cepures hakeri, kurus varat viegli nol\u012bgt. <span contenteditable=\"true\">P<\/span><span contenteditable=\"true\">rofesion\u0101li hakeri, kurus var nol\u012bgt.<\/span><\/p>\n<p>Ja j\u016bs mekl\u0113jat, lai nol\u012bgtu pel\u0113k\u0101s cepures hakeru ekspertu. J\u016bs varat atrast uzticamu hakeru sav\u0101m hakeru vajadz\u012bb\u0101m, vispirms jums vajadz\u0113tu saprast, kur mekl\u0113t un atrast sertific\u0113tu \u0113tisku hakeri.<\/p>\n<p>Ir daudz hakeru organiz\u0101cijas, kas neiegulda papildu ener\u0123iju, ka vi\u0146iem vajadz\u0113tu nol\u012bgt hakeris pie manis, lai apmierin\u0101tu klientu cer\u012bbas. <span contenteditable=\"true\">Iznom\u0101t profesion\u0101lu hakeris.<\/span><\/p>\n<p>Da\u017ei cilv\u0113ki skaitlis vi\u0146i var nol\u012bgt hakeris net\u0101lu no vi\u0146iem par velti, dodoties caur priv\u0101to a\u0123entu. Tas nav ieteicams, jo maksas ir galaktikas un t\u0101s var novirz\u012bt, ja to dara izcils cilv\u0113ks.<\/p>\n<\/div>\n<\/div>\n<\/div>\n<\/div>\n<\/div>\n<p><img decoding=\"async\" data-src=\"https:\/\/hireonlinehackers.com\/wp-content\/uploads\/2023\/01\/5-star-300x158.jpg\" alt=\"Profesion\u0101lu hakeru \u012bres pakalpojumi\" width=\"36\" height=\"19\" src=\"data:image\/svg+xml;base64,PHN2ZyB3aWR0aD0iMSIgaGVpZ2h0PSIxIiB4bWxucz0iaHR0cDovL3d3dy53My5vcmcvMjAwMC9zdmciPjwvc3ZnPg==\" class=\"lazyload\" style=\"--smush-placeholder-width: 36px; --smush-placeholder-aspect-ratio: 36\/19;\" \/><\/p>\n<\/div>\n<\/div>\n<p><!-- \/wp:paragraph --><!-- wp:heading --><!-- \/wp:paragraph --><\/p>\t\t\t\t\t\t\t\t<\/div>\n\t\t\t\t<\/div>\n\t\t\t\t\t<\/div>\n\t\t<\/div>\n\t\t\t\t\t<\/div>\n\t\t<\/section>\n\t\t\t\t<section class=\"elementor-section elementor-top-section elementor-element elementor-element-da4e662 elementor-section-boxed elementor-section-height-default elementor-section-height-default default-style\" data-id=\"da4e662\" data-element_type=\"section\" data-settings=\"{&quot;rt_color_sets&quot;:&quot;default-style&quot;}\">\n\t\t\t\t\t\t<div class=\"elementor-container elementor-column-gap-default\">\n\t\t\t\t\t<div class=\"elementor-column elementor-col-50 elementor-top-column elementor-element elementor-element-db924fe\" data-id=\"db924fe\" data-element_type=\"column\">\n\t\t\t<div class=\"elementor-widget-wrap elementor-element-populated\">\n\t\t\t\t\t\t<div class=\"elementor-element elementor-element-0485719 elementor-widget elementor-widget-image\" data-id=\"0485719\" data-element_type=\"widget\" data-widget_type=\"image.default\">\n\t\t\t\t<div class=\"elementor-widget-container\">\n\t\t\t\t\t\t\t\t\t\t\t\t\t\t\t<img decoding=\"async\" width=\"768\" height=\"288\" data-src=\"https:\/\/rentahacker.io\/wp-content\/uploads\/2022\/11\/Buy-Registered-Documents.jpg\" class=\"attachment-large size-large wp-image-4545 lazyload\" alt=\"Noma Dark Web hakeri\" data-srcset=\"https:\/\/rentahacker.io\/wp-content\/uploads\/2022\/11\/Buy-Registered-Documents.jpg 768w, https:\/\/rentahacker.io\/wp-content\/uploads\/2022\/11\/Buy-Registered-Documents-300x113.jpg 300w, https:\/\/rentahacker.io\/wp-content\/uploads\/2022\/11\/Buy-Registered-Documents-600x225.jpg 600w\" data-sizes=\"(max-width: 768px) 100vw, 768px\" src=\"data:image\/svg+xml;base64,PHN2ZyB3aWR0aD0iMSIgaGVpZ2h0PSIxIiB4bWxucz0iaHR0cDovL3d3dy53My5vcmcvMjAwMC9zdmciPjwvc3ZnPg==\" style=\"--smush-placeholder-width: 768px; --smush-placeholder-aspect-ratio: 768\/288;\" \/>\t\t\t\t\t\t\t\t\t\t\t\t\t\t\t<\/div>\n\t\t\t\t<\/div>\n\t\t\t\t\t<\/div>\n\t\t<\/div>\n\t\t\t\t<div class=\"elementor-column elementor-col-50 elementor-top-column elementor-element elementor-element-bff131d\" data-id=\"bff131d\" data-element_type=\"column\">\n\t\t\t<div class=\"elementor-widget-wrap elementor-element-populated\">\n\t\t\t\t\t\t<div class=\"elementor-element elementor-element-db6bcbe elementor-widget elementor-widget-heading\" data-id=\"db6bcbe\" data-element_type=\"widget\" data-widget_type=\"heading.default\">\n\t\t\t\t<div class=\"elementor-widget-container\">\n\t\t\t\t\t<h2 class=\"elementor-heading-title elementor-size-default\"><span class=\"tagify__tag-text\">Noma Dark Web hakeri<\/span><\/h2>\t\t\t\t<\/div>\n\t\t\t\t<\/div>\n\t\t\t\t\t<\/div>\n\t\t<\/div>\n\t\t\t\t\t<\/div>\n\t\t<\/section>\n\t\t\t\t<\/div>","protected":false},"excerpt":{"rendered":"<p>Profesion\u0101lu hakeru \u012bre \u00a9 Hakeru \u012bres pakalpojumi pal\u012bdz\u0113s jums iziet cauri visam tum\u0161\u0101 interneta hakeru mekl\u0113\u0161anas, nol\u012bg\u0161anas, izskaidro\u0161anas, p\u0101rrunu un samaksas procesam un uzraudz\u012bs to. T\u0101 k\u0101 m\u0113s esam starpnieks, j\u016bs nekad tie\u0161i nesadarbojaties ar hakeri ne administrat\u012bvi, ne finansi\u0101li; nav nek\u0101das saiknes ar jums. Sertific\u0113ts [...]<\/p>","protected":false},"author":1,"featured_media":4993,"parent":0,"menu_order":0,"comment_status":"closed","ping_status":"open","template":"","meta":{"footnotes":""},"class_list":["post-3","page","type-page","status-publish","has-post-thumbnail","hentry"],"_links":{"self":[{"href":"https:\/\/rentahacker.io\/lv\/wp-json\/wp\/v2\/pages\/3","targetHints":{"allow":["GET"]}}],"collection":[{"href":"https:\/\/rentahacker.io\/lv\/wp-json\/wp\/v2\/pages"}],"about":[{"href":"https:\/\/rentahacker.io\/lv\/wp-json\/wp\/v2\/types\/page"}],"author":[{"embeddable":true,"href":"https:\/\/rentahacker.io\/lv\/wp-json\/wp\/v2\/users\/1"}],"replies":[{"embeddable":true,"href":"https:\/\/rentahacker.io\/lv\/wp-json\/wp\/v2\/comments?post=3"}],"version-history":[{"count":61,"href":"https:\/\/rentahacker.io\/lv\/wp-json\/wp\/v2\/pages\/3\/revisions"}],"predecessor-version":[{"id":5807,"href":"https:\/\/rentahacker.io\/lv\/wp-json\/wp\/v2\/pages\/3\/revisions\/5807"}],"wp:featuredmedia":[{"embeddable":true,"href":"https:\/\/rentahacker.io\/lv\/wp-json\/wp\/v2\/media\/4993"}],"wp:attachment":[{"href":"https:\/\/rentahacker.io\/lv\/wp-json\/wp\/v2\/media?parent=3"}],"curies":[{"name":"wp","href":"https:\/\/api.w.org\/{rel}","templated":true}]}}