{"id":5840,"date":"2025-09-27T14:54:20","date_gmt":"2025-09-27T14:54:20","guid":{"rendered":"https:\/\/rentahacker.io\/?page_id=5840"},"modified":"2025-09-27T15:03:46","modified_gmt":"2025-09-27T15:03:46","slug":"issinuomoti-socialiniu-tinklu-paskyru-isilauzeli","status":"publish","type":"page","link":"https:\/\/rentahacker.io\/lt\/issinuomoti-socialiniu-tinklu-paskyru-isilauzeli\/","title":{"rendered":"Nuoma Socialin\u0117s \u017einiasklaidos hakeris"},"content":{"rendered":"<div data-elementor-type=\"wp-page\" data-elementor-id=\"5840\" class=\"elementor elementor-5840\">\n\t\t\t\t\t\t<section class=\"elementor-section elementor-top-section elementor-element elementor-element-21ed0537 elementor-section-boxed elementor-section-height-default elementor-section-height-default default-style\" data-id=\"21ed0537\" data-element_type=\"section\" data-settings=\"{&quot;rt_color_sets&quot;:&quot;default-style&quot;}\">\n\t\t\t\t\t\t<div class=\"elementor-container elementor-column-gap-default\">\n\t\t\t\t\t<div class=\"elementor-column elementor-col-100 elementor-top-column elementor-element elementor-element-320524c5\" data-id=\"320524c5\" data-element_type=\"column\">\n\t\t\t<div class=\"elementor-widget-wrap elementor-element-populated\">\n\t\t\t\t\t\t<div class=\"elementor-element elementor-element-15f4f884 elementor-widget elementor-widget-text-editor\" data-id=\"15f4f884\" data-element_type=\"widget\" data-widget_type=\"text-editor.default\">\n\t\t\t\t<div class=\"elementor-widget-container\">\n\t\t\t\t\t\t\t\t\t<h2>Nuoma Socialin\u0117s \u017einiasklaidos paskyros \u012fsilau\u017e\u0117lis<\/h2>\n<p>Ar galite \u012fsivaizduoti, koki\u0105 gali\u0105 gali suteikti prieiga prie kieno nors socialin\u0117s \u017einiasklaidos paskyr\u0173? Kas b\u016bt\u0173, jei gal\u0117tum\u0117te gauti vertingos informacijos, atskleisti pasl\u0117ptas paslaptis ar net apsisaugoti nuo galim\u0173 gr\u0117smi\u0173? \u0160iuolaikiniame skaitmeniniame am\u017eiuje, kai socialin\u0117 \u017einiasklaida vaidina lemiam\u0105 vaidmen\u012f m\u016bs\u0173 gyvenime, b\u016btina suvokti savo buvimo internete apsaugos svarb\u0105. Taigi, ar kada nors susim\u0105st\u0117te, ar yra b\u016bdas pasamdyti \u012fsilau\u017e\u0117l\u012f \u012fsilau\u017eimui \u012f socialin\u0119 \u017einiasklaid\u0105? K\u0105 gi, netrukus su\u017einosite! Socialin\u0117s \u017einiasklaidos paskyr\u0173 \u012fsilau\u017e\u0117lio nuoma.<\/p>\n<div>\n<div data-id=\"97ea71a\" data-element_type=\"widget\" data-widget_type=\"text-editor.default\">\n<p>Profesional\u0173 samdymas <a href=\"https:\/\/criminalminds.fandom.com\/wiki\/Hacker\" target=\"_blank\" rel=\"noopener\">\u012fsilau\u017e\u0117lis<\/a> gali suteikti \u017eini\u0173 ir \u012franki\u0173, reikaling\u0173 norint pasiekti ir apsaugoti socialin\u0117s \u017einiasklaidos paskyras. \u0160ie kvalifikuoti asmenys turi \u017eini\u0173 ir patirties, kaip \u012fveikti sud\u0117tingas toki\u0173 platform\u0173 kaip \"Facebook\", \"Twitter\", \"Instagram\" ir kt. saugumo sistemas. J\u0173 padedami galite gauti prieig\u0105 prie tikslin\u0117s paskyros, susigr\u0105\u017einti pa\u017eeist\u0105 profil\u012f ar net atkurti vertingus duomenis, kurie gal\u0117jo b\u016bti prarasti ar i\u0161trinti. \u012esilau\u017eimo \u012f socialin\u0119 \u017einiasklaid\u0105 pasaulis yra \u012fdomi sritis, o pasamd\u017eius \u012fsilau\u017e\u0117l\u012f galima atverti daugyb\u0119 galimybi\u0173. I\u0161sinuomokite Socialin\u0117s \u017einiasklaidos paskyr\u0173 \u012fsilau\u017e\u0117l\u012f.<\/p>\n<\/div>\n<div data-id=\"97ea71a\" data-element_type=\"widget\" data-widget_type=\"text-editor.default\">\n<p>\u012esilau\u017eimai \u012f socialin\u0119 \u017einiasklaid\u0105 gali tur\u0117ti rimt\u0173 pasekmi\u0173 tiek privatiems asmenims, tiek \u012fmon\u0117ms. Tai gali sukelti tapatyb\u0117s vagyst\u0119, privatumo pa\u017eeidimus, \u017eal\u0105 reputacijai ir finansinius nuostolius. \u012esilau\u017e\u0117liai gali piktnaud\u017eiauti asmenine informacija, skelbti kenk\u0117ji\u0161k\u0105 turin\u012f arba u\u017esiimti suk\u010diavimu, taip padarydami didel\u0119 \u017eal\u0105 paskyros savininkui. Socialin\u0117s \u017einiasklaidos \u012fsilau\u017e\u0117li\u0173 samdymas<\/p>\n<\/div>\n<div data-id=\"97ea71a\" data-element_type=\"widget\" data-widget_type=\"text-editor.default\">\n<p>Nor\u0117dami apsaugoti savo socialin\u0117s \u017einiasklaidos paskyras ir apsisaugoti nuo galim\u0173 gr\u0117smi\u0173, galite pasisamdyti profesional\u0173 \u012fsilau\u017e\u0117l\u012f. \u0160ie ekspertai turi reikiam\u0173 \u012fg\u016bd\u017ei\u0173 ir \u017eini\u0173, kad nustatyt\u0173 pa\u017eeid\u017eiamum\u0105, apsaugot\u0173 j\u016bs\u0173 paskyras ir pateikt\u0173 verting\u0173 sprendim\u0173 bet koki\u0173 saugumo pa\u017eeidim\u0173 atveju. Samdykite socialin\u0117s \u017einiasklaidos \u012fsilau\u017e\u0117lius. I\u0161sinuomokite socialin\u0117s \u017einiasklaidos paskyr\u0173 \u012fsilau\u017e\u0117l\u012f.<\/p>\n<\/div>\n<div data-id=\"97ea71a\" data-element_type=\"widget\" data-widget_type=\"text-editor.default\">\n<p>samdydami tokius profesionalus kaip <a href=\"https:\/\/rentahacker.io\/lt\/\">Hakerio nuoma<\/a> socialin\u0117s \u017einiasklaidos \u012fsilau\u017eimo paslaugas, \u012fgyjate daug privalum\u0173. Tarp j\u0173:<\/p>\n<article>\n<div>\n<h3>SOCIALIN\u0116S \u017dINIASKLAIDOS \u012eSILAU\u017d\u0116LIAI INTERNETE | SAMDYTI SOCIALIN\u0116S \u017dINIASKLAIDOS PASKYR\u0172 \u012eSILAU\u017d\u0116LIS | FACEBOOK SLAPTA\u017dODIS HACK PASLAUGA | SNAPCHAT SLAPTA\u017dODIS \u012eSILAU\u017d\u0116LIAI | TIKTOK \u012eSILAU\u017d\u0116LIAI INTERNETE<\/h3>\n<h3>SOCIALIN\u0116S \u017dINIASKLAIDOS \u012eSILAU\u017d\u0116LI\u0172 NUOMA | DARKWEB HACKERS<\/h3>\n<p>Ar kada nors nor\u0117jote su\u017einoti, apie k\u0105 j\u016bs\u0173 draugai kalba socialin\u0117s \u017einiasklaidos platformose, pavyzd\u017eiui, \"Instagram\", \"Facebook\", \"Pinterest\", \"Twitter\"? Turint tinkam\u0173 \u012franki\u0173, tai \u012fmanoma padaryti! mes ne tik aptarsime, kaip \u0161nipin\u0117ti kieno nors socialin\u0117s \u017einiasklaidos paskyras, bet ir pateiksime jums geriausios ir veiksmingiausios turimos \u012fsilau\u017eimo programin\u0117s \u012frangos s\u0105ra\u0161\u0105. Socialin\u0117s \u017einiasklaidos paskyros<\/p>\n<p><strong>Kas yra socialin\u0117s \u017einiasklaidos \u0161nipin\u0117jimas?<\/strong><\/p>\n<p>Socialin\u0117s \u017einiasklaidos \u0161nipin\u0117jimas - tai kieno nors socialin\u0117s \u017einiasklaidos paskyros steb\u0117jimas. Tai galima daryti naudojant tre\u010diosios \u0161alies program\u0117l\u0119, kuri leid\u017eia per\u017ei\u016br\u0117ti, k\u0105 j\u016bs\u0173 taikinys skelbia internete, ir naudojantis jo asmeniniu el. pa\u0161tu. Viena i\u0161 populiari\u0173 svetaini\u0173, teikian\u010di\u0173 \u0161i\u0105 paslaug\u0105, yra\u00a0<strong>i\u0161sinuomoti \u012fsilau\u017e\u0117l\u012f<\/strong>\u00a0\u012fsilau\u017eimo paslaugos<\/p>\n<p>Galite nulau\u017eti \"Facebook\", nulau\u017eti \"Instagram\", \"Twitter\",\u00a0<b>TikTok\u00a0<\/b>Telefono \u012fsilau\u017eimo paslauga ir kita socialin\u0117s \u017einiasklaidos paskyra.<\/p>\n<p><strong>Kaip \u0161nipin\u0117ti socialin\u0117s \u017einiasklaidos paskyras<\/strong><\/p>\n<p>Ar reikia steb\u0117ti, k\u0105 konkurentai daro socialin\u0117je \u017einiasklaidoje? Ar jums \u012fdomu, kas internete kalba apie j\u016bs\u0173 prek\u0117s \u017eenkl\u0105? Jei taip, jums gali prireikti pasamdyti \u012fsilau\u017e\u0117l\u012f socialin\u0117s \u017einiasklaidos \u0161nipin\u0117jimui. \u012esilau\u017e\u0117liai gali pad\u0117ti jums gauti prieig\u0105 prie \u012fvairios socialin\u0117s \u017einiasklaidos paskyr\u0173 informacijos, \u012fskaitant slapta\u017eod\u017eius, \u012fra\u0161us ir sek\u0117jus. Taigi, jei esate pasireng\u0119 gauti informacijos apie savo konkurentus arba tiesiog norite steb\u0117ti savo buvim\u0105 socialin\u0117je \u017einiasklaidoje, b\u016btinai pasamdykite \u012fsilau\u017e\u0117l\u012f dar \u0161iandien. Socialin\u0117s \u017einiasklaidos paskyros<\/p>\n<h4><strong>Tamsusis \u017einiatinklis Socialin\u0117s \u017einiasklaidos \u012fsilau\u017e\u0117li\u0173 nuoma<\/strong><\/h4>\n<p>Norite \u012fsilau\u017eti \u012f savo buvusio asmens \"Facebook\" paskyr\u0105? O gal tiesiog norite su\u017einoti, k\u0105 jis ar ji veikia. Bet kuriuo atveju jums reikia, kad kas nors, turintis \u012fg\u016bd\u017ei\u0173 ir \u017eini\u0173, jums pad\u0117t\u0173. \u0160tai \u010dia ir atsiranda samdomi socialin\u0117s \u017einiasklaidos \u012fsilau\u017e\u0117liai. \u0160ie profesional\u016bs \u012fsilau\u017e\u0117liai gali pad\u0117ti jums patekti \u012f bet kuri\u0105 paskyr\u0105, kad ir kokia u\u017erakinta ji b\u016bt\u0173. Jie yra saugumo priemoni\u0173 ap\u0117jimo ekspertai, tod\u0117l gali pad\u0117ti jums gauti prieig\u0105 prie bet kokios informacijos, kurios ie\u0161kote. Taigi, jei norite rimto kibernetinio \u0161nipin\u0117jimo, \u012fsilau\u017e\u0117li\u0173 nuoma tikrai yra tinkamas asmuo \u0161iam darbui! Socialin\u0117s \u017einiasklaidos paskyros<\/p>\n<header>\n<h2>\u012esilau\u017eimas \u012f socialin\u0117s \u017einiasklaidos paskyras<\/h2>\n<\/header>\n<p>Jei kas nors nori pasamdyti socialin\u0117s \u017einiasklaidos \u012fsilau\u017e\u0117l\u012f, paprastai pageidautina, kad jis b\u016bt\u0173 anoniminis. Tai pad\u0117s nusl\u0117pti tapatyb\u0119 ir u\u017etikrins, kad niekas, i\u0161skyrus jus, ne\u017einos, kas sumok\u0117jo u\u017e j\u0173 paslaugas, tod\u0117l nereik\u0117s nerimauti, kad b\u016bsite pagauti d\u0117l kokio nors neteis\u0117to elgesio. Socialin\u0117s \u017einiasklaidos paskyros<\/p>\n<p>Kai kreipiat\u0117s \u012f \u012fsilau\u017e\u0117l\u012f, galvokite apie savo darbo skelbim\u0105 kaip apie galimyb\u0119 i\u0161samiai apra\u0161yti projekto apimt\u012f, kain\u0105 ir talent\u0173 poreik\u012f. Nors samdant darbuotoj\u0105 nereikia i\u0161samaus darbo apra\u0161ymo, siekite pateikti pakankamai informacijos, kad rangovas gal\u0117t\u0173 nuspr\u0119sti, ar jis tinka \u0161ioms pareigoms. Socialin\u0117s \u017einiasklaidos paskyros<\/p>\n<p>Galite samdyti kvalifikuotus \u012fsilau\u017e\u0117lius \u012fvairioms \u012fsilau\u017eimo paslaugoms, \u012fskaitant \u012fsilau\u017eim\u0105 \u012f telefon\u0105 ir \u012fsilau\u017eim\u0105 \u012f socialin\u0119 \u017einiasklaid\u0105, teikti. Be daugelio kit\u0173 \u012fsilau\u017eimo paslaug\u0173, galite samdyti \u012fsilau\u017e\u0117lius tokioms paslaugoms kaip \u012fsilau\u017eimas \u012f \"Facebook\", \"TikTok\", \"WhatsApp\", el. pa\u0161t\u0105, \"Instagram\" ir mobiliuosius telefonus. Yra \u017einoma, kad \u012fsilau\u017e\u0117liai ekspertai yra sukompromitav\u0119 FB paskyras, kaip matyti i\u0161\u00a0<a href=\"https:\/\/www.facebook.com\/help\/1216349518398524\" target=\"_blank\" rel=\"noopener\">\"Facebook\" pagalbos centras<\/a>. Tokius \u012fsilau\u017e\u0117lius, turin\u010dius j\u016bs\u0173 poreikiams reikaling\u0173 \u017eini\u0173 ir geb\u0117jim\u0173, daugeliu atvej\u0173 galima i\u0161sinuomoti. Socialin\u0117s \u017einiasklaidos paskyros<\/p>\n<p>Vis dar norite pasamdyti \u012fsilau\u017e\u0117l\u012f \"Facebook\" ar el. pa\u0161to problemoms spr\u0119sti? Pasl\u0117ptojoje vikipedijoje n\u0117ra nuorod\u0173 \u012f svetaines, kuriose b\u016bt\u0173 galima i\u0161sinuomoti \u012fsilau\u017e\u0117lius, teikian\u010dius \u0161ias konkre\u010dias paslaugas, ta\u010diau galite apsilankyti tokioje svetain\u0117je, pvz.\u00a0<a href=\"https:\/\/rentahacker.io\/lt\/\" target=\"_blank\" rel=\"noopener noreferrer\">rentahacker.io<\/a> rasti tinkam\u0105 asmen\u012f. Socialin\u0117s \u017einiasklaidos paskyros<\/p>\n<p><img decoding=\"async\" data-src=\"https:\/\/beauty-by-world.com\/wp-content\/uploads\/2025\/06\/social-media-accounts-hacker-300x158.jpg\" alt=\"SOCIALIN\u0116S \u017dINIASKLAIDOS PASKYROS\" width=\"300\" height=\"158\" src=\"data:image\/svg+xml;base64,PHN2ZyB3aWR0aD0iMSIgaGVpZ2h0PSIxIiB4bWxucz0iaHR0cDovL3d3dy53My5vcmcvMjAwMC9zdmciPjwvc3ZnPg==\" class=\"lazyload\" style=\"--smush-placeholder-width: 300px; --smush-placeholder-aspect-ratio: 300\/158;\" \/>Geras \u012fsilau\u017e\u0117lis neims cent\u0173, o bet kuris pigus \u012fsilau\u017e\u0117lis bandys i\u0161 j\u016bs\u0173 i\u0161vilioti santaupas ir suk\u010diauti. \u0160ie vaikinai negali suteikti to, ko \u017emon\u0117s nori, nes j\u0173 paslaugos i\u0161 anksto yra per brangios laiko, pinig\u0173 ir t. t. at\u017evilgiu. Socialin\u0117s \u017einiasklaidos paskyros<\/p>\n<\/div>\n<\/article>\n<\/div>\n<\/div>\t\t\t\t\t\t\t\t<\/div>\n\t\t\t\t<\/div>\n\t\t\t\t\t<\/div>\n\t\t<\/div>\n\t\t\t\t\t<\/div>\n\t\t<\/section>\n\t\t\t\t<section class=\"elementor-section elementor-top-section elementor-element elementor-element-da4e662 elementor-section-boxed elementor-section-height-default elementor-section-height-default default-style\" data-id=\"da4e662\" data-element_type=\"section\" data-settings=\"{&quot;rt_color_sets&quot;:&quot;default-style&quot;}\">\n\t\t\t\t\t\t<div class=\"elementor-container elementor-column-gap-default\">\n\t\t\t\t\t<div class=\"elementor-column elementor-col-50 elementor-top-column elementor-element elementor-element-db924fe\" data-id=\"db924fe\" data-element_type=\"column\">\n\t\t\t<div class=\"elementor-widget-wrap elementor-element-populated\">\n\t\t\t\t\t\t<div class=\"elementor-element elementor-element-0485719 elementor-widget elementor-widget-image\" data-id=\"0485719\" data-element_type=\"widget\" data-widget_type=\"image.default\">\n\t\t\t\t<div class=\"elementor-widget-container\">\n\t\t\t\t\t\t\t\t\t\t\t\t\t\t\t<img fetchpriority=\"high\" decoding=\"async\" width=\"768\" height=\"288\" src=\"https:\/\/rentahacker.io\/wp-content\/uploads\/2022\/11\/Buy-Registered-Documents.jpg\" class=\"attachment-large size-large wp-image-4545\" alt=\"Tamsi\u0173j\u0173 interneto \u012fsilau\u017e\u0117li\u0173 nuoma\" srcset=\"https:\/\/rentahacker.io\/wp-content\/uploads\/2022\/11\/Buy-Registered-Documents.jpg 768w, https:\/\/rentahacker.io\/wp-content\/uploads\/2022\/11\/Buy-Registered-Documents-300x113.jpg 300w, https:\/\/rentahacker.io\/wp-content\/uploads\/2022\/11\/Buy-Registered-Documents-600x225.jpg 600w\" sizes=\"(max-width: 768px) 100vw, 768px\" \/>\t\t\t\t\t\t\t\t\t\t\t\t\t\t\t<\/div>\n\t\t\t\t<\/div>\n\t\t\t\t\t<\/div>\n\t\t<\/div>\n\t\t\t\t<div class=\"elementor-column elementor-col-50 elementor-top-column elementor-element elementor-element-bff131d\" data-id=\"bff131d\" data-element_type=\"column\">\n\t\t\t<div class=\"elementor-widget-wrap elementor-element-populated\">\n\t\t\t\t\t\t<div class=\"elementor-element elementor-element-db6bcbe elementor-widget elementor-widget-heading\" data-id=\"db6bcbe\" data-element_type=\"widget\" data-widget_type=\"heading.default\">\n\t\t\t\t<div class=\"elementor-widget-container\">\n\t\t\t\t\t<h2 class=\"elementor-heading-title elementor-size-default\">Socialin\u0117s \u017einiasklaidos paskyros \u012fsilau\u017e\u0117lio nuoma<\/h2>\t\t\t\t<\/div>\n\t\t\t\t<\/div>\n\t\t\t\t\t<\/div>\n\t\t<\/div>\n\t\t\t\t\t<\/div>\n\t\t<\/section>\n\t\t\t\t<\/div>","protected":false},"excerpt":{"rendered":"<p>Nuoma Socialin\u0117s \u017einiasklaidos paskyr\u0173 \u012fsilau\u017e\u0117lis Ar galite \u012fsivaizduoti, koki\u0105 gali\u0105 gali tur\u0117ti prieiga prie kieno nors socialin\u0117s \u017einiasklaidos paskyr\u0173? Kas b\u016bt\u0173, jei gal\u0117tum\u0117te gauti vertingos informacijos, atskleisti pasl\u0117ptas paslaptis ar net apsisaugoti nuo galim\u0173 gr\u0117smi\u0173? \u0160iuolaikiniame skaitmeniniame am\u017eiuje, kai socialin\u0117 \u017einiasklaida vaidina lemiam\u0105 vaidmen\u012f m\u016bs\u0173 gyvenime, b\u016btina suvokti, kaip svarbu saugoti [...]<\/p>","protected":false},"author":1,"featured_media":5841,"parent":0,"menu_order":0,"comment_status":"closed","ping_status":"open","template":"","meta":{"footnotes":""},"class_list":["post-5840","page","type-page","status-publish","has-post-thumbnail","hentry"],"_links":{"self":[{"href":"https:\/\/rentahacker.io\/lt\/wp-json\/wp\/v2\/pages\/5840","targetHints":{"allow":["GET"]}}],"collection":[{"href":"https:\/\/rentahacker.io\/lt\/wp-json\/wp\/v2\/pages"}],"about":[{"href":"https:\/\/rentahacker.io\/lt\/wp-json\/wp\/v2\/types\/page"}],"author":[{"embeddable":true,"href":"https:\/\/rentahacker.io\/lt\/wp-json\/wp\/v2\/users\/1"}],"replies":[{"embeddable":true,"href":"https:\/\/rentahacker.io\/lt\/wp-json\/wp\/v2\/comments?post=5840"}],"version-history":[{"count":4,"href":"https:\/\/rentahacker.io\/lt\/wp-json\/wp\/v2\/pages\/5840\/revisions"}],"predecessor-version":[{"id":5845,"href":"https:\/\/rentahacker.io\/lt\/wp-json\/wp\/v2\/pages\/5840\/revisions\/5845"}],"wp:featuredmedia":[{"embeddable":true,"href":"https:\/\/rentahacker.io\/lt\/wp-json\/wp\/v2\/media\/5841"}],"wp:attachment":[{"href":"https:\/\/rentahacker.io\/lt\/wp-json\/wp\/v2\/media?parent=5840"}],"curies":[{"name":"wp","href":"https:\/\/api.w.org\/{rel}","templated":true}]}}