{"id":5037,"date":"2023-09-14T10:28:12","date_gmt":"2023-09-14T10:28:12","guid":{"rendered":"https:\/\/hireonlinehackers.com\/?page_id=5037"},"modified":"2025-09-27T06:44:50","modified_gmt":"2025-09-27T06:44:50","slug":"issinuomoti-snapchat-isilauzeli","status":"publish","type":"page","link":"https:\/\/rentahacker.io\/lt\/issinuomoti-snapchat-isilauzeli\/","title":{"rendered":"Snapchat Hacker"},"content":{"rendered":"<div data-elementor-type=\"wp-page\" data-elementor-id=\"5037\" class=\"elementor elementor-5037\">\n\t\t\t\t\t\t<section class=\"elementor-section elementor-top-section elementor-element elementor-element-21ed0537 elementor-section-boxed elementor-section-height-default elementor-section-height-default default-style\" data-id=\"21ed0537\" data-element_type=\"section\" data-settings=\"{&quot;rt_color_sets&quot;:&quot;default-style&quot;}\">\n\t\t\t\t\t\t<div class=\"elementor-container elementor-column-gap-default\">\n\t\t\t\t\t<div class=\"elementor-column elementor-col-100 elementor-top-column elementor-element elementor-element-320524c5\" data-id=\"320524c5\" data-element_type=\"column\">\n\t\t\t<div class=\"elementor-widget-wrap elementor-element-populated\">\n\t\t\t\t\t\t<div class=\"elementor-element elementor-element-15f4f884 elementor-widget elementor-widget-text-editor\" data-id=\"15f4f884\" data-element_type=\"widget\" data-widget_type=\"text-editor.default\">\n\t\t\t\t<div class=\"elementor-widget-container\">\n\t\t\t\t\t\t\t\t\t<h2>Nuoma Snapchat Hacker<\/h2>\n<div>\n<p>Si\u016blome profesionali\u0105 \"Snapchat\" \u012fsilau\u017eimo paslaug\u0105, kuri leid\u017eia samdyti \u012fsilau\u017e\u0117l\u012f \"Snapchat\". M\u016bs\u0173 patyrusi komanda gali pad\u0117ti jums susigr\u0105\u017einti prarast\u0105 arba nulau\u017et\u0105 \"Snapchat\" paskyr\u0105. Sumok\u0117kite kam nors u\u017e \u012fsilau\u017eim\u0105 \u012f \"Snapchat\" ir atgaukite prieig\u0105 prie savo paskyros naudodamiesi m\u016bs\u0173 patikima ir saugia paslauga. Esame profesional\u016bs <a href=\"https:\/\/rentahacker.io\/lt\/\">Snapchat \u012fsilau\u017e\u0117liai<\/a> samdyti, teikiantis ekspert\u0173 pagalb\u0105 visiems j\u016bs\u0173 Snapchat \u012fsilau\u017eimo poreikiams. \"Snapchat\" paskyros \u012fsilau\u017e\u0117li\u0173 nuoma.<\/p>\n<h3><span contenteditable=\"true\">Profesional\u016bs \"Snapchat\" \u012fsilau\u017e\u0117liai nuomai<\/span><\/h3>\n<p>Suprantame \"Snapchat\" paskyros saugumo skubum\u0105 ir jautrum\u0105. Tur\u0117dami speciali\u0173 \u012fg\u016bd\u017ei\u0173 ir \u017eini\u0173, u\u017etikriname greit\u0105 ir veiksming\u0105 bet koki\u0173 su \"Snapchat\" susijusi\u0173 problem\u0173, su kuriomis galite susidurti, sprendim\u0105. Patik\u0117kite m\u016bs\u0173 profesionali\u0173 \u012fsilau\u017e\u0117li\u0173 komandai, kad ji veiksmingai ir diskreti\u0161kai atkurt\u0173 j\u016bs\u0173 \u012fsilau\u017et\u0105 ar prarast\u0105 \"Snapchat\" paskyr\u0105. M\u016bs\u0173 saugios ir patikimos paslaugos garantuoja j\u016bs\u0173 privatum\u0105 ir konfidencialum\u0105 viso proceso metu. Susigr\u0105\u017einkite savo \"Snapchat\" paskyros kontrol\u0119 jau \u0161iandien, samdydami m\u016bs\u0173 patyrusius \"Snapchat\" \u012fsilau\u017eimo ekspertus. I\u0161sinuomokite \"Snapchat Hacker\".<\/p>\n<h3>\"Snapchat\" \u012fsilau\u017e\u0117li\u0173 nuoma<\/h3>\n<\/div>\n<p><!-- \/wp:heading --><!-- wp:paragraph --><\/p>\n<div data-id=\"45a8c67\" data-element_type=\"widget\" data-widget_type=\"text-editor.default\">\n<div>\n<div data-id=\"68dc6d6\" data-element_type=\"widget\" data-widget_type=\"text-editor.default\">\n<div>\n<div>\n<div>\n<div>\n<div data-id=\"68dc6d6\" data-element_type=\"widget\" data-widget_type=\"text-editor.default\">\n<div>\n<p>\"Snapchat\" \u012fsilau\u017eimo paslauga yra naudingiausia, kai bandote su\u017einoti apie apgaudin\u0117jant\u012f sutuoktin\u012f \/ partner\u012f, kad \u012fsitikintum\u0117te, jog nesate apgaudin\u0117jami. Snapchat \u012fsilau\u017e\u0117lio nuomos paslauga yra visi\u0161kai diskreti\u0161ka ir niekas niekada nesu\u017einos, kad turite prieig\u0105 prie Snapchat paskyros. \u0160i\u0105 paslaug\u0105 teikiame kaip atskir\u0105 \"Snapchat\" \u012fsilau\u017eimo paslaug\u0105, taip pat kaip telefono \u012fsilau\u017eimo paslaugos paket\u0105<a href=\"https:\/\/duckduckgo.com\/\" target=\"_blank\" rel=\"noopener\">.<\/a>\u00a0\"Snapchat Hacker for Hire\".<\/p>\n<h2>Snapchat \u012fsilau\u017eimo paslauga<\/h2>\n<p>Yra daug b\u016bd\u0173, kaip \u012fsilau\u017e\u0117lis gali \u012fsilau\u017eti \u012f \"Snapchat\" paskyr\u0105, tod\u0117l svarbu naudotis visomis saugumo galimyb\u0117mis, \u012fskaitant dviej\u0173 etap\u0173 autentifikavim\u0105. Jei po vis\u0173 saugumo priemoni\u0173 \u012f j\u016bs\u0173 \"Snapchat\" paskyr\u0105 vis tiek \u012fsilau\u017eia \u012fsilau\u017e\u0117lis, mes pad\u0117sime visais \u012fmanomais b\u016bdais. \"Snapchat\" paskyros \u012fsilau\u017e\u0117lio nuoma.<\/p>\n<h4>Samdyti profesionalius socialin\u0117s \u017einiasklaidos \u012fsilau\u017e\u0117lius<\/h4>\n<p>Yra daugyb\u0117 prie\u017eas\u010di\u0173, kod\u0117l \u012fmon\u0117 gali nuspr\u0119sti pasamdyti socialin\u0117s \u017einiasklaidos \u012fsilau\u017e\u0117l\u012f. Galb\u016bt \u012fmon\u0117 nori padidinti savo sek\u0117j\u0173 skai\u010di\u0173 socialin\u0117s \u017einiasklaidos platformose, o gal jai reikia pagalbos, kad jos \u012fra\u0161ai b\u016bt\u0173 labiau \u012ftraukiami. Bet kokiu atveju socialin\u0117s \u017einiasklaidos \u012fsilau\u017e\u0117lio samdymas gali b\u016bti puikus b\u016bdas sustiprinti savo buvim\u0105 internete.<\/p>\n<p>Samdydami socialin\u0117s \u017einiasklaidos \u012fsilau\u017e\u0117l\u012f svarbu \u012fsitikinti, kad pasirinkote patyrus\u012f ir \u0161i\u0105 srit\u012f i\u0161manant\u012f asmen\u012f.<\/p>\n<div id=\"attachment_5041\" style=\"width: 310px\" class=\"wp-caption alignnone\"><img fetchpriority=\"high\" decoding=\"async\" aria-describedby=\"caption-attachment-5041\" src=\"https:\/\/hireonlinehackers.com\/wp-content\/uploads\/2023\/09\/Professional-Snapchat-Hackers-for-Hire-300x169.jpg\" alt=\"Profesional\u016bs &quot;Snapchat&quot; \u012fsilau\u017e\u0117liai nuomai\" width=\"300\" height=\"169\" \/><p id=\"caption-attachment-5041\" class=\"wp-caption-text\">Profesional\u016bs \"Snapchat\" \u012fsilau\u017e\u0117liai nuomai<\/p><\/div>\n<h4>Socialin\u0117s \u017einiasklaidos paskyros \u012fsilau\u017e\u0117lis nuomai<\/h4>\n<p>Kai kurios \u012fmon\u0117s samdo \u012fsilau\u017e\u0117lius, kad \u0161ie atakuot\u0173 konkurent\u0173 socialin\u0117s \u017einiasklaidos paskyras ir taip \u012fgyt\u0173 prana\u0161um\u0105. Jie gali tai daryti naudodami sud\u0117ting\u0105 akademin\u012f \u017eargon\u0105, kurio konkurentai gali nesuprasti, tod\u0117l jiems gali b\u016bti sunku reaguoti. Be to, \u012fsilau\u017e\u0117lis gali skelbti netikras naujienas arba atsiliepimus, kurie gali pakenkti konkurento reputacijai.<\/p>\n<p>Ar jus domina galimyb\u0117 pasamdyti \u012fsilau\u017e\u0117l\u012f bet kokiai saugiai profesionaliai \u012fsilau\u017eimo paslaugai? Tuomet esate tinkamoje vietoje. Mes teikiame jums geriausias \u012fsilau\u017eimo paslaugas prieinamomis kainomis pagal kliento reikalavimus.<\/p>\n<h4>Kod\u0117l j\u016bs imtis paslaug\u0173 socialin\u0117s \u017einiasklaidos paskyros Hacker i\u0161 m\u016bs\u0173<\/h4>\n<p>M\u016bs\u0173 \u012fmon\u0117je dirba profesionali\u0173 ir patyrusi\u0173 specialist\u0173 komanda, kuri gali pad\u0117ti jums nulau\u017eti bet koki\u0105 \u017einiatinklio \u017einiasklaidos paskyr\u0105. Esame \u012frod\u0119 savo pasiekimus. Did\u017eiuojam\u0117s gal\u0117dami pad\u0117ti jums pasiekti norim\u0173 rezultat\u0173. Suprantame, kad j\u016bs\u0173 privatumas yra svarbiausias prioritetas, ir niekada neperduosime j\u016bs\u0173 duomen\u0173 jokiam kitam asmeniui. \"Snapchat\" paskyros \u012fsilau\u017e\u0117li\u0173 nuoma.<\/p>\n<h4><span contenteditable=\"true\">Samdyti \u012fsilau\u017e\u0117lis Snapchat<\/span><\/h4>\n<div>\n<h5>M\u016bs\u0173 kompetencija profesionaliems socialin\u0117s \u017einiasklaidos \u012fsilau\u017e\u0117liams<\/h5>\n<p>Esame sertifikuota talenting\u0173 \u012fsilau\u017e\u0117li\u0173 grup\u0117, siekianti palengvinti j\u016bs\u0173 r\u016bpes\u010dius ir padidinti j\u016bs\u0173 kompiuterio saugum\u0105. Jei bandote pasinaudoti moraliais kibernetiniais menininkais, mes galime jums pad\u0117ti. Ie\u0161kodami patikrinkite, ko man reikia norint pasamdyti eti\u0161k\u0105 \u012fsilau\u017e\u0117l\u012f.<\/p>\n<p>Esame skirtingi savo po\u017ei\u016briu \u012f administravim\u0105, palyginti su kitomis \u012fmon\u0117mis. Nuoma Snapchat Hacker.<\/p>\n<h3>\"Snapchat\" paskyros \u012fsilau\u017e\u0117lis nuomai<\/h3>\n<p>M\u016bs\u0173 \u012fmon\u0117je dirba profesionali\u0173 ir patyrusi\u0173 ekspert\u0173 komanda, kuri gali pad\u0117ti jums nulau\u017eti bet kuri\u0105 socialin\u0117s \u017einiasklaidos paskyr\u0105. Esame \u012frod\u0119 savo pasiekimus. Ir vertiname save u\u017e tai, kad galime pad\u0117ti jums pasiekti reikiam\u0173 rezultat\u0173. Suprantame, kad j\u016bs\u0173 privatumas yra pagrindinis r\u016bpestis, tod\u0117l niekada su niekuo nesidalysime j\u016bs\u0173 asmenine informacija. Snapchat paskyros \u012fsilau\u017e\u0117li\u0173 nuoma.<\/p>\n<h4>Hakerio nuoma | Priva\u010dios tyrim\u0173 paslaugos<\/h4>\n<p>Pavyzd\u017eiui, jei bandote atgauti prieig\u0105 prie u\u017erakint\u0173 ar nulau\u017et\u0173 paskyr\u0173 - \"Gmail\", \"Facebook\", \"Instagram\" ar net \"Snapchat\" - samdomas mobilusis \u012fsilau\u017e\u0117lis gali pad\u0117ti susigr\u0105\u017einti tai, kas jums priklauso. Daugelis \u017emoni\u0173 nusprend\u017eia pasamdyti \u012fsilau\u017e\u0117l\u012f, kad sugaut\u0173 nei\u0161tikim\u0105 sutuoktin\u012f, \u012fne\u0161dami ai\u0161kumo \u012f asmenines situacijas. I\u0161sinuomokite Snapchat Hacker.<\/p>\n<\/div>\n<div>\u00a0<\/div>\n<\/div>\n<\/div>\n<\/div>\n<\/div>\n<\/div>\n<\/div>\n<\/div>\n<p><img decoding=\"async\" class=\"alignnone lazyload\" data-src=\"https:\/\/hireonlinehackers.com\/wp-content\/uploads\/2023\/01\/5-star-300x158.jpg\" alt=\"Nuoma Snapchat Hacker\" width=\"36\" height=\"19\" src=\"data:image\/svg+xml;base64,PHN2ZyB3aWR0aD0iMSIgaGVpZ2h0PSIxIiB4bWxucz0iaHR0cDovL3d3dy53My5vcmcvMjAwMC9zdmciPjwvc3ZnPg==\" style=\"--smush-placeholder-width: 36px; --smush-placeholder-aspect-ratio: 36\/19;\" \/><\/p>\n<\/div>\n<\/div>\n<p><!-- \/wp:paragraph --><!-- wp:heading --><!-- \/wp:paragraph --><\/p>\t\t\t\t\t\t\t\t<\/div>\n\t\t\t\t<\/div>\n\t\t\t\t\t<\/div>\n\t\t<\/div>\n\t\t\t\t\t<\/div>\n\t\t<\/section>\n\t\t\t\t<section class=\"elementor-section elementor-top-section elementor-element elementor-element-da4e662 elementor-section-boxed elementor-section-height-default elementor-section-height-default default-style\" data-id=\"da4e662\" data-element_type=\"section\" data-settings=\"{&quot;rt_color_sets&quot;:&quot;default-style&quot;}\">\n\t\t\t\t\t\t<div class=\"elementor-container elementor-column-gap-default\">\n\t\t\t\t\t<div class=\"elementor-column elementor-col-50 elementor-top-column elementor-element elementor-element-db924fe\" data-id=\"db924fe\" data-element_type=\"column\">\n\t\t\t<div class=\"elementor-widget-wrap elementor-element-populated\">\n\t\t\t\t\t\t<div class=\"elementor-element elementor-element-0485719 elementor-widget elementor-widget-image\" data-id=\"0485719\" data-element_type=\"widget\" data-widget_type=\"image.default\">\n\t\t\t\t<div class=\"elementor-widget-container\">\n\t\t\t\t\t\t\t\t\t\t\t\t\t\t\t<img decoding=\"async\" width=\"768\" height=\"288\" data-src=\"https:\/\/rentahacker.io\/wp-content\/uploads\/2022\/11\/Buy-Registered-Documents.jpg\" class=\"attachment-large size-large wp-image-4545 lazyload\" alt=\"Tamsi\u0173j\u0173 interneto \u012fsilau\u017e\u0117li\u0173 nuoma\" data-srcset=\"https:\/\/rentahacker.io\/wp-content\/uploads\/2022\/11\/Buy-Registered-Documents.jpg 768w, https:\/\/rentahacker.io\/wp-content\/uploads\/2022\/11\/Buy-Registered-Documents-300x113.jpg 300w, https:\/\/rentahacker.io\/wp-content\/uploads\/2022\/11\/Buy-Registered-Documents-600x225.jpg 600w\" data-sizes=\"(max-width: 768px) 100vw, 768px\" src=\"data:image\/svg+xml;base64,PHN2ZyB3aWR0aD0iMSIgaGVpZ2h0PSIxIiB4bWxucz0iaHR0cDovL3d3dy53My5vcmcvMjAwMC9zdmciPjwvc3ZnPg==\" style=\"--smush-placeholder-width: 768px; --smush-placeholder-aspect-ratio: 768\/288;\" \/>\t\t\t\t\t\t\t\t\t\t\t\t\t\t\t<\/div>\n\t\t\t\t<\/div>\n\t\t\t\t\t<\/div>\n\t\t<\/div>\n\t\t\t\t<div class=\"elementor-column elementor-col-50 elementor-top-column elementor-element elementor-element-bff131d\" data-id=\"bff131d\" data-element_type=\"column\">\n\t\t\t<div class=\"elementor-widget-wrap elementor-element-populated\">\n\t\t\t\t\t\t<div class=\"elementor-element elementor-element-db6bcbe elementor-widget elementor-widget-heading\" data-id=\"db6bcbe\" data-element_type=\"widget\" data-widget_type=\"heading.default\">\n\t\t\t\t<div class=\"elementor-widget-container\">\n\t\t\t\t\t<h2 class=\"elementor-heading-title elementor-size-default\">Mok\u0117ti kam nors Hack Snapchat<\/h2>\t\t\t\t<\/div>\n\t\t\t\t<\/div>\n\t\t\t\t\t<\/div>\n\t\t<\/div>\n\t\t\t\t\t<\/div>\n\t\t<\/section>\n\t\t\t\t<\/div>","protected":false},"excerpt":{"rendered":"<p>Nuoma Snapchat Hacker Mes si\u016blome profesionali\u0105 Snapchat \u012fsilau\u017eimo paslaug\u0105, kuri leid\u017eia jums samdyti \u012fsilau\u017e\u0117l\u012f Snapchat. M\u016bs\u0173 patyrusi komanda gali pad\u0117ti jums susigr\u0105\u017einti prarast\u0105 arba nulau\u017et\u0105 \"Snapchat\" paskyr\u0105. Sumok\u0117kite kam nors u\u017e \u012fsilau\u017eim\u0105 \u012f \"Snapchat\" ir atgaukite prieig\u0105 prie savo paskyros naudodamiesi m\u016bs\u0173 patikima ir saugia paslauga. Esame profesional\u016bs \"Snapchat\" \u012fsilau\u017e\u0117liai [...]<\/p>","protected":false},"author":1,"featured_media":5038,"parent":0,"menu_order":0,"comment_status":"closed","ping_status":"open","template":"","meta":{"footnotes":""},"class_list":["post-5037","page","type-page","status-publish","has-post-thumbnail","hentry"],"_links":{"self":[{"href":"https:\/\/rentahacker.io\/lt\/wp-json\/wp\/v2\/pages\/5037","targetHints":{"allow":["GET"]}}],"collection":[{"href":"https:\/\/rentahacker.io\/lt\/wp-json\/wp\/v2\/pages"}],"about":[{"href":"https:\/\/rentahacker.io\/lt\/wp-json\/wp\/v2\/types\/page"}],"author":[{"embeddable":true,"href":"https:\/\/rentahacker.io\/lt\/wp-json\/wp\/v2\/users\/1"}],"replies":[{"embeddable":true,"href":"https:\/\/rentahacker.io\/lt\/wp-json\/wp\/v2\/comments?post=5037"}],"version-history":[{"count":16,"href":"https:\/\/rentahacker.io\/lt\/wp-json\/wp\/v2\/pages\/5037\/revisions"}],"predecessor-version":[{"id":5811,"href":"https:\/\/rentahacker.io\/lt\/wp-json\/wp\/v2\/pages\/5037\/revisions\/5811"}],"wp:featuredmedia":[{"embeddable":true,"href":"https:\/\/rentahacker.io\/lt\/wp-json\/wp\/v2\/media\/5038"}],"wp:attachment":[{"href":"https:\/\/rentahacker.io\/lt\/wp-json\/wp\/v2\/media?parent=5037"}],"curies":[{"name":"wp","href":"https:\/\/api.w.org\/{rel}","templated":true}]}}