{"id":5026,"date":"2023-09-14T09:39:25","date_gmt":"2023-09-14T09:39:25","guid":{"rendered":"https:\/\/hireonlinehackers.com\/?page_id=5026"},"modified":"2025-09-27T05:50:50","modified_gmt":"2025-09-27T05:50:50","slug":"issinuomoti-instagram-isilauzeli","status":"publish","type":"page","link":"https:\/\/rentahacker.io\/lt\/issinuomoti-instagram-isilauzeli\/","title":{"rendered":"\"Instagram\" \u012fsilau\u017e\u0117lis"},"content":{"rendered":"<div data-elementor-type=\"wp-page\" data-elementor-id=\"5026\" class=\"elementor elementor-5026\">\n\t\t\t\t\t\t<section class=\"elementor-section elementor-top-section elementor-element elementor-element-21ed0537 elementor-section-boxed elementor-section-height-default elementor-section-height-default default-style\" data-id=\"21ed0537\" data-element_type=\"section\" data-settings=\"{&quot;rt_color_sets&quot;:&quot;default-style&quot;}\">\n\t\t\t\t\t\t<div class=\"elementor-container elementor-column-gap-default\">\n\t\t\t\t\t<div class=\"elementor-column elementor-col-100 elementor-top-column elementor-element elementor-element-320524c5\" data-id=\"320524c5\" data-element_type=\"column\">\n\t\t\t<div class=\"elementor-widget-wrap elementor-element-populated\">\n\t\t\t\t\t\t<div class=\"elementor-element elementor-element-15f4f884 elementor-widget elementor-widget-text-editor\" data-id=\"15f4f884\" data-element_type=\"widget\" data-widget_type=\"text-editor.default\">\n\t\t\t\t<div class=\"elementor-widget-container\">\n\t\t\t\t\t\t\t\t\t<h2>Nuoma Instagram Hacker<\/h2>\n<p><!-- \/wp:heading --><!-- wp:paragraph --><\/p>\n<div data-id=\"45a8c67\" data-element_type=\"widget\" data-widget_type=\"text-editor.default\">\n<div>\n<div data-id=\"68dc6d6\" data-element_type=\"widget\" data-widget_type=\"text-editor.default\">\n<div>\n<div>\n<div>\n<div>\n<p>M\u016bs\u0173 profesionali\u0173 \u012fsilau\u017e\u0117li\u0173 paslaugos specializuojasi \"Instagram\" paskyros \u012fsilau\u017eimo srityje ir suteikia galimyb\u0119 pasiekti bet kuri\u0105 internetin\u0119 paskyr\u0105 bei steb\u0117ti \u012fvairias platformas, tokias kaip \"WhatsApp\", \"Facebook\", \"Discord\", \"Snapchat\" ir kt. Naudodamiesi m\u016bs\u0173 programine priemone, kuri\u0105 galima naudoti kompiuteryje, \"iPhone\" ir \"Android\", galite gauti prieig\u0105 prie toki\u0173 funkcij\u0173 kaip tiesiogin\u0117 GPS buvimo vieta, kameros ir mikrofono steb\u0117jimas, prane\u0161imai, el. lai\u0161kai, skambu\u010diai, nar\u0161ykl\u0117s istorija, ekrano \u012fra\u0161ymas ir i\u0161trint\u0173 prane\u0161im\u0173, fail\u0173 bei medijos atk\u016brimas.\u00a0<\/p>\n<h3>\"Instagram\" \u012fsilau\u017e\u0117lis nuomai<\/h3>\n<p>Jei atsid\u016br\u0117te nelaimingoje situacijoje, kai praradote ar nulau\u017e\u0117te \"Instagram\" paskyr\u0105, m\u016bs\u0173 profesionali\u0173 \u012fsilau\u017e\u0117li\u0173 komanda pad\u0117s jums greitai ir lengvai j\u0105 susigr\u0105\u017einti. Nedvejodami samdykite profesionalius \"Instagram\" \u012fsilau\u017e\u0117lius ir susigr\u0105\u017einkite savo paskyros kontrol\u0119. \"Instagram\" paskyros \u012fsilau\u017e\u0117li\u0173 nuoma.<\/p>\n<h3>Samdyti Hacker tarnyba Instagram Hack<\/h3>\n<\/div>\n<\/div>\n<p>Jei praradote prieig\u0105 prie \"Instagram\" paskyros arba norite gauti prieig\u0105 prie \"Instagram\" paskyros d\u0117l kit\u0173 prie\u017eas\u010di\u0173, \u0161i paslauga jums reikalinga. Mes nesiun\u010diame joki\u0173 nuorod\u0173 ar prane\u0161im\u0173 savininkui, tod\u0117l \u0161i paslauga yra visi\u0161kai diskreti\u0161ka ir anonimi\u0161ka. Mums labai svarbus m\u016bs\u0173 klient\u0173 saugumas, tod\u0117l atlikdami visus darbus to nepamir\u0161tame. I\u0161sinuomokite profesionalius \"Instagram\" \u012fsilau\u017e\u0117lius internetu pigiai. Instagram paskyros \u012fsilau\u017e\u0117li\u0173 nuoma.<\/p>\n<p><img decoding=\"async\" class=\"alignnone lazyload\" data-src=\"https:\/\/hireonlinehackers.com\/wp-content\/uploads\/2023\/09\/Instagram-Hacker-for-Hire-300x168.jpg\" alt=\"Nuoma Instagram Hacker\" width=\"230\" height=\"128\" src=\"data:image\/svg+xml;base64,PHN2ZyB3aWR0aD0iMSIgaGVpZ2h0PSIxIiB4bWxucz0iaHR0cDovL3d3dy53My5vcmcvMjAwMC9zdmciPjwvc3ZnPg==\" style=\"--smush-placeholder-width: 230px; --smush-placeholder-aspect-ratio: 230\/128;\" \/><\/p>\n<h3><span contenteditable=\"true\">\"Instagram\" \u012fsilau\u017e\u0117lio nuoma<\/span><\/h3>\n<\/div>\n<\/div>\n<\/div>\n<\/div>\n<\/div>\n<p>Pateikiame paprast\u0105 proces\u0105, kaip pasamdyti <a href=\"https:\/\/rentahacker.io\/lt\/\">\"Instagram\" \u012fsilau\u017e\u0117lis<\/a>, specialiai sukurt\u0105 tam, kad pad\u0117tum\u0117te sugauti nei\u0161tikim\u0105 sutuoktin\u012f arba nei\u0161tikim\u0105 sutuoktin\u012f. M\u016bs\u0173 paslaugos si\u016blo nebrangias galimybes samdyti \"Instagram\" \u012fsilau\u017e\u0117l\u012f. Si\u016blome \u012fvairias \u012fsilau\u017eimo paslaugas, \u012fskaitant \u012fsilau\u017eim\u0105 \u012f \"Instagram\" paskyr\u0105, \u012fsilau\u017eim\u0105 \u012f kompiuter\u012f ir saugumo priemoni\u0173 ap\u0117jim\u0105, tod\u0117l esame patikimas pasirinkimas samdant \"Instagram\" \u012fsilau\u017e\u0117lius. Nesvarbu, ar praradote prieig\u0105 prie savo \"Instagram\" paskyros, ar d\u0117l teis\u0117t\u0173 prie\u017eas\u010di\u0173 jums reikia prieigos prie kieno nors kito paskyros, m\u016bs\u0173 diskreti\u0161kos ir anonimin\u0117s paslaugos gali patenkinti j\u016bs\u0173 poreikius.<\/p>\n<h3>Mok\u0117kite kam nors nulau\u017eti \"Instagram<\/h3>\n<p>M\u016bs\u0173 kvalifikuot\u0173 \u012fsilau\u017e\u0117li\u0173 komanda specializuojasi \"Instagram\" \u012fsilau\u017eimo srityje ir gali pad\u0117ti jums susigr\u0105\u017einti svarbi\u0105 informacij\u0105 arba i\u0161spr\u0119sti bet kokias su paskyra susijusias problemas. Mes laikom\u0117s auk\u0161\u010diausio lygio konfidencialumo ir u\u017etikriname, kad j\u016bs\u0173 asmenin\u0117 informacija i\u0161likt\u0173 saugi viso proceso metu. Neleiskite, kad j\u016bs\u0173 \u012ftarimai ar r\u016bpes\u010diai likt\u0173 be atsako - pasamdykite \"Instagram\" \u012fsilau\u017e\u0117l\u012f \u0161iandien ir gaukite reikiamus atsakymus<a href=\"https:\/\/duckduckgo.com\/\" target=\"_blank\" rel=\"noopener\">.<\/a> Pirmenyb\u0119 teikiame klient\u0173 pasitenkinimui ir garantuojame greitus rezultatus.<\/p>\n<h3>Samdyti profesionalius \"Instagram\" \u012fsilau\u017e\u0117lius<\/h3>\n<p>\u00a0<\/p>\n<p>M\u016bs\u0173 ekspertai \u012fsilau\u017e\u0117liai turi ilgamet\u0119 patirt\u012f \u0161ioje srityje ir yra apr\u016bpinti naujausiais \u012frankiais bei metodais, kad u\u017etikrint\u0173 s\u0117kming\u0105 \u012fsilau\u017eim\u0105 \u012f \"Instagram\". Galite b\u016bti tikri, kad m\u016bs\u0173 paslaugos yra visi\u0161kai teis\u0117tos ir eti\u0161kos, laikantis grie\u017et\u0173 etikos standart\u0173. Daugiau nedvejokite - perimkite savo \"Instagram\" paskyros kontrol\u0119 arba gaukite prieig\u0105 prie reikiamos informacijos, pasamd\u0119 m\u016bs\u0173 patikimus \"Instagram\" \u012fsilau\u017e\u0117lius dabar. \"Instagram\" paskyros \u012fsilau\u017e\u0117li\u0173 nuoma.<\/p>\n<p>Tuo metu, kai u\u017esisakote \"Instagram\" programuotoj\u0105 i\u0161 m\u016bs\u0173, j\u016bs \u012fgyjate teis\u0119 naudotis idealiausiu programuotoju \u0161iame versle. Turime labai talenting\u0173 ir patyrusi\u0173 technomokslinink\u0173 grup\u0119, kurie gali pad\u0117ti jums \u012fgyvendinti bet kokius \u012fsilau\u017eimo poreikius.<\/p>\n<h3>Mok\u0117ti \u012fsilau\u017eti \u012f \"Instagram\" paskyr\u0105<\/h3>\n<p>M\u016bs\u0173 administracija suteikia \u017emon\u0117ms galimyb\u0119 u\u017esisakyti \"Instagram\" programuotoj\u0105. Pasamd\u0119 programuotoj\u0105 per m\u016bs\u0173 administracij\u0105, klientai gali patekti \u012f bet kurio j\u0173 pasirinkto vieni\u0161iaus \u012fra\u0161\u0105, nepriklausomai nuo to, ar jie turi prisijungimo duomenis, ar ne.<\/p>\n<h4>\"Instagram\" paskyros \u012fsilau\u017e\u0117lis nuomai<\/h4>\n<p>Taip klientai gali susigr\u0105\u017einti i\u0161trintas nuotraukas, pakeisti slapta\u017eod\u017eius, o toliau - tik dangus. Mes naudojame sud\u0117ting\u0105 mokslin\u0119 kalb\u0105, kad u\u017etikrintume, jog m\u016bs\u0173 programuotojai yra tikrai ne\u012ftik\u0117tini. Mes visa \u0161irdimi investuojame \u012f savo darb\u0105 ir turime u\u017etikrinti, kad m\u016bs\u0173 klientai b\u016bt\u0173 patenkinti rezultatais. Mok\u0117kite \u012fsilau\u017eti \u012f \"Instagram\" paskyr\u0105.<\/p>\n<h4>Kod\u0117l verta rinktis mus \"Instagram\" hakeri\u0173 nuomai?<\/h4>\n<p>Yra keletas prie\u017eas\u010di\u0173, kod\u0117l i\u0161 m\u016bs\u0173 samdyti \"Instagram\" \u012fsilau\u017e\u0117lius. Bene svarbiausia prie\u017eastis yra ta, kad turime daug kvalifikuot\u0173 ir patyrusi\u0173 \u012fsilau\u017e\u0117li\u0173, galin\u010di\u0173 pad\u0117ti atlikti \u012fvairius \u012fsilau\u017eimo darbus. Be to, si\u016blome konkurencingas kainas, 24\/7 klient\u0173 aptarnavim\u0105 ir 100% pasitenkinimo garantij\u0105.<\/p>\n<p><span class=\"kY2IgmnCmOGjharHErah\">Konstruktyvus bendradarbiavimas ir mokymasis apie \u012fsilau\u017eimo galimybes, pramon\u0117s standartus, \"pilkosios\" ir \"baltosios kepur\u0117s\" \u012fsilau\u017eim\u0105, naujas technin\u0117s ir programin\u0117s \u012frangos \u012fsilau\u017eimo technologijas, dalijimasis id\u0117jomis ir pasi\u016blymais d\u0117l smulkaus verslo ir asmeninio saugumo. <\/span><\/p>\n<div data-id=\"45a8c67\" data-element_type=\"widget\" data-widget_type=\"text-editor.default\">\n<div>\n<p><img decoding=\"async\" data-src=\"https:\/\/hireonlinehackers.com\/wp-content\/uploads\/2023\/01\/5-star-300x158.jpg\" alt=\"Profesionalus \u012fsilau\u017e\u0117lis nuomai Paslaugos\" width=\"36\" height=\"19\" src=\"data:image\/svg+xml;base64,PHN2ZyB3aWR0aD0iMSIgaGVpZ2h0PSIxIiB4bWxucz0iaHR0cDovL3d3dy53My5vcmcvMjAwMC9zdmciPjwvc3ZnPg==\" class=\"lazyload\" style=\"--smush-placeholder-width: 36px; --smush-placeholder-aspect-ratio: 36\/19;\" \/><\/p>\n<\/div>\n<\/div>\n<p><!-- \/wp:paragraph --><!-- wp:heading --><!-- \/wp:paragraph --><\/p>\t\t\t\t\t\t\t\t<\/div>\n\t\t\t\t<\/div>\n\t\t\t\t\t<\/div>\n\t\t<\/div>\n\t\t\t\t\t<\/div>\n\t\t<\/section>\n\t\t\t\t<section class=\"elementor-section elementor-top-section elementor-element elementor-element-da4e662 elementor-section-boxed elementor-section-height-default elementor-section-height-default default-style\" data-id=\"da4e662\" data-element_type=\"section\" data-settings=\"{&quot;rt_color_sets&quot;:&quot;default-style&quot;}\">\n\t\t\t\t\t\t<div class=\"elementor-container elementor-column-gap-default\">\n\t\t\t\t\t<div class=\"elementor-column elementor-col-50 elementor-top-column elementor-element elementor-element-db924fe\" data-id=\"db924fe\" data-element_type=\"column\">\n\t\t\t<div class=\"elementor-widget-wrap elementor-element-populated\">\n\t\t\t\t\t\t<div class=\"elementor-element elementor-element-0485719 elementor-widget elementor-widget-image\" data-id=\"0485719\" data-element_type=\"widget\" data-widget_type=\"image.default\">\n\t\t\t\t<div class=\"elementor-widget-container\">\n\t\t\t\t\t\t\t\t\t\t\t\t\t\t\t<img fetchpriority=\"high\" decoding=\"async\" width=\"768\" height=\"288\" src=\"https:\/\/rentahacker.io\/wp-content\/uploads\/2022\/11\/Buy-Registered-Documents.jpg\" class=\"attachment-large size-large wp-image-4545\" alt=\"Tamsi\u0173j\u0173 interneto \u012fsilau\u017e\u0117li\u0173 nuoma\" srcset=\"https:\/\/rentahacker.io\/wp-content\/uploads\/2022\/11\/Buy-Registered-Documents.jpg 768w, https:\/\/rentahacker.io\/wp-content\/uploads\/2022\/11\/Buy-Registered-Documents-300x113.jpg 300w, https:\/\/rentahacker.io\/wp-content\/uploads\/2022\/11\/Buy-Registered-Documents-600x225.jpg 600w\" sizes=\"(max-width: 768px) 100vw, 768px\" \/>\t\t\t\t\t\t\t\t\t\t\t\t\t\t\t<\/div>\n\t\t\t\t<\/div>\n\t\t\t\t\t<\/div>\n\t\t<\/div>\n\t\t\t\t<div class=\"elementor-column elementor-col-50 elementor-top-column elementor-element elementor-element-bff131d\" data-id=\"bff131d\" data-element_type=\"column\">\n\t\t\t<div class=\"elementor-widget-wrap elementor-element-populated\">\n\t\t\t\t\t\t<div class=\"elementor-element elementor-element-db6bcbe elementor-widget elementor-widget-heading\" data-id=\"db6bcbe\" data-element_type=\"widget\" data-widget_type=\"heading.default\">\n\t\t\t\t<div class=\"elementor-widget-container\">\n\t\t\t\t\t<h2 class=\"elementor-heading-title elementor-size-default\">\"Instagram\" \u012fsilau\u017e\u0117liai 15 minu\u010di\u0173<\/h2>\t\t\t\t<\/div>\n\t\t\t\t<\/div>\n\t\t\t\t\t<\/div>\n\t\t<\/div>\n\t\t\t\t\t<\/div>\n\t\t<\/section>\n\t\t\t\t<\/div>","protected":false},"excerpt":{"rendered":"<p>\"Instagram\" \u012fsilau\u017e\u0117li\u0173 nuoma M\u016bs\u0173 profesionali \u012fsilau\u017e\u0117li\u0173 paslauga specializuojasi \"Instagram\" paskyros \u012fsilau\u017eimo srityje ir suteikia galimyb\u0119 pasiekti bet kuri\u0105 internetin\u0119 paskyr\u0105 bei steb\u0117ti \u012fvairias platformas, tokias kaip \"WhatsApp\", \"Facebook\", \"Discord\", \"Snapchat\" ir kt. Naudodamiesi m\u016bs\u0173 programine priemone, kuri\u0105 galima naudoti kompiuteryje, \"iPhone\" ir \"Android\", galite gauti prieig\u0105 prie toki\u0173 funkcij\u0173, kaip tiesiogin\u0117 GPS buvimo vieta, kameros [...]<\/p>","protected":false},"author":1,"featured_media":5029,"parent":0,"menu_order":0,"comment_status":"closed","ping_status":"open","template":"","meta":{"footnotes":""},"class_list":["post-5026","page","type-page","status-publish","has-post-thumbnail","hentry"],"_links":{"self":[{"href":"https:\/\/rentahacker.io\/lt\/wp-json\/wp\/v2\/pages\/5026","targetHints":{"allow":["GET"]}}],"collection":[{"href":"https:\/\/rentahacker.io\/lt\/wp-json\/wp\/v2\/pages"}],"about":[{"href":"https:\/\/rentahacker.io\/lt\/wp-json\/wp\/v2\/types\/page"}],"author":[{"embeddable":true,"href":"https:\/\/rentahacker.io\/lt\/wp-json\/wp\/v2\/users\/1"}],"replies":[{"embeddable":true,"href":"https:\/\/rentahacker.io\/lt\/wp-json\/wp\/v2\/comments?post=5026"}],"version-history":[{"count":16,"href":"https:\/\/rentahacker.io\/lt\/wp-json\/wp\/v2\/pages\/5026\/revisions"}],"predecessor-version":[{"id":5786,"href":"https:\/\/rentahacker.io\/lt\/wp-json\/wp\/v2\/pages\/5026\/revisions\/5786"}],"wp:featuredmedia":[{"embeddable":true,"href":"https:\/\/rentahacker.io\/lt\/wp-json\/wp\/v2\/media\/5029"}],"wp:attachment":[{"href":"https:\/\/rentahacker.io\/lt\/wp-json\/wp\/v2\/media?parent=5026"}],"curies":[{"name":"wp","href":"https:\/\/api.w.org\/{rel}","templated":true}]}}