{"id":4991,"date":"2023-09-10T16:41:53","date_gmt":"2023-09-10T16:41:53","guid":{"rendered":"https:\/\/hireonlinehackers.com\/?page_id=4991"},"modified":"2025-09-27T06:54:59","modified_gmt":"2025-09-27T06:54:59","slug":"issinuomoti-whatsapp-isilauzeli","status":"publish","type":"page","link":"https:\/\/rentahacker.io\/lt\/issinuomoti-whatsapp-isilauzeli\/","title":{"rendered":"\"WhatsApp\" \u012fsilau\u017e\u0117lis"},"content":{"rendered":"<div data-elementor-type=\"wp-page\" data-elementor-id=\"4991\" class=\"elementor elementor-4991\">\n\t\t\t\t\t\t<section class=\"elementor-section elementor-top-section elementor-element elementor-element-21ed0537 elementor-section-boxed elementor-section-height-default elementor-section-height-default default-style\" data-id=\"21ed0537\" data-element_type=\"section\" data-settings=\"{&quot;rt_color_sets&quot;:&quot;default-style&quot;}\">\n\t\t\t\t\t\t<div class=\"elementor-container elementor-column-gap-default\">\n\t\t\t\t\t<div class=\"elementor-column elementor-col-100 elementor-top-column elementor-element elementor-element-320524c5\" data-id=\"320524c5\" data-element_type=\"column\">\n\t\t\t<div class=\"elementor-widget-wrap elementor-element-populated\">\n\t\t\t\t\t\t<div class=\"elementor-element elementor-element-15f4f884 elementor-widget elementor-widget-text-editor\" data-id=\"15f4f884\" data-element_type=\"widget\" data-widget_type=\"text-editor.default\">\n\t\t\t\t<div class=\"elementor-widget-container\">\n\t\t\t\t\t\t\t\t\t<h2>Nuoma WhatsApp Hacker<\/h2>\n<p><!-- \/wp:heading --><!-- wp:paragraph --><\/p>\n<div data-id=\"45a8c67\" data-element_type=\"widget\" data-widget_type=\"text-editor.default\">\n<div>\n<div data-id=\"68dc6d6\" data-element_type=\"widget\" data-widget_type=\"text-editor.default\">\n<div>\n<p>Whatsapp Hacker nuoma paslauga yra prieinama u\u017e prieinam\u0105 kain\u0105 kaip atskiras WhatsApp Hack paslauga, taip pat telefono \u012fsilau\u017eimo paslaugos, kuri suteikia prieig\u0105 prie WhatsApp dalis, taip pat. M\u016bs\u0173 kainos yra vienos geriausi\u0173 pramon\u0117je ir galite b\u016bti tikri d\u0117l 100% tiek savo bendravimo su mumis, tiek m\u016bs\u0173 teikiamos \"WhatsApp\" \u012fsilau\u017eimo paslaugos konfidencialumo ir slaptumo bei b\u016bti tikri d\u0117l jos ne\u012fveikiamumo bet kokiomis aplinkyb\u0117mis.  \"WhatsApp\" paskyros \u012fsilau\u017e\u0117li\u0173 nuoma. Nuoma WhatsApp Hacker.<\/p>\n<p>\"WhatsApp\" \u012fsilau\u017e\u0117li\u0173 nuomos paslauga gali b\u016bti suteikta per 24 valandas, jei tai yra skubus jums, kuris atlieka nedidel\u012f papildom\u0105 mokest\u012f, kuris yra \u012ftrauktas \u012f kain\u0105. Jei norite laukti ilgiau, galite papra\u0161yti nuolaidos, kuri\u0105 taikome ne prioritetin\u0117ms \"WhatsApp\" \u012fsilau\u017eimo paslaugos u\u017eklausoms. <span contenteditable=\"true\">Tamsi\u0173j\u0173 interneto \u012fsilau\u017e\u0117li\u0173 nuoma.<\/span><\/p>\n<h4>\u012esilau\u017eimas \u012f program\u0117l\u0119 Whats<\/h4>\n<p>\"WhatsApp\" yra pla\u010diai naudojama paslauga, ypa\u010d Jungtin\u0117je Karalyst\u0117je, ir, kaip galite \u012fsivaizduoti, dauguma m\u016bs\u0173 \"WhatsApp\" \u012fsilau\u017e\u0117li\u0173 nuomos paslaug\u0173 pra\u0161ym\u0173 ateina i\u0161 Jungtin\u0117s Karalyst\u0117s. Suteikiame visapusi\u0161k\u0105 prieig\u0105 prie \"WhatsApp\" paskyr\u0173, \u012fskaitant i\u0161si\u0173stas ir gautas \u017einutes, nuotraukas ir vaizdo \u012fra\u0161us, taip pat balso ir vaizdo skambu\u010di\u0173 \u012fra\u0161us.<br \/>Nedvejodami u\u017epildykite m\u016bs\u0173 kontaktin\u0119 form\u0105, kad gautum\u0117te daugiau informacijos ir papra\u0161ytum\u0117te \"WhatsApp\" \u012fsilau\u017eimo paslaugos.<\/p>\n<div id=\"attachment_5000\" style=\"width: 310px\" class=\"wp-caption alignnone\"><img decoding=\"async\" aria-describedby=\"caption-attachment-5000\" data-src=\"https:\/\/hireonlinehackers.com\/wp-content\/uploads\/2023\/09\/WhatsApp-hacker-300x141.jpg\" alt=\"&quot;WhatsApp&quot; hakeri\u0173 nuoma\" width=\"300\" height=\"141\" src=\"data:image\/svg+xml;base64,PHN2ZyB3aWR0aD0iMSIgaGVpZ2h0PSIxIiB4bWxucz0iaHR0cDovL3d3dy53My5vcmcvMjAwMC9zdmciPjwvc3ZnPg==\" class=\"lazyload\" style=\"--smush-placeholder-width: 300px; --smush-placeholder-aspect-ratio: 300\/141;\" \/><p id=\"caption-attachment-5000\" class=\"wp-caption-text\">\"WhatsApp\" hakeri\u0173 nuoma<\/p><\/div>\n<h1>Samdyti \u012fsilau\u017e\u0117lis WhatsApp<\/h1>\n<p>M\u016bs\u0173 agent\u016bra teikia vis\u0173 r\u016b\u0161i\u0173 \u012fsilau\u017eimo paslaugas, susijusias su \"WhatsApp\" su nuosekliais \u012fra\u0161ais ir atsiliepimus.<\/p>\n<p>Visos internetin\u0117s paslaugos bus teikiamos pigiai ir iki nurodyto termino. D\u0117l \u0161i\u0173 ypatybi\u0173 mes esame #1 \u012fsilau\u017eim\u0173 pasaulyje.<\/p>\n<p>Taigi, jei norite i\u0161sinuomoti Hacker - WhatsApp nuoma, tada m\u016bs\u0173 agent\u016bra yra geriausias jums. Nuoma WhatsApp Hacker.<\/p>\n<p>Su\u017einokite, kod\u0117l m\u016bs\u0173 \"white hat\" sertifikuotos agent\u016bros internetinio \u012fsilau\u017eimo paslaugos yra geresn\u0117s nei kit\u0173 profesionaliai sertifikuot\u0173 etikos \u012fsilau\u017e\u0117li\u0173.<\/p>\n<h2>Gaukite WhatsApp \u012fsilau\u017eimo paslaugas laiku<\/h2>\n<p>Kai<br \/>M\u016bs\u0173 klientas pasirenka plan\u0105 pagal reikalavimus. Jie nori, kad tas vaikinas ar agent\u016bra, kur\u012f ketina samdyti nuomai, pasi\u017eym\u0117t\u0173 tam tikromis savyb\u0117mis.<\/p>\n<p>Kai kuriems \u017emon\u0117ms tai gali b\u016bti pigi kaina, nes kai kuriems asmenims svarbu pinigai. Ta\u010diau visi nori, kad j\u0173 u\u017eduotis b\u016bt\u0173 atlikta labai greitai ir kuo grei\u010diau.<\/p>\n<div>\n<div>\n<h3>Kur pasamdyti \"WhatsApp\" \u012fsilau\u017e\u0117l\u012f<\/h3>\n<\/div>\n<\/div>\n<p>\u017dmon\u0117s samdyti \u012fsilau\u017e\u0117lis WhatsApp, nes jiems reikia vis\u0105 informacij\u0105 apie tai.<br \/>Jie nori rasti rezultatus taip greitai, kaip \u0161viesos grei\u010diu.<\/p>\n<p>\u0160viesos greitis yra ne\u012fmanoma niekam, bet mes u\u017etikriname, kad teikti WhatsApp \u012fsilau\u017eimo paslaugas laiku, kuris yra skiriamas jums.<\/p>\n<div style=\"width: 310px\" class=\"wp-caption alignnone\"><img fetchpriority=\"high\" decoding=\"async\" src=\"https:\/\/hireonlinehackers.com\/wp-content\/uploads\/2023\/09\/Social-Media-Accounts-Hack-300x200.jpg\" alt=\"Nuoma WhatsApp Hacker\" width=\"300\" height=\"200\" \/><p class=\"wp-caption-text\">Nuoma WhatsApp Hacker<\/p><\/div>\n<h2>Samdyti WhatsApp Hacker ne Pig\u016bs Kaina<\/h2>\n<p>Kai j\u016bs einate \u012f balt\u0105 skryb\u0117l\u0119 \u012fsilau\u017e\u0117li\u0173 WhatsApp \u012fsilau\u017eimo susijusi\u0173 paslaug\u0173,<br \/>jie gali imti apie $500, o gal ir daugiau. Ta\u010diau m\u016bs\u0173 agent\u016bra tiki ilgalaikiais santykiais. Nuoma WhatsApp Hacker.<\/p>\n<p>\u0160tai kod\u0117l m\u016bs\u0173 agent\u016bra si\u016blo profesional\u0173 \"white hat\" WhatsApp <a title=\"hakeri\u0173 nuoma\" href=\"https:\/\/rentahacker.io\/lt\/\">\u012fsilau\u017e\u0117liai <\/a><a href=\"https:\/\/allhackerforhire.com\/hire-a-hacker\/\" target=\"_blank\" rel=\"noopener\">svetain\u0117je <\/a><a title=\"hakeri\u0173 nuoma\" href=\"https:\/\/allhackerforhire.com\/hackers-for-hire\/\" target=\"_blank\" rel=\"noopener\">nuoma<\/a> u\u017e labai ma\u017e\u0105 kain\u0105. Galite palyginti ir kit\u0173 \u0161altini\u0173 kainas.<\/p>\n<h4>Yra keletas \u017eingsni\u0173, prie\u0161 pasirinkdami \"WhatsApp\" \u012fsilau\u017eimo paslaugas.<\/h4>\n<ul>\n<li>Pirmiausia nuspr\u0119skite, ko norite.<\/li>\n<li>Tada patikrinkite kainas apsilank\u0119 <a href=\"https:\/\/rentahacker.io\/lt\/samdyti-isilauzeli\/\" target=\"_blank\" rel=\"noopener\">. <\/a><a href=\"https:\/\/allhackerforhire.com\/\" target=\"_blank\" rel=\"noopener\">ry\u017eiai<\/a> puslapis.<\/li>\n<li>Pasirinkite bet kur\u012f jums tinkam\u0105 paket\u0105.<\/li>\n<li>I\u0161samiai atsi\u0173skite mums visas savo u\u017eklausas.<\/li>\n<li>Si\u0173skite mums el. lai\u0161k\u0105 arba bendraukite su palaikymo komanda.<\/li>\n<li>Jei pagalbos komandai viskas ai\u0161ku, imkit\u0117s to.<\/li>\n<\/ul>\n<div>\n<h4>Profesional\u016bs \u012fsilau\u017e\u0117liai kreipiasi<\/h4>\n<\/div>\n<div>\n<div>\n<p><span data-preserver-spaces=\"true\">\"Whatsapp\" yra nemokama i\u0161maniesiems telefonams skirta \u017einu\u010di\u0173 siuntimo programa, \u0161iuo metu priklausanti \"Facebook\". Tai viena did\u017eiausi\u0173<br \/>internetin\u0117s socialin\u0117s \u017einiasklaidos platformos. Pagrindin\u0117 prie\u017eastis, kod\u0117l \"WhatsApp\" yra tokia<br \/>populiarus d\u0117l tarptautinio naudotoj\u0173 rato. S\u0105saja yra paprasta<br \/>suprasti, o naudotoj\u0173 yra daugiau nei 2 mlrd. \"WhatsApp\" paskyros \u012fsilau\u017e\u0117lis.<\/span><\/p>\n<h3>\"WhatsApp\" paskyros \u012fsilau\u017e\u0117lis nuomai<\/h3>\n<p><span data-preserver-spaces=\"true\">Nesvarbu, ar tai b\u016bt\u0173 asmeninis naudojimas, ar verslo tikslai, naudotojai jau\u010diasi patogiau perduodami informacij\u0105 per \"WhatsApp\". D\u0117l u\u017e\u0161ifruot\u0173 prane\u0161im\u0173 siuntimo nuo galo iki galo ji tapo populiaresn\u0117 ir \u012ftikino naudotojus ja naudotis. Vis d\u0117lto \"WhatsApp\" \u012fsilau\u017eimo gudryb\u0117s \u012fmanomos turint pakankamai \u017eini\u0173. Galimi \u012fsilau\u017eimo triukai leis jums gauti prieig\u0105 prie kieno nors paskyros.  Kur pasamdyti \u012fsilau\u017e\u0117l\u012f \"WhatsApp\".<br \/><\/span><\/p>\n<h4><span data-preserver-spaces=\"true\">Aptarsime, kaip nulau\u017eti<\/span><\/h4>\n<p><span data-preserver-spaces=\"true\">Whatsapp s\u0105skaitos per etinio \u012fsilau\u017eimo likusi\u0105 straipsnio dal\u012f. Etinis \u012fsilau\u017eimas yra saugus metodas, kai su\u017einote sistemos tr\u016bkumus, kad padidintum\u0117te saugum\u0105. Taip pat aptarsime, kaip pasamdyti \"WhatsApp\" \u012fsilau\u017e\u0117l\u012f internete, kad gal\u0117tum\u0117te k\u0105 nors \u0161nipin\u0117ti. Jei esate susir\u016bpin\u0119s t\u0117vas, kuris nori steb\u0117ti savo vaikus, arba vir\u0161ininkas, norintis patikrinti darbuotojus, svarbu \u017einoti \"WhatsApp\" suk\u010diavimo gudrybes. <\/span>Profesionali\u0173 \u012fsilau\u017e\u0117li\u0173 kontaktai.<\/p>\n<h2><strong><span data-preserver-spaces=\"true\">Kaip sinchronizuoti \u012frengin\u012f su \u017einiatinklio nar\u0161ykle per QR kod\u0105 kaip \"WhatsApp\" \u012fsilau\u017eimo gudryb\u0117s.<\/span><\/strong><\/h2>\n<p><span data-preserver-spaces=\"true\">Metodas gana paprastas, tereikia gauti tikslinio naudotojo mobil\u0173j\u012f telefon\u0105. Kai tik tur\u0117site aukos mobil\u0173j\u012f telefon\u0105, gal\u0117site veikti. Turime pasinaudoti \"WhatsApp Web\" paslauga savo naudai. Jei norite pasinaudoti \u0161ia paslauga, eikite \u012f \"<\/span><a href=\"https:\/\/web.whatsapp.com\" target=\"_blank\" rel=\"noopener\"><span data-preserver-spaces=\"true\">https:\/\/web.whatsapp.com<\/span><\/a><span data-preserver-spaces=\"true\">\" kompiuteryje. Jei norite naudoti mobil\u0173j\u012f \u012frengin\u012f, turite \u012fdiegti<br \/>programa \"Whatsapp Web\". Dabar pagrindinis procesas yra toks-<\/span><\/p>\n<ol>\n<li><span data-preserver-spaces=\"true\">Atidarykite model\u012f, kurio prane\u0161imus norite pasiekti - galite naudoti kompiuter\u012f arba mobil\u0173j\u012f \u012frengin\u012f.<\/span><\/li>\n<li><span data-preserver-spaces=\"true\">Jei norite j\u0105 pasiekti i\u0161 kompiuterio, atidarykite \u017einiatinklio nar\u0161ykl\u0119 \u012fvesdami \"<\/span><a href=\"https:\/\/web.whatsapp.com\" target=\"_blank\" rel=\"noopener\"><span data-preserver-spaces=\"true\">https:\/\/web.whatsapp.com<\/span><\/a><span data-preserver-spaces=\"true\">.\"<br \/>J\u016bs\u0173 bus papra\u0161yta nuskaityti svetain\u0117je pateikt\u0105 QR kod\u0105. Po nuskaitymo<br \/>baigtas i\u0161 aukos mobiliojo telefono, pa\u017eym\u0117kite parinkt\u012f \"Laikyti mane prisijungus\u012f\".<br \/>in.\"<\/span><\/li>\n<li><span data-preserver-spaces=\"true\">Mobili\u0173j\u0173 telefon\u0173 naudotojams atidarykite \"WhatsApp\" interneto program\u0105.<\/span><\/li>\n<li><span data-preserver-spaces=\"true\">Nuskaitykite QR kod\u0105 i\u0161 nukent\u0117jusiojo \u012frenginio mobiliosios program\u0117l\u0117s taip - WhatsApp Meniu-&gt;WhatsApp Web.<\/span><\/li>\n<\/ol>\n<p><span data-preserver-spaces=\"true\">Dabar, prisijung\u0119 prie sistemos, tur\u0117site prieig\u0105 prie vis\u0173 prane\u0161im\u0173 ir fail\u0173. Ta\u010diau i\u0161trintas pokalbis ar tekstas nebus rodomas naudotojo s\u0105sajoje. Svarbiausia \u0161io metodo pastaba - tur\u0117ti tikslinio naudotojo mobil\u0173j\u012f \u012frengin\u012f. Metodas nebus s\u0117kmingas, jei aukos mobiliojo \u012frenginio nebus su jumis.<\/span><\/p>\n<h2><strong><span data-preserver-spaces=\"true\">Kaip \u012fsilau\u017eti \u012f \"WhatsApp\" pokalbius naudojant WSP 3.0<\/span><\/strong><\/h2>\n<p><span data-preserver-spaces=\"true\">Taikydami \u0161\u012f metod\u0105 matysite visus tikslinio naudotojo pokalbius ir pokalbius. Turite naudoti<br \/>\"WhatsApp Scan Pro\" (WSP). Galite atsisi\u0173sti APK fail\u0105, kur\u012f galima rasti internete. WSP veikia kaip kenk\u0117ji\u0161ka programin\u0117 \u012franga. Jame yra virusas, prid\u0117tas kartu su nuotrauka, kuri\u0105 ketinate si\u0173sti tiksliniam naudotojui.<\/span><\/p>\n<p><span data-preserver-spaces=\"true\">Nukent\u0117jusysis patenka \u012f sp\u0105stus, jei paspaud\u017eia ant atsi\u0173stos nuotraukos. Taigi reikia si\u0173sti nuotrauk\u0105, kuri suintriguot\u0173 auk\u0105 ir priverst\u0173 j\u0105 spustel\u0117ti. Kai auka atidaro nuotrauk\u0105, virusas automati\u0161kai \u012fsijungia \u012f \u012frengin\u012f.<\/span><\/p>\n<h4><span data-preserver-spaces=\"true\">Laisvai samdom\u0173 \u012fsilau\u017e\u0117li\u0173 nuoma<br \/><\/span><\/h4>\n<p><span data-preserver-spaces=\"true\">\u00a0WSP padeda u\u017eblokuoti u\u017epakalini\u0173 dur\u0173 veikl\u0105 sistemoje ir prisijungti prie \u012fsilau\u017e\u0117lio. Kai \u012fsilau\u017e\u0117lis \u012fgyja prieig\u0105, QR kodai nuskaitomi i\u0161 tikslin\u0117s mobiliosios \u017einut\u0117s.<\/span><\/p>\n<p><span data-preserver-spaces=\"true\">Kodas kei\u010diamas kas 10 sek. Ta\u010diau \u012fsilau\u017e\u0117lis gali nuolat steb\u0117ti proces\u0105. \u012esilau\u017e\u0117lis<br \/>i\u0161 karto gauna prieig\u0105 prie aukos seanso, kai tik ry\u0161ys<br \/>nustatyta.\u00a0<\/span><\/p>\n<p><span data-preserver-spaces=\"true\">Reik\u0117t\u0173 nepamir\u0161ti, kad interneto ry\u0161ys turi b\u016bti stabilus ir spartus.<\/span><\/p>\n<h4><strong><span data-preserver-spaces=\"true\">Kaip nulau\u017eti \"WhatsApp\" eksportuojant pokalbi\u0173 istorij\u0105\u00a0\u00a0<\/span><\/strong><\/h4>\n<p><span data-preserver-spaces=\"true\">Tai grei\u010diausias b\u016bdas nulau\u017eti<br \/>tikslinio naudotojo \"WhatsApp\". \u0160is \"WhatsApp\" \u012fsilau\u017eimo triukas \"WhatsApp\" yra gana pana\u0161us \u012f pirm\u0105j\u012f straipsnyje pamin\u0117t\u0105 metod\u0105. Procesas yra toks.<\/span><\/p>\n<ol>\n<li><span data-preserver-spaces=\"true\">Paimkite aukos mobil\u0173j\u012f \u012frengin\u012f ir atidarykite \"WhatsApp\" program\u0105.<\/span><\/li>\n<li><span data-preserver-spaces=\"true\">Spustel\u0117kite meniu piktogram\u0105. \u0160i\u0105 piktogram\u0105 sudaro trys vertikal\u016bs ta\u0161kai vir\u0161utin\u0117je program\u0117l\u0117s s\u0105sajos pus\u0117je.<\/span><\/li>\n<li><span data-preserver-spaces=\"true\">Dabar spustel\u0117kite Nustatymai -&gt; Pokalbiai -&gt; Pokalbi\u0173 istorija -&gt; Eksportuoti pokalbius ( su medijos istorija arba be jos, kaip jums patinka ).<\/span><\/li>\n<li><span data-preserver-spaces=\"true\">Atidarykite \"Gmail\" ir \u012fveskite el. pa\u0161to adres\u0105, kur\u012f norite si\u0173sti.\u00a0<\/span><\/li>\n<li><span data-preserver-spaces=\"true\">Spustel\u0117kite Eksportuoti\u00a0<\/span><\/li>\n<\/ol>\n<p><span data-preserver-spaces=\"true\">Failas (teksto formatu), \u012fskaitant medijos fail\u0105 (jei pasirinktas), bus \u012fkeltas pa\u0161tu. Paspauskite \"Si\u0173sti\", kad u\u017ebaigtum\u0117te u\u017eduot\u012f. Fail\u0105 galite pasiimti dabar arba v\u0117liau i\u0161 pa\u0161to.\u00a0<\/span><\/p>\n<p>Su\u017einokite daugiau gudrybi\u0173 apie - samdyti etikos \u012fsilau\u017e\u0117lis \u012fsilau\u017eti \u012f WhatsApp paskyr\u0105.<\/p>\n<h5><strong><span data-preserver-spaces=\"true\">Kaip samdyti \u012fsilau\u017e\u0117li\u0173 \u012fsilau\u017eimo WhatsApp s\u0105skait\u0105\u00a0<\/span><\/strong><\/h5>\n<p><span data-preserver-spaces=\"true\">Nerekomenduojama samdyti \u012fsilau\u017e\u0117l\u012f, kad \u012fsilau\u017et\u0173 \u012f kieno nors \"WhatsApp\" paskyr\u0105. Pagrindin\u0117 prie\u017eastis yra ta, kad daugelis<br \/>kartais tai gali b\u016bti suk\u010diavimas. Daugelis \u017emoni\u0173 skund\u0117si, kad negavo paslaug\u0173, nors i\u0161 j\u0173 buvo paimta visa suma. Pasirink\u0119 \u0161i\u0105 galimyb\u0119 galite sutrumpinti keli\u0105, nes jums nereik\u0117s \u012fsitraukti \u012f \u012fsilau\u017eimo proces\u0105. Ta\u010diau rizika taip pat yra didel\u0117.<\/span><\/p>\n<p><span data-preserver-spaces=\"true\">Kai kuriose svetain\u0117se imamas didelis mokestis, jei n\u0117ra garantijos, kad neb\u016bsite apgauti. Pasinaudokite<br \/>paslaug\u0105, atsi\u017evelgiant \u012f visus galimus pavojus. Ta\u010diau teis\u0117tas \u012fsilau\u017eimas<br \/>svetain\u0117s gali atlikti darb\u0105 u\u017e jus be suk\u010diavimo.<\/span><\/p>\n<p><span data-preserver-spaces=\"true\">\u00a0Jei esate \u012fsitikin\u0119, kad norite pasamdyti \u012fsilau\u017e\u0117l\u012f, sekite \u0161i\u0105 nuorod\u0105 ir susisiekite: <\/span><a href=\"https:\/\/rentahacker.io\/lt\/\" target=\"_blank\" rel=\"noopener\">Rentahacker.io<\/a><span data-preserver-spaces=\"true\"> \u010cia gausite pageidaujam\u0105 paslaug\u0105, kaip \u017eadama, nors mok\u0117jimas nebus pigus.\u00a0<\/span><\/p>\n<h4><span data-preserver-spaces=\"true\">Tai yra \u0161ie \"WhatsApp<\/span><\/h4>\n<p><span data-preserver-spaces=\"true\">\u012esilau\u017eimo triukai, kuriuos galite i\u0161bandyti patys. Patartina nenaudoti \u0161i\u0173 metod\u0173 jokiai neteis\u0117tai veiklai. Ver\u010diau naudokit\u0117s \u0161ia informacija kaip atsargumo priemone, kuri\u0105 galite \u012fgyvendinti, kad padidintum\u0117te savo paskyros saugum\u0105. Ta\u010diau jei jums kyla \u012ftarim\u0173 d\u0117l pa\u017e\u012fstamo asmens, kuris gali b\u016bti \u012fsitrauk\u0119s \u012f neteis\u0117tus veiksmus. Tuomet pasinaudokite \u0161iais metodais, kad gal\u0117tum\u0117te juos \u0161nipin\u0117ti ir sekti j\u0173 veikl\u0105.<\/span><\/p>\n<\/div>\n<\/div>\n<\/div>\n<\/div>\n<h3>Whatsapp Hack internete<\/h3>\n<p>Ar norite nulau\u017eti savo draugo ar draug\u0117s \"WhatsApp\" \u017einutes, garso \u012fra\u0161us ir vaizdo \u012fra\u0161us internete? Jei taip, tada esate tinkamoje vietoje Galite nulau\u017eti bet kokius giminai\u010dius ar draug\u0173 \"WhatsApp\" prane\u0161imus \u010dia ir pagrindin\u0117 to dalis yra tai, kad galite tai padaryti nemokamai. Taigi dabar pamatysime, kaip galime nulau\u017eti \"WhatsApp\" internete ir kaip galime i\u0161kr\u0117sti pok\u0161t\u0105 savo draugams ir giminai\u010diams, parodydami jiems savo pa\u010di\u0173 \u017einutes. Atkreipkite d\u0117mes\u012f, kad tai yra auk\u0161\u010diausios kokyb\u0117s \u012frankis, ta\u010diau m\u016bs\u0173 svetain\u0117je yra nemokamas, tod\u0117l galite naudotis m\u016bs\u0173 nemokama paslauga. Laisvai samdomi \u012fsilau\u017e\u0117liai.<\/p>\n<h4>\u017dingsniai Kaip mes galime nulau\u017eti WhatsApp internete?<\/h4>\n<p>M\u016bs\u0173 svetain\u0117s vir\u0161uje yra 3 parinktys, kurias privaloma u\u017epildyti.<\/p>\n<p>\u00a0\u00a0\u00a0 Pirmajame stulpelyje \u012fveskite telefono numer\u012f, \u012f kur\u012f norite \u012fsilau\u017eti \u012f aukos telefono numer\u012f (su \u0161alies kodu).<br \/>\u00a0\u00a0\u00a0 Antrame stulpelyje pasirinkite, k\u0105 norite nulau\u017eti Yra 4 parinktys \u017einut\u0117s, garso, vaizdo \u012fra\u0161ai ir visi duomenys, galite pasirinkti bet kuri\u0105 1 parinkt\u012f i\u0161 \u0161i\u0173 keturi\u0173. \"WhatsApp\" paskyros \u012fsilau\u017e\u0117lis nuomai.<\/p>\n<h4><span tabindex=\"0\" role=\"textbox\" contenteditable=\"true\" data-placeholder=\"Example: Rank Math SEO\" aria-placeholder=\"Example: Rank Math SEO\" aria-autocomplete=\"both\" aria-multiline=\"false\">Samdyti WhatsApp Hacker Online<\/span><\/h4>\n<p>\u00a0\u00a0\u00a0 Tre\u010diajame stulpelyje pasirinkite, kur norite matyti nulau\u017etus duomenis Yra 2 parinktys j\u0173 internete arba atsisi\u0173sti kaip zip, kad b\u016bt\u0173 rodomi neprisijungus. \u0160iame stulpelyje galite pasirinkti bet kuri\u0105 vien\u0105 parinkt\u012f.<\/p>\n<p>\u00a0\u00a0\u00a0 U\u017epild\u017eius vis\u0105 informacij\u0105 spustel\u0117kite mygtuk\u0105 Hack Now ir kit\u0105 pa\u017eang\u0105 bus padaryta m\u016bs\u0173 sistema. Ji bus generuoti hash kodus ir patikrinti WhatsApp duomen\u0173 baz\u0119 ir tada jis parodys jums nulau\u017e\u0117 rezultat\u0105.<br \/>\u00a0\u00a0\u00a0 Paskutinis \u017eingsnis yra atsisi\u0173sti arba pamatyti nulau\u017eti failus \u0161iame \u017eingsnyje j\u016bs \u012fsilau\u017eti \u012frodyti, kad esate \u017emogus, o ne robotas tiesiog \u012frodyti, kad u\u017epildant paprast\u0105 pasi\u016blym\u0105. \"WhatsApp\" paskyros \u012fsilau\u017e\u0117lis nuomai<a href=\"https:\/\/duckduckgo.com\/\" target=\"_blank\" rel=\"noopener\">.<\/a><\/p>\n<h4>Pasamdyti k\u0105 nors \u012fsilau\u017eti \u012f \"WhatsApp\" paskyr\u0105<\/h4>\n<p>Wow, dabar turite prieig\u0105 prie savo nulau\u017et\u0173 duomen\u0173 Galite nemokamai per\u017ei\u016br\u0117ti prane\u0161imus, garso \u012fra\u0161us ir vaizdo \u012fra\u0161us internete arba neprisijung\u0119 prie interneto. Dar vienas pra\u0161ome pad\u0117ti m\u016bs\u0173 svetain\u0117je dalijantis \"Facebook\" \"Google Plus\" ir kitose socialin\u0117s \u017einiasklaidos svetain\u0117se. Pastaba - galite nulau\u017eti tik vien\u0105 numer\u012f i\u0161 vieno IP. Toliau pateiktame paveiksl\u0117lyje galite pamatyti nulau\u017et\u0105 \u012frodym\u0105. ENJOY!! \"WhatsApp\" paskyros \u012fsilau\u017e\u0117lis u\u017e nuom\u0105.<\/p>\n<p><img decoding=\"async\" data-src=\"https:\/\/hireonlinehackers.com\/wp-content\/uploads\/2023\/01\/5-star-300x158.jpg\" alt=\"Profesionalus \u012fsilau\u017e\u0117lis nuomai Paslaugos\" width=\"36\" height=\"19\" src=\"data:image\/svg+xml;base64,PHN2ZyB3aWR0aD0iMSIgaGVpZ2h0PSIxIiB4bWxucz0iaHR0cDovL3d3dy53My5vcmcvMjAwMC9zdmciPjwvc3ZnPg==\" class=\"lazyload\" style=\"--smush-placeholder-width: 36px; --smush-placeholder-aspect-ratio: 36\/19;\" \/><\/p>\n<\/div>\n<\/div>\n<p><!-- \/wp:paragraph --><!-- wp:heading --><!-- \/wp:paragraph --><\/p>\t\t\t\t\t\t\t\t<\/div>\n\t\t\t\t<\/div>\n\t\t\t\t\t<\/div>\n\t\t<\/div>\n\t\t\t\t\t<\/div>\n\t\t<\/section>\n\t\t\t\t<section class=\"elementor-section elementor-top-section elementor-element elementor-element-da4e662 elementor-section-boxed elementor-section-height-default elementor-section-height-default default-style\" data-id=\"da4e662\" data-element_type=\"section\" data-settings=\"{&quot;rt_color_sets&quot;:&quot;default-style&quot;}\">\n\t\t\t\t\t\t<div class=\"elementor-container elementor-column-gap-default\">\n\t\t\t\t\t<div class=\"elementor-column elementor-col-50 elementor-top-column elementor-element elementor-element-db924fe\" data-id=\"db924fe\" data-element_type=\"column\">\n\t\t\t<div class=\"elementor-widget-wrap elementor-element-populated\">\n\t\t\t\t\t\t<div class=\"elementor-element elementor-element-0485719 elementor-widget elementor-widget-image\" data-id=\"0485719\" data-element_type=\"widget\" data-widget_type=\"image.default\">\n\t\t\t\t<div class=\"elementor-widget-container\">\n\t\t\t\t\t\t\t\t\t\t\t\t\t\t\t<img decoding=\"async\" width=\"768\" height=\"288\" data-src=\"https:\/\/rentahacker.io\/wp-content\/uploads\/2022\/11\/Buy-Registered-Documents.jpg\" class=\"attachment-large size-large wp-image-4545 lazyload\" alt=\"Tamsi\u0173j\u0173 interneto \u012fsilau\u017e\u0117li\u0173 nuoma\" data-srcset=\"https:\/\/rentahacker.io\/wp-content\/uploads\/2022\/11\/Buy-Registered-Documents.jpg 768w, https:\/\/rentahacker.io\/wp-content\/uploads\/2022\/11\/Buy-Registered-Documents-300x113.jpg 300w, https:\/\/rentahacker.io\/wp-content\/uploads\/2022\/11\/Buy-Registered-Documents-600x225.jpg 600w\" data-sizes=\"(max-width: 768px) 100vw, 768px\" src=\"data:image\/svg+xml;base64,PHN2ZyB3aWR0aD0iMSIgaGVpZ2h0PSIxIiB4bWxucz0iaHR0cDovL3d3dy53My5vcmcvMjAwMC9zdmciPjwvc3ZnPg==\" style=\"--smush-placeholder-width: 768px; --smush-placeholder-aspect-ratio: 768\/288;\" \/>\t\t\t\t\t\t\t\t\t\t\t\t\t\t\t<\/div>\n\t\t\t\t<\/div>\n\t\t\t\t\t<\/div>\n\t\t<\/div>\n\t\t\t\t<div class=\"elementor-column elementor-col-50 elementor-top-column elementor-element elementor-element-bff131d\" data-id=\"bff131d\" data-element_type=\"column\">\n\t\t\t<div class=\"elementor-widget-wrap elementor-element-populated\">\n\t\t\t\t\t\t<div class=\"elementor-element elementor-element-db6bcbe elementor-widget elementor-widget-heading\" data-id=\"db6bcbe\" data-element_type=\"widget\" data-widget_type=\"heading.default\">\n\t\t\t\t<div class=\"elementor-widget-container\">\n\t\t\t\t\t<h2 class=\"elementor-heading-title elementor-size-default\"><span class=\"tagify__tag-text\">Tamsi\u0173j\u0173 interneto \u012fsilau\u017e\u0117li\u0173 nuoma<\/span><\/h2>\t\t\t\t<\/div>\n\t\t\t\t<\/div>\n\t\t\t\t\t<\/div>\n\t\t<\/div>\n\t\t\t\t\t<\/div>\n\t\t<\/section>\n\t\t\t\t<\/div>","protected":false},"excerpt":{"rendered":"<p>Nuoma WhatsApp Hacker Whatsapp Hacker nuomos paslauga yra prieinama u\u017e prieinam\u0105 kain\u0105 kaip atskiras WhatsApp Hack paslauga, taip pat telefono \u012fsilau\u017eimo paslauga, kuri suteikia prieig\u0105 prie WhatsApp, taip pat dalis. M\u016bs\u0173 kainos yra vienos geriausi\u0173 pramon\u0117je ir galite b\u016bti tikri d\u0117l 100% konfidencialumo ir [...]<\/p>","protected":false},"author":1,"featured_media":4986,"parent":0,"menu_order":0,"comment_status":"closed","ping_status":"open","template":"","meta":{"footnotes":""},"class_list":["post-4991","page","type-page","status-publish","has-post-thumbnail","hentry"],"_links":{"self":[{"href":"https:\/\/rentahacker.io\/lt\/wp-json\/wp\/v2\/pages\/4991","targetHints":{"allow":["GET"]}}],"collection":[{"href":"https:\/\/rentahacker.io\/lt\/wp-json\/wp\/v2\/pages"}],"about":[{"href":"https:\/\/rentahacker.io\/lt\/wp-json\/wp\/v2\/types\/page"}],"author":[{"embeddable":true,"href":"https:\/\/rentahacker.io\/lt\/wp-json\/wp\/v2\/users\/1"}],"replies":[{"embeddable":true,"href":"https:\/\/rentahacker.io\/lt\/wp-json\/wp\/v2\/comments?post=4991"}],"version-history":[{"count":19,"href":"https:\/\/rentahacker.io\/lt\/wp-json\/wp\/v2\/pages\/4991\/revisions"}],"predecessor-version":[{"id":5815,"href":"https:\/\/rentahacker.io\/lt\/wp-json\/wp\/v2\/pages\/4991\/revisions\/5815"}],"wp:featuredmedia":[{"embeddable":true,"href":"https:\/\/rentahacker.io\/lt\/wp-json\/wp\/v2\/media\/4986"}],"wp:attachment":[{"href":"https:\/\/rentahacker.io\/lt\/wp-json\/wp\/v2\/media?parent=4991"}],"curies":[{"name":"wp","href":"https:\/\/api.w.org\/{rel}","templated":true}]}}