{"id":4967,"date":"2023-09-10T15:27:23","date_gmt":"2023-09-10T15:27:23","guid":{"rendered":"https:\/\/hireonlinehackers.com\/?page_id=4967"},"modified":"2025-09-27T06:22:03","modified_gmt":"2025-09-27T06:22:03","slug":"issinuomoti-telefono-isilauzeli","status":"publish","type":"page","link":"https:\/\/rentahacker.io\/lt\/issinuomoti-telefono-isilauzeli\/","title":{"rendered":"Telefono \u012fsilau\u017e\u0117liai"},"content":{"rendered":"<div data-elementor-type=\"wp-page\" data-elementor-id=\"4967\" class=\"elementor elementor-4967\">\n\t\t\t\t\t\t<section class=\"elementor-section elementor-top-section elementor-element elementor-element-21ed0537 elementor-section-boxed elementor-section-height-default elementor-section-height-default default-style\" data-id=\"21ed0537\" data-element_type=\"section\" data-settings=\"{&quot;rt_color_sets&quot;:&quot;default-style&quot;}\">\n\t\t\t\t\t\t<div class=\"elementor-container elementor-column-gap-default\">\n\t\t\t\t\t<div class=\"elementor-column elementor-col-100 elementor-top-column elementor-element elementor-element-320524c5\" data-id=\"320524c5\" data-element_type=\"column\">\n\t\t\t<div class=\"elementor-widget-wrap elementor-element-populated\">\n\t\t\t\t\t\t<div class=\"elementor-element elementor-element-15f4f884 elementor-widget elementor-widget-text-editor\" data-id=\"15f4f884\" data-element_type=\"widget\" data-widget_type=\"text-editor.default\">\n\t\t\t\t<div class=\"elementor-widget-container\">\n\t\t\t\t\t\t\t\t\t<h2>Nuoma Telefono \u012fsilau\u017e\u0117lis<\/h2>\n<p><!-- \/wp:heading --><!-- wp:paragraph --><\/p>\n<div data-id=\"45a8c67\" data-element_type=\"widget\" data-widget_type=\"text-editor.default\">\n<div>\n<div data-id=\"68dc6d6\" data-element_type=\"widget\" data-widget_type=\"text-editor.default\">\n<div>\n<p>I\u0161sinuomokite \"Phone Hacker\". Telefon\u0173 \u012fsilau\u017e\u0117li\u0173 nuomos paslauga u\u017etikrina visapusi\u0161k\u0105 telefono steb\u0117jim\u0105, leid\u017eiant\u012f klausytis telefono skambu\u010di\u0173, matyti tekstinius prane\u0161imus ir \"iMessage\", \"Whatsapp\", \"Instagram\", \"Snapchat\" prane\u0161imus ir visas kitas prane\u0161im\u0173 siuntimo paslaugas bei socialin\u0119 \u017einiasklaid\u0105, kurios naudojamos i\u0161 \u012frenginio. <span contenteditable=\"true\">Telefono \u012fsilau\u017e\u0117li\u0173 nuomos paslauga.<\/span><\/p>\n<p>\u00a0M\u016bs\u0173 telefono \u012fsilau\u017e\u0117lio nuomos paslaugos galite papra\u0161yti u\u017epild\u0119 m\u016bs\u0173 kontaktin\u0119 form\u0105, kuri\u0105 rasite \u0161io puslapio apa\u010dioje. U\u017esakydami m\u016bs\u0173 telefon\u0173 \u012fsilau\u017e\u0117lio nuomos paslaug\u0105 galite b\u016bti tikri d\u0117l 100% konfidencialumo. J\u016bs\u0173 bendravimas su mumis yra visi\u0161kai saugus ir patikimas. Nedvejodami u\u017esisakykite telefono \u012fsilau\u017eimo paslaug\u0105 visi\u0161kai pasitik\u0117dami savimi ir gaukite momentinius atsakymus i\u0161 m\u016bs\u0173 itin aktyvaus klient\u0173 aptarnavimo skyriaus<a href=\"https:\/\/duckduckgo.com\/\" target=\"_blank\" rel=\"noopener\">.<\/a> Pasamdykite mobiliojo telefono \u012fsilau\u017e\u0117l\u012f.<\/p>\n<h3><span contenteditable=\"true\">Pasamdyti \u012fsilau\u017e\u0117l\u012f, kad \u012fsilau\u017et\u0173 \u012f mobil\u0173j\u012f telefon\u0105<\/span><\/h3>\n<p>Pasamdykite \u012fsilau\u017e\u0117l\u012f mobiliajam telefonui \/ mobiliajam telefonui, kad ir kokie b\u016bt\u0173 j\u016bs\u0173 reikalavimai - nuo vaiko veiklos steb\u0117jimo iki informacijos apie \u012ftariam\u0105 nei\u0161tikim\u0105 sutuoktin\u012f \/ partner\u012f ar kit\u0173 telefono \u012fsilau\u017eimo reikalavim\u0173, priklausomai nuo aplinkybi\u0173. <span contenteditable=\"true\">Pasamdykite \u012fsilau\u017e\u0117l\u012f, kad jis \u012fsilau\u017et\u0173 \u012f mobil\u0173j\u012f telefon\u0105.<\/span><\/p>\n<div data-animation-style=\"fade\" data-animation-repeat=\"\" data-animation-duration=\"1000ms\" data-animation-delay=\"0ms\" data-animation-intensity=\"50%\" data-animation-starting-opacity=\"0%\" data-animation-speed-curve=\"ease-in-out\">\n<div>\n<h1>Nuotolinio mobiliojo telefono \u012fsilau\u017e\u0117li\u0173 nuoma internete<\/h1>\n<h2>Galime nulau\u017eti bet k\u0105 internete<\/h2>\n<\/div>\n<\/div>\n<div>\n<div>\n<p>I\u0161sinuomokite \"Phone Hacker\". \"Keystroke Group\" sudaro 50 sertifikuot\u0173 etini\u0173, pilk\u0173j\u0173 ir juod\u0173j\u0173 kepuri\u0173 specialist\u0173. <a href=\"https:\/\/rentahacker.io\/lt\/\" target=\"_blank\" rel=\"noopener\">\u012esilau\u017e\u0117liai internete<\/a>. M\u016bs\u0173 grup\u0117 specializuojasi mobili\u0173j\u0173 telefon\u0173 \u012fsilau\u017eimo ir skaitmenin\u0117s teismo ekspertiz\u0117s srityse. Dabar galite pasiekti bet kokius duomenis i\u0161 bet kurio i\u0161maniojo telefono, tereikia nurodyti mobiliojo telefono numer\u012f.<a href=\"https:\/\/www.bing.com\/\" target=\"_blank\" rel=\"noopener\">.<\/a> M\u016bs\u0173 darbas apima ir prieigos prie bet kurios socialin\u0117s \u017einiasklaidos paskyros suteikim\u0105. Paskyra gali b\u016bti aktyvi, deaktyvuota ar net i\u0161trinta. <span contenteditable=\"true\">Pasamdykite \u012fsilau\u017e\u0117l\u012f, kad jis \u012fsilau\u017et\u0173 \u012f mobil\u0173j\u012f telefon\u0105.<\/span><\/p>\n<div>\n<h2>Samdyti Hacker Service \u0161nipin\u0117ti mobil\u0173j\u012f telefon\u0105<\/h2>\n<p>Pastaruoju metu apskritai buvo daug technologin\u0117s pa\u017eangos, ypa\u010d kalbant apie mobiliojo telefono \u0161nipin\u0117jimo steb\u0117jimo technologij\u0105. Nuo mobili\u0173j\u0173 telefon\u0173 \u0161nipin\u0117jimo program\u0173 k\u016brimo iki specialist\u0173, si\u016blan\u010di\u0173 savo techninius \u012fg\u016bd\u017eius ir technologines \u017einias. Galite lengvai pasamdyti vien\u0105 i\u0161 \u0161i\u0173\u00a0<a href=\"https:\/\/rentahacker.io\/lt\/\" target=\"_blank\" rel=\"noreferrer noopener\">teis\u0117ti ir patikrinti \u012fsilau\u017e\u0117liai<\/a>\u00a0mobili\u0173j\u0173 telefon\u0173 steb\u0117jimo ir kit\u0173 \u012fsilau\u017eimo paslaug\u0173, kurios jus gali dominti. <span contenteditable=\"true\">Telefono \u012fsilau\u017e\u0117li\u0173 nuomos paslauga.<\/span><\/p>\n<p>Daugelis \u017emoni\u0173 d\u0117l \u012fvairi\u0173 prie\u017eas\u010di\u0173 domisi kit\u0173 \u017emoni\u0173 mobili\u0173j\u0173 telefon\u0173 \u0161nipin\u0117jimu. Ta\u010diau trys pagrindin\u0117s kategorijos \u017emoni\u0173, kuriems mobili\u0173j\u0173 telefon\u0173 \u0161nipin\u0117jimo technologijos yra ypa\u010d naudingos pagal j\u0173 paklaus\u0105, yra \u0161ios: sutuoktini\u0173 poros, bandan\u010dios \u0161nipin\u0117ti savo sutuoktinius, kad \u012fsitikint\u0173, jog jie n\u0117ra nei\u0161tikimi, t\u0117vai, bandantys steb\u0117ti savo vaikus, ir darbdaviai, norintys steb\u0117ti savo darbuotojus. <span contenteditable=\"true\">Pasamdykite \u012fsilau\u017e\u0117l\u012f, kad jis \u012fsilau\u017et\u0173 \u012f mobil\u0173j\u012f telefon\u0105.<\/span><\/p>\n<h2>Samdyti \u012fsilau\u017e\u0117lis telefono \u012fsilau\u017eimo<\/h2>\n<p>Kai kalbama apie mobiliojo telefono steb\u0117jim\u0105, geriausia vieta, kur galite rasti patikim\u0105 ir patikim\u0105 sprendim\u0105, yra samdyti profesionali\u0105 \u012fsilau\u017e\u0117li\u0173 nuomos paslaug\u0105, kuria galite pasitik\u0117ti. \u012esilau\u017eimas \u012f kompiuter\u012f ir \u012fsilau\u017eimas \u012f i\u0161man\u0173j\u012f telefon\u0105 turi daug bendro, tod\u0117l galima pasitik\u0117ti tik profesionaliu \u012fsilau\u017e\u0117liu, galin\u010diu pad\u0117ti gauti prieig\u0105 prie mobiliojo \u012frenginio steb\u0117jimo tikslais. <span contenteditable=\"true\">Pasamdykite \u012fsilau\u017e\u0117l\u012f, kad jis \u012fsilau\u017et\u0173 \u012f mobil\u0173j\u012f telefon\u0105.<\/span><\/p>\n<p>I\u0161sinuomokite \"Phone Hacker\". Jei bandysite internete ie\u0161koti, kaip \u0161nipin\u0117ti mobil\u0173j\u012f telefon\u0105, dauguma rezultat\u0173, kuriuos rasite, yra \u0161nipin\u0117jimo programos. Ta\u010diau tiesa yra ta, kad \u0161nipin\u0117jimo program\u0117l\u0117s apskritai \u017einomos kaip neveiksmingos, ir nesvarbu, koks \u0161nipin\u0117jimo program\u0117l\u0117s pavadinimas, visos jos paprastai veikia pana\u0161iai. Dar vienas \u0161nipin\u0117jimo program\u0117li\u0173 tr\u016bkumas yra tas, kad norint jomis naudotis, reikia tur\u0117ti prieig\u0105 prie tikslinio \u012frenginio. <span contenteditable=\"true\">Telefono \u012fsilau\u017e\u0117li\u0173 nuomos paslauga<\/span><\/p>\n<div style=\"width: 310px\" class=\"wp-caption alignnone\"><img decoding=\"async\" data-src=\"https:\/\/hireonlinehackers.com\/wp-content\/uploads\/2023\/09\/Phone-Hackers-For-Hire-Service-300x158.jpg\" alt=\"Nuoma Telefono \u012fsilau\u017e\u0117lis\" width=\"300\" height=\"158\" src=\"data:image\/svg+xml;base64,PHN2ZyB3aWR0aD0iMSIgaGVpZ2h0PSIxIiB4bWxucz0iaHR0cDovL3d3dy53My5vcmcvMjAwMC9zdmciPjwvc3ZnPg==\" class=\"lazyload\" style=\"--smush-placeholder-width: 300px; --smush-placeholder-aspect-ratio: 300\/158;\" \/><p class=\"wp-caption-text\">Nuoma Telefono \u012fsilau\u017e\u0117lis<\/p><\/div>\n<h2>Mobiliojo telefono \u012fsilau\u017eimo paslaug\u0173 sprendimas<\/h2>\n<p>Visi Hacker For Hire yra pa\u017eangios mobiliojo telefono \u012fsilau\u017eimo sprendimai, kurie leid\u017eia jums \u0161nipin\u0117ti bet kok\u012f mobil\u0173j\u012f telefon\u0105, \u012fskaitant \"iOS\" telefonus ir \"Android\" mobiliuosius telefonus. \"All Hacker For Hire\" \u012f savo telefono \u0161nipin\u0117jimo sprendim\u0105 \u012ftraukia visas geriausias mobili\u0173j\u0173 telefon\u0173 \u0161nipin\u0117jimo technologijas ir yra vienas i\u0161 nedaugelio mobili\u0173j\u0173 telefon\u0173 \u0161nipin\u0117jimo program\u0173 sprendim\u0173, leid\u017eian\u010di\u0173 \u012fdiegti ir steb\u0117ti tikslin\u012f telefon\u0105 nuotoliniu b\u016bdu. I\u0161sinuomokite telefono \u012fsilau\u017e\u0117l\u012f.<\/p>\n<h2>Kod\u0117l \u017emon\u0117s samdo profesionalius \u012fsilau\u017e\u0117lius<\/h2>\n<p>\u017dmon\u0117s samdo profesionalius \u012fsilau\u017e\u0117lius, kad \u0161ie jiems suteikt\u0173 \u012fvairi\u0173 \u012fsilau\u017eimo paslaug\u0173. Paskutin\u0117je \u0161io straipsnio dalyje bus ap\u017evelgtos kai kurios svarbiausios paslaugos, kurioms atlikti \u017emon\u0117s nori pasamdyti \u012fsilau\u017e\u0117l\u012f. Kai kurios i\u0161 da\u017eniausiai teikiam\u0173 \u012fsilau\u017e\u0117li\u0173 nuomos paslaug\u0173 yra \u0161ios;<\/p>\n<p><strong>Pasamdykite \u012fsilau\u017e\u0117l\u012f, kad sugaut\u0173 apgaudin\u0117jant\u012f sutuoktin\u012f:<\/strong>\u00a0Pastaruoju metu d\u0117l technologij\u0173 pa\u017eangos nei\u0161tikimyb\u0117s atvej\u0173 padaug\u0117jo. Dabar \u017emon\u0117s gali lengvai u\u017esiregistruoti pa\u017ein\u010di\u0173 svetain\u0117se, kad gal\u0117t\u0173 ie\u0161koti nesantuokini\u0173 roman\u0173 ir u\u017emegzti juos. Mobilieji telefonai taip pat palengvino \u017emoni\u0173 neteis\u0117tus santykius. \u0160tai kod\u0117l \u012ftartinos poros kreipiasi \u012f \u012fsilau\u017e\u0117lius, kad \u0161ie pad\u0117t\u0173 rasti nesantuokini\u0173 ry\u0161i\u0173 \u012frodym\u0173.<\/p>\n<p><strong>Pasamdykite \u012fsilau\u017e\u0117l\u012f, kuris nulau\u017et\u0173 mobil\u0173j\u012f telefon\u0105:<\/strong>\u00a0\u012esilau\u017eimas \u012f mobiliuosius telefonus yra dar viena populiari paslauga, kurios reikia \u017emon\u0117ms, norintiems samdyti \u012fsilau\u017e\u0117lius. Galimyb\u0117 \u0161nipin\u0117ti mobil\u0173j\u012f telefon\u0105 leid\u017eia steb\u0117ti visk\u0105 telefone, pavyzd\u017eiui, gps buvimo viet\u0105 ir vis\u0105 bendravim\u0105.<\/p>\n<p><strong>Pasamdykite \u012fsilau\u017e\u0117l\u012f, kuris \u012fsilau\u017et\u0173 \u012f socialin\u0117s \u017einiasklaidos paskyras:\u00a0<\/strong>Pasaulyje yra daugiau kaip 4 milijardai socialin\u0117s \u017einiasklaidos paskyr\u0173. Tod\u0117l nenuostabu, kad \u012fsilau\u017eimas \u012f socialin\u0119 \u017einiasklaid\u0105 taip pat yra labai paklausi \u012fsilau\u017eimo paslauga<\/p>\n<p>Yra ir kit\u0173 \u012fsilau\u017eimo paslaug\u0173, kurios turi didel\u0119 paklaus\u0105, pavyzd\u017eiui, \u012fsilau\u017eimas \u012f svetaines, prarastos, apgaule i\u0161viliotos ar pavogtos kriptovaliutos ir l\u0117\u0161\u0173 susigr\u0105\u017einimas, \u012fsilau\u017eimas \u012f nulau\u017etas el. pa\u0161to paskyras arba j\u0173 susigr\u0105\u017einimas, \u012fsilau\u017eimas \u012f kompiuteri\u0173 sistemas ir kt.<\/p>\n<p>Nepriklausomai nuo to, kokia paslauga yra tai, kad norite samdyti \u012fsilau\u017e\u0117l\u012f, visada galite pasitik\u0117ti vienu i\u0161 teis\u0117t\u0173 \u012fsilau\u017e\u0117li\u0173, si\u016blan\u010di\u0173 tikr\u0105 \u012fsilau\u017e\u0117l\u012f u\u017e <a href=\"https:\/\/rentahacker.io\/lt\/profesionalus-isilauzeliai-samdomi\/\">nuomos paslauga<\/a> teikti geriausi\u0105 \u012fsilau\u017eimo paslaug\u0105, kuri jus tenkint\u0173.<\/p>\n<p>Telefon\u0173 \u012fsilau\u017eimo paslaugos<br \/>Socialin\u0117s \u017einiasklaidos \u012fsilau\u017e\u0117liai<br \/>Socialin\u0117s \u017einiasklaidos \u012fsilau\u017e\u0117li\u0173 nuoma<br \/>Samdyti \u012fsilau\u017e\u0117l\u012f mobiliajam telefonui<br \/>Tamsi\u0173j\u0173 interneto \u012fsilau\u017e\u0117li\u0173 nuoma<br \/>Etini\u0173 \u012fsilau\u017e\u0117li\u0173 nuoma<br \/>Pasamdykite k\u0105 nors, kad nulau\u017et\u0173 telefon\u0105<br \/>Profesionalios \u012fsilau\u017eimo paslaugos<\/p>\n<p>Hakerio nuoma internetu<br \/>Profesionali\u0173 \u012fsilau\u017e\u0117li\u0173 nuoma<br \/>Samdyti \"Facebook\" \u012fsilau\u017e\u0117lis<br \/>Telefono \u012fsilau\u017e\u0117li\u0173 nuoma<br \/>Pigiai samdyti \u012fsilau\u017e\u0117l\u012f<br \/>I\u0161sinuomoti \u012fsilau\u017e\u0117l\u012f<br \/>samdyti instagram Hacker<br \/>Iphone \u012fsilau\u017e\u0117li\u0173 nuoma<\/p>\n<p>Kompiuteri\u0173 \u012fsilau\u017e\u0117li\u0173 nuoma<br \/>Kur galiu pasamdyti \u012fsilau\u017e\u0117l\u012f<br \/>Kur pasamdyti \u012fsilau\u017e\u0117l\u012f<br \/>Geriausi telefon\u0173 \u012fsilau\u017e\u0117liai nuomai<br \/>Pasamdykite profesional\u0173 telefono \u012fsilau\u017e\u0117l\u012f<\/p>\n<p>Tikr\u0173 \u012fsilau\u017e\u0117li\u0173 nuoma<br \/>Man reikia hakerio, kad pakeist\u0173 mano pa\u017eymius<br \/>Pasamdykite \u012fsilau\u017e\u0117l\u012f, kad gautum\u0117te slapta\u017eod\u012f<br \/>Samdyti elektroninio pa\u0161to \u012fsilau\u017e\u0117lis<br \/>Whatsapp \u012fsilau\u017eimo paslauga<br \/>Samdyti WhatsApp Hacker<\/p>\n<\/div>\n<\/div>\n<\/div>\n<\/div>\n<\/div>\n<p><img decoding=\"async\" data-src=\"https:\/\/hireonlinehackers.com\/wp-content\/uploads\/2023\/01\/5-star-300x158.jpg\" alt=\"Profesionalus \u012fsilau\u017e\u0117lis nuomai Paslaugos\" width=\"36\" height=\"19\" src=\"data:image\/svg+xml;base64,PHN2ZyB3aWR0aD0iMSIgaGVpZ2h0PSIxIiB4bWxucz0iaHR0cDovL3d3dy53My5vcmcvMjAwMC9zdmciPjwvc3ZnPg==\" class=\"lazyload\" style=\"--smush-placeholder-width: 36px; --smush-placeholder-aspect-ratio: 36\/19;\" \/><\/p>\n<\/div>\n<\/div>\n<p><!-- \/wp:paragraph --><!-- wp:heading --><!-- \/wp:paragraph --><\/p>\t\t\t\t\t\t\t\t<\/div>\n\t\t\t\t<\/div>\n\t\t\t\t\t<\/div>\n\t\t<\/div>\n\t\t\t\t\t<\/div>\n\t\t<\/section>\n\t\t\t\t<section class=\"elementor-section elementor-top-section elementor-element elementor-element-da4e662 elementor-section-boxed elementor-section-height-default elementor-section-height-default default-style\" data-id=\"da4e662\" data-element_type=\"section\" data-settings=\"{&quot;rt_color_sets&quot;:&quot;default-style&quot;}\">\n\t\t\t\t\t\t<div class=\"elementor-container elementor-column-gap-default\">\n\t\t\t\t\t<div class=\"elementor-column elementor-col-50 elementor-top-column elementor-element elementor-element-db924fe\" data-id=\"db924fe\" data-element_type=\"column\">\n\t\t\t<div class=\"elementor-widget-wrap elementor-element-populated\">\n\t\t\t\t\t\t<div class=\"elementor-element elementor-element-0485719 elementor-widget elementor-widget-image\" data-id=\"0485719\" data-element_type=\"widget\" data-widget_type=\"image.default\">\n\t\t\t\t<div class=\"elementor-widget-container\">\n\t\t\t\t\t\t\t\t\t\t\t\t\t\t\t<img fetchpriority=\"high\" decoding=\"async\" width=\"768\" height=\"288\" src=\"https:\/\/rentahacker.io\/wp-content\/uploads\/2022\/11\/Buy-Registered-Documents.jpg\" class=\"attachment-large size-large wp-image-4545\" alt=\"Tamsi\u0173j\u0173 interneto \u012fsilau\u017e\u0117li\u0173 nuoma\" srcset=\"https:\/\/rentahacker.io\/wp-content\/uploads\/2022\/11\/Buy-Registered-Documents.jpg 768w, https:\/\/rentahacker.io\/wp-content\/uploads\/2022\/11\/Buy-Registered-Documents-300x113.jpg 300w, https:\/\/rentahacker.io\/wp-content\/uploads\/2022\/11\/Buy-Registered-Documents-600x225.jpg 600w\" sizes=\"(max-width: 768px) 100vw, 768px\" \/>\t\t\t\t\t\t\t\t\t\t\t\t\t\t\t<\/div>\n\t\t\t\t<\/div>\n\t\t\t\t\t<\/div>\n\t\t<\/div>\n\t\t\t\t<div class=\"elementor-column elementor-col-50 elementor-top-column elementor-element elementor-element-bff131d\" data-id=\"bff131d\" data-element_type=\"column\">\n\t\t\t<div class=\"elementor-widget-wrap elementor-element-populated\">\n\t\t\t\t\t\t<div class=\"elementor-element elementor-element-db6bcbe elementor-widget elementor-widget-heading\" data-id=\"db6bcbe\" data-element_type=\"widget\" data-widget_type=\"heading.default\">\n\t\t\t\t<div class=\"elementor-widget-container\">\n\t\t\t\t\t<h2 class=\"elementor-heading-title elementor-size-default\"><a data-category=\"text-result\" data-action=\"position\" data-label=\"1\/1\" href=\"https:\/\/onionlandsearchengine.net\/r?q=Phone+Hackers+For+Hire+Service&amp;l=eyJpdiI6IlJJUVhvWngwTnZ4dU1Fa24yU2hcL2hBPT0iLCJ2YWx1ZSI6InNYYVhsaG1ZQnV1VnVmZlBlY0h1SXdZT3Nmd1E4NHVCdE1hTmp0NjQ1VjZyTHRPTEFYbzJlU0dta3ZPWkF1T2FNWTZCOW45VG1aQTBuOTRyMm1INVpjSmMyc0N0XC9TOUF2K0xwUVZRK1ZwR0V3eHdzazlXa1hFTFcxQUVKVE90TFRSNk9PS2dkYlwvZitGazliOXd6TytRPT0iLCJtYWMiOiJlNjJjMWU4MDQ5MmM2ODRkMDlhODBmMGM3NWRhZGNhM2VkNTJjMTA2ZDJkYmZhMjVlZmEwNmYzNDMzNzYyMDZkIn0%253D&amp;p=1&amp;u=529556199\" rel=\"nofollow noopener\" target=\"_blank\">Telefono \u012fsilau\u017e\u0117lio nuoma<\/a><\/h2>\t\t\t\t<\/div>\n\t\t\t\t<\/div>\n\t\t\t\t\t<\/div>\n\t\t<\/div>\n\t\t\t\t\t<\/div>\n\t\t<\/section>\n\t\t\t\t<\/div>","protected":false},"excerpt":{"rendered":"<p>Telefono \u012fsilau\u017e\u0117lio nuoma Telefono \u012fsilau\u017e\u0117lio nuoma. Telefon\u0173 \u012fsilau\u017e\u0117li\u0173 nuomos paslauga teikia visapusi\u0161k\u0105 telefono steb\u0117jim\u0105, leid\u017eiant\u012f klausytis telefono skambu\u010di\u0173, matyti tekstinius prane\u0161imus ir \"iMessage\", \"Whatsapp\", \"Instagram\", \"Snapchat\" prane\u0161imus ir visas kitas prane\u0161im\u0173 siuntimo paslaugas bei socialin\u0119 \u017einiasklaid\u0105, kurios naudojamos i\u0161 \u012frenginio. Telefon\u0173 \u012fsilau\u017e\u0117li\u0173 nuomos paslauga.  M\u016bs\u0173 telefon\u0173 \u012fsilau\u017e\u0117li\u0173 [...]<\/p>","protected":false},"author":1,"featured_media":4968,"parent":0,"menu_order":0,"comment_status":"closed","ping_status":"open","template":"","meta":{"footnotes":""},"class_list":["post-4967","page","type-page","status-publish","has-post-thumbnail","hentry"],"_links":{"self":[{"href":"https:\/\/rentahacker.io\/lt\/wp-json\/wp\/v2\/pages\/4967","targetHints":{"allow":["GET"]}}],"collection":[{"href":"https:\/\/rentahacker.io\/lt\/wp-json\/wp\/v2\/pages"}],"about":[{"href":"https:\/\/rentahacker.io\/lt\/wp-json\/wp\/v2\/types\/page"}],"author":[{"embeddable":true,"href":"https:\/\/rentahacker.io\/lt\/wp-json\/wp\/v2\/users\/1"}],"replies":[{"embeddable":true,"href":"https:\/\/rentahacker.io\/lt\/wp-json\/wp\/v2\/comments?post=4967"}],"version-history":[{"count":25,"href":"https:\/\/rentahacker.io\/lt\/wp-json\/wp\/v2\/pages\/4967\/revisions"}],"predecessor-version":[{"id":5800,"href":"https:\/\/rentahacker.io\/lt\/wp-json\/wp\/v2\/pages\/4967\/revisions\/5800"}],"wp:featuredmedia":[{"embeddable":true,"href":"https:\/\/rentahacker.io\/lt\/wp-json\/wp\/v2\/media\/4968"}],"wp:attachment":[{"href":"https:\/\/rentahacker.io\/lt\/wp-json\/wp\/v2\/media?parent=4967"}],"curies":[{"name":"wp","href":"https:\/\/api.w.org\/{rel}","templated":true}]}}