{"id":3,"date":"2022-09-30T13:36:44","date_gmt":"2022-09-30T13:36:44","guid":{"rendered":"https:\/\/buylegitpassport.com\/?page_id=3"},"modified":"2025-09-27T06:29:37","modified_gmt":"2025-09-27T06:29:37","slug":"profesionalus-isilauzeliai-samdomi","status":"publish","type":"page","link":"https:\/\/rentahacker.io\/lt\/profesionalus-isilauzeliai-samdomi\/","title":{"rendered":"Privatumo politika"},"content":{"rendered":"<div data-elementor-type=\"wp-page\" data-elementor-id=\"3\" class=\"elementor elementor-3\">\n\t\t\t\t\t\t<section class=\"elementor-section elementor-top-section elementor-element elementor-element-21ed0537 elementor-section-boxed elementor-section-height-default elementor-section-height-default default-style\" data-id=\"21ed0537\" data-element_type=\"section\" data-settings=\"{&quot;rt_color_sets&quot;:&quot;default-style&quot;}\">\n\t\t\t\t\t\t<div class=\"elementor-container elementor-column-gap-default\">\n\t\t\t\t\t<div class=\"elementor-column elementor-col-100 elementor-top-column elementor-element elementor-element-320524c5\" data-id=\"320524c5\" data-element_type=\"column\">\n\t\t\t<div class=\"elementor-widget-wrap elementor-element-populated\">\n\t\t\t\t\t\t<div class=\"elementor-element elementor-element-15f4f884 elementor-widget elementor-widget-text-editor\" data-id=\"15f4f884\" data-element_type=\"widget\" data-widget_type=\"text-editor.default\">\n\t\t\t\t<div class=\"elementor-widget-container\">\n\t\t\t\t\t\t\t\t\t<h2>Profesional\u016bs \u012fsilau\u017e\u0117liai nuomai<\/h2>\n<p><!-- \/wp:heading --><!-- wp:paragraph --><\/p>\n<div data-id=\"45a8c67\" data-element_type=\"widget\" data-widget_type=\"text-editor.default\">\n<div>\n<div data-id=\"68dc6d6\" data-element_type=\"widget\" data-widget_type=\"text-editor.default\">\n<div>\n<div>\n<div>\n<p>\u00a9 <strong>Hakerio nuoma<\/strong>\u00a0paslaugos pad\u0117s jums atlikti ir pri\u017ei\u016br\u0117ti vis\u0105 tamsiojo interneto \u012fsilau\u017e\u0117li\u0173 paie\u0161kos, samdymo, paai\u0161kinimo, deryb\u0173 ir apmok\u0117jimo proces\u0105. Profesionali\u0173 \u012fsilau\u017e\u0117li\u0173 nuoma.<br \/>Kadangi mes esame tarpininkai, j\u016bs niekada tiesiogiai nesusij\u0119 su \u012fsilau\u017e\u0117liu - nei administraciniu, nei finansiniu po\u017ei\u016briu; su jumis n\u0117ra jokio ry\u0161io. Sertifikuoti etikos \u012fsilau\u017e\u0117liai<a href=\"https:\/\/duckduckgo.com\/\" target=\"_blank\" rel=\"noopener\">.<\/a> <span contenteditable=\"true\">Profesionali\u0173 \u012fsilau\u017e\u0117li\u0173 nuoma.<\/span><\/p>\n<h3><span contenteditable=\"true\">Rasti profesionali\u0173 \u012fsilau\u017e\u0117li\u0173<\/span><\/h3>\n<p>Tai suteikia jums apsaugos lyg\u012f, apsaugant\u012f jus nuo bet koki\u0173 teis\u0117saugos institucij\u0173, paties tikslo ir net tamsiojo interneto \u012fsilau\u017e\u0117li\u0173, kurie niekada ne\u017eino pradinio kliento tapatyb\u0117s. Darbas per tarpinink\u0105 \u0161iandien yra saugiausias b\u016bdas samdyti bet kok\u012f \u0161e\u0161\u0117lin\u012f darb\u0105. Samdykite eti\u0161k\u0105 \u012fsilau\u017e\u0117l\u012f. I\u0161sinuomokite \u012fsilau\u017e\u0117l\u012f.<\/p>\n<p>B\u016bkite tikri, kad kaip m\u016bs\u0173 klientas visada b\u016bsite visi\u0161kai saug\u016bs ir i\u0161liksite anonimi\u0161ki. U\u017etikriname, kad darbas bus atliktas laiku ir tinkamai, l\u0117\u0161os bus skland\u017eiai pervestos ir viskas bus atlikta taip, kaip i\u0161 prad\u017ei\u0173 buvo sutarta. Kaip samdyti <a href=\"https:\/\/rentahacker.io\/lt\/\">eti\u0161kas \u012fsilau\u017e\u0117lis<\/a> internetu. I\u0161sinuomokite \"Hacker\".<\/p>\n<h3>Konsultacijos d\u0117l pretenzij\u0173 ir turto susigr\u0105\u017einimo<\/h3>\n<p>M\u016bs\u0173 komercini\u0173 byl\u0173 ekspertai gali pad\u0117ti asmenims ir \u012fmon\u0117ms, manantiems, kad jie tapo suk\u010diavimo aukomis, atgauti d\u0117l suk\u010diavimo prarast\u0105 turt\u0105 tiek \u0161alyje, tiek u\u017esienyje. Taip pat atstovaujame suk\u010diavimu kaltinamiems klientams, u\u017etikrindami, kad teisinio konflikto metu b\u016bt\u0173 apsaugotas j\u0173 turtas ir teis\u0117s. Kreipkit\u0117s \u012f mus d\u0117l pagalbos, susijusios su bet kuriuo turto susigr\u0105\u017einimo elementu. Geriausi JAV samdomi \u012fsilau\u017e\u0117liai.<\/p>\n<h4>M\u016bs\u0173 filosofija<\/h4>\n<p>Apsauga nuo kibernetinio suk\u010diavimo ir pinigini\u0173 nuostoli\u0173. M\u016bs\u0173 komercini\u0173 byl\u0173 ekspertai gali pad\u0117ti asmenims ir \u012fmon\u0117ms, manantiems, kad jie tapo suk\u010diavimo aukomis, atgauti d\u0117l suk\u010diavimo prarast\u0105 turt\u0105 tiek \u0161alyje, tiek u\u017esienyje. <span contenteditable=\"true\">I\u0161sinuomokite profesional\u0173 \u012fsilau\u017e\u0117l\u012f. P<\/span><span contenteditable=\"true\">profesional\u016bs \u012fsilau\u017e\u0117liai, kuriuos galima pasamdyti.<\/span><\/p>\n<div id=\"attachment_5018\" style=\"width: 310px\" class=\"wp-caption aligncenter\"><img fetchpriority=\"high\" decoding=\"async\" aria-describedby=\"caption-attachment-5018\" src=\"https:\/\/hireonlinehackers.com\/wp-content\/uploads\/2023\/09\/traxer-No9sjMu5zpA-unsplash-1-300x200.jpg\" alt=\"Profesionali\u0173 \u012fsilau\u017e\u0117li\u0173 nuoma\" width=\"300\" height=\"200\" \/><p id=\"caption-attachment-5018\" class=\"wp-caption-text\">Profesionali\u0173 \u012fsilau\u017e\u0117li\u0173 nuoma<\/p><\/div>\n<h4>M\u016bs\u0173 tikslas?<\/h4>\n<p>I\u0161sinuomoti \u012fsilau\u017e\u0117l\u012f. M\u016bs\u0173 tikslas paprastas: dirbdami kartu su jumis kuo grei\u010diau atgausime j\u016bs\u0173 pinigus, naudodami pa\u017eangius algoritmus ir strateginius b\u016bdus, padedan\u010dius atgauti j\u016bs\u0173 nuostolius. Apsvarstykite galimyb\u0119 susisiekti su mumis dar \u0161iandien ir aptarkite savo pretenzij\u0105. <span contenteditable=\"true\">Profesionali\u0173 \u012fsilau\u017e\u0117li\u0173 nuoma.<\/span><\/p>\n<p>\u00a0<\/p>\n<h3>Profesional\u016bs \u012fsilau\u017e\u0117liai, dirbantys kartu, kad savo klientams teikt\u0173 geriausias \u012fmanomas paslaugas.<\/h3>\n<p>Kad suteiktume jums geriausias ir neprilygstamas \u012fsilau\u017eimo paslaugas, m\u016bs\u0173 ekspert\u0173 \u012fsilau\u017e\u0117li\u0173 komanda naudoja pa\u017eangiausias technologijas. B\u016bdami profesionali\u0173 \u012fsilau\u017e\u0117li\u0173 nuomos organizacija, savo klientams teikiame geriausius turimus sertifikuotus etikos \u012fsilau\u017e\u0117lius, taip pat \u012fg\u016bd\u017eius ir did\u017eiausi\u0105 slaptum\u0105 bei konfidencialum\u0105.<br \/>Dirbame, kad suprastume j\u016bs\u0173 poreikius ir sukurtume juos atitinkan\u010dius sprendimus. Siekdami kurti naujus b\u016bdus, kaip patekti \u012f duomen\u0173 bazes ir tinklus, nuolat tobuliname atak\u0173 \u012frankius, strategijas ir metodus.<\/p>\n<p><img decoding=\"async\" data-src=\"https:\/\/hireonlinehackers.com\/wp-content\/uploads\/2023\/01\/5-star-300x158.jpg\" alt=\"Profesionalus \u012fsilau\u017e\u0117lis nuomai Paslaugos\" width=\"66\" height=\"35\" src=\"data:image\/svg+xml;base64,PHN2ZyB3aWR0aD0iMSIgaGVpZ2h0PSIxIiB4bWxucz0iaHR0cDovL3d3dy53My5vcmcvMjAwMC9zdmciPjwvc3ZnPg==\" class=\"lazyload\" style=\"--smush-placeholder-width: 66px; --smush-placeholder-aspect-ratio: 66\/35;\" \/><\/p>\n<h3>Pasamdyti profesional\u0173 \u012fsilau\u017e\u0117l\u012f<\/h3>\n<p>Pasamdyti \u012fsilau\u017e\u0117lis su kibernetinio \u0161nipo \u012fsilau\u017eimo paslaugos, kuris yra geriausias sprendimas mobili\u0173j\u0173 \u0161nipin\u0117jimo paslaug\u0173 ir interneto saugumo. J\u016bs\u0173 prieiga bus saugi ir anonimi\u0161ka, jei naudosite \u012fsilau\u017e\u0117lio nuomos paslaug\u0105. I\u0161sinuomokite \u012fsilau\u017e\u0117l\u012f.<\/p>\n<p>Su geriausi\u0173 profesionali\u0173 \u012fsilau\u017e\u0117li\u0173, mes teikiame geriausi\u0105 telefono \u0161nipin\u0117jimo paslaugas. M\u016bs\u0173 profesional\u016bs \u012fsilau\u017e\u0117liai yra apmokyti su labai profesionaliais vyresniaisiais \u012fsilau\u017e\u0117liais, kurie turi labai auk\u0161t\u0105 etikos lyg\u012f.<\/p>\n<p>Visi telefon\u0173 \u012fsilau\u017e\u0117liai yra specialistai, turintys didel\u0119 praktin\u0119 patirt\u012f ir baig\u0119 pa\u017eangius mokymo kursus.<br \/>Galite i\u0161sinuomoti \u012fsilau\u017e\u0117l\u012f. <span contenteditable=\"true\">P<\/span><span contenteditable=\"true\">profesional\u016bs \u012fsilau\u017e\u0117liai, kuriuos galima pasamdyti.<\/span><\/p>\n<p>Daugiau nei milijonas t\u0117v\u0173 ir \u017emoni\u0173 samdo \u012fsilau\u017e\u0117lius, kad apsaugot\u0173 savo santykius. Galite sekti buvimo vietas, skambu\u010dius, \u017einutes, \u017eurnalus, slapta\u017eod\u017ei\u0173 registratori\u0173, socialin\u0119 \u017einiasklaid\u0105 ir daug daugiau. Tai \u017einiatinklio pagrindu veikianti ir 100% saugi ir patikima programa. \u012esilau\u017eimas yra neteis\u0117tas. Ta\u010diau eti\u0161kas \u012fsilau\u017eimas yra priimtinas. \u0160iais laikais nuo kibernetini\u0173 atak\u0173 reikia Saugumas ir apsauga, tod\u0117l \u010dia mes galime i\u0161spr\u0119sti j\u016bs\u0173 problemas su tikrais \u012fsilau\u017e\u0117liais.<\/p>\n<h4>I\u0161sinuomoti Hacker telefono \u0161nipin\u0117jimo paslaugas<\/h4>\n<p>Esame profesionaliausi\u0173 etikos \u012fsilau\u017e\u0117li\u0173 komanda, kuri teikia geriausias telefono \u012fsilau\u017eimo paslaugas. Gyvenime pasitaiko viena sud\u0117tingiausi\u0173 situacij\u0173, kai kas nors sulau\u017eo pasitik\u0117jim\u0105.  Kai sutuoktinis apgaudin\u0117ja santyki\u0173 laikotarpiu, sunku t\u0119sti santykius. Geriausi hakeriai, kuriuos galima i\u0161sinuomoti internete. <span contenteditable=\"true\">P<\/span><span contenteditable=\"true\">profesional\u016bs \u012fsilau\u017e\u0117liai, kuriuos galima pasamdyti.<\/span><\/p>\n<h4>Profesionalaus \u012fsilau\u017e\u0117lio nuoma<\/h4>\n<p>\u010cia mes ateiname su m\u016bs\u0173 telefono \u0161nipin\u0117jimo paslauga. Galite lengvai pasamdyti \u012fsilau\u017e\u0117l\u012f ir steb\u0117ti savo partnerio veikl\u0105. Taip galite surinkti pakankamai \u012frodym\u0173, kad apie toki\u0105 situacij\u0105 gal\u0117tum\u0117te prane\u0161ti draugams, \u0161eimos nariams arba teismui, kad \u0161is pasikeist\u0173. Mes visada tikime skaidrumu, tod\u0117l visoms m\u016bs\u0173 paslaugoms taikoma pinig\u0173 gr\u0105\u017einimo garantija. Bet kuriuo metu, jei paslaugos negausite, gr\u0105\u017einsime vis\u0105 sumok\u0117t\u0105 sum\u0105. Taip kuriami ilgalaikiai m\u016bs\u0173 santykiai.<\/p>\n<h3>Profesionalus \u012fsilau\u017e\u0117lis nuomai Paslaugos<\/h3>\n<div><a href=\"https:\/\/rentahacker.io\/lt\/\">Hakerio nuoma<\/a> yra pirmaujanti organizacija Nuoma Etiniai \u012fsilau\u017e\u0117liai su auk\u0161\u010diausios kvalifikacijos Hackers. Esame gerai apmokyti, sertifikuoti ir \u012fgud\u0119 hakeriai! Esame tinkami \u012fvykdyti savo garantijas ir teikti geriausias hakeri\u0173 nuomos paslaugas! <br \/>Si\u016blome geriausiai i\u0161manan\u010di\u0173 hakeri\u0173 nuom\u0105. Lengva naudotis eti\u0161ko \u012fsilau\u017eimo paslaugomis.  Atminkite, kad pra\u0161ant hakeri\u0173 nuomos paslaugos n\u0117ra joki\u0173 piktadarybi\u0173! Jei jums reikia k\u0105 nors pasiekti, tur\u0117tum\u0117te pasitempti ir papra\u0161yti...<\/div>\n<div>\n<h3>\u00a0<\/h3>\n<\/div>\n<div>\n<h3>Geriausi \u012fsilau\u017e\u0117liai nuomai<\/h3>\n<p>\"Silent infiltrators\" yra profesional\u016bs hakeriai, kurie yra nuolat pasireng\u0119 bet kada jums pad\u0117ti. Esame labiausiai \u017emoni\u0173 patikimas telefono \u0161nipas, teikiantis profesionalias \u012fsilau\u017e\u0117li\u0173 nuomos paslaugas. B\u016bdami geriausios etikos \u012fsilau\u017e\u0117li\u0173 nuomos organizacijos visame pasaulyje, mes puikiai gebame gauti bet koki\u0105 informacij\u0105 internete. \u012esiskverbimo testavimo ir steb\u0117senos paslaugos, skirtos eti\u0161ko \u012fsilau\u017eimo paslaugoms. <span contenteditable=\"true\">P<\/span><span contenteditable=\"true\">profesional\u016bs \u012fsilau\u017e\u0117liai, kuriuos galima pasamdyti.<\/span><\/p>\n<p>Turime ekspert\u0173 visame pasaulyje sertifikuot\u0173 \u012fsilau\u017e\u0117li\u0173, kurie yra ypating\u0173 \u012fsilau\u017eimo sri\u010di\u0173 specialistai. Susisiek\u0119 su mumis, neabejotinai gal\u0117site atlikti etin\u012f \u012fsilau\u017eim\u0105 internetu, ir profesionalus \u012fsilau\u017e\u0117lis i\u0161 m\u016bs\u0173 kvalifikuot\u0173 ir apmokyt\u0173 \u012fsilau\u017e\u0117li\u0173 komandos bus paskirtas atlikti j\u016bs\u0173 darb\u0105 per trump\u0105 laik\u0105.<\/p>\n<p>Auk\u0161\u010diausios galimyb\u0117s \u012fsilau\u017eti \u012f bet kokius kompiuterius, \u012fsilau\u017eti \u012f universitet\u0173 pa\u017eymius. <span contenteditable=\"true\">Pasamdykite profesional\u0173 \u012fsilau\u017e\u0117l\u012f.<\/span><\/p>\n<h4>Kaip pasamdyti tamsaus interneto \u012fsilau\u017e\u0117l\u012f?<\/h4>\n<p>M\u016bs\u0173 kibernetinio saugumo ekspertas gali suteikti jums eti\u0161ko \u012fsilau\u017eimo, tamsiojo interneto paslaugas<a href=\"https:\/\/www.bing.com\/\" target=\"_blank\" rel=\"noopener\">,<\/a> ir \"pilkosios kepur\u0117s\" \u012fsilau\u017e\u0117li\u0173, kuriuos galite lengvai pasamdyti. <span contenteditable=\"true\">P<\/span><span contenteditable=\"true\">profesional\u016bs \u012fsilau\u017e\u0117liai, kuriuos galima pasamdyti.<\/span><\/p>\n<p>Jei norite pasamdyti pilkos kepur\u0117s \u012fsilau\u017e\u0117li\u0173 ekspert\u0105. Galite rasti patikim\u0105 \u012fsilau\u017eimo reikm\u0117ms, pirmiausia tur\u0117tum\u0117te suprasti, kur ie\u0161koti ir rasti sertifikuot\u0105 etikos \u012fsilau\u017e\u0117l\u012f.<\/p>\n<p>Yra daugyb\u0117 \u012fsilau\u017e\u0117li\u0173 organizacij\u0173, kurios neinvestuoja papildomos energijos, kuri\u0105 tur\u0117t\u0173 pasamdyti \u012fsilau\u017e\u0117l\u012f netoli man\u0119s, kad patenkint\u0173 klient\u0173 l\u016bkes\u010dius. <span contenteditable=\"true\">Pasamdykite profesional\u0173 \u012fsilau\u017e\u0117l\u012f.<\/span><\/p>\n<p>Kai kurie asmenys mano, kad jie gali pasamdyti \u012fsilau\u017e\u0117l\u012f \u0161alia j\u0173 u\u017e niek\u0105, eidami per privat\u0173 agent\u0105. To daryti nerekomenduojama, nes mokes\u010diai yra galaktiniai ir juos galima nukreipti, jei tai daro genialus \u017emogus.<\/p>\n<\/div>\n<\/div>\n<\/div>\n<\/div>\n<\/div>\n<p><img decoding=\"async\" data-src=\"https:\/\/hireonlinehackers.com\/wp-content\/uploads\/2023\/01\/5-star-300x158.jpg\" alt=\"Profesionalus \u012fsilau\u017e\u0117lis nuomai Paslaugos\" width=\"36\" height=\"19\" src=\"data:image\/svg+xml;base64,PHN2ZyB3aWR0aD0iMSIgaGVpZ2h0PSIxIiB4bWxucz0iaHR0cDovL3d3dy53My5vcmcvMjAwMC9zdmciPjwvc3ZnPg==\" class=\"lazyload\" style=\"--smush-placeholder-width: 36px; --smush-placeholder-aspect-ratio: 36\/19;\" \/><\/p>\n<\/div>\n<\/div>\n<p><!-- \/wp:paragraph --><!-- wp:heading --><!-- \/wp:paragraph --><\/p>\t\t\t\t\t\t\t\t<\/div>\n\t\t\t\t<\/div>\n\t\t\t\t\t<\/div>\n\t\t<\/div>\n\t\t\t\t\t<\/div>\n\t\t<\/section>\n\t\t\t\t<section class=\"elementor-section elementor-top-section elementor-element elementor-element-da4e662 elementor-section-boxed elementor-section-height-default elementor-section-height-default default-style\" data-id=\"da4e662\" data-element_type=\"section\" data-settings=\"{&quot;rt_color_sets&quot;:&quot;default-style&quot;}\">\n\t\t\t\t\t\t<div class=\"elementor-container elementor-column-gap-default\">\n\t\t\t\t\t<div class=\"elementor-column elementor-col-50 elementor-top-column elementor-element elementor-element-db924fe\" data-id=\"db924fe\" data-element_type=\"column\">\n\t\t\t<div class=\"elementor-widget-wrap elementor-element-populated\">\n\t\t\t\t\t\t<div class=\"elementor-element elementor-element-0485719 elementor-widget elementor-widget-image\" data-id=\"0485719\" data-element_type=\"widget\" data-widget_type=\"image.default\">\n\t\t\t\t<div class=\"elementor-widget-container\">\n\t\t\t\t\t\t\t\t\t\t\t\t\t\t\t<img decoding=\"async\" width=\"768\" height=\"288\" data-src=\"https:\/\/rentahacker.io\/wp-content\/uploads\/2022\/11\/Buy-Registered-Documents.jpg\" class=\"attachment-large size-large wp-image-4545 lazyload\" alt=\"Tamsi\u0173j\u0173 interneto \u012fsilau\u017e\u0117li\u0173 nuoma\" data-srcset=\"https:\/\/rentahacker.io\/wp-content\/uploads\/2022\/11\/Buy-Registered-Documents.jpg 768w, https:\/\/rentahacker.io\/wp-content\/uploads\/2022\/11\/Buy-Registered-Documents-300x113.jpg 300w, https:\/\/rentahacker.io\/wp-content\/uploads\/2022\/11\/Buy-Registered-Documents-600x225.jpg 600w\" data-sizes=\"(max-width: 768px) 100vw, 768px\" src=\"data:image\/svg+xml;base64,PHN2ZyB3aWR0aD0iMSIgaGVpZ2h0PSIxIiB4bWxucz0iaHR0cDovL3d3dy53My5vcmcvMjAwMC9zdmciPjwvc3ZnPg==\" style=\"--smush-placeholder-width: 768px; --smush-placeholder-aspect-ratio: 768\/288;\" \/>\t\t\t\t\t\t\t\t\t\t\t\t\t\t\t<\/div>\n\t\t\t\t<\/div>\n\t\t\t\t\t<\/div>\n\t\t<\/div>\n\t\t\t\t<div class=\"elementor-column elementor-col-50 elementor-top-column elementor-element elementor-element-bff131d\" data-id=\"bff131d\" data-element_type=\"column\">\n\t\t\t<div class=\"elementor-widget-wrap elementor-element-populated\">\n\t\t\t\t\t\t<div class=\"elementor-element elementor-element-db6bcbe elementor-widget elementor-widget-heading\" data-id=\"db6bcbe\" data-element_type=\"widget\" data-widget_type=\"heading.default\">\n\t\t\t\t<div class=\"elementor-widget-container\">\n\t\t\t\t\t<h2 class=\"elementor-heading-title elementor-size-default\"><span class=\"tagify__tag-text\">Tamsi\u0173j\u0173 interneto \u012fsilau\u017e\u0117li\u0173 nuoma<\/span><\/h2>\t\t\t\t<\/div>\n\t\t\t\t<\/div>\n\t\t\t\t\t<\/div>\n\t\t<\/div>\n\t\t\t\t\t<\/div>\n\t\t<\/section>\n\t\t\t\t<\/div>","protected":false},"excerpt":{"rendered":"<p>Profesional\u016bs \u012fsilau\u017e\u0117liai nuomai \u00a9 \"Rent A Hacker\" paslaugos pad\u0117s jums atlikti ir pri\u017ei\u016br\u0117ti vis\u0105 tamsiojo interneto \u012fsilau\u017e\u0117li\u0173 paie\u0161kos, samdymo, paai\u0161kinimo, deryb\u0173 ir apmok\u0117jimo proces\u0105. Kadangi mes esame tarpininkai, j\u016bs niekada tiesiogiai nebendraujate su \u012fsilau\u017e\u0117liu - nei administraciniu, nei finansiniu po\u017ei\u016briu; n\u0117ra joki\u0173 s\u0105saj\u0173, vedan\u010di\u0173 atgal \u012f jus. Sertifikuoti [...]<\/p>","protected":false},"author":1,"featured_media":4993,"parent":0,"menu_order":0,"comment_status":"closed","ping_status":"open","template":"","meta":{"footnotes":""},"class_list":["post-3","page","type-page","status-publish","has-post-thumbnail","hentry"],"_links":{"self":[{"href":"https:\/\/rentahacker.io\/lt\/wp-json\/wp\/v2\/pages\/3","targetHints":{"allow":["GET"]}}],"collection":[{"href":"https:\/\/rentahacker.io\/lt\/wp-json\/wp\/v2\/pages"}],"about":[{"href":"https:\/\/rentahacker.io\/lt\/wp-json\/wp\/v2\/types\/page"}],"author":[{"embeddable":true,"href":"https:\/\/rentahacker.io\/lt\/wp-json\/wp\/v2\/users\/1"}],"replies":[{"embeddable":true,"href":"https:\/\/rentahacker.io\/lt\/wp-json\/wp\/v2\/comments?post=3"}],"version-history":[{"count":61,"href":"https:\/\/rentahacker.io\/lt\/wp-json\/wp\/v2\/pages\/3\/revisions"}],"predecessor-version":[{"id":5807,"href":"https:\/\/rentahacker.io\/lt\/wp-json\/wp\/v2\/pages\/3\/revisions\/5807"}],"wp:featuredmedia":[{"embeddable":true,"href":"https:\/\/rentahacker.io\/lt\/wp-json\/wp\/v2\/media\/4993"}],"wp:attachment":[{"href":"https:\/\/rentahacker.io\/lt\/wp-json\/wp\/v2\/media?parent=3"}],"curies":[{"name":"wp","href":"https:\/\/api.w.org\/{rel}","templated":true}]}}