{"id":5840,"date":"2025-09-27T14:54:20","date_gmt":"2025-09-27T14:54:20","guid":{"rendered":"https:\/\/rentahacker.io\/?page_id=5840"},"modified":"2025-09-27T15:03:46","modified_gmt":"2025-09-27T15:03:46","slug":"affitto-account-hacker-di-social-media","status":"publish","type":"page","link":"https:\/\/rentahacker.io\/it\/affitto-account-hacker-di-social-media\/","title":{"rendered":"Affitto Social Media Hacker"},"content":{"rendered":"<div data-elementor-type=\"wp-page\" data-elementor-id=\"5840\" class=\"elementor elementor-5840\">\n\t\t\t\t\t\t<section class=\"elementor-section elementor-top-section elementor-element elementor-element-21ed0537 elementor-section-boxed elementor-section-height-default elementor-section-height-default default-style\" data-id=\"21ed0537\" data-element_type=\"section\" data-settings=\"{&quot;rt_color_sets&quot;:&quot;default-style&quot;}\">\n\t\t\t\t\t\t<div class=\"elementor-container elementor-column-gap-default\">\n\t\t\t\t\t<div class=\"elementor-column elementor-col-100 elementor-top-column elementor-element elementor-element-320524c5\" data-id=\"320524c5\" data-element_type=\"column\">\n\t\t\t<div class=\"elementor-widget-wrap elementor-element-populated\">\n\t\t\t\t\t\t<div class=\"elementor-element elementor-element-15f4f884 elementor-widget elementor-widget-text-editor\" data-id=\"15f4f884\" data-element_type=\"widget\" data-widget_type=\"text-editor.default\">\n\t\t\t\t<div class=\"elementor-widget-container\">\n\t\t\t\t\t\t\t\t\t<h2>Affitto Hacker di account di social media<\/h2>\n<p>Riuscite a immaginare il potere di accedere agli account dei social media di qualcuno? E se poteste recuperare informazioni preziose, scoprire segreti nascosti o addirittura proteggervi da potenziali minacce? Nell'era digitale di oggi, in cui i social media giocano un ruolo fondamentale nelle nostre vite, \u00e8 essenziale riconoscere l'importanza di salvaguardare la nostra presenza online. Vi siete mai chiesti se esiste un modo per assumere un hacker per il social media hacking? Beh, state per scoprirlo! Noleggiare un hacker di account di social media.<\/p>\n<div>\n<div data-id=\"97ea71a\" data-element_type=\"widget\" data-widget_type=\"text-editor.default\">\n<p>Assumere un professionista <a href=\"https:\/\/criminalminds.fandom.com\/wiki\/Hacker\" target=\"_blank\" rel=\"noopener\">hacker<\/a> pu\u00f2 fornirvi le competenze e gli strumenti necessari per accedere e proteggere gli account dei social media. Queste persone qualificate possiedono le conoscenze e l'esperienza necessarie per navigare attraverso gli intricati sistemi di sicurezza di piattaforme come Facebook, Twitter, Instagram e altre ancora. Con la loro assistenza, \u00e8 possibile ottenere l'accesso a un account target, recuperare un profilo compromesso o addirittura recuperare dati preziosi che potrebbero essere stati persi o cancellati. Il mondo dell'hacking dei social media \u00e8 un regno affascinante e l'assunzione di un hacker pu\u00f2 aprire una pletora di possibilit\u00e0. Affittate Social Media Account Hacker.<\/p>\n<\/div>\n<div data-id=\"97ea71a\" data-element_type=\"widget\" data-widget_type=\"text-editor.default\">\n<p>L'hacking sui social media pu\u00f2 avere gravi conseguenze sia per gli individui che per le aziende. Pu\u00f2 portare a furti di identit\u00e0, violazioni della privacy, danni alla reputazione e perdite finanziarie. Gli hacker possono utilizzare in modo improprio le informazioni personali, pubblicare contenuti dannosi o intraprendere attivit\u00e0 fraudolente, causando danni significativi al proprietario dell'account. Assumere hacker dei social media<\/p>\n<\/div>\n<div data-id=\"97ea71a\" data-element_type=\"widget\" data-widget_type=\"text-editor.default\">\n<p>Per salvaguardare i vostri account sui social media e proteggervi da potenziali minacce, assumere un hacker professionista pu\u00f2 essere una scelta prudente. Questi esperti possiedono le competenze e le conoscenze necessarie per identificare le vulnerabilit\u00e0, proteggere i vostri account e fornire soluzioni valide in caso di violazioni della sicurezza. Assumere hacker di social media. Affittate un hacker di account di social media.<\/p>\n<\/div>\n<div data-id=\"97ea71a\" data-element_type=\"widget\" data-widget_type=\"text-editor.default\">\n<p>Assumendo professionisti come <a href=\"https:\/\/rentahacker.io\/it\/\">Noleggiare un hacker<\/a> per i servizi di social media hacking, si ottengono numerosi vantaggi. Questi includono:<\/p>\n<article>\n<div>\n<h3>HACKER DI SOCIAL MEDIA ONLINE | NOLEGGIO DI UN HACKER DI ACCOUNT DI SOCIAL MEDIA | SERVIZIO DI HACKING DELLA PASSWORD DI FACEBOOK | HACKER DELLA PASSWORD DI SNAPCHAT | HACKER DI TIKTOK ONLINE<\/h3>\n<h3>HACKER DEI SOCIAL MEDIA A NOLEGGIO | DARKWEB HACKER<\/h3>\n<p>Avete mai voluto sapere di cosa parlano i vostri amici sulle piattaforme di social media come Instagram, Facebook, Pinterest e Twitter? Con gli strumenti giusti, \u00e8 possibile farlo! Non solo discuteremo di come spiare gli account dei social media di qualcuno, ma vi forniremo anche un elenco di alcuni dei migliori e pi\u00f9 efficaci software di hacking disponibili. Account dei social media<\/p>\n<p><strong>Che cos'\u00e8 lo spionaggio dei social media?<\/strong><\/p>\n<p>Lo spionaggio dei social media \u00e8 l'atto di monitorare l'account di qualcuno sui social media. Questo pu\u00f2 essere fatto attraverso un'applicazione di terze parti che consente di visualizzare ci\u00f2 che il vostro obiettivo pubblica online e utilizzando la sua e-mail personale. Un sito popolare che offre questo servizio \u00e8\u00a0<strong>noleggiare un hacker<\/strong>\u00a0servizi di hacking<\/p>\n<p>\u00c8 possibile hackerare Facebook, Instagram e Twitter,\u00a0<b>TikTok\u00a0<\/b>Servizio di hacking telefonico e altri account di social media.<\/p>\n<p><strong>Come spiare gli account dei social media<\/strong><\/p>\n<p>Avete bisogno di tenere d'occhio quello che fanno i vostri concorrenti sui social media? Siete curiosi di sapere chi parla del vostro marchio online? In tal caso, potreste aver bisogno di assumere un hacker per spiare i social media. Gli hacker possono aiutarvi a ottenere l'accesso a tutti i tipi di informazioni dagli account dei social media, tra cui password, post e follower. Quindi, se siete pronti a scoprire le informazioni sulla concorrenza o se volete semplicemente tenere sotto controllo la vostra presenza sui social media, assicuratevi di assumere un hacker oggi stesso. Account dei social media<\/p>\n<h4><strong>Dark Web Hacker dei social media a pagamento<\/strong><\/h4>\n<p>Volete hackerare l'account Facebook del vostro ex? O forse volete solo sapere cosa sta facendo. In ogni caso, avete bisogno di qualcuno che abbia le competenze e le conoscenze necessarie per aiutarvi. \u00c8 qui che entrano in gioco gli hacker di social media a pagamento. Questi hacker professionisti possono aiutarvi a entrare in qualsiasi account, indipendentemente da quanto sia bloccato. Sono esperti nell'aggirare le misure di sicurezza e possono aiutarvi ad accedere a qualsiasi informazione stiate cercando. Quindi, se volete fare un po' di spionaggio informatico, un hacker in affitto \u00e8 sicuramente la persona giusta per questo lavoro! Account di social media<\/p>\n<header>\n<h2>Hacking degli account dei social media<\/h2>\n<\/header>\n<p>Se qualcuno vuole assumere un hacker di social media, in genere \u00e8 preferibile che si tratti di un hacker anonimo. In questo modo si potr\u00e0 mantenere nascosta la propria identit\u00e0 e garantire che nessuno sappia chi ha pagato per i loro servizi, a parte voi stessi, quindi non c'\u00e8 bisogno di preoccuparsi di essere scoperti con un comportamento illegale. Account sui social media<\/p>\n<p>Quando contattate un hacker, considerate il vostro annuncio di lavoro come un'occasione per offrire una descrizione approfondita dell'ambito del progetto, dei costi e della necessit\u00e0 di talenti. Sebbene non sia necessaria una descrizione completa del lavoro quando si assume un dipendente, l'obiettivo \u00e8 quello di fornire informazioni sufficienti a un appaltatore per determinare se \u00e8 adatto alla posizione. Account sui social media<\/p>\n<p>\u00c8 possibile assumere hacker esperti per una serie di servizi di hacking, tra cui l'hacking telefonico e l'hacking dei social media. \u00c8 possibile assumere hacker per servizi come Facebook, TikTok, WhatsApp, e-mail, Instagram e hacking di telefoni cellulari, oltre a molte altre attivit\u00e0 di hacking. Gli hacker esperti sono noti per aver compromesso gli account FB, come risulta chiaramente da\u00a0<a href=\"https:\/\/www.facebook.com\/help\/1216349518398524\" target=\"_blank\" rel=\"noopener\">Centro assistenza di Facebook<\/a>. Hacker come questi sono disponibili per il noleggio con le conoscenze e le abilit\u00e0 necessarie per le vostre esigenze in molti casi. Account di social media<\/p>\n<p>Volete ancora assumere un hacker per problemi di Facebook o di posta elettronica? Nel wiki nascosto non ci sono link a siti di noleggio hacker per questi servizi specifici, ma potete andare su un sito come\u00a0<a href=\"https:\/\/rentahacker.io\/it\/\" target=\"_blank\" rel=\"noopener noreferrer\">rentahacker.io<\/a> per trovare la persona giusta. Account sui social media<\/p>\n<p><img decoding=\"async\" data-src=\"https:\/\/beauty-by-world.com\/wp-content\/uploads\/2025\/06\/social-media-accounts-hacker-300x158.jpg\" alt=\"ACCOUNT DI SOCIAL MEDIA\" width=\"300\" height=\"158\" src=\"data:image\/svg+xml;base64,PHN2ZyB3aWR0aD0iMSIgaGVpZ2h0PSIxIiB4bWxucz0iaHR0cDovL3d3dy53My5vcmcvMjAwMC9zdmciPjwvc3ZnPg==\" class=\"lazyload\" style=\"--smush-placeholder-width: 300px; --smush-placeholder-aspect-ratio: 300\/158;\" \/>Un buon hacker non si fa pagare un centesimo e quelli a basso costo cercheranno di fregarti i risparmi di una vita con una sorta di truffa. Questi ragazzi non possono fornire ci\u00f2 che la gente vuole perch\u00e9 i loro servizi sono troppo costosi in termini di tempo\/denaro ecc. Account sui social media<\/p>\n<\/div>\n<\/article>\n<\/div>\n<\/div>\t\t\t\t\t\t\t\t<\/div>\n\t\t\t\t<\/div>\n\t\t\t\t\t<\/div>\n\t\t<\/div>\n\t\t\t\t\t<\/div>\n\t\t<\/section>\n\t\t\t\t<section class=\"elementor-section elementor-top-section elementor-element elementor-element-da4e662 elementor-section-boxed elementor-section-height-default elementor-section-height-default default-style\" data-id=\"da4e662\" data-element_type=\"section\" data-settings=\"{&quot;rt_color_sets&quot;:&quot;default-style&quot;}\">\n\t\t\t\t\t\t<div class=\"elementor-container elementor-column-gap-default\">\n\t\t\t\t\t<div class=\"elementor-column elementor-col-50 elementor-top-column elementor-element elementor-element-db924fe\" data-id=\"db924fe\" data-element_type=\"column\">\n\t\t\t<div class=\"elementor-widget-wrap elementor-element-populated\">\n\t\t\t\t\t\t<div class=\"elementor-element elementor-element-0485719 elementor-widget elementor-widget-image\" data-id=\"0485719\" data-element_type=\"widget\" data-widget_type=\"image.default\">\n\t\t\t\t<div class=\"elementor-widget-container\">\n\t\t\t\t\t\t\t\t\t\t\t\t\t\t\t<img fetchpriority=\"high\" decoding=\"async\" width=\"768\" height=\"288\" src=\"https:\/\/rentahacker.io\/wp-content\/uploads\/2022\/11\/Buy-Registered-Documents.jpg\" class=\"attachment-large size-large wp-image-4545\" alt=\"Assumere hacker del dark web\" srcset=\"https:\/\/rentahacker.io\/wp-content\/uploads\/2022\/11\/Buy-Registered-Documents.jpg 768w, https:\/\/rentahacker.io\/wp-content\/uploads\/2022\/11\/Buy-Registered-Documents-300x113.jpg 300w, https:\/\/rentahacker.io\/wp-content\/uploads\/2022\/11\/Buy-Registered-Documents-600x225.jpg 600w\" sizes=\"(max-width: 768px) 100vw, 768px\" \/>\t\t\t\t\t\t\t\t\t\t\t\t\t\t\t<\/div>\n\t\t\t\t<\/div>\n\t\t\t\t\t<\/div>\n\t\t<\/div>\n\t\t\t\t<div class=\"elementor-column elementor-col-50 elementor-top-column elementor-element elementor-element-bff131d\" data-id=\"bff131d\" data-element_type=\"column\">\n\t\t\t<div class=\"elementor-widget-wrap elementor-element-populated\">\n\t\t\t\t\t\t<div class=\"elementor-element elementor-element-db6bcbe elementor-widget elementor-widget-heading\" data-id=\"db6bcbe\" data-element_type=\"widget\" data-widget_type=\"heading.default\">\n\t\t\t\t<div class=\"elementor-widget-container\">\n\t\t\t\t\t<h2 class=\"elementor-heading-title elementor-size-default\">Noleggio di un hacker di account di social media<\/h2>\t\t\t\t<\/div>\n\t\t\t\t<\/div>\n\t\t\t\t\t<\/div>\n\t\t<\/div>\n\t\t\t\t\t<\/div>\n\t\t<\/section>\n\t\t\t\t<\/div>","protected":false},"excerpt":{"rendered":"<p>Rent Social Media Account Hacker Riuscite a immaginare il potere di accedere agli account dei social media di qualcuno? E se poteste recuperare informazioni preziose, scoprire segreti nascosti o addirittura proteggervi da potenziali minacce? Nell'era digitale di oggi, in cui i social media giocano un ruolo fondamentale nelle nostre vite, \u00e8 essenziale riconoscere l'importanza di salvaguardare [...]<\/p>","protected":false},"author":1,"featured_media":5841,"parent":0,"menu_order":0,"comment_status":"closed","ping_status":"open","template":"","meta":{"footnotes":""},"class_list":["post-5840","page","type-page","status-publish","has-post-thumbnail","hentry"],"_links":{"self":[{"href":"https:\/\/rentahacker.io\/it\/wp-json\/wp\/v2\/pages\/5840","targetHints":{"allow":["GET"]}}],"collection":[{"href":"https:\/\/rentahacker.io\/it\/wp-json\/wp\/v2\/pages"}],"about":[{"href":"https:\/\/rentahacker.io\/it\/wp-json\/wp\/v2\/types\/page"}],"author":[{"embeddable":true,"href":"https:\/\/rentahacker.io\/it\/wp-json\/wp\/v2\/users\/1"}],"replies":[{"embeddable":true,"href":"https:\/\/rentahacker.io\/it\/wp-json\/wp\/v2\/comments?post=5840"}],"version-history":[{"count":4,"href":"https:\/\/rentahacker.io\/it\/wp-json\/wp\/v2\/pages\/5840\/revisions"}],"predecessor-version":[{"id":5845,"href":"https:\/\/rentahacker.io\/it\/wp-json\/wp\/v2\/pages\/5840\/revisions\/5845"}],"wp:featuredmedia":[{"embeddable":true,"href":"https:\/\/rentahacker.io\/it\/wp-json\/wp\/v2\/media\/5841"}],"wp:attachment":[{"href":"https:\/\/rentahacker.io\/it\/wp-json\/wp\/v2\/media?parent=5840"}],"curies":[{"name":"wp","href":"https:\/\/api.w.org\/{rel}","templated":true}]}}