{"id":5840,"date":"2025-09-27T14:54:20","date_gmt":"2025-09-27T14:54:20","guid":{"rendered":"https:\/\/rentahacker.io\/?page_id=5840"},"modified":"2025-09-27T15:03:46","modified_gmt":"2025-09-27T15:03:46","slug":"kozossegi-media-fiok-hacker-berlese","status":"publish","type":"page","link":"https:\/\/rentahacker.io\/hu\/kozossegi-media-fiok-hacker-berlese\/","title":{"rendered":"Kiad\u00f3 Social Media Hacker"},"content":{"rendered":"<div data-elementor-type=\"wp-page\" data-elementor-id=\"5840\" class=\"elementor elementor-5840\">\n\t\t\t\t\t\t<section class=\"elementor-section elementor-top-section elementor-element elementor-element-21ed0537 elementor-section-boxed elementor-section-height-default elementor-section-height-default default-style\" data-id=\"21ed0537\" data-element_type=\"section\" data-settings=\"{&quot;rt_color_sets&quot;:&quot;default-style&quot;}\">\n\t\t\t\t\t\t<div class=\"elementor-container elementor-column-gap-default\">\n\t\t\t\t\t<div class=\"elementor-column elementor-col-100 elementor-top-column elementor-element elementor-element-320524c5\" data-id=\"320524c5\" data-element_type=\"column\">\n\t\t\t<div class=\"elementor-widget-wrap elementor-element-populated\">\n\t\t\t\t\t\t<div class=\"elementor-element elementor-element-15f4f884 elementor-widget elementor-widget-text-editor\" data-id=\"15f4f884\" data-element_type=\"widget\" data-widget_type=\"text-editor.default\">\n\t\t\t\t<div class=\"elementor-widget-container\">\n\t\t\t\t\t\t\t\t\t<h2>B\u00e9reljen Social Media Account Hacker<\/h2>\n<p>El tudja k\u00e9pzelni, milyen hatalommal b\u00edrhat, ha hozz\u00e1f\u00e9r valaki k\u00f6z\u00f6ss\u00e9gi m\u00e9dia fi\u00f3kjaihoz? Mi lenne, ha \u00e9rt\u00e9kes inform\u00e1ci\u00f3khoz juthatna, rejtett titkokat fedezhetne fel, vagy ak\u00e1r megv\u00e9dhetn\u00e9 mag\u00e1t a potenci\u00e1lis fenyeget\u00e9sekt\u0151l? A mai digit\u00e1lis korban, amikor a k\u00f6z\u00f6ss\u00e9gi m\u00e9dia kulcsfontoss\u00e1g\u00fa szerepet j\u00e1tszik az \u00e9let\u00fcnkben, elengedhetetlen, hogy felismerj\u00fck online jelenl\u00e9t\u00fcnk v\u00e9delm\u00e9nek jelent\u0151s\u00e9g\u00e9t. Sz\u00f3val, elgondolkodott m\u00e1r azon, hogy van-e m\u00f3d arra, hogy felb\u00e9reljen egy hackert a k\u00f6z\u00f6ss\u00e9gi m\u00e9dia felt\u00f6r\u00e9s\u00e9hez? Nos, most megtudhatja! B\u00e9reljen egy k\u00f6z\u00f6ss\u00e9gi m\u00e9dia fi\u00f3k hackert.<\/p>\n<div>\n<div data-id=\"97ea71a\" data-element_type=\"widget\" data-widget_type=\"text-editor.default\">\n<p>Szakember felb\u00e9rl\u00e9se <a href=\"https:\/\/criminalminds.fandom.com\/wiki\/Hacker\" target=\"_blank\" rel=\"noopener\">hacker<\/a> a k\u00f6z\u00f6ss\u00e9gi m\u00e9dia fi\u00f3kok el\u00e9r\u00e9s\u00e9hez \u00e9s v\u00e9delm\u00e9hez sz\u00fcks\u00e9ges szak\u00e9rtelemmel \u00e9s eszk\u00f6z\u00f6kkel l\u00e1tja el \u00d6nt. Ezek a k\u00e9pzett szem\u00e9lyek rendelkeznek azzal a tud\u00e1ssal \u00e9s tapasztalattal, hogy eligazodjanak az olyan platformok bonyolult biztons\u00e1gi rendszereiben, mint a Facebook, a Twitter, az Instagram \u00e9s m\u00e1s platformok. Seg\u00edts\u00e9g\u00fckkel hozz\u00e1f\u00e9rhet egy c\u00e9lsz\u00e1ml\u00e1hoz, helyre\u00e1ll\u00edthat egy vesz\u00e9lyeztetett profilt, vagy ak\u00e1r visszaszerezheti az esetleg elveszett vagy t\u00f6r\u00f6lt \u00e9rt\u00e9kes adatokat. A k\u00f6z\u00f6ss\u00e9gi m\u00e9diahackel\u00e9s vil\u00e1ga leny\u0171g\u00f6z\u0151 birodalom, \u00e9s egy hacker felb\u00e9rl\u00e9se rengeteg lehet\u0151s\u00e9get t\u00e1rhat fel. B\u00e9reljen k\u00f6z\u00f6ss\u00e9gi m\u00e9dia fi\u00f3k hacker.<\/p>\n<\/div>\n<div data-id=\"97ea71a\" data-element_type=\"widget\" data-widget_type=\"text-editor.default\">\n<p>A k\u00f6z\u00f6ss\u00e9gi m\u00e9di\u00e1t \u00e9rint\u0151 hackert\u00e1mad\u00e1sok s\u00falyos k\u00f6vetkezm\u00e9nyekkel j\u00e1rhatnak a mag\u00e1nszem\u00e9lyek \u00e9s a v\u00e1llalkoz\u00e1sok sz\u00e1m\u00e1ra egyar\u00e1nt. Szem\u00e9lyazonoss\u00e1g-lop\u00e1shoz, adatv\u00e9delem megs\u00e9rt\u00e9s\u00e9hez, h\u00edrn\u00e9vk\u00e1rosod\u00e1shoz \u00e9s p\u00e9nz\u00fcgyi vesztes\u00e9gekhez vezethet. A hackerek vissza\u00e9lhetnek szem\u00e9lyes adatokkal, rosszindulat\u00fa tartalmakat tehetnek k\u00f6zz\u00e9, vagy csal\u00e1rd tev\u00e9kenys\u00e9get folytathatnak, jelent\u0151s k\u00e1rokat okozva a fi\u00f3k tulajdonos\u00e1nak. K\u00f6z\u00f6ss\u00e9gi m\u00e9dia hackerek felb\u00e9rl\u00e9se<\/p>\n<\/div>\n<div data-id=\"97ea71a\" data-element_type=\"widget\" data-widget_type=\"text-editor.default\">\n<p>A k\u00f6z\u00f6ss\u00e9gi m\u00e9dia fi\u00f3kok v\u00e9delme \u00e9s a potenci\u00e1lis fenyeget\u00e9sekkel szembeni v\u00e9delem \u00e9rdek\u00e9ben b\u00f6lcs d\u00f6nt\u00e9s lehet egy profi hacker felb\u00e9rl\u00e9se. Ezek a szak\u00e9rt\u0151k rendelkeznek a sz\u00fcks\u00e9ges k\u00e9szs\u00e9gekkel \u00e9s tud\u00e1ssal ahhoz, hogy azonos\u00edts\u00e1k a sebezhet\u0151s\u00e9geket, biztos\u00edts\u00e1k fi\u00f3kjait, \u00e9s \u00e9rt\u00e9kes megold\u00e1sokat k\u00edn\u00e1ljanak a biztons\u00e1gi r\u00e9sek eset\u00e9n. B\u00e9reljen fel k\u00f6z\u00f6ss\u00e9gi m\u00e9dia hackereket. B\u00e9reljen k\u00f6z\u00f6ss\u00e9gi m\u00e9dia fi\u00f3k hackert.<\/p>\n<\/div>\n<div data-id=\"97ea71a\" data-element_type=\"widget\" data-widget_type=\"text-editor.default\">\n<p>Az olyan szakemberek felb\u00e9rl\u00e9s\u00e9vel, mint <a href=\"https:\/\/rentahacker.io\/hu\/\">B\u00e9reljen egy hackert<\/a> a k\u00f6z\u00f6ss\u00e9gi m\u00e9dia hacker szolg\u00e1ltat\u00e1sok\u00e9rt, sz\u00e1mos el\u0151nyre tehet szert. Ezek k\u00f6z\u00e9 tartoznak:<\/p>\n<article>\n<div>\n<h3>K\u00d6Z\u00d6SS\u00c9GI M\u00c9DIA HACKEREK ONLINE | B\u00c9RELJEN EGY K\u00d6Z\u00d6SS\u00c9GI M\u00c9DIA FI\u00d3KOK HACKER | FACEBOOK JELSZ\u00d3 HACKER SZOLG\u00c1LTAT\u00c1S | SNAPCHAT JELSZ\u00d3 HACKEREK | TIKTOK HACKEREK ONLINE<\/h3>\n<h3>K\u00d6Z\u00d6SS\u00c9GI M\u00c9DIA HACKEREK B\u00c9RBEAD\u00c1SA | DARKWEB HACKERS<\/h3>\n<p>Szerette volna tudni, hogy bar\u00e1tai mir\u0151l besz\u00e9lnek a k\u00f6z\u00f6ss\u00e9gi m\u00e9dia platformokon, mint az Instagram, Facebook, Pinterest, Twitter? A megfelel\u0151 eszk\u00f6z\u00f6kkel pontosan ez lehets\u00e9ges! nem csak arr\u00f3l fogunk besz\u00e9lni, hogyan k\u00e9mkedhetsz valakinek a k\u00f6z\u00f6ss\u00e9gi m\u00e9dia fi\u00f3kjai ut\u00e1n, hanem adunk egy list\u00e1t a legjobb \u00e9s leghat\u00e9konyabb hacker szoftverekr\u0151l is. K\u00f6z\u00f6ss\u00e9gi m\u00e9dia fi\u00f3kok<\/p>\n<p><strong>Mi a k\u00f6z\u00f6ss\u00e9gi m\u00e9dia k\u00e9mked\u00e9s?<\/strong><\/p>\n<p>A k\u00f6z\u00f6ss\u00e9gi m\u00e9diak\u00e9mked\u00e9s valakinek a k\u00f6z\u00f6ss\u00e9gi m\u00e9dia fi\u00f3kj\u00e1nak a megfigyel\u00e9se. Ez t\u00f6rt\u00e9nhet egy harmadik f\u00e9lt\u0151l sz\u00e1rmaz\u00f3 alkalmaz\u00e1son kereszt\u00fcl, amely lehet\u0151v\u00e9 teszi, hogy megn\u00e9zze, mit posztol a c\u00e9lpontja online, illetve a szem\u00e9lyes e-mail c\u00edm\u00e9t haszn\u00e1lva. Az egyik n\u00e9pszer\u0171 oldal, amely ezt a szolg\u00e1ltat\u00e1st k\u00edn\u00e1lja, a\u00a0<strong>b\u00e9reljen egy hackert<\/strong>\u00a0hacker szolg\u00e1ltat\u00e1sok<\/p>\n<p>Akkor Hack Facebook, Hack Instagram ,Twitter,\u00a0<b>TikTok\u00a0<\/b>Telefonos hacker szolg\u00e1ltat\u00e1s \u00e9s m\u00e1s k\u00f6z\u00f6ss\u00e9gi m\u00e9dia fi\u00f3k.<\/p>\n<p><strong>Hogyan lehet k\u00e9mkedni a k\u00f6z\u00f6ss\u00e9gi m\u00e9dia fi\u00f3kok<\/strong><\/p>\n<p>Sz\u00fcks\u00e9ge van arra, hogy szemmel tartsa, mit csin\u00e1lnak a versenyt\u00e1rsai a k\u00f6z\u00f6ss\u00e9gi m\u00e9di\u00e1ban? K\u00edv\u00e1ncsi arra, hogy kik besz\u00e9lnek a m\u00e1rk\u00e1j\u00e1r\u00f3l online? Ha igen, akkor lehet, hogy fel kell b\u00e9relnie egy hackert a k\u00f6z\u00f6ss\u00e9gi m\u00e9dia k\u00e9mked\u00e9shez. A hackerek seg\u00edts\u00e9g\u00e9vel mindenf\u00e9le inform\u00e1ci\u00f3hoz hozz\u00e1f\u00e9rhet a k\u00f6z\u00f6ss\u00e9gi m\u00e9dia fi\u00f3kokb\u00f3l, bele\u00e9rtve a jelszavakat, a posztokat \u00e9s a k\u00f6vet\u0151ket. Ha teh\u00e1t k\u00e9szen \u00e1ll arra, hogy bels\u0151 inform\u00e1ci\u00f3khoz jusson a versenyt\u00e1rsair\u00f3l, vagy egyszer\u0171en csak szeretn\u00e9 nyomon k\u00f6vetni saj\u00e1t k\u00f6z\u00f6ss\u00e9gi m\u00e9diajelenl\u00e9t\u00e9t, mindenk\u00e9ppen b\u00e9reljen fel egy hackert m\u00e9g ma. K\u00f6z\u00f6ss\u00e9gi m\u00e9dia fi\u00f3kok<\/p>\n<h4><strong>Dark Web Szoci\u00e1lis m\u00e9dia hackerek b\u00e9relhet\u0151ek<\/strong><\/h4>\n<p>Meg akarod t\u00f6rni az exed Facebook-fi\u00f3kj\u00e1t? Vagy tal\u00e1n csak tudni akarod, hogy mire k\u00e9sz\u00fcl. B\u00e1rhogy is legyen, sz\u00fcks\u00e9ged van valakire, aki rendelkezik a sz\u00fcks\u00e9ges k\u00e9szs\u00e9gekkel \u00e9s tud\u00e1ssal, hogy seg\u00edtsen neked. \u00c9s itt j\u00f6nnek a k\u00e9pbe a k\u00f6z\u00f6ss\u00e9gi m\u00e9dia hackerek. Ezek a profi hackerek seg\u00edtenek bejutni b\u00e1rmilyen fi\u00f3kba, f\u00fcggetlen\u00fcl att\u00f3l, hogy az mennyire le van z\u00e1rva. \u0150k a biztons\u00e1gi int\u00e9zked\u00e9sek kij\u00e1tsz\u00e1s\u00e1nak szak\u00e9rt\u0151i, \u00edgy seg\u00edthetnek abban, hogy hozz\u00e1f\u00e9rj b\u00e1rmilyen inform\u00e1ci\u00f3hoz, amit keresel. Ha teh\u00e1t komoly kiberk\u00e9mked\u00e9sre v\u00e1gysz, akkor a hackerb\u00e9rl\u00e9s biztosan a megfelel\u0151 szem\u00e9ly a feladatra! K\u00f6z\u00f6ss\u00e9gi m\u00e9dia fi\u00f3kok<\/p>\n<header>\n<h2>A k\u00f6z\u00f6ss\u00e9gi m\u00e9dia fi\u00f3kok felt\u00f6r\u00e9se<\/h2>\n<\/header>\n<p>Ha valaki fel akar b\u00e9relni egy k\u00f6z\u00f6ss\u00e9gi m\u00e9dia hackert, akkor \u00e1ltal\u00e1ban el\u0151ny\u00f6sebb, ha n\u00e9vtelen\u00fcl. Ez seg\u00edt abban, hogy a szem\u00e9lyazonoss\u00e1ga rejtve maradjon, \u00e9s biztos\u00edtja, hogy senki sem tudja, hogy \u00d6n\u00f6n k\u00edv\u00fcl ki fizetett a szolg\u00e1ltat\u00e1saik\u00e9rt, \u00edgy nem kell agg\u00f3dnia amiatt, hogy b\u00e1rmilyen illeg\u00e1lis viselked\u00e9sen fennakad. K\u00f6z\u00f6ss\u00e9gi m\u00e9dia sz\u00e1ml\u00e1k<\/p>\n<p>Amikor felveszi a kapcsolatot egy hackerrel, tekintse az \u00e1ll\u00e1shirdet\u00e9st \u00fagy, mint egy lehet\u0151s\u00e9get arra, hogy alaposan le\u00edrja a projekt terjedelm\u00e9t, k\u00f6lts\u00e9geit \u00e9s a tehets\u00e9g ir\u00e1nti ig\u00e9nyt. B\u00e1r nincs sz\u00fcks\u00e9g \u00e1tfog\u00f3 munkak\u00f6ri le\u00edr\u00e1sra, ha alkalmazottat vesz fel, t\u00f6rekedjen arra, hogy elegend\u0151 inform\u00e1ci\u00f3t adjon meg ahhoz, hogy a v\u00e1llalkoz\u00f3 eld\u00f6nthesse, alkalmas-e a poz\u00edci\u00f3ra. K\u00f6z\u00f6ss\u00e9gi m\u00e9dia fi\u00f3kok<\/p>\n<p>K\u00e9pzett hackereket b\u00e9relhet k\u00fcl\u00f6nb\u00f6z\u0151 hacker-szolg\u00e1ltat\u00e1sokhoz, bele\u00e9rtve a telefonos \u00e9s a k\u00f6z\u00f6ss\u00e9gi m\u00e9diahackel\u00e9st is. Olyan szolg\u00e1ltat\u00e1sokhoz is alkalmazhat hackereket, mint a Facebook, a TikTok, a WhatsApp, az e-mail, az Instagram \u00e9s a mobiltelefonok hackel\u00e9se, sok m\u00e1s hackel\u00e9si tev\u00e9kenys\u00e9g mellett. A szak\u00e9rt\u0151 hackerekr\u0151l ismert, hogy vesz\u00e9lyeztetik az FB-fi\u00f3kokat, amint az egy\u00e9rtelm\u0171v\u00e9 v\u00e1lik\u00a0<a href=\"https:\/\/www.facebook.com\/help\/1216349518398524\" target=\"_blank\" rel=\"noopener\">Facebook S\u00fag\u00f3k\u00f6zpont<\/a>. Az ilyen hackerek sok esetben b\u00e9relhet\u0151ek az \u00d6n ig\u00e9nyeinek megfelel\u0151 tud\u00e1ssal \u00e9s k\u00e9pess\u00e9gekkel. K\u00f6z\u00f6ss\u00e9gi m\u00e9dia fi\u00f3kok<\/p>\n<p>M\u00e9g mindig szeretne felb\u00e9relni egy hackert Facebook vagy e-mail probl\u00e9m\u00e1kra? A rejtett wikiben nincsenek linkek a hackereket b\u00e9rl\u0151 oldalakra az ilyen speci\u00e1lis szolg\u00e1ltat\u00e1sokhoz, de olyan oldalakra mehetsz, mint a\u00a0<a href=\"https:\/\/rentahacker.io\/hu\/\" target=\"_blank\" rel=\"noopener noreferrer\">rentahacker.io<\/a> hogy megtal\u00e1ljuk a megfelel\u0151 szem\u00e9lyt. K\u00f6z\u00f6ss\u00e9gi m\u00e9dia fi\u00f3kok<\/p>\n<p><img decoding=\"async\" data-src=\"https:\/\/beauty-by-world.com\/wp-content\/uploads\/2025\/06\/social-media-accounts-hacker-300x158.jpg\" alt=\"K\u00d6Z\u00d6SS\u00c9GI M\u00c9DIA FI\u00d3KOK\" width=\"300\" height=\"158\" src=\"data:image\/svg+xml;base64,PHN2ZyB3aWR0aD0iMSIgaGVpZ2h0PSIxIiB4bWxucz0iaHR0cDovL3d3dy53My5vcmcvMjAwMC9zdmciPjwvc3ZnPg==\" class=\"lazyload\" style=\"--smush-placeholder-width: 300px; --smush-placeholder-aspect-ratio: 300\/158;\" \/>Egy j\u00f3 hacker nem fog fill\u00e9reket k\u00e9rni, \u00e9s minden olcs\u00f3 hacker megpr\u00f3b\u00e1lja majd valamilyen \u00e1tver\u00e9ssel kicsalni az \u00e9leted megtakar\u00edt\u00e1sait. Ezek a sr\u00e1cok nem tudnak olyat ny\u00fajtani, amit az emberek akarnak, mert a szolg\u00e1ltat\u00e1saik t\u00fal dr\u00e1g\u00e1k el\u0151re az id\u0151\/p\u00e9nz stb. szempontj\u00e1b\u00f3l. K\u00f6z\u00f6ss\u00e9gi m\u00e9dia sz\u00e1ml\u00e1k<\/p>\n<\/div>\n<\/article>\n<\/div>\n<\/div>\t\t\t\t\t\t\t\t<\/div>\n\t\t\t\t<\/div>\n\t\t\t\t\t<\/div>\n\t\t<\/div>\n\t\t\t\t\t<\/div>\n\t\t<\/section>\n\t\t\t\t<section class=\"elementor-section elementor-top-section elementor-element elementor-element-da4e662 elementor-section-boxed elementor-section-height-default elementor-section-height-default default-style\" data-id=\"da4e662\" data-element_type=\"section\" data-settings=\"{&quot;rt_color_sets&quot;:&quot;default-style&quot;}\">\n\t\t\t\t\t\t<div class=\"elementor-container elementor-column-gap-default\">\n\t\t\t\t\t<div class=\"elementor-column elementor-col-50 elementor-top-column elementor-element elementor-element-db924fe\" data-id=\"db924fe\" data-element_type=\"column\">\n\t\t\t<div class=\"elementor-widget-wrap elementor-element-populated\">\n\t\t\t\t\t\t<div class=\"elementor-element elementor-element-0485719 elementor-widget elementor-widget-image\" data-id=\"0485719\" data-element_type=\"widget\" data-widget_type=\"image.default\">\n\t\t\t\t<div class=\"elementor-widget-container\">\n\t\t\t\t\t\t\t\t\t\t\t\t\t\t\t<img fetchpriority=\"high\" decoding=\"async\" width=\"768\" height=\"288\" src=\"https:\/\/rentahacker.io\/wp-content\/uploads\/2022\/11\/Buy-Registered-Documents.jpg\" class=\"attachment-large size-large wp-image-4545\" alt=\"B\u00e9reljen Dark Web hackereket\" srcset=\"https:\/\/rentahacker.io\/wp-content\/uploads\/2022\/11\/Buy-Registered-Documents.jpg 768w, https:\/\/rentahacker.io\/wp-content\/uploads\/2022\/11\/Buy-Registered-Documents-300x113.jpg 300w, https:\/\/rentahacker.io\/wp-content\/uploads\/2022\/11\/Buy-Registered-Documents-600x225.jpg 600w\" sizes=\"(max-width: 768px) 100vw, 768px\" \/>\t\t\t\t\t\t\t\t\t\t\t\t\t\t\t<\/div>\n\t\t\t\t<\/div>\n\t\t\t\t\t<\/div>\n\t\t<\/div>\n\t\t\t\t<div class=\"elementor-column elementor-col-50 elementor-top-column elementor-element elementor-element-bff131d\" data-id=\"bff131d\" data-element_type=\"column\">\n\t\t\t<div class=\"elementor-widget-wrap elementor-element-populated\">\n\t\t\t\t\t\t<div class=\"elementor-element elementor-element-db6bcbe elementor-widget elementor-widget-heading\" data-id=\"db6bcbe\" data-element_type=\"widget\" data-widget_type=\"heading.default\">\n\t\t\t\t<div class=\"elementor-widget-container\">\n\t\t\t\t\t<h2 class=\"elementor-heading-title elementor-size-default\">B\u00e9reljen egy k\u00f6z\u00f6ss\u00e9gi m\u00e9dia fi\u00f3k hacker<\/h2>\t\t\t\t<\/div>\n\t\t\t\t<\/div>\n\t\t\t\t\t<\/div>\n\t\t<\/div>\n\t\t\t\t\t<\/div>\n\t\t<\/section>\n\t\t\t\t<\/div>","protected":false},"excerpt":{"rendered":"<p>Kiad\u00f3 Social Media Account Hacker El tudod k\u00e9pzelni, milyen hatalommal b\u00edrna, ha hozz\u00e1f\u00e9rhetn\u00e9l valakinek a k\u00f6z\u00f6ss\u00e9gi m\u00e9dia fi\u00f3kjaihoz? Mi lenne, ha \u00e9rt\u00e9kes inform\u00e1ci\u00f3khoz juthatn\u00e1l hozz\u00e1, rejtett titkokat fedezhetn\u00e9l fel, vagy ak\u00e1r megv\u00e9dhetn\u00e9d magad a potenci\u00e1lis fenyeget\u00e9sekt\u0151l? A mai digit\u00e1lis korban, amikor a k\u00f6z\u00f6ss\u00e9gi m\u00e9dia kulcsfontoss\u00e1g\u00fa szerepet j\u00e1tszik az \u00e9let\u00fcnkben, elengedhetetlen, hogy felismerj\u00fck a v\u00e9delem jelent\u0151s\u00e9g\u00e9t [...]<\/p>","protected":false},"author":1,"featured_media":5841,"parent":0,"menu_order":0,"comment_status":"closed","ping_status":"open","template":"","meta":{"footnotes":""},"class_list":["post-5840","page","type-page","status-publish","has-post-thumbnail","hentry"],"_links":{"self":[{"href":"https:\/\/rentahacker.io\/hu\/wp-json\/wp\/v2\/pages\/5840","targetHints":{"allow":["GET"]}}],"collection":[{"href":"https:\/\/rentahacker.io\/hu\/wp-json\/wp\/v2\/pages"}],"about":[{"href":"https:\/\/rentahacker.io\/hu\/wp-json\/wp\/v2\/types\/page"}],"author":[{"embeddable":true,"href":"https:\/\/rentahacker.io\/hu\/wp-json\/wp\/v2\/users\/1"}],"replies":[{"embeddable":true,"href":"https:\/\/rentahacker.io\/hu\/wp-json\/wp\/v2\/comments?post=5840"}],"version-history":[{"count":4,"href":"https:\/\/rentahacker.io\/hu\/wp-json\/wp\/v2\/pages\/5840\/revisions"}],"predecessor-version":[{"id":5845,"href":"https:\/\/rentahacker.io\/hu\/wp-json\/wp\/v2\/pages\/5840\/revisions\/5845"}],"wp:featuredmedia":[{"embeddable":true,"href":"https:\/\/rentahacker.io\/hu\/wp-json\/wp\/v2\/media\/5841"}],"wp:attachment":[{"href":"https:\/\/rentahacker.io\/hu\/wp-json\/wp\/v2\/media?parent=5840"}],"curies":[{"name":"wp","href":"https:\/\/api.w.org\/{rel}","templated":true}]}}