{"id":5840,"date":"2025-09-27T14:54:20","date_gmt":"2025-09-27T14:54:20","guid":{"rendered":"https:\/\/rentahacker.io\/?page_id=5840"},"modified":"2025-09-27T15:03:46","modified_gmt":"2025-09-27T15:03:46","slug":"location-piratage-de-comptes-de-medias-sociaux","status":"publish","type":"page","link":"https:\/\/rentahacker.io\/fr\/location-piratage-de-comptes-de-medias-sociaux\/","title":{"rendered":"Louer l'outil de gestion des m\u00e9dias sociaux"},"content":{"rendered":"<div data-elementor-type=\"wp-page\" data-elementor-id=\"5840\" class=\"elementor elementor-5840\">\n\t\t\t\t\t\t<section class=\"elementor-section elementor-top-section elementor-element elementor-element-21ed0537 elementor-section-boxed elementor-section-height-default elementor-section-height-default default-style\" data-id=\"21ed0537\" data-element_type=\"section\" data-settings=\"{&quot;rt_color_sets&quot;:&quot;default-style&quot;}\">\n\t\t\t\t\t\t<div class=\"elementor-container elementor-column-gap-default\">\n\t\t\t\t\t<div class=\"elementor-column elementor-col-100 elementor-top-column elementor-element elementor-element-320524c5\" data-id=\"320524c5\" data-element_type=\"column\">\n\t\t\t<div class=\"elementor-widget-wrap elementor-element-populated\">\n\t\t\t\t\t\t<div class=\"elementor-element elementor-element-15f4f884 elementor-widget elementor-widget-text-editor\" data-id=\"15f4f884\" data-element_type=\"widget\" data-widget_type=\"text-editor.default\">\n\t\t\t\t<div class=\"elementor-widget-container\">\n\t\t\t\t\t\t\t\t\t<h2>Louer un compte de m\u00e9dias sociaux<\/h2>\n<p>Pouvez-vous imaginer le pouvoir que repr\u00e9sente l'acc\u00e8s aux comptes de m\u00e9dias sociaux d'une personne ? Et si vous pouviez r\u00e9cup\u00e9rer des informations pr\u00e9cieuses, d\u00e9couvrir des secrets cach\u00e9s ou m\u00eame vous prot\u00e9ger contre des menaces potentielles ? \u00c0 l'\u00e8re du num\u00e9rique, o\u00f9 les m\u00e9dias sociaux jouent un r\u00f4le central dans nos vies, il est essentiel de reconna\u00eetre l'importance de prot\u00e9ger notre pr\u00e9sence en ligne. Vous \u00eates-vous d\u00e9j\u00e0 demand\u00e9 s'il \u00e9tait possible d'engager un hacker pour pirater les m\u00e9dias sociaux ? Eh bien, vous \u00eates sur le point de le d\u00e9couvrir ! Louer un hacker de comptes de m\u00e9dias sociaux.<\/p>\n<div>\n<div data-id=\"97ea71a\" data-element_type=\"widget\" data-widget_type=\"text-editor.default\">\n<p>Engager un professionnel <a href=\"https:\/\/criminalminds.fandom.com\/wiki\/Hacker\" target=\"_blank\" rel=\"noopener\">pirate informatique<\/a> peut vous fournir l'expertise et les outils n\u00e9cessaires pour acc\u00e9der aux comptes de m\u00e9dias sociaux et les s\u00e9curiser. Ces personnes qualifi\u00e9es poss\u00e8dent les connaissances et l'exp\u00e9rience n\u00e9cessaires pour naviguer dans les syst\u00e8mes de s\u00e9curit\u00e9 complexes de plateformes telles que Facebook, Twitter, Instagram, etc. Avec leur aide, vous pouvez acc\u00e9der \u00e0 un compte cible, r\u00e9cup\u00e9rer un profil compromis ou m\u00eame r\u00e9cup\u00e9rer des donn\u00e9es pr\u00e9cieuses qui ont pu \u00eatre perdues ou supprim\u00e9es. Le monde du piratage des m\u00e9dias sociaux est un domaine fascinant, et l'embauche d'un hacker peut d\u00e9bloquer une pl\u00e9thore de possibilit\u00e9s. Louez Social Media Account Hacker.<\/p>\n<\/div>\n<div data-id=\"97ea71a\" data-element_type=\"widget\" data-widget_type=\"text-editor.default\">\n<p>Le piratage des m\u00e9dias sociaux peut avoir de graves cons\u00e9quences pour les particuliers comme pour les entreprises. Il peut conduire \u00e0 l'usurpation d'identit\u00e9, \u00e0 des atteintes \u00e0 la vie priv\u00e9e, \u00e0 des atteintes \u00e0 la r\u00e9putation et \u00e0 des pertes financi\u00e8res. Les pirates peuvent utiliser \u00e0 mauvais escient des informations personnelles, publier des contenus malveillants ou se livrer \u00e0 des activit\u00e9s frauduleuses, causant ainsi un pr\u00e9judice important au propri\u00e9taire du compte. Engager des pirates de m\u00e9dias sociaux<\/p>\n<\/div>\n<div data-id=\"97ea71a\" data-element_type=\"widget\" data-widget_type=\"text-editor.default\">\n<p>Pour s\u00e9curiser vos comptes de m\u00e9dias sociaux et vous prot\u00e9ger des menaces potentielles, il peut \u00eatre prudent de faire appel \u00e0 un pirate informatique professionnel. Ces experts poss\u00e8dent les comp\u00e9tences et les connaissances n\u00e9cessaires pour identifier les vuln\u00e9rabilit\u00e9s, s\u00e9curiser vos comptes et fournir des solutions pr\u00e9cieuses en cas de faille de s\u00e9curit\u00e9. Engagez des pirates de m\u00e9dias sociaux. Louez un pirate de comptes de m\u00e9dias sociaux.<\/p>\n<\/div>\n<div data-id=\"97ea71a\" data-element_type=\"widget\" data-widget_type=\"text-editor.default\">\n<p>En faisant appel \u00e0 des professionnels comme <a href=\"https:\/\/rentahacker.io\/fr\/\">Louer un hacker<\/a> pour les services de piratage des m\u00e9dias sociaux, vous b\u00e9n\u00e9ficiez de nombreux avantages. Il s'agit notamment de :<\/p>\n<article>\n<div>\n<h3>| PIRATAGE DE COMPTES DE M\u00c9DIAS SOCIAUX | PIRATAGE DE MOTS DE PASSE FACEBOOK | PIRATAGE DE MOTS DE PASSE SNAPCHAT | PIRATAGE DE COMPTES TIKTOK EN LIGNE<\/h3>\n<h3>HACKERS DE M\u00c9DIAS SOCIAUX \u00c0 LOUER | DARKWEB HACKERS<\/h3>\n<p>Avez-vous d\u00e9j\u00e0 voulu savoir de quoi parlent vos amis sur les plateformes de m\u00e9dias sociaux comme Instagram, Facebook, Pinterest, Twitter ? Avec les bons outils, il est possible de le faire ! Nous allons non seulement discuter de la mani\u00e8re d'espionner les comptes de m\u00e9dias sociaux de quelqu'un, mais aussi vous donner une liste des logiciels de piratage les plus efficaces disponibles sur le march\u00e9. Comptes de m\u00e9dias sociaux<\/p>\n<p><strong>Qu'est-ce que l'espionnage des m\u00e9dias sociaux ?<\/strong><\/p>\n<p>L'espionnage des m\u00e9dias sociaux consiste \u00e0 surveiller le compte de m\u00e9dias sociaux d'une personne. Cela peut se faire par le biais d'une application tierce qui vous permet de voir ce que votre cible publie en ligne ou en utilisant son courrier \u00e9lectronique personnel. Un site populaire qui offre ce service est\u00a0<strong>louer un hacker<\/strong>\u00a0services de piratage informatique<\/p>\n<p>Vous pouvez pirater Facebook, Instagram et Twitter,\u00a0<b>TikTok\u00a0<\/b>Service de piratage t\u00e9l\u00e9phonique et autres comptes de m\u00e9dias sociaux.<\/p>\n<p><strong>Comment espionner des comptes de m\u00e9dias sociaux<\/strong><\/p>\n<p>Avez-vous besoin de garder un \u0153il sur ce que font vos concurrents sur les m\u00e9dias sociaux ? \u00cates-vous curieux de savoir qui parle de votre marque en ligne ? Si c'est le cas, il se peut que vous ayez besoin d'engager un pirate informatique pour l'espionnage des m\u00e9dias sociaux. Les pirates peuvent vous aider \u00e0 acc\u00e9der \u00e0 toutes sortes d'informations provenant de comptes de m\u00e9dias sociaux, y compris les mots de passe, les messages et les adeptes. Alors, si vous \u00eates pr\u00eat \u00e0 obtenir un scoop sur vos concurrents ou si vous voulez simplement garder un \u0153il sur votre propre pr\u00e9sence sur les m\u00e9dias sociaux, n'h\u00e9sitez pas \u00e0 engager un hacker d\u00e8s aujourd'hui. Comptes de m\u00e9dias sociaux<\/p>\n<h4><strong>Dark Web Pirates des m\u00e9dias sociaux \u00e0 louer<\/strong><\/h4>\n<p>Vous voulez pirater le compte Facebook de votre ex ? Ou peut-\u00eatre voulez-vous simplement savoir ce qu'il ou elle fait. Dans tous les cas, vous avez besoin de quelqu'un qui poss\u00e8de les comp\u00e9tences et les connaissances n\u00e9cessaires pour vous aider. C'est l\u00e0 qu'interviennent les pirates de m\u00e9dias sociaux \u00e0 louer. Ces pirates professionnels peuvent vous aider \u00e0 acc\u00e9der \u00e0 n'importe quel compte, m\u00eame s'il est verrouill\u00e9. Ils sont experts dans l'art de contourner les mesures de s\u00e9curit\u00e9 et peuvent donc vous aider \u00e0 acc\u00e9der \u00e0 toutes les informations que vous recherchez. Si vous souhaitez faire du cyberespionnage, le hacker est la personne qu'il vous faut ! Comptes de m\u00e9dias sociaux<\/p>\n<header>\n<h2>Piratage des comptes de m\u00e9dias sociaux<\/h2>\n<\/header>\n<p>Si quelqu'un souhaite engager un pirate de m\u00e9dias sociaux, il est g\u00e9n\u00e9ralement pr\u00e9f\u00e9rable qu'il soit anonyme. Cela vous aidera \u00e0 dissimuler votre identit\u00e9 et \u00e0 faire en sorte que personne d'autre que vous ne sache qui a pay\u00e9 pour ses services, de sorte qu'il n'y a pas lieu de craindre d'\u00eatre pris en flagrant d\u00e9lit de comportement ill\u00e9gal. Comptes de m\u00e9dias sociaux<\/p>\n<p>Lorsque vous contactez un pirate informatique, consid\u00e9rez votre offre d'emploi comme une occasion d'offrir une description d\u00e9taill\u00e9e de l'\u00e9tendue du projet, de son co\u00fbt et de la n\u00e9cessit\u00e9 de recruter des talents. Bien que vous n'ayez pas besoin d'une description de poste compl\u00e8te pour embaucher un employ\u00e9, essayez de fournir suffisamment d'informations pour qu'un entrepreneur puisse d\u00e9terminer s'il convient pour le poste. Comptes de m\u00e9dias sociaux<\/p>\n<p>Vous pouvez engager des hackers qualifi\u00e9s pour une vari\u00e9t\u00e9 de services de piratage, y compris le piratage t\u00e9l\u00e9phonique et le piratage des m\u00e9dias sociaux. Vous pouvez \u00e9galement employer des hackers pour des services tels que Facebook, TikTok, WhatsApp, email, Instagram, et le piratage de t\u00e9l\u00e9phones portables en plus de nombreuses autres activit\u00e9s de piratage. Les experts en piratage sont connus pour avoir compromis des comptes FB, comme le montrent clairement les exemples suivants\u00a0<a href=\"https:\/\/www.facebook.com\/help\/1216349518398524\" target=\"_blank\" rel=\"noopener\">Centre d'aide de Facebook<\/a>. Il est possible d'engager des pirates de ce type qui poss\u00e8dent les connaissances et les capacit\u00e9s n\u00e9cessaires pour r\u00e9pondre \u00e0 vos besoins dans de nombreux cas. Comptes de m\u00e9dias sociaux<\/p>\n<p>Vous souhaitez toujours engager un hacker pour des probl\u00e8mes li\u00e9s \u00e0 Facebook ou au courrier \u00e9lectronique ? Il n'y a pas de liens sur le wiki cach\u00e9 vers des sites de location de hackers pour ces services sp\u00e9cifiques, mais vous pouvez aller sur un site comme\u00a0<a href=\"https:\/\/rentahacker.io\/fr\/\" target=\"_blank\" rel=\"noopener noreferrer\">rentahacker.io<\/a> pour trouver la bonne personne. Comptes de m\u00e9dias sociaux<\/p>\n<p><img decoding=\"async\" data-src=\"https:\/\/beauty-by-world.com\/wp-content\/uploads\/2025\/06\/social-media-accounts-hacker-300x158.jpg\" alt=\"COMPTES DE M\u00c9DIAS SOCIAUX\" width=\"300\" height=\"158\" src=\"data:image\/svg+xml;base64,PHN2ZyB3aWR0aD0iMSIgaGVpZ2h0PSIxIiB4bWxucz0iaHR0cDovL3d3dy53My5vcmcvMjAwMC9zdmciPjwvc3ZnPg==\" class=\"lazyload\" style=\"--smush-placeholder-width: 300px; --smush-placeholder-aspect-ratio: 300\/158;\" \/>Un bon hacker ne demandera pas un centime, et les hackers \u00e0 bas prix essaieront de vous soutirer vos \u00e9conomies avec une sorte d'escroquerie. Ces types ne peuvent pas fournir ce que les gens veulent parce que leurs services sont trop co\u00fbteux en termes de temps, d'argent, etc. Comptes de m\u00e9dias sociaux<\/p>\n<\/div>\n<\/article>\n<\/div>\n<\/div>\t\t\t\t\t\t\t\t<\/div>\n\t\t\t\t<\/div>\n\t\t\t\t\t<\/div>\n\t\t<\/div>\n\t\t\t\t\t<\/div>\n\t\t<\/section>\n\t\t\t\t<section class=\"elementor-section elementor-top-section elementor-element elementor-element-da4e662 elementor-section-boxed elementor-section-height-default elementor-section-height-default default-style\" data-id=\"da4e662\" data-element_type=\"section\" data-settings=\"{&quot;rt_color_sets&quot;:&quot;default-style&quot;}\">\n\t\t\t\t\t\t<div class=\"elementor-container elementor-column-gap-default\">\n\t\t\t\t\t<div class=\"elementor-column elementor-col-50 elementor-top-column elementor-element elementor-element-db924fe\" data-id=\"db924fe\" data-element_type=\"column\">\n\t\t\t<div class=\"elementor-widget-wrap elementor-element-populated\">\n\t\t\t\t\t\t<div class=\"elementor-element elementor-element-0485719 elementor-widget elementor-widget-image\" data-id=\"0485719\" data-element_type=\"widget\" data-widget_type=\"image.default\">\n\t\t\t\t<div class=\"elementor-widget-container\">\n\t\t\t\t\t\t\t\t\t\t\t\t\t\t\t<img fetchpriority=\"high\" decoding=\"async\" width=\"768\" height=\"288\" src=\"https:\/\/rentahacker.io\/wp-content\/uploads\/2022\/11\/Buy-Registered-Documents.jpg\" class=\"attachment-large size-large wp-image-4545\" alt=\"Embaucher des pirates du Dark Web\" srcset=\"https:\/\/rentahacker.io\/wp-content\/uploads\/2022\/11\/Buy-Registered-Documents.jpg 768w, https:\/\/rentahacker.io\/wp-content\/uploads\/2022\/11\/Buy-Registered-Documents-300x113.jpg 300w, https:\/\/rentahacker.io\/wp-content\/uploads\/2022\/11\/Buy-Registered-Documents-600x225.jpg 600w\" sizes=\"(max-width: 768px) 100vw, 768px\" \/>\t\t\t\t\t\t\t\t\t\t\t\t\t\t\t<\/div>\n\t\t\t\t<\/div>\n\t\t\t\t\t<\/div>\n\t\t<\/div>\n\t\t\t\t<div class=\"elementor-column elementor-col-50 elementor-top-column elementor-element elementor-element-bff131d\" data-id=\"bff131d\" data-element_type=\"column\">\n\t\t\t<div class=\"elementor-widget-wrap elementor-element-populated\">\n\t\t\t\t\t\t<div class=\"elementor-element elementor-element-db6bcbe elementor-widget elementor-widget-heading\" data-id=\"db6bcbe\" data-element_type=\"widget\" data-widget_type=\"heading.default\">\n\t\t\t\t<div class=\"elementor-widget-container\">\n\t\t\t\t\t<h2 class=\"elementor-heading-title elementor-size-default\">Louer un hacker de comptes de m\u00e9dias sociaux<\/h2>\t\t\t\t<\/div>\n\t\t\t\t<\/div>\n\t\t\t\t\t<\/div>\n\t\t<\/div>\n\t\t\t\t\t<\/div>\n\t\t<\/section>\n\t\t\t\t<\/div>","protected":false},"excerpt":{"rendered":"<p>Rent Social Media Account Hacker Pouvez-vous imaginer le pouvoir d'acc\u00e9der aux comptes de m\u00e9dias sociaux de quelqu'un ? Et si vous pouviez r\u00e9cup\u00e9rer des informations pr\u00e9cieuses, d\u00e9couvrir des secrets cach\u00e9s ou m\u00eame vous prot\u00e9ger contre des menaces potentielles ? \u00c0 l'\u00e8re du num\u00e9rique, o\u00f9 les m\u00e9dias sociaux jouent un r\u00f4le central dans nos vies, il est essentiel de reconna\u00eetre l'importance de la protection [...]<\/p>","protected":false},"author":1,"featured_media":5841,"parent":0,"menu_order":0,"comment_status":"closed","ping_status":"open","template":"","meta":{"footnotes":""},"class_list":["post-5840","page","type-page","status-publish","has-post-thumbnail","hentry"],"_links":{"self":[{"href":"https:\/\/rentahacker.io\/fr\/wp-json\/wp\/v2\/pages\/5840","targetHints":{"allow":["GET"]}}],"collection":[{"href":"https:\/\/rentahacker.io\/fr\/wp-json\/wp\/v2\/pages"}],"about":[{"href":"https:\/\/rentahacker.io\/fr\/wp-json\/wp\/v2\/types\/page"}],"author":[{"embeddable":true,"href":"https:\/\/rentahacker.io\/fr\/wp-json\/wp\/v2\/users\/1"}],"replies":[{"embeddable":true,"href":"https:\/\/rentahacker.io\/fr\/wp-json\/wp\/v2\/comments?post=5840"}],"version-history":[{"count":4,"href":"https:\/\/rentahacker.io\/fr\/wp-json\/wp\/v2\/pages\/5840\/revisions"}],"predecessor-version":[{"id":5845,"href":"https:\/\/rentahacker.io\/fr\/wp-json\/wp\/v2\/pages\/5840\/revisions\/5845"}],"wp:featuredmedia":[{"embeddable":true,"href":"https:\/\/rentahacker.io\/fr\/wp-json\/wp\/v2\/media\/5841"}],"wp:attachment":[{"href":"https:\/\/rentahacker.io\/fr\/wp-json\/wp\/v2\/media?parent=5840"}],"curies":[{"name":"wp","href":"https:\/\/api.w.org\/{rel}","templated":true}]}}