{"id":5840,"date":"2025-09-27T14:54:20","date_gmt":"2025-09-27T14:54:20","guid":{"rendered":"https:\/\/rentahacker.io\/?page_id=5840"},"modified":"2025-09-27T15:03:46","modified_gmt":"2025-09-27T15:03:46","slug":"vuokraa-sosiaalisen-median-tilin-hakkeri","status":"publish","type":"page","link":"https:\/\/rentahacker.io\/fi\/vuokraa-sosiaalisen-median-tilin-hakkeri\/","title":{"rendered":"Vuokraa Social Media Hacker"},"content":{"rendered":"<div data-elementor-type=\"wp-page\" data-elementor-id=\"5840\" class=\"elementor elementor-5840\">\n\t\t\t\t\t\t<section class=\"elementor-section elementor-top-section elementor-element elementor-element-21ed0537 elementor-section-boxed elementor-section-height-default elementor-section-height-default default-style\" data-id=\"21ed0537\" data-element_type=\"section\" data-settings=\"{&quot;rt_color_sets&quot;:&quot;default-style&quot;}\">\n\t\t\t\t\t\t<div class=\"elementor-container elementor-column-gap-default\">\n\t\t\t\t\t<div class=\"elementor-column elementor-col-100 elementor-top-column elementor-element elementor-element-320524c5\" data-id=\"320524c5\" data-element_type=\"column\">\n\t\t\t<div class=\"elementor-widget-wrap elementor-element-populated\">\n\t\t\t\t\t\t<div class=\"elementor-element elementor-element-15f4f884 elementor-widget elementor-widget-text-editor\" data-id=\"15f4f884\" data-element_type=\"widget\" data-widget_type=\"text-editor.default\">\n\t\t\t\t<div class=\"elementor-widget-container\">\n\t\t\t\t\t\t\t\t\t<h2>Vuokraa Social Media Account Hacker<\/h2>\n<p>Voitko kuvitella, millainen valta on p\u00e4\u00e4st\u00e4 k\u00e4siksi jonkun sosiaalisen median tileihin? Ent\u00e4 jos voisit hakea arvokasta tietoa, paljastaa piilotettuja salaisuuksia tai jopa suojella itse\u00e4si mahdollisilta uhkilta? Nykyp\u00e4iv\u00e4n digitaaliaikana, jolloin sosiaalinen media on keskeisess\u00e4 asemassa el\u00e4m\u00e4ss\u00e4mme, on t\u00e4rke\u00e4\u00e4 tiedostaa verkkol\u00e4sn\u00e4olomme suojaamisen merkitys. Oletko siis koskaan miettinyt, voiko hakkerin palkata sosiaalisen median hakkerointia varten? No, se selvi\u00e4\u00e4 pian! Vuokraa sosiaalisen median tilin hakkeri.<\/p>\n<div>\n<div data-id=\"97ea71a\" data-element_type=\"widget\" data-widget_type=\"text-editor.default\">\n<p>Ammattilaisen palkkaaminen <a href=\"https:\/\/criminalminds.fandom.com\/wiki\/Hacker\" target=\"_blank\" rel=\"noopener\">hakkeri<\/a> voi tarjota sinulle asiantuntemusta ja v\u00e4lineit\u00e4, joita tarvitset sosiaalisen median tileihin p\u00e4\u00e4semiseksi ja niiden suojaamiseksi. N\u00e4ill\u00e4 ammattitaitoisilla henkil\u00f6ill\u00e4 on tietoa ja kokemusta, jotta he voivat navigoida Facebookin, Twitterin, Instagramin ja muiden alustojen monimutkaisten turvaj\u00e4rjestelmien l\u00e4pi. Heid\u00e4n avullaan voit saada p\u00e4\u00e4syn kohdetilille, palauttaa vaarantuneen profiilin tai jopa palauttaa arvokkaita tietoja, jotka ovat saattaneet kadota tai poistua. Sosiaalisen median hakkeroinnin maailma on kiehtova alue, ja hakkerin palkkaaminen voi avata lukuisia mahdollisuuksia. Vuokraa Social Media Account Hacker.<\/p>\n<\/div>\n<div data-id=\"97ea71a\" data-element_type=\"widget\" data-widget_type=\"text-editor.default\">\n<p>Sosiaalisen median hakkeroinnilla voi olla vakavia seurauksia sek\u00e4 yksityishenkil\u00f6ille ett\u00e4 yrityksille. Se voi johtaa identiteettivarkauksiin, yksityisyyden loukkauksiin, mainehaittoihin ja taloudellisiin tappioihin. Hakkerit voivat k\u00e4ytt\u00e4\u00e4 henkil\u00f6kohtaisia tietoja v\u00e4\u00e4rin, julkaista haitallista sis\u00e4lt\u00f6\u00e4 tai harjoittaa vilpillist\u00e4 toimintaa, mik\u00e4 aiheuttaa merkitt\u00e4v\u00e4\u00e4 vahinkoa tilin omistajalle. Palkkaa sosiaalisen median hakkerit<\/p>\n<\/div>\n<div data-id=\"97ea71a\" data-element_type=\"widget\" data-widget_type=\"text-editor.default\">\n<p>Jos haluat suojata sosiaalisen median tilisi ja suojautua mahdollisilta uhkilta, ammattimaisen hakkerin palkkaaminen voi olla j\u00e4rkev\u00e4 valinta. N\u00e4ill\u00e4 asiantuntijoilla on tarvittavat taidot ja tiedot haavoittuvuuksien tunnistamiseen, tiliesi suojaamiseen ja arvokkaiden ratkaisujen tarjoamiseen tietoturvaloukkausten varalta. Palkkaa sosiaalisen median hakkerit. Vuokraa sosiaalisen median tilien hakkeri.<\/p>\n<\/div>\n<div data-id=\"97ea71a\" data-element_type=\"widget\" data-widget_type=\"text-editor.default\">\n<p>Palkkaamalla ammattilaisia, kuten <a href=\"https:\/\/rentahacker.io\/fi\/\">Vuokraa hakkeri<\/a> sosiaalisen median hakkerointipalveluja, saat lukuisia etuja. N\u00e4it\u00e4 ovat mm:<\/p>\n<article>\n<div>\n<h3>SOSIAALISEN MEDIAN HAKKERIT VERKOSSA | PALKATA SOSIAALISEN MEDIAN TILEJ\u00c4 HAKKERI | FACEBOOK SALASANA HAKATA PALVELU | SNAPCHAT SALASANA HAKKERIT | TIKTOK HAKKERIT VERKOSSA | TIKTOK HAKKERIT VERKOSSA<\/h3>\n<h3>SOSIAALISEN MEDIAN HAKKERIT VUOKRATTAVAKSI | DARKWEB HACKERS<\/h3>\n<p>Oletko koskaan halunnut tiet\u00e4\u00e4, mist\u00e4 yst\u00e4v\u00e4si puhuvat sosiaalisen median alustoilla, kuten Instagramissa, Facebookissa, Pinterestiss\u00e4 ja Twitteriss\u00e4? Oikeiden ty\u00f6kalujen avulla se on mahdollista tehd\u00e4 juuri niin! emme vain keskustele siit\u00e4, miten vakoilla jonkun sosiaalisen median tilej\u00e4, vaan annamme sinulle luettelon parhaista ja tehokkaimmista saatavilla olevista hakkerointiohjelmista. Sosiaalisen median tilit<\/p>\n<p><strong>Mit\u00e4 on sosiaalisen median vakoilu?<\/strong><\/p>\n<p>Sosiaalisen median vakoilu on jonkun sosiaalisen median tilin seuraamista. T\u00e4m\u00e4 voidaan tehd\u00e4 kolmannen osapuolen sovelluksen avulla, jonka avulla voit katsoa, mit\u00e4 kohteesi l\u00e4hett\u00e4\u00e4 verkossa, tai k\u00e4ytt\u00e4m\u00e4ll\u00e4 h\u00e4nen henkil\u00f6kohtaista s\u00e4hk\u00f6postiaan. Yksi suosittu sivusto, joka tarjoaa t\u00e4t\u00e4 palvelua, on\u00a0<strong>vuokrata hakkeri<\/strong>\u00a0hakkerointipalvelut<\/p>\n<p>Voit Hack Facebook, Hack Instagram ,Twitter,\u00a0<b>TikTok\u00a0<\/b>Puhelimen hakkerointipalvelu ja muu sosiaalisen median tili.<\/p>\n<p><strong>Miten vakoilla sosiaalisen median tilej\u00e4<\/strong><\/p>\n<p>Pit\u00e4\u00e4k\u00f6 sinun pit\u00e4\u00e4 silm\u00e4ll\u00e4, mit\u00e4 kilpailijasi tekev\u00e4t sosiaalisessa mediassa? Oletko utelias siit\u00e4, kuka puhuu br\u00e4ndist\u00e4si verkossa? Jos n\u00e4in on, sinun on ehk\u00e4 palkattava hakkeri sosiaalisen median vakoilua varten. Hakkerit voivat auttaa sinua p\u00e4\u00e4sem\u00e4\u00e4n k\u00e4siksi kaikenlaisiin tietoihin sosiaalisen median tileilt\u00e4, kuten salasanoihin, viesteihin ja seuraajiin. Jos siis olet valmis saamaan sis\u00e4piirin tietoa kilpailijoistasi tai haluat vain pit\u00e4\u00e4 silm\u00e4ll\u00e4 omaa l\u00e4sn\u00e4oloasi sosiaalisessa mediassa, muista palkata hakkeri jo t\u00e4n\u00e4\u00e4n. Sosiaalisen median tilit<\/p>\n<h4><strong>Dark Web Sosiaalisen median hakkerit vuokrattavissa<\/strong><\/h4>\n<p>Haluat siis murtautua ex\u00e4si Facebook-tilille? Tai ehk\u00e4 haluat vain tiet\u00e4\u00e4, mit\u00e4 h\u00e4n tekee. Tarvitset joka tapauksessa jonkun, jolla on tarvittavat taidot ja tiedot auttamaan sinua. Ja t\u00e4ss\u00e4 kohtaa sosiaalisen median palkattavat hakkerit tulevat kuvioihin. N\u00e4m\u00e4 ammattimaiset hakkerit voivat auttaa sinua p\u00e4\u00e4sem\u00e4\u00e4n mille tahansa tilille, oli se sitten kuinka lukittu tahansa. He ovat asiantuntijoita kiert\u00e4m\u00e4\u00e4n turvatoimia, joten he voivat auttaa sinua p\u00e4\u00e4sem\u00e4\u00e4n k\u00e4siksi haluamiisi tietoihin. Jos siis kaipaat vakavaa verkkovakoilua, hakkerin vuokraus on ehdottomasti oikea henkil\u00f6 teht\u00e4v\u00e4\u00e4n! Sosiaalisen median tilit<\/p>\n<header>\n<h2>Sosiaalisen median tilien hakkerointi<\/h2>\n<\/header>\n<p>Jos joku haluaa palkata sosiaalisen median hakkerin, on yleens\u00e4 parempi, ett\u00e4 h\u00e4n on anonyymi. Se auttaa pit\u00e4m\u00e4\u00e4n henkil\u00f6llisyytesi salassa ja varmistaa, ettei kukaan muu kuin sin\u00e4 itse tied\u00e4, kuka on maksanut heid\u00e4n palveluistaan, joten sinun ei tarvitse olla huolissasi siit\u00e4, ett\u00e4 j\u00e4\u00e4t kiinni laittomasta k\u00e4yt\u00f6ksest\u00e4. Sosiaalisen median tilit<\/p>\n<p>Kun otat yhteytt\u00e4 hakkeriin, pid\u00e4 ty\u00f6paikkailmoitusta mahdollisuutenasi tarjota perusteellinen kuvaus projektin laajuudesta, kustannuksista ja osaajien tarpeesta. Vaikka et tarvitse kattavaa ty\u00f6nkuvausta palkatessasi ty\u00f6ntekij\u00e4\u00e4, pyri antamaan riitt\u00e4v\u00e4sti tietoa, jotta urakoitsija voi p\u00e4\u00e4tt\u00e4\u00e4, onko h\u00e4n sopiva teht\u00e4v\u00e4\u00e4n. Sosiaalisen median tilit<\/p>\n<p>Voit palkata ammattitaitoisia hakkereita erilaisiin hakkerointipalveluihin, kuten puhelimen ja sosiaalisen median hakkerointiin. Voit my\u00f6s palkata hakkereita palveluihin, kuten Facebook, TikTok, WhatsApp, s\u00e4hk\u00f6posti, Instagram ja matkapuhelinten hakkerointi, monien muiden hakkerointitoimintojen lis\u00e4ksi. Asiantuntevat hakkerit ovat tunnetusti vaarantaneet FB-tilej\u00e4, kuten on selv\u00e4\u00e4, ett\u00e4\u00a0<a href=\"https:\/\/www.facebook.com\/help\/1216349518398524\" target=\"_blank\" rel=\"noopener\">Facebookin Ohjekeskus<\/a>. T\u00e4llaisia hakkereita on monissa tapauksissa saatavana vuokralle, ja heill\u00e4 on tarpeisiisi sopivat tiedot ja taidot. Sosiaalisen median tilit<\/p>\n<p>Haluatko yh\u00e4 palkata hakkerin Facebook- tai s\u00e4hk\u00f6postiongelmiin? Piilotetussa wikiss\u00e4 ei ole linkkej\u00e4 n\u00e4ihin erityispalveluihin tarkoitettuihin hakkereita palkkaaviin sivustoihin, mutta voit menn\u00e4 esimerkiksi seuraavalle sivustolle.\u00a0<a href=\"https:\/\/rentahacker.io\/fi\/\" target=\"_blank\" rel=\"noopener noreferrer\">rentahacker.io<\/a> l\u00f6yt\u00e4\u00e4 oikea henkil\u00f6. Sosiaalisen median tilit<\/p>\n<p><img decoding=\"async\" data-src=\"https:\/\/beauty-by-world.com\/wp-content\/uploads\/2025\/06\/social-media-accounts-hacker-300x158.jpg\" alt=\"SOSIAALISEN MEDIAN TILIT\" width=\"300\" height=\"158\" src=\"data:image\/svg+xml;base64,PHN2ZyB3aWR0aD0iMSIgaGVpZ2h0PSIxIiB4bWxucz0iaHR0cDovL3d3dy53My5vcmcvMjAwMC9zdmciPjwvc3ZnPg==\" class=\"lazyload\" style=\"--smush-placeholder-width: 300px; --smush-placeholder-aspect-ratio: 300\/158;\" \/>Hyv\u00e4 hakkeri ei veloita penni\u00e4k\u00e4\u00e4n, ja halpahakkerit yritt\u00e4v\u00e4t huijata sinulta s\u00e4\u00e4st\u00f6j\u00e4si jonkinlaisella huijauksella. N\u00e4m\u00e4 tyypit eiv\u00e4t voi mitenk\u00e4\u00e4n tarjota sit\u00e4, mit\u00e4 ihmiset haluavat, koska heid\u00e4n palvelunsa ovat liian kalliita etuk\u00e4teen ajan\/rahan jne. suhteen. Sosiaalisen median tilit<\/p>\n<\/div>\n<\/article>\n<\/div>\n<\/div>\t\t\t\t\t\t\t\t<\/div>\n\t\t\t\t<\/div>\n\t\t\t\t\t<\/div>\n\t\t<\/div>\n\t\t\t\t\t<\/div>\n\t\t<\/section>\n\t\t\t\t<section class=\"elementor-section elementor-top-section elementor-element elementor-element-da4e662 elementor-section-boxed elementor-section-height-default elementor-section-height-default default-style\" data-id=\"da4e662\" data-element_type=\"section\" data-settings=\"{&quot;rt_color_sets&quot;:&quot;default-style&quot;}\">\n\t\t\t\t\t\t<div class=\"elementor-container elementor-column-gap-default\">\n\t\t\t\t\t<div class=\"elementor-column elementor-col-50 elementor-top-column elementor-element elementor-element-db924fe\" data-id=\"db924fe\" data-element_type=\"column\">\n\t\t\t<div class=\"elementor-widget-wrap elementor-element-populated\">\n\t\t\t\t\t\t<div class=\"elementor-element elementor-element-0485719 elementor-widget elementor-widget-image\" data-id=\"0485719\" data-element_type=\"widget\" data-widget_type=\"image.default\">\n\t\t\t\t<div class=\"elementor-widget-container\">\n\t\t\t\t\t\t\t\t\t\t\t\t\t\t\t<img fetchpriority=\"high\" decoding=\"async\" width=\"768\" height=\"288\" src=\"https:\/\/rentahacker.io\/wp-content\/uploads\/2022\/11\/Buy-Registered-Documents.jpg\" class=\"attachment-large size-large wp-image-4545\" alt=\"Palkkaa Dark Web Hackers\" srcset=\"https:\/\/rentahacker.io\/wp-content\/uploads\/2022\/11\/Buy-Registered-Documents.jpg 768w, https:\/\/rentahacker.io\/wp-content\/uploads\/2022\/11\/Buy-Registered-Documents-300x113.jpg 300w, https:\/\/rentahacker.io\/wp-content\/uploads\/2022\/11\/Buy-Registered-Documents-600x225.jpg 600w\" sizes=\"(max-width: 768px) 100vw, 768px\" \/>\t\t\t\t\t\t\t\t\t\t\t\t\t\t\t<\/div>\n\t\t\t\t<\/div>\n\t\t\t\t\t<\/div>\n\t\t<\/div>\n\t\t\t\t<div class=\"elementor-column elementor-col-50 elementor-top-column elementor-element elementor-element-bff131d\" data-id=\"bff131d\" data-element_type=\"column\">\n\t\t\t<div class=\"elementor-widget-wrap elementor-element-populated\">\n\t\t\t\t\t\t<div class=\"elementor-element elementor-element-db6bcbe elementor-widget elementor-widget-heading\" data-id=\"db6bcbe\" data-element_type=\"widget\" data-widget_type=\"heading.default\">\n\t\t\t\t<div class=\"elementor-widget-container\">\n\t\t\t\t\t<h2 class=\"elementor-heading-title elementor-size-default\">Vuokraa sosiaalisen median tilin hakkeri<\/h2>\t\t\t\t<\/div>\n\t\t\t\t<\/div>\n\t\t\t\t\t<\/div>\n\t\t<\/div>\n\t\t\t\t\t<\/div>\n\t\t<\/section>\n\t\t\t\t<\/div>","protected":false},"excerpt":{"rendered":"<p>Rent Social Media Account Hacker Voitko kuvitella valtaa p\u00e4\u00e4st\u00e4 k\u00e4siksi jonkun sosiaalisen median tileihin? Ent\u00e4 jos voisit hakea arvokasta tietoa, paljastaa piilotettuja salaisuuksia tai jopa suojella itse\u00e4si mahdollisilta uhkilta? Nykyp\u00e4iv\u00e4n digitaalisella aikakaudella, jolloin sosiaalisella medialla on keskeinen rooli el\u00e4m\u00e4ss\u00e4mme, on t\u00e4rke\u00e4\u00e4 tunnistaa suojaamisen merkitys [...]<\/p>","protected":false},"author":1,"featured_media":5841,"parent":0,"menu_order":0,"comment_status":"closed","ping_status":"open","template":"","meta":{"footnotes":""},"class_list":["post-5840","page","type-page","status-publish","has-post-thumbnail","hentry"],"_links":{"self":[{"href":"https:\/\/rentahacker.io\/fi\/wp-json\/wp\/v2\/pages\/5840","targetHints":{"allow":["GET"]}}],"collection":[{"href":"https:\/\/rentahacker.io\/fi\/wp-json\/wp\/v2\/pages"}],"about":[{"href":"https:\/\/rentahacker.io\/fi\/wp-json\/wp\/v2\/types\/page"}],"author":[{"embeddable":true,"href":"https:\/\/rentahacker.io\/fi\/wp-json\/wp\/v2\/users\/1"}],"replies":[{"embeddable":true,"href":"https:\/\/rentahacker.io\/fi\/wp-json\/wp\/v2\/comments?post=5840"}],"version-history":[{"count":4,"href":"https:\/\/rentahacker.io\/fi\/wp-json\/wp\/v2\/pages\/5840\/revisions"}],"predecessor-version":[{"id":5845,"href":"https:\/\/rentahacker.io\/fi\/wp-json\/wp\/v2\/pages\/5840\/revisions\/5845"}],"wp:featuredmedia":[{"embeddable":true,"href":"https:\/\/rentahacker.io\/fi\/wp-json\/wp\/v2\/media\/5841"}],"wp:attachment":[{"href":"https:\/\/rentahacker.io\/fi\/wp-json\/wp\/v2\/media?parent=5840"}],"curies":[{"name":"wp","href":"https:\/\/api.w.org\/{rel}","templated":true}]}}