{"id":5840,"date":"2025-09-27T14:54:20","date_gmt":"2025-09-27T14:54:20","guid":{"rendered":"https:\/\/rentahacker.io\/?page_id=5840"},"modified":"2025-09-27T15:03:46","modified_gmt":"2025-09-27T15:03:46","slug":"alquilar-una-cuenta-de-redes-sociales-para-hackers","status":"publish","type":"page","link":"https:\/\/rentahacker.io\/es\/alquilar-una-cuenta-de-redes-sociales-para-hackers\/","title":{"rendered":"Alquiler Social Media Hacker"},"content":{"rendered":"<div data-elementor-type=\"wp-page\" data-elementor-id=\"5840\" class=\"elementor elementor-5840\">\n\t\t\t\t\t\t<section class=\"elementor-section elementor-top-section elementor-element elementor-element-21ed0537 elementor-section-boxed elementor-section-height-default elementor-section-height-default default-style\" data-id=\"21ed0537\" data-element_type=\"section\" data-settings=\"{&quot;rt_color_sets&quot;:&quot;default-style&quot;}\">\n\t\t\t\t\t\t<div class=\"elementor-container elementor-column-gap-default\">\n\t\t\t\t\t<div class=\"elementor-column elementor-col-100 elementor-top-column elementor-element elementor-element-320524c5\" data-id=\"320524c5\" data-element_type=\"column\">\n\t\t\t<div class=\"elementor-widget-wrap elementor-element-populated\">\n\t\t\t\t\t\t<div class=\"elementor-element elementor-element-15f4f884 elementor-widget elementor-widget-text-editor\" data-id=\"15f4f884\" data-element_type=\"widget\" data-widget_type=\"text-editor.default\">\n\t\t\t\t<div class=\"elementor-widget-container\">\n\t\t\t\t\t\t\t\t\t<h2>Alquiler Social Media Account Hacker<\/h2>\n<p>\u00bfTe imaginas el poder que tendr\u00eda acceder a las cuentas de redes sociales de alguien? \u00bfY si pudieras recuperar informaci\u00f3n valiosa, descubrir secretos ocultos o incluso protegerte de posibles amenazas? En la era digital actual, en la que las redes sociales desempe\u00f1an un papel fundamental en nuestras vidas, es esencial reconocer la importancia de salvaguardar nuestra presencia en l\u00ednea. \u00bfTe has preguntado alguna vez si existe alguna forma de contratar a un hacker para piratear las redes sociales? Bueno, \u00a1est\u00e1s a punto de descubrirlo! Alquilar un hacker de cuentas de redes sociales.<\/p>\n<div>\n<div data-id=\"97ea71a\" data-element_type=\"widget\" data-widget_type=\"text-editor.default\">\n<p>Contratar a un profesional <a href=\"https:\/\/criminalminds.fandom.com\/wiki\/Hacker\" target=\"_blank\" rel=\"noopener\">hacker<\/a> puede proporcionarle la experiencia y las herramientas necesarias para acceder a las cuentas de las redes sociales y protegerlas. Estas personas cualificadas poseen los conocimientos y la experiencia necesarios para navegar por los intrincados sistemas de seguridad de plataformas como Facebook, Twitter e Instagram, entre otras. Con su ayuda, podr\u00e1 acceder a una cuenta, recuperar un perfil comprometido o incluso recuperar datos valiosos que se hayan perdido o borrado. El mundo del pirateo de redes sociales es fascinante, y contratar a un hacker puede abrir un sinf\u00edn de posibilidades. Alquile Social Media Account Hacker.<\/p>\n<\/div>\n<div data-id=\"97ea71a\" data-element_type=\"widget\" data-widget_type=\"text-editor.default\">\n<p>El pirateo de las redes sociales puede tener graves consecuencias tanto para los particulares como para las empresas. Puede dar lugar a robos de identidad, violaciones de la privacidad, da\u00f1os a la reputaci\u00f3n y p\u00e9rdidas financieras. Los piratas inform\u00e1ticos pueden hacer un uso indebido de la informaci\u00f3n personal, publicar contenido malicioso o participar en actividades fraudulentas, causando un da\u00f1o significativo al propietario de la cuenta. Contratar hackers de redes sociales<\/p>\n<\/div>\n<div data-id=\"97ea71a\" data-element_type=\"widget\" data-widget_type=\"text-editor.default\">\n<p>Para salvaguardar sus cuentas en las redes sociales y protegerse de posibles amenazas, contratar a un hacker profesional puede ser una opci\u00f3n prudente. Estos expertos poseen las habilidades y los conocimientos necesarios para identificar vulnerabilidades, proteger sus cuentas y proporcionar soluciones valiosas en caso de cualquier brecha de seguridad. Contratar hackers de redes sociales. Alquilar hacker de cuentas de redes sociales.<\/p>\n<\/div>\n<div data-id=\"97ea71a\" data-element_type=\"widget\" data-widget_type=\"text-editor.default\">\n<p>Contratando a profesionales como <a href=\"https:\/\/rentahacker.io\/es\/\">Alquilar un hacker<\/a> de servicios de hacking de redes sociales, obtendr\u00e1 numerosas ventajas. Entre ellas:<\/p>\n<article>\n<div>\n<h3>SOCIAL MEDIA HACKERS ONLINE | HIRE A SOCIAL MEDIA ACCOUNTS HACKER | FACEBOOK PASSWORD HACK SERVICE | SNAPCHAT PASSWORD HACKERS | TIKTOK HACKERS ONLINE<\/h3>\n<h3>SOCIAL MEDIA HACKERS FOR HIRE | DARKWEB HACKERS<\/h3>\n<p>\u00bfAlguna vez has querido saber de qu\u00e9 hablan tus amigos en redes sociales como Instagram, Facebook, Pinterest o Twitter? Con las herramientas adecuadas, \u00a1es posible hacerlo! No s\u00f3lo te explicaremos c\u00f3mo espiar las cuentas de redes sociales de alguien, sino que tambi\u00e9n te daremos una lista de algunos de los mejores y m\u00e1s eficaces programas de pirateo disponibles. Cuentas de redes sociales<\/p>\n<p><strong>\u00bfQu\u00e9 es el espionaje en redes sociales?<\/strong><\/p>\n<p>El espionaje en redes sociales consiste en vigilar la cuenta de alguien en las redes sociales. Esto se puede hacer a trav\u00e9s de una aplicaci\u00f3n de terceros que le permite ver lo que su objetivo publica en l\u00ednea y mediante el uso de su correo electr\u00f3nico personal. Un sitio popular que ofrece este servicio es\u00a0<strong>alquilar un hacker<\/strong>\u00a0servicios de hacking<\/p>\n<p>Usted puede hackear Facebook, Instagram Hack ,Twitter,\u00a0<b>TikTok\u00a0<\/b>Servicio de pirateo de tel\u00e9fonos y otras cuentas de redes sociales.<\/p>\n<p><strong>C\u00f3mo espiar cuentas de redes sociales<\/strong><\/p>\n<p>\u00bfNecesita estar al tanto de lo que hacen sus competidores en las redes sociales? \u00bfSiente curiosidad por saber qui\u00e9n habla de su marca en Internet? Si es as\u00ed, puede que necesite contratar a un hacker para espiar en las redes sociales. Los hackers pueden ayudarte a acceder a todo tipo de informaci\u00f3n de las cuentas de redes sociales, incluidas contrase\u00f1as, publicaciones y seguidores. As\u00ed que si est\u00e1s listo para obtener informaci\u00f3n privilegiada sobre tu competencia o simplemente quieres vigilar tu propia presencia en las redes sociales, aseg\u00farate de contratar a un hacker hoy mismo. Cuentas en redes sociales<\/p>\n<h4><strong>Dark Web Hackers de redes sociales de alquiler<\/strong><\/h4>\n<p>\u00bfQuieres hackear la cuenta de Facebook de tu ex? O tal vez s\u00f3lo quieres saber lo que \u00e9l o ella est\u00e1 haciendo. En cualquier caso, necesitas a alguien con las habilidades y conocimientos necesarios para ayudarte. Y ah\u00ed es donde entran en juego los hackers de redes sociales. Estos hackers profesionales pueden ayudarte a entrar en cualquier cuenta, por muy bloqueada que est\u00e9. Son expertos en burlar las medidas de seguridad, por lo que pueden ayudarte a acceder a cualquier informaci\u00f3n que busques. As\u00ed que si lo que buscas es un espionaje cibern\u00e9tico serio, entonces un hacker de alquiler es sin duda la persona adecuada para el trabajo. Cuentas en redes sociales<\/p>\n<header>\n<h2>Hackear cuentas de redes sociales<\/h2>\n<\/header>\n<p>Si alguien quiere contratar a un hacker de redes sociales, generalmente es preferible que sea an\u00f3nimo. Ayudar\u00e1 a mantener su identidad oculta y garantizar\u00e1 que nadie sepa qui\u00e9n pag\u00f3 por sus servicios aparte de uno mismo, por lo que no hay necesidad de preocuparse por ser atrapado con cualquier comportamiento ilegal. Cuentas en redes sociales<\/p>\n<p>Cuando te pongas en contacto con un pirata inform\u00e1tico, piensa que tu oferta de empleo es tu oportunidad de ofrecer una descripci\u00f3n exhaustiva del alcance del proyecto, su coste y la necesidad de talento. Aunque no es necesaria una descripci\u00f3n exhaustiva del puesto cuando se contrata a un empleado, el objetivo es proporcionar suficiente informaci\u00f3n para que un contratista pueda determinar si es adecuado para el puesto. Cuentas en redes sociales<\/p>\n<p>Puede contratar a hackers cualificados para una variedad de servicios de hacking, incluyendo el hacking telef\u00f3nico y el hacking de redes sociales. Tambi\u00e9n puede emplear hackers para servicios como Facebook, TikTok, WhatsApp, correo electr\u00f3nico, Instagram, y la pirater\u00eda del tel\u00e9fono celular, adem\u00e1s de muchas otras actividades de hacking. Los hackers expertos son conocidos por haber comprometido cuentas de FB, como queda claro por\u00a0<a href=\"https:\/\/www.facebook.com\/help\/1216349518398524\" target=\"_blank\" rel=\"noopener\">Centro de ayuda de Facebook<\/a>. Hackers como estos est\u00e1n disponibles para ser contratados con los conocimientos y habilidades requeridas para sus necesidades en muchos casos. Cuentas en redes sociales<\/p>\n<p>\u00bfA\u00fan quieres contratar a un hacker para problemas con Facebook o el correo electr\u00f3nico? No hay enlaces en la wiki oculta a ning\u00fan sitio de contrataci\u00f3n de hackers para estos servicios espec\u00edficos, pero puedes ir a un sitio como\u00a0<a href=\"https:\/\/rentahacker.io\/es\/\" target=\"_blank\" rel=\"noopener noreferrer\">rentahacker.io<\/a> para encontrar a la persona adecuada. Cuentas en redes sociales<\/p>\n<p><img decoding=\"async\" data-src=\"https:\/\/beauty-by-world.com\/wp-content\/uploads\/2025\/06\/social-media-accounts-hacker-300x158.jpg\" alt=\"CUENTAS EN REDES SOCIALES\" width=\"300\" height=\"158\" src=\"data:image\/svg+xml;base64,PHN2ZyB3aWR0aD0iMSIgaGVpZ2h0PSIxIiB4bWxucz0iaHR0cDovL3d3dy53My5vcmcvMjAwMC9zdmciPjwvc3ZnPg==\" class=\"lazyload\" style=\"--smush-placeholder-width: 300px; --smush-placeholder-aspect-ratio: 300\/158;\" \/>Un buen hacker no cobrar\u00e1 ni un c\u00e9ntimo, y los de bajo coste intentar\u00e1n estafarte los ahorros de toda una vida con alg\u00fan tipo de timo. Estos tipos no pueden ofrecer lo que la gente quiere porque sus servicios son demasiado caros por adelantado en t\u00e9rminos de tiempo\/dinero, etc\u00e9tera. Cuentas en redes sociales<\/p>\n<\/div>\n<\/article>\n<\/div>\n<\/div>\t\t\t\t\t\t\t\t<\/div>\n\t\t\t\t<\/div>\n\t\t\t\t\t<\/div>\n\t\t<\/div>\n\t\t\t\t\t<\/div>\n\t\t<\/section>\n\t\t\t\t<section class=\"elementor-section elementor-top-section elementor-element elementor-element-da4e662 elementor-section-boxed elementor-section-height-default elementor-section-height-default default-style\" data-id=\"da4e662\" data-element_type=\"section\" data-settings=\"{&quot;rt_color_sets&quot;:&quot;default-style&quot;}\">\n\t\t\t\t\t\t<div class=\"elementor-container elementor-column-gap-default\">\n\t\t\t\t\t<div class=\"elementor-column elementor-col-50 elementor-top-column elementor-element elementor-element-db924fe\" data-id=\"db924fe\" data-element_type=\"column\">\n\t\t\t<div class=\"elementor-widget-wrap elementor-element-populated\">\n\t\t\t\t\t\t<div class=\"elementor-element elementor-element-0485719 elementor-widget elementor-widget-image\" data-id=\"0485719\" data-element_type=\"widget\" data-widget_type=\"image.default\">\n\t\t\t\t<div class=\"elementor-widget-container\">\n\t\t\t\t\t\t\t\t\t\t\t\t\t\t\t<img fetchpriority=\"high\" decoding=\"async\" width=\"768\" height=\"288\" src=\"https:\/\/rentahacker.io\/wp-content\/uploads\/2022\/11\/Buy-Registered-Documents.jpg\" class=\"attachment-large size-large wp-image-4545\" alt=\"Contratar hackers de la Dark Web\" srcset=\"https:\/\/rentahacker.io\/wp-content\/uploads\/2022\/11\/Buy-Registered-Documents.jpg 768w, https:\/\/rentahacker.io\/wp-content\/uploads\/2022\/11\/Buy-Registered-Documents-300x113.jpg 300w, https:\/\/rentahacker.io\/wp-content\/uploads\/2022\/11\/Buy-Registered-Documents-600x225.jpg 600w\" sizes=\"(max-width: 768px) 100vw, 768px\" \/>\t\t\t\t\t\t\t\t\t\t\t\t\t\t\t<\/div>\n\t\t\t\t<\/div>\n\t\t\t\t\t<\/div>\n\t\t<\/div>\n\t\t\t\t<div class=\"elementor-column elementor-col-50 elementor-top-column elementor-element elementor-element-bff131d\" data-id=\"bff131d\" data-element_type=\"column\">\n\t\t\t<div class=\"elementor-widget-wrap elementor-element-populated\">\n\t\t\t\t\t\t<div class=\"elementor-element elementor-element-db6bcbe elementor-widget elementor-widget-heading\" data-id=\"db6bcbe\" data-element_type=\"widget\" data-widget_type=\"heading.default\">\n\t\t\t\t<div class=\"elementor-widget-container\">\n\t\t\t\t\t<h2 class=\"elementor-heading-title elementor-size-default\">Alquilar un hacker de cuentas en redes sociales<\/h2>\t\t\t\t<\/div>\n\t\t\t\t<\/div>\n\t\t\t\t\t<\/div>\n\t\t<\/div>\n\t\t\t\t\t<\/div>\n\t\t<\/section>\n\t\t\t\t<\/div>","protected":false},"excerpt":{"rendered":"<p>Alquiler Social Media Account Hacker \u00bfTe imaginas el poder de acceder a las cuentas de redes sociales de alguien? \u00bfY si pudieras recuperar informaci\u00f3n valiosa, descubrir secretos ocultos o incluso protegerte de posibles amenazas? En la era digital actual, donde las redes sociales juegan un papel fundamental en nuestras vidas, es esencial reconocer la importancia de salvaguardar [...]<\/p>","protected":false},"author":1,"featured_media":5841,"parent":0,"menu_order":0,"comment_status":"closed","ping_status":"open","template":"","meta":{"footnotes":""},"class_list":["post-5840","page","type-page","status-publish","has-post-thumbnail","hentry"],"_links":{"self":[{"href":"https:\/\/rentahacker.io\/es\/wp-json\/wp\/v2\/pages\/5840","targetHints":{"allow":["GET"]}}],"collection":[{"href":"https:\/\/rentahacker.io\/es\/wp-json\/wp\/v2\/pages"}],"about":[{"href":"https:\/\/rentahacker.io\/es\/wp-json\/wp\/v2\/types\/page"}],"author":[{"embeddable":true,"href":"https:\/\/rentahacker.io\/es\/wp-json\/wp\/v2\/users\/1"}],"replies":[{"embeddable":true,"href":"https:\/\/rentahacker.io\/es\/wp-json\/wp\/v2\/comments?post=5840"}],"version-history":[{"count":4,"href":"https:\/\/rentahacker.io\/es\/wp-json\/wp\/v2\/pages\/5840\/revisions"}],"predecessor-version":[{"id":5845,"href":"https:\/\/rentahacker.io\/es\/wp-json\/wp\/v2\/pages\/5840\/revisions\/5845"}],"wp:featuredmedia":[{"embeddable":true,"href":"https:\/\/rentahacker.io\/es\/wp-json\/wp\/v2\/media\/5841"}],"wp:attachment":[{"href":"https:\/\/rentahacker.io\/es\/wp-json\/wp\/v2\/media?parent=5840"}],"curies":[{"name":"wp","href":"https:\/\/api.w.org\/{rel}","templated":true}]}}