{"id":5840,"date":"2025-09-27T14:54:20","date_gmt":"2025-09-27T14:54:20","guid":{"rendered":"https:\/\/rentahacker.io\/?page_id=5840"},"modified":"2025-09-27T15:03:46","modified_gmt":"2025-09-27T15:03:46","slug":"social-media-account-hacker-mieten","status":"publish","type":"page","link":"https:\/\/rentahacker.io\/de\/social-media-account-hacker-mieten\/","title":{"rendered":"Social Media Hacker mieten"},"content":{"rendered":"<div data-elementor-type=\"wp-page\" data-elementor-id=\"5840\" class=\"elementor elementor-5840\">\n\t\t\t\t\t\t<section class=\"elementor-section elementor-top-section elementor-element elementor-element-21ed0537 elementor-section-boxed elementor-section-height-default elementor-section-height-default default-style\" data-id=\"21ed0537\" data-element_type=\"section\" data-settings=\"{&quot;rt_color_sets&quot;:&quot;default-style&quot;}\">\n\t\t\t\t\t\t<div class=\"elementor-container elementor-column-gap-default\">\n\t\t\t\t\t<div class=\"elementor-column elementor-col-100 elementor-top-column elementor-element elementor-element-320524c5\" data-id=\"320524c5\" data-element_type=\"column\">\n\t\t\t<div class=\"elementor-widget-wrap elementor-element-populated\">\n\t\t\t\t\t\t<div class=\"elementor-element elementor-element-15f4f884 elementor-widget elementor-widget-text-editor\" data-id=\"15f4f884\" data-element_type=\"widget\" data-widget_type=\"text-editor.default\">\n\t\t\t\t<div class=\"elementor-widget-container\">\n\t\t\t\t\t\t\t\t\t<h2>Social Media Account Hacker mieten<\/h2>\n<p>K\u00f6nnen Sie sich vorstellen, wie m\u00e4chtig der Zugriff auf die Social-Media-Konten anderer ist? Was w\u00e4re, wenn Sie wertvolle Informationen abrufen, versteckte Geheimnisse aufdecken oder sich sogar vor potenziellen Bedrohungen sch\u00fctzen k\u00f6nnten? Im heutigen digitalen Zeitalter, in dem die sozialen Medien eine zentrale Rolle in unserem Leben spielen, ist es wichtig, die Bedeutung des Schutzes unserer Online-Pr\u00e4senz zu erkennen. Haben Sie sich jemals gefragt, ob es eine M\u00f6glichkeit gibt, einen Hacker f\u00fcr Social Media Hacking zu engagieren? Nun, das werden Sie gleich herausfinden! Mieten Sie einen Social Media Account Hacker.<\/p>\n<div>\n<div data-id=\"97ea71a\" data-element_type=\"widget\" data-widget_type=\"text-editor.default\">\n<p>Beauftragung eines Fachmanns <a href=\"https:\/\/criminalminds.fandom.com\/wiki\/Hacker\" target=\"_blank\" rel=\"noopener\">Hacker<\/a> kann Ihnen das Fachwissen und die Werkzeuge zur Verf\u00fcgung stellen, die f\u00fcr den Zugriff auf und die Sicherung von Social-Media-Konten erforderlich sind. Diese qualifizierten Personen verf\u00fcgen \u00fcber das Wissen und die Erfahrung, um sich durch die komplizierten Sicherheitssysteme von Plattformen wie Facebook, Twitter, Instagram und anderen zu navigieren. Mit ihrer Hilfe k\u00f6nnen Sie sich Zugang zu einem Zielkonto verschaffen, ein kompromittiertes Profil wiederherstellen oder sogar wertvolle Daten abrufen, die m\u00f6glicherweise verloren gegangen sind oder gel\u00f6scht wurden. Die Welt des Social Media Hacking ist ein faszinierender Bereich, und die Beauftragung eines Hackers kann eine F\u00fclle von M\u00f6glichkeiten er\u00f6ffnen. Social Media Account Hacker mieten.<\/p>\n<\/div>\n<div data-id=\"97ea71a\" data-element_type=\"widget\" data-widget_type=\"text-editor.default\">\n<p>Social-Media-Hacking kann f\u00fcr Privatpersonen und Unternehmen gleicherma\u00dfen schwerwiegende Folgen haben. Es kann zu Identit\u00e4tsdiebstahl, Datenschutzverletzungen, Rufsch\u00e4digung und finanziellen Verlusten f\u00fchren. Hacker k\u00f6nnen pers\u00f6nliche Informationen missbrauchen, b\u00f6sartige Inhalte ver\u00f6ffentlichen oder betr\u00fcgerische Aktivit\u00e4ten durchf\u00fchren, die dem Kontoinhaber erheblichen Schaden zuf\u00fcgen. Social-Media-Hacker anheuern<\/p>\n<\/div>\n<div data-id=\"97ea71a\" data-element_type=\"widget\" data-widget_type=\"text-editor.default\">\n<p>Um Ihre Konten in den sozialen Medien zu sichern und sich vor potenziellen Bedrohungen zu sch\u00fctzen, kann es eine kluge Entscheidung sein, einen professionellen Hacker zu engagieren. Diese Experten verf\u00fcgen \u00fcber die notwendigen F\u00e4higkeiten und Kenntnisse, um Schwachstellen zu erkennen, Ihre Konten zu sichern und im Falle von Sicherheitsverletzungen wertvolle L\u00f6sungen anzubieten. Mieten Sie Social Media Hacker. Mieten Sie Social Media Account Hacker.<\/p>\n<\/div>\n<div data-id=\"97ea71a\" data-element_type=\"widget\" data-widget_type=\"text-editor.default\">\n<p>Durch die Einstellung von Fachleuten wie <a href=\"https:\/\/rentahacker.io\/de\/\">Miete einen Hacker<\/a> f\u00fcr Social-Media-Hacking-Dienste, erhalten Sie zahlreiche Vorteile. Diese umfassen:<\/p>\n<article>\n<div>\n<h3>SOCIAL MEDIA HACKERS ONLINE | HIRE A SOCIAL MEDIA ACCOUNTS HACKER | FACEBOOK PASSWORD HACK SERVICE | SNAPCHAT PASSWORD HACKERS | TIKTOK HACKERS ONLINE<\/h3>\n<h3>SOCIAL MEDIA HACKERS FOR HIRE | DARKWEB HACKERS<\/h3>\n<p>Wollten Sie schon immer wissen, wor\u00fcber Ihre Freunde auf Social-Media-Plattformen wie Instagram, Facebook, Pinterest und Twitter sprechen? Mit den richtigen Tools ist es m\u00f6glich, genau das zu tun! Wir werden nicht nur er\u00f6rtern, wie man die Social-Media-Konten anderer ausspioniert, sondern Ihnen auch eine Liste der besten und effektivsten verf\u00fcgbaren Hacking-Software geben. Social-Media-Konten<\/p>\n<p><strong>Was ist Social Media Spying?<\/strong><\/p>\n<p>Social-Media-Spionage ist die \u00dcberwachung des Social-Media-Kontos einer Person. Dies kann \u00fcber eine App eines Drittanbieters erfolgen, mit der Sie sehen k\u00f6nnen, was Ihre Zielperson online postet, oder indem Sie deren pers\u00f6nliche E-Mail verwenden. Eine beliebte Website, die diesen Dienst anbietet, ist\u00a0<strong>einen Hacker mieten<\/strong>\u00a0Hacking-Dienste<\/p>\n<p>Sie k\u00f6nnen Facebook, Instagram und Twitter hacken,\u00a0<b>TikTok\u00a0<\/b>Telefon-Hacking-Dienst und andere Social-Media-Konten.<\/p>\n<p><strong>Wie man Konten in sozialen Medien ausspioniert<\/strong><\/p>\n<p>M\u00fcssen Sie ein Auge darauf haben, was Ihre Konkurrenten in den sozialen Medien tun? Sind Sie neugierig, wer online \u00fcber Ihre Marke spricht? Dann sollten Sie einen Hacker f\u00fcr Social Media-Spionage engagieren. Hacker k\u00f6nnen Ihnen helfen, Zugang zu allen m\u00f6glichen Informationen von Social-Media-Konten zu erhalten, einschlie\u00dflich Passw\u00f6rtern, Beitr\u00e4gen und Followern. Wenn Sie also bereit sind, Insiderinformationen \u00fcber Ihre Konkurrenten zu erhalten oder einfach nur Ihre eigene Social-Media-Pr\u00e4senz im Auge behalten wollen, sollten Sie noch heute einen Hacker engagieren. Konten in sozialen Medien<\/p>\n<h4><strong>Dark Web Social Media Hacker zum Mieten<\/strong><\/h4>\n<p>Sie wollen also das Facebook-Konto Ihres Ex hacken? Oder vielleicht wollen Sie einfach nur wissen, was er oder sie vorhat. In jedem Fall brauchen Sie jemanden mit den n\u00f6tigen F\u00e4higkeiten und Kenntnissen, der Ihnen dabei hilft. Und hier kommen die Social Media Hacker ins Spiel, die man mieten kann. Diese professionellen Hacker k\u00f6nnen Ihnen helfen, in jedes beliebige Konto einzudringen, egal wie verschlossen es ist. Sie sind Experten im Umgehen von Sicherheitsma\u00dfnahmen und k\u00f6nnen Ihnen helfen, Zugang zu den Informationen zu erhalten, die Sie suchen. Wenn Sie also auf der Suche nach ernsthafter Cyberspionage sind, dann ist ein rent a hacker definitiv die richtige Person f\u00fcr diesen Job! Social-Media-Konten<\/p>\n<header>\n<h2>Hacken von Social-Media-Konten<\/h2>\n<\/header>\n<p>Wenn jemand einen Social-Media-Hacker anheuern m\u00f6chte, ist es im Allgemeinen besser, wenn es sich um einen anonymen Hacker handelt. Auf diese Weise bleibt Ihre Identit\u00e4t verborgen und es wird sichergestellt, dass niemand au\u00dfer Ihnen selbst wei\u00df, wer f\u00fcr die Dienste des Hackers bezahlt hat, so dass Sie nicht bef\u00fcrchten m\u00fcssen, bei illegalen Handlungen erwischt zu werden. Konten in den sozialen Medien<\/p>\n<p>Wenn Sie sich an einen Hacker wenden, sollten Sie Ihre Stellenausschreibung als Chance betrachten, eine gr\u00fcndliche Beschreibung des Projektumfangs, der Kosten und des Bedarfs an Talenten zu geben. Auch wenn Sie bei der Einstellung eines Mitarbeiters keine umfassende Stellenbeschreibung ben\u00f6tigen, sollten Sie einem Auftragnehmer gen\u00fcgend Informationen zur Verf\u00fcgung stellen, damit er entscheiden kann, ob er f\u00fcr die Stelle geeignet ist. Konten in den sozialen Medien<\/p>\n<p>Sie k\u00f6nnen erfahrene Hacker f\u00fcr eine Vielzahl von Hacking-Diensten engagieren, darunter Telefon-Hacking und Social-Media-Hacking. Sie k\u00f6nnen Hacker auch f\u00fcr Dienste wie Facebook-, TikTok-, WhatsApp-, E-Mail-, Instagram- und Handy-Hacking sowie f\u00fcr viele andere Hacking-Aktivit\u00e4ten engagieren. Erfahrene Hacker sind daf\u00fcr bekannt, dass sie FB-Konten kompromittiert haben, wie folgende Beispiele zeigen\u00a0<a href=\"https:\/\/www.facebook.com\/help\/1216349518398524\" target=\"_blank\" rel=\"noopener\">Facebooks Hilfe-Center<\/a>. Solche Hacker kann man mieten, denn sie verf\u00fcgen \u00fcber das Wissen und die F\u00e4higkeiten, die in vielen F\u00e4llen f\u00fcr Ihre Bed\u00fcrfnisse erforderlich sind. Social Media Konten<\/p>\n<p>M\u00f6chten Sie trotzdem einen Hacker f\u00fcr Facebook- oder E-Mail-Probleme engagieren? Im versteckten Wiki gibt es keine Links zu Seiten, auf denen Hacker f\u00fcr diese speziellen Dienste angeheuert werden k\u00f6nnen.\u00a0<a href=\"https:\/\/rentahacker.io\/de\/\" target=\"_blank\" rel=\"noopener noreferrer\">rentahacker.io<\/a> um die richtige Person zu finden. Social Media Konten<\/p>\n<p><img decoding=\"async\" data-src=\"https:\/\/beauty-by-world.com\/wp-content\/uploads\/2025\/06\/social-media-accounts-hacker-300x158.jpg\" alt=\"SOCIAL-MEDIA-KONTEN\" width=\"300\" height=\"158\" src=\"data:image\/svg+xml;base64,PHN2ZyB3aWR0aD0iMSIgaGVpZ2h0PSIxIiB4bWxucz0iaHR0cDovL3d3dy53My5vcmcvMjAwMC9zdmciPjwvc3ZnPg==\" class=\"lazyload\" style=\"--smush-placeholder-width: 300px; --smush-placeholder-aspect-ratio: 300\/158;\" \/>Ein guter Hacker verlangt keinen Pfennig, und alle Billiganbieter werden versuchen, Sie mit irgendeiner Art von Betrug um Ihre Ersparnisse zu bringen. Diese Leute k\u00f6nnen unm\u00f6glich das bieten, was die Leute wollen, weil ihre Dienste im Voraus zu teuer sind, was Zeit\/Geld usw. angeht. Social-Media-Konten<\/p>\n<\/div>\n<\/article>\n<\/div>\n<\/div>\t\t\t\t\t\t\t\t<\/div>\n\t\t\t\t<\/div>\n\t\t\t\t\t<\/div>\n\t\t<\/div>\n\t\t\t\t\t<\/div>\n\t\t<\/section>\n\t\t\t\t<section class=\"elementor-section elementor-top-section elementor-element elementor-element-da4e662 elementor-section-boxed elementor-section-height-default elementor-section-height-default default-style\" data-id=\"da4e662\" data-element_type=\"section\" data-settings=\"{&quot;rt_color_sets&quot;:&quot;default-style&quot;}\">\n\t\t\t\t\t\t<div class=\"elementor-container elementor-column-gap-default\">\n\t\t\t\t\t<div class=\"elementor-column elementor-col-50 elementor-top-column elementor-element elementor-element-db924fe\" data-id=\"db924fe\" data-element_type=\"column\">\n\t\t\t<div class=\"elementor-widget-wrap elementor-element-populated\">\n\t\t\t\t\t\t<div class=\"elementor-element elementor-element-0485719 elementor-widget elementor-widget-image\" data-id=\"0485719\" data-element_type=\"widget\" data-widget_type=\"image.default\">\n\t\t\t\t<div class=\"elementor-widget-container\">\n\t\t\t\t\t\t\t\t\t\t\t\t\t\t\t<img fetchpriority=\"high\" decoding=\"async\" width=\"768\" height=\"288\" src=\"https:\/\/rentahacker.io\/wp-content\/uploads\/2022\/11\/Buy-Registered-Documents.jpg\" class=\"attachment-large size-large wp-image-4545\" alt=\"Dark Web Hacker anheuern\" srcset=\"https:\/\/rentahacker.io\/wp-content\/uploads\/2022\/11\/Buy-Registered-Documents.jpg 768w, https:\/\/rentahacker.io\/wp-content\/uploads\/2022\/11\/Buy-Registered-Documents-300x113.jpg 300w, https:\/\/rentahacker.io\/wp-content\/uploads\/2022\/11\/Buy-Registered-Documents-600x225.jpg 600w\" sizes=\"(max-width: 768px) 100vw, 768px\" \/>\t\t\t\t\t\t\t\t\t\t\t\t\t\t\t<\/div>\n\t\t\t\t<\/div>\n\t\t\t\t\t<\/div>\n\t\t<\/div>\n\t\t\t\t<div class=\"elementor-column elementor-col-50 elementor-top-column elementor-element elementor-element-bff131d\" data-id=\"bff131d\" data-element_type=\"column\">\n\t\t\t<div class=\"elementor-widget-wrap elementor-element-populated\">\n\t\t\t\t\t\t<div class=\"elementor-element elementor-element-db6bcbe elementor-widget elementor-widget-heading\" data-id=\"db6bcbe\" data-element_type=\"widget\" data-widget_type=\"heading.default\">\n\t\t\t\t<div class=\"elementor-widget-container\">\n\t\t\t\t\t<h2 class=\"elementor-heading-title elementor-size-default\">Mieten Sie einen Social Media Account Hacker<\/h2>\t\t\t\t<\/div>\n\t\t\t\t<\/div>\n\t\t\t\t\t<\/div>\n\t\t<\/div>\n\t\t\t\t\t<\/div>\n\t\t<\/section>\n\t\t\t\t<\/div>","protected":false},"excerpt":{"rendered":"<p>Rent Social Media Account Hacker K\u00f6nnen Sie sich vorstellen, wie m\u00e4chtig der Zugriff auf die Social-Media-Konten von anderen ist? Was w\u00e4re, wenn Sie wertvolle Informationen abrufen, verborgene Geheimnisse aufdecken oder sich sogar vor potenziellen Bedrohungen sch\u00fctzen k\u00f6nnten? Im heutigen digitalen Zeitalter, in dem soziale Medien eine zentrale Rolle in unserem Leben spielen, ist es wichtig, die Bedeutung des Schutzes von [...]<\/p>","protected":false},"author":1,"featured_media":5841,"parent":0,"menu_order":0,"comment_status":"closed","ping_status":"open","template":"","meta":{"footnotes":""},"class_list":["post-5840","page","type-page","status-publish","has-post-thumbnail","hentry"],"_links":{"self":[{"href":"https:\/\/rentahacker.io\/de\/wp-json\/wp\/v2\/pages\/5840","targetHints":{"allow":["GET"]}}],"collection":[{"href":"https:\/\/rentahacker.io\/de\/wp-json\/wp\/v2\/pages"}],"about":[{"href":"https:\/\/rentahacker.io\/de\/wp-json\/wp\/v2\/types\/page"}],"author":[{"embeddable":true,"href":"https:\/\/rentahacker.io\/de\/wp-json\/wp\/v2\/users\/1"}],"replies":[{"embeddable":true,"href":"https:\/\/rentahacker.io\/de\/wp-json\/wp\/v2\/comments?post=5840"}],"version-history":[{"count":4,"href":"https:\/\/rentahacker.io\/de\/wp-json\/wp\/v2\/pages\/5840\/revisions"}],"predecessor-version":[{"id":5845,"href":"https:\/\/rentahacker.io\/de\/wp-json\/wp\/v2\/pages\/5840\/revisions\/5845"}],"wp:featuredmedia":[{"embeddable":true,"href":"https:\/\/rentahacker.io\/de\/wp-json\/wp\/v2\/media\/5841"}],"wp:attachment":[{"href":"https:\/\/rentahacker.io\/de\/wp-json\/wp\/v2\/media?parent=5840"}],"curies":[{"name":"wp","href":"https:\/\/api.w.org\/{rel}","templated":true}]}}