{"id":5840,"date":"2025-09-27T14:54:20","date_gmt":"2025-09-27T14:54:20","guid":{"rendered":"https:\/\/rentahacker.io\/?page_id=5840"},"modified":"2025-09-27T15:03:46","modified_gmt":"2025-09-27T15:03:46","slug":"leje-en-hackerkonto-pa-sociale-medier","status":"publish","type":"page","link":"https:\/\/rentahacker.io\/da\/leje-en-hackerkonto-pa-sociale-medier\/","title":{"rendered":"Lej Social Media Hacker"},"content":{"rendered":"<div data-elementor-type=\"wp-page\" data-elementor-id=\"5840\" class=\"elementor elementor-5840\">\n\t\t\t\t\t\t<section class=\"elementor-section elementor-top-section elementor-element elementor-element-21ed0537 elementor-section-boxed elementor-section-height-default elementor-section-height-default default-style\" data-id=\"21ed0537\" data-element_type=\"section\" data-settings=\"{&quot;rt_color_sets&quot;:&quot;default-style&quot;}\">\n\t\t\t\t\t\t<div class=\"elementor-container elementor-column-gap-default\">\n\t\t\t\t\t<div class=\"elementor-column elementor-col-100 elementor-top-column elementor-element elementor-element-320524c5\" data-id=\"320524c5\" data-element_type=\"column\">\n\t\t\t<div class=\"elementor-widget-wrap elementor-element-populated\">\n\t\t\t\t\t\t<div class=\"elementor-element elementor-element-15f4f884 elementor-widget elementor-widget-text-editor\" data-id=\"15f4f884\" data-element_type=\"widget\" data-widget_type=\"text-editor.default\">\n\t\t\t\t<div class=\"elementor-widget-container\">\n\t\t\t\t\t\t\t\t\t<h2>Lej Social Media Account Hacker<\/h2>\n<p>Kan du forestille dig den magt, der ligger i at f\u00e5 adgang til andres konti p\u00e5 de sociale medier? T\u00e6nk, hvis du kunne hente v\u00e6rdifulde oplysninger, afsl\u00f8re skjulte hemmeligheder eller endda beskytte dig selv mod potentielle trusler? I dagens digitale tidsalder, hvor sociale medier spiller en afg\u00f8rende rolle i vores liv, er det vigtigt at anerkende betydningen af at beskytte vores online tilstedev\u00e6relse. S\u00e5 har du nogensinde spekuleret p\u00e5, om der er en m\u00e5de at hyre en hacker til hacking af sociale medier? Det finder du snart ud af! Lej en hacker til sociale medier.<\/p>\n<div>\n<div data-id=\"97ea71a\" data-element_type=\"widget\" data-widget_type=\"text-editor.default\">\n<p>Ans\u00e6ttelse af en professionel <a href=\"https:\/\/criminalminds.fandom.com\/wiki\/Hacker\" target=\"_blank\" rel=\"noopener\">hacker<\/a> kan give dig den ekspertise og de v\u00e6rkt\u00f8jer, der kr\u00e6ves for at f\u00e5 adgang til og sikre konti p\u00e5 sociale medier. Disse dygtige personer har viden og erfaring til at navigere gennem de indviklede sikkerhedssystemer p\u00e5 platforme som Facebook, Twitter, Instagram og meget mere. Med deres hj\u00e6lp kan du f\u00e5 adgang til en m\u00e5lkonto, gendanne en kompromitteret profil eller endda hente v\u00e6rdifulde data, som m\u00e5ske er g\u00e5et tabt eller slettet. Hacking af sociale medier er en fascinerende verden, og at hyre en hacker kan \u00e5bne op for et v\u00e6ld af muligheder. Lej Social Media Account Hacker.<\/p>\n<\/div>\n<div data-id=\"97ea71a\" data-element_type=\"widget\" data-widget_type=\"text-editor.default\">\n<p>Hacking af sociale medier kan have alvorlige konsekvenser for b\u00e5de enkeltpersoner og virksomheder. Det kan f\u00f8re til identitetstyveri, brud p\u00e5 privatlivets fred, skade p\u00e5 omd\u00f8mmet og \u00f8konomiske tab. Hackere kan misbruge personlige oplysninger, poste ondsindet indhold eller deltage i svigagtige aktiviteter, hvilket kan for\u00e5rsage betydelig skade p\u00e5 kontoejeren. Ans\u00e6t hackere til sociale medier<\/p>\n<\/div>\n<div data-id=\"97ea71a\" data-element_type=\"widget\" data-widget_type=\"text-editor.default\">\n<p>For at sikre dine konti p\u00e5 de sociale medier og beskytte dig mod potentielle trusler kan det v\u00e6re et klogt valg at hyre en professionel hacker. Disse eksperter har de n\u00f8dvendige f\u00e6rdigheder og viden til at identificere s\u00e5rbarheder, sikre dine konti og levere v\u00e6rdifulde l\u00f8sninger i tilf\u00e6lde af sikkerhedsbrud. Lej hackere til sociale medier. Lej Social Media Account Hacker.<\/p>\n<\/div>\n<div data-id=\"97ea71a\" data-element_type=\"widget\" data-widget_type=\"text-editor.default\">\n<p>Ved at hyre professionelle som <a href=\"https:\/\/rentahacker.io\/da\/\">Lej en hacker<\/a> for hacking-tjenester til sociale medier, f\u00e5r du mange fordele. Disse omfatter:<\/p>\n<article>\n<div>\n<h3>SOCIAL MEDIA HACKERS ONLINE | HYR EN SOCIAL MEDIA ACCOUNT HACKER | FACEBOOK PASSWORD HACK SERVICE | SNAPCHAT PASSWORD HACKERS | TIKTOK HACKERS ONLINE<\/h3>\n<h3>HACKERE TIL SOCIALE MEDIER TIL LEJE | DARKWEB HACKERS<\/h3>\n<p>Har du nogensinde \u00f8nsket at vide, hvad dine venner taler om p\u00e5 sociale medieplatforme som Instagram, Facebook, Pinterest og Twitter? Med de rigtige v\u00e6rkt\u00f8jer er det muligt at g\u00f8re netop det! Vi vil ikke kun diskutere, hvordan man udspionerer andres konti p\u00e5 de sociale medier, men ogs\u00e5 give dig en liste over nogle af de bedste og mest effektive hacking-software, der findes. Konti p\u00e5 sociale medier<\/p>\n<p><strong>Hvad er spionage p\u00e5 sociale medier?<\/strong><\/p>\n<p>Spionage p\u00e5 sociale medier er at overv\u00e5ge en persons konto p\u00e5 sociale medier. Det kan g\u00f8res via en tredjepartsapp, der giver dig mulighed for at se, hvad dit m\u00e5l poster online, og ved at bruge deres personlige e-mail. Et popul\u00e6rt sted, der tilbyder denne service, er\u00a0<strong>Lej en hacker<\/strong>\u00a0Hacking-tjenester<\/p>\n<p>Du kan hacke Facebook, hacke Instagram og Twitter,\u00a0<b>TikTok\u00a0<\/b>Telefonhacking-tjeneste og andre sociale mediekonti.<\/p>\n<p><strong>S\u00e5dan udspionerer du konti p\u00e5 sociale medier<\/strong><\/p>\n<p>Har du brug for at holde \u00f8je med, hvad dine konkurrenter g\u00f8r p\u00e5 de sociale medier? Er du nysgerrig efter at vide, hvem der taler om dit brand online? S\u00e5 skal du m\u00e5ske hyre en hacker til at spionere p\u00e5 de sociale medier. Hackere kan hj\u00e6lpe dig med at f\u00e5 adgang til alle mulige oplysninger fra konti p\u00e5 sociale medier, herunder adgangskoder, indl\u00e6g og f\u00f8lgere. S\u00e5 hvis du er klar til at f\u00e5 insiderviden om dine konkurrenter eller bare vil holde \u00f8je med din egen tilstedev\u00e6relse p\u00e5 de sociale medier, skal du s\u00f8rge for at hyre en hacker i dag. Konti p\u00e5 sociale medier<\/p>\n<h4><strong>Dark Web Hackere til sociale medier til leje<\/strong><\/h4>\n<p>S\u00e5 du vil gerne hacke din eks' Facebook-konto? Eller m\u00e5ske vil du bare gerne vide, hvad han eller hun har gang i. Uanset hvad har du brug for nogen med f\u00e6rdigheder og viden til at hj\u00e6lpe dig. Og det er her, hackere til sociale medier kommer ind i billedet. Disse professionelle hackere kan hj\u00e6lpe dig med at komme ind p\u00e5 enhver konto, uanset hvor l\u00e5st den m\u00e5tte v\u00e6re. De er eksperter i at omg\u00e5 sikkerhedsforanstaltninger, s\u00e5 de kan hj\u00e6lpe dig med at f\u00e5 adgang til de oplysninger, du s\u00f8ger. S\u00e5 hvis du er ude efter seri\u00f8s cyberspionage, s\u00e5 er en rent a hacker helt sikkert den rette person til jobbet! Konti p\u00e5 sociale medier<\/p>\n<header>\n<h2>Hacking af konti p\u00e5 sociale medier<\/h2>\n<\/header>\n<p>Hvis nogen \u00f8nsker at hyre en hacker til sociale medier, er det generelt at foretr\u00e6kke, hvis de er anonyme. Det vil hj\u00e6lpe med at holde din identitet skjult og sikre, at ingen andre end dig selv ved, hvem der har betalt for deres tjenester, s\u00e5 der er ingen grund til at v\u00e6re bekymret for at blive fanget i ulovlig adf\u00e6rd. Konti p\u00e5 sociale medier<\/p>\n<p>N\u00e5r du kontakter en hacker, s\u00e5 t\u00e6nk p\u00e5 dit jobopslag som din chance for at give en grundig beskrivelse af projektets omfang, omkostninger og behov for talent. Selvom du ikke har brug for en omfattende jobbeskrivelse, n\u00e5r du ans\u00e6tter en medarbejder, skal du sigte mod at give nok information til, at en freelancer kan afg\u00f8re, om de er egnede til stillingen. Konti p\u00e5 sociale medier<\/p>\n<p>Du kan hyre dygtige hackere til en r\u00e6kke forskellige hacking-tjenester, herunder telefonhacking og hacking af sociale medier. Du kan ogs\u00e5 ans\u00e6tte hackere til tjenester som Facebook, TikTok, WhatsApp, e-mail, Instagram og mobiltelefonhacking ud over mange andre hackingaktiviteter. Eksperthackere er kendt for at have kompromitteret FB-konti, som det fremg\u00e5r af\u00a0<a href=\"https:\/\/www.facebook.com\/help\/1216349518398524\" target=\"_blank\" rel=\"noopener\">Facebooks hj\u00e6lpecenter<\/a>. Hackere som disse kan i mange tilf\u00e6lde hyres med den viden og de evner, der kr\u00e6ves til dine behov. Konti p\u00e5 sociale medier<\/p>\n<p>Vil du stadig gerne hyre en hacker til Facebook- eller e-mailproblemer? Der er ingen links p\u00e5 den skjulte wiki til websteder, hvor man kan leje hackere til disse specifikke tjenester, men du kan g\u00e5 til et websted som\u00a0<a href=\"https:\/\/rentahacker.io\/da\/\" target=\"_blank\" rel=\"noopener noreferrer\">rentahacker.io<\/a> for at finde den rette person. Konti p\u00e5 sociale medier<\/p>\n<p><img decoding=\"async\" data-src=\"https:\/\/beauty-by-world.com\/wp-content\/uploads\/2025\/06\/social-media-accounts-hacker-300x158.jpg\" alt=\"KONTI P\u00c5 SOCIALE MEDIER\" width=\"300\" height=\"158\" src=\"data:image\/svg+xml;base64,PHN2ZyB3aWR0aD0iMSIgaGVpZ2h0PSIxIiB4bWxucz0iaHR0cDovL3d3dy53My5vcmcvMjAwMC9zdmciPjwvc3ZnPg==\" class=\"lazyload\" style=\"--smush-placeholder-width: 300px; --smush-placeholder-aspect-ratio: 300\/158;\" \/>En god hacker vil ikke tage sm\u00e5penge, og de billige vil fors\u00f8ge at snyde dig for dine sparepenge med en eller anden form for svindel. Disse fyre kan umuligt levere det, folk vil have, fordi deres tjenester er for dyre i forvejen i form af tid\/penge osv. Konti p\u00e5 sociale medier<\/p>\n<\/div>\n<\/article>\n<\/div>\n<\/div>\t\t\t\t\t\t\t\t<\/div>\n\t\t\t\t<\/div>\n\t\t\t\t\t<\/div>\n\t\t<\/div>\n\t\t\t\t\t<\/div>\n\t\t<\/section>\n\t\t\t\t<section class=\"elementor-section elementor-top-section elementor-element elementor-element-da4e662 elementor-section-boxed elementor-section-height-default elementor-section-height-default default-style\" data-id=\"da4e662\" data-element_type=\"section\" data-settings=\"{&quot;rt_color_sets&quot;:&quot;default-style&quot;}\">\n\t\t\t\t\t\t<div class=\"elementor-container elementor-column-gap-default\">\n\t\t\t\t\t<div class=\"elementor-column elementor-col-50 elementor-top-column elementor-element elementor-element-db924fe\" data-id=\"db924fe\" data-element_type=\"column\">\n\t\t\t<div class=\"elementor-widget-wrap elementor-element-populated\">\n\t\t\t\t\t\t<div class=\"elementor-element elementor-element-0485719 elementor-widget elementor-widget-image\" data-id=\"0485719\" data-element_type=\"widget\" data-widget_type=\"image.default\">\n\t\t\t\t<div class=\"elementor-widget-container\">\n\t\t\t\t\t\t\t\t\t\t\t\t\t\t\t<img fetchpriority=\"high\" decoding=\"async\" width=\"768\" height=\"288\" src=\"https:\/\/rentahacker.io\/wp-content\/uploads\/2022\/11\/Buy-Registered-Documents.jpg\" class=\"attachment-large size-large wp-image-4545\" alt=\"Ans\u00e6t dark web-hackere\" srcset=\"https:\/\/rentahacker.io\/wp-content\/uploads\/2022\/11\/Buy-Registered-Documents.jpg 768w, https:\/\/rentahacker.io\/wp-content\/uploads\/2022\/11\/Buy-Registered-Documents-300x113.jpg 300w, https:\/\/rentahacker.io\/wp-content\/uploads\/2022\/11\/Buy-Registered-Documents-600x225.jpg 600w\" sizes=\"(max-width: 768px) 100vw, 768px\" \/>\t\t\t\t\t\t\t\t\t\t\t\t\t\t\t<\/div>\n\t\t\t\t<\/div>\n\t\t\t\t\t<\/div>\n\t\t<\/div>\n\t\t\t\t<div class=\"elementor-column elementor-col-50 elementor-top-column elementor-element elementor-element-bff131d\" data-id=\"bff131d\" data-element_type=\"column\">\n\t\t\t<div class=\"elementor-widget-wrap elementor-element-populated\">\n\t\t\t\t\t\t<div class=\"elementor-element elementor-element-db6bcbe elementor-widget elementor-widget-heading\" data-id=\"db6bcbe\" data-element_type=\"widget\" data-widget_type=\"heading.default\">\n\t\t\t\t<div class=\"elementor-widget-container\">\n\t\t\t\t\t<h2 class=\"elementor-heading-title elementor-size-default\">Lej en hacker til sociale medier<\/h2>\t\t\t\t<\/div>\n\t\t\t\t<\/div>\n\t\t\t\t\t<\/div>\n\t\t<\/div>\n\t\t\t\t\t<\/div>\n\t\t<\/section>\n\t\t\t\t<\/div>","protected":false},"excerpt":{"rendered":"<p>Rent Social Media Account Hacker Kan du forestille dig den magt, der ligger i at f\u00e5 adgang til andres konti p\u00e5 de sociale medier? T\u00e6nk, hvis du kunne hente v\u00e6rdifulde oplysninger, afsl\u00f8re skjulte hemmeligheder eller endda beskytte dig selv mod potentielle trusler? I dagens digitale tidsalder, hvor sociale medier spiller en afg\u00f8rende rolle i vores liv, er det vigtigt at anerkende betydningen af at beskytte [...].<\/p>","protected":false},"author":1,"featured_media":5841,"parent":0,"menu_order":0,"comment_status":"closed","ping_status":"open","template":"","meta":{"footnotes":""},"class_list":["post-5840","page","type-page","status-publish","has-post-thumbnail","hentry"],"_links":{"self":[{"href":"https:\/\/rentahacker.io\/da\/wp-json\/wp\/v2\/pages\/5840","targetHints":{"allow":["GET"]}}],"collection":[{"href":"https:\/\/rentahacker.io\/da\/wp-json\/wp\/v2\/pages"}],"about":[{"href":"https:\/\/rentahacker.io\/da\/wp-json\/wp\/v2\/types\/page"}],"author":[{"embeddable":true,"href":"https:\/\/rentahacker.io\/da\/wp-json\/wp\/v2\/users\/1"}],"replies":[{"embeddable":true,"href":"https:\/\/rentahacker.io\/da\/wp-json\/wp\/v2\/comments?post=5840"}],"version-history":[{"count":4,"href":"https:\/\/rentahacker.io\/da\/wp-json\/wp\/v2\/pages\/5840\/revisions"}],"predecessor-version":[{"id":5845,"href":"https:\/\/rentahacker.io\/da\/wp-json\/wp\/v2\/pages\/5840\/revisions\/5845"}],"wp:featuredmedia":[{"embeddable":true,"href":"https:\/\/rentahacker.io\/da\/wp-json\/wp\/v2\/media\/5841"}],"wp:attachment":[{"href":"https:\/\/rentahacker.io\/da\/wp-json\/wp\/v2\/media?parent=5840"}],"curies":[{"name":"wp","href":"https:\/\/api.w.org\/{rel}","templated":true}]}}