{"id":5037,"date":"2023-09-14T10:28:12","date_gmt":"2023-09-14T10:28:12","guid":{"rendered":"https:\/\/hireonlinehackers.com\/?page_id=5037"},"modified":"2025-09-27T06:44:50","modified_gmt":"2025-09-27T06:44:50","slug":"lej-snapchat-hacker","status":"publish","type":"page","link":"https:\/\/rentahacker.io\/da\/lej-snapchat-hacker\/","title":{"rendered":"Snapchat-hacker"},"content":{"rendered":"<div data-elementor-type=\"wp-page\" data-elementor-id=\"5037\" class=\"elementor elementor-5037\">\n\t\t\t\t\t\t<section class=\"elementor-section elementor-top-section elementor-element elementor-element-21ed0537 elementor-section-boxed elementor-section-height-default elementor-section-height-default default-style\" data-id=\"21ed0537\" data-element_type=\"section\" data-settings=\"{&quot;rt_color_sets&quot;:&quot;default-style&quot;}\">\n\t\t\t\t\t\t<div class=\"elementor-container elementor-column-gap-default\">\n\t\t\t\t\t<div class=\"elementor-column elementor-col-100 elementor-top-column elementor-element elementor-element-320524c5\" data-id=\"320524c5\" data-element_type=\"column\">\n\t\t\t<div class=\"elementor-widget-wrap elementor-element-populated\">\n\t\t\t\t\t\t<div class=\"elementor-element elementor-element-15f4f884 elementor-widget elementor-widget-text-editor\" data-id=\"15f4f884\" data-element_type=\"widget\" data-widget_type=\"text-editor.default\">\n\t\t\t\t<div class=\"elementor-widget-container\">\n\t\t\t\t\t\t\t\t\t<h2>Lej Snapchat Hacker<\/h2>\n<div>\n<p>Vi tilbyder en professionel Snapchat-hackingtjeneste, der giver dig mulighed for at hyre en hacker til Snapchat. Vores erfarne team kan hj\u00e6lpe dig med at gendanne en mistet eller hacket Snapchat-konto. Betal nogen for at hacke Snapchat og f\u00e5 adgang til din konto igen med vores p\u00e5lidelige og sikre service. Vi er professionelle <a href=\"https:\/\/rentahacker.io\/da\/\">Snapchat-hackere<\/a> til leje, der giver eksperthj\u00e6lp til alle dine Snapchat-hackingbehov. Snapchat-konto-hacker til leje.<\/p>\n<h3><span contenteditable=\"true\">Professionelle Snapchat-hackere til leje<\/span><\/h3>\n<p>Vi forst\u00e5r, hvor vigtigt og f\u00f8lsomt det er med Snapchat-kontosikkerhed. Med vores specialiserede f\u00e6rdigheder og viden sikrer vi en hurtig og effektiv l\u00f8sning p\u00e5 alle Snapchat-relaterede problemer, du m\u00e5tte st\u00e5 over for. Stol p\u00e5, at vores team af professionelle hackere henter din hackede eller mistede Snapchat-konto effektivt og diskret. Vores sikre og p\u00e5lidelige service garanterer dit privatliv og din fortrolighed under hele processen. Genvind kontrollen over din Snapchat-konto i dag ved at ans\u00e6tte vores erfarne Snapchat-hackingeksperter. Lej Snapchat Hacker.<\/p>\n<h3>Snapchat-hacker til leje<\/h3>\n<\/div>\n<p><!-- \/wp:heading --><!-- wp:paragraph --><\/p>\n<div data-id=\"45a8c67\" data-element_type=\"widget\" data-widget_type=\"text-editor.default\">\n<div>\n<div data-id=\"68dc6d6\" data-element_type=\"widget\" data-widget_type=\"text-editor.default\">\n<div>\n<div>\n<div>\n<div>\n<div data-id=\"68dc6d6\" data-element_type=\"widget\" data-widget_type=\"text-editor.default\">\n<div>\n<p>Snapchat-hacking-tjenesten er mest nyttig, n\u00e5r du pr\u00f8ver at finde ud af, om en \u00e6gtef\u00e6lle\/partner er utro, for at sikre, at du ikke bliver snydt. Snapchat hacker til leje er helt diskret, og ingen vil nogensinde finde ud af, at du har adgang til Snapchat-kontoen. Vi leverer denne service som en selvst\u00e6ndig Snapchat-hacking-tjeneste og ogs\u00e5 som en pakke inden for telefonhacking-tjenesten<a href=\"https:\/\/duckduckgo.com\/\" target=\"_blank\" rel=\"noopener\">.<\/a>\u00a0Snapchat-hacker til leje.<\/p>\n<h2>Snapchat-hacking-tjeneste<\/h2>\n<p>Der er mange m\u00e5der, en hacker kan hacke en Snapchat-konto p\u00e5, s\u00e5 det er vigtigt at bruge alle sikkerhedsmuligheder, herunder totrinsgodkendelse. Hvis din Snapchat-konto efter alle sikkerhedsforanstaltninger stadig bliver hacket af en hacker, er vi her for at hj\u00e6lpe p\u00e5 alle mulige m\u00e5der. Snapchat-kontohacker til leje.<\/p>\n<h4>Ans\u00e6t professionelle hackere til sociale medier<\/h4>\n<p>Der er mange grunde til, at en virksomhed v\u00e6lger at hyre en hacker til sociale medier. M\u00e5ske \u00f8nsker virksomheden at \u00f8ge antallet af f\u00f8lgere p\u00e5 de sociale medier, eller m\u00e5ske har den brug for hj\u00e6lp til at f\u00e5 mere engagement i sine opslag. Under alle omst\u00e6ndigheder kan det at hyre en hacker til sociale medier v\u00e6re en god m\u00e5de at \u00f8ge sin online tilstedev\u00e6relse p\u00e5.<\/p>\n<p>N\u00e5r man hyrer en hacker til sociale medier, er det vigtigt at sikre sig, at man v\u00e6lger en person med erfaring og viden inden for omr\u00e5det.<\/p>\n<div id=\"attachment_5041\" style=\"width: 310px\" class=\"wp-caption alignnone\"><img fetchpriority=\"high\" decoding=\"async\" aria-describedby=\"caption-attachment-5041\" src=\"https:\/\/hireonlinehackers.com\/wp-content\/uploads\/2023\/09\/Professional-Snapchat-Hackers-for-Hire-300x169.jpg\" alt=\"Professionelle Snapchat-hackere til leje\" width=\"300\" height=\"169\" \/><p id=\"caption-attachment-5041\" class=\"wp-caption-text\">Professionelle Snapchat-hackere til leje<\/p><\/div>\n<h4>Hacker til sociale medier til leje<\/h4>\n<p>Nogle virksomheder hyrer hackere til at angribe deres konkurrenters konti p\u00e5 de sociale medier for at f\u00e5 en fordel. Det kan de g\u00f8re ved at bruge kompleks akademisk jargon, som deres konkurrenter m\u00e5ske ikke forst\u00e5r, hvilket g\u00f8r det sv\u00e6rt for dem at reagere. Derudover kan hackeren poste falske nyheder eller anmeldelser, der kan skade konkurrentens omd\u00f8mme.<\/p>\n<p>Er du interesseret i at hyre en hacker til enhver form for sikker professionel hacking-service? S\u00e5 er du p\u00e5 det rigtige sted. Vi giver dig de bedste hacking-tjenester til overkommelige priser i henhold til kundens krav.<\/p>\n<h4>Hvorfor du tager service af social media account hacker fra os<\/h4>\n<p>Vores virksomhed har et team af professionelle og erfarne fagfolk, der kan hj\u00e6lpe dig med at hacke enhver webbaseret mediekonto. Vi har en demonstreret historie med resultater. Og vi er stolte af at have evnen til at hj\u00e6lpe dig med at opn\u00e5 de resultater, du \u00f8nsker. Vi forst\u00e5r, at dit privatliv er en topprioritet og vil aldrig videregive dine data til nogen anden person. Snapchat-kontohacker til leje.<\/p>\n<h4><span contenteditable=\"true\">Ans\u00e6t en hacker til Snapchat<\/span><\/h4>\n<div>\n<h5>Vores ekspertise for professionelle social media-hackere<\/h5>\n<p>Vi er en certificeret gruppe af talentfulde hackere, der er forpligtet til at lette dit sind og forbedre din computers sikkerhed. P\u00e5 den m\u00e5de kan vi hj\u00e6lpe dig med dine bekymringer, hvis du pr\u00f8ver at bruge moralske cyberkunstnere. N\u00e5r du leder efter, s\u00e5 tjek Hvad jeg skal bruge for at hyre en etisk hacker.<\/p>\n<p>Vi er forskellige i vores tilgang til h\u00e5ndtering af administration i forhold til andre virksomheder. Lej Snapchat Hacker.<\/p>\n<h3>Snapchat-konto-hacker til leje<\/h3>\n<p>Vores virksomhed har et team af professionelle og erfarne eksperter, der kan hj\u00e6lpe dig med at hacke enhver konto p\u00e5 de sociale medier. Vi har en dokumenteret track record af resultater. Og vi s\u00e6tter pris p\u00e5 at kunne hj\u00e6lpe dig med at f\u00e5 de resultater, du har brug for. Vi forst\u00e5r, at dit privatliv er det vigtigste, og vi vil aldrig dele dine personlige oplysninger med andre. Snapchat-kontohacker til leje.<\/p>\n<h4>Ans\u00e6t en hacker - private efterforskningstjenester<\/h4>\n<p>Hvis du f.eks. k\u00e6mper for at f\u00e5 adgang til l\u00e5ste eller hackede konti - uanset om det er din Gmail, Facebook, Instagram eller endda Snapchat - kan en mobil hacker hj\u00e6lpe dig med at genvinde det, der er dit. Mange mennesker v\u00e6lger at hyre en hacker til at fange en utro \u00e6gtef\u00e6lle og bringe klarhed over personlige situationer. Lej Snapchat Hacker.<\/p>\n<\/div>\n<div>\u00a0<\/div>\n<\/div>\n<\/div>\n<\/div>\n<\/div>\n<\/div>\n<\/div>\n<\/div>\n<p><img decoding=\"async\" class=\"alignnone lazyload\" data-src=\"https:\/\/hireonlinehackers.com\/wp-content\/uploads\/2023\/01\/5-star-300x158.jpg\" alt=\"Lej Snapchat Hacker\" width=\"36\" height=\"19\" src=\"data:image\/svg+xml;base64,PHN2ZyB3aWR0aD0iMSIgaGVpZ2h0PSIxIiB4bWxucz0iaHR0cDovL3d3dy53My5vcmcvMjAwMC9zdmciPjwvc3ZnPg==\" style=\"--smush-placeholder-width: 36px; --smush-placeholder-aspect-ratio: 36\/19;\" \/><\/p>\n<\/div>\n<\/div>\n<p><!-- \/wp:paragraph --><!-- wp:heading --><!-- \/wp:paragraph --><\/p>\t\t\t\t\t\t\t\t<\/div>\n\t\t\t\t<\/div>\n\t\t\t\t\t<\/div>\n\t\t<\/div>\n\t\t\t\t\t<\/div>\n\t\t<\/section>\n\t\t\t\t<section class=\"elementor-section elementor-top-section elementor-element elementor-element-da4e662 elementor-section-boxed elementor-section-height-default elementor-section-height-default default-style\" data-id=\"da4e662\" data-element_type=\"section\" data-settings=\"{&quot;rt_color_sets&quot;:&quot;default-style&quot;}\">\n\t\t\t\t\t\t<div class=\"elementor-container elementor-column-gap-default\">\n\t\t\t\t\t<div class=\"elementor-column elementor-col-50 elementor-top-column elementor-element elementor-element-db924fe\" data-id=\"db924fe\" data-element_type=\"column\">\n\t\t\t<div class=\"elementor-widget-wrap elementor-element-populated\">\n\t\t\t\t\t\t<div class=\"elementor-element elementor-element-0485719 elementor-widget elementor-widget-image\" data-id=\"0485719\" data-element_type=\"widget\" data-widget_type=\"image.default\">\n\t\t\t\t<div class=\"elementor-widget-container\">\n\t\t\t\t\t\t\t\t\t\t\t\t\t\t\t<img decoding=\"async\" width=\"768\" height=\"288\" data-src=\"https:\/\/rentahacker.io\/wp-content\/uploads\/2022\/11\/Buy-Registered-Documents.jpg\" class=\"attachment-large size-large wp-image-4545 lazyload\" alt=\"Ans\u00e6t dark web-hackere\" data-srcset=\"https:\/\/rentahacker.io\/wp-content\/uploads\/2022\/11\/Buy-Registered-Documents.jpg 768w, https:\/\/rentahacker.io\/wp-content\/uploads\/2022\/11\/Buy-Registered-Documents-300x113.jpg 300w, https:\/\/rentahacker.io\/wp-content\/uploads\/2022\/11\/Buy-Registered-Documents-600x225.jpg 600w\" data-sizes=\"(max-width: 768px) 100vw, 768px\" src=\"data:image\/svg+xml;base64,PHN2ZyB3aWR0aD0iMSIgaGVpZ2h0PSIxIiB4bWxucz0iaHR0cDovL3d3dy53My5vcmcvMjAwMC9zdmciPjwvc3ZnPg==\" style=\"--smush-placeholder-width: 768px; --smush-placeholder-aspect-ratio: 768\/288;\" \/>\t\t\t\t\t\t\t\t\t\t\t\t\t\t\t<\/div>\n\t\t\t\t<\/div>\n\t\t\t\t\t<\/div>\n\t\t<\/div>\n\t\t\t\t<div class=\"elementor-column elementor-col-50 elementor-top-column elementor-element elementor-element-bff131d\" data-id=\"bff131d\" data-element_type=\"column\">\n\t\t\t<div class=\"elementor-widget-wrap elementor-element-populated\">\n\t\t\t\t\t\t<div class=\"elementor-element elementor-element-db6bcbe elementor-widget elementor-widget-heading\" data-id=\"db6bcbe\" data-element_type=\"widget\" data-widget_type=\"heading.default\">\n\t\t\t\t<div class=\"elementor-widget-container\">\n\t\t\t\t\t<h2 class=\"elementor-heading-title elementor-size-default\">Betal nogen for at hacke Snapchat<\/h2>\t\t\t\t<\/div>\n\t\t\t\t<\/div>\n\t\t\t\t\t<\/div>\n\t\t<\/div>\n\t\t\t\t\t<\/div>\n\t\t<\/section>\n\t\t\t\t<\/div>","protected":false},"excerpt":{"rendered":"<p>Lej Snapchat-hacker Vi tilbyder en professionel Snapchat-hackingtjeneste, der giver dig mulighed for at leje en hacker til Snapchat. Vores erfarne team kan hj\u00e6lpe dig med at gendanne en mistet eller hacket Snapchat-konto. Betal nogen for at hacke Snapchat og f\u00e5 adgang til din konto igen med vores p\u00e5lidelige og sikre service. Vi er professionelle Snapchat-hackere [...]<\/p>","protected":false},"author":1,"featured_media":5038,"parent":0,"menu_order":0,"comment_status":"closed","ping_status":"open","template":"","meta":{"footnotes":""},"class_list":["post-5037","page","type-page","status-publish","has-post-thumbnail","hentry"],"_links":{"self":[{"href":"https:\/\/rentahacker.io\/da\/wp-json\/wp\/v2\/pages\/5037","targetHints":{"allow":["GET"]}}],"collection":[{"href":"https:\/\/rentahacker.io\/da\/wp-json\/wp\/v2\/pages"}],"about":[{"href":"https:\/\/rentahacker.io\/da\/wp-json\/wp\/v2\/types\/page"}],"author":[{"embeddable":true,"href":"https:\/\/rentahacker.io\/da\/wp-json\/wp\/v2\/users\/1"}],"replies":[{"embeddable":true,"href":"https:\/\/rentahacker.io\/da\/wp-json\/wp\/v2\/comments?post=5037"}],"version-history":[{"count":16,"href":"https:\/\/rentahacker.io\/da\/wp-json\/wp\/v2\/pages\/5037\/revisions"}],"predecessor-version":[{"id":5811,"href":"https:\/\/rentahacker.io\/da\/wp-json\/wp\/v2\/pages\/5037\/revisions\/5811"}],"wp:featuredmedia":[{"embeddable":true,"href":"https:\/\/rentahacker.io\/da\/wp-json\/wp\/v2\/media\/5038"}],"wp:attachment":[{"href":"https:\/\/rentahacker.io\/da\/wp-json\/wp\/v2\/media?parent=5037"}],"curies":[{"name":"wp","href":"https:\/\/api.w.org\/{rel}","templated":true}]}}