{"id":5026,"date":"2023-09-14T09:39:25","date_gmt":"2023-09-14T09:39:25","guid":{"rendered":"https:\/\/hireonlinehackers.com\/?page_id=5026"},"modified":"2025-09-27T05:50:50","modified_gmt":"2025-09-27T05:50:50","slug":"lej-instagram-hacker","status":"publish","type":"page","link":"https:\/\/rentahacker.io\/da\/lej-instagram-hacker\/","title":{"rendered":"Instagram-hacker"},"content":{"rendered":"<div data-elementor-type=\"wp-page\" data-elementor-id=\"5026\" class=\"elementor elementor-5026\">\n\t\t\t\t\t\t<section class=\"elementor-section elementor-top-section elementor-element elementor-element-21ed0537 elementor-section-boxed elementor-section-height-default elementor-section-height-default default-style\" data-id=\"21ed0537\" data-element_type=\"section\" data-settings=\"{&quot;rt_color_sets&quot;:&quot;default-style&quot;}\">\n\t\t\t\t\t\t<div class=\"elementor-container elementor-column-gap-default\">\n\t\t\t\t\t<div class=\"elementor-column elementor-col-100 elementor-top-column elementor-element elementor-element-320524c5\" data-id=\"320524c5\" data-element_type=\"column\">\n\t\t\t<div class=\"elementor-widget-wrap elementor-element-populated\">\n\t\t\t\t\t\t<div class=\"elementor-element elementor-element-15f4f884 elementor-widget elementor-widget-text-editor\" data-id=\"15f4f884\" data-element_type=\"widget\" data-widget_type=\"text-editor.default\">\n\t\t\t\t<div class=\"elementor-widget-container\">\n\t\t\t\t\t\t\t\t\t<h2>Lej Instagram Hacker<\/h2>\n<p><!-- \/wp:heading --><!-- wp:paragraph --><\/p>\n<div data-id=\"45a8c67\" data-element_type=\"widget\" data-widget_type=\"text-editor.default\">\n<div>\n<div data-id=\"68dc6d6\" data-element_type=\"widget\" data-widget_type=\"text-editor.default\">\n<div>\n<div>\n<div>\n<div>\n<p>Vores professionelle hackerservice er specialiseret i hacking af Instagram-konti og giver dig mulighed for at f\u00e5 adgang til enhver onlinekonto og overv\u00e5ge forskellige platforme som WhatsApp, Facebook, Discord, Snapchat og meget mere. Med vores softwarev\u00e6rkt\u00f8j, der f\u00e5s til pc, iPhone og Android, kan du f\u00e5 adgang til funktioner som live GPS-placering, kamera- og mikrofonoverv\u00e5gning, beskeder, e-mails, opkald, browserhistorik, sk\u00e6rmoptagelse og gendannelse af slettede beskeder, filer og medier.\u00a0<\/p>\n<h3>Instagram-hacker til leje<\/h3>\n<p>Hvis du befinder dig i den uheldige situation, at din Instagram-konto er g\u00e5et tabt eller er blevet hacket, er vores team af professionelle hackere her for at hj\u00e6lpe dig med at f\u00e5 den tilbage hurtigt og nemt. T\u00f8v ikke med at hyre en professionel Instagram-hacker og genvinde kontrollen over din konto. Instagram-kontohacker til leje.<\/p>\n<h3>Ans\u00e6t en hackerservice til Instagram-hack<\/h3>\n<\/div>\n<\/div>\n<p>Hvis du har mistet adgangen til din Instagram-konto eller \u00f8nsker at f\u00e5 adgang til en Instagram-konto af andre \u00e5rsager, er dette den service, du har brug for. Vi sender ingen links eller beskeder til ejeren, og denne service er helt diskret og anonym. Vores kunders sikkerhed er meget vigtig for os, og vi holder det i tankerne, mens vi udf\u00f8rer alle job. Lej professionelle Instagram-hackere online billigt. Instagram-konto hacker til leje.<\/p>\n<p><img decoding=\"async\" class=\"alignnone lazyload\" data-src=\"https:\/\/hireonlinehackers.com\/wp-content\/uploads\/2023\/09\/Instagram-Hacker-for-Hire-300x168.jpg\" alt=\"Lej Instagram Hacker\" width=\"230\" height=\"128\" src=\"data:image\/svg+xml;base64,PHN2ZyB3aWR0aD0iMSIgaGVpZ2h0PSIxIiB4bWxucz0iaHR0cDovL3d3dy53My5vcmcvMjAwMC9zdmciPjwvc3ZnPg==\" style=\"--smush-placeholder-width: 230px; --smush-placeholder-aspect-ratio: 230\/128;\" \/><\/p>\n<h3><span contenteditable=\"true\">Ans\u00e6t en hacker til Instagram<\/span><\/h3>\n<\/div>\n<\/div>\n<\/div>\n<\/div>\n<\/div>\n<p>Vi tilbyder en enkel proces for, hvordan man hyrer en <a href=\"https:\/\/rentahacker.io\/da\/\">hacker til Instagram<\/a>Vi tilbyder en r\u00e6kke tjenester, der er specielt designet til at hj\u00e6lpe dig med at fange en utro \u00e6gtef\u00e6lle eller bedrager. Vores tjenester tilbyder overkommelige muligheder for at ans\u00e6tte en Instagram-hacker. Med en r\u00e6kke tilg\u00e6ngelige hackingtjenester, herunder hacking af Instagram-konto, computerhacking og omg\u00e5else af sikkerhedsforanstaltninger, er vi det p\u00e5lidelige valg til at ans\u00e6tte Instagram-hackere. Uanset om du har mistet adgangen til din egen Instagram-konto eller har brug for adgang til en andens konto af legitime grunde, kan vores diskrete og anonyme service opfylde dine behov.<\/p>\n<h3>Betal nogen for at hacke Instagram<\/h3>\n<p>Vores team af dygtige hackere har specialiseret sig i Instagram-hacking og kan hj\u00e6lpe dig med at hente vigtige oplysninger eller l\u00f8se eventuelle kontorelaterede problemer. Vi opretholder det h\u00f8jeste niveau af fortrolighed og sikrer, at dine personlige oplysninger forbliver sikre under hele processen. Lad ikke dine mistanker eller bekymringer g\u00e5 ubesvarede hen - hyr en Instagram-hacker i dag, og f\u00e5 de svar, du har brug for.<a href=\"https:\/\/duckduckgo.com\/\" target=\"_blank\" rel=\"noopener\">.<\/a> Vi prioriterer kundetilfredshed og garanterer hurtige resultater.<\/p>\n<h3>Ans\u00e6t professionelle Instagram-hackere<\/h3>\n<p>\u00a0<\/p>\n<p>Vores eksperthackere har mange \u00e5rs erfaring inden for omr\u00e5det og er udstyret med de nyeste v\u00e6rkt\u00f8jer og teknikker til at sikre en vellykket Instagram-hacking. Du kan v\u00e6re sikker p\u00e5, at vores tjenester er helt lovlige og etiske og overholder strenge etiske standarder. T\u00f8v ikke l\u00e6ngere - tag kontrol over din Instagram-konto eller f\u00e5 adgang til de oplysninger, du har brug for, ved at ans\u00e6tte vores p\u00e5lidelige Instagram-hackere nu. Instagram-kontohacker til leje.<\/p>\n<p>P\u00e5 det tidspunkt, hvor du tilmelder dig en Instagram-programm\u00f8r fra os, f\u00e5r du adgang til den mest ideelle programm\u00f8r i branchen. Vi har en gruppe dybt talentfulde og erfarne teknokunstnere, der kan hj\u00e6lpe dig med ethvert hackingbehov, du m\u00e5tte have.<\/p>\n<h3>Betal for at hacke Instagram-konto<\/h3>\n<p>Vores administration giver folk mulighed for at ans\u00e6tte en Instagram-programm\u00f8r. Ved at ans\u00e6tte en programm\u00f8r gennem vores administration kan klienter komme til posten for enhver singular, de v\u00e6lger, uanset om de har loginoplysningerne eller ej.<\/p>\n<h4>Instagram-konto-hacker til leje<\/h4>\n<p>Det giver kunderne mulighed for at gendanne slettede billeder og \u00e6ndre adgangskoder, og derfra er der ingen gr\u00e6nser. Vi bruger komplekst videnskabeligt sprog for at garantere, at vores programm\u00f8rer virkelig er utrolige. Vi investerer helhjertet i vores arbejde og er n\u00f8dt til at sikre, at vores kunder generelt er tilfredse med resultaterne. Betal for at hacke Instagram-konto.<\/p>\n<h4>Hvorfor v\u00e6lge os til at hyre en Instagram-hacker?<\/h4>\n<p>Der er flere grunde til at hyre Instagram-hackere fra os. Den m\u00e5ske vigtigste grund er, at vi har en stor pulje af kvalificerede og erfarne hackere, der kan hj\u00e6lpe med en lang r\u00e6kke forskellige hackingbehov. Derudover tilbyder vi konkurrencedygtige priser, 24\/7 kundesupport og en 100%-tilfredshedsgaranti.<\/p>\n<p><span class=\"kY2IgmnCmOGjharHErah\">Konstruktivt samarbejde og l\u00e6ring om exploits, industristandarder, gr\u00e5 og hvid hat-hacking, ny hardware- og softwarehackingteknologi, udveksling af ideer og forslag til sikkerhed for sm\u00e5 virksomheder og privatpersoner. <\/span><\/p>\n<div data-id=\"45a8c67\" data-element_type=\"widget\" data-widget_type=\"text-editor.default\">\n<div>\n<p><img decoding=\"async\" data-src=\"https:\/\/hireonlinehackers.com\/wp-content\/uploads\/2023\/01\/5-star-300x158.jpg\" alt=\"Professionelle hacker-tjenester til leje\" width=\"36\" height=\"19\" src=\"data:image\/svg+xml;base64,PHN2ZyB3aWR0aD0iMSIgaGVpZ2h0PSIxIiB4bWxucz0iaHR0cDovL3d3dy53My5vcmcvMjAwMC9zdmciPjwvc3ZnPg==\" class=\"lazyload\" style=\"--smush-placeholder-width: 36px; --smush-placeholder-aspect-ratio: 36\/19;\" \/><\/p>\n<\/div>\n<\/div>\n<p><!-- \/wp:paragraph --><!-- wp:heading --><!-- \/wp:paragraph --><\/p>\t\t\t\t\t\t\t\t<\/div>\n\t\t\t\t<\/div>\n\t\t\t\t\t<\/div>\n\t\t<\/div>\n\t\t\t\t\t<\/div>\n\t\t<\/section>\n\t\t\t\t<section class=\"elementor-section elementor-top-section elementor-element elementor-element-da4e662 elementor-section-boxed elementor-section-height-default elementor-section-height-default default-style\" data-id=\"da4e662\" data-element_type=\"section\" data-settings=\"{&quot;rt_color_sets&quot;:&quot;default-style&quot;}\">\n\t\t\t\t\t\t<div class=\"elementor-container elementor-column-gap-default\">\n\t\t\t\t\t<div class=\"elementor-column elementor-col-50 elementor-top-column elementor-element elementor-element-db924fe\" data-id=\"db924fe\" data-element_type=\"column\">\n\t\t\t<div class=\"elementor-widget-wrap elementor-element-populated\">\n\t\t\t\t\t\t<div class=\"elementor-element elementor-element-0485719 elementor-widget elementor-widget-image\" data-id=\"0485719\" data-element_type=\"widget\" data-widget_type=\"image.default\">\n\t\t\t\t<div class=\"elementor-widget-container\">\n\t\t\t\t\t\t\t\t\t\t\t\t\t\t\t<img fetchpriority=\"high\" decoding=\"async\" width=\"768\" height=\"288\" src=\"https:\/\/rentahacker.io\/wp-content\/uploads\/2022\/11\/Buy-Registered-Documents.jpg\" class=\"attachment-large size-large wp-image-4545\" alt=\"Ans\u00e6t dark web-hackere\" srcset=\"https:\/\/rentahacker.io\/wp-content\/uploads\/2022\/11\/Buy-Registered-Documents.jpg 768w, https:\/\/rentahacker.io\/wp-content\/uploads\/2022\/11\/Buy-Registered-Documents-300x113.jpg 300w, https:\/\/rentahacker.io\/wp-content\/uploads\/2022\/11\/Buy-Registered-Documents-600x225.jpg 600w\" sizes=\"(max-width: 768px) 100vw, 768px\" \/>\t\t\t\t\t\t\t\t\t\t\t\t\t\t\t<\/div>\n\t\t\t\t<\/div>\n\t\t\t\t\t<\/div>\n\t\t<\/div>\n\t\t\t\t<div class=\"elementor-column elementor-col-50 elementor-top-column elementor-element elementor-element-bff131d\" data-id=\"bff131d\" data-element_type=\"column\">\n\t\t\t<div class=\"elementor-widget-wrap elementor-element-populated\">\n\t\t\t\t\t\t<div class=\"elementor-element elementor-element-db6bcbe elementor-widget elementor-widget-heading\" data-id=\"db6bcbe\" data-element_type=\"widget\" data-widget_type=\"heading.default\">\n\t\t\t\t<div class=\"elementor-widget-container\">\n\t\t\t\t\t<h2 class=\"elementor-heading-title elementor-size-default\">Instagram-hackere 15 minutter<\/h2>\t\t\t\t<\/div>\n\t\t\t\t<\/div>\n\t\t\t\t\t<\/div>\n\t\t<\/div>\n\t\t\t\t\t<\/div>\n\t\t<\/section>\n\t\t\t\t<\/div>","protected":false},"excerpt":{"rendered":"<p>Lej Instagram-hacker Vores professionelle hackerservice er specialiseret i hacking af Instagram-konti og giver dig mulighed for at f\u00e5 adgang til enhver online-konto og overv\u00e5ge forskellige platforme som WhatsApp, Facebook, Discord, Snapchat og meget mere. Med vores softwarev\u00e6rkt\u00f8j, der er tilg\u00e6ngeligt til pc, iPhone og Android, kan du f\u00e5 adgang til funktioner som live GPS-placering, kamera [...].<\/p>","protected":false},"author":1,"featured_media":5029,"parent":0,"menu_order":0,"comment_status":"closed","ping_status":"open","template":"","meta":{"footnotes":""},"class_list":["post-5026","page","type-page","status-publish","has-post-thumbnail","hentry"],"_links":{"self":[{"href":"https:\/\/rentahacker.io\/da\/wp-json\/wp\/v2\/pages\/5026","targetHints":{"allow":["GET"]}}],"collection":[{"href":"https:\/\/rentahacker.io\/da\/wp-json\/wp\/v2\/pages"}],"about":[{"href":"https:\/\/rentahacker.io\/da\/wp-json\/wp\/v2\/types\/page"}],"author":[{"embeddable":true,"href":"https:\/\/rentahacker.io\/da\/wp-json\/wp\/v2\/users\/1"}],"replies":[{"embeddable":true,"href":"https:\/\/rentahacker.io\/da\/wp-json\/wp\/v2\/comments?post=5026"}],"version-history":[{"count":16,"href":"https:\/\/rentahacker.io\/da\/wp-json\/wp\/v2\/pages\/5026\/revisions"}],"predecessor-version":[{"id":5786,"href":"https:\/\/rentahacker.io\/da\/wp-json\/wp\/v2\/pages\/5026\/revisions\/5786"}],"wp:featuredmedia":[{"embeddable":true,"href":"https:\/\/rentahacker.io\/da\/wp-json\/wp\/v2\/media\/5029"}],"wp:attachment":[{"href":"https:\/\/rentahacker.io\/da\/wp-json\/wp\/v2\/media?parent=5026"}],"curies":[{"name":"wp","href":"https:\/\/api.w.org\/{rel}","templated":true}]}}