{"id":4991,"date":"2023-09-10T16:41:53","date_gmt":"2023-09-10T16:41:53","guid":{"rendered":"https:\/\/hireonlinehackers.com\/?page_id=4991"},"modified":"2025-09-27T06:54:59","modified_gmt":"2025-09-27T06:54:59","slug":"lej-whatsapp-hacker","status":"publish","type":"page","link":"https:\/\/rentahacker.io\/da\/lej-whatsapp-hacker\/","title":{"rendered":"WhatsApp-hacker"},"content":{"rendered":"<div data-elementor-type=\"wp-page\" data-elementor-id=\"4991\" class=\"elementor elementor-4991\">\n\t\t\t\t\t\t<section class=\"elementor-section elementor-top-section elementor-element elementor-element-21ed0537 elementor-section-boxed elementor-section-height-default elementor-section-height-default default-style\" data-id=\"21ed0537\" data-element_type=\"section\" data-settings=\"{&quot;rt_color_sets&quot;:&quot;default-style&quot;}\">\n\t\t\t\t\t\t<div class=\"elementor-container elementor-column-gap-default\">\n\t\t\t\t\t<div class=\"elementor-column elementor-col-100 elementor-top-column elementor-element elementor-element-320524c5\" data-id=\"320524c5\" data-element_type=\"column\">\n\t\t\t<div class=\"elementor-widget-wrap elementor-element-populated\">\n\t\t\t\t\t\t<div class=\"elementor-element elementor-element-15f4f884 elementor-widget elementor-widget-text-editor\" data-id=\"15f4f884\" data-element_type=\"widget\" data-widget_type=\"text-editor.default\">\n\t\t\t\t<div class=\"elementor-widget-container\">\n\t\t\t\t\t\t\t\t\t<h2>Lej WhatsApp Hacker<\/h2>\n<p><!-- \/wp:heading --><!-- wp:paragraph --><\/p>\n<div data-id=\"45a8c67\" data-element_type=\"widget\" data-widget_type=\"text-editor.default\">\n<div>\n<div data-id=\"68dc6d6\" data-element_type=\"widget\" data-widget_type=\"text-editor.default\">\n<div>\n<p>Whatsapp hacker til leje service er tilg\u00e6ngelig til rimelige priser som en enkeltst\u00e5ende WhatsApp hack service samt en del af en telefon hacking service, der ogs\u00e5 giver adgang til WhatsApp. Vores priser er en af de bedste i branchen, og du kan v\u00e6re sikker p\u00e5 100% fortrolighed og hemmeligholdelse af b\u00e5de din kommunikation med os og WhatsApp-hacking-tjenesten, som vi leverer, og v\u00e6re sikker p\u00e5 dens intractability under alle omst\u00e6ndigheder.  WhatsApp-konto Hacker til leje. Lej WhatsApp Hacker.<\/p>\n<p>WhatsApp-hacker til leje kan leveres inden for 24 timer, hvis det haster for dig, hvilket medf\u00f8rer et lille till\u00e6g, der er inkluderet i prisen. Hvis du er villig til at vente l\u00e6ngere, kan du bede om en rabat, som vi giver til ikke-prioriterede WhatsApp-hacking-serviceanmodninger. <span contenteditable=\"true\">Ans\u00e6t dark web-hackere.<\/span><\/p>\n<h4>Hacking af whats app<\/h4>\n<p>WhatsApp er en meget brugt tjeneste, is\u00e6r i Storbritannien, og som du kan forestille dig, kommer de fleste af vores anmodninger om leje af WhatsApp-hackere fra Storbritannien. Vi giver fuld adgang til WhatsApp-konti, herunder beskeder, billeder og videoer, b\u00e5de sendte og modtagne, og ogs\u00e5 optagelser af stemme- og videoopkald.<br \/>Du er velkommen til at udfylde vores kontaktformular for at f\u00e5 flere oplysninger og anmode om WhatsApp-hacking-tjenesten.<\/p>\n<div id=\"attachment_5000\" style=\"width: 310px\" class=\"wp-caption alignnone\"><img decoding=\"async\" aria-describedby=\"caption-attachment-5000\" data-src=\"https:\/\/hireonlinehackers.com\/wp-content\/uploads\/2023\/09\/WhatsApp-hacker-300x141.jpg\" alt=\"WhatsApp-hacker til leje\" width=\"300\" height=\"141\" src=\"data:image\/svg+xml;base64,PHN2ZyB3aWR0aD0iMSIgaGVpZ2h0PSIxIiB4bWxucz0iaHR0cDovL3d3dy53My5vcmcvMjAwMC9zdmciPjwvc3ZnPg==\" class=\"lazyload\" style=\"--smush-placeholder-width: 300px; --smush-placeholder-aspect-ratio: 300\/141;\" \/><p id=\"caption-attachment-5000\" class=\"wp-caption-text\">WhatsApp-hacker til leje<\/p><\/div>\n<h1>Ans\u00e6t en hacker til WhatsApp<\/h1>\n<p>Vores agentur leverer alle former for hackingtjenester relateret til WhatsApp med en successiv track record og anmeldelser.<\/p>\n<p>Alle onlinetjenester leveres til en billig pris og inden for den givne deadline. Disse specialiteter g\u00f8r os til #1 i hackingverdenen.<\/p>\n<p>S\u00e5 hvis du \u00f8nsker at leje en hacker - WhatsApp til leje, s\u00e5 er vores agentur bedst for dig. Lej WhatsApp Hacker.<\/p>\n<p>Se, hvorfor vores white hat-certificerede bureaus online hacking-tjenester er bedre end andre professionelt certificerede etiske hackere.<\/p>\n<h2>F\u00e5 WhatsApp-hacking-tjenester til tiden<\/h2>\n<p>N\u00e5r<br \/>Vores kunder v\u00e6lger en plan efter behov. De vil have nogle kvaliteter hos den fyr eller det bureau, som de vil leje.<\/p>\n<p>Det kan v\u00e6re en billig pris for nogle mennesker, fordi penge betyder noget for nogle individer. Men alle \u00f8nsker, at deres opgave bliver udf\u00f8rt meget hurtigt og s\u00e5 hurtigt som muligt.<\/p>\n<div>\n<div>\n<h3>Hvor kan man hyre en hacker til WhatsApp?<\/h3>\n<\/div>\n<\/div>\n<p>Folk hyrer en hacker til WhatsApp, fordi de har brug for alle detaljerne til det.<br \/>De er ivrige efter at finde resultater s\u00e5 hurtigt som med lysets hastighed.<\/p>\n<p>Lyshastighed er ikke mulig for nogen, men vi forsikrer dig om, at du leverer WhatsApp-hackingtjenester til tiden, som er givet til dig.<\/p>\n<div style=\"width: 310px\" class=\"wp-caption alignnone\"><img fetchpriority=\"high\" decoding=\"async\" src=\"https:\/\/hireonlinehackers.com\/wp-content\/uploads\/2023\/09\/Social-Media-Accounts-Hack-300x200.jpg\" alt=\"Lej WhatsApp Hacker\" width=\"300\" height=\"200\" \/><p class=\"wp-caption-text\">Lej WhatsApp Hacker<\/p><\/div>\n<h2>Lej en WhatsApp-hacker til en billig pris<\/h2>\n<p>N\u00e5r du g\u00e5r efter white hat-hackere til WhatsApp-hacking-relaterede tjenester,<br \/>De kan kr\u00e6ve omkring $500 eller m\u00e5ske mere. Men vores agentur tror p\u00e5 langsigtede relationer. Lej WhatsApp Hacker.<\/p>\n<p>Derfor tilbyder vores bureau professionel white hat WhatsApp <a title=\"hacker til leje\" href=\"https:\/\/rentahacker.io\/da\/\">hackere <\/a><a href=\"https:\/\/allhackerforhire.com\/hire-a-hacker\/\" target=\"_blank\" rel=\"noopener\">p\u00e5 <\/a><a title=\"hacker til leje\" href=\"https:\/\/allhackerforhire.com\/hackers-for-hire\/\" target=\"_blank\" rel=\"noopener\">leje<\/a> til en meget billig pris. Du kan ogs\u00e5 sammenligne priser fra andre kilder.<\/p>\n<h4>Der er nogle trin, f\u00f8r du tilmelder dig WhatsApp-hackingtjenester.<\/h4>\n<ul>\n<li>Beslut f\u00f8rst, hvad du vil.<\/li>\n<li>Tjek derefter priserne ved at bes\u00f8ge <a href=\"https:\/\/rentahacker.io\/da\/hyr-en-hacker\/\" target=\"_blank\" rel=\"noopener\">den <\/a><a href=\"https:\/\/allhackerforhire.com\/\" target=\"_blank\" rel=\"noopener\">ris<\/a> side.<\/li>\n<li>V\u00e6lg den pakke, der passer dig.<\/li>\n<li>Send os alle dine sp\u00f8rgsm\u00e5l i detaljer.<\/li>\n<li>Send os en e-mail eller chat med support.<\/li>\n<li>Hvis alt er afklaret med supportteamet, s\u00e5 g\u00f8r det.<\/li>\n<\/ul>\n<div>\n<h4>Professionelle hackere kontakter<\/h4>\n<\/div>\n<div>\n<div>\n<p><span data-preserver-spaces=\"true\">Whatsapp er en gratis besked-app til smartphones, som i \u00f8jeblikket ejes af Facebook. Det er en af de st\u00f8rste<br \/>online sociale medieplatforme. Hoved\u00e5rsagen til, at WhatsApp er s\u00e5<br \/>popul\u00e6r p\u00e5 grund af den internationale brugerskare. Gr\u00e6nsefladen er nem<br \/>at forst\u00e5, og brugerne er mere end 2 milliarder. WhatsApp-kontohacker til leje.<\/span><\/p>\n<h3>WhatsApp-konto-hacker til leje<\/h3>\n<p><span data-preserver-spaces=\"true\">Uanset om det er til personlig brug eller forretningsform\u00e5l, f\u00f8ler brugerne sig mere trygge ved at formidle deres oplysninger via WhatsApp. Den ende-til-ende-krypterede besked har gjort den mere popul\u00e6r og overbevist brugerne om at bruge den. Alligevel er WhatsApp-hacking-tricks mulige med tilstr\u00e6kkelig viden. De mulige hacking-tricks vil g\u00f8re dig i stand til at f\u00e5 adgang til en persons konto.  Hvor kan man hyre en hacker til WhatsApp?<br \/><\/span><\/p>\n<h4><span data-preserver-spaces=\"true\">Vi vil diskutere, hvordan man hacker<\/span><\/h4>\n<p><span data-preserver-spaces=\"true\">Whatsapp-konti gennem etisk hacking i resten af artiklen. Etisk hacking er en sikker tilgang, hvor du l\u00e6rer systemets fejl at kende for at \u00f8ge sikkerheden. Vi vil ogs\u00e5 diskutere, hvordan man hyrer en hacker til WhatsApp online for at udspionere nogen. Hvis du er en bekymret for\u00e6lder, som vil overv\u00e5ge sine b\u00f8rn, eller en chef, som vil tjekke sine medarbejdere, s\u00e5 er det vigtigt at kende Whatsapp-snydetricksene. <\/span>Professionelle hackere kontakter.<\/p>\n<h2><strong><span data-preserver-spaces=\"true\">S\u00e5dan synkroniseres enheden med en webbrowser via QR-kode som et WhatsApp-hacking-trick.<\/span><\/strong><\/h2>\n<p><span data-preserver-spaces=\"true\">Metoden er ret enkel, og alt, hvad du beh\u00f8ver, er at f\u00e5 fat i den p\u00e5g\u00e6ldende brugers mobil. N\u00e5r du har offerets mobil, er du klar til at g\u00e5 i gang. Vi skal bruge 'WhatsApp Web-tjenesten til vores fordel. Hvis du vil benytte dig af tjenesten, skal du g\u00e5 til \"<\/span><a href=\"https:\/\/web.whatsapp.com\" target=\"_blank\" rel=\"noopener\"><span data-preserver-spaces=\"true\">https:\/\/web.whatsapp.com<\/span><\/a><span data-preserver-spaces=\"true\">\" p\u00e5 din pc. Hvis du \u00f8nsker at bruge en mobil enhed, skal du installere en<br \/>app kaldet 'Whatsapp Web'. Nu er hovedprocessen som f\u00f8lger<\/span><\/p>\n<ol>\n<li><span data-preserver-spaces=\"true\">\u00c5bn den model, du \u00f8nsker at f\u00e5 adgang til beskederne - du kan bruge en pc eller en mobil enhed.<\/span><\/li>\n<li><span data-preserver-spaces=\"true\">For at f\u00e5 adgang til den fra pc'en skal du \u00e5bne webbrowserne ved at skrive \"<\/span><a href=\"https:\/\/web.whatsapp.com\" target=\"_blank\" rel=\"noopener\"><span data-preserver-spaces=\"true\">https:\/\/web.whatsapp.com<\/span><\/a><span data-preserver-spaces=\"true\">.\"<br \/>Du vil blive bedt om at scanne den givne QR-kode p\u00e5 webstedet. Efter scanningen<br \/>er afsluttet fra offerets mobil, skal du markere indstillingen 'Hold mig logget'.<br \/>ind.\"<\/span><\/li>\n<li><span data-preserver-spaces=\"true\">For mobilbrugere skal du \u00e5bne 'WhatsApp Web app'.<\/span><\/li>\n<li><span data-preserver-spaces=\"true\">Scan QR-koden fra mobilappen p\u00e5 offerets enhed ved at f\u00f8lge - WhatsApp Menu-&gt;WhatsApp Web.<\/span><\/li>\n<\/ol>\n<p><span data-preserver-spaces=\"true\">Nu, hvor du er logget ind, har du adgang til alle beskeder og filer. Den slettede samtale eller tekst vil dog ikke blive vist i brugerens interface. Den vigtigste bem\u00e6rkning ved denne metode er at have den m\u00e5lrettede brugers mobile enhed. Metoden vil ikke v\u00e6re vellykket, hvis offerets mobile enhed ikke er til stede hos dig.<\/span><\/p>\n<h2><strong><span data-preserver-spaces=\"true\">S\u00e5dan hacker du WhatsApp-samtaler ved hj\u00e6lp af WSP 3.0<\/span><\/strong><\/h2>\n<p><span data-preserver-spaces=\"true\">Med denne metode kan du se alle chats og samtaler fra den p\u00e5g\u00e6ldende bruger. Du skal bruge<br \/>WhatsApp Scan Pro (WSP). Du kan downloade APK-filen, som er tilg\u00e6ngelig online. WSP fungerer som malware. Den indeholder en virus, der er vedh\u00e6ftet sammen med det foto, du vil sende til den p\u00e5g\u00e6ldende bruger.<\/span><\/p>\n<p><span data-preserver-spaces=\"true\">Offeret falder i en f\u00e6lde, hvis han eller hun klikker p\u00e5 det foto, der er blevet sendt. S\u00e5 det er n\u00f8dvendigt at sende et billede, der f\u00e5r offeret til at klikke p\u00e5 det. N\u00e5r offeret \u00e5bner billedet, k\u00f8rer virussen automatisk ind i enheden.<\/span><\/p>\n<h4><span data-preserver-spaces=\"true\">Freelance hackere til leje<br \/><\/span><\/h4>\n<p><span data-preserver-spaces=\"true\">\u00a0WSP hj\u00e6lper med at blokere bagd\u00f8rsaktiviteterne i rammen og oprette forbindelse til hackeren. N\u00e5r hackeren f\u00e5r adgang, scannes QR-koderne fra den m\u00e5lrettede mobile messenger.<\/span><\/p>\n<p><span data-preserver-spaces=\"true\">Koden bliver \u00e6ndret hvert 10. sekund. Men hackeren kan overv\u00e5ge processen hele tiden. Hackeren<br \/>f\u00e5r adgang til offerets session med det samme, n\u00e5r forbindelsen er oprettet.<br \/>etableret.\u00a0<\/span><\/p>\n<p><span data-preserver-spaces=\"true\">Man skal huske p\u00e5, at internetforbindelsen skal v\u00e6re stabil og hurtig.<\/span><\/p>\n<h4><strong><span data-preserver-spaces=\"true\">S\u00e5dan hacker du WhatsApp ved at eksportere chathistorik\u00a0\u00a0<\/span><\/strong><\/h4>\n<p><span data-preserver-spaces=\"true\">Dette er den hurtigste m\u00e5de at hacke p\u00e5<br \/>WhatsApp af den m\u00e5lrettede bruger. Dette WhatsApp-hacking-trick til WhatsApp svarer meget til den f\u00f8rste metode, der er n\u00e6vnt i artiklen. Processen er som f\u00f8lger<\/span><\/p>\n<ol>\n<li><span data-preserver-spaces=\"true\">Tag offerets mobile enhed, og \u00e5bn WhatsApp-applikationen.<\/span><\/li>\n<li><span data-preserver-spaces=\"true\">Klik p\u00e5 menu-ikonet. Ikonet er tre lodrette prikker p\u00e5 oversiden af appens gr\u00e6nseflade.<\/span><\/li>\n<li><span data-preserver-spaces=\"true\">Klik nu p\u00e5 Indstillinger -&gt; Chats -&gt; Chathistorik -&gt; Eksporter chat (med eller uden mediehistorik, som du vil)<\/span><\/li>\n<li><span data-preserver-spaces=\"true\">\u00c5bn Gmail, og skriv den e-mailadresse, du vil sende.\u00a0<\/span><\/li>\n<li><span data-preserver-spaces=\"true\">Klik p\u00e5 Eksporter\u00a0<\/span><\/li>\n<\/ol>\n<p><span data-preserver-spaces=\"true\">Filen (tekstformat), inklusive mediefilen (hvis valgt), vil blive uploadet i mailen. Tryk p\u00e5 'Send' for at afslutte opgaven. Du kan hente filen nu eller senere fra mailen.\u00a0<\/span><\/p>\n<p>F\u00e5 mere at vide om - Hyr en etisk hacker til at hacke en WhatsApp-konto.<\/p>\n<h5><strong><span data-preserver-spaces=\"true\">S\u00e5dan hyrer du hackere til at hacke WhatsApp-kontoen\u00a0<\/span><\/strong><\/h5>\n<p><span data-preserver-spaces=\"true\">Det anbefales ikke at hyre en hacker til at hacke en persons WhatsApp-konto. Hoved\u00e5rsagen er, at mange<br \/>Nogle gange kan det v\u00e6re et fupnummer. Mange mennesker har klaget over, at de ikke har f\u00e5et deres service, selv om de er blevet opkr\u00e6vet det fulde bel\u00f8b. At v\u00e6lge denne mulighed kan v\u00e6re en genvej for dig, da du ikke beh\u00f8ver at involvere dig i hackingprocessen. Men risikoen er ogs\u00e5 h\u00f8j.<\/span><\/p>\n<p><span data-preserver-spaces=\"true\">Nogle af siderne opkr\u00e6ver et p\u00e6nt bel\u00f8b, hvis der ikke er nogen garanti for, at man ikke bliver snydt. Tag<br \/>tjenesten i betragtning af alle de mulige risici. Men den legitime hacking<br \/>kan g\u00f8re arbejdet for dig uden at svindle.<\/span><\/p>\n<p><span data-preserver-spaces=\"true\">\u00a0Hvis du er overbevist om, at du vil ans\u00e6tte en hacker, skal du f\u00f8lge dette link og kontakte: <\/span><a href=\"https:\/\/rentahacker.io\/da\/\" target=\"_blank\" rel=\"noopener\">Rentahacker.io<\/a><span data-preserver-spaces=\"true\"> Her f\u00e5r du den \u00f8nskede service som lovet, selvom betalingen ikke bliver billig.\u00a0<\/span><\/p>\n<h4><span data-preserver-spaces=\"true\">Det drejer sig om f\u00f8lgende WhatsApp<\/span><\/h4>\n<p><span data-preserver-spaces=\"true\">Hacking-tricks, du selv kan pr\u00f8ve. Det anbefales, at du ikke bruger metoderne til ulovlig aktivitet. Brug hellere disse oplysninger som en forholdsregel, du kan implementere for at \u00f8ge sikkerheden p\u00e5 din konto. Men hvis du er mist\u00e6nksom over for nogen, du kender, som m\u00e5ske er involveret i ulovligheder. S\u00e5 brug disse metoder til at udspionere dem og spore deres aktiviteter.<\/span><\/p>\n<\/div>\n<\/div>\n<\/div>\n<\/div>\n<h3>Whatsapp-hack online<\/h3>\n<p>\u00d8nsker du at hacke din ven eller k\u00e6restes WhatsApp-beskeder, lyd og videoer online? Hvis ja, s\u00e5 er du p\u00e5 det rigtige sted Du kan hacke alle sl\u00e6gtninge eller venners WhatsApp-beskeder her, og den vigtigste del af dette er, at du kan g\u00f8re det gratis. S\u00e5 nu vil vi se, hvordan vi kan hacke WhatsApp online, og hvordan vi kan prank vores venner og familie ved at vise deres egne beskeder til dem. Bem\u00e6rk, at dette er et premiumv\u00e6rkt\u00f8j, men tilg\u00e6ngeligt gratis p\u00e5 vores hjemmeside, s\u00e5 du kan nyde vores gratis service. Freelance hackere til leje.<\/p>\n<h4>Trin Hvordan kan vi hacke WhatsApp online?<\/h4>\n<p>Der er 3 muligheder \u00f8verst p\u00e5 vores hjemmeside, som er obligatoriske at udfylde.<\/p>\n<p>\u00a0\u00a0\u00a0 I den f\u00f8rste kolonne skal du indtaste det telefonnummer, du vil hacke offerets telefonnummer p\u00e5 (med landekode).<br \/>\u00a0\u00a0\u00a0 I den anden kolonne skal du v\u00e6lge, hvad du vil hacke Der er 4 muligheder tilg\u00e6ngelige beskeder, lyd, videoer og alle data, du kan v\u00e6lge en hvilken som helst mulighed fra disse fire. WhatsApp-kontohacker til leje.<\/p>\n<h4><span tabindex=\"0\" role=\"textbox\" contenteditable=\"true\" data-placeholder=\"Example: Rank Math SEO\" aria-placeholder=\"Example: Rank Math SEO\" aria-autocomplete=\"both\" aria-multiline=\"false\">Ans\u00e6t WhatsApp-hacker online<\/span><\/h4>\n<p>\u00a0\u00a0\u00a0 I den tredje kolonne skal du v\u00e6lge, hvor du vil se de hackede data. Der er to muligheder, deres online eller downloadet som en zip-fil, der kan vises offline. Du kan v\u00e6lge en hvilken som helst mulighed fra denne kolonne.<\/p>\n<p>\u00a0\u00a0\u00a0 N\u00e5r du har udfyldt alle oplysninger, skal du klikke p\u00e5 knappen Hack nu, og det n\u00e6ste fremskridt vil blive gjort af vores system. Det genererer hashkoder og kontrollerer WhatsApp-databasen, og derefter viser det dig det hackede resultat.<br \/>\u00a0\u00a0\u00a0 Det sidste trin er at downloade eller se hackede filer i dette trin hacker du for at bevise, at du er et menneske, ikke en robot, bare bevis det ved at udfylde et simpelt tilbud. WhatsApp-konto hacker til leje<a href=\"https:\/\/duckduckgo.com\/\" target=\"_blank\" rel=\"noopener\">.<\/a><\/p>\n<h4>Ans\u00e6t nogen til at hacke sig ind p\u00e5 en WhatsApp-konto<\/h4>\n<p>Wow, nu har du adgang til dine hackede data. Du kan se beskeder, lyd og videoer online eller offline helt gratis. Hj\u00e6lp vores hjemmeside ved at dele den p\u00e5 Facebook, Google Plus og andre sociale medier. Bem\u00e6rk - Du kan kun hacke \u00e9t nummer fra \u00e9n IP. Du kan se det hackede bevis p\u00e5 nedenst\u00e5ende billede. NYD!!! WhatsApp-konto Hacker til leje.<\/p>\n<p><img decoding=\"async\" data-src=\"https:\/\/hireonlinehackers.com\/wp-content\/uploads\/2023\/01\/5-star-300x158.jpg\" alt=\"Professionelle hacker-tjenester til leje\" width=\"36\" height=\"19\" src=\"data:image\/svg+xml;base64,PHN2ZyB3aWR0aD0iMSIgaGVpZ2h0PSIxIiB4bWxucz0iaHR0cDovL3d3dy53My5vcmcvMjAwMC9zdmciPjwvc3ZnPg==\" class=\"lazyload\" style=\"--smush-placeholder-width: 36px; --smush-placeholder-aspect-ratio: 36\/19;\" \/><\/p>\n<\/div>\n<\/div>\n<p><!-- \/wp:paragraph --><!-- wp:heading --><!-- \/wp:paragraph --><\/p>\t\t\t\t\t\t\t\t<\/div>\n\t\t\t\t<\/div>\n\t\t\t\t\t<\/div>\n\t\t<\/div>\n\t\t\t\t\t<\/div>\n\t\t<\/section>\n\t\t\t\t<section class=\"elementor-section elementor-top-section elementor-element elementor-element-da4e662 elementor-section-boxed elementor-section-height-default elementor-section-height-default default-style\" data-id=\"da4e662\" data-element_type=\"section\" data-settings=\"{&quot;rt_color_sets&quot;:&quot;default-style&quot;}\">\n\t\t\t\t\t\t<div class=\"elementor-container elementor-column-gap-default\">\n\t\t\t\t\t<div class=\"elementor-column elementor-col-50 elementor-top-column elementor-element elementor-element-db924fe\" data-id=\"db924fe\" data-element_type=\"column\">\n\t\t\t<div class=\"elementor-widget-wrap elementor-element-populated\">\n\t\t\t\t\t\t<div class=\"elementor-element elementor-element-0485719 elementor-widget elementor-widget-image\" data-id=\"0485719\" data-element_type=\"widget\" data-widget_type=\"image.default\">\n\t\t\t\t<div class=\"elementor-widget-container\">\n\t\t\t\t\t\t\t\t\t\t\t\t\t\t\t<img decoding=\"async\" width=\"768\" height=\"288\" data-src=\"https:\/\/rentahacker.io\/wp-content\/uploads\/2022\/11\/Buy-Registered-Documents.jpg\" class=\"attachment-large size-large wp-image-4545 lazyload\" alt=\"Ans\u00e6t dark web-hackere\" data-srcset=\"https:\/\/rentahacker.io\/wp-content\/uploads\/2022\/11\/Buy-Registered-Documents.jpg 768w, https:\/\/rentahacker.io\/wp-content\/uploads\/2022\/11\/Buy-Registered-Documents-300x113.jpg 300w, https:\/\/rentahacker.io\/wp-content\/uploads\/2022\/11\/Buy-Registered-Documents-600x225.jpg 600w\" data-sizes=\"(max-width: 768px) 100vw, 768px\" src=\"data:image\/svg+xml;base64,PHN2ZyB3aWR0aD0iMSIgaGVpZ2h0PSIxIiB4bWxucz0iaHR0cDovL3d3dy53My5vcmcvMjAwMC9zdmciPjwvc3ZnPg==\" style=\"--smush-placeholder-width: 768px; --smush-placeholder-aspect-ratio: 768\/288;\" \/>\t\t\t\t\t\t\t\t\t\t\t\t\t\t\t<\/div>\n\t\t\t\t<\/div>\n\t\t\t\t\t<\/div>\n\t\t<\/div>\n\t\t\t\t<div class=\"elementor-column elementor-col-50 elementor-top-column elementor-element elementor-element-bff131d\" data-id=\"bff131d\" data-element_type=\"column\">\n\t\t\t<div class=\"elementor-widget-wrap elementor-element-populated\">\n\t\t\t\t\t\t<div class=\"elementor-element elementor-element-db6bcbe elementor-widget elementor-widget-heading\" data-id=\"db6bcbe\" data-element_type=\"widget\" data-widget_type=\"heading.default\">\n\t\t\t\t<div class=\"elementor-widget-container\">\n\t\t\t\t\t<h2 class=\"elementor-heading-title elementor-size-default\"><span class=\"tagify__tag-text\">Ans\u00e6t dark web-hackere<\/span><\/h2>\t\t\t\t<\/div>\n\t\t\t\t<\/div>\n\t\t\t\t\t<\/div>\n\t\t<\/div>\n\t\t\t\t\t<\/div>\n\t\t<\/section>\n\t\t\t\t<\/div>","protected":false},"excerpt":{"rendered":"<p>Lej WhatsApp Hacker Whatsapp hacker til leje service er tilg\u00e6ngelig til rimelige priser som en selvst\u00e6ndig WhatsApp hack service samt en del af en telefon hacking service, der ogs\u00e5 giver adgang til WhatsApp. Vores priser er en af de bedste i branchen, og du kan v\u00e6re sikker p\u00e5 100% fortrolighed og [...].<\/p>","protected":false},"author":1,"featured_media":4986,"parent":0,"menu_order":0,"comment_status":"closed","ping_status":"open","template":"","meta":{"footnotes":""},"class_list":["post-4991","page","type-page","status-publish","has-post-thumbnail","hentry"],"_links":{"self":[{"href":"https:\/\/rentahacker.io\/da\/wp-json\/wp\/v2\/pages\/4991","targetHints":{"allow":["GET"]}}],"collection":[{"href":"https:\/\/rentahacker.io\/da\/wp-json\/wp\/v2\/pages"}],"about":[{"href":"https:\/\/rentahacker.io\/da\/wp-json\/wp\/v2\/types\/page"}],"author":[{"embeddable":true,"href":"https:\/\/rentahacker.io\/da\/wp-json\/wp\/v2\/users\/1"}],"replies":[{"embeddable":true,"href":"https:\/\/rentahacker.io\/da\/wp-json\/wp\/v2\/comments?post=4991"}],"version-history":[{"count":19,"href":"https:\/\/rentahacker.io\/da\/wp-json\/wp\/v2\/pages\/4991\/revisions"}],"predecessor-version":[{"id":5815,"href":"https:\/\/rentahacker.io\/da\/wp-json\/wp\/v2\/pages\/4991\/revisions\/5815"}],"wp:featuredmedia":[{"embeddable":true,"href":"https:\/\/rentahacker.io\/da\/wp-json\/wp\/v2\/media\/4986"}],"wp:attachment":[{"href":"https:\/\/rentahacker.io\/da\/wp-json\/wp\/v2\/media?parent=4991"}],"curies":[{"name":"wp","href":"https:\/\/api.w.org\/{rel}","templated":true}]}}