{"id":4967,"date":"2023-09-10T15:27:23","date_gmt":"2023-09-10T15:27:23","guid":{"rendered":"https:\/\/hireonlinehackers.com\/?page_id=4967"},"modified":"2025-09-27T06:22:03","modified_gmt":"2025-09-27T06:22:03","slug":"hacker-til-leje-af-telefon","status":"publish","type":"page","link":"https:\/\/rentahacker.io\/da\/hacker-til-leje-af-telefon\/","title":{"rendered":"Telefonhackere"},"content":{"rendered":"<div data-elementor-type=\"wp-page\" data-elementor-id=\"4967\" class=\"elementor elementor-4967\">\n\t\t\t\t\t\t<section class=\"elementor-section elementor-top-section elementor-element elementor-element-21ed0537 elementor-section-boxed elementor-section-height-default elementor-section-height-default default-style\" data-id=\"21ed0537\" data-element_type=\"section\" data-settings=\"{&quot;rt_color_sets&quot;:&quot;default-style&quot;}\">\n\t\t\t\t\t\t<div class=\"elementor-container elementor-column-gap-default\">\n\t\t\t\t\t<div class=\"elementor-column elementor-col-100 elementor-top-column elementor-element elementor-element-320524c5\" data-id=\"320524c5\" data-element_type=\"column\">\n\t\t\t<div class=\"elementor-widget-wrap elementor-element-populated\">\n\t\t\t\t\t\t<div class=\"elementor-element elementor-element-15f4f884 elementor-widget elementor-widget-text-editor\" data-id=\"15f4f884\" data-element_type=\"widget\" data-widget_type=\"text-editor.default\">\n\t\t\t\t<div class=\"elementor-widget-container\">\n\t\t\t\t\t\t\t\t\t<h2>Lej Phone Hacker<\/h2>\n<p><!-- \/wp:heading --><!-- wp:paragraph --><\/p>\n<div data-id=\"45a8c67\" data-element_type=\"widget\" data-widget_type=\"text-editor.default\">\n<div>\n<div data-id=\"68dc6d6\" data-element_type=\"widget\" data-widget_type=\"text-editor.default\">\n<div>\n<p>Lej en telefonhacker. Telefonhackere til leje giver fuld telefonoverv\u00e5gning, s\u00e5 du kan lytte til telefonopkald, se tekstbeskeder og iMessage, Whatsapp-beskeder, Instagram, Snapchat-beskeder og alle andre beskedtjenester og sociale medier, der bruges fra enheden. <span contenteditable=\"true\">Telefonhackere til udlejning.<\/span><\/p>\n<p>\u00a0Du kan anmode om at leje vores telefonhacker ved at udfylde vores kontaktformular, som du finder nederst p\u00e5 denne side. Du kan v\u00e6re sikker p\u00e5 100% fortrolighed, n\u00e5r du bestiller vores telefonhacker til leje service. Din kommunikation med os er helt sikker og sikker. Du er velkommen til at bestille telefonhacking-service med fuld tillid og f\u00e5 \u00f8jeblikkelige svar fra vores superaktive kundesupport<a href=\"https:\/\/duckduckgo.com\/\" target=\"_blank\" rel=\"noopener\">.<\/a> Ans\u00e6t en mobilhacker.<\/p>\n<h3><span contenteditable=\"true\">Hyr en hacker til at hacke en mobiltelefon<\/span><\/h3>\n<p>Lej en hacker til en mobiltelefon, uanset hvad dit behov er, fra at holde styr p\u00e5 dit barns aktiviteter til at finde ud af om en mist\u00e6nkt utro \u00e6gtef\u00e6lle\/partner eller andre krav til telefonhacking afh\u00e6ngigt af dine omst\u00e6ndigheder. <span contenteditable=\"true\">Hyr en hacker til at hacke en mobiltelefon.<\/span><\/p>\n<div data-animation-style=\"fade\" data-animation-repeat=\"\" data-animation-duration=\"1000ms\" data-animation-delay=\"0ms\" data-animation-intensity=\"50%\" data-animation-starting-opacity=\"0%\" data-animation-speed-curve=\"ease-in-out\">\n<div>\n<h1>Fjernbetjente mobilhackere til leje online<\/h1>\n<h2>Vi kan hacke alt p\u00e5 nettet<\/h2>\n<\/div>\n<\/div>\n<div>\n<div>\n<p>Lej en telefonhacker. Keystroke Group best\u00e5r af 50 certificerede etiske, Grey Hat &amp; Black Hat <a href=\"https:\/\/rentahacker.io\/da\/\" target=\"_blank\" rel=\"noopener\">Hackere p\u00e5 nettet<\/a>. Vores gruppe har specialiseret sig i mobilhacking og digital kriminalteknik. Du kan nu f\u00e5 adgang til alle data fra enhver smartphone med bare mobiltelefonnummeret<a href=\"https:\/\/www.bing.com\/\" target=\"_blank\" rel=\"noopener\">.<\/a> Vores arbejde str\u00e6kker sig ogs\u00e5 til at give dig adgang til enhver konto p\u00e5 sociale medier. Kontoen kan v\u00e6re aktiv, deaktiveret eller endda slettet. <span contenteditable=\"true\">Hyr en hacker til at hacke en mobiltelefon.<\/span><\/p>\n<div>\n<h2>Hyr hacker-tjeneste til at spionere p\u00e5 mobiltelefoner<\/h2>\n<p>Der er generelt sket mange teknologiske fremskridt i den seneste tid, is\u00e6r n\u00e5r det g\u00e6lder teknologi til overv\u00e5gning af mobiltelefonspioner. Fra udviklingen af spionapps til mobiltelefoner til professionelle, der tilbyder deres tekniske f\u00e6rdigheder og teknologiske knowhow, og hvad ved jeg. Du kan nemt hyre en af disse\u00a0<a href=\"https:\/\/rentahacker.io\/da\/\" target=\"_blank\" rel=\"noreferrer noopener\">legitime og verificerede hackere<\/a>\u00a0for mobiloverv\u00e5gning og andre hacking-tjenester, du m\u00e5ske er interesseret i. <span contenteditable=\"true\">Telefonhackere til udlejning.<\/span><\/p>\n<p>Mange mennesker er interesserede i at udspionere andres mobiltelefoner af forskellige \u00e5rsager. Men de tre st\u00f8rste kategorier af mennesker, der finder mobiltelefonspionteknologi s\u00e6rligt nyttig baseret p\u00e5 deres eftersp\u00f8rgsel, er: \u00e6gtepar, der fors\u00f8ger at udspionere deres \u00e6gtef\u00e6lle for at sikre, at de ikke er utro, for\u00e6ldre, der fors\u00f8ger at overv\u00e5ge deres b\u00f8rn, og arbejdsgivere, der \u00f8nsker at overv\u00e5ge deres ansatte. <span contenteditable=\"true\">Hyr en hacker til at hacke en mobiltelefon.<\/span><\/p>\n<h2>Ans\u00e6t en hacker til telefonhacking<\/h2>\n<p>N\u00e5r det g\u00e6lder overv\u00e5gning af mobiltelefoner, er det bedste sted at finde en p\u00e5lidelig og trov\u00e6rdig l\u00f8sning at hyre en professionel hacker, som du kan stole p\u00e5. Computerhacking og smartphonehacking har meget til f\u00e6lles, og derfor er det kun en professionel hacker, man kan stole p\u00e5, n\u00e5r det g\u00e6lder om at f\u00e5 adgang til en mobil enhed med henblik p\u00e5 overv\u00e5gning. <span contenteditable=\"true\">Hyr en hacker til at hacke en mobiltelefon.<\/span><\/p>\n<p>Lej en telefonhacker. Hvis du pr\u00f8ver at s\u00f8ge p\u00e5 nettet efter, hvordan du kan udspionere en mobiltelefon, vil de fleste af de resultater, du finder, v\u00e6re spionapps. Men sandheden er, at spionapps generelt er kendt for at v\u00e6re ineffektive, og uanset navnet p\u00e5 spionappen fungerer de generelt ens. En anden mangel ved spionapps er, at du skal have adgang til m\u00e5lenheden for at kunne bruge den. <span contenteditable=\"true\">Telefonhackere til udlejning<\/span><\/p>\n<div style=\"width: 310px\" class=\"wp-caption alignnone\"><img decoding=\"async\" data-src=\"https:\/\/hireonlinehackers.com\/wp-content\/uploads\/2023\/09\/Phone-Hackers-For-Hire-Service-300x158.jpg\" alt=\"Lej Phone Hacker\" width=\"300\" height=\"158\" src=\"data:image\/svg+xml;base64,PHN2ZyB3aWR0aD0iMSIgaGVpZ2h0PSIxIiB4bWxucz0iaHR0cDovL3d3dy53My5vcmcvMjAwMC9zdmciPjwvc3ZnPg==\" class=\"lazyload\" style=\"--smush-placeholder-width: 300px; --smush-placeholder-aspect-ratio: 300\/158;\" \/><p class=\"wp-caption-text\">Lej Phone Hacker<\/p><\/div>\n<h2>L\u00f8sning til hacking af mobiltelefoner<\/h2>\n<p>All Hacker For Hire er en avanceret l\u00f8sning til hacking af mobiltelefoner, der giver dig mulighed for at spionere p\u00e5 enhver mobiltelefon, herunder iOS-telefoner og Android-mobiltelefoner. All Hacker For Hire inkorporerer al den bedste mobiltelefonspionteknologi i sin telefonspionl\u00f8sning, og det er en af de f\u00e5 mobiltelefonspionapp-l\u00f8sninger, der giver dig mulighed for at installere og overv\u00e5ge m\u00e5ltelefonen eksternt. Lej telefonhacker.<\/p>\n<h2>Hvorfor folk ans\u00e6tter professionelle hackere til leje<\/h2>\n<p>Folk hyrer professionelle hackere til at give dem forskellige hacking-tjenester. Den sidste del af denne artikel vil se p\u00e5 nogle af de bedste tjenester, som folk \u00f8nsker at hyre en hacker til at udf\u00f8re for dem. Nogle af de almindelige hacker-tjenester inkluderer;<\/p>\n<p><strong>Hyr en hacker til at fange den utro \u00e6gtef\u00e6lle:<\/strong>\u00a0I den seneste tid har den teknologiske udvikling medf\u00f8rt en h\u00f8jere grad af utroskab. Folk kan nu nemt tilmelde sig dating-hjemmesider for at s\u00f8ge og engagere sig i udenoms\u00e6gteskabelige aff\u00e6rer. Mobiltelefoner har ogs\u00e5 gjort det nemt for folk at gennemf\u00f8re de ulovlige aff\u00e6rer. Derfor henvender mist\u00e6nkelige par sig til hackere for at f\u00e5 hj\u00e6lp til at finde beviser p\u00e5 udenoms\u00e6gteskabelige aff\u00e6rer.<\/p>\n<p><strong>Ans\u00e6t en hacker til at hacke mobiltelefonen:<\/strong>\u00a0Mobilhacking er en anden popul\u00e6r tjeneste, som folk, der \u00f8nsker at hyre hackere, har brug for. At kunne udspionere en mobiltelefon giver dig mulighed for at overv\u00e5ge alt p\u00e5 telefonen, f.eks. gps-placering og al kommunikation.<\/p>\n<p><strong>Hyr en hacker til at hacke konti p\u00e5 sociale medier:\u00a0<\/strong>Der er over 4 milliarder konti p\u00e5 de sociale medier i verden. Det er derfor ikke overraskende, at hacking af sociale medier ogs\u00e5 er en hackingtjeneste, der er meget efterspurgt<\/p>\n<p>Der er andre hacking-tjenester, der er meget efterspurgte, f.eks. hacking af hjemmesider, gendannelse af tabt, svindlet eller stj\u00e5let kryptovaluta og penge, hacking eller gendannelse af hackede e-mailkonti, hacking af computersystemer og meget mere.<\/p>\n<p>Uanset hvilken tjeneste du \u00f8nsker at hyre en hacker til, kan du altid stole p\u00e5 en af de legitime hackere, der tilbyder \u00e6gte hacker til <a href=\"https:\/\/rentahacker.io\/da\/professionelle-hackere-til-leje\/\">Udlejningsservice<\/a> p\u00e5 at levere den bedste hackerservice til din tilfredshed.<\/p>\n<p>Tjenester til telefonhacking<br \/>Hackere p\u00e5 sociale medier<br \/>Hackere til sociale medier til leje<br \/>Lej en hacker til mobiltelefonen<br \/>Dark web-hackere til leje<br \/>Etiske hackere til leje<br \/>Ans\u00e6t nogen til at hacke en telefon<br \/>Professionelle hacking-tjenester<\/p>\n<p>Lej en hacker online<br \/>Professionelle hackere til leje<br \/>Ans\u00e6t Facebook-hacker<br \/>Telefonhackere til leje<br \/>Lej en hacker billigt<br \/>Lej en hacker<br \/>Ans\u00e6t instagram-hacker<br \/>Iphone-hackere til leje<\/p>\n<p>Computerhackere til leje<br \/>Hvor kan jeg hyre en hacker?<br \/>Hvor kan man hyre en hacker?<br \/>De bedste telefonhackere til leje<br \/>Hyr en professionel telefonhacker<\/p>\n<p>\u00c6gte hackere til leje<br \/>Jeg har brug for en hacker til at \u00e6ndre mine karakterer<br \/>Hyr en hacker til at f\u00e5 fat i en adgangskode<br \/>Ans\u00e6t e-mail-hacker<br \/>Whatsapp-hacking-tjeneste<br \/>Lej en whatsapp-hacker<\/p>\n<\/div>\n<\/div>\n<\/div>\n<\/div>\n<\/div>\n<p><img decoding=\"async\" data-src=\"https:\/\/hireonlinehackers.com\/wp-content\/uploads\/2023\/01\/5-star-300x158.jpg\" alt=\"Professionelle hacker-tjenester til leje\" width=\"36\" height=\"19\" src=\"data:image\/svg+xml;base64,PHN2ZyB3aWR0aD0iMSIgaGVpZ2h0PSIxIiB4bWxucz0iaHR0cDovL3d3dy53My5vcmcvMjAwMC9zdmciPjwvc3ZnPg==\" class=\"lazyload\" style=\"--smush-placeholder-width: 36px; --smush-placeholder-aspect-ratio: 36\/19;\" \/><\/p>\n<\/div>\n<\/div>\n<p><!-- \/wp:paragraph --><!-- wp:heading --><!-- \/wp:paragraph --><\/p>\t\t\t\t\t\t\t\t<\/div>\n\t\t\t\t<\/div>\n\t\t\t\t\t<\/div>\n\t\t<\/div>\n\t\t\t\t\t<\/div>\n\t\t<\/section>\n\t\t\t\t<section class=\"elementor-section elementor-top-section elementor-element elementor-element-da4e662 elementor-section-boxed elementor-section-height-default elementor-section-height-default default-style\" data-id=\"da4e662\" data-element_type=\"section\" data-settings=\"{&quot;rt_color_sets&quot;:&quot;default-style&quot;}\">\n\t\t\t\t\t\t<div class=\"elementor-container elementor-column-gap-default\">\n\t\t\t\t\t<div class=\"elementor-column elementor-col-50 elementor-top-column elementor-element elementor-element-db924fe\" data-id=\"db924fe\" data-element_type=\"column\">\n\t\t\t<div class=\"elementor-widget-wrap elementor-element-populated\">\n\t\t\t\t\t\t<div class=\"elementor-element elementor-element-0485719 elementor-widget elementor-widget-image\" data-id=\"0485719\" data-element_type=\"widget\" data-widget_type=\"image.default\">\n\t\t\t\t<div class=\"elementor-widget-container\">\n\t\t\t\t\t\t\t\t\t\t\t\t\t\t\t<img fetchpriority=\"high\" decoding=\"async\" width=\"768\" height=\"288\" src=\"https:\/\/rentahacker.io\/wp-content\/uploads\/2022\/11\/Buy-Registered-Documents.jpg\" class=\"attachment-large size-large wp-image-4545\" alt=\"Ans\u00e6t dark web-hackere\" srcset=\"https:\/\/rentahacker.io\/wp-content\/uploads\/2022\/11\/Buy-Registered-Documents.jpg 768w, https:\/\/rentahacker.io\/wp-content\/uploads\/2022\/11\/Buy-Registered-Documents-300x113.jpg 300w, https:\/\/rentahacker.io\/wp-content\/uploads\/2022\/11\/Buy-Registered-Documents-600x225.jpg 600w\" sizes=\"(max-width: 768px) 100vw, 768px\" \/>\t\t\t\t\t\t\t\t\t\t\t\t\t\t\t<\/div>\n\t\t\t\t<\/div>\n\t\t\t\t\t<\/div>\n\t\t<\/div>\n\t\t\t\t<div class=\"elementor-column elementor-col-50 elementor-top-column elementor-element elementor-element-bff131d\" data-id=\"bff131d\" data-element_type=\"column\">\n\t\t\t<div class=\"elementor-widget-wrap elementor-element-populated\">\n\t\t\t\t\t\t<div class=\"elementor-element elementor-element-db6bcbe elementor-widget elementor-widget-heading\" data-id=\"db6bcbe\" data-element_type=\"widget\" data-widget_type=\"heading.default\">\n\t\t\t\t<div class=\"elementor-widget-container\">\n\t\t\t\t\t<h2 class=\"elementor-heading-title elementor-size-default\"><a data-category=\"text-result\" data-action=\"position\" data-label=\"1\/1\" href=\"https:\/\/onionlandsearchengine.net\/r?q=Phone+Hackers+For+Hire+Service&amp;l=eyJpdiI6IlJJUVhvWngwTnZ4dU1Fa24yU2hcL2hBPT0iLCJ2YWx1ZSI6InNYYVhsaG1ZQnV1VnVmZlBlY0h1SXdZT3Nmd1E4NHVCdE1hTmp0NjQ1VjZyTHRPTEFYbzJlU0dta3ZPWkF1T2FNWTZCOW45VG1aQTBuOTRyMm1INVpjSmMyc0N0XC9TOUF2K0xwUVZRK1ZwR0V3eHdzazlXa1hFTFcxQUVKVE90TFRSNk9PS2dkYlwvZitGazliOXd6TytRPT0iLCJtYWMiOiJlNjJjMWU4MDQ5MmM2ODRkMDlhODBmMGM3NWRhZGNhM2VkNTJjMTA2ZDJkYmZhMjVlZmEwNmYzNDMzNzYyMDZkIn0%253D&amp;p=1&amp;u=529556199\" rel=\"nofollow noopener\" target=\"_blank\">Lej en telefonhacker<\/a><\/h2>\t\t\t\t<\/div>\n\t\t\t\t<\/div>\n\t\t\t\t\t<\/div>\n\t\t<\/div>\n\t\t\t\t\t<\/div>\n\t\t<\/section>\n\t\t\t\t<\/div>","protected":false},"excerpt":{"rendered":"<p>Lej telefonhacker Lej telefonhacker. Telefonhackere til udlejning giver fuld telefonoverv\u00e5gning, s\u00e5 du kan lytte til telefonopkald, se tekstbeskeder og iMessage, Whatsapp-beskeder, Instagram, Snapchat-beskeder og alle andre beskedtjenester og sociale medier, der bruges fra enheden. Telefonhackere til leje service.  Vores telefonhacker [...]<\/p>","protected":false},"author":1,"featured_media":4968,"parent":0,"menu_order":0,"comment_status":"closed","ping_status":"open","template":"","meta":{"footnotes":""},"class_list":["post-4967","page","type-page","status-publish","has-post-thumbnail","hentry"],"_links":{"self":[{"href":"https:\/\/rentahacker.io\/da\/wp-json\/wp\/v2\/pages\/4967","targetHints":{"allow":["GET"]}}],"collection":[{"href":"https:\/\/rentahacker.io\/da\/wp-json\/wp\/v2\/pages"}],"about":[{"href":"https:\/\/rentahacker.io\/da\/wp-json\/wp\/v2\/types\/page"}],"author":[{"embeddable":true,"href":"https:\/\/rentahacker.io\/da\/wp-json\/wp\/v2\/users\/1"}],"replies":[{"embeddable":true,"href":"https:\/\/rentahacker.io\/da\/wp-json\/wp\/v2\/comments?post=4967"}],"version-history":[{"count":25,"href":"https:\/\/rentahacker.io\/da\/wp-json\/wp\/v2\/pages\/4967\/revisions"}],"predecessor-version":[{"id":5800,"href":"https:\/\/rentahacker.io\/da\/wp-json\/wp\/v2\/pages\/4967\/revisions\/5800"}],"wp:featuredmedia":[{"embeddable":true,"href":"https:\/\/rentahacker.io\/da\/wp-json\/wp\/v2\/media\/4968"}],"wp:attachment":[{"href":"https:\/\/rentahacker.io\/da\/wp-json\/wp\/v2\/media?parent=4967"}],"curies":[{"name":"wp","href":"https:\/\/api.w.org\/{rel}","templated":true}]}}