{"id":40,"date":"2010-08-23T19:14:50","date_gmt":"2010-08-23T19:14:50","guid":{"rendered":"http:\/\/rttheme10.templatemints.com\/?page_id=40"},"modified":"2025-11-16T10:09:26","modified_gmt":"2025-11-16T10:09:26","slug":"hyr-en-hacker","status":"publish","type":"page","link":"https:\/\/rentahacker.io\/da\/hyr-en-hacker\/","title":{"rendered":"Kontakt os"},"content":{"rendered":"<div data-elementor-type=\"wp-page\" data-elementor-id=\"40\" class=\"elementor elementor-40\">\n\t\t\t\t\t\t<section class=\"elementor-section elementor-top-section elementor-element elementor-element-25622ad9 elementor-section-full_width elementor-section-height-default elementor-section-height-default default-style\" data-id=\"25622ad9\" data-element_type=\"section\" data-settings=\"{&quot;rt_color_sets&quot;:&quot;default-style&quot;}\">\n\t\t\t\t\t\t<div class=\"elementor-container elementor-column-gap-no\">\n\t\t\t\t\t<div class=\"elementor-column elementor-col-100 elementor-top-column elementor-element elementor-element-62d30d34\" data-id=\"62d30d34\" data-element_type=\"column\">\n\t\t\t<div class=\"elementor-widget-wrap elementor-element-populated\">\n\t\t\t\t\t\t<div class=\"elementor-element elementor-element-1d51b45 elementor-widget elementor-widget-wpb-slider\" data-id=\"1d51b45\" data-element_type=\"widget\" data-widget_type=\"wpb-slider.default\">\n\t\t\t\t<div class=\"elementor-widget-container\">\n\t\t\t\t\t            <div class=\"wpbits-slider wpbits-slider-container wpbits-slider-1d51b45 wpbits-slider-navigation-default\" style=\"--content-width:1060px\"                  \n                    data-settings=\"{&quot;layout&quot;:1,&quot;layout_tablet&quot;:1,&quot;layout_mobile&quot;:1,&quot;gap&quot;:0,&quot;gap_tablet&quot;:0,&quot;gap_mobile&quot;:0,&quot;cid&quot;:&quot;1d51b45&quot;,&quot;pagination_numbers&quot;:&quot;true&quot;,&quot;pagination&quot;:&quot;true&quot;,&quot;autoplay&quot;:&quot;&quot;,&quot;autoplay_delay&quot;:11,&quot;autoplay_stop_on_last&quot;:&quot;&quot;,&quot;loop&quot;:&quot;true&quot;,&quot;auto_height&quot;:&quot;true&quot;,&quot;height&quot;:&quot;&quot;,&quot;transition&quot;:&quot;slide&quot;}\" >\n                        \n                <div class=\"swiper-container\">\n                        <div class=\"wpbits-slider-wrapper swiper-wrapper\">\n                            \n                                    <div class=\"wpbits-slider-loop swiper-slide wpbits-afe-slider-skin-1 wpbits-afe-slider-animate-parts wpbits-afe-slider-bg-width-auto elementor-repeater-item-945caf0\" data-skin-nav=\"wpbits-afe-slider-nav-skin-light\">\n                                        <div class=\"wpbits-slider-content-wrapper\">\n                                            <div class=\"wpbits-slider-content\">                                                      \n                                                <h1 class=\"wpbits-slider-heading wpbits-slider-primary-heading\">LEJ EN HACKER<\/h1>\n                                                <h2 class=\"wpbits-slider-heading wpbits-slider-secondary-heading\">Lej en hacker online | Lej en hacker | Hacker til leje<\/h2>   \n                                                <div class=\"wpbits-slider-description\">Ans\u00e6t en hacker, der er \u00e6rlig og dedikeret til at udf\u00f8re den tildelte hacking-tjeneste. Sikre resultater af hacking-tjenesten. Vores hackere til leje er \u00e6rlige, dedikerede og lidenskabelige med deres arbejde, de kan krydse ethvert niveau af hacking for at f\u00e5 succes med hacking. Hurtigt svar fra hacker Find Dark Web Hacker svarer inden for 30 minutter. Lej en hacker online.<\/div>\n                                                \n                                            <\/div>    \n                                            <div class=\"wpbits-slider-bg-holder\">                                                \n                                                <div class=\"wpbits-slider-bg-layer\"><\/div>\n                                            <\/div>\n                                                                                         \n                                        <\/div>\n                                        <div class=\"wpbits-slider-bg-overlay\"><\/div>\n                                    <\/div>\n                                \n                        <\/div>\n                                       \n\n                        \n                                        <div class=\"wpbits-slider-button-prev wpbits-slider-navigation-button wpbits-slider-button-1d51b45-prev swiper-button-prev\">\n                                            <svg xmlns=\"http:\/\/www.w3.org\/2000\/svg\" viewbox=\"0 0 27 44\"><path d=\"M0 22L22 0l2.1 2.1L4.2 22l19.9 19.9L22 44 0 22z\" fill=\"var(--color)\"\/><\/svg>\n                                        <\/div>\n                                        <div class=\"wpbits-slider-button-next wpbits-slider-navigation-button wpbits-slider-button-1d51b45-next swiper-button-next\">\n                                            <svg xmlns=\"http:\/\/www.w3.org\/2000\/svg\" viewbox=\"0 0 27 44\"><path d=\"M27 22L5 44l-2.1-2.1L22.8 22 2.9 2.1 5 0l22 22z\" fill=\"var(--color)\"\/><\/svg>                            \n                                        <\/div> \n                                    \n                    <\/div>\n                                                    <div class=\"swiper-pagination wpbits-slider-pagination wpbits-slider-pagination-1d51b45 wpbits-slider-pagination-before wpbits-slider-pagination-tablet-before wpbits-slider-pagination-mobile-before wpbits-slider-pagination-overlapped wpbits-slider-pagination-overlapped-tablet wpbits-slider-pagination-overlapped-mobile wpbits-slider-pagination-numbers\"><\/div>\n                        \n\n\n            <\/div>\n\n\n\n\n\n        \t\t\t\t<\/div>\n\t\t\t\t<\/div>\n\t\t\t\t\t<\/div>\n\t\t<\/div>\n\t\t\t\t\t<\/div>\n\t\t<\/section>\n\t\t\t\t<section class=\"elementor-section elementor-top-section elementor-element elementor-element-645f77b0 elementor-section-boxed elementor-section-height-default elementor-section-height-default default-style\" data-id=\"645f77b0\" data-element_type=\"section\" data-settings=\"{&quot;rt_color_sets&quot;:&quot;default-style&quot;}\">\n\t\t\t\t\t\t<div class=\"elementor-container elementor-column-gap-default\">\n\t\t\t\t\t<div class=\"elementor-column elementor-col-50 elementor-top-column elementor-element elementor-element-170b13f8\" data-id=\"170b13f8\" data-element_type=\"column\">\n\t\t\t<div class=\"elementor-widget-wrap elementor-element-populated\">\n\t\t\t\t\t\t<div class=\"elementor-element elementor-element-34bf369d elementor-widget elementor-widget-rt-heading\" data-id=\"34bf369d\" data-element_type=\"widget\" data-widget_type=\"rt-heading.default\">\n\t\t\t\t<div class=\"elementor-widget-container\">\n\t\t\t\t\t<div class=\"title_line\"><h3 class=\"featured_article_title\" data-rt-animate=\"animate\" data-rt-animation-type=\"fade\" data-rt-animation-group=\"single\"><span class=\"heading_icon\"><svg aria-hidden=\"true\" class=\"e-font-icon-svg e-far-envelope\" viewbox=\"0 0 512 512\" xmlns=\"http:\/\/www.w3.org\/2000\/svg\"><path d=\"M464 64H48C21.49 64 0 85.49 0 112v288c0 26.51 21.49 48 48 48h416c26.51 0 48-21.49 48-48V112c0-26.51-21.49-48-48-48zm0 48v40.805c-22.422 18.259-58.168 46.651-134.587 106.49-16.841 13.247-50.201 45.072-73.413 44.701-23.208.375-56.579-31.459-73.413-44.701C106.18 199.465 70.425 171.067 48 152.805V112h416zM48 400V214.398c22.914 18.251 55.409 43.862 104.938 82.646 21.857 17.205 60.134 55.186 103.062 54.955 42.717.231 80.509-37.199 103.053-54.947 49.528-38.783 82.032-64.401 104.947-82.653V400H48z\"><\/path><\/svg><\/span> KONTAKT OS<\/h3><\/div>\t\t\t\t<\/div>\n\t\t\t\t<\/div>\n\t\t\t\t<div class=\"elementor-element elementor-element-40529245 elementor-widget elementor-widget-wpb-heading\" data-id=\"40529245\" data-element_type=\"widget\" data-widget_type=\"wpb-heading.default\">\n\t\t\t\t<div class=\"elementor-widget-container\">\n\t\t\t\t\t<h3 class=\"wpbits-heading\"><span>Betroede hackere til leje<\/span><\/h3>\t\t\t\t<\/div>\n\t\t\t\t<\/div>\n\t\t\t\t<div class=\"elementor-element elementor-element-3096d0cf elementor-list-item-link-inline elementor-icon-list--layout-traditional elementor-widget elementor-widget-icon-list\" data-id=\"3096d0cf\" data-element_type=\"widget\" data-widget_type=\"icon-list.default\">\n\t\t\t\t<div class=\"elementor-widget-container\">\n\t\t\t\t\t\t\t<ul class=\"elementor-icon-list-items\">\n\t\t\t\t\t\t\t<li class=\"elementor-icon-list-item\">\n\t\t\t\t\t\t\t\t\t\t\t<span class=\"elementor-icon-list-icon\">\n\t\t\t\t\t\t\t<svg aria-hidden=\"true\" class=\"e-font-icon-svg e-far-comment-dots\" viewbox=\"0 0 512 512\" xmlns=\"http:\/\/www.w3.org\/2000\/svg\"><path d=\"M144 208c-17.7 0-32 14.3-32 32s14.3 32 32 32 32-14.3 32-32-14.3-32-32-32zm112 0c-17.7 0-32 14.3-32 32s14.3 32 32 32 32-14.3 32-32-14.3-32-32-32zm112 0c-17.7 0-32 14.3-32 32s14.3 32 32 32 32-14.3 32-32-14.3-32-32-32zM256 32C114.6 32 0 125.1 0 240c0 47.6 19.9 91.2 52.9 126.3C38 405.7 7 439.1 6.5 439.5c-6.6 7-8.4 17.2-4.6 26S14.4 480 24 480c61.5 0 110-25.7 139.1-46.3C192 442.8 223.2 448 256 448c141.4 0 256-93.1 256-208S397.4 32 256 32zm0 368c-26.7 0-53.1-4.1-78.4-12.1l-22.7-7.2-19.5 13.8c-14.3 10.1-33.9 21.4-57.5 29 7.3-12.1 14.4-25.7 19.9-40.2l10.6-28.1-20.6-21.8C69.7 314.1 48 282.2 48 240c0-88.2 93.3-160 208-160s208 71.8 208 160-93.3 160-208 160z\"><\/path><\/svg>\t\t\t\t\t\t<\/span>\n\t\t\t\t\t\t\t\t\t\t<span class=\"elementor-icon-list-text\">Rah65k@pm.me<\/span>\n\t\t\t\t\t\t\t\t\t<\/li>\n\t\t\t\t\t\t\t\t<li class=\"elementor-icon-list-item\">\n\t\t\t\t\t\t\t\t\t\t\t<span class=\"elementor-icon-list-icon\">\n\t\t\t\t\t\t\t<svg aria-hidden=\"true\" class=\"e-font-icon-svg e-fas-check\" viewbox=\"0 0 512 512\" xmlns=\"http:\/\/www.w3.org\/2000\/svg\"><path d=\"M173.898 439.404l-166.4-166.4c-9.997-9.997-9.997-26.206 0-36.204l36.203-36.204c9.997-9.998 26.207-9.998 36.204 0L192 312.69 432.095 72.596c9.997-9.997 26.207-9.997 36.204 0l36.203 36.204c9.997 9.997 9.997 26.206 0 36.204l-294.4 294.401c-9.998 9.997-26.207 9.997-36.204-.001z\"><\/path><\/svg>\t\t\t\t\t\t<\/span>\n\t\t\t\t\t\t\t\t\t\t<span class=\"elementor-icon-list-text\">Rigtige hackere til leje<\/span>\n\t\t\t\t\t\t\t\t\t<\/li>\n\t\t\t\t\t\t<\/ul>\n\t\t\t\t\t\t<\/div>\n\t\t\t\t<\/div>\n\t\t\t\t<div class=\"elementor-element elementor-element-12b221b0 elementor-widget elementor-widget-text-editor\" data-id=\"12b221b0\" data-element_type=\"widget\" data-widget_type=\"text-editor.default\">\n\t\t\t\t<div class=\"elementor-widget-container\">\n\t\t\t\t\t\t\t\t\t<h2><strong>Underjordiske computerhackere til leje<\/strong><\/h2><div data-id=\"05988a1\" data-element_type=\"widget\" data-widget_type=\"text-editor.default\"><div><p>Vi er udbydere af hacker-tjenester og tilbyder eksklusive p\u00e5lidelige etiske cybereksperter over hele verden. Her kan du finde en bred vifte af tilg\u00e6ngelige online-eksperter. 24 * 7 online kundesupport. Lej professionelle cybereksperter 24\/7 n\u00e5r som helst.<\/p><p>Vores bedste cybereksperttjenester tilbyder dig, Hacked Phone Rescue, Compromised Social Media Password Recovery, Recovery of funds from Crypto Investment Scam, Bank Transfer Fraud Tracing, Defaming or Fake Internet Articles, Blog Posts or Fake Review Reporting and Removal, Recovery of Hacked or Compromised Websites, og mange flere s\u00e5danne tjenester, hvor du er hj\u00e6lpel\u00f8s og ikke er i stand til at finde nogen yderligere m\u00e5de at g\u00e5 videre p\u00e5.<\/p><p>Hvis du ikke er sikker p\u00e5, hvilken service du har brug for, men du har et problem, der er klar til at blive l\u00f8st, skal du selv tage initiativ til at bede om det:<\/p><ol><li>Spy and Monitor er en top etisk hacker-for-hire organisation!<\/li><li>Ans\u00e6t ekstremt veluddannede, certificerede og professionelle hackere!<\/li><li>Lej en hacker, der er i stand til at indfri l\u00f8fter!<\/li><li>Vores unikke salgsargument er tillid og ansvarlighed!<\/li><\/ol><div>\u00a0<\/div><p>Vi opbygger tillid til alle kunder. T\u00f8v ikke med at kontakte os. Uanset hvilken foresp\u00f8rgsel du har, skal du bare kontakte vores\u00a0<b>Professionelle cyber-eksperter<\/b>vil vores professionelle og meget talentfulde team vende tilbage til dig s\u00e5 hurtigt som muligt. <span contenteditable=\"true\">Lej en hacker online.<br \/><\/span><\/p><p>Du kan finde l\u00f8sningen p\u00e5 alle problemer her, s\u00e5som nogen, der hacker Facebook, gendannelse af adgangskode, Instagram-hacker, WhatsApp, Snapchat-hacker, e-mail eller computer, eller hvis du har mistanke om, at nogen overv\u00e5ger din telefon, kan du f\u00e5 en l\u00f8sning p\u00e5 dit problem fra specialiserede cybereksperter.<\/p><p>Vi har 100+ professionelle cybereksperter, og vi s\u00f8rger for, at du er 100% tryg og sikker, n\u00e5r du hyrer en hacker online fra os. Tillid er vores f\u00f8rste v\u00e5ben. S\u00e5 du skal ikke bekymre dig! Vi har leveret vores tjenester til mange kunder over hele verden. Vi afsl\u00f8rer ikke dine personlige data for nogen.<\/p><p><img decoding=\"async\" data-src=\"https:\/\/hireonlinehackers.com\/wp-content\/uploads\/2023\/01\/5-star-300x158.jpg\" alt=\"Professionelle hacker-tjenester til leje\" width=\"53\" height=\"28\" src=\"data:image\/svg+xml;base64,PHN2ZyB3aWR0aD0iMSIgaGVpZ2h0PSIxIiB4bWxucz0iaHR0cDovL3d3dy53My5vcmcvMjAwMC9zdmciPjwvc3ZnPg==\" class=\"lazyload\" style=\"--smush-placeholder-width: 53px; --smush-placeholder-aspect-ratio: 53\/28;\" \/><\/p><\/div><\/div>\t\t\t\t\t\t\t\t<\/div>\n\t\t\t\t<\/div>\n\t\t\t\t\t<\/div>\n\t\t<\/div>\n\t\t\t\t<div class=\"elementor-column elementor-col-50 elementor-top-column elementor-element elementor-element-5d1c4956\" data-id=\"5d1c4956\" data-element_type=\"column\">\n\t\t\t<div class=\"elementor-widget-wrap elementor-element-populated\">\n\t\t\t\t\t\t<div class=\"elementor-element elementor-element-2c94c598 elementor-widget elementor-widget-rt-heading\" data-id=\"2c94c598\" data-element_type=\"widget\" data-widget_type=\"rt-heading.default\">\n\t\t\t\t<div class=\"elementor-widget-container\">\n\t\t\t\t\t<div class=\"title_line\"><h3 class=\"featured_article_title\" data-rt-animate=\"animate\" data-rt-animation-type=\"fade\" data-rt-animation-group=\"single\"><span class=\"heading_icon\"><svg aria-hidden=\"true\" class=\"e-font-icon-svg e-far-star\" viewbox=\"0 0 576 512\" xmlns=\"http:\/\/www.w3.org\/2000\/svg\"><path d=\"M528.1 171.5L382 150.2 316.7 17.8c-11.7-23.6-45.6-23.9-57.4 0L194 150.2 47.9 171.5c-26.2 3.8-36.7 36.1-17.7 54.6l105.7 103-25 145.5c-4.5 26.3 23.2 46 46.4 33.7L288 439.6l130.7 68.7c23.2 12.2 50.9-7.4 46.4-33.7l-25-145.5 105.7-103c19-18.5 8.5-50.8-17.7-54.6zM388.6 312.3l23.7 138.4L288 385.4l-124.3 65.3 23.7-138.4-100.6-98 139-20.2 62.2-126 62.2 126 139 20.2-100.6 98z\"><\/path><\/svg><\/span> TILFREDSHED ER GARANTERET.<\/h3><\/div>\t\t\t\t<\/div>\n\t\t\t\t<\/div>\n\t\t\t\t\t<\/div>\n\t\t<\/div>\n\t\t\t\t\t<\/div>\n\t\t<\/section>\n\t\t\t\t<section class=\"elementor-section elementor-top-section elementor-element elementor-element-c4e4e6e elementor-section-boxed elementor-section-height-default elementor-section-height-default default-style\" data-id=\"c4e4e6e\" data-element_type=\"section\" data-settings=\"{&quot;rt_color_sets&quot;:&quot;default-style&quot;}\">\n\t\t\t\t\t\t<div class=\"elementor-container elementor-column-gap-default\">\n\t\t\t\t\t<div class=\"elementor-column elementor-col-50 elementor-top-column elementor-element elementor-element-06028d4\" data-id=\"06028d4\" data-element_type=\"column\">\n\t\t\t<div class=\"elementor-widget-wrap elementor-element-populated\">\n\t\t\t\t\t\t<div class=\"elementor-element elementor-element-9b0d260 elementor-widget elementor-widget-text-editor\" data-id=\"9b0d260\" data-element_type=\"widget\" data-widget_type=\"text-editor.default\">\n\t\t\t\t<div class=\"elementor-widget-container\">\n\t\t\t\t\t\t\t\t\t<div data-id=\"6b0882c\" data-element_type=\"widget\" data-widget_type=\"heading.default\"><div><h2>Professionelle hackere til leje<\/h2><\/div><\/div><div data-id=\"7c88b2a\" data-element_type=\"widget\" data-widget_type=\"text-editor.default\"><div><h3>Telefonoverv\u00e5gningstjenester<\/h3><p>Vi leverer fuld mobiloverv\u00e5gningstjeneste til dit m\u00e5lnummer ved hj\u00e6lp af avanceret teknologi, som giver dig mulighed for at kontrollere alle aspekter af enheden. Overv\u00e5gning af snydepartner er tilg\u00e6ngelig til din tjeneste! <span contenteditable=\"true\">Hacker til leje<\/span>.<\/p><h3>Tjenester til gendannelse af adgangskoder\u00a0<\/h3><p>Vi giver dig adgang til den fulde konto, s\u00e5 du kan l\u00e6se alle indg\u00e5ende og udg\u00e5ende beskeder. Du kan ogs\u00e5 se nyligt slettede beskeder. <span contenteditable=\"true\">Rigtige hackere til leje<\/span>.<\/p><p><img decoding=\"async\" data-src=\"https:\/\/hireonlinehackers.com\/wp-content\/uploads\/2023\/01\/5-star-300x158.jpg\" alt=\"Professionelle hacker-tjenester til leje\" width=\"66\" height=\"35\" src=\"data:image\/svg+xml;base64,PHN2ZyB3aWR0aD0iMSIgaGVpZ2h0PSIxIiB4bWxucz0iaHR0cDovL3d3dy53My5vcmcvMjAwMC9zdmciPjwvc3ZnPg==\" class=\"lazyload\" style=\"--smush-placeholder-width: 66px; --smush-placeholder-aspect-ratio: 66\/35;\" \/><\/p><h3>Tjenester til indtr\u00e6ngen i sociale medier\u00a0<\/h3><p>Vi giver dig adgang til forskellige sociale mediekonti som Messenger, Whatsapp, Instagram, Snapchat, Telegram osv. Overv\u00e5g diskret uden at advare dit m\u00e5l. Nu kan du hyre etiske cybereksperter til sociale medier fra os. <span contenteditable=\"true\">Ans\u00e6t en hacker.<\/span><\/p><\/div><\/div><div data-id=\"3fc44a3\" data-element_type=\"widget\" data-widget_type=\"heading.default\"><div><h2><strong>De bedste etiske cyberhackere<\/strong><\/h2><\/div><\/div><div data-id=\"16f90fb\" data-element_type=\"widget\" data-widget_type=\"text-editor.default\"><div><p>Professionelle cybereksperter er altid parate til at levere den bedste hacking-service til dig. Vi er professionelle udbydere af hacking-tjenester i USA. Du kan nemt udforske med online\u00a0<b>Hackere til leje<\/b>. Som den f\u00f8rende Ethical Hacker for Hire-support i verden tilbyder Spy and Monitor de bedste online cybereksperter i hele verden.<\/p><p>Vi har et specialiseret 100+ globalt team af meget erfarne cybereksperter, hvor du kan\u00a0<a href=\"https:\/\/rentahacker.io\/da\/hyr-en-hacker\/\">Kontakt hackere online<\/a>som er eksperter i overlegne omr\u00e5der. Vores bedste hackere ans\u00e6ttes online ved at f\u00f8re adskillige live-tests p\u00e5 niveau; n\u00e5r de har bevist sig, kan de slutte sig til vores overlegne team<a href=\"https:\/\/duckduckgo.com\/\" target=\"_blank\" rel=\"noopener\">.<\/a> <span contenteditable=\"true\">Ans\u00e6t en hacker til enhver form for opgave.<br \/><\/span><\/p><p>\u2713 Ans\u00e6t professionelle cybereksperter til telefonoverv\u00e5gning<\/p><p>\u2713 Ans\u00e6ttelse af etiske cyberhackere til overv\u00e5gning af uetisk partner \/ uetisk \u00e6gtef\u00e6lle<\/p><p>\u2713 Ans\u00e6t hackere til genopretning af kryptoinvesteringssvindel<\/p><p>\u2713 Ans\u00e6t etiske cyberprofessionelle til indtr\u00e6ngen p\u00e5 sociale medier<\/p><\/div><\/div><p><img decoding=\"async\" data-src=\"https:\/\/buylegitpassport.com\/wp-content\/uploads\/2022\/11\/5-star-2-300x158.jpg\" alt=\"Ans\u00e6t en hacker\" width=\"70\" height=\"37\" src=\"data:image\/svg+xml;base64,PHN2ZyB3aWR0aD0iMSIgaGVpZ2h0PSIxIiB4bWxucz0iaHR0cDovL3d3dy53My5vcmcvMjAwMC9zdmciPjwvc3ZnPg==\" class=\"lazyload\" style=\"--smush-placeholder-width: 70px; --smush-placeholder-aspect-ratio: 70\/37;\" \/><\/p>\t\t\t\t\t\t\t\t<\/div>\n\t\t\t\t<\/div>\n\t\t\t\t\t<\/div>\n\t\t<\/div>\n\t\t\t\t<div class=\"elementor-column elementor-col-50 elementor-top-column elementor-element elementor-element-8561710\" data-id=\"8561710\" data-element_type=\"column\">\n\t\t\t<div class=\"elementor-widget-wrap elementor-element-populated\">\n\t\t\t\t\t\t<div class=\"elementor-element elementor-element-fcaf629 elementor-widget elementor-widget-text-editor\" data-id=\"fcaf629\" data-element_type=\"widget\" data-widget_type=\"text-editor.default\">\n\t\t\t\t<div class=\"elementor-widget-container\">\n\t\t\t\t\t\t\t\t\t<div class=\"elementor-element elementor-element-941a8a3 elementor-widget elementor-widget-heading\" data-id=\"941a8a3\" data-element_type=\"widget\" data-widget_type=\"heading.default\"><div class=\"elementor-widget-container\"><section class=\"elementor-section elementor-top-section elementor-element elementor-element-785fc72 elementor-section-boxed elementor-section-height-default elementor-section-height-default\" data-id=\"785fc72\" data-element_type=\"section\" data-settings=\"{&quot;background_background&quot;:&quot;classic&quot;}\"><div class=\"elementor-container elementor-column-gap-default\"><div class=\"elementor-row\"><div class=\"aux-parallax-section elementor-column elementor-col-100 elementor-top-column elementor-element elementor-element-9a5dd96\" data-id=\"9a5dd96\" data-element_type=\"column\"><div class=\"elementor-column-wrap elementor-element-populated\"><div class=\"elementor-widget-wrap\"><div class=\"elementor-element elementor-element-8f0e027 elementor-widget elementor-widget-text-editor\" data-id=\"8f0e027\" data-element_type=\"widget\" data-widget_type=\"text-editor.default\"><div class=\"elementor-widget-container\"><div class=\"elementor-text-editor elementor-clearfix\"><div class=\"elementor-element elementor-element-31fb47b elementor-widget elementor-widget-heading\" data-id=\"31fb47b\" data-element_type=\"widget\" data-widget_type=\"heading.default\"><h2 class=\"elementor-widget-container\"><strong>HVEM VI ER<\/strong><\/h2><\/div><div class=\"elementor-element elementor-element-00e2d22 elementor-widget elementor-widget-text-editor\" data-id=\"00e2d22\" data-element_type=\"widget\" data-widget_type=\"text-editor.default\"><div class=\"elementor-widget-container\"><p>Vores hackere er professionelle, erfarne, ekstraordin\u00e6re og ekstremt talentfulde. De fleste af vores etiske cybereksperter har arbejdet i mere end 15 \u00e5r for forskellige kunder og agenturer inden for penetration af sociale medier, inddrivelse af midler fra fuphjemmesider eller -virksomheder, krypto- eller Bitcoin-investeringer og datastyring, og de fleste, hvis ikke alle, har kendskab til at arbejde for virksomheder, der udformer forskellige sikkerhedsops\u00e6tninger til forskellige applikationer. At have arbejdet for s\u00e5danne virksomheder giver vores professionelle hackere en fordel og en hel indsigt i, hvordan sikkerhed fungerer for forskellige applikationer.<\/p><\/div><\/div><div class=\"elementor-element elementor-element-e91462c elementor-widget elementor-widget-heading\" data-id=\"e91462c\" data-element_type=\"widget\" data-widget_type=\"heading.default\"><div class=\"elementor-widget-container\"><h2 class=\"elementor-heading-title elementor-size-default\"><strong>HVAD VI G\u00d8R<\/strong><\/h2><\/div><\/div><div class=\"elementor-element elementor-element-b8ebb04 elementor-widget elementor-widget-text-editor\" data-id=\"b8ebb04\" data-element_type=\"widget\" data-widget_type=\"text-editor.default\"><div class=\"elementor-widget-container\"><p>Vi er professionelle inden for alle omr\u00e5der. Vi er specialister i telefonoverv\u00e5gning og leverer komplette telefonoverv\u00e5gningstjenester til vores kunder, der regelm\u00e6ssigt har brug for det til deres b\u00f8rn eller situationer som en mist\u00e6nkt utro \u00e6gtef\u00e6lle eller forretningspartnere osv. Det er dog ikke det eneste, vi g\u00f8r, s\u00e5 udfyld blot vores kontaktformular, s\u00e5 kan vi diskutere dine behov og finde en passende l\u00f8sning til dig.<\/p><div class=\"d-flex flex-column text-left mb-5\"><h2 class=\"text-primary mb-3\"><strong>HACKER TIL LEJE<\/strong><\/h2><p>Ans\u00e6t vores hackere, der er dedikeret til ekspertise. Der er situationer, n\u00e5r du overvejer at ans\u00e6tte en nybegynder; du venter dog p\u00e5 at f\u00e5 fat i en hacker. T\u00f8v ikke med at kontakte os, s\u00e5 kan vi give dig en specifik lejehackerservice. Nedenfor er et par af de hotteste udbydere af hacker til leje. <span class=\"tagify__tag-text\" contenteditable=\"true\">Ans\u00e6t en hacker<\/span>.<\/p><h3>Hvor meget koster det at hyre en hacker?<\/h3><p>Omkostningerne ved at hyre en hacker kan variere meget afh\u00e6ngigt af den type arbejde, du har brug for, hackerens ekspertiseniveau og den tid, der er n\u00f8dvendig for at fuldf\u00f8re opgaven. At hyre en hacker kan koste alt fra nogle f\u00e5 til tusindvis af dollars.<\/p><p>Du spekulerer m\u00e5ske p\u00e5, om det er ulovligt at hyre en hacker. Ja, det er vigtigt at bem\u00e6rke, at det er ulovligt at hyre en hacker i de fleste lande, og at det kan have alvorlige juridiske konsekvenser.<\/p><div class=\"elementor-element elementor-element-37d1814 elementor-widget elementor-widget-heading\" data-id=\"37d1814\" data-element_type=\"widget\" data-widget_type=\"heading.default\"><div class=\"elementor-widget-container\"><h2 class=\"elementor-heading-title elementor-size-default\">Vores hacking-tjenester<\/h2><\/div><\/div><div class=\"elementor-element elementor-element-856d723 elementor-widget elementor-widget-text-editor\" data-id=\"856d723\" data-element_type=\"widget\" data-widget_type=\"text-editor.default\"><div class=\"elementor-widget-container\"><ol><li>Overv\u00e5gning af mobiltelefoner<\/li><li>Cyber-eksperter p\u00e5 sociale medier<\/li><li>Penetrationstest af hjemmesider\u00a0<\/li><li>Unders\u00f8gelse af utro partner\/\u00e6gtef\u00e6lle<\/li><li>Overv\u00e5gning af computere i skyen\u00a0<\/li><li>Tilbagef\u00f8rsel af bankoverf\u00f8rsel\u00a0<\/li><li>Bedrageri Bitcoin Investeringsmidler Genopretning\u00a0<\/li><\/ol><\/div><\/div><\/div><\/div><\/div><\/div><\/div><\/div><\/div><\/div><\/div><\/div><\/div><\/section><\/div><\/div>\t\t\t\t\t\t\t\t<\/div>\n\t\t\t\t<\/div>\n\t\t\t\t\t<\/div>\n\t\t<\/div>\n\t\t\t\t\t<\/div>\n\t\t<\/section>\n\t\t\t\t<\/div>","protected":false},"excerpt":{"rendered":"<p>HIRE A HACKER Hire A Hacker Online | Rent A Hacker | Hacker For Hire Hire a Hacker Who is Honest and Dedicated To Fulfilling the Hacking Service Assigned. Assured Hacking Service Results. Our hackers for hire are honest, dedicated, and passionate about their work, they can cross any level of hacking to get success [&hellip;]<\/p>","protected":false},"author":1,"featured_media":0,"parent":0,"menu_order":0,"comment_status":"open","ping_status":"closed","template":"builder-ready.php","meta":{"footnotes":""},"class_list":["post-40","page","type-page","status-publish","hentry"],"_links":{"self":[{"href":"https:\/\/rentahacker.io\/da\/wp-json\/wp\/v2\/pages\/40","targetHints":{"allow":["GET"]}}],"collection":[{"href":"https:\/\/rentahacker.io\/da\/wp-json\/wp\/v2\/pages"}],"about":[{"href":"https:\/\/rentahacker.io\/da\/wp-json\/wp\/v2\/types\/page"}],"author":[{"embeddable":true,"href":"https:\/\/rentahacker.io\/da\/wp-json\/wp\/v2\/users\/1"}],"replies":[{"embeddable":true,"href":"https:\/\/rentahacker.io\/da\/wp-json\/wp\/v2\/comments?post=40"}],"version-history":[{"count":114,"href":"https:\/\/rentahacker.io\/da\/wp-json\/wp\/v2\/pages\/40\/revisions"}],"predecessor-version":[{"id":5942,"href":"https:\/\/rentahacker.io\/da\/wp-json\/wp\/v2\/pages\/40\/revisions\/5942"}],"wp:attachment":[{"href":"https:\/\/rentahacker.io\/da\/wp-json\/wp\/v2\/media?parent=40"}],"curies":[{"name":"wp","href":"https:\/\/api.w.org\/{rel}","templated":true}]}}