{"id":3,"date":"2022-09-30T13:36:44","date_gmt":"2022-09-30T13:36:44","guid":{"rendered":"https:\/\/buylegitpassport.com\/?page_id=3"},"modified":"2025-09-27T06:29:37","modified_gmt":"2025-09-27T06:29:37","slug":"professionelle-hackere-til-leje","status":"publish","type":"page","link":"https:\/\/rentahacker.io\/da\/professionelle-hackere-til-leje\/","title":{"rendered":"Politik for beskyttelse af personlige oplysninger"},"content":{"rendered":"<div data-elementor-type=\"wp-page\" data-elementor-id=\"3\" class=\"elementor elementor-3\">\n\t\t\t\t\t\t<section class=\"elementor-section elementor-top-section elementor-element elementor-element-21ed0537 elementor-section-boxed elementor-section-height-default elementor-section-height-default default-style\" data-id=\"21ed0537\" data-element_type=\"section\" data-settings=\"{&quot;rt_color_sets&quot;:&quot;default-style&quot;}\">\n\t\t\t\t\t\t<div class=\"elementor-container elementor-column-gap-default\">\n\t\t\t\t\t<div class=\"elementor-column elementor-col-100 elementor-top-column elementor-element elementor-element-320524c5\" data-id=\"320524c5\" data-element_type=\"column\">\n\t\t\t<div class=\"elementor-widget-wrap elementor-element-populated\">\n\t\t\t\t\t\t<div class=\"elementor-element elementor-element-15f4f884 elementor-widget elementor-widget-text-editor\" data-id=\"15f4f884\" data-element_type=\"widget\" data-widget_type=\"text-editor.default\">\n\t\t\t\t<div class=\"elementor-widget-container\">\n\t\t\t\t\t\t\t\t\t<h2>Professionelle hackere til leje<\/h2>\n<p><!-- \/wp:heading --><!-- wp:paragraph --><\/p>\n<div data-id=\"45a8c67\" data-element_type=\"widget\" data-widget_type=\"text-editor.default\">\n<div>\n<div data-id=\"68dc6d6\" data-element_type=\"widget\" data-widget_type=\"text-editor.default\">\n<div>\n<div>\n<div>\n<p>\u00a9 <strong>Lej en hacker<\/strong>\u00a0tjenester vil lede dig igennem og overv\u00e5ge hele processen med at finde, ans\u00e6tte, forklare, forhandle og betale dark web-hackere. Professionelle hackere til leje.<br \/>Da vi er mellemmanden, har du aldrig direkte kontakt med hackeren, hverken administrativt eller \u00f8konomisk; der er ikke noget link, der kan spores tilbage til dig. Certificerede etiske hackere<a href=\"https:\/\/duckduckgo.com\/\" target=\"_blank\" rel=\"noopener\">.<\/a> <span contenteditable=\"true\">Professionelle hackere til leje.<\/span><\/p>\n<h3><span contenteditable=\"true\">Find professionelle hackere<\/span><\/h3>\n<p>Det giver dig et lag af beskyttelse, der sk\u00e6rmer dig mod enhver form for retsh\u00e5ndh\u00e6velse, m\u00e5let selv og ja, selv dark web-hackeren, der aldrig kender den oprindelige kundes identitet. At arbejde gennem en handler er den sikreste m\u00e5de at hyre skyggearbejde p\u00e5 i dag. Ans\u00e6t en etisk hacker. Lej en hacker.<\/p>\n<p>Du kan v\u00e6re sikker p\u00e5, at du som vores kunde altid vil v\u00e6re i fuld sikkerhed og forblive anonym. Vi forsikrer dig om, at jobbet bliver udf\u00f8rt til tiden og korrekt, at pengene bliver overf\u00f8rt uden problemer, og at alt bliver udf\u00f8rt p\u00e5 den m\u00e5de, der oprindeligt blev aftalt. S\u00e5dan hyrer du en <a href=\"https:\/\/rentahacker.io\/da\/\">Etisk hacker<\/a> online. Lej en hacker.<\/p>\n<h3>R\u00e5dgivning om erstatningskrav og inddrivelse af aktiver<\/h3>\n<p>Vores eksperter i kommercielle retssager kan hj\u00e6lpe enkeltpersoner og virksomheder, der mener, at de har v\u00e6ret ofre for svindel, med at inddrive aktiver, der er g\u00e5et tabt som f\u00f8lge af svindlen, b\u00e5de i ind- og udland. Vi repr\u00e6senterer ogs\u00e5 kunder, der er anklaget for bedrageri, og sikrer, at deres aktiver og rettigheder beskyttes under en juridisk konflikt. Kontakt os for at f\u00e5 hj\u00e6lp til ethvert element af inddrivelse af aktiver. De bedste hackere til leje i USA.<\/p>\n<h4>Vores filosofi<\/h4>\n<p>Vi beskytter dig mod cybersvindel og \u00f8konomiske tab. Vores eksperter i kommercielle retssager kan hj\u00e6lpe enkeltpersoner og virksomheder, der mener, at de har v\u00e6ret ofre for svindel, med at inddrive aktiver, der er g\u00e5et tabt som f\u00f8lge af svindlen, b\u00e5de herhjemme og i udlandet. <span contenteditable=\"true\">Lej en professionel hacker. P<\/span><span contenteditable=\"true\">rofessionelle hackere til leje.<\/span><\/p>\n<div id=\"attachment_5018\" style=\"width: 310px\" class=\"wp-caption aligncenter\"><img fetchpriority=\"high\" decoding=\"async\" aria-describedby=\"caption-attachment-5018\" src=\"https:\/\/hireonlinehackers.com\/wp-content\/uploads\/2023\/09\/traxer-No9sjMu5zpA-unsplash-1-300x200.jpg\" alt=\"Professionelle hackere til leje\" width=\"300\" height=\"200\" \/><p id=\"caption-attachment-5018\" class=\"wp-caption-text\">Professionelle hackere til leje<\/p><\/div>\n<h4>Vores m\u00e5l?<\/h4>\n<p>Lej en hacker. Vores m\u00e5l er enkelt: Vi samarbejder med dig om at f\u00e5 dine penge tilbage s\u00e5 hurtigt som muligt ved hj\u00e6lp af avancerede algoritmer og strategiske m\u00e5der at hj\u00e6lpe os med at inddrive dine tab p\u00e5. Overvej at kontakte os i dag for at diskutere dit krav. <span contenteditable=\"true\">Professionelle hackere til leje.<\/span><\/p>\n<p>\u00a0<\/p>\n<h3>Professionelle hackere arbejder sammen om at yde den bedst mulige service til vores kunder.<\/h3>\n<p>For at give dig den bedste og mest uovertrufne hacking-service bruger vores team af eksperthackere den mest avancerede teknologi. Som en professionel hacker til leje-organisation forsyner vi vores kunder med de bedste certificerede etiske hackere, der findes, samt dygtighed og den st\u00f8rste hemmeligholdelse og fortrolighed.<br \/>Vi arbejder h\u00e5rdt p\u00e5 at forst\u00e5 dine behov og udvikle l\u00f8sninger, der opfylder dem. For at udvikle nye m\u00e5der at komme ind i databaser og netv\u00e6rk p\u00e5, forbedrer vi regelm\u00e6ssigt vores angrebsv\u00e6rkt\u00f8jer, strategier og tilgange.<\/p>\n<p><img decoding=\"async\" data-src=\"https:\/\/hireonlinehackers.com\/wp-content\/uploads\/2023\/01\/5-star-300x158.jpg\" alt=\"Professionelle hacker-tjenester til leje\" width=\"66\" height=\"35\" src=\"data:image\/svg+xml;base64,PHN2ZyB3aWR0aD0iMSIgaGVpZ2h0PSIxIiB4bWxucz0iaHR0cDovL3d3dy53My5vcmcvMjAwMC9zdmciPjwvc3ZnPg==\" class=\"lazyload\" style=\"--smush-placeholder-width: 66px; --smush-placeholder-aspect-ratio: 66\/35;\" \/><\/p>\n<h3>Hyr en professionel hacker<\/h3>\n<p>Lej en hacker med cyber spy Hacking Services, som er den bedste l\u00f8sning til mobile spy-tjenester og internetsikkerhed. Din adgang vil v\u00e6re sikker og anonym med lej en hacker-tjeneste. Lej en hacker.<\/p>\n<p>Med de bedste professionelle hackere leverer vi den bedste telefonspionagetjeneste. Vores professionelle hackere er uddannet med meget professionelle seniorhackere, der har et meget h\u00f8jt etisk niveau.<\/p>\n<p>Alle telefonhackere er specialister og har omfattende praktisk erfaring med avancerede tr\u00e6ningskurser.<br \/>Du er velkommen til at leje en hacker. <span contenteditable=\"true\">P<\/span><span contenteditable=\"true\">rofessionelle hackere til leje.<\/span><\/p>\n<p>Over en million for\u00e6ldre og mennesker hyrer hackere til at beskytte deres forhold. Du kan spore placeringer, opkald, beskeder, logfiler, keylogger, sociale medier og meget mere. Det er webbaseret og 100% trygt og sikkert. Hacking er ulovligt. Men etisk hacking er accepteret. I dag er der brug for sikkerhed mod cyberangreb, s\u00e5 her er vi tilg\u00e6ngelige for at l\u00f8se dine problemer med rigtige hackere.<\/p>\n<h4>Lej en hacker til telefonspionage<\/h4>\n<p>Vi er et team af de mest professionelle etiske hackere, der leverer den bedste telefonhacking-service til dig. En af de sv\u00e6reste situationer i livet er, n\u00e5r nogen bryder tilliden.  N\u00e5r en \u00e6gtef\u00e6lle snyder i l\u00f8bet af forholdet, er det sv\u00e6rt at forts\u00e6tte. De bedste hackere til leje p\u00e5 internettet. <span contenteditable=\"true\">P<\/span><span contenteditable=\"true\">rofessionelle hackere til leje.<\/span><\/p>\n<h4>Lej en professionel hacker<\/h4>\n<p>Her kommer vi med vores telefonspionagetjeneste. Du kan nemt hyre en hacker og holde \u00f8je med din partners aktiviteter. P\u00e5 den m\u00e5de kan du samle tilstr\u00e6kkelige beviser til at rapportere en s\u00e5dan situation til venner, familiemedlemmer eller retten for at f\u00e5 en \u00e6ndring. Vi tror altid p\u00e5 gennemsigtighed, s\u00e5 alle vores tjenester leveres med pengene-tilbage-sikkerhed. N\u00e5r som helst, hvis du ikke f\u00e5r tjenesten, refunderer vi hele betalingen. Dette bygger vores lange forhold.<\/p>\n<h3>Professionelle hacker-tjenester til leje<\/h3>\n<div><a href=\"https:\/\/rentahacker.io\/da\/\">Lej en hacker<\/a> er den f\u00f8rende organisation af Hire Ethical Hackers med top dygtige hackere. Vi er veluddannede, certificerede og dygtige hackere! Vi er i stand til at opfylde vores garantier for at levere de bedste hacker-til-leje-tjenester! <br \/>Vi tilbyder den mest kompetente hackerudlejning. Det er nemt for etiske hacking-tjenester.  Husk, at der ikke er noget galt i at anmode om hackere til udlejning! Hvis du har brug for at f\u00e5 noget opn\u00e5et, skal du tr\u00e6de op og anmode om det ...<\/div>\n<div>\n<h3>\u00a0<\/h3>\n<\/div>\n<div>\n<h3>De bedste hackere til udlejning<\/h3>\n<p>Silent infiltrators er professionelle hackere, der konsekvent er parate til at tjene dig til enhver tid. Vi er de mest mennesker, der har tillid til telefonspion til leje, der leverer dygtige hackerudlejningstjenester. Som den prim\u00e6re etiske hacker til lejeorganisationer globalt giver vi fremragende evne til at f\u00e5 enhver information p\u00e5 internettet. Penetrationstest og overv\u00e5gningstjeneste til etisk hacking-service. <span contenteditable=\"true\">P<\/span><span contenteditable=\"true\">rofessionelle hackere til leje.<\/span><\/p>\n<p>Vi har en verdensomsp\u00e6ndende ekspertgruppe af certificerede hackere, som er specialister inden for ekstraordin\u00e6re hackingomr\u00e5der. Du kan uden tvivl udf\u00f8re etisk hacking online ved at kontakte os, og en professionel hacker fra vores dygtige og uddannede hackerteam vil f\u00e5 til opgave at f\u00e5 dit arbejde udf\u00f8rt inden for en kort periode.<\/p>\n<p>De bedste evner til at hacke sig ind i computere, hacke universitetskarakterer. <span contenteditable=\"true\">Ans\u00e6t en professionel hacker.<\/span><\/p>\n<h4>Hvordan ans\u00e6tter man en dark web-hacker?<\/h4>\n<p>Vores cybersikkerhedsekspert kan give dig etisk hacking, dark web-tjenester<a href=\"https:\/\/www.bing.com\/\" target=\"_blank\" rel=\"noopener\">,<\/a> og grey hat-hackere, som du nemt kan hyre. <span contenteditable=\"true\">P<\/span><span contenteditable=\"true\">rofessionelle hackere til leje.<\/span><\/p>\n<p>Hvis du \u00f8nsker at hyre en ekspert i gr\u00e5 hat-hacking. Du kan finde en p\u00e5lidelig til dine hackingbehov, f\u00f8rst skal du indse, hvor du skal lede og finde en certificeret etisk hacker.<\/p>\n<p>Der er mange hackerorganisationer, som ikke investerer den ekstra energi, de burde bruge p\u00e5 at hyre en hacker i n\u00e6rheden af mig for at opfylde kundernes forventninger. <span contenteditable=\"true\">Ans\u00e6t en professionel hacker.<\/span><\/p>\n<p>Nogle personer tror, at de kan hyre en hacker i n\u00e6rheden af dem for ingenting ved at g\u00e5 gennem en privat agent. Det er ikke anbefalelsesv\u00e6rdigt, fordi gebyrerne er enorme og kan afledes, hvis det g\u00f8res af en dygtig person.<\/p>\n<\/div>\n<\/div>\n<\/div>\n<\/div>\n<\/div>\n<p><img decoding=\"async\" data-src=\"https:\/\/hireonlinehackers.com\/wp-content\/uploads\/2023\/01\/5-star-300x158.jpg\" alt=\"Professionelle hacker-tjenester til leje\" width=\"36\" height=\"19\" src=\"data:image\/svg+xml;base64,PHN2ZyB3aWR0aD0iMSIgaGVpZ2h0PSIxIiB4bWxucz0iaHR0cDovL3d3dy53My5vcmcvMjAwMC9zdmciPjwvc3ZnPg==\" class=\"lazyload\" style=\"--smush-placeholder-width: 36px; --smush-placeholder-aspect-ratio: 36\/19;\" \/><\/p>\n<\/div>\n<\/div>\n<p><!-- \/wp:paragraph --><!-- wp:heading --><!-- \/wp:paragraph --><\/p>\t\t\t\t\t\t\t\t<\/div>\n\t\t\t\t<\/div>\n\t\t\t\t\t<\/div>\n\t\t<\/div>\n\t\t\t\t\t<\/div>\n\t\t<\/section>\n\t\t\t\t<section class=\"elementor-section elementor-top-section elementor-element elementor-element-da4e662 elementor-section-boxed elementor-section-height-default elementor-section-height-default default-style\" data-id=\"da4e662\" data-element_type=\"section\" data-settings=\"{&quot;rt_color_sets&quot;:&quot;default-style&quot;}\">\n\t\t\t\t\t\t<div class=\"elementor-container elementor-column-gap-default\">\n\t\t\t\t\t<div class=\"elementor-column elementor-col-50 elementor-top-column elementor-element elementor-element-db924fe\" data-id=\"db924fe\" data-element_type=\"column\">\n\t\t\t<div class=\"elementor-widget-wrap elementor-element-populated\">\n\t\t\t\t\t\t<div class=\"elementor-element elementor-element-0485719 elementor-widget elementor-widget-image\" data-id=\"0485719\" data-element_type=\"widget\" data-widget_type=\"image.default\">\n\t\t\t\t<div class=\"elementor-widget-container\">\n\t\t\t\t\t\t\t\t\t\t\t\t\t\t\t<img decoding=\"async\" width=\"768\" height=\"288\" data-src=\"https:\/\/rentahacker.io\/wp-content\/uploads\/2022\/11\/Buy-Registered-Documents.jpg\" class=\"attachment-large size-large wp-image-4545 lazyload\" alt=\"Ans\u00e6t dark web-hackere\" data-srcset=\"https:\/\/rentahacker.io\/wp-content\/uploads\/2022\/11\/Buy-Registered-Documents.jpg 768w, https:\/\/rentahacker.io\/wp-content\/uploads\/2022\/11\/Buy-Registered-Documents-300x113.jpg 300w, https:\/\/rentahacker.io\/wp-content\/uploads\/2022\/11\/Buy-Registered-Documents-600x225.jpg 600w\" data-sizes=\"(max-width: 768px) 100vw, 768px\" src=\"data:image\/svg+xml;base64,PHN2ZyB3aWR0aD0iMSIgaGVpZ2h0PSIxIiB4bWxucz0iaHR0cDovL3d3dy53My5vcmcvMjAwMC9zdmciPjwvc3ZnPg==\" style=\"--smush-placeholder-width: 768px; --smush-placeholder-aspect-ratio: 768\/288;\" \/>\t\t\t\t\t\t\t\t\t\t\t\t\t\t\t<\/div>\n\t\t\t\t<\/div>\n\t\t\t\t\t<\/div>\n\t\t<\/div>\n\t\t\t\t<div class=\"elementor-column elementor-col-50 elementor-top-column elementor-element elementor-element-bff131d\" data-id=\"bff131d\" data-element_type=\"column\">\n\t\t\t<div class=\"elementor-widget-wrap elementor-element-populated\">\n\t\t\t\t\t\t<div class=\"elementor-element elementor-element-db6bcbe elementor-widget elementor-widget-heading\" data-id=\"db6bcbe\" data-element_type=\"widget\" data-widget_type=\"heading.default\">\n\t\t\t\t<div class=\"elementor-widget-container\">\n\t\t\t\t\t<h2 class=\"elementor-heading-title elementor-size-default\"><span class=\"tagify__tag-text\">Ans\u00e6t dark web-hackere<\/span><\/h2>\t\t\t\t<\/div>\n\t\t\t\t<\/div>\n\t\t\t\t\t<\/div>\n\t\t<\/div>\n\t\t\t\t\t<\/div>\n\t\t<\/section>\n\t\t\t\t<\/div>","protected":false},"excerpt":{"rendered":"<p>Professionelle hackere til leje \u00a9 Rent A Hacker-tjenester f\u00f8rer dig gennem og overv\u00e5ger hele processen med at finde, ans\u00e6tte, forklare, forhandle og betale m\u00f8rke webhackere. Professionelle hackere til leje Da vi er mellemmanden, interagerer du aldrig direkte med hackeren, hverken administrativt eller \u00f8konomisk; der er ikke noget link, der kan spores tilbage til dig. Certificeret [...]<\/p>","protected":false},"author":1,"featured_media":4993,"parent":0,"menu_order":0,"comment_status":"closed","ping_status":"open","template":"","meta":{"footnotes":""},"class_list":["post-3","page","type-page","status-publish","has-post-thumbnail","hentry"],"_links":{"self":[{"href":"https:\/\/rentahacker.io\/da\/wp-json\/wp\/v2\/pages\/3","targetHints":{"allow":["GET"]}}],"collection":[{"href":"https:\/\/rentahacker.io\/da\/wp-json\/wp\/v2\/pages"}],"about":[{"href":"https:\/\/rentahacker.io\/da\/wp-json\/wp\/v2\/types\/page"}],"author":[{"embeddable":true,"href":"https:\/\/rentahacker.io\/da\/wp-json\/wp\/v2\/users\/1"}],"replies":[{"embeddable":true,"href":"https:\/\/rentahacker.io\/da\/wp-json\/wp\/v2\/comments?post=3"}],"version-history":[{"count":61,"href":"https:\/\/rentahacker.io\/da\/wp-json\/wp\/v2\/pages\/3\/revisions"}],"predecessor-version":[{"id":5807,"href":"https:\/\/rentahacker.io\/da\/wp-json\/wp\/v2\/pages\/3\/revisions\/5807"}],"wp:featuredmedia":[{"embeddable":true,"href":"https:\/\/rentahacker.io\/da\/wp-json\/wp\/v2\/media\/4993"}],"wp:attachment":[{"href":"https:\/\/rentahacker.io\/da\/wp-json\/wp\/v2\/media?parent=3"}],"curies":[{"name":"wp","href":"https:\/\/api.w.org\/{rel}","templated":true}]}}