{"id":5840,"date":"2025-09-27T14:54:20","date_gmt":"2025-09-27T14:54:20","guid":{"rendered":"https:\/\/rentahacker.io\/?page_id=5840"},"modified":"2025-09-27T15:03:46","modified_gmt":"2025-09-27T15:03:46","slug":"hacker-pronajmu-uctu-na-socialnich-sitich","status":"publish","type":"page","link":"https:\/\/rentahacker.io\/cs\/hacker-pronajmu-uctu-na-socialnich-sitich\/","title":{"rendered":"Pron\u00e1jem Social Media Hacker"},"content":{"rendered":"<div data-elementor-type=\"wp-page\" data-elementor-id=\"5840\" class=\"elementor elementor-5840\">\n\t\t\t\t\t\t<section class=\"elementor-section elementor-top-section elementor-element elementor-element-21ed0537 elementor-section-boxed elementor-section-height-default elementor-section-height-default default-style\" data-id=\"21ed0537\" data-element_type=\"section\" data-settings=\"{&quot;rt_color_sets&quot;:&quot;default-style&quot;}\">\n\t\t\t\t\t\t<div class=\"elementor-container elementor-column-gap-default\">\n\t\t\t\t\t<div class=\"elementor-column elementor-col-100 elementor-top-column elementor-element elementor-element-320524c5\" data-id=\"320524c5\" data-element_type=\"column\">\n\t\t\t<div class=\"elementor-widget-wrap elementor-element-populated\">\n\t\t\t\t\t\t<div class=\"elementor-element elementor-element-15f4f884 elementor-widget elementor-widget-text-editor\" data-id=\"15f4f884\" data-element_type=\"widget\" data-widget_type=\"text-editor.default\">\n\t\t\t\t<div class=\"elementor-widget-container\">\n\t\t\t\t\t\t\t\t\t<h2>Pron\u00e1jem \u00fa\u010dtu soci\u00e1ln\u00edch m\u00e9di\u00ed Hacker<\/h2>\n<p>Dok\u00e1\u017eete si p\u0159edstavit, jakou moc m\u00e1 p\u0159\u00edstup k n\u011b\u010d\u00edm \u00fa\u010dt\u016fm na soci\u00e1ln\u00edch s\u00edt\u00edch? Co kdybyste mohli z\u00edskat cenn\u00e9 informace, odhalit skryt\u00e1 tajemstv\u00ed nebo se dokonce ochr\u00e1nit p\u0159ed potenci\u00e1ln\u00edmi hrozbami? V dne\u0161n\u00ed digit\u00e1ln\u00ed dob\u011b, kdy soci\u00e1ln\u00ed m\u00e9dia hraj\u00ed v na\u0161ich \u017eivotech kl\u00ed\u010dovou roli, je nezbytn\u00e9 si uv\u011bdomit v\u00fdznam ochrany na\u0161\u00ed online p\u0159\u00edtomnosti. P\u0159em\u00fd\u0161leli jste tedy n\u011bkdy o tom, zda existuje zp\u016fsob, jak si najmout hackera pro hackov\u00e1n\u00ed soci\u00e1ln\u00edch m\u00e9di\u00ed? Tak to se pr\u00e1v\u011b dozv\u00edte! Pronajm\u011bte si hackera \u00fa\u010dt\u016f na soci\u00e1ln\u00edch s\u00edt\u00edch.<\/p>\n<div>\n<div data-id=\"97ea71a\" data-element_type=\"widget\" data-widget_type=\"text-editor.default\">\n<p>Naj\u00edm\u00e1n\u00ed profesion\u00e1l\u016f <a href=\"https:\/\/criminalminds.fandom.com\/wiki\/Hacker\" target=\"_blank\" rel=\"noopener\">hacker<\/a> v\u00e1m m\u016f\u017ee poskytnout odborn\u00e9 znalosti a n\u00e1stroje pot\u0159ebn\u00e9 pro p\u0159\u00edstup k \u00fa\u010dt\u016fm soci\u00e1ln\u00edch m\u00e9di\u00ed a jejich zabezpe\u010den\u00ed. Tito kvalifikovan\u00ed pracovn\u00edci maj\u00ed znalosti a zku\u0161enosti, kter\u00e9 jim umo\u017e\u0148uj\u00ed proch\u00e1zet slo\u017eit\u00fdmi bezpe\u010dnostn\u00edmi syst\u00e9my platforem, jako jsou Facebook, Twitter, Instagram a dal\u0161\u00ed. S jejich pomoc\u00ed m\u016f\u017eete z\u00edskat p\u0159\u00edstup k c\u00edlov\u00e9mu \u00fa\u010dtu, obnovit napaden\u00fd profil nebo dokonce z\u00edskat zp\u011bt cenn\u00e1 data, kter\u00e1 mohla b\u00fdt ztracena nebo smaz\u00e1na. Sv\u011bt hackingu soci\u00e1ln\u00edch m\u00e9di\u00ed je fascinuj\u00edc\u00ed oblast\u00ed a najmut\u00ed hackera m\u016f\u017ee odemknout nep\u0159ebern\u00e9 mno\u017estv\u00ed mo\u017enost\u00ed. P\u016fj\u010dte si knihu Social Media Account Hacker.<\/p>\n<\/div>\n<div data-id=\"97ea71a\" data-element_type=\"widget\" data-widget_type=\"text-editor.default\">\n<p>Hackersk\u00e9 \u00fatoky na soci\u00e1ln\u00ed s\u00edt\u011b mohou m\u00edt z\u00e1va\u017en\u00e9 d\u016fsledky pro jednotlivce i firmy. M\u016f\u017ee v\u00e9st ke kr\u00e1de\u017ei identity, naru\u0161en\u00ed soukrom\u00ed, po\u0161kozen\u00ed pov\u011bsti a finan\u010dn\u00edm ztr\u00e1t\u00e1m. Hacke\u0159i mohou zneu\u017e\u00edt osobn\u00ed \u00fadaje, zve\u0159ejnit \u0161kodliv\u00fd obsah nebo se zapojit do podvodn\u00fdch aktivit, co\u017e m\u016f\u017ee majiteli \u00fa\u010dtu zp\u016fsobit zna\u010dnou \u0161kodu. Naj\u00edm\u00e1n\u00ed hacker\u016f pro soci\u00e1ln\u00ed m\u00e9dia<\/p>\n<\/div>\n<div data-id=\"97ea71a\" data-element_type=\"widget\" data-widget_type=\"text-editor.default\">\n<p>Chcete-li zabezpe\u010dit sv\u00e9 \u00fa\u010dty na soci\u00e1ln\u00edch s\u00edt\u00edch a chr\u00e1nit se p\u0159ed potenci\u00e1ln\u00edmi hrozbami, m\u016f\u017ee b\u00fdt rozumnou volbou najmout si profesion\u00e1ln\u00edho hackera. Tito odborn\u00edci maj\u00ed pot\u0159ebn\u00e9 dovednosti a znalosti k identifikaci zraniteln\u00fdch m\u00edst, zabezpe\u010den\u00ed va\u0161ich \u00fa\u010dt\u016f a poskytnut\u00ed cenn\u00fdch \u0159e\u0161en\u00ed v p\u0159\u00edpad\u011b naru\u0161en\u00ed bezpe\u010dnosti. Najm\u011bte si hackery soci\u00e1ln\u00edch m\u00e9di\u00ed. Pronajm\u011bte si hackera \u00fa\u010dt\u016f soci\u00e1ln\u00edch m\u00e9di\u00ed.<\/p>\n<\/div>\n<div data-id=\"97ea71a\" data-element_type=\"widget\" data-widget_type=\"text-editor.default\">\n<p>Naj\u00edm\u00e1n\u00edm profesion\u00e1l\u016f, jako je <a href=\"https:\/\/rentahacker.io\/cs\/\">Pron\u00e1jem hackera<\/a> pro soci\u00e1ln\u00ed m\u00e9dia hacking slu\u017eby, z\u00edsk\u00e1te \u0159adu v\u00fdhod. Mezi n\u011b pat\u0159\u00ed:<\/p>\n<article>\n<div>\n<h3>SOCI\u00c1LN\u00cd M\u00c9DIA HACKERY ONLINE | NAJMOUT SOCI\u00c1LN\u00cd M\u00c9DIA \u00da\u010cTY HACKER | FACEBOOK HESLO HACKERSK\u00c9 SLU\u017dBY | SNAPCHAT HESLO HACKERY | TIKTOK HACKERY ONLINE<\/h3>\n<h3>PRON\u00c1JEM HACKER\u016e SOCI\u00c1LN\u00cdCH M\u00c9DI\u00cd | DARKWEB HACKERS<\/h3>\n<p>Cht\u011bli jste n\u011bkdy v\u011bd\u011bt, o \u010dem se bav\u00ed va\u0161i p\u0159\u00e1tel\u00e9 na soci\u00e1ln\u00edch s\u00edt\u00edch, jako je Instagram, Facebook, Pinterest nebo Twitter? Se spr\u00e1vn\u00fdmi n\u00e1stroji je to mo\u017en\u00e9! probereme nejen to, jak \u0161pehovat n\u011b\u010d\u00ed \u00fa\u010dty na soci\u00e1ln\u00edch s\u00edt\u00edch, ale tak\u00e9 v\u00e1m poskytneme seznam n\u011bkter\u00fdch nejlep\u0161\u00edch a nej\u00fa\u010dinn\u011bj\u0161\u00edch hackersk\u00fdch program\u016f, kter\u00e9 jsou k dispozici. \u00da\u010dty soci\u00e1ln\u00edch m\u00e9di\u00ed<\/p>\n<p><strong>Co je to \u0161pehov\u00e1n\u00ed na soci\u00e1ln\u00edch s\u00edt\u00edch?<\/strong><\/p>\n<p>\u0160pehov\u00e1n\u00ed na soci\u00e1ln\u00edch s\u00edt\u00edch je sledov\u00e1n\u00ed ciz\u00edho \u00fa\u010dtu na soci\u00e1ln\u00edch s\u00edt\u00edch. To lze prov\u00e9st prost\u0159ednictv\u00edm aplikace t\u0159et\u00ed strany, kter\u00e1 v\u00e1m umo\u017en\u00ed zobrazit, co v\u00e1\u0161 c\u00edl zve\u0159ej\u0148uje online, a pomoc\u00ed jeho osobn\u00edho e-mailu. Jednou z popul\u00e1rn\u00edch str\u00e1nek, kter\u00e1 tuto slu\u017ebu nab\u00edz\u00ed, je nap\u0159.\u00a0<strong>pron\u00e1jem hackera<\/strong>\u00a0hackersk\u00e9 slu\u017eby<\/p>\n<p>M\u016f\u017eete Hack Facebook, Hack Instagram ,Twitter,\u00a0<b>TikTok\u00a0<\/b>Slu\u017eba hackov\u00e1n\u00ed telefonu a dal\u0161\u00ed \u00fa\u010dty soci\u00e1ln\u00edch m\u00e9di\u00ed.<\/p>\n<p><strong>Jak \u0161pehovat \u00fa\u010dty soci\u00e1ln\u00edch m\u00e9di\u00ed<\/strong><\/p>\n<p>Pot\u0159ebujete sledovat, co d\u011bl\u00e1 va\u0161e konkurence na soci\u00e1ln\u00edch s\u00edt\u00edch? Zaj\u00edm\u00e1 v\u00e1s, kdo o va\u0161\u00ed zna\u010dce mluv\u00ed online? Pokud ano, mo\u017en\u00e1 budete pot\u0159ebovat najmout hackera pro \u0161pehov\u00e1n\u00ed soci\u00e1ln\u00edch m\u00e9di\u00ed. Hacke\u0159i v\u00e1m mohou pomoci z\u00edskat p\u0159\u00edstup k nejr\u016fzn\u011bj\u0161\u00edm informac\u00edm z \u00fa\u010dt\u016f soci\u00e1ln\u00edch m\u00e9di\u00ed, v\u010detn\u011b hesel, p\u0159\u00edsp\u011bvk\u016f a sleduj\u00edc\u00edch. Pokud jste tedy p\u0159ipraveni z\u00edskat informace o sv\u00e9 konkurenci nebo jen chcete m\u00edt p\u0159ehled o sv\u00e9 vlastn\u00ed p\u0159\u00edtomnosti na soci\u00e1ln\u00edch s\u00edt\u00edch, ur\u010dit\u011b si je\u0161t\u011b dnes najm\u011bte hackera. \u00da\u010dty soci\u00e1ln\u00edch m\u00e9di\u00ed<\/p>\n<h4><strong>Dark Web Hacke\u0159i soci\u00e1ln\u00edch m\u00e9di\u00ed k pron\u00e1jmu<\/strong><\/h4>\n<p>Chcete se nabourat do \u00fa\u010dtu sv\u00e9ho b\u00fdval\u00e9ho na Facebooku? Nebo jen chcete v\u011bd\u011bt, co d\u011bl\u00e1. A\u0165 tak \u010di onak, pot\u0159ebujete n\u011bkoho s dovednostmi a znalostmi, kdo v\u00e1m pom\u016f\u017ee. A pr\u00e1v\u011b tady p\u0159ich\u00e1zej\u00ed na \u0159adu n\u00e1jemn\u00ed hacke\u0159i soci\u00e1ln\u00edch m\u00e9di\u00ed. Tito profesion\u00e1ln\u00ed hacke\u0159i v\u00e1m pomohou dostat se do jak\u00e9hokoli \u00fa\u010dtu bez ohledu na to, jak moc je uzam\u010den\u00fd. Jsou odborn\u00edky na obch\u00e1zen\u00ed bezpe\u010dnostn\u00edch opat\u0159en\u00ed, tak\u017ee v\u00e1m pomohou z\u00edskat p\u0159\u00edstup k jak\u00fdmkoli informac\u00edm, kter\u00e9 hled\u00e1te. Pokud tedy tou\u017e\u00edte po po\u0159\u00e1dn\u00e9 kybernetick\u00e9 \u0161pion\u00e1\u017ei, pak je pron\u00e1jem hackera rozhodn\u011b tou spr\u00e1vnou osobou pro tuto pr\u00e1ci! \u00da\u010dty na soci\u00e1ln\u00edch s\u00edt\u00edch<\/p>\n<header>\n<h2>Hackov\u00e1n\u00ed \u00fa\u010dt\u016f soci\u00e1ln\u00edch m\u00e9di\u00ed<\/h2>\n<\/header>\n<p>Pokud si n\u011bkdo chce najmout hackera ze soci\u00e1ln\u00edch s\u00edt\u00ed, je obecn\u011b lep\u0161\u00ed, kdy\u017e je to anonym. Pom\u016f\u017ee to utajit va\u0161i identitu a zajist\u00ed, \u017ee nikdo krom\u011b v\u00e1s nebude v\u011bd\u011bt, kdo za jeho slu\u017eby zaplatil, tak\u017ee se nemus\u00edte ob\u00e1vat, \u017ee budete p\u0159isti\u017eeni p\u0159i jak\u00e9mkoli nez\u00e1konn\u00e9m jedn\u00e1n\u00ed. \u00da\u010dty na soci\u00e1ln\u00edch s\u00edt\u00edch<\/p>\n<p>Kdy\u017e kontaktujete hackera, pova\u017eujte svou nab\u00eddku pr\u00e1ce za p\u0159\u00edle\u017eitost nab\u00eddnout d\u016fkladn\u00fd popis rozsahu projektu, n\u00e1klad\u016f a pot\u0159eby talent\u016f. P\u0159esto\u017ee p\u0159i n\u00e1boru zam\u011bstnance nepot\u0159ebujete vy\u010derp\u00e1vaj\u00edc\u00ed popis pr\u00e1ce, sna\u017ete se poskytnout dostatek informac\u00ed, aby dodavatel mohl ur\u010dit, zda je pro danou pozici vhodn\u00fd. \u00da\u010dty na soci\u00e1ln\u00edch s\u00edt\u00edch<\/p>\n<p>Zku\u0161en\u00e9 hackery si m\u016f\u017eete najmout na r\u016fzn\u00e9 hackersk\u00e9 slu\u017eby, v\u010detn\u011b hackov\u00e1n\u00ed telefon\u016f a soci\u00e1ln\u00edch m\u00e9di\u00ed. Krom\u011b mnoha dal\u0161\u00edch hackersk\u00fdch \u010dinnost\u00ed si m\u016f\u017eete hackery najmout tak\u00e9 na slu\u017eby jako Facebook, TikTok, WhatsApp, e-mail, Instagram a hackov\u00e1n\u00ed mobiln\u00edch telefon\u016f. Je zn\u00e1mo, \u017ee odborn\u00ed hacke\u0159i maj\u00ed kompromitovan\u00e9 \u00fa\u010dty FB, jak je z\u0159ejm\u00e9 z toho, \u017ee\u00a0<a href=\"https:\/\/www.facebook.com\/help\/1216349518398524\" target=\"_blank\" rel=\"noopener\">Centrum n\u00e1pov\u011bdy spole\u010dnosti Facebook<\/a>. Takov\u00e9 hackery si m\u016f\u017eete v mnoha p\u0159\u00edpadech pronajmout, proto\u017ee maj\u00ed znalosti a schopnosti pot\u0159ebn\u00e9 pro va\u0161e pot\u0159eby. \u00da\u010dty soci\u00e1ln\u00edch m\u00e9di\u00ed<\/p>\n<p>St\u00e1le si chcete najmout hackera pro probl\u00e9my s Facebookem nebo e-mailem? Na skryt\u00e9 wiki nejsou \u017e\u00e1dn\u00e9 odkazy na str\u00e1nky s hackery k pron\u00e1jmu pro tyto konkr\u00e9tn\u00ed slu\u017eby, ale m\u016f\u017eete j\u00edt na str\u00e1nky jako nap\u0159.\u00a0<a href=\"https:\/\/rentahacker.io\/cs\/\" target=\"_blank\" rel=\"noopener noreferrer\">rentahacker.io<\/a> naj\u00edt tu spr\u00e1vnou osobu. \u00da\u010dty na soci\u00e1ln\u00edch s\u00edt\u00edch<\/p>\n<p><img decoding=\"async\" data-src=\"https:\/\/beauty-by-world.com\/wp-content\/uploads\/2025\/06\/social-media-accounts-hacker-300x158.jpg\" alt=\"\u00da\u010cTY SOCI\u00c1LN\u00cdCH M\u00c9DI\u00cd\" width=\"300\" height=\"158\" src=\"data:image\/svg+xml;base64,PHN2ZyB3aWR0aD0iMSIgaGVpZ2h0PSIxIiB4bWxucz0iaHR0cDovL3d3dy53My5vcmcvMjAwMC9zdmciPjwvc3ZnPg==\" class=\"lazyload\" style=\"--smush-placeholder-width: 300px; --smush-placeholder-aspect-ratio: 300\/158;\" \/>Dobr\u00fd hacker si nebude \u00fa\u010dtovat \u017e\u00e1dn\u00e9 drobn\u00e9 a ti levn\u00ed se v\u00e1s budou sna\u017eit obrat o va\u0161e celo\u017eivotn\u00ed \u00faspory n\u011bjak\u00fdm podvodem. Tito lid\u00e9 nemohou poskytovat to, co lid\u00e9 cht\u011bj\u00ed, proto\u017ee jejich slu\u017eby jsou p\u0159edem p\u0159\u00edli\u0161 drah\u00e9 z hlediska \u010dasu\/pen\u00edze atd. \u00da\u010dty na soci\u00e1ln\u00edch s\u00edt\u00edch<\/p>\n<\/div>\n<\/article>\n<\/div>\n<\/div>\t\t\t\t\t\t\t\t<\/div>\n\t\t\t\t<\/div>\n\t\t\t\t\t<\/div>\n\t\t<\/div>\n\t\t\t\t\t<\/div>\n\t\t<\/section>\n\t\t\t\t<section class=\"elementor-section elementor-top-section elementor-element elementor-element-da4e662 elementor-section-boxed elementor-section-height-default elementor-section-height-default default-style\" data-id=\"da4e662\" data-element_type=\"section\" data-settings=\"{&quot;rt_color_sets&quot;:&quot;default-style&quot;}\">\n\t\t\t\t\t\t<div class=\"elementor-container elementor-column-gap-default\">\n\t\t\t\t\t<div class=\"elementor-column elementor-col-50 elementor-top-column elementor-element elementor-element-db924fe\" data-id=\"db924fe\" data-element_type=\"column\">\n\t\t\t<div class=\"elementor-widget-wrap elementor-element-populated\">\n\t\t\t\t\t\t<div class=\"elementor-element elementor-element-0485719 elementor-widget elementor-widget-image\" data-id=\"0485719\" data-element_type=\"widget\" data-widget_type=\"image.default\">\n\t\t\t\t<div class=\"elementor-widget-container\">\n\t\t\t\t\t\t\t\t\t\t\t\t\t\t\t<img fetchpriority=\"high\" decoding=\"async\" width=\"768\" height=\"288\" src=\"https:\/\/rentahacker.io\/wp-content\/uploads\/2022\/11\/Buy-Registered-Documents.jpg\" class=\"attachment-large size-large wp-image-4545\" alt=\"Pron\u00e1jem hacker\u016f z temn\u00e9ho webu\" srcset=\"https:\/\/rentahacker.io\/wp-content\/uploads\/2022\/11\/Buy-Registered-Documents.jpg 768w, https:\/\/rentahacker.io\/wp-content\/uploads\/2022\/11\/Buy-Registered-Documents-300x113.jpg 300w, https:\/\/rentahacker.io\/wp-content\/uploads\/2022\/11\/Buy-Registered-Documents-600x225.jpg 600w\" sizes=\"(max-width: 768px) 100vw, 768px\" \/>\t\t\t\t\t\t\t\t\t\t\t\t\t\t\t<\/div>\n\t\t\t\t<\/div>\n\t\t\t\t\t<\/div>\n\t\t<\/div>\n\t\t\t\t<div class=\"elementor-column elementor-col-50 elementor-top-column elementor-element elementor-element-bff131d\" data-id=\"bff131d\" data-element_type=\"column\">\n\t\t\t<div class=\"elementor-widget-wrap elementor-element-populated\">\n\t\t\t\t\t\t<div class=\"elementor-element elementor-element-db6bcbe elementor-widget elementor-widget-heading\" data-id=\"db6bcbe\" data-element_type=\"widget\" data-widget_type=\"heading.default\">\n\t\t\t\t<div class=\"elementor-widget-container\">\n\t\t\t\t\t<h2 class=\"elementor-heading-title elementor-size-default\">Pron\u00e1jem \u00fa\u010dtu soci\u00e1ln\u00edch m\u00e9di\u00ed Hacker<\/h2>\t\t\t\t<\/div>\n\t\t\t\t<\/div>\n\t\t\t\t\t<\/div>\n\t\t<\/div>\n\t\t\t\t\t<\/div>\n\t\t<\/section>\n\t\t\t\t<\/div>","protected":false},"excerpt":{"rendered":"<p>Pron\u00e1jem \u00fa\u010dt\u016f na soci\u00e1ln\u00edch s\u00edt\u00edch Hacker Dok\u00e1\u017eete si p\u0159edstavit, jakou moc m\u00e1 p\u0159\u00edstup k n\u011b\u010d\u00edm \u00fa\u010dt\u016fm na soci\u00e1ln\u00edch s\u00edt\u00edch? Co kdybyste mohli z\u00edskat cenn\u00e9 informace, odhalit skryt\u00e1 tajemstv\u00ed nebo se dokonce ochr\u00e1nit p\u0159ed potenci\u00e1ln\u00edmi hrozbami? V dne\u0161n\u00ed digit\u00e1ln\u00ed dob\u011b, kdy soci\u00e1ln\u00ed m\u00e9dia hraj\u00ed v na\u0161ich \u017eivotech kl\u00ed\u010dovou roli, je nutn\u00e9 si uv\u011bdomit v\u00fdznam zabezpe\u010den\u00ed [...]<\/p>","protected":false},"author":1,"featured_media":5841,"parent":0,"menu_order":0,"comment_status":"closed","ping_status":"open","template":"","meta":{"footnotes":""},"class_list":["post-5840","page","type-page","status-publish","has-post-thumbnail","hentry"],"_links":{"self":[{"href":"https:\/\/rentahacker.io\/cs\/wp-json\/wp\/v2\/pages\/5840","targetHints":{"allow":["GET"]}}],"collection":[{"href":"https:\/\/rentahacker.io\/cs\/wp-json\/wp\/v2\/pages"}],"about":[{"href":"https:\/\/rentahacker.io\/cs\/wp-json\/wp\/v2\/types\/page"}],"author":[{"embeddable":true,"href":"https:\/\/rentahacker.io\/cs\/wp-json\/wp\/v2\/users\/1"}],"replies":[{"embeddable":true,"href":"https:\/\/rentahacker.io\/cs\/wp-json\/wp\/v2\/comments?post=5840"}],"version-history":[{"count":4,"href":"https:\/\/rentahacker.io\/cs\/wp-json\/wp\/v2\/pages\/5840\/revisions"}],"predecessor-version":[{"id":5845,"href":"https:\/\/rentahacker.io\/cs\/wp-json\/wp\/v2\/pages\/5840\/revisions\/5845"}],"wp:featuredmedia":[{"embeddable":true,"href":"https:\/\/rentahacker.io\/cs\/wp-json\/wp\/v2\/media\/5841"}],"wp:attachment":[{"href":"https:\/\/rentahacker.io\/cs\/wp-json\/wp\/v2\/media?parent=5840"}],"curies":[{"name":"wp","href":"https:\/\/api.w.org\/{rel}","templated":true}]}}