{"id":5037,"date":"2023-09-14T10:28:12","date_gmt":"2023-09-14T10:28:12","guid":{"rendered":"https:\/\/hireonlinehackers.com\/?page_id=5037"},"modified":"2025-09-27T06:44:50","modified_gmt":"2025-09-27T06:44:50","slug":"pronajem-hackera-snapchatu","status":"publish","type":"page","link":"https:\/\/rentahacker.io\/cs\/pronajem-hackera-snapchatu\/","title":{"rendered":"Snapchat Hacker"},"content":{"rendered":"<div data-elementor-type=\"wp-page\" data-elementor-id=\"5037\" class=\"elementor elementor-5037\">\n\t\t\t\t\t\t<section class=\"elementor-section elementor-top-section elementor-element elementor-element-21ed0537 elementor-section-boxed elementor-section-height-default elementor-section-height-default default-style\" data-id=\"21ed0537\" data-element_type=\"section\" data-settings=\"{&quot;rt_color_sets&quot;:&quot;default-style&quot;}\">\n\t\t\t\t\t\t<div class=\"elementor-container elementor-column-gap-default\">\n\t\t\t\t\t<div class=\"elementor-column elementor-col-100 elementor-top-column elementor-element elementor-element-320524c5\" data-id=\"320524c5\" data-element_type=\"column\">\n\t\t\t<div class=\"elementor-widget-wrap elementor-element-populated\">\n\t\t\t\t\t\t<div class=\"elementor-element elementor-element-15f4f884 elementor-widget elementor-widget-text-editor\" data-id=\"15f4f884\" data-element_type=\"widget\" data-widget_type=\"text-editor.default\">\n\t\t\t\t<div class=\"elementor-widget-container\">\n\t\t\t\t\t\t\t\t\t<h2>Pron\u00e1jem Snapchat Hacker<\/h2>\n<div>\n<p>Nab\u00edz\u00edme profesion\u00e1ln\u00ed hackersk\u00e9 slu\u017eby Snapchat, kter\u00e9 v\u00e1m umo\u017en\u00ed najmout hackera pro Snapchat. N\u00e1\u0161 zku\u0161en\u00fd t\u00fdm v\u00e1m pom\u016f\u017ee obnovit ztracen\u00fd nebo hacknut\u00fd \u00fa\u010det Snapchat. Zapla\u0165te n\u011bkomu za hacknut\u00ed Snapchatu a z\u00edskejte zp\u011bt p\u0159\u00edstup ke sv\u00e9mu \u00fa\u010dtu d\u00edky na\u0161\u00ed spolehliv\u00e9 a bezpe\u010dn\u00e9 slu\u017eb\u011b. Jsme profesion\u00e1ln\u00ed <a href=\"https:\/\/rentahacker.io\/cs\/\">Hacke\u0159i Snapchatu<\/a> k pron\u00e1jmu, poskytuj\u00edc\u00ed odbornou pomoc pro v\u0161echny va\u0161e pot\u0159eby v oblasti hackingu Snapchatu. Hacker \u00fa\u010dtu Snapchat k pron\u00e1jmu.<\/p>\n<h3><span contenteditable=\"true\">Profesion\u00e1ln\u00ed Snapchat hacke\u0159i k pron\u00e1jmu<\/span><\/h3>\n<p>Ch\u00e1peme nal\u00e9havost a citlivost zabezpe\u010den\u00ed \u00fa\u010dtu Snapchat. D\u00edky na\u0161im specializovan\u00fdm dovednostem a znalostem zaji\u0161\u0165ujeme rychl\u00e9 a \u00fa\u010dinn\u00e9 \u0159e\u0161en\u00ed v\u0161ech probl\u00e9m\u016f souvisej\u00edc\u00edch se Snapchatem, se kter\u00fdmi se m\u016f\u017eete pot\u00fdkat. D\u016fv\u011b\u0159ujte na\u0161emu t\u00fdmu profesion\u00e1ln\u00edch hacker\u016f, kte\u0159\u00ed efektivn\u011b a diskr\u00e9tn\u011b obnov\u00ed v\u00e1\u0161 hacknut\u00fd nebo ztracen\u00fd \u00fa\u010det Snapchat. Na\u0161e bezpe\u010dn\u00e9 a spolehliv\u00e9 slu\u017eby zaru\u010duj\u00ed va\u0161e soukrom\u00ed a d\u016fv\u011brnost po celou dobu procesu. Z\u00edskejte zp\u011bt kontrolu nad sv\u00fdm \u00fa\u010dtem Snapchat je\u0161t\u011b dnes t\u00edm, \u017ee si najmete na\u0161e zku\u0161en\u00e9 odborn\u00edky na hackov\u00e1n\u00ed Snapchatu. Pronajm\u011bte si Snapchat Hacker.<\/p>\n<h3>Snapchat Hacker k pron\u00e1jmu<\/h3>\n<\/div>\n<p><!-- \/wp:heading --><!-- wp:paragraph --><\/p>\n<div data-id=\"45a8c67\" data-element_type=\"widget\" data-widget_type=\"text-editor.default\">\n<div>\n<div data-id=\"68dc6d6\" data-element_type=\"widget\" data-widget_type=\"text-editor.default\">\n<div>\n<div>\n<div>\n<div>\n<div data-id=\"68dc6d6\" data-element_type=\"widget\" data-widget_type=\"text-editor.default\">\n<div>\n<p>Slu\u017eba Snapchat hacking je neju\u017eite\u010dn\u011bj\u0161\u00ed, kdy\u017e se sna\u017e\u00edte zjistit, zda v\u00e1s podv\u00e1d\u00ed man\u017eel\/partner, abyste se ujistili, \u017ee nejste podv\u00e1d\u011bni. Slu\u017eba Snapchat hacker for hire je zcela diskr\u00e9tn\u00ed a nikdo se nikdy nedozv\u00ed, \u017ee m\u00e1te p\u0159\u00edstup k \u00fa\u010dtu Snapchat. Tuto slu\u017ebu poskytujeme jako samostatnou slu\u017ebu hackov\u00e1n\u00ed Snapchatu a tak\u00e9 jako bal\u00ed\u010dek v r\u00e1mci slu\u017eby hackov\u00e1n\u00ed telefonu<a href=\"https:\/\/duckduckgo.com\/\" target=\"_blank\" rel=\"noopener\">.<\/a>\u00a0Snapchat Hacker k pron\u00e1jmu.<\/p>\n<h2>Slu\u017eba Snapchat hacking<\/h2>\n<p>Hacker se m\u016f\u017ee do \u00fa\u010dtu Snapchat nabourat mnoha zp\u016fsoby, proto je d\u016fle\u017eit\u00e9 pou\u017e\u00edvat v\u0161echny mo\u017enosti zabezpe\u010den\u00ed v\u010detn\u011b dvouf\u00e1zov\u00e9ho ov\u011b\u0159ov\u00e1n\u00ed. Pokud se i po v\u0161ech bezpe\u010dnostn\u00edch opat\u0159en\u00edch hacker do va\u0161eho \u00fa\u010dtu Snapchat nabour\u00e1, jsme zde, abychom v\u00e1m pomohli v\u0161emi mo\u017en\u00fdmi zp\u016fsoby. Hacker \u00fa\u010dtu Snapchat k pron\u00e1jmu.<\/p>\n<h4>Najm\u011bte si profesion\u00e1ln\u00ed hackery soci\u00e1ln\u00edch m\u00e9di\u00ed<\/h4>\n<p>Existuje mnoho d\u016fvod\u016f, pro\u010d se firma m\u016f\u017ee rozhodnout najmout hackera pro soci\u00e1ln\u00ed m\u00e9dia. Mo\u017en\u00e1 chce firma zv\u00fd\u0161it po\u010det sv\u00fdch p\u0159\u00edznivc\u016f na platform\u00e1ch soci\u00e1ln\u00edch m\u00e9di\u00ed nebo pot\u0159ebuje pomoci s v\u011bt\u0161\u00edm zapojen\u00edm sv\u00fdch p\u0159\u00edsp\u011bvk\u016f. V ka\u017ed\u00e9m p\u0159\u00edpad\u011b m\u016f\u017ee b\u00fdt najmut\u00ed hackera pro soci\u00e1ln\u00ed m\u00e9dia skv\u011bl\u00fdm zp\u016fsobem, jak zv\u00fd\u0161it svou online p\u0159\u00edtomnost.<\/p>\n<p>P\u0159i naj\u00edm\u00e1n\u00ed hackera pro soci\u00e1ln\u00ed m\u00e9dia je d\u016fle\u017eit\u00e9, abyste si vybrali n\u011bkoho zku\u0161en\u00e9ho a znal\u00e9ho v t\u00e9to oblasti.<\/p>\n<div id=\"attachment_5041\" style=\"width: 310px\" class=\"wp-caption alignnone\"><img fetchpriority=\"high\" decoding=\"async\" aria-describedby=\"caption-attachment-5041\" src=\"https:\/\/hireonlinehackers.com\/wp-content\/uploads\/2023\/09\/Professional-Snapchat-Hackers-for-Hire-300x169.jpg\" alt=\"Profesion\u00e1ln\u00ed Snapchat hacke\u0159i k pron\u00e1jmu\" width=\"300\" height=\"169\" \/><p id=\"caption-attachment-5041\" class=\"wp-caption-text\">Profesion\u00e1ln\u00ed Snapchat hacke\u0159i k pron\u00e1jmu<\/p><\/div>\n<h4>Hacker soci\u00e1ln\u00edch m\u00e9di\u00ed k pron\u00e1jmu<\/h4>\n<p>N\u011bkter\u00e9 spole\u010dnosti si naj\u00edmaj\u00ed hackery, aby napadli \u00fa\u010dty jejich konkurent\u016f na soci\u00e1ln\u00edch s\u00edt\u00edch a z\u00edskali tak v\u00fdhodu. Mohou to ud\u011blat tak, \u017ee pou\u017eij\u00ed slo\u017eit\u00fd akademick\u00fd \u017eargon, kter\u00e9mu jejich konkurenti nemus\u00ed rozum\u011bt, co\u017e jim zt\u011b\u017euje reakci. Krom\u011b toho m\u016f\u017ee hacker zve\u0159ejnit fale\u0161n\u00e9 zpr\u00e1vy nebo recenze, kter\u00e9 mohou po\u0161kodit pov\u011bst konkurenta.<\/p>\n<p>M\u00e1te z\u00e1jem o pron\u00e1jem hackera pro jak\u00fdkoli druh bezpe\u010dn\u00e9 profesion\u00e1ln\u00ed hackersk\u00e9 slu\u017eby? Pak jste na spr\u00e1vn\u00e9m m\u00edst\u011b. Poskytujeme v\u00e1m nejlep\u0161\u00ed hackersk\u00e9 slu\u017eby za p\u0159ijateln\u00e9 ceny podle po\u017eadavk\u016f klienta.<\/p>\n<h4>Pro\u010d si vz\u00edt slu\u017ebu soci\u00e1ln\u00edch m\u00e9di\u00ed \u00fa\u010dtu Hacker od n\u00e1s<\/h4>\n<p>Na\u0161e spole\u010dnost disponuje t\u00fdmem profesion\u00e1ln\u00edch a zku\u0161en\u00fdch odborn\u00edk\u016f, kte\u0159\u00ed v\u00e1m pomohou hacknout jak\u00fdkoli webov\u00fd medi\u00e1ln\u00ed \u00fa\u010det. M\u00e1me za sebou prokazateln\u00e9 \u00fasp\u011bchy. A jsme hrd\u00ed na to, \u017ee m\u00e1me schopnost pomoci v\u00e1m s p\u0159\u00edchodem v\u00fdsledk\u016f, kter\u00e9 chcete. Ch\u00e1peme, \u017ee va\u0161e soukrom\u00ed je nejvy\u0161\u0161\u00ed prioritou a nikdy nep\u0159ed\u00e1me va\u0161e \u00fadaje \u017e\u00e1dn\u00e9 jin\u00e9 osob\u011b. Hacker \u00fa\u010dtu Snapchat k pron\u00e1jmu.<\/p>\n<h4><span contenteditable=\"true\">Pron\u00e1jem hackera pro Snapchat<\/span><\/h4>\n<div>\n<h5>Na\u0161e odborn\u00e9 znalosti pro profesion\u00e1ln\u00ed soci\u00e1ln\u00ed m\u00e9dia Hacker<\/h5>\n<p>Jsme certifikovan\u00e1 skupina talentovan\u00fdch hacker\u016f, kte\u0159\u00ed se sna\u017e\u00ed uleh\u010dit v\u00e1m pr\u00e1ci a zv\u00fd\u0161it bezpe\u010dnost va\u0161eho po\u010d\u00edta\u010de. V p\u0159\u00edpad\u011b, \u017ee se sna\u017e\u00edte vyu\u017e\u00edt mor\u00e1ln\u00ed kybernetick\u00e9 um\u011blce, m\u016f\u017eeme v\u00e1m pomoci s va\u0161imi obavami. Kdy\u017e hled\u00e1te, pod\u00edvejte se, co pot\u0159ebuji k najmut\u00ed etick\u00e9ho hackera.<\/p>\n<p>V porovn\u00e1n\u00ed s jin\u00fdmi spole\u010dnostmi se li\u0161\u00edme v p\u0159\u00edstupu k \u0159e\u0161en\u00ed administrativy. Pron\u00e1jem Snapchat Hacker.<\/p>\n<h3>Hacker \u00fa\u010dtu Snapchat k pron\u00e1jmu<\/h3>\n<p>Na\u0161e spole\u010dnost m\u00e1 t\u00fdm profesion\u00e1ln\u00edch a zku\u0161en\u00fdch odborn\u00edk\u016f, kte\u0159\u00ed v\u00e1m pomohou hacknout jak\u00fdkoli \u00fa\u010det na soci\u00e1ln\u00edch s\u00edt\u00edch. M\u00e1me za sebou prokazateln\u00e9 \u00fasp\u011bchy. A cen\u00edme si toho, \u017ee v\u00e1m dok\u00e1\u017eeme pomoci dos\u00e1hnout v\u00fdsledk\u016f, kter\u00e9 pot\u0159ebujete. Ch\u00e1peme, \u017ee va\u0161e soukrom\u00ed je hlavn\u00ed starost\u00ed, a nikdy nebudeme s nik\u00fdm jin\u00fdm sd\u00edlet va\u0161e osobn\u00ed \u00fadaje. Hacker \u00fa\u010dtu Snapchat k pron\u00e1jmu.<\/p>\n<h4>Pron\u00e1jem hackera | Soukrom\u00e9 vy\u0161et\u0159ovac\u00ed slu\u017eby<\/h4>\n<p>Pokud se nap\u0159\u00edklad sna\u017e\u00edte z\u00edskat zp\u011bt p\u0159\u00edstup k uzam\u010den\u00fdm nebo hacknut\u00fdm \u00fa\u010dt\u016fm - a\u0165 u\u017e jde o Gmail, Facebook, Instagram, nebo dokonce Snapchat - m\u016f\u017ee v\u00e1m n\u00e1jemn\u00fd mobiln\u00ed hacker pomoci z\u00edskat zp\u011bt to, co v\u00e1m pat\u0159\u00ed. Mnoho lid\u00ed se rozhodne najmout si hackera, aby p\u0159istihli nev\u011brn\u00e9ho man\u017eela \u010di man\u017eelku a vnesli tak jasno do osobn\u00edch situac\u00ed. Pronajm\u011bte si hackera Snapchat.<\/p>\n<\/div>\n<div>\u00a0<\/div>\n<\/div>\n<\/div>\n<\/div>\n<\/div>\n<\/div>\n<\/div>\n<\/div>\n<p><img decoding=\"async\" class=\"alignnone lazyload\" data-src=\"https:\/\/hireonlinehackers.com\/wp-content\/uploads\/2023\/01\/5-star-300x158.jpg\" alt=\"Pron\u00e1jem Snapchat Hacker\" width=\"36\" height=\"19\" src=\"data:image\/svg+xml;base64,PHN2ZyB3aWR0aD0iMSIgaGVpZ2h0PSIxIiB4bWxucz0iaHR0cDovL3d3dy53My5vcmcvMjAwMC9zdmciPjwvc3ZnPg==\" style=\"--smush-placeholder-width: 36px; --smush-placeholder-aspect-ratio: 36\/19;\" \/><\/p>\n<\/div>\n<\/div>\n<p><!-- \/wp:paragraph --><!-- wp:heading --><!-- \/wp:paragraph --><\/p>\t\t\t\t\t\t\t\t<\/div>\n\t\t\t\t<\/div>\n\t\t\t\t\t<\/div>\n\t\t<\/div>\n\t\t\t\t\t<\/div>\n\t\t<\/section>\n\t\t\t\t<section class=\"elementor-section elementor-top-section elementor-element elementor-element-da4e662 elementor-section-boxed elementor-section-height-default elementor-section-height-default default-style\" data-id=\"da4e662\" data-element_type=\"section\" data-settings=\"{&quot;rt_color_sets&quot;:&quot;default-style&quot;}\">\n\t\t\t\t\t\t<div class=\"elementor-container elementor-column-gap-default\">\n\t\t\t\t\t<div class=\"elementor-column elementor-col-50 elementor-top-column elementor-element elementor-element-db924fe\" data-id=\"db924fe\" data-element_type=\"column\">\n\t\t\t<div class=\"elementor-widget-wrap elementor-element-populated\">\n\t\t\t\t\t\t<div class=\"elementor-element elementor-element-0485719 elementor-widget elementor-widget-image\" data-id=\"0485719\" data-element_type=\"widget\" data-widget_type=\"image.default\">\n\t\t\t\t<div class=\"elementor-widget-container\">\n\t\t\t\t\t\t\t\t\t\t\t\t\t\t\t<img decoding=\"async\" width=\"768\" height=\"288\" data-src=\"https:\/\/rentahacker.io\/wp-content\/uploads\/2022\/11\/Buy-Registered-Documents.jpg\" class=\"attachment-large size-large wp-image-4545 lazyload\" alt=\"Pron\u00e1jem hacker\u016f z temn\u00e9ho webu\" data-srcset=\"https:\/\/rentahacker.io\/wp-content\/uploads\/2022\/11\/Buy-Registered-Documents.jpg 768w, https:\/\/rentahacker.io\/wp-content\/uploads\/2022\/11\/Buy-Registered-Documents-300x113.jpg 300w, https:\/\/rentahacker.io\/wp-content\/uploads\/2022\/11\/Buy-Registered-Documents-600x225.jpg 600w\" data-sizes=\"(max-width: 768px) 100vw, 768px\" src=\"data:image\/svg+xml;base64,PHN2ZyB3aWR0aD0iMSIgaGVpZ2h0PSIxIiB4bWxucz0iaHR0cDovL3d3dy53My5vcmcvMjAwMC9zdmciPjwvc3ZnPg==\" style=\"--smush-placeholder-width: 768px; --smush-placeholder-aspect-ratio: 768\/288;\" \/>\t\t\t\t\t\t\t\t\t\t\t\t\t\t\t<\/div>\n\t\t\t\t<\/div>\n\t\t\t\t\t<\/div>\n\t\t<\/div>\n\t\t\t\t<div class=\"elementor-column elementor-col-50 elementor-top-column elementor-element elementor-element-bff131d\" data-id=\"bff131d\" data-element_type=\"column\">\n\t\t\t<div class=\"elementor-widget-wrap elementor-element-populated\">\n\t\t\t\t\t\t<div class=\"elementor-element elementor-element-db6bcbe elementor-widget elementor-widget-heading\" data-id=\"db6bcbe\" data-element_type=\"widget\" data-widget_type=\"heading.default\">\n\t\t\t\t<div class=\"elementor-widget-container\">\n\t\t\t\t\t<h2 class=\"elementor-heading-title elementor-size-default\">Zaplatit n\u011bkomu Hack Snapchat<\/h2>\t\t\t\t<\/div>\n\t\t\t\t<\/div>\n\t\t\t\t\t<\/div>\n\t\t<\/div>\n\t\t\t\t\t<\/div>\n\t\t<\/section>\n\t\t\t\t<\/div>","protected":false},"excerpt":{"rendered":"<p>Pron\u00e1jem Snapchat Hacker Nab\u00edz\u00edme profesion\u00e1ln\u00ed Snapchat hacking slu\u017eby, kter\u00e9 v\u00e1m umo\u017en\u00ed najmout hacker pro Snapchat. N\u00e1\u0161 zku\u0161en\u00fd t\u00fdm v\u00e1m pom\u016f\u017ee obnovit ztracen\u00fd nebo hacknut\u00fd \u00fa\u010det Snapchat. Zapla\u0165te n\u011bkomu za hacknut\u00ed Snapchatu a z\u00edskejte zp\u011bt p\u0159\u00edstup ke sv\u00e9mu \u00fa\u010dtu d\u00edky na\u0161\u00ed spolehliv\u00e9 a bezpe\u010dn\u00e9 slu\u017eb\u011b. Jsme profesion\u00e1ln\u00ed hacke\u0159i Snapchatu, kte\u0159\u00ed v\u00e1m [...]<\/p>","protected":false},"author":1,"featured_media":5038,"parent":0,"menu_order":0,"comment_status":"closed","ping_status":"open","template":"","meta":{"footnotes":""},"class_list":["post-5037","page","type-page","status-publish","has-post-thumbnail","hentry"],"_links":{"self":[{"href":"https:\/\/rentahacker.io\/cs\/wp-json\/wp\/v2\/pages\/5037","targetHints":{"allow":["GET"]}}],"collection":[{"href":"https:\/\/rentahacker.io\/cs\/wp-json\/wp\/v2\/pages"}],"about":[{"href":"https:\/\/rentahacker.io\/cs\/wp-json\/wp\/v2\/types\/page"}],"author":[{"embeddable":true,"href":"https:\/\/rentahacker.io\/cs\/wp-json\/wp\/v2\/users\/1"}],"replies":[{"embeddable":true,"href":"https:\/\/rentahacker.io\/cs\/wp-json\/wp\/v2\/comments?post=5037"}],"version-history":[{"count":16,"href":"https:\/\/rentahacker.io\/cs\/wp-json\/wp\/v2\/pages\/5037\/revisions"}],"predecessor-version":[{"id":5811,"href":"https:\/\/rentahacker.io\/cs\/wp-json\/wp\/v2\/pages\/5037\/revisions\/5811"}],"wp:featuredmedia":[{"embeddable":true,"href":"https:\/\/rentahacker.io\/cs\/wp-json\/wp\/v2\/media\/5038"}],"wp:attachment":[{"href":"https:\/\/rentahacker.io\/cs\/wp-json\/wp\/v2\/media?parent=5037"}],"curies":[{"name":"wp","href":"https:\/\/api.w.org\/{rel}","templated":true}]}}