{"id":5026,"date":"2023-09-14T09:39:25","date_gmt":"2023-09-14T09:39:25","guid":{"rendered":"https:\/\/hireonlinehackers.com\/?page_id=5026"},"modified":"2025-09-27T05:50:50","modified_gmt":"2025-09-27T05:50:50","slug":"pronajmout-si-hackera-na-instagramu","status":"publish","type":"page","link":"https:\/\/rentahacker.io\/cs\/pronajmout-si-hackera-na-instagramu\/","title":{"rendered":"Hacker Instagram"},"content":{"rendered":"<div data-elementor-type=\"wp-page\" data-elementor-id=\"5026\" class=\"elementor elementor-5026\">\n\t\t\t\t\t\t<section class=\"elementor-section elementor-top-section elementor-element elementor-element-21ed0537 elementor-section-boxed elementor-section-height-default elementor-section-height-default default-style\" data-id=\"21ed0537\" data-element_type=\"section\" data-settings=\"{&quot;rt_color_sets&quot;:&quot;default-style&quot;}\">\n\t\t\t\t\t\t<div class=\"elementor-container elementor-column-gap-default\">\n\t\t\t\t\t<div class=\"elementor-column elementor-col-100 elementor-top-column elementor-element elementor-element-320524c5\" data-id=\"320524c5\" data-element_type=\"column\">\n\t\t\t<div class=\"elementor-widget-wrap elementor-element-populated\">\n\t\t\t\t\t\t<div class=\"elementor-element elementor-element-15f4f884 elementor-widget elementor-widget-text-editor\" data-id=\"15f4f884\" data-element_type=\"widget\" data-widget_type=\"text-editor.default\">\n\t\t\t\t<div class=\"elementor-widget-container\">\n\t\t\t\t\t\t\t\t\t<h2>Pron\u00e1jem Instagram Hacker<\/h2>\n<p><!-- \/wp:heading --><!-- wp:paragraph --><\/p>\n<div data-id=\"45a8c67\" data-element_type=\"widget\" data-widget_type=\"text-editor.default\">\n<div>\n<div data-id=\"68dc6d6\" data-element_type=\"widget\" data-widget_type=\"text-editor.default\">\n<div>\n<div>\n<div>\n<div>\n<p>Na\u0161e profesion\u00e1ln\u00ed hackersk\u00e1 slu\u017eba se specializuje na hackov\u00e1n\u00ed \u00fa\u010dtu Instagram a nab\u00edz\u00ed v\u00e1m mo\u017enost p\u0159\u00edstupu k jak\u00e9mukoli online \u00fa\u010dtu a sledov\u00e1n\u00ed r\u016fzn\u00fdch platforem, jako je WhatsApp, Facebook, Discord, Snapchat a dal\u0161\u00ed. S na\u0161\u00edm softwarov\u00fdm n\u00e1strojem, kter\u00fd je k dispozici pro PC, iPhone a Android, m\u016f\u017eete z\u00edskat p\u0159\u00edstup k funkc\u00edm, jako je \u017eiv\u00e9 ur\u010dov\u00e1n\u00ed polohy GPS, sledov\u00e1n\u00ed kamery a mikrofonu, zpr\u00e1v, e-mail\u016f, hovor\u016f, historie prohl\u00ed\u017ee\u010de, nahr\u00e1v\u00e1n\u00ed obrazovky a obnoven\u00ed smazan\u00fdch zpr\u00e1v, soubor\u016f a m\u00e9di\u00ed.\u00a0<\/p>\n<h3>Instagram Hacker k pron\u00e1jmu<\/h3>\n<p>Pokud se ocitnete v ne\u0161\u0165astn\u00e9 situaci ztracen\u00e9ho nebo hacknut\u00e9ho \u00fa\u010dtu Instagram, n\u00e1\u0161 t\u00fdm skute\u010dn\u00fdch profesion\u00e1ln\u00edch hacker\u016f je zde, aby v\u00e1m pomohl rychle a snadno jej obnovit. Nev\u00e1hejte si najmout profesion\u00e1ln\u00ed hackery Instagramu a z\u00edskejte zp\u011bt kontrolu nad sv\u00fdm \u00fa\u010dtem. Pron\u00e1jem hackera \u00fa\u010dtu Instagram.<\/p>\n<h3>Pronajmout Hacker slu\u017eby pro Instagram Hack<\/h3>\n<\/div>\n<\/div>\n<p>Pokud jste ztratili p\u0159\u00edstup ke sv\u00e9mu \u00fa\u010dtu Instagram nebo chcete z\u00edskat p\u0159\u00edstup k \u00fa\u010dtu Instagram z jin\u00fdch d\u016fvod\u016f, je to slu\u017eba, kterou pot\u0159ebujete. Nepos\u00edl\u00e1me \u017e\u00e1dn\u00e9 odkazy ani zpr\u00e1vy majiteli a tato slu\u017eba je zcela diskr\u00e9tn\u00ed a anonymn\u00ed. Bezpe\u010dnost na\u0161ich klient\u016f je pro n\u00e1s velmi d\u016fle\u017eit\u00e1 a p\u0159i v\u0161ech \u00fakonech na ni pamatujeme. Pronajm\u011bte si profesion\u00e1ln\u00ed hackery Instagramu online levn\u011b. Pron\u00e1jem hacker\u016f \u00fa\u010dtu Instagram.<\/p>\n<p><img decoding=\"async\" class=\"alignnone lazyload\" data-src=\"https:\/\/hireonlinehackers.com\/wp-content\/uploads\/2023\/09\/Instagram-Hacker-for-Hire-300x168.jpg\" alt=\"Pron\u00e1jem Instagram Hacker\" width=\"230\" height=\"128\" src=\"data:image\/svg+xml;base64,PHN2ZyB3aWR0aD0iMSIgaGVpZ2h0PSIxIiB4bWxucz0iaHR0cDovL3d3dy53My5vcmcvMjAwMC9zdmciPjwvc3ZnPg==\" style=\"--smush-placeholder-width: 230px; --smush-placeholder-aspect-ratio: 230\/128;\" \/><\/p>\n<h3><span contenteditable=\"true\">Pron\u00e1jem hackera pro Instagram<\/span><\/h3>\n<\/div>\n<\/div>\n<\/div>\n<\/div>\n<\/div>\n<p>Nab\u00edz\u00edme jednoduch\u00fd postup, jak si najmout <a href=\"https:\/\/rentahacker.io\/cs\/\">hacker pro Instagram<\/a>, kter\u00fd je speci\u00e1ln\u011b navr\u017een tak, aby v\u00e1m pomohl chytit nev\u011brn\u00e9ho man\u017eela nebo nev\u011brn\u00edka. Na\u0161e slu\u017eby nab\u00edzej\u00ed cenov\u011b dostupn\u00e9 mo\u017enosti pron\u00e1jmu hackera Instagramu. D\u00edky \u0159ad\u011b dostupn\u00fdch hackersk\u00fdch slu\u017eeb, v\u010detn\u011b hackov\u00e1n\u00ed \u00fa\u010dtu na Instagramu, hackov\u00e1n\u00ed po\u010d\u00edta\u010de a obch\u00e1zen\u00ed bezpe\u010dnostn\u00edch opat\u0159en\u00ed, jsme d\u016fv\u011bryhodnou volbou pro naj\u00edm\u00e1n\u00ed hacker\u016f Instagramu. A\u0165 u\u017e jste ztratili p\u0159\u00edstup k vlastn\u00edmu \u00fa\u010dtu na Instagramu, nebo pot\u0159ebujete p\u0159\u00edstup k \u00fa\u010dtu n\u011bkoho jin\u00e9ho z legitimn\u00edch d\u016fvod\u016f, na\u0161e diskr\u00e9tn\u00ed a anonymn\u00ed slu\u017eby mohou splnit va\u0161e pot\u0159eby.<\/p>\n<h3>Zapla\u0165te n\u011bkomu za hacknut\u00ed Instagramu<\/h3>\n<p>N\u00e1\u0161 t\u00fdm zku\u0161en\u00fdch hacker\u016f se specializuje na hackov\u00e1n\u00ed Instagramu a m\u016f\u017ee v\u00e1m pomoci z\u00edskat d\u016fle\u017eit\u00e9 informace nebo vy\u0159e\u0161it jak\u00e9koli probl\u00e9my souvisej\u00edc\u00ed s \u00fa\u010dtem. Zachov\u00e1v\u00e1me nejvy\u0161\u0161\u00ed \u00farove\u0148 d\u016fv\u011brnosti a zaji\u0161\u0165ujeme, aby va\u0161e osobn\u00ed \u00fadaje z\u016fstaly v bezpe\u010d\u00ed po celou dobu procesu. Nenechte sv\u00e1 podez\u0159en\u00ed nebo obavy bez odpov\u011bdi - najm\u011bte si hackera Instagramu je\u0161t\u011b dnes a z\u00edskejte odpov\u011bdi, kter\u00e9 pot\u0159ebujete.<a href=\"https:\/\/duckduckgo.com\/\" target=\"_blank\" rel=\"noopener\">.<\/a> Spokojenost z\u00e1kazn\u00edk\u016f je pro n\u00e1s prioritou a zaru\u010dujeme rychl\u00e9 v\u00fdsledky.<\/p>\n<h3>Najm\u011bte si profesion\u00e1ln\u00ed hackery Instagram<\/h3>\n<p>\u00a0<\/p>\n<p>Na\u0161i odborn\u00ed hacke\u0159i maj\u00ed dlouholet\u00e9 zku\u0161enosti v oboru a jsou vybaveni nejnov\u011bj\u0161\u00edmi n\u00e1stroji a technikami, kter\u00e9 zaji\u0161\u0165uj\u00ed \u00fasp\u011b\u0161n\u00e9 hackov\u00e1n\u00ed Instagramu. M\u016f\u017eete si b\u00fdt jisti, \u017ee na\u0161e slu\u017eby jsou zcela leg\u00e1ln\u00ed a etick\u00e9 a dodr\u017euj\u00ed p\u0159\u00edsn\u00e9 etick\u00e9 normy. U\u017e nev\u00e1hejte - p\u0159evezm\u011bte kontrolu nad sv\u00fdm \u00fa\u010dtem na Instagramu nebo z\u00edskejte p\u0159\u00edstup k informac\u00edm, kter\u00e9 pot\u0159ebujete, a najm\u011bte si na\u0161e spolehliv\u00e9 hackery Instagramu hned te\u010f. Pron\u00e1jem hacker\u016f \u00fa\u010dtu Instagram.<\/p>\n<p>Kdy\u017e si u n\u00e1s objedn\u00e1te program\u00e1tora Instagramu, z\u00edsk\u00e1te p\u0159\u00edstup k nejide\u00e1ln\u011bj\u0161\u00edmu program\u00e1torovi v oboru. M\u00e1me skupinu hluboce talentovan\u00fdch a zku\u0161en\u00fdch technik\u016f, kte\u0159\u00ed v\u00e1m mohou pomoci s jak\u00fdmikoliv hackersk\u00fdmi pot\u0159ebami.<\/p>\n<h3>Zaplatit za hacknut\u00ed \u00fa\u010dtu Instagram<\/h3>\n<p>Na\u0161e spr\u00e1va poskytuje lidem mo\u017enost najmout si program\u00e1tora Instagramu. Zam\u011bstn\u00e1n\u00edm program\u00e1tora prost\u0159ednictv\u00edm na\u0161\u00ed spr\u00e1vy se klienti mohou dostat k z\u00e1znamu jak\u00e9hokoli jednotlivce, kter\u00e9ho si vyberou, bez ohledu na to, zda maj\u00ed p\u0159ihla\u0161ovac\u00ed \u00fadaje.<\/p>\n<h4>Hacker \u00fa\u010dtu Instagram k pron\u00e1jmu<\/h4>\n<p>To umo\u017e\u0148uje klient\u016fm obnovit vymazan\u00e9 fotografie, zm\u011bnit hesla a d\u00e1l u\u017e je to jen do nebe volaj\u00edc\u00ed. Pou\u017e\u00edv\u00e1me slo\u017eit\u00fd v\u011bdeck\u00fd jazyk, abychom zaru\u010dili, \u017ee na\u0161i program\u00e1to\u0159i jsou skute\u010dn\u011b neuv\u011b\u0159iteln\u00ed. Do sv\u00e9 pr\u00e1ce investujeme cel\u00e9 srdce a mus\u00edme zajistit, aby na\u0161i klienti byli s v\u00fdsledky zpravidla spokojeni. Zapla\u0165te za hacknut\u00ed \u00fa\u010dtu Instagram.<\/p>\n<h4>Pro\u010d si vybrat n\u00e1s pro Instagram Hacker pro pron\u00e1jem?<\/h4>\n<p>Existuje n\u011bkolik d\u016fvod\u016f, pro\u010d si od n\u00e1s najmout hackery Instagramu. Asi nejd\u016fle\u017eit\u011bj\u0161\u00edm d\u016fvodem je to, \u017ee disponujeme velk\u00fdm po\u010dtem kvalifikovan\u00fdch a zku\u0161en\u00fdch hacker\u016f, kte\u0159\u00ed jsou schopni pomoci s nejr\u016fzn\u011bj\u0161\u00edmi hackersk\u00fdmi pot\u0159ebami. Krom\u011b toho nab\u00edz\u00edme konkurenceschopn\u00e9 ceny, nep\u0159etr\u017eitou z\u00e1kaznickou podporu a z\u00e1ruku spokojenosti 100%.<\/p>\n<p><span class=\"kY2IgmnCmOGjharHErah\">Konstruktivn\u00ed spolupr\u00e1ce a u\u010den\u00ed se o exploitech, pr\u016fmyslov\u00fdch standardech, \u0161ed\u00e9m a b\u00edl\u00e9m klobouku hackingu, nov\u00fdch technologi\u00edch hackingu hardwaru a softwaru, sd\u00edlen\u00ed n\u00e1pad\u016f a n\u00e1vrh\u016f pro mal\u00e9 firmy a osobn\u00ed bezpe\u010dnost. <\/span><\/p>\n<div data-id=\"45a8c67\" data-element_type=\"widget\" data-widget_type=\"text-editor.default\">\n<div>\n<p><img decoding=\"async\" data-src=\"https:\/\/hireonlinehackers.com\/wp-content\/uploads\/2023\/01\/5-star-300x158.jpg\" alt=\"Slu\u017eby profesion\u00e1ln\u00edho hackera k pron\u00e1jmu\" width=\"36\" height=\"19\" src=\"data:image\/svg+xml;base64,PHN2ZyB3aWR0aD0iMSIgaGVpZ2h0PSIxIiB4bWxucz0iaHR0cDovL3d3dy53My5vcmcvMjAwMC9zdmciPjwvc3ZnPg==\" class=\"lazyload\" style=\"--smush-placeholder-width: 36px; --smush-placeholder-aspect-ratio: 36\/19;\" \/><\/p>\n<\/div>\n<\/div>\n<p><!-- \/wp:paragraph --><!-- wp:heading --><!-- \/wp:paragraph --><\/p>\t\t\t\t\t\t\t\t<\/div>\n\t\t\t\t<\/div>\n\t\t\t\t\t<\/div>\n\t\t<\/div>\n\t\t\t\t\t<\/div>\n\t\t<\/section>\n\t\t\t\t<section class=\"elementor-section elementor-top-section elementor-element elementor-element-da4e662 elementor-section-boxed elementor-section-height-default elementor-section-height-default default-style\" data-id=\"da4e662\" data-element_type=\"section\" data-settings=\"{&quot;rt_color_sets&quot;:&quot;default-style&quot;}\">\n\t\t\t\t\t\t<div class=\"elementor-container elementor-column-gap-default\">\n\t\t\t\t\t<div class=\"elementor-column elementor-col-50 elementor-top-column elementor-element elementor-element-db924fe\" data-id=\"db924fe\" data-element_type=\"column\">\n\t\t\t<div class=\"elementor-widget-wrap elementor-element-populated\">\n\t\t\t\t\t\t<div class=\"elementor-element elementor-element-0485719 elementor-widget elementor-widget-image\" data-id=\"0485719\" data-element_type=\"widget\" data-widget_type=\"image.default\">\n\t\t\t\t<div class=\"elementor-widget-container\">\n\t\t\t\t\t\t\t\t\t\t\t\t\t\t\t<img fetchpriority=\"high\" decoding=\"async\" width=\"768\" height=\"288\" src=\"https:\/\/rentahacker.io\/wp-content\/uploads\/2022\/11\/Buy-Registered-Documents.jpg\" class=\"attachment-large size-large wp-image-4545\" alt=\"Pron\u00e1jem hacker\u016f z temn\u00e9ho webu\" srcset=\"https:\/\/rentahacker.io\/wp-content\/uploads\/2022\/11\/Buy-Registered-Documents.jpg 768w, https:\/\/rentahacker.io\/wp-content\/uploads\/2022\/11\/Buy-Registered-Documents-300x113.jpg 300w, https:\/\/rentahacker.io\/wp-content\/uploads\/2022\/11\/Buy-Registered-Documents-600x225.jpg 600w\" sizes=\"(max-width: 768px) 100vw, 768px\" \/>\t\t\t\t\t\t\t\t\t\t\t\t\t\t\t<\/div>\n\t\t\t\t<\/div>\n\t\t\t\t\t<\/div>\n\t\t<\/div>\n\t\t\t\t<div class=\"elementor-column elementor-col-50 elementor-top-column elementor-element elementor-element-bff131d\" data-id=\"bff131d\" data-element_type=\"column\">\n\t\t\t<div class=\"elementor-widget-wrap elementor-element-populated\">\n\t\t\t\t\t\t<div class=\"elementor-element elementor-element-db6bcbe elementor-widget elementor-widget-heading\" data-id=\"db6bcbe\" data-element_type=\"widget\" data-widget_type=\"heading.default\">\n\t\t\t\t<div class=\"elementor-widget-container\">\n\t\t\t\t\t<h2 class=\"elementor-heading-title elementor-size-default\">Instagram Hackers 15 minut<\/h2>\t\t\t\t<\/div>\n\t\t\t\t<\/div>\n\t\t\t\t\t<\/div>\n\t\t<\/div>\n\t\t\t\t\t<\/div>\n\t\t<\/section>\n\t\t\t\t<\/div>","protected":false},"excerpt":{"rendered":"<p>Pron\u00e1jem Instagram Hacker Na\u0161e profesion\u00e1ln\u00ed hackersk\u00e1 slu\u017eba se specializuje na hackov\u00e1n\u00ed \u00fa\u010dtu Instagram a nab\u00edz\u00ed v\u00e1m mo\u017enost p\u0159\u00edstupu k jak\u00e9mukoli online \u00fa\u010dtu a sledov\u00e1n\u00ed r\u016fzn\u00fdch platforem, jako je WhatsApp, Facebook, Discord, Snapchat a dal\u0161\u00ed. S na\u0161\u00edm softwarov\u00fdm n\u00e1strojem, kter\u00fd je k dispozici pro PC, iPhone a Android, m\u016f\u017eete z\u00edskat p\u0159\u00edstup k funkc\u00edm, jako je \u017eiv\u00e1 poloha GPS, fotoapar\u00e1t, [...]<\/p>","protected":false},"author":1,"featured_media":5029,"parent":0,"menu_order":0,"comment_status":"closed","ping_status":"open","template":"","meta":{"footnotes":""},"class_list":["post-5026","page","type-page","status-publish","has-post-thumbnail","hentry"],"_links":{"self":[{"href":"https:\/\/rentahacker.io\/cs\/wp-json\/wp\/v2\/pages\/5026","targetHints":{"allow":["GET"]}}],"collection":[{"href":"https:\/\/rentahacker.io\/cs\/wp-json\/wp\/v2\/pages"}],"about":[{"href":"https:\/\/rentahacker.io\/cs\/wp-json\/wp\/v2\/types\/page"}],"author":[{"embeddable":true,"href":"https:\/\/rentahacker.io\/cs\/wp-json\/wp\/v2\/users\/1"}],"replies":[{"embeddable":true,"href":"https:\/\/rentahacker.io\/cs\/wp-json\/wp\/v2\/comments?post=5026"}],"version-history":[{"count":16,"href":"https:\/\/rentahacker.io\/cs\/wp-json\/wp\/v2\/pages\/5026\/revisions"}],"predecessor-version":[{"id":5786,"href":"https:\/\/rentahacker.io\/cs\/wp-json\/wp\/v2\/pages\/5026\/revisions\/5786"}],"wp:featuredmedia":[{"embeddable":true,"href":"https:\/\/rentahacker.io\/cs\/wp-json\/wp\/v2\/media\/5029"}],"wp:attachment":[{"href":"https:\/\/rentahacker.io\/cs\/wp-json\/wp\/v2\/media?parent=5026"}],"curies":[{"name":"wp","href":"https:\/\/api.w.org\/{rel}","templated":true}]}}