{"id":4967,"date":"2023-09-10T15:27:23","date_gmt":"2023-09-10T15:27:23","guid":{"rendered":"https:\/\/hireonlinehackers.com\/?page_id=4967"},"modified":"2025-09-27T06:22:03","modified_gmt":"2025-09-27T06:22:03","slug":"hacker-pronajatych-telefonu","status":"publish","type":"page","link":"https:\/\/rentahacker.io\/cs\/hacker-pronajatych-telefonu\/","title":{"rendered":"Telefonn\u00ed hacke\u0159i"},"content":{"rendered":"<div data-elementor-type=\"wp-page\" data-elementor-id=\"4967\" class=\"elementor elementor-4967\">\n\t\t\t\t\t\t<section class=\"elementor-section elementor-top-section elementor-element elementor-element-21ed0537 elementor-section-boxed elementor-section-height-default elementor-section-height-default default-style\" data-id=\"21ed0537\" data-element_type=\"section\" data-settings=\"{&quot;rt_color_sets&quot;:&quot;default-style&quot;}\">\n\t\t\t\t\t\t<div class=\"elementor-container elementor-column-gap-default\">\n\t\t\t\t\t<div class=\"elementor-column elementor-col-100 elementor-top-column elementor-element elementor-element-320524c5\" data-id=\"320524c5\" data-element_type=\"column\">\n\t\t\t<div class=\"elementor-widget-wrap elementor-element-populated\">\n\t\t\t\t\t\t<div class=\"elementor-element elementor-element-15f4f884 elementor-widget elementor-widget-text-editor\" data-id=\"15f4f884\" data-element_type=\"widget\" data-widget_type=\"text-editor.default\">\n\t\t\t\t<div class=\"elementor-widget-container\">\n\t\t\t\t\t\t\t\t\t<h2>Pron\u00e1jem telefonu Hacker<\/h2>\n<p><!-- \/wp:heading --><!-- wp:paragraph --><\/p>\n<div data-id=\"45a8c67\" data-element_type=\"widget\" data-widget_type=\"text-editor.default\">\n<div>\n<div data-id=\"68dc6d6\" data-element_type=\"widget\" data-widget_type=\"text-editor.default\">\n<div>\n<p>P\u016fj\u010dte si Phone Hacker. Slu\u017eba pron\u00e1jmu telefonn\u00edch hacker\u016f poskytuje \u00fapln\u00e9 sledov\u00e1n\u00ed telefonu, kter\u00e9 v\u00e1m umo\u017en\u00ed poslouchat telefonn\u00ed hovory, zobrazit textov\u00e9 zpr\u00e1vy a zpr\u00e1vy iMessage, Whatsapp, Instagram, Snapchat a v\u0161echny ostatn\u00ed slu\u017eby zas\u00edl\u00e1n\u00ed zpr\u00e1v a soci\u00e1ln\u00ed m\u00e9dia, kter\u00e9 jsou ze za\u0159\u00edzen\u00ed pou\u017e\u00edv\u00e1ny. <span contenteditable=\"true\">Slu\u017eba pron\u00e1jmu telefonn\u00edch hacker\u016f.<\/span><\/p>\n<p>\u00a0O na\u0161i slu\u017ebu pron\u00e1jmu telefonn\u00edho hackera m\u016f\u017eete po\u017e\u00e1dat vypln\u011bn\u00edm na\u0161eho kontaktn\u00edho formul\u00e1\u0159e, kter\u00fd je k dispozici v doln\u00ed \u010d\u00e1sti t\u00e9to str\u00e1nky. P\u0159i objedn\u00e1v\u00e1n\u00ed na\u0161\u00ed slu\u017eby telefonn\u00edho hackera k pron\u00e1jmu si m\u016f\u017eete b\u00fdt jisti d\u016fv\u011brnost\u00ed 100%. Va\u0161e komunikace s n\u00e1mi je pln\u011b bezpe\u010dn\u00e1. Nev\u00e1hejte si objednat slu\u017ebu hackov\u00e1n\u00ed telefonu s plnou d\u016fv\u011brou a z\u00edskejte okam\u017eit\u00e9 odpov\u011bdi od na\u0161\u00ed super aktivn\u00ed z\u00e1kaznick\u00e9 podpory.<a href=\"https:\/\/duckduckgo.com\/\" target=\"_blank\" rel=\"noopener\">.<\/a> Najm\u011bte si hackera mobiln\u00edho telefonu.<\/p>\n<h3><span contenteditable=\"true\">Najmut\u00ed hackera na hacknut\u00ed mobiln\u00edho telefonu<\/span><\/h3>\n<p>Najm\u011bte si hackera pro mobiln\u00ed telefon\/mobiln\u00ed telefon pro jak\u00fdkoli v\u00e1\u0161 po\u017eadavek, od sledov\u00e1n\u00ed aktivit va\u0161eho d\u00edt\u011bte a\u017e po zji\u0161t\u011bn\u00ed podez\u0159en\u00ed na podv\u00e1d\u011bn\u00ed man\u017eela\/partnera nebo jin\u00fdch po\u017eadavk\u016f na hackov\u00e1n\u00ed telefonu v z\u00e1vislosti na va\u0161ich okolnostech. <span contenteditable=\"true\">Najm\u011bte si hackera, aby se naboural do mobiln\u00edho telefonu.<\/span><\/p>\n<div data-animation-style=\"fade\" data-animation-repeat=\"\" data-animation-duration=\"1000ms\" data-animation-delay=\"0ms\" data-animation-intensity=\"50%\" data-animation-starting-opacity=\"0%\" data-animation-speed-curve=\"ease-in-out\">\n<div>\n<h1>Hacke\u0159i na d\u00e1lku pro pron\u00e1jem mobiln\u00edch telefon\u016f Online<\/h1>\n<h2>Na webu m\u016f\u017eeme hacknout cokoli<\/h2>\n<\/div>\n<\/div>\n<div>\n<div>\n<p>P\u016fj\u010dte si Phone Hacker. Skupinu Keystroke Group tvo\u0159\u00ed 50 certifikovan\u00fdch etick\u00fdch, \u0161ed\u00fdch a \u010dern\u00fdch klobouk\u016f. <a href=\"https:\/\/rentahacker.io\/cs\/\" target=\"_blank\" rel=\"noopener\">Hacke\u0159i online<\/a>. Na\u0161e skupina se specializuje na hacking mobiln\u00edch telefon\u016f a digit\u00e1ln\u00ed forenzn\u00ed anal\u00fdzu. Nyn\u00ed m\u016f\u017eete z\u00edskat p\u0159\u00edstup k jak\u00fdmkoli dat\u016fm z jak\u00e9hokoli chytr\u00e9ho telefonu pouze pomoc\u00ed \u010d\u00edsla mobiln\u00edho telefonu.<a href=\"https:\/\/www.bing.com\/\" target=\"_blank\" rel=\"noopener\">.<\/a> Rozsah na\u0161\u00ed pr\u00e1ce zahrnuje tak\u00e9 z\u00edsk\u00e1n\u00ed p\u0159\u00edstupu k jak\u00e9mukoli \u00fa\u010dtu na soci\u00e1ln\u00edch s\u00edt\u00edch. \u00da\u010det m\u016f\u017ee b\u00fdt aktivn\u00ed, deaktivovan\u00fd nebo dokonce smazan\u00fd. <span contenteditable=\"true\">Najm\u011bte si hackera, aby se naboural do mobiln\u00edho telefonu.<\/span><\/p>\n<div>\n<h2>Pronajmout Hacker Service Spy na mobiln\u00ed telefon<\/h2>\n<p>V posledn\u00ed dob\u011b do\u0161lo obecn\u011b k velk\u00e9mu technologick\u00e9mu pokroku, zejm\u00e9na pokud jde o technologii sledov\u00e1n\u00ed mobiln\u00edch telefon\u016f. Od v\u00fdvoje \u0161pion\u00e1\u017en\u00edch aplikac\u00ed pro mobiln\u00ed telefony a\u017e po profesion\u00e1ly, kte\u0159\u00ed nab\u00edzej\u00ed sv\u00e9 technick\u00e9 dovednosti a technologick\u00e9 know-how. M\u016f\u017eete si snadno najmout n\u011bkter\u00e9ho z t\u011bchto\u00a0<a href=\"https:\/\/rentahacker.io\/cs\/\" target=\"_blank\" rel=\"noreferrer noopener\">leg\u00e1ln\u00ed a ov\u011b\u0159en\u00ed hacke\u0159i<\/a>\u00a0pro sledov\u00e1n\u00ed mobiln\u00edch telefon\u016f a dal\u0161\u00ed hackersk\u00e9 slu\u017eby, kter\u00e9 by v\u00e1s mohly zaj\u00edmat. <span contenteditable=\"true\">Slu\u017eba pron\u00e1jmu telefonn\u00edch hacker\u016f.<\/span><\/p>\n<p>Mnoho lid\u00ed se z r\u016fzn\u00fdch d\u016fvod\u016f zaj\u00edm\u00e1 o \u0161pehov\u00e1n\u00ed ciz\u00edch mobiln\u00edch telefon\u016f. Ale t\u0159i hlavn\u00ed kategorie lid\u00ed, pro kter\u00e9 je \u0161pion\u00e1\u017en\u00ed technologie mobiln\u00edch telefon\u016f obzvl\u00e1\u0161t\u011b u\u017eite\u010dn\u00e1, jsou tyto: man\u017eelsk\u00e9 p\u00e1ry, kter\u00e9 se sna\u017e\u00ed \u0161pehovat sv\u00e9ho partnera, aby se ujistily, \u017ee jim nen\u00ed nev\u011brn\u00fd, rodi\u010de, kte\u0159\u00ed se sna\u017e\u00ed sledovat sv\u00e9 d\u011bti, a zam\u011bstnavatel\u00e9, kte\u0159\u00ed cht\u011bj\u00ed sledovat sv\u00e9 zam\u011bstnance. <span contenteditable=\"true\">Najm\u011bte si hackera, aby se naboural do mobiln\u00edho telefonu.<\/span><\/p>\n<h2>Najmout hackera pro hackov\u00e1n\u00ed telefonu<\/h2>\n<p>Pokud jde o monitorov\u00e1n\u00ed mobiln\u00edch telefon\u016f, nejlep\u0161\u00edm \u0159e\u0161en\u00edm, kter\u00e9 m\u016f\u017eete naj\u00edt, je najmout si profesion\u00e1ln\u00ed slu\u017ebu pron\u00e1jmu hacker\u016f, kter\u00e9 m\u016f\u017eete d\u016fv\u011b\u0159ovat. Po\u010d\u00edta\u010dov\u00e9 hackov\u00e1n\u00ed a hackov\u00e1n\u00ed chytr\u00fdch telefon\u016f maj\u00ed mnoho spole\u010dn\u00e9ho, a proto lze d\u016fv\u011b\u0159ovat pouze profesion\u00e1ln\u00edmu hackerovi, kter\u00fd v\u00e1m pom\u016f\u017ee z\u00edskat p\u0159\u00edstup k mobiln\u00edmu za\u0159\u00edzen\u00ed za \u00fa\u010delem monitorov\u00e1n\u00ed. <span contenteditable=\"true\">Najm\u011bte si hackera, aby se naboural do mobiln\u00edho telefonu.<\/span><\/p>\n<p>P\u016fj\u010dte si Phone Hacker. Pokud se pokus\u00edte vyhledat na internetu, jak \u0161pehovat mobiln\u00ed telefon, v\u011bt\u0161ina v\u00fdsledk\u016f, kter\u00e9 najdete, jsou \u0161pion\u00e1\u017en\u00ed aplikace. Pravdou v\u0161ak je, \u017ee o \u0161pion\u00e1\u017en\u00edch aplikac\u00edch je obecn\u011b zn\u00e1mo, \u017ee jsou ne\u00fa\u010dinn\u00e9, a bez ohledu na n\u00e1zev \u0161pion\u00e1\u017en\u00ed aplikace funguj\u00ed zpravidla v\u0161echny stejn\u011b. Dal\u0161\u00edm nedostatkem \u0161pion\u00e1\u017en\u00edch aplikac\u00ed je to, \u017ee k jejich pou\u017eit\u00ed pot\u0159ebujete m\u00edt p\u0159\u00edstup k c\u00edlov\u00e9mu za\u0159\u00edzen\u00ed. <span contenteditable=\"true\">Slu\u017eba pron\u00e1jmu telefonn\u00edch hacker\u016f<\/span><\/p>\n<div style=\"width: 310px\" class=\"wp-caption alignnone\"><img decoding=\"async\" data-src=\"https:\/\/hireonlinehackers.com\/wp-content\/uploads\/2023\/09\/Phone-Hackers-For-Hire-Service-300x158.jpg\" alt=\"Pron\u00e1jem telefonu Hacker\" width=\"300\" height=\"158\" src=\"data:image\/svg+xml;base64,PHN2ZyB3aWR0aD0iMSIgaGVpZ2h0PSIxIiB4bWxucz0iaHR0cDovL3d3dy53My5vcmcvMjAwMC9zdmciPjwvc3ZnPg==\" class=\"lazyload\" style=\"--smush-placeholder-width: 300px; --smush-placeholder-aspect-ratio: 300\/158;\" \/><p class=\"wp-caption-text\">Pron\u00e1jem telefonu Hacker<\/p><\/div>\n<h2>\u0158e\u0161en\u00ed pro hacking mobiln\u00edch telefon\u016f<\/h2>\n<p>All Hacker For Hire je pokro\u010dil\u00fd mobiln\u00ed telefon hacking \u0159e\u0161en\u00ed, kter\u00e9 v\u00e1m umo\u017en\u00ed \u0161pehovat na jak\u00e9mkoli mobiln\u00edm telefonu, v\u010detn\u011b iOS telefony a mobiln\u00ed telefony se syst\u00e9mem Android. All Hacker For Hire zahrnuje v\u0161echny nejlep\u0161\u00ed technologie \u0161pion\u00e1\u017ee mobiln\u00edch telefon\u016f do sv\u00e9ho \u0159e\u0161en\u00ed \u0161pion\u00e1\u017ee telefon\u016f a je to jedno z m\u00e1la \u0159e\u0161en\u00ed aplikace pro \u0161pion\u00e1\u017e mobiln\u00edch telefon\u016f, kter\u00e9 umo\u017e\u0148uje nainstalovat a sledovat c\u00edlov\u00fd telefon na d\u00e1lku. P\u016fj\u010dte si Phone Hacker.<\/p>\n<h2>Pro\u010d si lid\u00e9 naj\u00edmaj\u00ed profesion\u00e1ln\u00ed hackery k pron\u00e1jmu<\/h2>\n<p>Lid\u00e9 si naj\u00edmaj\u00ed profesion\u00e1ln\u00ed hackery, kte\u0159\u00ed jim poskytuj\u00ed r\u016fzn\u00e9 hackersk\u00e9 slu\u017eby. V posledn\u00ed \u010d\u00e1sti tohoto \u010dl\u00e1nku se pod\u00edv\u00e1me na n\u011bkter\u00e9 z hlavn\u00edch slu\u017eeb, na kter\u00e9 si lid\u00e9 cht\u011bj\u00ed najmout hackera. Mezi b\u011b\u017en\u00e9 slu\u017eby hacker\u016f k pron\u00e1jmu pat\u0159\u00ed;<\/p>\n<p><strong>Najm\u011bte si hackera, abyste chytili nev\u011brn\u00e9ho man\u017eela:<\/strong>\u00a0V posledn\u00ed dob\u011b se d\u00edky technologick\u00e9mu pokroku zv\u00fd\u0161ila m\u00edra nev\u011bry. Lid\u00e9 se nyn\u00ed mohou snadno zaregistrovat na seznamovac\u00edch str\u00e1nk\u00e1ch, aby hledali a navazovali mimoman\u017eelsk\u00e9 vztahy. Mobiln\u00ed telefony tak\u00e9 lidem usnadnily provozov\u00e1n\u00ed nez\u00e1konn\u00fdch af\u00e9r. Proto se podez\u0159\u00edvav\u00e9 p\u00e1ry obracej\u00ed na hackery, aby jim pomohli naj\u00edt d\u016fkazy o mimoman\u017eelsk\u00fdch af\u00e9r\u00e1ch.<\/p>\n<p><strong>Najm\u011bte si hackera, kter\u00fd hackne mobiln\u00ed telefon:<\/strong>\u00a0Hackov\u00e1n\u00ed mobiln\u00edch telefon\u016f je dal\u0161\u00ed obl\u00edbenou slu\u017ebou, kterou pot\u0159ebuj\u00ed lid\u00e9, kte\u0159\u00ed si cht\u011bj\u00ed najmout hackery. Schopnost \u0161pehovat mobiln\u00ed telefon umo\u017e\u0148uje sledovat v\u0161e v telefonu, nap\u0159\u00edklad polohu gps a ve\u0161kerou komunikaci.<\/p>\n<p><strong>Najm\u011bte si hackera, kter\u00fd se nabour\u00e1 do \u00fa\u010dt\u016f na soci\u00e1ln\u00edch s\u00edt\u00edch:\u00a0<\/strong>Na sv\u011bt\u011b existuj\u00ed v\u00edce ne\u017e 4 miliardy \u00fa\u010dt\u016f na soci\u00e1ln\u00edch s\u00edt\u00edch. Nen\u00ed proto divu, \u017ee hackersk\u00e9 slu\u017eby na soci\u00e1ln\u00edch s\u00edt\u00edch jsou tak\u00e9 velmi \u017e\u00e1dan\u00e9.<\/p>\n<p>Existuj\u00ed i dal\u0161\u00ed hackersk\u00e9 slu\u017eby, kter\u00e9 jsou velmi \u017e\u00e1dan\u00e9, jako nap\u0159\u00edklad - hackov\u00e1n\u00ed webov\u00fdch str\u00e1nek, obnoven\u00ed ztracen\u00fdch, podveden\u00fdch nebo ukraden\u00fdch kryptom\u011bn a finan\u010dn\u00edch prost\u0159edk\u016f, hackov\u00e1n\u00ed nebo obnoven\u00ed hacknut\u00fdch e-mailov\u00fdch \u00fa\u010dt\u016f, hackov\u00e1n\u00ed po\u010d\u00edta\u010dov\u00fdch syst\u00e9m\u016f a dal\u0161\u00ed.<\/p>\n<p>A\u0165 u\u017e je to slu\u017eba, kterou chcete najmout hackera, v\u017edy m\u016f\u017eete d\u016fv\u011b\u0159ovat jednomu z leg\u00e1ln\u00edch hacker\u016f, kte\u0159\u00ed nab\u00edzej\u00ed skute\u010dn\u00fd hacker pro <a href=\"https:\/\/rentahacker.io\/cs\/profesionalni-hackeri-k-pronajmu\/\">pron\u00e1jem slu\u017eby<\/a> na poskytovat nejlep\u0161\u00ed hackersk\u00e9 slu\u017eby k va\u0161\u00ed spokojenosti.<\/p>\n<p>Slu\u017eby telefonn\u00edho hackingu<br \/>Hacke\u0159i soci\u00e1ln\u00edch m\u00e9di\u00ed<br \/>Pron\u00e1jem hacker\u016f soci\u00e1ln\u00edch m\u00e9di\u00ed<br \/>Pron\u00e1jem hackera pro mobiln\u00ed telefon<br \/>Pron\u00e1jem hacker\u016f z temn\u00e9ho webu<br \/>Eti\u010dt\u00ed hacke\u0159i k pron\u00e1jmu<br \/>Najmout n\u011bkoho na hacknut\u00ed telefonu<br \/>Profesion\u00e1ln\u00ed hackersk\u00e9 slu\u017eby<\/p>\n<p>Pron\u00e1jem hackera online<br \/>Profesion\u00e1ln\u00ed hacke\u0159i k pron\u00e1jmu<br \/>Najmout hackera Facebooku<br \/>Pron\u00e1jem telefonn\u00edch hacker\u016f<br \/>Najm\u011bte si hackera levn\u011b<br \/>Pron\u00e1jem hackera<br \/>Pronajmout instagram hacker<br \/>Pron\u00e1jem hacker\u016f Iphone<\/p>\n<p>Po\u010d\u00edta\u010dov\u00ed hacke\u0159i k pron\u00e1jmu<br \/>Kde si mohu najmout hackera<br \/>Kde si najmout hackera<br \/>Nejlep\u0161\u00ed telefonn\u00ed hacke\u0159i k pron\u00e1jmu<br \/>Najm\u011bte si profesion\u00e1ln\u00edho hackera telefonu<\/p>\n<p>Skute\u010dn\u00ed hacke\u0159i k pron\u00e1jmu<br \/>Pot\u0159ebuji hackera, aby mi zm\u011bnil zn\u00e1mky.<br \/>Najmut\u00ed hackera k z\u00edsk\u00e1n\u00ed hesla<br \/>Pron\u00e1jem e-mailov\u00e9ho hackera<br \/>Slu\u017eba hackov\u00e1n\u00ed Whatsapp<br \/>Pronajmout WhatsApp hacker<\/p>\n<\/div>\n<\/div>\n<\/div>\n<\/div>\n<\/div>\n<p><img decoding=\"async\" data-src=\"https:\/\/hireonlinehackers.com\/wp-content\/uploads\/2023\/01\/5-star-300x158.jpg\" alt=\"Slu\u017eby profesion\u00e1ln\u00edho hackera k pron\u00e1jmu\" width=\"36\" height=\"19\" src=\"data:image\/svg+xml;base64,PHN2ZyB3aWR0aD0iMSIgaGVpZ2h0PSIxIiB4bWxucz0iaHR0cDovL3d3dy53My5vcmcvMjAwMC9zdmciPjwvc3ZnPg==\" class=\"lazyload\" style=\"--smush-placeholder-width: 36px; --smush-placeholder-aspect-ratio: 36\/19;\" \/><\/p>\n<\/div>\n<\/div>\n<p><!-- \/wp:paragraph --><!-- wp:heading --><!-- \/wp:paragraph --><\/p>\t\t\t\t\t\t\t\t<\/div>\n\t\t\t\t<\/div>\n\t\t\t\t\t<\/div>\n\t\t<\/div>\n\t\t\t\t\t<\/div>\n\t\t<\/section>\n\t\t\t\t<section class=\"elementor-section elementor-top-section elementor-element elementor-element-da4e662 elementor-section-boxed elementor-section-height-default elementor-section-height-default default-style\" data-id=\"da4e662\" data-element_type=\"section\" data-settings=\"{&quot;rt_color_sets&quot;:&quot;default-style&quot;}\">\n\t\t\t\t\t\t<div class=\"elementor-container elementor-column-gap-default\">\n\t\t\t\t\t<div class=\"elementor-column elementor-col-50 elementor-top-column elementor-element elementor-element-db924fe\" data-id=\"db924fe\" data-element_type=\"column\">\n\t\t\t<div class=\"elementor-widget-wrap elementor-element-populated\">\n\t\t\t\t\t\t<div class=\"elementor-element elementor-element-0485719 elementor-widget elementor-widget-image\" data-id=\"0485719\" data-element_type=\"widget\" data-widget_type=\"image.default\">\n\t\t\t\t<div class=\"elementor-widget-container\">\n\t\t\t\t\t\t\t\t\t\t\t\t\t\t\t<img fetchpriority=\"high\" decoding=\"async\" width=\"768\" height=\"288\" src=\"https:\/\/rentahacker.io\/wp-content\/uploads\/2022\/11\/Buy-Registered-Documents.jpg\" class=\"attachment-large size-large wp-image-4545\" alt=\"Pron\u00e1jem hacker\u016f z temn\u00e9ho webu\" srcset=\"https:\/\/rentahacker.io\/wp-content\/uploads\/2022\/11\/Buy-Registered-Documents.jpg 768w, https:\/\/rentahacker.io\/wp-content\/uploads\/2022\/11\/Buy-Registered-Documents-300x113.jpg 300w, https:\/\/rentahacker.io\/wp-content\/uploads\/2022\/11\/Buy-Registered-Documents-600x225.jpg 600w\" sizes=\"(max-width: 768px) 100vw, 768px\" \/>\t\t\t\t\t\t\t\t\t\t\t\t\t\t\t<\/div>\n\t\t\t\t<\/div>\n\t\t\t\t\t<\/div>\n\t\t<\/div>\n\t\t\t\t<div class=\"elementor-column elementor-col-50 elementor-top-column elementor-element elementor-element-bff131d\" data-id=\"bff131d\" data-element_type=\"column\">\n\t\t\t<div class=\"elementor-widget-wrap elementor-element-populated\">\n\t\t\t\t\t\t<div class=\"elementor-element elementor-element-db6bcbe elementor-widget elementor-widget-heading\" data-id=\"db6bcbe\" data-element_type=\"widget\" data-widget_type=\"heading.default\">\n\t\t\t\t<div class=\"elementor-widget-container\">\n\t\t\t\t\t<h2 class=\"elementor-heading-title elementor-size-default\"><a data-category=\"text-result\" data-action=\"position\" data-label=\"1\/1\" href=\"https:\/\/onionlandsearchengine.net\/r?q=Phone+Hackers+For+Hire+Service&amp;l=eyJpdiI6IlJJUVhvWngwTnZ4dU1Fa24yU2hcL2hBPT0iLCJ2YWx1ZSI6InNYYVhsaG1ZQnV1VnVmZlBlY0h1SXdZT3Nmd1E4NHVCdE1hTmp0NjQ1VjZyTHRPTEFYbzJlU0dta3ZPWkF1T2FNWTZCOW45VG1aQTBuOTRyMm1INVpjSmMyc0N0XC9TOUF2K0xwUVZRK1ZwR0V3eHdzazlXa1hFTFcxQUVKVE90TFRSNk9PS2dkYlwvZitGazliOXd6TytRPT0iLCJtYWMiOiJlNjJjMWU4MDQ5MmM2ODRkMDlhODBmMGM3NWRhZGNhM2VkNTJjMTA2ZDJkYmZhMjVlZmEwNmYzNDMzNzYyMDZkIn0%253D&amp;p=1&amp;u=529556199\" rel=\"nofollow noopener\" target=\"_blank\">Pron\u00e1jem telefonn\u00edho hackera<\/a><\/h2>\t\t\t\t<\/div>\n\t\t\t\t<\/div>\n\t\t\t\t\t<\/div>\n\t\t<\/div>\n\t\t\t\t\t<\/div>\n\t\t<\/section>\n\t\t\t\t<\/div>","protected":false},"excerpt":{"rendered":"<p>P\u016fj\u010dit si Phone Hacker P\u016fj\u010dit si Phone Hacker. Slu\u017eba pron\u00e1jmu telefonn\u00edch hacker\u016f poskytuje \u00fapln\u00e9 sledov\u00e1n\u00ed telefonu, kter\u00e9 v\u00e1m umo\u017en\u00ed poslouchat telefonn\u00ed hovory, zobrazit textov\u00e9 zpr\u00e1vy a zpr\u00e1vy iMessage, Whatsapp, Instagram, Snapchat a v\u0161echny ostatn\u00ed slu\u017eby zas\u00edl\u00e1n\u00ed zpr\u00e1v a soci\u00e1ln\u00ed m\u00e9dia, kter\u00e9 jsou ze za\u0159\u00edzen\u00ed pou\u017e\u00edv\u00e1ny. Slu\u017eba Phone Hackers For Hire.  Na\u0161i telefonn\u00ed hacke\u0159i [...]<\/p>","protected":false},"author":1,"featured_media":4968,"parent":0,"menu_order":0,"comment_status":"closed","ping_status":"open","template":"","meta":{"footnotes":""},"class_list":["post-4967","page","type-page","status-publish","has-post-thumbnail","hentry"],"_links":{"self":[{"href":"https:\/\/rentahacker.io\/cs\/wp-json\/wp\/v2\/pages\/4967","targetHints":{"allow":["GET"]}}],"collection":[{"href":"https:\/\/rentahacker.io\/cs\/wp-json\/wp\/v2\/pages"}],"about":[{"href":"https:\/\/rentahacker.io\/cs\/wp-json\/wp\/v2\/types\/page"}],"author":[{"embeddable":true,"href":"https:\/\/rentahacker.io\/cs\/wp-json\/wp\/v2\/users\/1"}],"replies":[{"embeddable":true,"href":"https:\/\/rentahacker.io\/cs\/wp-json\/wp\/v2\/comments?post=4967"}],"version-history":[{"count":25,"href":"https:\/\/rentahacker.io\/cs\/wp-json\/wp\/v2\/pages\/4967\/revisions"}],"predecessor-version":[{"id":5800,"href":"https:\/\/rentahacker.io\/cs\/wp-json\/wp\/v2\/pages\/4967\/revisions\/5800"}],"wp:featuredmedia":[{"embeddable":true,"href":"https:\/\/rentahacker.io\/cs\/wp-json\/wp\/v2\/media\/4968"}],"wp:attachment":[{"href":"https:\/\/rentahacker.io\/cs\/wp-json\/wp\/v2\/media?parent=4967"}],"curies":[{"name":"wp","href":"https:\/\/api.w.org\/{rel}","templated":true}]}}