{"id":3,"date":"2022-09-30T13:36:44","date_gmt":"2022-09-30T13:36:44","guid":{"rendered":"https:\/\/buylegitpassport.com\/?page_id=3"},"modified":"2025-09-27T06:29:37","modified_gmt":"2025-09-27T06:29:37","slug":"profesionalni-hackeri-k-pronajmu","status":"publish","type":"page","link":"https:\/\/rentahacker.io\/cs\/profesionalni-hackeri-k-pronajmu\/","title":{"rendered":"Z\u00e1sady ochrany osobn\u00edch \u00fadaj\u016f"},"content":{"rendered":"<div data-elementor-type=\"wp-page\" data-elementor-id=\"3\" class=\"elementor elementor-3\">\n\t\t\t\t\t\t<section class=\"elementor-section elementor-top-section elementor-element elementor-element-21ed0537 elementor-section-boxed elementor-section-height-default elementor-section-height-default default-style\" data-id=\"21ed0537\" data-element_type=\"section\" data-settings=\"{&quot;rt_color_sets&quot;:&quot;default-style&quot;}\">\n\t\t\t\t\t\t<div class=\"elementor-container elementor-column-gap-default\">\n\t\t\t\t\t<div class=\"elementor-column elementor-col-100 elementor-top-column elementor-element elementor-element-320524c5\" data-id=\"320524c5\" data-element_type=\"column\">\n\t\t\t<div class=\"elementor-widget-wrap elementor-element-populated\">\n\t\t\t\t\t\t<div class=\"elementor-element elementor-element-15f4f884 elementor-widget elementor-widget-text-editor\" data-id=\"15f4f884\" data-element_type=\"widget\" data-widget_type=\"text-editor.default\">\n\t\t\t\t<div class=\"elementor-widget-container\">\n\t\t\t\t\t\t\t\t\t<h2>Profesion\u00e1ln\u00ed hacke\u0159i k pron\u00e1jmu<\/h2>\n<p><!-- \/wp:heading --><!-- wp:paragraph --><\/p>\n<div data-id=\"45a8c67\" data-element_type=\"widget\" data-widget_type=\"text-editor.default\">\n<div>\n<div data-id=\"68dc6d6\" data-element_type=\"widget\" data-widget_type=\"text-editor.default\">\n<div>\n<div>\n<div>\n<p>\u00a9 <strong>Pron\u00e1jem hackera<\/strong>\u00a0v\u00e1s provede cel\u00fdm procesem vyhled\u00e1v\u00e1n\u00ed, naj\u00edm\u00e1n\u00ed, vysv\u011btlov\u00e1n\u00ed, vyjedn\u00e1v\u00e1n\u00ed a placen\u00ed hacker\u016f z temn\u00e9ho webu a bude na n\u011bj dohl\u00ed\u017eet. Profesion\u00e1ln\u00ed hacke\u0159i k pron\u00e1jmu.<br \/>Proto\u017ee jsme prost\u0159edn\u00edkem, nikdy s hackerem nejedn\u00e1te p\u0159\u00edmo, ani administrativn\u011b, ani finan\u010dn\u011b; neexistuje \u017e\u00e1dn\u00e9 spojen\u00ed, kter\u00e9 by vedlo zp\u011bt k v\u00e1m. Certifikovan\u00ed eti\u010dt\u00ed hacke\u0159i<a href=\"https:\/\/duckduckgo.com\/\" target=\"_blank\" rel=\"noopener\">.<\/a> <span contenteditable=\"true\">Profesion\u00e1ln\u00ed hacke\u0159i k pron\u00e1jmu.<\/span><\/p>\n<h3><span contenteditable=\"true\">Naj\u00edt profesion\u00e1ln\u00ed hackery<\/span><\/h3>\n<p>T\u00edm z\u00edsk\u00e1te vrstvu ochrany, kter\u00e1 v\u00e1s chr\u00e1n\u00ed p\u0159ed org\u00e1ny \u010dinn\u00fdmi v trestn\u00edm \u0159\u00edzen\u00ed, samotn\u00fdm c\u00edlem, a ano, dokonce i p\u0159ed hackerem z temn\u00e9ho webu, kter\u00fd nikdy nezn\u00e1 identitu p\u016fvodn\u00edho z\u00e1kazn\u00edka. Pr\u00e1ce prost\u0159ednictv\u00edm zprost\u0159edkovatele je dnes nejbezpe\u010dn\u011bj\u0161\u00edm zp\u016fsobem, jak si najmout jakoukoli st\u00ednovou pr\u00e1ci. Najm\u011bte si etick\u00e9ho hackera. Pronajm\u011bte si hackera.<\/p>\n<p>M\u016f\u017eete si b\u00fdt jisti, \u017ee jako n\u00e1\u0161 z\u00e1kazn\u00edk budete v\u017edy v naprost\u00e9m bezpe\u010d\u00ed a z\u016fstanete v anonymit\u011b. Uji\u0161\u0165ujeme v\u00e1s, \u017ee pr\u00e1ce bude dokon\u010dena v\u010das a spr\u00e1vn\u011b, finan\u010dn\u00ed prost\u0159edky budou p\u0159evedeny bez probl\u00e9m\u016f a v\u0161e bude provedeno tak, jak bylo p\u016fvodn\u011b dohodnuto. Jak si najmout <a href=\"https:\/\/rentahacker.io\/cs\/\">etick\u00fd hacker<\/a> online. P\u016fj\u010dte si knihu Hacker.<\/p>\n<h3>Konzultace v oblasti pohled\u00e1vek a vym\u00e1h\u00e1n\u00ed majetku<\/h3>\n<p>Na\u0161i odborn\u00edci na obchodn\u00ed spory mohou pomoci jednotlivc\u016fm i podnik\u016fm, kte\u0159\u00ed se domn\u00edvaj\u00ed, \u017ee se stali ob\u011bt\u00ed podvodu, p\u0159i vym\u00e1h\u00e1n\u00ed majetku, o kter\u00fd v d\u016fsledku podvodu p\u0159i\u0161li, a to jak v tuzemsku, tak v zahrani\u010d\u00ed. Zastupujeme tak\u00e9 z\u00e1kazn\u00edky obvin\u011bn\u00e9 z podvodu a zaji\u0161\u0165ujeme ochranu jejich majetku a pr\u00e1v b\u011bhem pr\u00e1vn\u00edho konfliktu. Obra\u0165te se na n\u00e1s pro pomoc s jak\u00fdmkoli prvkem vym\u00e1h\u00e1n\u00ed majetku. Nejlep\u0161\u00ed hacke\u0159i k pron\u00e1jmu v USA.<\/p>\n<h4>Na\u0161e filozofie<\/h4>\n<p>Chr\u00e1n\u00ed v\u00e1s p\u0159ed kybernetick\u00fdmi podvody a finan\u010dn\u00edmi ztr\u00e1tami. Na\u0161i odborn\u00edci na obchodn\u00ed spory mohou pomoci jednotlivc\u016fm i podnik\u016fm, kte\u0159\u00ed se domn\u00edvaj\u00ed, \u017ee se stali ob\u011bt\u00ed podvodu, p\u0159i vym\u00e1h\u00e1n\u00ed majetku ztracen\u00e9ho v d\u016fsledku podvodu, a to jak v tuzemsku, tak v zahrani\u010d\u00ed. <span contenteditable=\"true\">Pron\u00e1jem profesion\u00e1ln\u00edho hackera. P<\/span><span contenteditable=\"true\">rofesion\u00e1ln\u00ed hacke\u0159i k pron\u00e1jmu.<\/span><\/p>\n<div id=\"attachment_5018\" style=\"width: 310px\" class=\"wp-caption aligncenter\"><img fetchpriority=\"high\" decoding=\"async\" aria-describedby=\"caption-attachment-5018\" src=\"https:\/\/hireonlinehackers.com\/wp-content\/uploads\/2023\/09\/traxer-No9sjMu5zpA-unsplash-1-300x200.jpg\" alt=\"Profesion\u00e1ln\u00ed hacke\u0159i k pron\u00e1jmu\" width=\"300\" height=\"200\" \/><p id=\"caption-attachment-5018\" class=\"wp-caption-text\">Profesion\u00e1ln\u00ed hacke\u0159i k pron\u00e1jmu<\/p><\/div>\n<h4>N\u00e1\u0161 c\u00edl?<\/h4>\n<p>Pron\u00e1jem hackera. N\u00e1\u0161 c\u00edl je jednoduch\u00fd: budeme s v\u00e1mi spolupracovat, abychom co nejrychleji z\u00edskali va\u0161e pen\u00edze zp\u011bt, a to pomoc\u00ed pokro\u010dil\u00fdch algoritm\u016f a strategick\u00fdch zp\u016fsob\u016f, kter\u00e9 n\u00e1m pomohou z\u00edskat va\u0161e ztr\u00e1ty zp\u011bt. Zva\u017ete, zda n\u00e1s m\u016f\u017eete kontaktovat je\u0161t\u011b dnes a probrat s n\u00e1mi v\u00e1\u0161 n\u00e1rok. <span contenteditable=\"true\">Profesion\u00e1ln\u00ed hacke\u0159i k pron\u00e1jmu.<\/span><\/p>\n<p>\u00a0<\/p>\n<h3>Profesion\u00e1ln\u00ed hacke\u0159i, kte\u0159\u00ed spolupracuj\u00ed na poskytov\u00e1n\u00ed co nejlep\u0161\u00edch slu\u017eeb na\u0161im klient\u016fm.<\/h3>\n<p>N\u00e1\u0161 t\u00fdm expertn\u00edch hacker\u016f vyu\u017e\u00edv\u00e1 nejmodern\u011bj\u0161\u00ed technologie, aby v\u00e1m poskytl ty nejlep\u0161\u00ed a bezkonkuren\u010dn\u00ed hackersk\u00e9 slu\u017eby. Jako profesion\u00e1ln\u00ed organizace zab\u00fdvaj\u00edc\u00ed se pron\u00e1jmem hacker\u016f poskytujeme sv\u00fdm klient\u016fm nejlep\u0161\u00ed dostupn\u00e9 certifikovan\u00e9 etick\u00e9 hackery, stejn\u011b jako dovednosti a maxim\u00e1ln\u00ed utajen\u00ed a d\u016fv\u011brnost.<br \/>Usilovn\u011b se sna\u017e\u00edme porozum\u011bt va\u0161im pot\u0159eb\u00e1m a vyvinout \u0159e\u0161en\u00ed, kter\u00e1 je spl\u0148uj\u00ed. Abychom mohli vyv\u00edjet nov\u00e9 zp\u016fsoby, jak se dostat do datab\u00e1z\u00ed a s\u00edt\u00ed, pravideln\u011b zdokonalujeme na\u0161e \u00fato\u010dn\u00e9 n\u00e1stroje, strategie a p\u0159\u00edstupy.<\/p>\n<p><img decoding=\"async\" data-src=\"https:\/\/hireonlinehackers.com\/wp-content\/uploads\/2023\/01\/5-star-300x158.jpg\" alt=\"Slu\u017eby profesion\u00e1ln\u00edho hackera k pron\u00e1jmu\" width=\"66\" height=\"35\" src=\"data:image\/svg+xml;base64,PHN2ZyB3aWR0aD0iMSIgaGVpZ2h0PSIxIiB4bWxucz0iaHR0cDovL3d3dy53My5vcmcvMjAwMC9zdmciPjwvc3ZnPg==\" class=\"lazyload\" style=\"--smush-placeholder-width: 66px; --smush-placeholder-aspect-ratio: 66\/35;\" \/><\/p>\n<h3>Najm\u011bte si profesion\u00e1ln\u00edho hackera<\/h3>\n<p>Najm\u011bte si hackera s kybernetick\u00fdm \u0161pionem Hacking Services, co\u017e je nejlep\u0161\u00ed \u0159e\u0161en\u00ed pro mobiln\u00ed \u0161pion\u00e1\u017en\u00ed slu\u017eby a zabezpe\u010den\u00ed internetu. V\u00e1\u0161 p\u0159\u00edstup bude bezpe\u010dn\u00fd a anonymn\u00ed se slu\u017ebou hire a hacker. Pron\u00e1jem hackera.<\/p>\n<p>S nejlep\u0161\u00edmi profesion\u00e1ln\u00edmi hackery, poskytujeme nejlep\u0161\u00ed telefon \u0161pion\u00e1\u017en\u00ed slu\u017eby. Na\u0161i profesion\u00e1ln\u00ed hacke\u0159i jsou vy\u0161koleni vysoce profesion\u00e1ln\u00edmi star\u0161\u00edmi hackery, kte\u0159\u00ed maj\u00ed velmi vysokou etickou \u00farove\u0148.<\/p>\n<p>V\u0161ichni telefonn\u00ed hacke\u0159i jsou specialist\u00e9 a maj\u00ed rozs\u00e1hl\u00e9 praktick\u00e9 zku\u0161enosti s pokro\u010dil\u00fdmi \u0161kolen\u00edmi.<br \/>Nev\u00e1hejte si pronajmout hackera. <span contenteditable=\"true\">P<\/span><span contenteditable=\"true\">rofesion\u00e1ln\u00ed hacke\u0159i k pron\u00e1jmu.<\/span><\/p>\n<p>V\u00edce ne\u017e milion rodi\u010d\u016f a lid\u00ed si naj\u00edm\u00e1 hackery na ochranu sv\u00fdch vztah\u016f. M\u016f\u017eete sledovat polohu, hovory, zpr\u00e1vy, protokoly, keylogger, soci\u00e1ln\u00ed s\u00edt\u011b a mnoho dal\u0161\u00edho. Je zalo\u017een na webu a 100% bezpe\u010dn\u00fd a zabezpe\u010den\u00fd. Hackov\u00e1n\u00ed je nez\u00e1konn\u00e9. Etick\u00e9 hackov\u00e1n\u00ed je v\u0161ak akceptov\u00e1no. V dne\u0161n\u00ed dob\u011b je zapot\u0159eb\u00ed bezpe\u010dnost a zabezpe\u010den\u00ed proti kybernetick\u00fdm \u00fatok\u016fm, tak\u017ee zde jsme k dispozici pro \u0159e\u0161en\u00ed va\u0161ich probl\u00e9m\u016f se skute\u010dn\u00fdmi hackery.<\/p>\n<h4>Pron\u00e1jem Hacker pro telefon Spy Services<\/h4>\n<p>Jsme t\u00fdm nejprofesion\u00e1ln\u011bj\u0161\u00edch etick\u00fdch hacker\u016f, kte\u0159\u00ed v\u00e1m poskytnou nejlep\u0161\u00ed slu\u017eby v oblasti hackov\u00e1n\u00ed telefon\u016f. Jedna z nejt\u011b\u017e\u0161\u00edch situac\u00ed v \u017eivot\u011b nast\u00e1v\u00e1, kdy\u017e n\u011bkdo poru\u0161\u00ed d\u016fv\u011bru.  Kdy\u017e v\u00e1s partner b\u011bhem obdob\u00ed vztahu podv\u00e1d\u00ed, je t\u011b\u017ek\u00e9 v n\u011bm pokra\u010dovat. Nejlep\u0161\u00ed hacke\u0159i k pron\u00e1jmu na internetu. <span contenteditable=\"true\">P<\/span><span contenteditable=\"true\">rofesion\u00e1ln\u00ed hacke\u0159i k pron\u00e1jmu.<\/span><\/p>\n<h4>Pron\u00e1jem profesion\u00e1ln\u00edho hackera<\/h4>\n<p>P\u0159ich\u00e1z\u00edme s na\u0161\u00ed slu\u017ebou telefonn\u00ed \u0161pion\u00e1\u017ee. M\u016f\u017eete si snadno najmout hackera a sledovat aktivity sv\u00e9ho partnera. D\u00edky tomu m\u016f\u017eete shrom\u00e1\u017edit dostatek d\u016fkaz\u016f, abyste mohli takovou situaci ozn\u00e1mit p\u0159\u00e1tel\u016fm, rodinn\u00fdm p\u0159\u00edslu\u0161n\u00edk\u016fm nebo pro zm\u011bnu soudu. V\u017edy v\u011b\u0159\u00edme v transparentnost, proto jsou v\u0161echny na\u0161e slu\u017eby poskytov\u00e1ny se z\u00e1rukou vr\u00e1cen\u00ed pen\u011bz. Kdykoli, pokud v\u00e1m slu\u017eba nebude poskytnuta, vr\u00e1t\u00edme v\u00e1m celou platbu. T\u00edm se buduje n\u00e1\u0161 dlouhodob\u00fd vztah.<\/p>\n<h3>Slu\u017eby profesion\u00e1ln\u00edho hackera k pron\u00e1jmu<\/h3>\n<div><a href=\"https:\/\/rentahacker.io\/cs\/\">Pron\u00e1jem hackera<\/a> je p\u0159edn\u00ed organizace Hire Ethical Hackers s nejlep\u0161\u00edm zku\u0161en\u00fdch hacker\u016f. Jsme dob\u0159e vy\u0161kolen\u00ed, certifikovan\u00ed a zku\u0161en\u00ed hacke\u0159i! Jsme zp\u016fsobil\u00ed splnit na\u0161e z\u00e1ruky a poskytovat nejlep\u0161\u00ed slu\u017eby v oblasti pron\u00e1jmu hacker\u016f! <br \/>Nab\u00edz\u00edme nejlep\u0161\u00ed proficientn\u00ed Hacker pron\u00e1jem. Je to snadn\u00e9 pro etick\u00e9 hackersk\u00e9 slu\u017eby.  Nezapome\u0148te, \u017ee v \u017e\u00e1dosti o slu\u017ebu pron\u00e1jmu hacker\u016f nen\u00ed \u017e\u00e1dn\u00e1 neplecha! Pokud pot\u0159ebujete n\u011b\u010deho dos\u00e1hnout, m\u011bli byste vystoupit a po\u017e\u00e1dat o to...<\/div>\n<div>\n<h3>\u00a0<\/h3>\n<\/div>\n<div>\n<h3>Nejlep\u0161\u00ed hacke\u0159i k pron\u00e1jmu<\/h3>\n<p>Tich\u00ed infiltr\u00e1to\u0159i jsou profesion\u00e1ln\u00ed hacke\u0159i, kte\u0159\u00ed jsou neust\u00e1le p\u0159ipraveni v\u00e1m kdykoli poslou\u017eit. Jsme nejv\u00edce lid\u00ed d\u016fv\u011bryhodn\u00fd telefon \u0161pion\u00e1\u017en\u00ed pro pron\u00e1jem vykreslov\u00e1n\u00ed proficient hacker pron\u00e1jem slu\u017eeb. Jako hlavn\u00ed organizace Ethical Hacker for Hire na cel\u00e9m sv\u011bt\u011b poskytujeme vynikaj\u00edc\u00ed schopnost z\u00edskat jak\u00e9koli informace na internetu. Penetra\u010dn\u00ed testov\u00e1n\u00ed a monitorovac\u00ed slu\u017eby pro etick\u00e9 hackersk\u00e9 slu\u017eby. <span contenteditable=\"true\">P<\/span><span contenteditable=\"true\">rofesion\u00e1ln\u00ed hacke\u0159i k pron\u00e1jmu.<\/span><\/p>\n<p>M\u00e1me odbornou celosv\u011btovou skupinu certifikovan\u00fdch hacker\u016f, kte\u0159\u00ed jsou specialisty v mimo\u0159\u00e1dn\u00fdch hackersk\u00fdch oborech. Nepochybn\u011b m\u016f\u017eete etick\u00e9 hackov\u00e1n\u00ed online t\u00edm, \u017ee se s n\u00e1mi spoj\u00edte a profesion\u00e1ln\u00ed hacker z na\u0161eho kvalifikovan\u00e9ho a vy\u0161kolen\u00e9ho t\u00fdmu hacker\u016f bude p\u0159id\u011blen, aby va\u0161i pr\u00e1ci v kr\u00e1tk\u00e9 dob\u011b dokon\u010dil.<\/p>\n<p>\u0160pi\u010dkov\u00e9 schopnosti nabourat se do v\u0161ech po\u010d\u00edta\u010d\u016f, hacknout univerzitn\u00ed zn\u00e1mky. <span contenteditable=\"true\">Najm\u011bte si profesion\u00e1ln\u00edho hackera.<\/span><\/p>\n<h4>Jak si najmout hackera z temn\u00e9ho webu?<\/h4>\n<p>N\u00e1\u0161 odborn\u00edk na kybernetickou bezpe\u010dnost v\u00e1m m\u016f\u017ee poskytnout slu\u017eby etick\u00e9ho hackingu a temn\u00e9ho webu.<a href=\"https:\/\/www.bing.com\/\" target=\"_blank\" rel=\"noopener\">,<\/a> a \u0161ed\u00fdch hacker\u016f, kter\u00e9 si m\u016f\u017eete snadno najmout. <span contenteditable=\"true\">P<\/span><span contenteditable=\"true\">rofesion\u00e1ln\u00ed hacke\u0159i k pron\u00e1jmu.<\/span><\/p>\n<p>Pokud si chcete najmout odborn\u00edka na hackersk\u00e9 \u00fatoky v \u0161ed\u00e9m klobouku. M\u016f\u017eete naj\u00edt spolehliv\u00e9ho pro sv\u00e9 hackersk\u00e9 pot\u0159eby, nejprve byste si m\u011bli uv\u011bdomit, kde hledat a naj\u00edt certifikovan\u00e9ho etick\u00e9ho hackera.<\/p>\n<p>Existuje mnoho hackersk\u00fdch organizac\u00ed, kter\u00e9 neinvestuj\u00ed energii nav\u00edc, kterou by m\u011bly najmout hackera v m\u00e9m okol\u00ed, aby splnily o\u010dek\u00e1v\u00e1n\u00ed z\u00e1kazn\u00edk\u016f. <span contenteditable=\"true\">Najm\u011bte si profesion\u00e1ln\u00edho hackera.<\/span><\/p>\n<p>N\u011bkte\u0159\u00ed jedinci si mysl\u00ed, \u017ee si mohou najmout hackera ve sv\u00e9m okol\u00ed zdarma, a to prost\u0159ednictv\u00edm soukrom\u00e9ho agenta. To se nedoporu\u010duje, proto\u017ee poplatky jsou galaktick\u00e9 a lze je odklonit, pokud to ud\u011bl\u00e1 geni\u00e1ln\u00ed jedinec.<\/p>\n<\/div>\n<\/div>\n<\/div>\n<\/div>\n<\/div>\n<p><img decoding=\"async\" data-src=\"https:\/\/hireonlinehackers.com\/wp-content\/uploads\/2023\/01\/5-star-300x158.jpg\" alt=\"Slu\u017eby profesion\u00e1ln\u00edho hackera k pron\u00e1jmu\" width=\"36\" height=\"19\" src=\"data:image\/svg+xml;base64,PHN2ZyB3aWR0aD0iMSIgaGVpZ2h0PSIxIiB4bWxucz0iaHR0cDovL3d3dy53My5vcmcvMjAwMC9zdmciPjwvc3ZnPg==\" class=\"lazyload\" style=\"--smush-placeholder-width: 36px; --smush-placeholder-aspect-ratio: 36\/19;\" \/><\/p>\n<\/div>\n<\/div>\n<p><!-- \/wp:paragraph --><!-- wp:heading --><!-- \/wp:paragraph --><\/p>\t\t\t\t\t\t\t\t<\/div>\n\t\t\t\t<\/div>\n\t\t\t\t\t<\/div>\n\t\t<\/div>\n\t\t\t\t\t<\/div>\n\t\t<\/section>\n\t\t\t\t<section class=\"elementor-section elementor-top-section elementor-element elementor-element-da4e662 elementor-section-boxed elementor-section-height-default elementor-section-height-default default-style\" data-id=\"da4e662\" data-element_type=\"section\" data-settings=\"{&quot;rt_color_sets&quot;:&quot;default-style&quot;}\">\n\t\t\t\t\t\t<div class=\"elementor-container elementor-column-gap-default\">\n\t\t\t\t\t<div class=\"elementor-column elementor-col-50 elementor-top-column elementor-element elementor-element-db924fe\" data-id=\"db924fe\" data-element_type=\"column\">\n\t\t\t<div class=\"elementor-widget-wrap elementor-element-populated\">\n\t\t\t\t\t\t<div class=\"elementor-element elementor-element-0485719 elementor-widget elementor-widget-image\" data-id=\"0485719\" data-element_type=\"widget\" data-widget_type=\"image.default\">\n\t\t\t\t<div class=\"elementor-widget-container\">\n\t\t\t\t\t\t\t\t\t\t\t\t\t\t\t<img decoding=\"async\" width=\"768\" height=\"288\" data-src=\"https:\/\/rentahacker.io\/wp-content\/uploads\/2022\/11\/Buy-Registered-Documents.jpg\" class=\"attachment-large size-large wp-image-4545 lazyload\" alt=\"Pron\u00e1jem hacker\u016f z temn\u00e9ho webu\" data-srcset=\"https:\/\/rentahacker.io\/wp-content\/uploads\/2022\/11\/Buy-Registered-Documents.jpg 768w, https:\/\/rentahacker.io\/wp-content\/uploads\/2022\/11\/Buy-Registered-Documents-300x113.jpg 300w, https:\/\/rentahacker.io\/wp-content\/uploads\/2022\/11\/Buy-Registered-Documents-600x225.jpg 600w\" data-sizes=\"(max-width: 768px) 100vw, 768px\" src=\"data:image\/svg+xml;base64,PHN2ZyB3aWR0aD0iMSIgaGVpZ2h0PSIxIiB4bWxucz0iaHR0cDovL3d3dy53My5vcmcvMjAwMC9zdmciPjwvc3ZnPg==\" style=\"--smush-placeholder-width: 768px; --smush-placeholder-aspect-ratio: 768\/288;\" \/>\t\t\t\t\t\t\t\t\t\t\t\t\t\t\t<\/div>\n\t\t\t\t<\/div>\n\t\t\t\t\t<\/div>\n\t\t<\/div>\n\t\t\t\t<div class=\"elementor-column elementor-col-50 elementor-top-column elementor-element elementor-element-bff131d\" data-id=\"bff131d\" data-element_type=\"column\">\n\t\t\t<div class=\"elementor-widget-wrap elementor-element-populated\">\n\t\t\t\t\t\t<div class=\"elementor-element elementor-element-db6bcbe elementor-widget elementor-widget-heading\" data-id=\"db6bcbe\" data-element_type=\"widget\" data-widget_type=\"heading.default\">\n\t\t\t\t<div class=\"elementor-widget-container\">\n\t\t\t\t\t<h2 class=\"elementor-heading-title elementor-size-default\"><span class=\"tagify__tag-text\">Pron\u00e1jem hacker\u016f z temn\u00e9ho webu<\/span><\/h2>\t\t\t\t<\/div>\n\t\t\t\t<\/div>\n\t\t\t\t\t<\/div>\n\t\t<\/div>\n\t\t\t\t\t<\/div>\n\t\t<\/section>\n\t\t\t\t<\/div>","protected":false},"excerpt":{"rendered":"<p>Slu\u017eby Professional Hackers For Hire \u00a9 Rent A Hacker v\u00e1s provedou cel\u00fdm procesem vyhled\u00e1v\u00e1n\u00ed, naj\u00edm\u00e1n\u00ed, vysv\u011btlov\u00e1n\u00ed, vyjedn\u00e1v\u00e1n\u00ed a placen\u00ed hacker\u016f z temn\u00e9ho webu a dohl\u00e9dnou na n\u011bj. Profesion\u00e1ln\u00ed hacke\u0159i k pron\u00e1jmu: Proto\u017ee jsme prost\u0159edn\u00edkem, nikdy nep\u0159ijdete do p\u0159\u00edm\u00e9ho styku s hackerem, ani administrativn\u011b, ani finan\u010dn\u011b; neexistuje \u017e\u00e1dn\u00e1 vazba, kter\u00e1 by vedla zp\u011bt k v\u00e1m. Certifikovan\u00e9 [...]<\/p>","protected":false},"author":1,"featured_media":4993,"parent":0,"menu_order":0,"comment_status":"closed","ping_status":"open","template":"","meta":{"footnotes":""},"class_list":["post-3","page","type-page","status-publish","has-post-thumbnail","hentry"],"_links":{"self":[{"href":"https:\/\/rentahacker.io\/cs\/wp-json\/wp\/v2\/pages\/3","targetHints":{"allow":["GET"]}}],"collection":[{"href":"https:\/\/rentahacker.io\/cs\/wp-json\/wp\/v2\/pages"}],"about":[{"href":"https:\/\/rentahacker.io\/cs\/wp-json\/wp\/v2\/types\/page"}],"author":[{"embeddable":true,"href":"https:\/\/rentahacker.io\/cs\/wp-json\/wp\/v2\/users\/1"}],"replies":[{"embeddable":true,"href":"https:\/\/rentahacker.io\/cs\/wp-json\/wp\/v2\/comments?post=3"}],"version-history":[{"count":61,"href":"https:\/\/rentahacker.io\/cs\/wp-json\/wp\/v2\/pages\/3\/revisions"}],"predecessor-version":[{"id":5807,"href":"https:\/\/rentahacker.io\/cs\/wp-json\/wp\/v2\/pages\/3\/revisions\/5807"}],"wp:featuredmedia":[{"embeddable":true,"href":"https:\/\/rentahacker.io\/cs\/wp-json\/wp\/v2\/media\/4993"}],"wp:attachment":[{"href":"https:\/\/rentahacker.io\/cs\/wp-json\/wp\/v2\/media?parent=3"}],"curies":[{"name":"wp","href":"https:\/\/api.w.org\/{rel}","templated":true}]}}